{"id":46197,"date":"2026-02-14T14:45:58","date_gmt":"2026-02-14T14:45:58","guid":{"rendered":"https:\/\/anadolupet.com.tr\/urun\/tetra-air-silent-sessiz-hava-motoru-maxi\/"},"modified":"2026-02-23T16:49:09","modified_gmt":"2026-02-23T16:49:09","slug":"tetra-air-silent-sessiz-hava-motoru-maxi","status":"publish","type":"product","link":"https:\/\/anadolupet.com.tr\/en\/urun\/tetra-air-silent-sessiz-hava-motoru-maxi\/","title":{"rendered":"Tetra Air Silent Sessiz Hava Motoru &#8211; Maxi"},"content":{"rendered":"","protected":false},"excerpt":{"rendered":"<p>Tetra AirSilent, akvaryumlar i\u00e7in son derece sessiz (f\u0131s\u0131lt\u0131 kadar) \u00e7al\u0131\u015fan yenilik\u00e7i bir hava pompas\u0131d\u0131r. Piezolektrik teknoloji sayesinde d\u00fc\u015f\u00fck enerji t\u00fcketimi ile \u00e7al\u0131\u015f\u0131r ve membran de\u011fi\u015fimine ihtiya\u00e7 duymaz. Kompakt tasar\u0131m\u0131 ve vantuz ile kolay montaj \u00f6zelli\u011fi sayesinde akvaryum i\u00e7inde pratik kullan\u0131m sa\u011flar.<br \/>\nSet i\u00e7erisinde hava muslu\u011fu, hava ta\u015f\u0131 ve hortum bulunur; b\u00f6ylece eksiksiz bir kurulum imk\u00e2n\u0131 sunar. Dayan\u0131kl\u0131 yap\u0131s\u0131 ile uzun \u00f6m\u00fcrl\u00fc kullan\u0131m sa\u011flar ve 2 y\u0131l garanti ile g\u00fcvence alt\u0131ndad\u0131r.<br \/>\n\u00d6ne \u00c7\u0131kan \u00d6zellikler<br \/>\nUltra Sessiz \u00c7al\u0131\u015fma: F\u0131s\u0131lt\u0131 kadar sessiz performans.<br \/>\nD\u00fc\u015f\u00fck Enerji T\u00fcketimi: Piezolektrik teknoloji ile verimli kullan\u0131m, membran de\u011fi\u015fimi gerekmez.<br \/>\nTam Set: Hava muslu\u011fu, hava ta\u015f\u0131 ve hortum dahildir.<br \/>\nKolay Montaj: Vantuz ile pratik \u015fekilde sabitlenir.<br \/>\nKompakt Tasar\u0131m: Akvaryum i\u00e7inde kolayca gizlenebilir.<\/p>","protected":false},"featured_media":47229,"comment_status":"open","ping_status":"closed","template":"","meta":{"_acf_changed":false},"product_brand":[],"product_cat":[2414],"product_tag":[],"class_list":{"0":"post-46197","1":"product","2":"type-product","3":"status-publish","4":"has-post-thumbnail","6":"product_cat-tablet-yemler","8":"first","9":"instock","10":"shipping-taxable","11":"product-type-simple"},"acf":[],"yoast_head":"<!-- This site is optimized with the Yoast SEO plugin v27.5 - https:\/\/yoast.com\/product\/yoast-seo-wordpress\/ -->\n<title>Tetra Air Silent Sessiz Hava Motoru - Maxi - Anadolu Pet Grup<\/title>\n<meta name=\"robots\" content=\"index, follow, max-snippet:-1, max-image-preview:large, max-video-preview:-1\" \/>\n<link rel=\"canonical\" href=\"https:\/\/anadolupet.com.tr\/en\/product\/tetra-air-silent-sessiz-hava-motoru-maxi\/\" \/>\n<meta property=\"og:locale\" content=\"en_US\" \/>\n<meta property=\"og:type\" content=\"article\" \/>\n<meta property=\"og:title\" content=\"Tetra Air Silent Sessiz Hava Motoru - Maxi - Anadolu Pet Grup\" \/>\n<meta property=\"og:description\" content=\"Tetra AirSilent, akvaryumlar i\u00e7in son derece sessiz (f\u0131s\u0131lt\u0131 kadar) \u00e7al\u0131\u015fan yenilik\u00e7i bir hava pompas\u0131d\u0131r. Piezolektrik teknoloji sayesinde d\u00fc\u015f\u00fck enerji t\u00fcketimi ile \u00e7al\u0131\u015f\u0131r ve membran de\u011fi\u015fimine ihtiya\u00e7 duymaz. Kompakt tasar\u0131m\u0131 ve vantuz ile kolay montaj \u00f6zelli\u011fi sayesinde akvaryum i\u00e7inde pratik kullan\u0131m sa\u011flar. Set i\u00e7erisinde hava muslu\u011fu, hava ta\u015f\u0131 ve hortum bulunur; b\u00f6ylece eksiksiz bir kurulum imk\u00e2n\u0131 sunar. Dayan\u0131kl\u0131 yap\u0131s\u0131 ile uzun \u00f6m\u00fcrl\u00fc kullan\u0131m sa\u011flar ve 2 y\u0131l garanti ile g\u00fcvence alt\u0131ndad\u0131r. \u00d6ne \u00c7\u0131kan \u00d6zellikler Ultra Sessiz \u00c7al\u0131\u015fma: F\u0131s\u0131lt\u0131 kadar sessiz performans. D\u00fc\u015f\u00fck Enerji T\u00fcketimi: Piezolektrik teknoloji ile verimli kullan\u0131m, membran de\u011fi\u015fimi gerekmez. Tam Set: Hava muslu\u011fu, hava ta\u015f\u0131 ve hortum dahildir. Kolay Montaj: Vantuz ile pratik \u015fekilde sabitlenir. Kompakt Tasar\u0131m: Akvaryum i\u00e7inde kolayca gizlenebilir.\" \/>\n<meta property=\"og:url\" content=\"https:\/\/anadolupet.com.tr\/en\/product\/tetra-air-silent-sessiz-hava-motoru-maxi\/\" \/>\n<meta property=\"og:site_name\" content=\"Anadolu Pet Grup\" \/>\n<meta property=\"article:modified_time\" content=\"2026-02-23T16:49:09+00:00\" \/>\n<meta property=\"og:image\" content=\"https:\/\/anadolupet.com.tr\/wp-content\/uploads\/2026\/02\/402-711730.jpg\" \/>\n\t<meta property=\"og:image:width\" content=\"750\" \/>\n\t<meta property=\"og:image:height\" content=\"750\" \/>\n\t<meta property=\"og:image:type\" content=\"image\/jpeg\" \/>\n<meta name=\"twitter:card\" content=\"summary_large_image\" \/>\n<script type=\"application\/ld+json\" class=\"yoast-schema-graph\">{\"@context\":\"https:\\\/\\\/schema.org\",\"@graph\":[{\"@type\":\"WebPage\",\"@id\":\"https:\\\/\\\/anadolupet.com.tr\\\/urun\\\/tetra-air-silent-sessiz-hava-motoru-maxi\\\/\",\"url\":\"https:\\\/\\\/anadolupet.com.tr\\\/urun\\\/tetra-air-silent-sessiz-hava-motoru-maxi\\\/\",\"name\":\"Tetra Air Silent Sessiz Hava Motoru - Maxi - Anadolu Pet Grup\",\"isPartOf\":{\"@id\":\"https:\\\/\\\/anadolupet.com.tr\\\/#website\"},\"primaryImageOfPage\":{\"@id\":\"https:\\\/\\\/anadolupet.com.tr\\\/urun\\\/tetra-air-silent-sessiz-hava-motoru-maxi\\\/#primaryimage\"},\"image\":{\"@id\":\"https:\\\/\\\/anadolupet.com.tr\\\/urun\\\/tetra-air-silent-sessiz-hava-motoru-maxi\\\/#primaryimage\"},\"thumbnailUrl\":\"https:\\\/\\\/anadolupet.com.tr\\\/wp-content\\\/uploads\\\/2026\\\/02\\\/402-711730.jpg\",\"datePublished\":\"2026-02-14T14:45:58+00:00\",\"dateModified\":\"2026-02-23T16:49:09+00:00\",\"breadcrumb\":{\"@id\":\"https:\\\/\\\/anadolupet.com.tr\\\/urun\\\/tetra-air-silent-sessiz-hava-motoru-maxi\\\/#breadcrumb\"},\"inLanguage\":\"en-US\",\"potentialAction\":[{\"@type\":\"ReadAction\",\"target\":[\"https:\\\/\\\/anadolupet.com.tr\\\/urun\\\/tetra-air-silent-sessiz-hava-motoru-maxi\\\/\"]}]},{\"@type\":\"ImageObject\",\"inLanguage\":\"en-US\",\"@id\":\"https:\\\/\\\/anadolupet.com.tr\\\/urun\\\/tetra-air-silent-sessiz-hava-motoru-maxi\\\/#primaryimage\",\"url\":\"https:\\\/\\\/anadolupet.com.tr\\\/wp-content\\\/uploads\\\/2026\\\/02\\\/402-711730.jpg\",\"contentUrl\":\"https:\\\/\\\/anadolupet.com.tr\\\/wp-content\\\/uploads\\\/2026\\\/02\\\/402-711730.jpg\",\"width\":750,\"height\":750},{\"@type\":\"BreadcrumbList\",\"@id\":\"https:\\\/\\\/anadolupet.com.tr\\\/urun\\\/tetra-air-silent-sessiz-hava-motoru-maxi\\\/#breadcrumb\",\"itemListElement\":[{\"@type\":\"ListItem\",\"position\":1,\"name\":\"Anasayfa\",\"item\":\"https:\\\/\\\/anadolupet.com.tr\\\/\"},{\"@type\":\"ListItem\",\"position\":2,\"name\":\"\u00dcr\u00fcnler\",\"item\":\"https:\\\/\\\/anadolupet.com.tr\\\/urunler\\\/\"},{\"@type\":\"ListItem\",\"position\":3,\"name\":\"Tetra Air Silent Sessiz Hava Motoru &#8211; Maxi\"}]},{\"@type\":\"WebSite\",\"@id\":\"https:\\\/\\\/anadolupet.com.tr\\\/#website\",\"url\":\"https:\\\/\\\/anadolupet.com.tr\\\/\",\"name\":\"Anadolu Pet Grup\",\"description\":\"Her Can\u0131n \u0130yi Ya\u015fam\u0131 \u0130\u00e7in Biraraday\u0131z\",\"publisher\":{\"@id\":\"https:\\\/\\\/anadolupet.com.tr\\\/#organization\"},\"potentialAction\":[{\"@type\":\"SearchAction\",\"target\":{\"@type\":\"EntryPoint\",\"urlTemplate\":\"https:\\\/\\\/anadolupet.com.tr\\\/?s={search_term_string}\"},\"query-input\":{\"@type\":\"PropertyValueSpecification\",\"valueRequired\":true,\"valueName\":\"search_term_string\"}}],\"inLanguage\":\"en-US\"},{\"@type\":\"Organization\",\"@id\":\"https:\\\/\\\/anadolupet.com.tr\\\/#organization\",\"name\":\"Anadolu Pet Grup\",\"alternateName\":\"Anadolu Pet\",\"url\":\"https:\\\/\\\/anadolupet.com.tr\\\/\",\"logo\":{\"@type\":\"ImageObject\",\"inLanguage\":\"en-US\",\"@id\":\"https:\\\/\\\/anadolupet.com.tr\\\/#\\\/schema\\\/logo\\\/image\\\/\",\"url\":\"https:\\\/\\\/anadolupet.com.tr\\\/wp-content\\\/uploads\\\/2026\\\/03\\\/1614666743370.jpg\",\"contentUrl\":\"https:\\\/\\\/anadolupet.com.tr\\\/wp-content\\\/uploads\\\/2026\\\/03\\\/1614666743370.jpg\",\"width\":800,\"height\":571,\"caption\":\"Anadolu Pet Grup\"},\"image\":{\"@id\":\"https:\\\/\\\/anadolupet.com.tr\\\/#\\\/schema\\\/logo\\\/image\\\/\"}}]}<\/script>\n<!-- \/ Yoast SEO plugin. -->","yoast_head_json":{"title":"Tetra Air Silent Sessiz Hava Motoru - Maxi - Anadolu Pet Grup","robots":{"index":"index","follow":"follow","max-snippet":"max-snippet:-1","max-image-preview":"max-image-preview:large","max-video-preview":"max-video-preview:-1"},"canonical":"https:\/\/anadolupet.com.tr\/en\/product\/tetra-air-silent-sessiz-hava-motoru-maxi\/","og_locale":"en_US","og_type":"article","og_title":"Tetra Air Silent Sessiz Hava Motoru - Maxi - Anadolu Pet Grup","og_description":"Tetra AirSilent, akvaryumlar i\u00e7in son derece sessiz (f\u0131s\u0131lt\u0131 kadar) \u00e7al\u0131\u015fan yenilik\u00e7i bir hava pompas\u0131d\u0131r. Piezolektrik teknoloji sayesinde d\u00fc\u015f\u00fck enerji t\u00fcketimi ile \u00e7al\u0131\u015f\u0131r ve membran de\u011fi\u015fimine ihtiya\u00e7 duymaz. Kompakt tasar\u0131m\u0131 ve vantuz ile kolay montaj \u00f6zelli\u011fi sayesinde akvaryum i\u00e7inde pratik kullan\u0131m sa\u011flar. Set i\u00e7erisinde hava muslu\u011fu, hava ta\u015f\u0131 ve hortum bulunur; b\u00f6ylece eksiksiz bir kurulum imk\u00e2n\u0131 sunar. Dayan\u0131kl\u0131 yap\u0131s\u0131 ile uzun \u00f6m\u00fcrl\u00fc kullan\u0131m sa\u011flar ve 2 y\u0131l garanti ile g\u00fcvence alt\u0131ndad\u0131r. \u00d6ne \u00c7\u0131kan \u00d6zellikler Ultra Sessiz \u00c7al\u0131\u015fma: F\u0131s\u0131lt\u0131 kadar sessiz performans. D\u00fc\u015f\u00fck Enerji T\u00fcketimi: Piezolektrik teknoloji ile verimli kullan\u0131m, membran de\u011fi\u015fimi gerekmez. Tam Set: Hava muslu\u011fu, hava ta\u015f\u0131 ve hortum dahildir. Kolay Montaj: Vantuz ile pratik \u015fekilde sabitlenir. Kompakt Tasar\u0131m: Akvaryum i\u00e7inde kolayca gizlenebilir.","og_url":"https:\/\/anadolupet.com.tr\/en\/product\/tetra-air-silent-sessiz-hava-motoru-maxi\/","og_site_name":"Anadolu Pet Grup","article_modified_time":"2026-02-23T16:49:09+00:00","og_image":[{"width":750,"height":750,"url":"https:\/\/anadolupet.com.tr\/wp-content\/uploads\/2026\/02\/402-711730.jpg","type":"image\/jpeg"}],"twitter_card":"summary_large_image","schema":{"@context":"https:\/\/schema.org","@graph":[{"@type":"WebPage","@id":"https:\/\/anadolupet.com.tr\/urun\/tetra-air-silent-sessiz-hava-motoru-maxi\/","url":"https:\/\/anadolupet.com.tr\/urun\/tetra-air-silent-sessiz-hava-motoru-maxi\/","name":"Tetra Air Silent Sessiz Hava Motoru - Maxi - Anadolu Pet Grup","isPartOf":{"@id":"https:\/\/anadolupet.com.tr\/#website"},"primaryImageOfPage":{"@id":"https:\/\/anadolupet.com.tr\/urun\/tetra-air-silent-sessiz-hava-motoru-maxi\/#primaryimage"},"image":{"@id":"https:\/\/anadolupet.com.tr\/urun\/tetra-air-silent-sessiz-hava-motoru-maxi\/#primaryimage"},"thumbnailUrl":"https:\/\/anadolupet.com.tr\/wp-content\/uploads\/2026\/02\/402-711730.jpg","datePublished":"2026-02-14T14:45:58+00:00","dateModified":"2026-02-23T16:49:09+00:00","breadcrumb":{"@id":"https:\/\/anadolupet.com.tr\/urun\/tetra-air-silent-sessiz-hava-motoru-maxi\/#breadcrumb"},"inLanguage":"en-US","potentialAction":[{"@type":"ReadAction","target":["https:\/\/anadolupet.com.tr\/urun\/tetra-air-silent-sessiz-hava-motoru-maxi\/"]}]},{"@type":"ImageObject","inLanguage":"en-US","@id":"https:\/\/anadolupet.com.tr\/urun\/tetra-air-silent-sessiz-hava-motoru-maxi\/#primaryimage","url":"https:\/\/anadolupet.com.tr\/wp-content\/uploads\/2026\/02\/402-711730.jpg","contentUrl":"https:\/\/anadolupet.com.tr\/wp-content\/uploads\/2026\/02\/402-711730.jpg","width":750,"height":750},{"@type":"BreadcrumbList","@id":"https:\/\/anadolupet.com.tr\/urun\/tetra-air-silent-sessiz-hava-motoru-maxi\/#breadcrumb","itemListElement":[{"@type":"ListItem","position":1,"name":"Anasayfa","item":"https:\/\/anadolupet.com.tr\/"},{"@type":"ListItem","position":2,"name":"\u00dcr\u00fcnler","item":"https:\/\/anadolupet.com.tr\/urunler\/"},{"@type":"ListItem","position":3,"name":"Tetra Air Silent Sessiz Hava Motoru &#8211; Maxi"}]},{"@type":"WebSite","@id":"https:\/\/anadolupet.com.tr\/#website","url":"https:\/\/anadolupet.com.tr\/","name":"Anadolu Pet Group","description":"We Stand Together for the Well-Being of Every Life","publisher":{"@id":"https:\/\/anadolupet.com.tr\/#organization"},"potentialAction":[{"@type":"SearchAction","target":{"@type":"EntryPoint","urlTemplate":"https:\/\/anadolupet.com.tr\/?s={search_term_string}"},"query-input":{"@type":"PropertyValueSpecification","valueRequired":true,"valueName":"search_term_string"}}],"inLanguage":"en-US"},{"@type":"Organization","@id":"https:\/\/anadolupet.com.tr\/#organization","name":"Anadolu Pet Group","alternateName":"Anadolu Pet","url":"https:\/\/anadolupet.com.tr\/","logo":{"@type":"ImageObject","inLanguage":"en-US","@id":"https:\/\/anadolupet.com.tr\/#\/schema\/logo\/image\/","url":"https:\/\/anadolupet.com.tr\/wp-content\/uploads\/2026\/03\/1614666743370.jpg","contentUrl":"https:\/\/anadolupet.com.tr\/wp-content\/uploads\/2026\/03\/1614666743370.jpg","width":800,"height":571,"caption":"Anadolu Pet Grup"},"image":{"@id":"https:\/\/anadolupet.com.tr\/#\/schema\/logo\/image\/"}}]}},"_links":{"self":[{"href":"https:\/\/anadolupet.com.tr\/en\/wp-json\/wp\/v2\/product\/46197","targetHints":{"allow":["GET"]}}],"collection":[{"href":"https:\/\/anadolupet.com.tr\/en\/wp-json\/wp\/v2\/product"}],"about":[{"href":"https:\/\/anadolupet.com.tr\/en\/wp-json\/wp\/v2\/types\/product"}],"replies":[{"embeddable":true,"href":"https:\/\/anadolupet.com.tr\/en\/wp-json\/wp\/v2\/comments?post=46197"}],"wp:featuredmedia":[{"embeddable":true,"href":"https:\/\/anadolupet.com.tr\/en\/wp-json\/wp\/v2\/media\/47229"}],"wp:attachment":[{"href":"https:\/\/anadolupet.com.tr\/en\/wp-json\/wp\/v2\/media?parent=46197"}],"wp:term":[{"taxonomy":"product_brand","embeddable":true,"href":"https:\/\/anadolupet.com.tr\/en\/wp-json\/wp\/v2\/product_brand?post=46197"},{"taxonomy":"product_cat","embeddable":true,"href":"https:\/\/anadolupet.com.tr\/en\/wp-json\/wp\/v2\/product_cat?post=46197"},{"taxonomy":"product_tag","embeddable":true,"href":"https:\/\/anadolupet.com.tr\/en\/wp-json\/wp\/v2\/product_tag?post=46197"}],"curies":[{"name":"wp","href":"https:\/\/api.w.org\/{rel}","templated":true}]}}