{"id":46201,"date":"2026-02-14T14:45:59","date_gmt":"2026-02-14T14:45:59","guid":{"rendered":"https:\/\/anadolupet.com.tr\/urun\/tetra-aps-150-sessiz-hava-motoru-siyah-80-150lt-akvaryum\/"},"modified":"2026-02-23T16:49:09","modified_gmt":"2026-02-23T16:49:09","slug":"tetra-aps-150-sessiz-hava-motoru-siyah-80-150lt-akvaryum","status":"publish","type":"product","link":"https:\/\/anadolupet.com.tr\/en\/urun\/tetra-aps-150-sessiz-hava-motoru-siyah-80-150lt-akvaryum\/","title":{"rendered":"Tetra APS 150 Sessiz Hava Motoru &#8211; Siyah &#8211; 80\/150LT Akvaryum"},"content":{"rendered":"","protected":false},"excerpt":{"rendered":"<p>Tetra APS 150 Hava Pompas\u0131, akvaryumunuz i\u00e7in sessiz, g\u00fc\u00e7l\u00fc ve g\u00fcvenilir hava ak\u0131\u015f\u0131 sa\u011flar. Yenilik\u00e7i teknolojisi ve \u00f6zel titre\u015fim emici kau\u00e7uk ayaklar\u0131 sayesinde son derece sessiz \u00e7al\u0131\u015f\u0131r. Dayan\u0131kl\u0131 membran\u0131 ile istikrarl\u0131 hava ak\u0131\u015f\u0131 sunar ve akvaryum ortam\u0131nda bal\u0131klar\u0131n\u0131z\u0131n sa\u011fl\u0131kl\u0131 ya\u015fam\u0131n\u0131 destekler.<br \/>\nKolay kurulum \u00f6zelli\u011fi ve hava ak\u0131\u015f\u0131n\u0131 ayarlamaya yarayan hava muslu\u011fu ile kullan\u0131c\u0131 dostu bir tasar\u0131ma sahiptir. T\u00dcV\/GS testlerinden ge\u00e7mi\u015f g\u00fcvenilir yap\u0131s\u0131 ve 3 y\u0131l garanti ile uzun \u00f6m\u00fcrl\u00fc kullan\u0131m sa\u011flar.<br \/>\n\u00d6ne \u00c7\u0131kan \u00d6zellikler<br \/>\nSessiz \u00c7al\u0131\u015fma: Yenilik\u00e7i teknoloji ve titre\u015fim emici kau\u00e7uk ayaklar sayesinde minimum ses seviyesi.<br \/>\nG\u00fc\u00e7l\u00fc ve Dayan\u0131kl\u0131 Membran: \u0130stikrarl\u0131 ve s\u00fcrekli hava ak\u0131\u015f\u0131 sa\u011flar.<br \/>\nAyarlanabilir Hava Ak\u0131\u015f\u0131: Dahili hava muslu\u011fu ile ak\u0131\u015f kolayca kontrol edilebilir.<br \/>\nKolay Kurulum: Pratik ve kullan\u0131c\u0131 dostu tasar\u0131m.<br \/>\nTest Edilmi\u015f G\u00fcvenilirlik: T\u00dcV\/GS sertifikal\u0131 kalite.<\/p>","protected":false},"featured_media":47205,"comment_status":"open","ping_status":"closed","template":"","meta":{"_acf_changed":false},"product_brand":[],"product_cat":[2377],"product_tag":[],"class_list":{"0":"post-46201","1":"product","2":"type-product","3":"status-publish","4":"has-post-thumbnail","6":"product_cat-akvaryum-hava-motorlari","8":"first","9":"instock","10":"shipping-taxable","11":"product-type-simple"},"acf":[],"yoast_head":"<!-- This site is optimized with the Yoast SEO plugin v27.5 - https:\/\/yoast.com\/product\/yoast-seo-wordpress\/ -->\n<title>Tetra APS 150 Sessiz Hava Motoru - Siyah - 80\/150LT Akvaryum - Anadolu Pet Grup<\/title>\n<meta name=\"robots\" content=\"index, follow, max-snippet:-1, max-image-preview:large, max-video-preview:-1\" \/>\n<link rel=\"canonical\" href=\"https:\/\/anadolupet.com.tr\/en\/product\/tetra-aps-150-sessiz-hava-motoru-siyah-80-150lt-akvaryum\/\" \/>\n<meta property=\"og:locale\" content=\"en_US\" \/>\n<meta property=\"og:type\" content=\"article\" \/>\n<meta property=\"og:title\" content=\"Tetra APS 150 Sessiz Hava Motoru - Siyah - 80\/150LT Akvaryum - Anadolu Pet Grup\" \/>\n<meta property=\"og:description\" content=\"Tetra APS 150 Hava Pompas\u0131, akvaryumunuz i\u00e7in sessiz, g\u00fc\u00e7l\u00fc ve g\u00fcvenilir hava ak\u0131\u015f\u0131 sa\u011flar. Yenilik\u00e7i teknolojisi ve \u00f6zel titre\u015fim emici kau\u00e7uk ayaklar\u0131 sayesinde son derece sessiz \u00e7al\u0131\u015f\u0131r. Dayan\u0131kl\u0131 membran\u0131 ile istikrarl\u0131 hava ak\u0131\u015f\u0131 sunar ve akvaryum ortam\u0131nda bal\u0131klar\u0131n\u0131z\u0131n sa\u011fl\u0131kl\u0131 ya\u015fam\u0131n\u0131 destekler. Kolay kurulum \u00f6zelli\u011fi ve hava ak\u0131\u015f\u0131n\u0131 ayarlamaya yarayan hava muslu\u011fu ile kullan\u0131c\u0131 dostu bir tasar\u0131ma sahiptir. T\u00dcV\/GS testlerinden ge\u00e7mi\u015f g\u00fcvenilir yap\u0131s\u0131 ve 3 y\u0131l garanti ile uzun \u00f6m\u00fcrl\u00fc kullan\u0131m sa\u011flar. \u00d6ne \u00c7\u0131kan \u00d6zellikler Sessiz \u00c7al\u0131\u015fma: Yenilik\u00e7i teknoloji ve titre\u015fim emici kau\u00e7uk ayaklar sayesinde minimum ses seviyesi. G\u00fc\u00e7l\u00fc ve Dayan\u0131kl\u0131 Membran: \u0130stikrarl\u0131 ve s\u00fcrekli hava ak\u0131\u015f\u0131 sa\u011flar. Ayarlanabilir Hava Ak\u0131\u015f\u0131: Dahili hava muslu\u011fu ile ak\u0131\u015f kolayca kontrol edilebilir. Kolay Kurulum: Pratik ve kullan\u0131c\u0131 dostu tasar\u0131m. Test Edilmi\u015f G\u00fcvenilirlik: T\u00dcV\/GS sertifikal\u0131 kalite.\" \/>\n<meta property=\"og:url\" content=\"https:\/\/anadolupet.com.tr\/en\/product\/tetra-aps-150-sessiz-hava-motoru-siyah-80-150lt-akvaryum\/\" \/>\n<meta property=\"og:site_name\" content=\"Anadolu Pet Grup\" \/>\n<meta property=\"article:modified_time\" content=\"2026-02-23T16:49:09+00:00\" \/>\n<meta property=\"og:image\" content=\"https:\/\/anadolupet.com.tr\/wp-content\/uploads\/2026\/02\/402-705867.jpg\" \/>\n\t<meta property=\"og:image:width\" content=\"750\" \/>\n\t<meta property=\"og:image:height\" content=\"750\" \/>\n\t<meta property=\"og:image:type\" content=\"image\/jpeg\" \/>\n<meta name=\"twitter:card\" content=\"summary_large_image\" \/>\n<script type=\"application\/ld+json\" class=\"yoast-schema-graph\">{\"@context\":\"https:\\\/\\\/schema.org\",\"@graph\":[{\"@type\":\"WebPage\",\"@id\":\"https:\\\/\\\/anadolupet.com.tr\\\/urun\\\/tetra-aps-150-sessiz-hava-motoru-siyah-80-150lt-akvaryum\\\/\",\"url\":\"https:\\\/\\\/anadolupet.com.tr\\\/urun\\\/tetra-aps-150-sessiz-hava-motoru-siyah-80-150lt-akvaryum\\\/\",\"name\":\"Tetra APS 150 Sessiz Hava Motoru - Siyah - 80\\\/150LT Akvaryum - Anadolu Pet Grup\",\"isPartOf\":{\"@id\":\"https:\\\/\\\/anadolupet.com.tr\\\/#website\"},\"primaryImageOfPage\":{\"@id\":\"https:\\\/\\\/anadolupet.com.tr\\\/urun\\\/tetra-aps-150-sessiz-hava-motoru-siyah-80-150lt-akvaryum\\\/#primaryimage\"},\"image\":{\"@id\":\"https:\\\/\\\/anadolupet.com.tr\\\/urun\\\/tetra-aps-150-sessiz-hava-motoru-siyah-80-150lt-akvaryum\\\/#primaryimage\"},\"thumbnailUrl\":\"https:\\\/\\\/anadolupet.com.tr\\\/wp-content\\\/uploads\\\/2026\\\/02\\\/402-705867.jpg\",\"datePublished\":\"2026-02-14T14:45:59+00:00\",\"dateModified\":\"2026-02-23T16:49:09+00:00\",\"breadcrumb\":{\"@id\":\"https:\\\/\\\/anadolupet.com.tr\\\/urun\\\/tetra-aps-150-sessiz-hava-motoru-siyah-80-150lt-akvaryum\\\/#breadcrumb\"},\"inLanguage\":\"en-US\",\"potentialAction\":[{\"@type\":\"ReadAction\",\"target\":[\"https:\\\/\\\/anadolupet.com.tr\\\/urun\\\/tetra-aps-150-sessiz-hava-motoru-siyah-80-150lt-akvaryum\\\/\"]}]},{\"@type\":\"ImageObject\",\"inLanguage\":\"en-US\",\"@id\":\"https:\\\/\\\/anadolupet.com.tr\\\/urun\\\/tetra-aps-150-sessiz-hava-motoru-siyah-80-150lt-akvaryum\\\/#primaryimage\",\"url\":\"https:\\\/\\\/anadolupet.com.tr\\\/wp-content\\\/uploads\\\/2026\\\/02\\\/402-705867.jpg\",\"contentUrl\":\"https:\\\/\\\/anadolupet.com.tr\\\/wp-content\\\/uploads\\\/2026\\\/02\\\/402-705867.jpg\",\"width\":750,\"height\":750},{\"@type\":\"BreadcrumbList\",\"@id\":\"https:\\\/\\\/anadolupet.com.tr\\\/urun\\\/tetra-aps-150-sessiz-hava-motoru-siyah-80-150lt-akvaryum\\\/#breadcrumb\",\"itemListElement\":[{\"@type\":\"ListItem\",\"position\":1,\"name\":\"Anasayfa\",\"item\":\"https:\\\/\\\/anadolupet.com.tr\\\/\"},{\"@type\":\"ListItem\",\"position\":2,\"name\":\"\u00dcr\u00fcnler\",\"item\":\"https:\\\/\\\/anadolupet.com.tr\\\/urunler\\\/\"},{\"@type\":\"ListItem\",\"position\":3,\"name\":\"Tetra APS 150 Sessiz Hava Motoru &#8211; Siyah &#8211; 80\\\/150LT Akvaryum\"}]},{\"@type\":\"WebSite\",\"@id\":\"https:\\\/\\\/anadolupet.com.tr\\\/#website\",\"url\":\"https:\\\/\\\/anadolupet.com.tr\\\/\",\"name\":\"Anadolu Pet Grup\",\"description\":\"Her Can\u0131n \u0130yi Ya\u015fam\u0131 \u0130\u00e7in Biraraday\u0131z\",\"publisher\":{\"@id\":\"https:\\\/\\\/anadolupet.com.tr\\\/#organization\"},\"potentialAction\":[{\"@type\":\"SearchAction\",\"target\":{\"@type\":\"EntryPoint\",\"urlTemplate\":\"https:\\\/\\\/anadolupet.com.tr\\\/?s={search_term_string}\"},\"query-input\":{\"@type\":\"PropertyValueSpecification\",\"valueRequired\":true,\"valueName\":\"search_term_string\"}}],\"inLanguage\":\"en-US\"},{\"@type\":\"Organization\",\"@id\":\"https:\\\/\\\/anadolupet.com.tr\\\/#organization\",\"name\":\"Anadolu Pet Grup\",\"alternateName\":\"Anadolu Pet\",\"url\":\"https:\\\/\\\/anadolupet.com.tr\\\/\",\"logo\":{\"@type\":\"ImageObject\",\"inLanguage\":\"en-US\",\"@id\":\"https:\\\/\\\/anadolupet.com.tr\\\/#\\\/schema\\\/logo\\\/image\\\/\",\"url\":\"https:\\\/\\\/anadolupet.com.tr\\\/wp-content\\\/uploads\\\/2026\\\/03\\\/1614666743370.jpg\",\"contentUrl\":\"https:\\\/\\\/anadolupet.com.tr\\\/wp-content\\\/uploads\\\/2026\\\/03\\\/1614666743370.jpg\",\"width\":800,\"height\":571,\"caption\":\"Anadolu Pet Grup\"},\"image\":{\"@id\":\"https:\\\/\\\/anadolupet.com.tr\\\/#\\\/schema\\\/logo\\\/image\\\/\"}}]}<\/script>\n<!-- \/ Yoast SEO plugin. -->","yoast_head_json":{"title":"Tetra APS 150 Sessiz Hava Motoru - Siyah - 80\/150LT Akvaryum - Anadolu Pet Grup","robots":{"index":"index","follow":"follow","max-snippet":"max-snippet:-1","max-image-preview":"max-image-preview:large","max-video-preview":"max-video-preview:-1"},"canonical":"https:\/\/anadolupet.com.tr\/en\/product\/tetra-aps-150-sessiz-hava-motoru-siyah-80-150lt-akvaryum\/","og_locale":"en_US","og_type":"article","og_title":"Tetra APS 150 Sessiz Hava Motoru - Siyah - 80\/150LT Akvaryum - Anadolu Pet Grup","og_description":"Tetra APS 150 Hava Pompas\u0131, akvaryumunuz i\u00e7in sessiz, g\u00fc\u00e7l\u00fc ve g\u00fcvenilir hava ak\u0131\u015f\u0131 sa\u011flar. Yenilik\u00e7i teknolojisi ve \u00f6zel titre\u015fim emici kau\u00e7uk ayaklar\u0131 sayesinde son derece sessiz \u00e7al\u0131\u015f\u0131r. Dayan\u0131kl\u0131 membran\u0131 ile istikrarl\u0131 hava ak\u0131\u015f\u0131 sunar ve akvaryum ortam\u0131nda bal\u0131klar\u0131n\u0131z\u0131n sa\u011fl\u0131kl\u0131 ya\u015fam\u0131n\u0131 destekler. Kolay kurulum \u00f6zelli\u011fi ve hava ak\u0131\u015f\u0131n\u0131 ayarlamaya yarayan hava muslu\u011fu ile kullan\u0131c\u0131 dostu bir tasar\u0131ma sahiptir. T\u00dcV\/GS testlerinden ge\u00e7mi\u015f g\u00fcvenilir yap\u0131s\u0131 ve 3 y\u0131l garanti ile uzun \u00f6m\u00fcrl\u00fc kullan\u0131m sa\u011flar. \u00d6ne \u00c7\u0131kan \u00d6zellikler Sessiz \u00c7al\u0131\u015fma: Yenilik\u00e7i teknoloji ve titre\u015fim emici kau\u00e7uk ayaklar sayesinde minimum ses seviyesi. G\u00fc\u00e7l\u00fc ve Dayan\u0131kl\u0131 Membran: \u0130stikrarl\u0131 ve s\u00fcrekli hava ak\u0131\u015f\u0131 sa\u011flar. Ayarlanabilir Hava Ak\u0131\u015f\u0131: Dahili hava muslu\u011fu ile ak\u0131\u015f kolayca kontrol edilebilir. Kolay Kurulum: Pratik ve kullan\u0131c\u0131 dostu tasar\u0131m. Test Edilmi\u015f G\u00fcvenilirlik: T\u00dcV\/GS sertifikal\u0131 kalite.","og_url":"https:\/\/anadolupet.com.tr\/en\/product\/tetra-aps-150-sessiz-hava-motoru-siyah-80-150lt-akvaryum\/","og_site_name":"Anadolu Pet Grup","article_modified_time":"2026-02-23T16:49:09+00:00","og_image":[{"width":750,"height":750,"url":"https:\/\/anadolupet.com.tr\/wp-content\/uploads\/2026\/02\/402-705867.jpg","type":"image\/jpeg"}],"twitter_card":"summary_large_image","schema":{"@context":"https:\/\/schema.org","@graph":[{"@type":"WebPage","@id":"https:\/\/anadolupet.com.tr\/urun\/tetra-aps-150-sessiz-hava-motoru-siyah-80-150lt-akvaryum\/","url":"https:\/\/anadolupet.com.tr\/urun\/tetra-aps-150-sessiz-hava-motoru-siyah-80-150lt-akvaryum\/","name":"Tetra APS 150 Sessiz Hava Motoru - Siyah - 80\/150LT Akvaryum - Anadolu Pet Grup","isPartOf":{"@id":"https:\/\/anadolupet.com.tr\/#website"},"primaryImageOfPage":{"@id":"https:\/\/anadolupet.com.tr\/urun\/tetra-aps-150-sessiz-hava-motoru-siyah-80-150lt-akvaryum\/#primaryimage"},"image":{"@id":"https:\/\/anadolupet.com.tr\/urun\/tetra-aps-150-sessiz-hava-motoru-siyah-80-150lt-akvaryum\/#primaryimage"},"thumbnailUrl":"https:\/\/anadolupet.com.tr\/wp-content\/uploads\/2026\/02\/402-705867.jpg","datePublished":"2026-02-14T14:45:59+00:00","dateModified":"2026-02-23T16:49:09+00:00","breadcrumb":{"@id":"https:\/\/anadolupet.com.tr\/urun\/tetra-aps-150-sessiz-hava-motoru-siyah-80-150lt-akvaryum\/#breadcrumb"},"inLanguage":"en-US","potentialAction":[{"@type":"ReadAction","target":["https:\/\/anadolupet.com.tr\/urun\/tetra-aps-150-sessiz-hava-motoru-siyah-80-150lt-akvaryum\/"]}]},{"@type":"ImageObject","inLanguage":"en-US","@id":"https:\/\/anadolupet.com.tr\/urun\/tetra-aps-150-sessiz-hava-motoru-siyah-80-150lt-akvaryum\/#primaryimage","url":"https:\/\/anadolupet.com.tr\/wp-content\/uploads\/2026\/02\/402-705867.jpg","contentUrl":"https:\/\/anadolupet.com.tr\/wp-content\/uploads\/2026\/02\/402-705867.jpg","width":750,"height":750},{"@type":"BreadcrumbList","@id":"https:\/\/anadolupet.com.tr\/urun\/tetra-aps-150-sessiz-hava-motoru-siyah-80-150lt-akvaryum\/#breadcrumb","itemListElement":[{"@type":"ListItem","position":1,"name":"Anasayfa","item":"https:\/\/anadolupet.com.tr\/"},{"@type":"ListItem","position":2,"name":"\u00dcr\u00fcnler","item":"https:\/\/anadolupet.com.tr\/urunler\/"},{"@type":"ListItem","position":3,"name":"Tetra APS 150 Sessiz Hava Motoru &#8211; Siyah &#8211; 80\/150LT Akvaryum"}]},{"@type":"WebSite","@id":"https:\/\/anadolupet.com.tr\/#website","url":"https:\/\/anadolupet.com.tr\/","name":"Anadolu Pet Group","description":"We Stand Together for the Well-Being of Every Life","publisher":{"@id":"https:\/\/anadolupet.com.tr\/#organization"},"potentialAction":[{"@type":"SearchAction","target":{"@type":"EntryPoint","urlTemplate":"https:\/\/anadolupet.com.tr\/?s={search_term_string}"},"query-input":{"@type":"PropertyValueSpecification","valueRequired":true,"valueName":"search_term_string"}}],"inLanguage":"en-US"},{"@type":"Organization","@id":"https:\/\/anadolupet.com.tr\/#organization","name":"Anadolu Pet Group","alternateName":"Anadolu Pet","url":"https:\/\/anadolupet.com.tr\/","logo":{"@type":"ImageObject","inLanguage":"en-US","@id":"https:\/\/anadolupet.com.tr\/#\/schema\/logo\/image\/","url":"https:\/\/anadolupet.com.tr\/wp-content\/uploads\/2026\/03\/1614666743370.jpg","contentUrl":"https:\/\/anadolupet.com.tr\/wp-content\/uploads\/2026\/03\/1614666743370.jpg","width":800,"height":571,"caption":"Anadolu Pet Grup"},"image":{"@id":"https:\/\/anadolupet.com.tr\/#\/schema\/logo\/image\/"}}]}},"_links":{"self":[{"href":"https:\/\/anadolupet.com.tr\/en\/wp-json\/wp\/v2\/product\/46201","targetHints":{"allow":["GET"]}}],"collection":[{"href":"https:\/\/anadolupet.com.tr\/en\/wp-json\/wp\/v2\/product"}],"about":[{"href":"https:\/\/anadolupet.com.tr\/en\/wp-json\/wp\/v2\/types\/product"}],"replies":[{"embeddable":true,"href":"https:\/\/anadolupet.com.tr\/en\/wp-json\/wp\/v2\/comments?post=46201"}],"wp:featuredmedia":[{"embeddable":true,"href":"https:\/\/anadolupet.com.tr\/en\/wp-json\/wp\/v2\/media\/47205"}],"wp:attachment":[{"href":"https:\/\/anadolupet.com.tr\/en\/wp-json\/wp\/v2\/media?parent=46201"}],"wp:term":[{"taxonomy":"product_brand","embeddable":true,"href":"https:\/\/anadolupet.com.tr\/en\/wp-json\/wp\/v2\/product_brand?post=46201"},{"taxonomy":"product_cat","embeddable":true,"href":"https:\/\/anadolupet.com.tr\/en\/wp-json\/wp\/v2\/product_cat?post=46201"},{"taxonomy":"product_tag","embeddable":true,"href":"https:\/\/anadolupet.com.tr\/en\/wp-json\/wp\/v2\/product_tag?post=46201"}],"curies":[{"name":"wp","href":"https:\/\/api.w.org\/{rel}","templated":true}]}}