{"id":46202,"date":"2026-02-14T14:46:01","date_gmt":"2026-02-14T14:46:01","guid":{"rendered":"https:\/\/anadolupet.com.tr\/urun\/tetra-arowana-balik-yemi-1lt\/"},"modified":"2026-02-23T16:49:09","modified_gmt":"2026-02-23T16:49:09","slug":"tetra-arowana-balik-yemi-1lt","status":"publish","type":"product","link":"https:\/\/anadolupet.com.tr\/en\/urun\/tetra-arowana-balik-yemi-1lt\/","title":{"rendered":"Tetra Arowana Bal\u0131k Yemi &#8211; 1LT"},"content":{"rendered":"","protected":false},"excerpt":{"rendered":"<p>Tetra Arowana Bal\u0131k Yemi &#8211; 1LT<br \/>\nDo\u011fal renk g\u00fc\u00e7lendiriciler ile Arowanalar\u0131n\u0131z\u0131n g\u00f6z al\u0131c\u0131 g\u00fczelli\u011fini ortaya \u00e7\u0131kar\u0131r.<br \/>\nBioActive form\u00fcl\u00fc sayesinde uzun \u00f6m\u00fcrl\u00fc ve sa\u011fl\u0131kl\u0131 bir ya\u015fam deste\u011fi sunar.<br \/>\nK\u0131rm\u0131z\u0131, Alt\u0131n, G\u00fcm\u00fc\u015f, Siyah ve Avustralya Arowanalar\u0131 ba\u015fta olmak \u00fczere t\u00fcm Ostoglossidae t\u00fcrleri i\u00e7in \u00f6zel olarak geli\u015ftirilmi\u015ftir.<br \/>\nY\u00fcksek oranda kurutulmu\u015f canl\u0131 yem (kril ve karides) i\u00e7eri\u011fiyle \u00fcst\u00fcn besleyicilik sa\u011flar.<br \/>\nDo\u011fal \u00e7ekiciler ve karotenoidler sayesinde bal\u0131klar\u0131n\u0131z yemi h\u0131zla kabul eder ve renkleri daha canl\u0131 hale gelir.<br \/>\nTetra Arowana Bal\u0131k Yemi, Arowanalar\u0131n\u0131z\u0131n ihtiyac\u0131 olan besinleri en kaliteli \u015fekilde sunarak hem sa\u011fl\u0131\u011f\u0131n\u0131 hem de g\u00f6rsel ihti\u015fam\u0131n\u0131 destekler.<\/p>","protected":false},"featured_media":47073,"comment_status":"open","ping_status":"closed","template":"","meta":{"_acf_changed":false},"product_brand":[],"product_cat":[2381],"product_tag":[],"class_list":{"0":"post-46202","1":"product","2":"type-product","3":"status-publish","4":"has-post-thumbnail","6":"product_cat-dis-filtre-malzemeleri","8":"first","9":"instock","10":"shipping-taxable","11":"product-type-simple"},"acf":[],"yoast_head":"<!-- This site is optimized with the Yoast SEO plugin v27.5 - https:\/\/yoast.com\/product\/yoast-seo-wordpress\/ -->\n<title>Tetra Arowana Bal\u0131k Yemi - 1LT - Anadolu Pet Grup<\/title>\n<meta name=\"robots\" content=\"index, follow, max-snippet:-1, max-image-preview:large, max-video-preview:-1\" \/>\n<link rel=\"canonical\" href=\"https:\/\/anadolupet.com.tr\/en\/product\/tetra-arowana-balik-yemi-1lt\/\" \/>\n<meta property=\"og:locale\" content=\"en_US\" \/>\n<meta property=\"og:type\" content=\"article\" \/>\n<meta property=\"og:title\" content=\"Tetra Arowana Bal\u0131k Yemi - 1LT - Anadolu Pet Grup\" \/>\n<meta property=\"og:description\" content=\"Tetra Arowana Bal\u0131k Yemi - 1LT Do\u011fal renk g\u00fc\u00e7lendiriciler ile Arowanalar\u0131n\u0131z\u0131n g\u00f6z al\u0131c\u0131 g\u00fczelli\u011fini ortaya \u00e7\u0131kar\u0131r. BioActive form\u00fcl\u00fc sayesinde uzun \u00f6m\u00fcrl\u00fc ve sa\u011fl\u0131kl\u0131 bir ya\u015fam deste\u011fi sunar. K\u0131rm\u0131z\u0131, Alt\u0131n, G\u00fcm\u00fc\u015f, Siyah ve Avustralya Arowanalar\u0131 ba\u015fta olmak \u00fczere t\u00fcm Ostoglossidae t\u00fcrleri i\u00e7in \u00f6zel olarak geli\u015ftirilmi\u015ftir. Y\u00fcksek oranda kurutulmu\u015f canl\u0131 yem (kril ve karides) i\u00e7eri\u011fiyle \u00fcst\u00fcn besleyicilik sa\u011flar. Do\u011fal \u00e7ekiciler ve karotenoidler sayesinde bal\u0131klar\u0131n\u0131z yemi h\u0131zla kabul eder ve renkleri daha canl\u0131 hale gelir. Tetra Arowana Bal\u0131k Yemi, Arowanalar\u0131n\u0131z\u0131n ihtiyac\u0131 olan besinleri en kaliteli \u015fekilde sunarak hem sa\u011fl\u0131\u011f\u0131n\u0131 hem de g\u00f6rsel ihti\u015fam\u0131n\u0131 destekler.\" \/>\n<meta property=\"og:url\" content=\"https:\/\/anadolupet.com.tr\/en\/product\/tetra-arowana-balik-yemi-1lt\/\" \/>\n<meta property=\"og:site_name\" content=\"Anadolu Pet Grup\" \/>\n<meta property=\"article:modified_time\" content=\"2026-02-23T16:49:09+00:00\" \/>\n<meta property=\"og:image\" content=\"https:\/\/anadolupet.com.tr\/wp-content\/uploads\/2026\/02\/400-708649.jpg\" \/>\n\t<meta property=\"og:image:width\" content=\"750\" \/>\n\t<meta property=\"og:image:height\" content=\"750\" \/>\n\t<meta property=\"og:image:type\" content=\"image\/jpeg\" \/>\n<meta name=\"twitter:card\" content=\"summary_large_image\" \/>\n<script type=\"application\/ld+json\" class=\"yoast-schema-graph\">{\"@context\":\"https:\\\/\\\/schema.org\",\"@graph\":[{\"@type\":\"WebPage\",\"@id\":\"https:\\\/\\\/anadolupet.com.tr\\\/urun\\\/tetra-arowana-balik-yemi-1lt\\\/\",\"url\":\"https:\\\/\\\/anadolupet.com.tr\\\/urun\\\/tetra-arowana-balik-yemi-1lt\\\/\",\"name\":\"Tetra Arowana Bal\u0131k Yemi - 1LT - Anadolu Pet Grup\",\"isPartOf\":{\"@id\":\"https:\\\/\\\/anadolupet.com.tr\\\/#website\"},\"primaryImageOfPage\":{\"@id\":\"https:\\\/\\\/anadolupet.com.tr\\\/urun\\\/tetra-arowana-balik-yemi-1lt\\\/#primaryimage\"},\"image\":{\"@id\":\"https:\\\/\\\/anadolupet.com.tr\\\/urun\\\/tetra-arowana-balik-yemi-1lt\\\/#primaryimage\"},\"thumbnailUrl\":\"https:\\\/\\\/anadolupet.com.tr\\\/wp-content\\\/uploads\\\/2026\\\/02\\\/400-708649.jpg\",\"datePublished\":\"2026-02-14T14:46:01+00:00\",\"dateModified\":\"2026-02-23T16:49:09+00:00\",\"breadcrumb\":{\"@id\":\"https:\\\/\\\/anadolupet.com.tr\\\/urun\\\/tetra-arowana-balik-yemi-1lt\\\/#breadcrumb\"},\"inLanguage\":\"en-US\",\"potentialAction\":[{\"@type\":\"ReadAction\",\"target\":[\"https:\\\/\\\/anadolupet.com.tr\\\/urun\\\/tetra-arowana-balik-yemi-1lt\\\/\"]}]},{\"@type\":\"ImageObject\",\"inLanguage\":\"en-US\",\"@id\":\"https:\\\/\\\/anadolupet.com.tr\\\/urun\\\/tetra-arowana-balik-yemi-1lt\\\/#primaryimage\",\"url\":\"https:\\\/\\\/anadolupet.com.tr\\\/wp-content\\\/uploads\\\/2026\\\/02\\\/400-708649.jpg\",\"contentUrl\":\"https:\\\/\\\/anadolupet.com.tr\\\/wp-content\\\/uploads\\\/2026\\\/02\\\/400-708649.jpg\",\"width\":750,\"height\":750},{\"@type\":\"BreadcrumbList\",\"@id\":\"https:\\\/\\\/anadolupet.com.tr\\\/urun\\\/tetra-arowana-balik-yemi-1lt\\\/#breadcrumb\",\"itemListElement\":[{\"@type\":\"ListItem\",\"position\":1,\"name\":\"Anasayfa\",\"item\":\"https:\\\/\\\/anadolupet.com.tr\\\/\"},{\"@type\":\"ListItem\",\"position\":2,\"name\":\"\u00dcr\u00fcnler\",\"item\":\"https:\\\/\\\/anadolupet.com.tr\\\/urunler\\\/\"},{\"@type\":\"ListItem\",\"position\":3,\"name\":\"Tetra Arowana Bal\u0131k Yemi &#8211; 1LT\"}]},{\"@type\":\"WebSite\",\"@id\":\"https:\\\/\\\/anadolupet.com.tr\\\/#website\",\"url\":\"https:\\\/\\\/anadolupet.com.tr\\\/\",\"name\":\"Anadolu Pet Grup\",\"description\":\"Her Can\u0131n \u0130yi Ya\u015fam\u0131 \u0130\u00e7in Biraraday\u0131z\",\"publisher\":{\"@id\":\"https:\\\/\\\/anadolupet.com.tr\\\/#organization\"},\"potentialAction\":[{\"@type\":\"SearchAction\",\"target\":{\"@type\":\"EntryPoint\",\"urlTemplate\":\"https:\\\/\\\/anadolupet.com.tr\\\/?s={search_term_string}\"},\"query-input\":{\"@type\":\"PropertyValueSpecification\",\"valueRequired\":true,\"valueName\":\"search_term_string\"}}],\"inLanguage\":\"en-US\"},{\"@type\":\"Organization\",\"@id\":\"https:\\\/\\\/anadolupet.com.tr\\\/#organization\",\"name\":\"Anadolu Pet Grup\",\"alternateName\":\"Anadolu Pet\",\"url\":\"https:\\\/\\\/anadolupet.com.tr\\\/\",\"logo\":{\"@type\":\"ImageObject\",\"inLanguage\":\"en-US\",\"@id\":\"https:\\\/\\\/anadolupet.com.tr\\\/#\\\/schema\\\/logo\\\/image\\\/\",\"url\":\"https:\\\/\\\/anadolupet.com.tr\\\/wp-content\\\/uploads\\\/2026\\\/03\\\/1614666743370.jpg\",\"contentUrl\":\"https:\\\/\\\/anadolupet.com.tr\\\/wp-content\\\/uploads\\\/2026\\\/03\\\/1614666743370.jpg\",\"width\":800,\"height\":571,\"caption\":\"Anadolu Pet Grup\"},\"image\":{\"@id\":\"https:\\\/\\\/anadolupet.com.tr\\\/#\\\/schema\\\/logo\\\/image\\\/\"}}]}<\/script>\n<!-- \/ Yoast SEO plugin. -->","yoast_head_json":{"title":"Tetra Arowana Bal\u0131k Yemi - 1LT - Anadolu Pet Grup","robots":{"index":"index","follow":"follow","max-snippet":"max-snippet:-1","max-image-preview":"max-image-preview:large","max-video-preview":"max-video-preview:-1"},"canonical":"https:\/\/anadolupet.com.tr\/en\/product\/tetra-arowana-balik-yemi-1lt\/","og_locale":"en_US","og_type":"article","og_title":"Tetra Arowana Bal\u0131k Yemi - 1LT - Anadolu Pet Grup","og_description":"Tetra Arowana Bal\u0131k Yemi - 1LT Do\u011fal renk g\u00fc\u00e7lendiriciler ile Arowanalar\u0131n\u0131z\u0131n g\u00f6z al\u0131c\u0131 g\u00fczelli\u011fini ortaya \u00e7\u0131kar\u0131r. BioActive form\u00fcl\u00fc sayesinde uzun \u00f6m\u00fcrl\u00fc ve sa\u011fl\u0131kl\u0131 bir ya\u015fam deste\u011fi sunar. K\u0131rm\u0131z\u0131, Alt\u0131n, G\u00fcm\u00fc\u015f, Siyah ve Avustralya Arowanalar\u0131 ba\u015fta olmak \u00fczere t\u00fcm Ostoglossidae t\u00fcrleri i\u00e7in \u00f6zel olarak geli\u015ftirilmi\u015ftir. Y\u00fcksek oranda kurutulmu\u015f canl\u0131 yem (kril ve karides) i\u00e7eri\u011fiyle \u00fcst\u00fcn besleyicilik sa\u011flar. Do\u011fal \u00e7ekiciler ve karotenoidler sayesinde bal\u0131klar\u0131n\u0131z yemi h\u0131zla kabul eder ve renkleri daha canl\u0131 hale gelir. Tetra Arowana Bal\u0131k Yemi, Arowanalar\u0131n\u0131z\u0131n ihtiyac\u0131 olan besinleri en kaliteli \u015fekilde sunarak hem sa\u011fl\u0131\u011f\u0131n\u0131 hem de g\u00f6rsel ihti\u015fam\u0131n\u0131 destekler.","og_url":"https:\/\/anadolupet.com.tr\/en\/product\/tetra-arowana-balik-yemi-1lt\/","og_site_name":"Anadolu Pet Grup","article_modified_time":"2026-02-23T16:49:09+00:00","og_image":[{"width":750,"height":750,"url":"https:\/\/anadolupet.com.tr\/wp-content\/uploads\/2026\/02\/400-708649.jpg","type":"image\/jpeg"}],"twitter_card":"summary_large_image","schema":{"@context":"https:\/\/schema.org","@graph":[{"@type":"WebPage","@id":"https:\/\/anadolupet.com.tr\/urun\/tetra-arowana-balik-yemi-1lt\/","url":"https:\/\/anadolupet.com.tr\/urun\/tetra-arowana-balik-yemi-1lt\/","name":"Tetra Arowana Bal\u0131k Yemi - 1LT - Anadolu Pet Grup","isPartOf":{"@id":"https:\/\/anadolupet.com.tr\/#website"},"primaryImageOfPage":{"@id":"https:\/\/anadolupet.com.tr\/urun\/tetra-arowana-balik-yemi-1lt\/#primaryimage"},"image":{"@id":"https:\/\/anadolupet.com.tr\/urun\/tetra-arowana-balik-yemi-1lt\/#primaryimage"},"thumbnailUrl":"https:\/\/anadolupet.com.tr\/wp-content\/uploads\/2026\/02\/400-708649.jpg","datePublished":"2026-02-14T14:46:01+00:00","dateModified":"2026-02-23T16:49:09+00:00","breadcrumb":{"@id":"https:\/\/anadolupet.com.tr\/urun\/tetra-arowana-balik-yemi-1lt\/#breadcrumb"},"inLanguage":"en-US","potentialAction":[{"@type":"ReadAction","target":["https:\/\/anadolupet.com.tr\/urun\/tetra-arowana-balik-yemi-1lt\/"]}]},{"@type":"ImageObject","inLanguage":"en-US","@id":"https:\/\/anadolupet.com.tr\/urun\/tetra-arowana-balik-yemi-1lt\/#primaryimage","url":"https:\/\/anadolupet.com.tr\/wp-content\/uploads\/2026\/02\/400-708649.jpg","contentUrl":"https:\/\/anadolupet.com.tr\/wp-content\/uploads\/2026\/02\/400-708649.jpg","width":750,"height":750},{"@type":"BreadcrumbList","@id":"https:\/\/anadolupet.com.tr\/urun\/tetra-arowana-balik-yemi-1lt\/#breadcrumb","itemListElement":[{"@type":"ListItem","position":1,"name":"Anasayfa","item":"https:\/\/anadolupet.com.tr\/"},{"@type":"ListItem","position":2,"name":"\u00dcr\u00fcnler","item":"https:\/\/anadolupet.com.tr\/urunler\/"},{"@type":"ListItem","position":3,"name":"Tetra Arowana Bal\u0131k Yemi &#8211; 1LT"}]},{"@type":"WebSite","@id":"https:\/\/anadolupet.com.tr\/#website","url":"https:\/\/anadolupet.com.tr\/","name":"Anadolu Pet Group","description":"We Stand Together for the Well-Being of Every Life","publisher":{"@id":"https:\/\/anadolupet.com.tr\/#organization"},"potentialAction":[{"@type":"SearchAction","target":{"@type":"EntryPoint","urlTemplate":"https:\/\/anadolupet.com.tr\/?s={search_term_string}"},"query-input":{"@type":"PropertyValueSpecification","valueRequired":true,"valueName":"search_term_string"}}],"inLanguage":"en-US"},{"@type":"Organization","@id":"https:\/\/anadolupet.com.tr\/#organization","name":"Anadolu Pet Group","alternateName":"Anadolu Pet","url":"https:\/\/anadolupet.com.tr\/","logo":{"@type":"ImageObject","inLanguage":"en-US","@id":"https:\/\/anadolupet.com.tr\/#\/schema\/logo\/image\/","url":"https:\/\/anadolupet.com.tr\/wp-content\/uploads\/2026\/03\/1614666743370.jpg","contentUrl":"https:\/\/anadolupet.com.tr\/wp-content\/uploads\/2026\/03\/1614666743370.jpg","width":800,"height":571,"caption":"Anadolu Pet Grup"},"image":{"@id":"https:\/\/anadolupet.com.tr\/#\/schema\/logo\/image\/"}}]}},"_links":{"self":[{"href":"https:\/\/anadolupet.com.tr\/en\/wp-json\/wp\/v2\/product\/46202","targetHints":{"allow":["GET"]}}],"collection":[{"href":"https:\/\/anadolupet.com.tr\/en\/wp-json\/wp\/v2\/product"}],"about":[{"href":"https:\/\/anadolupet.com.tr\/en\/wp-json\/wp\/v2\/types\/product"}],"replies":[{"embeddable":true,"href":"https:\/\/anadolupet.com.tr\/en\/wp-json\/wp\/v2\/comments?post=46202"}],"wp:featuredmedia":[{"embeddable":true,"href":"https:\/\/anadolupet.com.tr\/en\/wp-json\/wp\/v2\/media\/47073"}],"wp:attachment":[{"href":"https:\/\/anadolupet.com.tr\/en\/wp-json\/wp\/v2\/media?parent=46202"}],"wp:term":[{"taxonomy":"product_brand","embeddable":true,"href":"https:\/\/anadolupet.com.tr\/en\/wp-json\/wp\/v2\/product_brand?post=46202"},{"taxonomy":"product_cat","embeddable":true,"href":"https:\/\/anadolupet.com.tr\/en\/wp-json\/wp\/v2\/product_cat?post=46202"},{"taxonomy":"product_tag","embeddable":true,"href":"https:\/\/anadolupet.com.tr\/en\/wp-json\/wp\/v2\/product_tag?post=46202"}],"curies":[{"name":"wp","href":"https:\/\/api.w.org\/{rel}","templated":true}]}}