{"id":46203,"date":"2026-02-14T14:46:01","date_gmt":"2026-02-14T14:46:01","guid":{"rendered":"https:\/\/anadolupet.com.tr\/urun\/tetra-betta-larva-sticks-cubuk-betta-balik-yemi-100ml\/"},"modified":"2026-02-23T16:49:09","modified_gmt":"2026-02-23T16:49:09","slug":"tetra-betta-larva-sticks-cubuk-betta-balik-yemi-100ml","status":"publish","type":"product","link":"https:\/\/anadolupet.com.tr\/en\/urun\/tetra-betta-larva-sticks-cubuk-betta-balik-yemi-100ml\/","title":{"rendered":"Tetra Betta Larva Sticks \u00c7ubuk Betta Bal\u0131k Yemi &#8211; 100ML"},"content":{"rendered":"","protected":false},"excerpt":{"rendered":"<p>Tetra Betta Larva Sticks 100ml \/ 33g<br \/>\n\u00d6zel larva \u015feklindeki yem \u00e7ubuklar\u0131, Betta bal\u0131klar\u0131n\u0131n t\u00fcr\u00fcne uygun beslenmesini sa\u011flar.<br \/>\nY\u00fczen ve y\u00fcksek lezzetlilikteki \u00e7ubuklar, do\u011fal renk g\u00fc\u00e7lendiriciler ile bal\u0131klar\u0131n\u0131z\u0131n canl\u0131 g\u00f6r\u00fcn\u00fcm\u00fcn\u00fc destekler.<br \/>\nKolay sindirilebilir yap\u0131s\u0131 ve do\u011fal prebiyotik i\u00e7eri\u011fi sayesinde suyun temiz kalmas\u0131na ve su kalitesinin korunmas\u0131na yard\u0131mc\u0131 olur.<br \/>\nBenzersiz form\u00fcl ve y\u00fcksek kaliteli i\u00e7erikler, renklendirici ve koruyucu katk\u0131 maddeleri kullan\u0131lmadan sa\u011fl\u0131kl\u0131 b\u00fcy\u00fcmeyi destekler.<br \/>\nTetra Betta Larva Sticks, Betta bal\u0131klar\u0131n\u0131z i\u00e7in hem sa\u011fl\u0131kl\u0131 geli\u015fim hem de g\u00f6z al\u0131c\u0131 renkler sunan ideal yemdir.<\/p>","protected":false},"featured_media":47093,"comment_status":"open","ping_status":"closed","template":"","meta":{"_acf_changed":false},"product_brand":[],"product_cat":[2381],"product_tag":[],"class_list":{"0":"post-46203","1":"product","2":"type-product","3":"status-publish","4":"has-post-thumbnail","6":"product_cat-dis-filtre-malzemeleri","8":"first","9":"instock","10":"shipping-taxable","11":"product-type-simple"},"acf":[],"yoast_head":"<!-- This site is optimized with the Yoast SEO plugin v27.5 - https:\/\/yoast.com\/product\/yoast-seo-wordpress\/ -->\n<title>Tetra Betta Larva Sticks \u00c7ubuk Betta Bal\u0131k Yemi - 100ML - Anadolu Pet Grup<\/title>\n<meta name=\"robots\" content=\"index, follow, max-snippet:-1, max-image-preview:large, max-video-preview:-1\" \/>\n<link rel=\"canonical\" href=\"https:\/\/anadolupet.com.tr\/en\/product\/tetra-betta-larva-sticks-cubuk-betta-balik-yemi-100ml\/\" \/>\n<meta property=\"og:locale\" content=\"en_US\" \/>\n<meta property=\"og:type\" content=\"article\" \/>\n<meta property=\"og:title\" content=\"Tetra Betta Larva Sticks \u00c7ubuk Betta Bal\u0131k Yemi - 100ML - Anadolu Pet Grup\" \/>\n<meta property=\"og:description\" content=\"Tetra Betta Larva Sticks 100ml \/ 33g \u00d6zel larva \u015feklindeki yem \u00e7ubuklar\u0131, Betta bal\u0131klar\u0131n\u0131n t\u00fcr\u00fcne uygun beslenmesini sa\u011flar. Y\u00fczen ve y\u00fcksek lezzetlilikteki \u00e7ubuklar, do\u011fal renk g\u00fc\u00e7lendiriciler ile bal\u0131klar\u0131n\u0131z\u0131n canl\u0131 g\u00f6r\u00fcn\u00fcm\u00fcn\u00fc destekler. Kolay sindirilebilir yap\u0131s\u0131 ve do\u011fal prebiyotik i\u00e7eri\u011fi sayesinde suyun temiz kalmas\u0131na ve su kalitesinin korunmas\u0131na yard\u0131mc\u0131 olur. Benzersiz form\u00fcl ve y\u00fcksek kaliteli i\u00e7erikler, renklendirici ve koruyucu katk\u0131 maddeleri kullan\u0131lmadan sa\u011fl\u0131kl\u0131 b\u00fcy\u00fcmeyi destekler. Tetra Betta Larva Sticks, Betta bal\u0131klar\u0131n\u0131z i\u00e7in hem sa\u011fl\u0131kl\u0131 geli\u015fim hem de g\u00f6z al\u0131c\u0131 renkler sunan ideal yemdir.\" \/>\n<meta property=\"og:url\" content=\"https:\/\/anadolupet.com.tr\/en\/product\/tetra-betta-larva-sticks-cubuk-betta-balik-yemi-100ml\/\" \/>\n<meta property=\"og:site_name\" content=\"Anadolu Pet Grup\" \/>\n<meta property=\"article:modified_time\" content=\"2026-02-23T16:49:09+00:00\" \/>\n<meta property=\"og:image\" content=\"https:\/\/anadolupet.com.tr\/wp-content\/uploads\/2026\/02\/400-709483.jpg\" \/>\n\t<meta property=\"og:image:width\" content=\"750\" \/>\n\t<meta property=\"og:image:height\" content=\"750\" \/>\n\t<meta property=\"og:image:type\" content=\"image\/jpeg\" \/>\n<meta name=\"twitter:card\" content=\"summary_large_image\" \/>\n<script type=\"application\/ld+json\" class=\"yoast-schema-graph\">{\"@context\":\"https:\\\/\\\/schema.org\",\"@graph\":[{\"@type\":\"WebPage\",\"@id\":\"https:\\\/\\\/anadolupet.com.tr\\\/urun\\\/tetra-betta-larva-sticks-cubuk-betta-balik-yemi-100ml\\\/\",\"url\":\"https:\\\/\\\/anadolupet.com.tr\\\/urun\\\/tetra-betta-larva-sticks-cubuk-betta-balik-yemi-100ml\\\/\",\"name\":\"Tetra Betta Larva Sticks \u00c7ubuk Betta Bal\u0131k Yemi - 100ML - Anadolu Pet Grup\",\"isPartOf\":{\"@id\":\"https:\\\/\\\/anadolupet.com.tr\\\/#website\"},\"primaryImageOfPage\":{\"@id\":\"https:\\\/\\\/anadolupet.com.tr\\\/urun\\\/tetra-betta-larva-sticks-cubuk-betta-balik-yemi-100ml\\\/#primaryimage\"},\"image\":{\"@id\":\"https:\\\/\\\/anadolupet.com.tr\\\/urun\\\/tetra-betta-larva-sticks-cubuk-betta-balik-yemi-100ml\\\/#primaryimage\"},\"thumbnailUrl\":\"https:\\\/\\\/anadolupet.com.tr\\\/wp-content\\\/uploads\\\/2026\\\/02\\\/400-709483.jpg\",\"datePublished\":\"2026-02-14T14:46:01+00:00\",\"dateModified\":\"2026-02-23T16:49:09+00:00\",\"breadcrumb\":{\"@id\":\"https:\\\/\\\/anadolupet.com.tr\\\/urun\\\/tetra-betta-larva-sticks-cubuk-betta-balik-yemi-100ml\\\/#breadcrumb\"},\"inLanguage\":\"en-US\",\"potentialAction\":[{\"@type\":\"ReadAction\",\"target\":[\"https:\\\/\\\/anadolupet.com.tr\\\/urun\\\/tetra-betta-larva-sticks-cubuk-betta-balik-yemi-100ml\\\/\"]}]},{\"@type\":\"ImageObject\",\"inLanguage\":\"en-US\",\"@id\":\"https:\\\/\\\/anadolupet.com.tr\\\/urun\\\/tetra-betta-larva-sticks-cubuk-betta-balik-yemi-100ml\\\/#primaryimage\",\"url\":\"https:\\\/\\\/anadolupet.com.tr\\\/wp-content\\\/uploads\\\/2026\\\/02\\\/400-709483.jpg\",\"contentUrl\":\"https:\\\/\\\/anadolupet.com.tr\\\/wp-content\\\/uploads\\\/2026\\\/02\\\/400-709483.jpg\",\"width\":750,\"height\":750},{\"@type\":\"BreadcrumbList\",\"@id\":\"https:\\\/\\\/anadolupet.com.tr\\\/urun\\\/tetra-betta-larva-sticks-cubuk-betta-balik-yemi-100ml\\\/#breadcrumb\",\"itemListElement\":[{\"@type\":\"ListItem\",\"position\":1,\"name\":\"Anasayfa\",\"item\":\"https:\\\/\\\/anadolupet.com.tr\\\/\"},{\"@type\":\"ListItem\",\"position\":2,\"name\":\"\u00dcr\u00fcnler\",\"item\":\"https:\\\/\\\/anadolupet.com.tr\\\/urunler\\\/\"},{\"@type\":\"ListItem\",\"position\":3,\"name\":\"Tetra Betta Larva Sticks \u00c7ubuk Betta Bal\u0131k Yemi &#8211; 100ML\"}]},{\"@type\":\"WebSite\",\"@id\":\"https:\\\/\\\/anadolupet.com.tr\\\/#website\",\"url\":\"https:\\\/\\\/anadolupet.com.tr\\\/\",\"name\":\"Anadolu Pet Grup\",\"description\":\"Her Can\u0131n \u0130yi Ya\u015fam\u0131 \u0130\u00e7in Biraraday\u0131z\",\"publisher\":{\"@id\":\"https:\\\/\\\/anadolupet.com.tr\\\/#organization\"},\"potentialAction\":[{\"@type\":\"SearchAction\",\"target\":{\"@type\":\"EntryPoint\",\"urlTemplate\":\"https:\\\/\\\/anadolupet.com.tr\\\/?s={search_term_string}\"},\"query-input\":{\"@type\":\"PropertyValueSpecification\",\"valueRequired\":true,\"valueName\":\"search_term_string\"}}],\"inLanguage\":\"en-US\"},{\"@type\":\"Organization\",\"@id\":\"https:\\\/\\\/anadolupet.com.tr\\\/#organization\",\"name\":\"Anadolu Pet Grup\",\"alternateName\":\"Anadolu Pet\",\"url\":\"https:\\\/\\\/anadolupet.com.tr\\\/\",\"logo\":{\"@type\":\"ImageObject\",\"inLanguage\":\"en-US\",\"@id\":\"https:\\\/\\\/anadolupet.com.tr\\\/#\\\/schema\\\/logo\\\/image\\\/\",\"url\":\"https:\\\/\\\/anadolupet.com.tr\\\/wp-content\\\/uploads\\\/2026\\\/03\\\/1614666743370.jpg\",\"contentUrl\":\"https:\\\/\\\/anadolupet.com.tr\\\/wp-content\\\/uploads\\\/2026\\\/03\\\/1614666743370.jpg\",\"width\":800,\"height\":571,\"caption\":\"Anadolu Pet Grup\"},\"image\":{\"@id\":\"https:\\\/\\\/anadolupet.com.tr\\\/#\\\/schema\\\/logo\\\/image\\\/\"}}]}<\/script>\n<!-- \/ Yoast SEO plugin. -->","yoast_head_json":{"title":"Tetra Betta Larva Sticks \u00c7ubuk Betta Bal\u0131k Yemi - 100ML - Anadolu Pet Grup","robots":{"index":"index","follow":"follow","max-snippet":"max-snippet:-1","max-image-preview":"max-image-preview:large","max-video-preview":"max-video-preview:-1"},"canonical":"https:\/\/anadolupet.com.tr\/en\/product\/tetra-betta-larva-sticks-cubuk-betta-balik-yemi-100ml\/","og_locale":"en_US","og_type":"article","og_title":"Tetra Betta Larva Sticks \u00c7ubuk Betta Bal\u0131k Yemi - 100ML - Anadolu Pet Grup","og_description":"Tetra Betta Larva Sticks 100ml \/ 33g \u00d6zel larva \u015feklindeki yem \u00e7ubuklar\u0131, Betta bal\u0131klar\u0131n\u0131n t\u00fcr\u00fcne uygun beslenmesini sa\u011flar. Y\u00fczen ve y\u00fcksek lezzetlilikteki \u00e7ubuklar, do\u011fal renk g\u00fc\u00e7lendiriciler ile bal\u0131klar\u0131n\u0131z\u0131n canl\u0131 g\u00f6r\u00fcn\u00fcm\u00fcn\u00fc destekler. Kolay sindirilebilir yap\u0131s\u0131 ve do\u011fal prebiyotik i\u00e7eri\u011fi sayesinde suyun temiz kalmas\u0131na ve su kalitesinin korunmas\u0131na yard\u0131mc\u0131 olur. Benzersiz form\u00fcl ve y\u00fcksek kaliteli i\u00e7erikler, renklendirici ve koruyucu katk\u0131 maddeleri kullan\u0131lmadan sa\u011fl\u0131kl\u0131 b\u00fcy\u00fcmeyi destekler. Tetra Betta Larva Sticks, Betta bal\u0131klar\u0131n\u0131z i\u00e7in hem sa\u011fl\u0131kl\u0131 geli\u015fim hem de g\u00f6z al\u0131c\u0131 renkler sunan ideal yemdir.","og_url":"https:\/\/anadolupet.com.tr\/en\/product\/tetra-betta-larva-sticks-cubuk-betta-balik-yemi-100ml\/","og_site_name":"Anadolu Pet Grup","article_modified_time":"2026-02-23T16:49:09+00:00","og_image":[{"width":750,"height":750,"url":"https:\/\/anadolupet.com.tr\/wp-content\/uploads\/2026\/02\/400-709483.jpg","type":"image\/jpeg"}],"twitter_card":"summary_large_image","schema":{"@context":"https:\/\/schema.org","@graph":[{"@type":"WebPage","@id":"https:\/\/anadolupet.com.tr\/urun\/tetra-betta-larva-sticks-cubuk-betta-balik-yemi-100ml\/","url":"https:\/\/anadolupet.com.tr\/urun\/tetra-betta-larva-sticks-cubuk-betta-balik-yemi-100ml\/","name":"Tetra Betta Larva Sticks \u00c7ubuk Betta Bal\u0131k Yemi - 100ML - Anadolu Pet Grup","isPartOf":{"@id":"https:\/\/anadolupet.com.tr\/#website"},"primaryImageOfPage":{"@id":"https:\/\/anadolupet.com.tr\/urun\/tetra-betta-larva-sticks-cubuk-betta-balik-yemi-100ml\/#primaryimage"},"image":{"@id":"https:\/\/anadolupet.com.tr\/urun\/tetra-betta-larva-sticks-cubuk-betta-balik-yemi-100ml\/#primaryimage"},"thumbnailUrl":"https:\/\/anadolupet.com.tr\/wp-content\/uploads\/2026\/02\/400-709483.jpg","datePublished":"2026-02-14T14:46:01+00:00","dateModified":"2026-02-23T16:49:09+00:00","breadcrumb":{"@id":"https:\/\/anadolupet.com.tr\/urun\/tetra-betta-larva-sticks-cubuk-betta-balik-yemi-100ml\/#breadcrumb"},"inLanguage":"en-US","potentialAction":[{"@type":"ReadAction","target":["https:\/\/anadolupet.com.tr\/urun\/tetra-betta-larva-sticks-cubuk-betta-balik-yemi-100ml\/"]}]},{"@type":"ImageObject","inLanguage":"en-US","@id":"https:\/\/anadolupet.com.tr\/urun\/tetra-betta-larva-sticks-cubuk-betta-balik-yemi-100ml\/#primaryimage","url":"https:\/\/anadolupet.com.tr\/wp-content\/uploads\/2026\/02\/400-709483.jpg","contentUrl":"https:\/\/anadolupet.com.tr\/wp-content\/uploads\/2026\/02\/400-709483.jpg","width":750,"height":750},{"@type":"BreadcrumbList","@id":"https:\/\/anadolupet.com.tr\/urun\/tetra-betta-larva-sticks-cubuk-betta-balik-yemi-100ml\/#breadcrumb","itemListElement":[{"@type":"ListItem","position":1,"name":"Anasayfa","item":"https:\/\/anadolupet.com.tr\/"},{"@type":"ListItem","position":2,"name":"\u00dcr\u00fcnler","item":"https:\/\/anadolupet.com.tr\/urunler\/"},{"@type":"ListItem","position":3,"name":"Tetra Betta Larva Sticks \u00c7ubuk Betta Bal\u0131k Yemi &#8211; 100ML"}]},{"@type":"WebSite","@id":"https:\/\/anadolupet.com.tr\/#website","url":"https:\/\/anadolupet.com.tr\/","name":"Anadolu Pet Group","description":"We Stand Together for the Well-Being of Every Life","publisher":{"@id":"https:\/\/anadolupet.com.tr\/#organization"},"potentialAction":[{"@type":"SearchAction","target":{"@type":"EntryPoint","urlTemplate":"https:\/\/anadolupet.com.tr\/?s={search_term_string}"},"query-input":{"@type":"PropertyValueSpecification","valueRequired":true,"valueName":"search_term_string"}}],"inLanguage":"en-US"},{"@type":"Organization","@id":"https:\/\/anadolupet.com.tr\/#organization","name":"Anadolu Pet Group","alternateName":"Anadolu Pet","url":"https:\/\/anadolupet.com.tr\/","logo":{"@type":"ImageObject","inLanguage":"en-US","@id":"https:\/\/anadolupet.com.tr\/#\/schema\/logo\/image\/","url":"https:\/\/anadolupet.com.tr\/wp-content\/uploads\/2026\/03\/1614666743370.jpg","contentUrl":"https:\/\/anadolupet.com.tr\/wp-content\/uploads\/2026\/03\/1614666743370.jpg","width":800,"height":571,"caption":"Anadolu Pet Grup"},"image":{"@id":"https:\/\/anadolupet.com.tr\/#\/schema\/logo\/image\/"}}]}},"_links":{"self":[{"href":"https:\/\/anadolupet.com.tr\/en\/wp-json\/wp\/v2\/product\/46203","targetHints":{"allow":["GET"]}}],"collection":[{"href":"https:\/\/anadolupet.com.tr\/en\/wp-json\/wp\/v2\/product"}],"about":[{"href":"https:\/\/anadolupet.com.tr\/en\/wp-json\/wp\/v2\/types\/product"}],"replies":[{"embeddable":true,"href":"https:\/\/anadolupet.com.tr\/en\/wp-json\/wp\/v2\/comments?post=46203"}],"wp:featuredmedia":[{"embeddable":true,"href":"https:\/\/anadolupet.com.tr\/en\/wp-json\/wp\/v2\/media\/47093"}],"wp:attachment":[{"href":"https:\/\/anadolupet.com.tr\/en\/wp-json\/wp\/v2\/media?parent=46203"}],"wp:term":[{"taxonomy":"product_brand","embeddable":true,"href":"https:\/\/anadolupet.com.tr\/en\/wp-json\/wp\/v2\/product_brand?post=46203"},{"taxonomy":"product_cat","embeddable":true,"href":"https:\/\/anadolupet.com.tr\/en\/wp-json\/wp\/v2\/product_cat?post=46203"},{"taxonomy":"product_tag","embeddable":true,"href":"https:\/\/anadolupet.com.tr\/en\/wp-json\/wp\/v2\/product_tag?post=46203"}],"curies":[{"name":"wp","href":"https:\/\/api.w.org\/{rel}","templated":true}]}}