{"id":46204,"date":"2026-02-14T14:46:01","date_gmt":"2026-02-14T14:46:01","guid":{"rendered":"https:\/\/anadolupet.com.tr\/urun\/tetra-betta-menu-100ml\/"},"modified":"2026-02-23T16:49:09","modified_gmt":"2026-02-23T16:49:09","slug":"tetra-betta-menu-100ml","status":"publish","type":"product","link":"https:\/\/anadolupet.com.tr\/en\/urun\/tetra-betta-menu-100ml\/","title":{"rendered":"Tetra Betta Men\u00fc 100ML"},"content":{"rendered":"","protected":false},"excerpt":{"rendered":"<p>Tetra Betta Menu 100 ml \/ 38 g<br \/>\n4 ayr\u0131 b\u00f6lmeli \u00f6zel tasar\u0131m: Mini pullar, gran\u00fcller, crisps ve Artemia ile zengin ve lezzetli bir beslenme \u00e7e\u015fitlili\u011fi sunar.<br \/>\nHer b\u00f6lme, tam besin de\u011ferini koruyarak hedefe y\u00f6nelik besleme imk\u00e2n\u0131 sa\u011flar.<br \/>\nT\u00fcr\u00fcne uygun ve dengeli beslenme ile Betta bal\u0131klar\u0131n\u0131z i\u00e7in lezzetli bir \u00e7e\u015fitlilik olu\u015fturur.<br \/>\nBesleyici mini pullar, y\u00fczge\u00e7 ve v\u00fccut kondisyonunu en iyi seviyede tutar.<br \/>\nY\u00fczen gran\u00fcller, do\u011fal renk g\u00fc\u00e7lendiriciler sayesinde bal\u0131klar\u0131n\u0131za canl\u0131 ve g\u00f6z al\u0131c\u0131 renkler kazand\u0131r\u0131r.<br \/>\nYenilik\u00e7i mini crisps, faydal\u0131 ya\u011f asitleri ile ekstra enerji ve canl\u0131l\u0131k sa\u011flar.<br \/>\nDondurulmu\u015f Artemia, do\u011fal protein kayna\u011f\u0131 olarak Betta bal\u0131klar\u0131n\u0131n do\u011fal beslenme al\u0131\u015fkanl\u0131klar\u0131n\u0131 yans\u0131t\u0131r.<br \/>\nA\u011f\u0131z boyutuna uygun ve kolay sindirilebilir yap\u0131s\u0131yla suyun kirlenmesini azalt\u0131r.<br \/>\nT\u00fcm temel besinler, vitaminler ve iz elementler ile eksiksiz bir beslenme sunar.<br \/>\nTetra FreshDelica gibi tamamlay\u0131c\u0131 yemlerle m\u00fckemmel uyum sa\u011flar.<br \/>\nTetra Betta Menu, Betta bal\u0131klar\u0131n\u0131z i\u00e7in hem sa\u011fl\u0131kl\u0131 geli\u015fim hem de g\u00f6z al\u0131c\u0131 renkler sunan, \u00e7e\u015fitlilik ve kaliteyi bir arada bulabilece\u011finiz ideal yemdir.<\/p>","protected":false},"featured_media":47066,"comment_status":"open","ping_status":"closed","template":"","meta":{"_acf_changed":false},"product_brand":[],"product_cat":[2381],"product_tag":[],"class_list":{"0":"post-46204","1":"product","2":"type-product","3":"status-publish","4":"has-post-thumbnail","6":"product_cat-dis-filtre-malzemeleri","8":"first","9":"instock","10":"shipping-taxable","11":"product-type-simple"},"acf":[],"yoast_head":"<!-- This site is optimized with the Yoast SEO plugin v27.5 - https:\/\/yoast.com\/product\/yoast-seo-wordpress\/ -->\n<title>Tetra Betta Men\u00fc 100ML - Anadolu Pet Grup<\/title>\n<meta name=\"robots\" content=\"index, follow, max-snippet:-1, max-image-preview:large, max-video-preview:-1\" \/>\n<link rel=\"canonical\" href=\"https:\/\/anadolupet.com.tr\/en\/product\/tetra-betta-menu-100ml\/\" \/>\n<meta property=\"og:locale\" content=\"en_US\" \/>\n<meta property=\"og:type\" content=\"article\" \/>\n<meta property=\"og:title\" content=\"Tetra Betta Men\u00fc 100ML - Anadolu Pet Grup\" \/>\n<meta property=\"og:description\" content=\"Tetra Betta Menu 100 ml \/ 38 g 4 ayr\u0131 b\u00f6lmeli \u00f6zel tasar\u0131m: Mini pullar, gran\u00fcller, crisps ve Artemia ile zengin ve lezzetli bir beslenme \u00e7e\u015fitlili\u011fi sunar. Her b\u00f6lme, tam besin de\u011ferini koruyarak hedefe y\u00f6nelik besleme imk\u00e2n\u0131 sa\u011flar. T\u00fcr\u00fcne uygun ve dengeli beslenme ile Betta bal\u0131klar\u0131n\u0131z i\u00e7in lezzetli bir \u00e7e\u015fitlilik olu\u015fturur. Besleyici mini pullar, y\u00fczge\u00e7 ve v\u00fccut kondisyonunu en iyi seviyede tutar. Y\u00fczen gran\u00fcller, do\u011fal renk g\u00fc\u00e7lendiriciler sayesinde bal\u0131klar\u0131n\u0131za canl\u0131 ve g\u00f6z al\u0131c\u0131 renkler kazand\u0131r\u0131r. Yenilik\u00e7i mini crisps, faydal\u0131 ya\u011f asitleri ile ekstra enerji ve canl\u0131l\u0131k sa\u011flar. Dondurulmu\u015f Artemia, do\u011fal protein kayna\u011f\u0131 olarak Betta bal\u0131klar\u0131n\u0131n do\u011fal beslenme al\u0131\u015fkanl\u0131klar\u0131n\u0131 yans\u0131t\u0131r. A\u011f\u0131z boyutuna uygun ve kolay sindirilebilir yap\u0131s\u0131yla suyun kirlenmesini azalt\u0131r. T\u00fcm temel besinler, vitaminler ve iz elementler ile eksiksiz bir beslenme sunar. Tetra FreshDelica gibi tamamlay\u0131c\u0131 yemlerle m\u00fckemmel uyum sa\u011flar. Tetra Betta Menu, Betta bal\u0131klar\u0131n\u0131z i\u00e7in hem sa\u011fl\u0131kl\u0131 geli\u015fim hem de g\u00f6z al\u0131c\u0131 renkler sunan, \u00e7e\u015fitlilik ve kaliteyi bir arada bulabilece\u011finiz ideal yemdir.\" \/>\n<meta property=\"og:url\" content=\"https:\/\/anadolupet.com.tr\/en\/product\/tetra-betta-menu-100ml\/\" \/>\n<meta property=\"og:site_name\" content=\"Anadolu Pet Grup\" \/>\n<meta property=\"article:modified_time\" content=\"2026-02-23T16:49:09+00:00\" \/>\n<meta property=\"og:image\" content=\"https:\/\/anadolupet.com.tr\/wp-content\/uploads\/2026\/02\/400-707835.jpg\" \/>\n\t<meta property=\"og:image:width\" content=\"750\" \/>\n\t<meta property=\"og:image:height\" content=\"750\" \/>\n\t<meta property=\"og:image:type\" content=\"image\/jpeg\" \/>\n<meta name=\"twitter:card\" content=\"summary_large_image\" \/>\n<script type=\"application\/ld+json\" class=\"yoast-schema-graph\">{\"@context\":\"https:\\\/\\\/schema.org\",\"@graph\":[{\"@type\":\"WebPage\",\"@id\":\"https:\\\/\\\/anadolupet.com.tr\\\/urun\\\/tetra-betta-menu-100ml\\\/\",\"url\":\"https:\\\/\\\/anadolupet.com.tr\\\/urun\\\/tetra-betta-menu-100ml\\\/\",\"name\":\"Tetra Betta Men\u00fc 100ML - Anadolu Pet Grup\",\"isPartOf\":{\"@id\":\"https:\\\/\\\/anadolupet.com.tr\\\/#website\"},\"primaryImageOfPage\":{\"@id\":\"https:\\\/\\\/anadolupet.com.tr\\\/urun\\\/tetra-betta-menu-100ml\\\/#primaryimage\"},\"image\":{\"@id\":\"https:\\\/\\\/anadolupet.com.tr\\\/urun\\\/tetra-betta-menu-100ml\\\/#primaryimage\"},\"thumbnailUrl\":\"https:\\\/\\\/anadolupet.com.tr\\\/wp-content\\\/uploads\\\/2026\\\/02\\\/400-707835.jpg\",\"datePublished\":\"2026-02-14T14:46:01+00:00\",\"dateModified\":\"2026-02-23T16:49:09+00:00\",\"breadcrumb\":{\"@id\":\"https:\\\/\\\/anadolupet.com.tr\\\/urun\\\/tetra-betta-menu-100ml\\\/#breadcrumb\"},\"inLanguage\":\"en-US\",\"potentialAction\":[{\"@type\":\"ReadAction\",\"target\":[\"https:\\\/\\\/anadolupet.com.tr\\\/urun\\\/tetra-betta-menu-100ml\\\/\"]}]},{\"@type\":\"ImageObject\",\"inLanguage\":\"en-US\",\"@id\":\"https:\\\/\\\/anadolupet.com.tr\\\/urun\\\/tetra-betta-menu-100ml\\\/#primaryimage\",\"url\":\"https:\\\/\\\/anadolupet.com.tr\\\/wp-content\\\/uploads\\\/2026\\\/02\\\/400-707835.jpg\",\"contentUrl\":\"https:\\\/\\\/anadolupet.com.tr\\\/wp-content\\\/uploads\\\/2026\\\/02\\\/400-707835.jpg\",\"width\":750,\"height\":750},{\"@type\":\"BreadcrumbList\",\"@id\":\"https:\\\/\\\/anadolupet.com.tr\\\/urun\\\/tetra-betta-menu-100ml\\\/#breadcrumb\",\"itemListElement\":[{\"@type\":\"ListItem\",\"position\":1,\"name\":\"Anasayfa\",\"item\":\"https:\\\/\\\/anadolupet.com.tr\\\/\"},{\"@type\":\"ListItem\",\"position\":2,\"name\":\"\u00dcr\u00fcnler\",\"item\":\"https:\\\/\\\/anadolupet.com.tr\\\/urunler\\\/\"},{\"@type\":\"ListItem\",\"position\":3,\"name\":\"Tetra Betta Men\u00fc 100ML\"}]},{\"@type\":\"WebSite\",\"@id\":\"https:\\\/\\\/anadolupet.com.tr\\\/#website\",\"url\":\"https:\\\/\\\/anadolupet.com.tr\\\/\",\"name\":\"Anadolu Pet Grup\",\"description\":\"Her Can\u0131n \u0130yi Ya\u015fam\u0131 \u0130\u00e7in Biraraday\u0131z\",\"publisher\":{\"@id\":\"https:\\\/\\\/anadolupet.com.tr\\\/#organization\"},\"potentialAction\":[{\"@type\":\"SearchAction\",\"target\":{\"@type\":\"EntryPoint\",\"urlTemplate\":\"https:\\\/\\\/anadolupet.com.tr\\\/?s={search_term_string}\"},\"query-input\":{\"@type\":\"PropertyValueSpecification\",\"valueRequired\":true,\"valueName\":\"search_term_string\"}}],\"inLanguage\":\"en-US\"},{\"@type\":\"Organization\",\"@id\":\"https:\\\/\\\/anadolupet.com.tr\\\/#organization\",\"name\":\"Anadolu Pet Grup\",\"alternateName\":\"Anadolu Pet\",\"url\":\"https:\\\/\\\/anadolupet.com.tr\\\/\",\"logo\":{\"@type\":\"ImageObject\",\"inLanguage\":\"en-US\",\"@id\":\"https:\\\/\\\/anadolupet.com.tr\\\/#\\\/schema\\\/logo\\\/image\\\/\",\"url\":\"https:\\\/\\\/anadolupet.com.tr\\\/wp-content\\\/uploads\\\/2026\\\/03\\\/1614666743370.jpg\",\"contentUrl\":\"https:\\\/\\\/anadolupet.com.tr\\\/wp-content\\\/uploads\\\/2026\\\/03\\\/1614666743370.jpg\",\"width\":800,\"height\":571,\"caption\":\"Anadolu Pet Grup\"},\"image\":{\"@id\":\"https:\\\/\\\/anadolupet.com.tr\\\/#\\\/schema\\\/logo\\\/image\\\/\"}}]}<\/script>\n<!-- \/ Yoast SEO plugin. -->","yoast_head_json":{"title":"Tetra Betta Men\u00fc 100ML - Anadolu Pet Grup","robots":{"index":"index","follow":"follow","max-snippet":"max-snippet:-1","max-image-preview":"max-image-preview:large","max-video-preview":"max-video-preview:-1"},"canonical":"https:\/\/anadolupet.com.tr\/en\/product\/tetra-betta-menu-100ml\/","og_locale":"en_US","og_type":"article","og_title":"Tetra Betta Men\u00fc 100ML - Anadolu Pet Grup","og_description":"Tetra Betta Menu 100 ml \/ 38 g 4 ayr\u0131 b\u00f6lmeli \u00f6zel tasar\u0131m: Mini pullar, gran\u00fcller, crisps ve Artemia ile zengin ve lezzetli bir beslenme \u00e7e\u015fitlili\u011fi sunar. Her b\u00f6lme, tam besin de\u011ferini koruyarak hedefe y\u00f6nelik besleme imk\u00e2n\u0131 sa\u011flar. T\u00fcr\u00fcne uygun ve dengeli beslenme ile Betta bal\u0131klar\u0131n\u0131z i\u00e7in lezzetli bir \u00e7e\u015fitlilik olu\u015fturur. Besleyici mini pullar, y\u00fczge\u00e7 ve v\u00fccut kondisyonunu en iyi seviyede tutar. Y\u00fczen gran\u00fcller, do\u011fal renk g\u00fc\u00e7lendiriciler sayesinde bal\u0131klar\u0131n\u0131za canl\u0131 ve g\u00f6z al\u0131c\u0131 renkler kazand\u0131r\u0131r. Yenilik\u00e7i mini crisps, faydal\u0131 ya\u011f asitleri ile ekstra enerji ve canl\u0131l\u0131k sa\u011flar. Dondurulmu\u015f Artemia, do\u011fal protein kayna\u011f\u0131 olarak Betta bal\u0131klar\u0131n\u0131n do\u011fal beslenme al\u0131\u015fkanl\u0131klar\u0131n\u0131 yans\u0131t\u0131r. A\u011f\u0131z boyutuna uygun ve kolay sindirilebilir yap\u0131s\u0131yla suyun kirlenmesini azalt\u0131r. T\u00fcm temel besinler, vitaminler ve iz elementler ile eksiksiz bir beslenme sunar. Tetra FreshDelica gibi tamamlay\u0131c\u0131 yemlerle m\u00fckemmel uyum sa\u011flar. Tetra Betta Menu, Betta bal\u0131klar\u0131n\u0131z i\u00e7in hem sa\u011fl\u0131kl\u0131 geli\u015fim hem de g\u00f6z al\u0131c\u0131 renkler sunan, \u00e7e\u015fitlilik ve kaliteyi bir arada bulabilece\u011finiz ideal yemdir.","og_url":"https:\/\/anadolupet.com.tr\/en\/product\/tetra-betta-menu-100ml\/","og_site_name":"Anadolu Pet Grup","article_modified_time":"2026-02-23T16:49:09+00:00","og_image":[{"width":750,"height":750,"url":"https:\/\/anadolupet.com.tr\/wp-content\/uploads\/2026\/02\/400-707835.jpg","type":"image\/jpeg"}],"twitter_card":"summary_large_image","schema":{"@context":"https:\/\/schema.org","@graph":[{"@type":"WebPage","@id":"https:\/\/anadolupet.com.tr\/urun\/tetra-betta-menu-100ml\/","url":"https:\/\/anadolupet.com.tr\/urun\/tetra-betta-menu-100ml\/","name":"Tetra Betta Men\u00fc 100ML - Anadolu Pet Grup","isPartOf":{"@id":"https:\/\/anadolupet.com.tr\/#website"},"primaryImageOfPage":{"@id":"https:\/\/anadolupet.com.tr\/urun\/tetra-betta-menu-100ml\/#primaryimage"},"image":{"@id":"https:\/\/anadolupet.com.tr\/urun\/tetra-betta-menu-100ml\/#primaryimage"},"thumbnailUrl":"https:\/\/anadolupet.com.tr\/wp-content\/uploads\/2026\/02\/400-707835.jpg","datePublished":"2026-02-14T14:46:01+00:00","dateModified":"2026-02-23T16:49:09+00:00","breadcrumb":{"@id":"https:\/\/anadolupet.com.tr\/urun\/tetra-betta-menu-100ml\/#breadcrumb"},"inLanguage":"en-US","potentialAction":[{"@type":"ReadAction","target":["https:\/\/anadolupet.com.tr\/urun\/tetra-betta-menu-100ml\/"]}]},{"@type":"ImageObject","inLanguage":"en-US","@id":"https:\/\/anadolupet.com.tr\/urun\/tetra-betta-menu-100ml\/#primaryimage","url":"https:\/\/anadolupet.com.tr\/wp-content\/uploads\/2026\/02\/400-707835.jpg","contentUrl":"https:\/\/anadolupet.com.tr\/wp-content\/uploads\/2026\/02\/400-707835.jpg","width":750,"height":750},{"@type":"BreadcrumbList","@id":"https:\/\/anadolupet.com.tr\/urun\/tetra-betta-menu-100ml\/#breadcrumb","itemListElement":[{"@type":"ListItem","position":1,"name":"Anasayfa","item":"https:\/\/anadolupet.com.tr\/"},{"@type":"ListItem","position":2,"name":"\u00dcr\u00fcnler","item":"https:\/\/anadolupet.com.tr\/urunler\/"},{"@type":"ListItem","position":3,"name":"Tetra Betta Men\u00fc 100ML"}]},{"@type":"WebSite","@id":"https:\/\/anadolupet.com.tr\/#website","url":"https:\/\/anadolupet.com.tr\/","name":"Anadolu Pet Group","description":"We Stand Together for the Well-Being of Every Life","publisher":{"@id":"https:\/\/anadolupet.com.tr\/#organization"},"potentialAction":[{"@type":"SearchAction","target":{"@type":"EntryPoint","urlTemplate":"https:\/\/anadolupet.com.tr\/?s={search_term_string}"},"query-input":{"@type":"PropertyValueSpecification","valueRequired":true,"valueName":"search_term_string"}}],"inLanguage":"en-US"},{"@type":"Organization","@id":"https:\/\/anadolupet.com.tr\/#organization","name":"Anadolu Pet Group","alternateName":"Anadolu Pet","url":"https:\/\/anadolupet.com.tr\/","logo":{"@type":"ImageObject","inLanguage":"en-US","@id":"https:\/\/anadolupet.com.tr\/#\/schema\/logo\/image\/","url":"https:\/\/anadolupet.com.tr\/wp-content\/uploads\/2026\/03\/1614666743370.jpg","contentUrl":"https:\/\/anadolupet.com.tr\/wp-content\/uploads\/2026\/03\/1614666743370.jpg","width":800,"height":571,"caption":"Anadolu Pet Grup"},"image":{"@id":"https:\/\/anadolupet.com.tr\/#\/schema\/logo\/image\/"}}]}},"_links":{"self":[{"href":"https:\/\/anadolupet.com.tr\/en\/wp-json\/wp\/v2\/product\/46204","targetHints":{"allow":["GET"]}}],"collection":[{"href":"https:\/\/anadolupet.com.tr\/en\/wp-json\/wp\/v2\/product"}],"about":[{"href":"https:\/\/anadolupet.com.tr\/en\/wp-json\/wp\/v2\/types\/product"}],"replies":[{"embeddable":true,"href":"https:\/\/anadolupet.com.tr\/en\/wp-json\/wp\/v2\/comments?post=46204"}],"wp:featuredmedia":[{"embeddable":true,"href":"https:\/\/anadolupet.com.tr\/en\/wp-json\/wp\/v2\/media\/47066"}],"wp:attachment":[{"href":"https:\/\/anadolupet.com.tr\/en\/wp-json\/wp\/v2\/media?parent=46204"}],"wp:term":[{"taxonomy":"product_brand","embeddable":true,"href":"https:\/\/anadolupet.com.tr\/en\/wp-json\/wp\/v2\/product_brand?post=46204"},{"taxonomy":"product_cat","embeddable":true,"href":"https:\/\/anadolupet.com.tr\/en\/wp-json\/wp\/v2\/product_cat?post=46204"},{"taxonomy":"product_tag","embeddable":true,"href":"https:\/\/anadolupet.com.tr\/en\/wp-json\/wp\/v2\/product_tag?post=46204"}],"curies":[{"name":"wp","href":"https:\/\/api.w.org\/{rel}","templated":true}]}}