{"id":46208,"date":"2026-02-14T14:46:02","date_gmt":"2026-02-14T14:46:02","guid":{"rendered":"https:\/\/anadolupet.com.tr\/?post_type=product&#038;p=46208"},"modified":"2026-02-23T16:49:11","modified_gmt":"2026-02-23T16:49:11","slug":"tetra-cichlid-colour-mini-ufak-taneli-renklendirici-ciclhid-balik-yemi-10lt","status":"publish","type":"product","link":"https:\/\/anadolupet.com.tr\/en\/urun\/tetra-cichlid-colour-mini-ufak-taneli-renklendirici-ciclhid-balik-yemi-10lt\/","title":{"rendered":"Tetra Cichlid Colour Mini Ufak Taneli Renklendirici Ciclhid Bal\u0131k Yemi &#8211; 10LT"},"content":{"rendered":"","protected":false},"excerpt":{"rendered":"<p>Tetra Cichlid Colour Mini \u00f6zellikle k\u00fc\u00e7\u00fck \u00e7iklit bal\u0131klar\u0131 ba\u015fta olmak \u00fczere t\u00fcm \u00e7iklitler i\u00e7in temel g\u0131da yemidir. T\u00fcm \u00e7iklit t\u00fcrlerinin \u00f6zel beslenme ihtiya\u00e7lar\u0131na uygun olarak y\u00fcksek kaliteli protein ve di\u011fer besinler a\u00e7\u0131s\u0131ndan zengin olacak \u015fekilde form\u00fcle edilmi\u015ftir.<br \/>\nTetra Cichlid Colour Mini; Harnivor ve Omnivordur yani hem et\u00e7il, hem de ot\u00e7ul \u00e7iklitler i\u00e7in uygundur. Detaylar;<br \/>\n*\u00c7iklitlerin beslenme ihtiya\u00e7lar\u0131n\u0131 kar\u015f\u0131lamak i\u00e7in y\u00fcksek kaliteli protein ve di\u011fer besinler bak\u0131m\u0131ndan zengindir.<br \/>\n*Yeni Multi Pellet form\u00fcl\u00fc t\u00fcm k\u0131rm\u0131z\u0131, turuncu ve sar\u0131 \u00e7iklitlerin parlak renklere kavu\u015fmas\u0131 i\u00e7in do\u011fal renk artt\u0131r\u0131c\u0131lar i\u00e7erir.<br \/>\n*Omnivor ve etobur \u00e7iklitler i\u00e7in \u00f6zellikle uygundur.<br \/>\n*Mini boy, k\u00fc\u00e7\u00fck \u00e7iklitler i\u00e7in uygundur<br \/>\n*Uzun ve sa\u011fl\u0131kl\u0131 bir ya\u015fam\u0131 desteklemek i\u00e7in BioAktive form\u00fcl ile.<br \/>\nDozaj;<br \/>\nK\u00fc\u00e7\u00fck miktarlarda g\u00fcnde birka\u00e7 kez besleyin.<br \/>\nMiktar;<br \/>\n10 lt<\/p>","protected":false},"featured_media":47063,"comment_status":"open","ping_status":"closed","template":"","meta":{"_acf_changed":false},"product_brand":[],"product_cat":[2418],"product_tag":[],"class_list":{"0":"post-46208","1":"product","2":"type-product","3":"status-publish","4":"has-post-thumbnail","6":"product_cat-ture-ozel-yemler","8":"first","9":"instock","10":"shipping-taxable","11":"product-type-simple"},"acf":[],"yoast_head":"<!-- This site is optimized with the Yoast SEO plugin v27.5 - https:\/\/yoast.com\/product\/yoast-seo-wordpress\/ -->\n<title>Tetra Cichlid Colour Mini Ufak Taneli Renklendirici Ciclhid Bal\u0131k Yemi - 10LT - Anadolu Pet Grup<\/title>\n<meta name=\"robots\" content=\"index, follow, max-snippet:-1, max-image-preview:large, max-video-preview:-1\" \/>\n<link rel=\"canonical\" href=\"https:\/\/anadolupet.com.tr\/en\/product\/tetra-cichlid-colour-mini-ufak-taneli-renklendirici-ciclhid-balik-yemi-10lt\/\" \/>\n<meta property=\"og:locale\" content=\"en_US\" \/>\n<meta property=\"og:type\" content=\"article\" \/>\n<meta property=\"og:title\" content=\"Tetra Cichlid Colour Mini Ufak Taneli Renklendirici Ciclhid Bal\u0131k Yemi - 10LT - Anadolu Pet Grup\" \/>\n<meta property=\"og:description\" content=\"Tetra Cichlid Colour Mini \u00f6zellikle k\u00fc\u00e7\u00fck \u00e7iklit bal\u0131klar\u0131 ba\u015fta olmak \u00fczere t\u00fcm \u00e7iklitler i\u00e7in temel g\u0131da yemidir. T\u00fcm \u00e7iklit t\u00fcrlerinin \u00f6zel beslenme ihtiya\u00e7lar\u0131na uygun olarak y\u00fcksek kaliteli protein ve di\u011fer besinler a\u00e7\u0131s\u0131ndan zengin olacak \u015fekilde form\u00fcle edilmi\u015ftir. Tetra Cichlid Colour Mini; Harnivor ve Omnivordur yani hem et\u00e7il, hem de ot\u00e7ul \u00e7iklitler i\u00e7in uygundur. Detaylar; *\u00c7iklitlerin beslenme ihtiya\u00e7lar\u0131n\u0131 kar\u015f\u0131lamak i\u00e7in y\u00fcksek kaliteli protein ve di\u011fer besinler bak\u0131m\u0131ndan zengindir. *Yeni Multi Pellet form\u00fcl\u00fc t\u00fcm k\u0131rm\u0131z\u0131, turuncu ve sar\u0131 \u00e7iklitlerin parlak renklere kavu\u015fmas\u0131 i\u00e7in do\u011fal renk artt\u0131r\u0131c\u0131lar i\u00e7erir. *Omnivor ve etobur \u00e7iklitler i\u00e7in \u00f6zellikle uygundur. *Mini boy, k\u00fc\u00e7\u00fck \u00e7iklitler i\u00e7in uygundur *Uzun ve sa\u011fl\u0131kl\u0131 bir ya\u015fam\u0131 desteklemek i\u00e7in BioAktive form\u00fcl ile. Dozaj; K\u00fc\u00e7\u00fck miktarlarda g\u00fcnde birka\u00e7 kez besleyin. Miktar; 10 lt\" \/>\n<meta property=\"og:url\" content=\"https:\/\/anadolupet.com.tr\/en\/product\/tetra-cichlid-colour-mini-ufak-taneli-renklendirici-ciclhid-balik-yemi-10lt\/\" \/>\n<meta property=\"og:site_name\" content=\"Anadolu Pet Grup\" \/>\n<meta property=\"article:modified_time\" content=\"2026-02-23T16:49:11+00:00\" \/>\n<meta property=\"og:image\" content=\"https:\/\/anadolupet.com.tr\/wp-content\/uploads\/2026\/02\/400-706533.jpg\" \/>\n\t<meta property=\"og:image:width\" content=\"750\" \/>\n\t<meta property=\"og:image:height\" content=\"750\" \/>\n\t<meta property=\"og:image:type\" content=\"image\/jpeg\" \/>\n<meta name=\"twitter:card\" content=\"summary_large_image\" \/>\n<script type=\"application\/ld+json\" class=\"yoast-schema-graph\">{\"@context\":\"https:\\\/\\\/schema.org\",\"@graph\":[{\"@type\":\"WebPage\",\"@id\":\"https:\\\/\\\/anadolupet.com.tr\\\/urun\\\/tetra-cichlid-colour-mini-ufak-taneli-renklendirici-ciclhid-balik-yemi-10lt\\\/\",\"url\":\"https:\\\/\\\/anadolupet.com.tr\\\/urun\\\/tetra-cichlid-colour-mini-ufak-taneli-renklendirici-ciclhid-balik-yemi-10lt\\\/\",\"name\":\"Tetra Cichlid Colour Mini Ufak Taneli Renklendirici Ciclhid Bal\u0131k Yemi - 10LT - Anadolu Pet Grup\",\"isPartOf\":{\"@id\":\"https:\\\/\\\/anadolupet.com.tr\\\/#website\"},\"primaryImageOfPage\":{\"@id\":\"https:\\\/\\\/anadolupet.com.tr\\\/urun\\\/tetra-cichlid-colour-mini-ufak-taneli-renklendirici-ciclhid-balik-yemi-10lt\\\/#primaryimage\"},\"image\":{\"@id\":\"https:\\\/\\\/anadolupet.com.tr\\\/urun\\\/tetra-cichlid-colour-mini-ufak-taneli-renklendirici-ciclhid-balik-yemi-10lt\\\/#primaryimage\"},\"thumbnailUrl\":\"https:\\\/\\\/anadolupet.com.tr\\\/wp-content\\\/uploads\\\/2026\\\/02\\\/400-706533.jpg\",\"datePublished\":\"2026-02-14T14:46:02+00:00\",\"dateModified\":\"2026-02-23T16:49:11+00:00\",\"breadcrumb\":{\"@id\":\"https:\\\/\\\/anadolupet.com.tr\\\/urun\\\/tetra-cichlid-colour-mini-ufak-taneli-renklendirici-ciclhid-balik-yemi-10lt\\\/#breadcrumb\"},\"inLanguage\":\"en-US\",\"potentialAction\":[{\"@type\":\"ReadAction\",\"target\":[\"https:\\\/\\\/anadolupet.com.tr\\\/urun\\\/tetra-cichlid-colour-mini-ufak-taneli-renklendirici-ciclhid-balik-yemi-10lt\\\/\"]}]},{\"@type\":\"ImageObject\",\"inLanguage\":\"en-US\",\"@id\":\"https:\\\/\\\/anadolupet.com.tr\\\/urun\\\/tetra-cichlid-colour-mini-ufak-taneli-renklendirici-ciclhid-balik-yemi-10lt\\\/#primaryimage\",\"url\":\"https:\\\/\\\/anadolupet.com.tr\\\/wp-content\\\/uploads\\\/2026\\\/02\\\/400-706533.jpg\",\"contentUrl\":\"https:\\\/\\\/anadolupet.com.tr\\\/wp-content\\\/uploads\\\/2026\\\/02\\\/400-706533.jpg\",\"width\":750,\"height\":750},{\"@type\":\"BreadcrumbList\",\"@id\":\"https:\\\/\\\/anadolupet.com.tr\\\/urun\\\/tetra-cichlid-colour-mini-ufak-taneli-renklendirici-ciclhid-balik-yemi-10lt\\\/#breadcrumb\",\"itemListElement\":[{\"@type\":\"ListItem\",\"position\":1,\"name\":\"Anasayfa\",\"item\":\"https:\\\/\\\/anadolupet.com.tr\\\/\"},{\"@type\":\"ListItem\",\"position\":2,\"name\":\"\u00dcr\u00fcnler\",\"item\":\"https:\\\/\\\/anadolupet.com.tr\\\/urunler\\\/\"},{\"@type\":\"ListItem\",\"position\":3,\"name\":\"Tetra Cichlid Colour Mini Ufak Taneli Renklendirici Ciclhid Bal\u0131k Yemi &#8211; 10LT\"}]},{\"@type\":\"WebSite\",\"@id\":\"https:\\\/\\\/anadolupet.com.tr\\\/#website\",\"url\":\"https:\\\/\\\/anadolupet.com.tr\\\/\",\"name\":\"Anadolu Pet Grup\",\"description\":\"Her Can\u0131n \u0130yi Ya\u015fam\u0131 \u0130\u00e7in Biraraday\u0131z\",\"publisher\":{\"@id\":\"https:\\\/\\\/anadolupet.com.tr\\\/#organization\"},\"potentialAction\":[{\"@type\":\"SearchAction\",\"target\":{\"@type\":\"EntryPoint\",\"urlTemplate\":\"https:\\\/\\\/anadolupet.com.tr\\\/?s={search_term_string}\"},\"query-input\":{\"@type\":\"PropertyValueSpecification\",\"valueRequired\":true,\"valueName\":\"search_term_string\"}}],\"inLanguage\":\"en-US\"},{\"@type\":\"Organization\",\"@id\":\"https:\\\/\\\/anadolupet.com.tr\\\/#organization\",\"name\":\"Anadolu Pet Grup\",\"alternateName\":\"Anadolu Pet\",\"url\":\"https:\\\/\\\/anadolupet.com.tr\\\/\",\"logo\":{\"@type\":\"ImageObject\",\"inLanguage\":\"en-US\",\"@id\":\"https:\\\/\\\/anadolupet.com.tr\\\/#\\\/schema\\\/logo\\\/image\\\/\",\"url\":\"https:\\\/\\\/anadolupet.com.tr\\\/wp-content\\\/uploads\\\/2026\\\/03\\\/1614666743370.jpg\",\"contentUrl\":\"https:\\\/\\\/anadolupet.com.tr\\\/wp-content\\\/uploads\\\/2026\\\/03\\\/1614666743370.jpg\",\"width\":800,\"height\":571,\"caption\":\"Anadolu Pet Grup\"},\"image\":{\"@id\":\"https:\\\/\\\/anadolupet.com.tr\\\/#\\\/schema\\\/logo\\\/image\\\/\"}}]}<\/script>\n<!-- \/ Yoast SEO plugin. -->","yoast_head_json":{"title":"Tetra Cichlid Colour Mini Ufak Taneli Renklendirici Ciclhid Bal\u0131k Yemi - 10LT - Anadolu Pet Grup","robots":{"index":"index","follow":"follow","max-snippet":"max-snippet:-1","max-image-preview":"max-image-preview:large","max-video-preview":"max-video-preview:-1"},"canonical":"https:\/\/anadolupet.com.tr\/en\/product\/tetra-cichlid-colour-mini-ufak-taneli-renklendirici-ciclhid-balik-yemi-10lt\/","og_locale":"en_US","og_type":"article","og_title":"Tetra Cichlid Colour Mini Ufak Taneli Renklendirici Ciclhid Bal\u0131k Yemi - 10LT - Anadolu Pet Grup","og_description":"Tetra Cichlid Colour Mini \u00f6zellikle k\u00fc\u00e7\u00fck \u00e7iklit bal\u0131klar\u0131 ba\u015fta olmak \u00fczere t\u00fcm \u00e7iklitler i\u00e7in temel g\u0131da yemidir. T\u00fcm \u00e7iklit t\u00fcrlerinin \u00f6zel beslenme ihtiya\u00e7lar\u0131na uygun olarak y\u00fcksek kaliteli protein ve di\u011fer besinler a\u00e7\u0131s\u0131ndan zengin olacak \u015fekilde form\u00fcle edilmi\u015ftir. Tetra Cichlid Colour Mini; Harnivor ve Omnivordur yani hem et\u00e7il, hem de ot\u00e7ul \u00e7iklitler i\u00e7in uygundur. Detaylar; *\u00c7iklitlerin beslenme ihtiya\u00e7lar\u0131n\u0131 kar\u015f\u0131lamak i\u00e7in y\u00fcksek kaliteli protein ve di\u011fer besinler bak\u0131m\u0131ndan zengindir. *Yeni Multi Pellet form\u00fcl\u00fc t\u00fcm k\u0131rm\u0131z\u0131, turuncu ve sar\u0131 \u00e7iklitlerin parlak renklere kavu\u015fmas\u0131 i\u00e7in do\u011fal renk artt\u0131r\u0131c\u0131lar i\u00e7erir. *Omnivor ve etobur \u00e7iklitler i\u00e7in \u00f6zellikle uygundur. *Mini boy, k\u00fc\u00e7\u00fck \u00e7iklitler i\u00e7in uygundur *Uzun ve sa\u011fl\u0131kl\u0131 bir ya\u015fam\u0131 desteklemek i\u00e7in BioAktive form\u00fcl ile. Dozaj; K\u00fc\u00e7\u00fck miktarlarda g\u00fcnde birka\u00e7 kez besleyin. Miktar; 10 lt","og_url":"https:\/\/anadolupet.com.tr\/en\/product\/tetra-cichlid-colour-mini-ufak-taneli-renklendirici-ciclhid-balik-yemi-10lt\/","og_site_name":"Anadolu Pet Grup","article_modified_time":"2026-02-23T16:49:11+00:00","og_image":[{"width":750,"height":750,"url":"https:\/\/anadolupet.com.tr\/wp-content\/uploads\/2026\/02\/400-706533.jpg","type":"image\/jpeg"}],"twitter_card":"summary_large_image","schema":{"@context":"https:\/\/schema.org","@graph":[{"@type":"WebPage","@id":"https:\/\/anadolupet.com.tr\/urun\/tetra-cichlid-colour-mini-ufak-taneli-renklendirici-ciclhid-balik-yemi-10lt\/","url":"https:\/\/anadolupet.com.tr\/urun\/tetra-cichlid-colour-mini-ufak-taneli-renklendirici-ciclhid-balik-yemi-10lt\/","name":"Tetra Cichlid Colour Mini Ufak Taneli Renklendirici Ciclhid Bal\u0131k Yemi - 10LT - Anadolu Pet Grup","isPartOf":{"@id":"https:\/\/anadolupet.com.tr\/#website"},"primaryImageOfPage":{"@id":"https:\/\/anadolupet.com.tr\/urun\/tetra-cichlid-colour-mini-ufak-taneli-renklendirici-ciclhid-balik-yemi-10lt\/#primaryimage"},"image":{"@id":"https:\/\/anadolupet.com.tr\/urun\/tetra-cichlid-colour-mini-ufak-taneli-renklendirici-ciclhid-balik-yemi-10lt\/#primaryimage"},"thumbnailUrl":"https:\/\/anadolupet.com.tr\/wp-content\/uploads\/2026\/02\/400-706533.jpg","datePublished":"2026-02-14T14:46:02+00:00","dateModified":"2026-02-23T16:49:11+00:00","breadcrumb":{"@id":"https:\/\/anadolupet.com.tr\/urun\/tetra-cichlid-colour-mini-ufak-taneli-renklendirici-ciclhid-balik-yemi-10lt\/#breadcrumb"},"inLanguage":"en-US","potentialAction":[{"@type":"ReadAction","target":["https:\/\/anadolupet.com.tr\/urun\/tetra-cichlid-colour-mini-ufak-taneli-renklendirici-ciclhid-balik-yemi-10lt\/"]}]},{"@type":"ImageObject","inLanguage":"en-US","@id":"https:\/\/anadolupet.com.tr\/urun\/tetra-cichlid-colour-mini-ufak-taneli-renklendirici-ciclhid-balik-yemi-10lt\/#primaryimage","url":"https:\/\/anadolupet.com.tr\/wp-content\/uploads\/2026\/02\/400-706533.jpg","contentUrl":"https:\/\/anadolupet.com.tr\/wp-content\/uploads\/2026\/02\/400-706533.jpg","width":750,"height":750},{"@type":"BreadcrumbList","@id":"https:\/\/anadolupet.com.tr\/urun\/tetra-cichlid-colour-mini-ufak-taneli-renklendirici-ciclhid-balik-yemi-10lt\/#breadcrumb","itemListElement":[{"@type":"ListItem","position":1,"name":"Anasayfa","item":"https:\/\/anadolupet.com.tr\/"},{"@type":"ListItem","position":2,"name":"\u00dcr\u00fcnler","item":"https:\/\/anadolupet.com.tr\/urunler\/"},{"@type":"ListItem","position":3,"name":"Tetra Cichlid Colour Mini Ufak Taneli Renklendirici Ciclhid Bal\u0131k Yemi &#8211; 10LT"}]},{"@type":"WebSite","@id":"https:\/\/anadolupet.com.tr\/#website","url":"https:\/\/anadolupet.com.tr\/","name":"Anadolu Pet Group","description":"We Stand Together for the Well-Being of Every Life","publisher":{"@id":"https:\/\/anadolupet.com.tr\/#organization"},"potentialAction":[{"@type":"SearchAction","target":{"@type":"EntryPoint","urlTemplate":"https:\/\/anadolupet.com.tr\/?s={search_term_string}"},"query-input":{"@type":"PropertyValueSpecification","valueRequired":true,"valueName":"search_term_string"}}],"inLanguage":"en-US"},{"@type":"Organization","@id":"https:\/\/anadolupet.com.tr\/#organization","name":"Anadolu Pet Group","alternateName":"Anadolu Pet","url":"https:\/\/anadolupet.com.tr\/","logo":{"@type":"ImageObject","inLanguage":"en-US","@id":"https:\/\/anadolupet.com.tr\/#\/schema\/logo\/image\/","url":"https:\/\/anadolupet.com.tr\/wp-content\/uploads\/2026\/03\/1614666743370.jpg","contentUrl":"https:\/\/anadolupet.com.tr\/wp-content\/uploads\/2026\/03\/1614666743370.jpg","width":800,"height":571,"caption":"Anadolu Pet Grup"},"image":{"@id":"https:\/\/anadolupet.com.tr\/#\/schema\/logo\/image\/"}}]}},"_links":{"self":[{"href":"https:\/\/anadolupet.com.tr\/en\/wp-json\/wp\/v2\/product\/46208","targetHints":{"allow":["GET"]}}],"collection":[{"href":"https:\/\/anadolupet.com.tr\/en\/wp-json\/wp\/v2\/product"}],"about":[{"href":"https:\/\/anadolupet.com.tr\/en\/wp-json\/wp\/v2\/types\/product"}],"replies":[{"embeddable":true,"href":"https:\/\/anadolupet.com.tr\/en\/wp-json\/wp\/v2\/comments?post=46208"}],"wp:featuredmedia":[{"embeddable":true,"href":"https:\/\/anadolupet.com.tr\/en\/wp-json\/wp\/v2\/media\/47063"}],"wp:attachment":[{"href":"https:\/\/anadolupet.com.tr\/en\/wp-json\/wp\/v2\/media?parent=46208"}],"wp:term":[{"taxonomy":"product_brand","embeddable":true,"href":"https:\/\/anadolupet.com.tr\/en\/wp-json\/wp\/v2\/product_brand?post=46208"},{"taxonomy":"product_cat","embeddable":true,"href":"https:\/\/anadolupet.com.tr\/en\/wp-json\/wp\/v2\/product_cat?post=46208"},{"taxonomy":"product_tag","embeddable":true,"href":"https:\/\/anadolupet.com.tr\/en\/wp-json\/wp\/v2\/product_tag?post=46208"}],"curies":[{"name":"wp","href":"https:\/\/api.w.org\/{rel}","templated":true}]}}