{"id":46212,"date":"2026-02-14T14:46:02","date_gmt":"2026-02-14T14:46:02","guid":{"rendered":"https:\/\/anadolupet.com.tr\/?post_type=product&#038;p=46212"},"modified":"2026-02-23T16:49:11","modified_gmt":"2026-02-23T16:49:11","slug":"tetra-cichlid-reptomin-energy-balik-yemi-100ml","status":"publish","type":"product","link":"https:\/\/anadolupet.com.tr\/en\/urun\/tetra-cichlid-reptomin-energy-balik-yemi-100ml\/","title":{"rendered":"Tetra Cichlid ReptoMin Energy Bal\u0131k Yemi &#8211; 100ML"},"content":{"rendered":"","protected":false},"excerpt":{"rendered":"<p>Tetra Cichlid t\u00fcm \u00e7iklitler ve di\u011fer b\u00fcy\u00fck s\u00fcs bal\u0131klar\u0131 i\u00e7in stick (\u00e7ubuk \u015feklinde) bal\u0131k yemidir. Besinsel i\u00e7eri\u011fi \u00e7ikltlerin hayvansal protein ihtiya\u00e7lar\u0131n\u0131 kar\u015f\u0131lar ve dengeli beslenmeyi sa\u011flar. Stick yap\u0131da yemler suyun y\u00fczeyinde y\u00fczerler ve kurt \u015feklinde olmalar\u0131ndan dolay\u0131 do\u011fal yeme al\u0131\u015fkanl\u0131klar\u0131na uygundur. \u0130\u00e7erdi\u011fi C Vitamini sayesinde hastal\u0131klara kar\u015f\u0131 direnci artt\u0131r\u0131r, sa\u011fl\u0131kl\u0131 geli\u015fimi destekler ve beslenme eksikli\u011fine ba\u011fl\u0131 hastal\u0131klar\u0131 \u00f6nlemeye yard\u0131mc\u0131 olur. Canl\u0131lar\u0131n do\u011fal renkleri ve canl\u0131l\u0131\u011f\u0131n\u0131 artt\u0131r\u0131r.<br \/>\nDetaylar;<br \/>\n*\u00c7ubuklar su y\u00fczeyinde y\u00fczer ve solucan benzeri boyutlar\u0131 ve \u015fekilleri sayesinde bal\u0131\u011f\u0131n do\u011fal yeme al\u0131\u015fkanl\u0131klar\u0131na uyar.<br \/>\n*Besin i\u00e7eri\u011fi \u00e7ikletlerin hayvansal protein gereksinimlerini kar\u015f\u0131lar ve do\u011fal ya\u015famda oldu\u011fu gibi dengeli bir beslenme sa\u011flar.<br \/>\n*Do\u011fal, yo\u011fun renklendirmeyi ve b\u00fcy\u00fcmeyi destekler.<br \/>\nDozaj;<br \/>\nBal\u0131\u011f\u0131n\u0131z\u0131n birka\u00e7 dakikada mitarlarda ve g\u00fcnde en az iki veya \u00fc\u00e7 kez besleyin.<br \/>\nMiktar;<br \/>\n100 ml<\/p>","protected":false},"featured_media":47121,"comment_status":"open","ping_status":"closed","template":"","meta":{"_acf_changed":false},"product_brand":[],"product_cat":[2418],"product_tag":[],"class_list":{"0":"post-46212","1":"product","2":"type-product","3":"status-publish","4":"has-post-thumbnail","6":"product_cat-ture-ozel-yemler","8":"first","9":"instock","10":"shipping-taxable","11":"product-type-simple"},"acf":[],"yoast_head":"<!-- This site is optimized with the Yoast SEO plugin v27.5 - https:\/\/yoast.com\/product\/yoast-seo-wordpress\/ -->\n<title>Tetra Cichlid ReptoMin Energy Bal\u0131k Yemi - 100ML - Anadolu Pet Grup<\/title>\n<meta name=\"robots\" content=\"index, follow, max-snippet:-1, max-image-preview:large, max-video-preview:-1\" \/>\n<link rel=\"canonical\" href=\"https:\/\/anadolupet.com.tr\/en\/product\/tetra-cichlid-reptomin-energy-balik-yemi-100ml\/\" \/>\n<meta property=\"og:locale\" content=\"en_US\" \/>\n<meta property=\"og:type\" content=\"article\" \/>\n<meta property=\"og:title\" content=\"Tetra Cichlid ReptoMin Energy Bal\u0131k Yemi - 100ML - Anadolu Pet Grup\" \/>\n<meta property=\"og:description\" content=\"Tetra Cichlid t\u00fcm \u00e7iklitler ve di\u011fer b\u00fcy\u00fck s\u00fcs bal\u0131klar\u0131 i\u00e7in stick (\u00e7ubuk \u015feklinde) bal\u0131k yemidir. Besinsel i\u00e7eri\u011fi \u00e7ikltlerin hayvansal protein ihtiya\u00e7lar\u0131n\u0131 kar\u015f\u0131lar ve dengeli beslenmeyi sa\u011flar. Stick yap\u0131da yemler suyun y\u00fczeyinde y\u00fczerler ve kurt \u015feklinde olmalar\u0131ndan dolay\u0131 do\u011fal yeme al\u0131\u015fkanl\u0131klar\u0131na uygundur. \u0130\u00e7erdi\u011fi C Vitamini sayesinde hastal\u0131klara kar\u015f\u0131 direnci artt\u0131r\u0131r, sa\u011fl\u0131kl\u0131 geli\u015fimi destekler ve beslenme eksikli\u011fine ba\u011fl\u0131 hastal\u0131klar\u0131 \u00f6nlemeye yard\u0131mc\u0131 olur. Canl\u0131lar\u0131n do\u011fal renkleri ve canl\u0131l\u0131\u011f\u0131n\u0131 artt\u0131r\u0131r. Detaylar; *\u00c7ubuklar su y\u00fczeyinde y\u00fczer ve solucan benzeri boyutlar\u0131 ve \u015fekilleri sayesinde bal\u0131\u011f\u0131n do\u011fal yeme al\u0131\u015fkanl\u0131klar\u0131na uyar. *Besin i\u00e7eri\u011fi \u00e7ikletlerin hayvansal protein gereksinimlerini kar\u015f\u0131lar ve do\u011fal ya\u015famda oldu\u011fu gibi dengeli bir beslenme sa\u011flar. *Do\u011fal, yo\u011fun renklendirmeyi ve b\u00fcy\u00fcmeyi destekler. Dozaj; Bal\u0131\u011f\u0131n\u0131z\u0131n birka\u00e7 dakikada mitarlarda ve g\u00fcnde en az iki veya \u00fc\u00e7 kez besleyin. Miktar; 100 ml\" \/>\n<meta property=\"og:url\" content=\"https:\/\/anadolupet.com.tr\/en\/product\/tetra-cichlid-reptomin-energy-balik-yemi-100ml\/\" \/>\n<meta property=\"og:site_name\" content=\"Anadolu Pet Grup\" \/>\n<meta property=\"article:modified_time\" content=\"2026-02-23T16:49:11+00:00\" \/>\n<meta property=\"og:image\" content=\"https:\/\/anadolupet.com.tr\/wp-content\/uploads\/2026\/02\/400-744340.jpg\" \/>\n\t<meta property=\"og:image:width\" content=\"750\" \/>\n\t<meta property=\"og:image:height\" content=\"750\" \/>\n\t<meta property=\"og:image:type\" content=\"image\/jpeg\" \/>\n<meta name=\"twitter:card\" content=\"summary_large_image\" \/>\n<script type=\"application\/ld+json\" class=\"yoast-schema-graph\">{\"@context\":\"https:\\\/\\\/schema.org\",\"@graph\":[{\"@type\":\"WebPage\",\"@id\":\"https:\\\/\\\/anadolupet.com.tr\\\/urun\\\/tetra-cichlid-reptomin-energy-balik-yemi-100ml\\\/\",\"url\":\"https:\\\/\\\/anadolupet.com.tr\\\/urun\\\/tetra-cichlid-reptomin-energy-balik-yemi-100ml\\\/\",\"name\":\"Tetra Cichlid ReptoMin Energy Bal\u0131k Yemi - 100ML - Anadolu Pet Grup\",\"isPartOf\":{\"@id\":\"https:\\\/\\\/anadolupet.com.tr\\\/#website\"},\"primaryImageOfPage\":{\"@id\":\"https:\\\/\\\/anadolupet.com.tr\\\/urun\\\/tetra-cichlid-reptomin-energy-balik-yemi-100ml\\\/#primaryimage\"},\"image\":{\"@id\":\"https:\\\/\\\/anadolupet.com.tr\\\/urun\\\/tetra-cichlid-reptomin-energy-balik-yemi-100ml\\\/#primaryimage\"},\"thumbnailUrl\":\"https:\\\/\\\/anadolupet.com.tr\\\/wp-content\\\/uploads\\\/2026\\\/02\\\/400-744340.jpg\",\"datePublished\":\"2026-02-14T14:46:02+00:00\",\"dateModified\":\"2026-02-23T16:49:11+00:00\",\"breadcrumb\":{\"@id\":\"https:\\\/\\\/anadolupet.com.tr\\\/urun\\\/tetra-cichlid-reptomin-energy-balik-yemi-100ml\\\/#breadcrumb\"},\"inLanguage\":\"en-US\",\"potentialAction\":[{\"@type\":\"ReadAction\",\"target\":[\"https:\\\/\\\/anadolupet.com.tr\\\/urun\\\/tetra-cichlid-reptomin-energy-balik-yemi-100ml\\\/\"]}]},{\"@type\":\"ImageObject\",\"inLanguage\":\"en-US\",\"@id\":\"https:\\\/\\\/anadolupet.com.tr\\\/urun\\\/tetra-cichlid-reptomin-energy-balik-yemi-100ml\\\/#primaryimage\",\"url\":\"https:\\\/\\\/anadolupet.com.tr\\\/wp-content\\\/uploads\\\/2026\\\/02\\\/400-744340.jpg\",\"contentUrl\":\"https:\\\/\\\/anadolupet.com.tr\\\/wp-content\\\/uploads\\\/2026\\\/02\\\/400-744340.jpg\",\"width\":750,\"height\":750},{\"@type\":\"BreadcrumbList\",\"@id\":\"https:\\\/\\\/anadolupet.com.tr\\\/urun\\\/tetra-cichlid-reptomin-energy-balik-yemi-100ml\\\/#breadcrumb\",\"itemListElement\":[{\"@type\":\"ListItem\",\"position\":1,\"name\":\"Anasayfa\",\"item\":\"https:\\\/\\\/anadolupet.com.tr\\\/\"},{\"@type\":\"ListItem\",\"position\":2,\"name\":\"\u00dcr\u00fcnler\",\"item\":\"https:\\\/\\\/anadolupet.com.tr\\\/urunler\\\/\"},{\"@type\":\"ListItem\",\"position\":3,\"name\":\"Tetra Cichlid ReptoMin Energy Bal\u0131k Yemi &#8211; 100ML\"}]},{\"@type\":\"WebSite\",\"@id\":\"https:\\\/\\\/anadolupet.com.tr\\\/#website\",\"url\":\"https:\\\/\\\/anadolupet.com.tr\\\/\",\"name\":\"Anadolu Pet Grup\",\"description\":\"Her Can\u0131n \u0130yi Ya\u015fam\u0131 \u0130\u00e7in Biraraday\u0131z\",\"publisher\":{\"@id\":\"https:\\\/\\\/anadolupet.com.tr\\\/#organization\"},\"potentialAction\":[{\"@type\":\"SearchAction\",\"target\":{\"@type\":\"EntryPoint\",\"urlTemplate\":\"https:\\\/\\\/anadolupet.com.tr\\\/?s={search_term_string}\"},\"query-input\":{\"@type\":\"PropertyValueSpecification\",\"valueRequired\":true,\"valueName\":\"search_term_string\"}}],\"inLanguage\":\"en-US\"},{\"@type\":\"Organization\",\"@id\":\"https:\\\/\\\/anadolupet.com.tr\\\/#organization\",\"name\":\"Anadolu Pet Grup\",\"alternateName\":\"Anadolu Pet\",\"url\":\"https:\\\/\\\/anadolupet.com.tr\\\/\",\"logo\":{\"@type\":\"ImageObject\",\"inLanguage\":\"en-US\",\"@id\":\"https:\\\/\\\/anadolupet.com.tr\\\/#\\\/schema\\\/logo\\\/image\\\/\",\"url\":\"https:\\\/\\\/anadolupet.com.tr\\\/wp-content\\\/uploads\\\/2026\\\/03\\\/1614666743370.jpg\",\"contentUrl\":\"https:\\\/\\\/anadolupet.com.tr\\\/wp-content\\\/uploads\\\/2026\\\/03\\\/1614666743370.jpg\",\"width\":800,\"height\":571,\"caption\":\"Anadolu Pet Grup\"},\"image\":{\"@id\":\"https:\\\/\\\/anadolupet.com.tr\\\/#\\\/schema\\\/logo\\\/image\\\/\"}}]}<\/script>\n<!-- \/ Yoast SEO plugin. -->","yoast_head_json":{"title":"Tetra Cichlid ReptoMin Energy Bal\u0131k Yemi - 100ML - Anadolu Pet Grup","robots":{"index":"index","follow":"follow","max-snippet":"max-snippet:-1","max-image-preview":"max-image-preview:large","max-video-preview":"max-video-preview:-1"},"canonical":"https:\/\/anadolupet.com.tr\/en\/product\/tetra-cichlid-reptomin-energy-balik-yemi-100ml\/","og_locale":"en_US","og_type":"article","og_title":"Tetra Cichlid ReptoMin Energy Bal\u0131k Yemi - 100ML - Anadolu Pet Grup","og_description":"Tetra Cichlid t\u00fcm \u00e7iklitler ve di\u011fer b\u00fcy\u00fck s\u00fcs bal\u0131klar\u0131 i\u00e7in stick (\u00e7ubuk \u015feklinde) bal\u0131k yemidir. Besinsel i\u00e7eri\u011fi \u00e7ikltlerin hayvansal protein ihtiya\u00e7lar\u0131n\u0131 kar\u015f\u0131lar ve dengeli beslenmeyi sa\u011flar. Stick yap\u0131da yemler suyun y\u00fczeyinde y\u00fczerler ve kurt \u015feklinde olmalar\u0131ndan dolay\u0131 do\u011fal yeme al\u0131\u015fkanl\u0131klar\u0131na uygundur. \u0130\u00e7erdi\u011fi C Vitamini sayesinde hastal\u0131klara kar\u015f\u0131 direnci artt\u0131r\u0131r, sa\u011fl\u0131kl\u0131 geli\u015fimi destekler ve beslenme eksikli\u011fine ba\u011fl\u0131 hastal\u0131klar\u0131 \u00f6nlemeye yard\u0131mc\u0131 olur. Canl\u0131lar\u0131n do\u011fal renkleri ve canl\u0131l\u0131\u011f\u0131n\u0131 artt\u0131r\u0131r. Detaylar; *\u00c7ubuklar su y\u00fczeyinde y\u00fczer ve solucan benzeri boyutlar\u0131 ve \u015fekilleri sayesinde bal\u0131\u011f\u0131n do\u011fal yeme al\u0131\u015fkanl\u0131klar\u0131na uyar. *Besin i\u00e7eri\u011fi \u00e7ikletlerin hayvansal protein gereksinimlerini kar\u015f\u0131lar ve do\u011fal ya\u015famda oldu\u011fu gibi dengeli bir beslenme sa\u011flar. *Do\u011fal, yo\u011fun renklendirmeyi ve b\u00fcy\u00fcmeyi destekler. Dozaj; Bal\u0131\u011f\u0131n\u0131z\u0131n birka\u00e7 dakikada mitarlarda ve g\u00fcnde en az iki veya \u00fc\u00e7 kez besleyin. Miktar; 100 ml","og_url":"https:\/\/anadolupet.com.tr\/en\/product\/tetra-cichlid-reptomin-energy-balik-yemi-100ml\/","og_site_name":"Anadolu Pet Grup","article_modified_time":"2026-02-23T16:49:11+00:00","og_image":[{"width":750,"height":750,"url":"https:\/\/anadolupet.com.tr\/wp-content\/uploads\/2026\/02\/400-744340.jpg","type":"image\/jpeg"}],"twitter_card":"summary_large_image","schema":{"@context":"https:\/\/schema.org","@graph":[{"@type":"WebPage","@id":"https:\/\/anadolupet.com.tr\/urun\/tetra-cichlid-reptomin-energy-balik-yemi-100ml\/","url":"https:\/\/anadolupet.com.tr\/urun\/tetra-cichlid-reptomin-energy-balik-yemi-100ml\/","name":"Tetra Cichlid ReptoMin Energy Bal\u0131k Yemi - 100ML - Anadolu Pet Grup","isPartOf":{"@id":"https:\/\/anadolupet.com.tr\/#website"},"primaryImageOfPage":{"@id":"https:\/\/anadolupet.com.tr\/urun\/tetra-cichlid-reptomin-energy-balik-yemi-100ml\/#primaryimage"},"image":{"@id":"https:\/\/anadolupet.com.tr\/urun\/tetra-cichlid-reptomin-energy-balik-yemi-100ml\/#primaryimage"},"thumbnailUrl":"https:\/\/anadolupet.com.tr\/wp-content\/uploads\/2026\/02\/400-744340.jpg","datePublished":"2026-02-14T14:46:02+00:00","dateModified":"2026-02-23T16:49:11+00:00","breadcrumb":{"@id":"https:\/\/anadolupet.com.tr\/urun\/tetra-cichlid-reptomin-energy-balik-yemi-100ml\/#breadcrumb"},"inLanguage":"en-US","potentialAction":[{"@type":"ReadAction","target":["https:\/\/anadolupet.com.tr\/urun\/tetra-cichlid-reptomin-energy-balik-yemi-100ml\/"]}]},{"@type":"ImageObject","inLanguage":"en-US","@id":"https:\/\/anadolupet.com.tr\/urun\/tetra-cichlid-reptomin-energy-balik-yemi-100ml\/#primaryimage","url":"https:\/\/anadolupet.com.tr\/wp-content\/uploads\/2026\/02\/400-744340.jpg","contentUrl":"https:\/\/anadolupet.com.tr\/wp-content\/uploads\/2026\/02\/400-744340.jpg","width":750,"height":750},{"@type":"BreadcrumbList","@id":"https:\/\/anadolupet.com.tr\/urun\/tetra-cichlid-reptomin-energy-balik-yemi-100ml\/#breadcrumb","itemListElement":[{"@type":"ListItem","position":1,"name":"Anasayfa","item":"https:\/\/anadolupet.com.tr\/"},{"@type":"ListItem","position":2,"name":"\u00dcr\u00fcnler","item":"https:\/\/anadolupet.com.tr\/urunler\/"},{"@type":"ListItem","position":3,"name":"Tetra Cichlid ReptoMin Energy Bal\u0131k Yemi &#8211; 100ML"}]},{"@type":"WebSite","@id":"https:\/\/anadolupet.com.tr\/#website","url":"https:\/\/anadolupet.com.tr\/","name":"Anadolu Pet Group","description":"We Stand Together for the Well-Being of Every Life","publisher":{"@id":"https:\/\/anadolupet.com.tr\/#organization"},"potentialAction":[{"@type":"SearchAction","target":{"@type":"EntryPoint","urlTemplate":"https:\/\/anadolupet.com.tr\/?s={search_term_string}"},"query-input":{"@type":"PropertyValueSpecification","valueRequired":true,"valueName":"search_term_string"}}],"inLanguage":"en-US"},{"@type":"Organization","@id":"https:\/\/anadolupet.com.tr\/#organization","name":"Anadolu Pet Group","alternateName":"Anadolu Pet","url":"https:\/\/anadolupet.com.tr\/","logo":{"@type":"ImageObject","inLanguage":"en-US","@id":"https:\/\/anadolupet.com.tr\/#\/schema\/logo\/image\/","url":"https:\/\/anadolupet.com.tr\/wp-content\/uploads\/2026\/03\/1614666743370.jpg","contentUrl":"https:\/\/anadolupet.com.tr\/wp-content\/uploads\/2026\/03\/1614666743370.jpg","width":800,"height":571,"caption":"Anadolu Pet Grup"},"image":{"@id":"https:\/\/anadolupet.com.tr\/#\/schema\/logo\/image\/"}}]}},"_links":{"self":[{"href":"https:\/\/anadolupet.com.tr\/en\/wp-json\/wp\/v2\/product\/46212","targetHints":{"allow":["GET"]}}],"collection":[{"href":"https:\/\/anadolupet.com.tr\/en\/wp-json\/wp\/v2\/product"}],"about":[{"href":"https:\/\/anadolupet.com.tr\/en\/wp-json\/wp\/v2\/types\/product"}],"replies":[{"embeddable":true,"href":"https:\/\/anadolupet.com.tr\/en\/wp-json\/wp\/v2\/comments?post=46212"}],"wp:featuredmedia":[{"embeddable":true,"href":"https:\/\/anadolupet.com.tr\/en\/wp-json\/wp\/v2\/media\/47121"}],"wp:attachment":[{"href":"https:\/\/anadolupet.com.tr\/en\/wp-json\/wp\/v2\/media?parent=46212"}],"wp:term":[{"taxonomy":"product_brand","embeddable":true,"href":"https:\/\/anadolupet.com.tr\/en\/wp-json\/wp\/v2\/product_brand?post=46212"},{"taxonomy":"product_cat","embeddable":true,"href":"https:\/\/anadolupet.com.tr\/en\/wp-json\/wp\/v2\/product_cat?post=46212"},{"taxonomy":"product_tag","embeddable":true,"href":"https:\/\/anadolupet.com.tr\/en\/wp-json\/wp\/v2\/product_tag?post=46212"}],"curies":[{"name":"wp","href":"https:\/\/api.w.org\/{rel}","templated":true}]}}