{"id":46213,"date":"2026-02-14T14:46:02","date_gmt":"2026-02-14T14:46:02","guid":{"rendered":"https:\/\/anadolupet.com.tr\/?post_type=product&#038;p=46213"},"modified":"2026-02-23T16:49:11","modified_gmt":"2026-02-23T16:49:11","slug":"tetra-cichlid-shrimp-sticks-cichlid-cubuk-balik-yemi-karidesli-250ml","status":"publish","type":"product","link":"https:\/\/anadolupet.com.tr\/en\/urun\/tetra-cichlid-shrimp-sticks-cichlid-cubuk-balik-yemi-karidesli-250ml\/","title":{"rendered":"Tetra Cichlid Shrimp Sticks Cichlid \u00c7ubuk Bal\u0131k Yemi &#8211; Karidesli &#8211; 250ML"},"content":{"rendered":"","protected":false},"excerpt":{"rendered":"<p>Tetra Cichlid Shrimp Sticks t\u00fcm et\u00e7il beslenen \u00e7iklit t\u00fcr\u00fc bal\u0131klar i\u00e7in \u00fcretilmi\u015f, %55 gibi y\u00fcksek oranda kurutulmu\u015f karides i\u00e7eren kaliteli bir yemdir. Tetra Cichlid Shrimp Sticks i\u00e7erdi\u011fi yo\u011fun miktardaki proteinler sayesinde \u00f6zellikle b\u00fcy\u00fcme devresindeki bal\u0131klar i\u00e7in kullan\u0131ld\u0131\u011f\u0131nda b\u00fcy\u00fcmeyi g\u00f6zle g\u00f6r\u00fcl\u00fcr \u015fekilde h\u0131zland\u0131r\u0131r. \u00dcreme d\u00f6nemindeki bal\u0131klarda yumurta say\u0131s\u0131n\u0131 art\u0131rmaya yard\u0131mc\u0131 olabilmesi sebebi ile \u00f6zellikle tavsiye edilir.<br \/>\nDetaylar;<br \/>\n*Y\u00fcksek oranda dondurularak kurutulmu\u015f karides i\u00e7eri\u011fi (% 55).<br \/>\n*Enerji sa\u011flay\u0131c\u0131 y\u00fcksek kaliteli ya\u011f asitleri ile hastal\u0131\u011fa kar\u015f\u0131 direnci artt\u0131r\u0131r.<br \/>\n*Do\u011fal, yo\u011fun renklendirmeyi ve b\u00fcy\u00fcmeyi destekler.<br \/>\n*T\u00fcm et\u00e7il s\u00fcs bal\u0131klar\u0131n\u0131n beslenmesi i\u00e7in ideal b\u015fr yemdir.<br \/>\nDozaj;<br \/>\nG\u00fcnde birka\u00e7 kez besleyin.<br \/>\nMiktar;<br \/>\n250 ml<\/p>","protected":false},"featured_media":47130,"comment_status":"open","ping_status":"closed","template":"","meta":{"_acf_changed":false},"product_brand":[],"product_cat":[2418],"product_tag":[],"class_list":{"0":"post-46213","1":"product","2":"type-product","3":"status-publish","4":"has-post-thumbnail","6":"product_cat-ture-ozel-yemler","8":"first","9":"instock","10":"shipping-taxable","11":"product-type-simple"},"acf":[],"yoast_head":"<!-- This site is optimized with the Yoast SEO plugin v27.5 - https:\/\/yoast.com\/product\/yoast-seo-wordpress\/ -->\n<title>Tetra Cichlid Shrimp Sticks Cichlid \u00c7ubuk Bal\u0131k Yemi - Karidesli - 250ML - Anadolu Pet Grup<\/title>\n<meta name=\"robots\" content=\"index, follow, max-snippet:-1, max-image-preview:large, max-video-preview:-1\" \/>\n<link rel=\"canonical\" href=\"https:\/\/anadolupet.com.tr\/en\/product\/tetra-cichlid-shrimp-sticks-cichlid-cubuk-balik-yemi-karidesli-250ml\/\" \/>\n<meta property=\"og:locale\" content=\"en_US\" \/>\n<meta property=\"og:type\" content=\"article\" \/>\n<meta property=\"og:title\" content=\"Tetra Cichlid Shrimp Sticks Cichlid \u00c7ubuk Bal\u0131k Yemi - Karidesli - 250ML - Anadolu Pet Grup\" \/>\n<meta property=\"og:description\" content=\"Tetra Cichlid Shrimp Sticks t\u00fcm et\u00e7il beslenen \u00e7iklit t\u00fcr\u00fc bal\u0131klar i\u00e7in \u00fcretilmi\u015f, %55 gibi y\u00fcksek oranda kurutulmu\u015f karides i\u00e7eren kaliteli bir yemdir. Tetra Cichlid Shrimp Sticks i\u00e7erdi\u011fi yo\u011fun miktardaki proteinler sayesinde \u00f6zellikle b\u00fcy\u00fcme devresindeki bal\u0131klar i\u00e7in kullan\u0131ld\u0131\u011f\u0131nda b\u00fcy\u00fcmeyi g\u00f6zle g\u00f6r\u00fcl\u00fcr \u015fekilde h\u0131zland\u0131r\u0131r. \u00dcreme d\u00f6nemindeki bal\u0131klarda yumurta say\u0131s\u0131n\u0131 art\u0131rmaya yard\u0131mc\u0131 olabilmesi sebebi ile \u00f6zellikle tavsiye edilir. Detaylar; *Y\u00fcksek oranda dondurularak kurutulmu\u015f karides i\u00e7eri\u011fi (% 55). *Enerji sa\u011flay\u0131c\u0131 y\u00fcksek kaliteli ya\u011f asitleri ile hastal\u0131\u011fa kar\u015f\u0131 direnci artt\u0131r\u0131r. *Do\u011fal, yo\u011fun renklendirmeyi ve b\u00fcy\u00fcmeyi destekler. *T\u00fcm et\u00e7il s\u00fcs bal\u0131klar\u0131n\u0131n beslenmesi i\u00e7in ideal b\u015fr yemdir. Dozaj; G\u00fcnde birka\u00e7 kez besleyin. Miktar; 250 ml\" \/>\n<meta property=\"og:url\" content=\"https:\/\/anadolupet.com.tr\/en\/product\/tetra-cichlid-shrimp-sticks-cichlid-cubuk-balik-yemi-karidesli-250ml\/\" \/>\n<meta property=\"og:site_name\" content=\"Anadolu Pet Grup\" \/>\n<meta property=\"article:modified_time\" content=\"2026-02-23T16:49:11+00:00\" \/>\n<meta property=\"og:image\" content=\"https:\/\/anadolupet.com.tr\/wp-content\/uploads\/2026\/02\/400-754232.jpg\" \/>\n\t<meta property=\"og:image:width\" content=\"750\" \/>\n\t<meta property=\"og:image:height\" content=\"750\" \/>\n\t<meta property=\"og:image:type\" content=\"image\/jpeg\" \/>\n<meta name=\"twitter:card\" content=\"summary_large_image\" \/>\n<script type=\"application\/ld+json\" class=\"yoast-schema-graph\">{\"@context\":\"https:\\\/\\\/schema.org\",\"@graph\":[{\"@type\":\"WebPage\",\"@id\":\"https:\\\/\\\/anadolupet.com.tr\\\/urun\\\/tetra-cichlid-shrimp-sticks-cichlid-cubuk-balik-yemi-karidesli-250ml\\\/\",\"url\":\"https:\\\/\\\/anadolupet.com.tr\\\/urun\\\/tetra-cichlid-shrimp-sticks-cichlid-cubuk-balik-yemi-karidesli-250ml\\\/\",\"name\":\"Tetra Cichlid Shrimp Sticks Cichlid \u00c7ubuk Bal\u0131k Yemi - Karidesli - 250ML - Anadolu Pet Grup\",\"isPartOf\":{\"@id\":\"https:\\\/\\\/anadolupet.com.tr\\\/#website\"},\"primaryImageOfPage\":{\"@id\":\"https:\\\/\\\/anadolupet.com.tr\\\/urun\\\/tetra-cichlid-shrimp-sticks-cichlid-cubuk-balik-yemi-karidesli-250ml\\\/#primaryimage\"},\"image\":{\"@id\":\"https:\\\/\\\/anadolupet.com.tr\\\/urun\\\/tetra-cichlid-shrimp-sticks-cichlid-cubuk-balik-yemi-karidesli-250ml\\\/#primaryimage\"},\"thumbnailUrl\":\"https:\\\/\\\/anadolupet.com.tr\\\/wp-content\\\/uploads\\\/2026\\\/02\\\/400-754232.jpg\",\"datePublished\":\"2026-02-14T14:46:02+00:00\",\"dateModified\":\"2026-02-23T16:49:11+00:00\",\"breadcrumb\":{\"@id\":\"https:\\\/\\\/anadolupet.com.tr\\\/urun\\\/tetra-cichlid-shrimp-sticks-cichlid-cubuk-balik-yemi-karidesli-250ml\\\/#breadcrumb\"},\"inLanguage\":\"en-US\",\"potentialAction\":[{\"@type\":\"ReadAction\",\"target\":[\"https:\\\/\\\/anadolupet.com.tr\\\/urun\\\/tetra-cichlid-shrimp-sticks-cichlid-cubuk-balik-yemi-karidesli-250ml\\\/\"]}]},{\"@type\":\"ImageObject\",\"inLanguage\":\"en-US\",\"@id\":\"https:\\\/\\\/anadolupet.com.tr\\\/urun\\\/tetra-cichlid-shrimp-sticks-cichlid-cubuk-balik-yemi-karidesli-250ml\\\/#primaryimage\",\"url\":\"https:\\\/\\\/anadolupet.com.tr\\\/wp-content\\\/uploads\\\/2026\\\/02\\\/400-754232.jpg\",\"contentUrl\":\"https:\\\/\\\/anadolupet.com.tr\\\/wp-content\\\/uploads\\\/2026\\\/02\\\/400-754232.jpg\",\"width\":750,\"height\":750},{\"@type\":\"BreadcrumbList\",\"@id\":\"https:\\\/\\\/anadolupet.com.tr\\\/urun\\\/tetra-cichlid-shrimp-sticks-cichlid-cubuk-balik-yemi-karidesli-250ml\\\/#breadcrumb\",\"itemListElement\":[{\"@type\":\"ListItem\",\"position\":1,\"name\":\"Anasayfa\",\"item\":\"https:\\\/\\\/anadolupet.com.tr\\\/\"},{\"@type\":\"ListItem\",\"position\":2,\"name\":\"\u00dcr\u00fcnler\",\"item\":\"https:\\\/\\\/anadolupet.com.tr\\\/urunler\\\/\"},{\"@type\":\"ListItem\",\"position\":3,\"name\":\"Tetra Cichlid Shrimp Sticks Cichlid \u00c7ubuk Bal\u0131k Yemi &#8211; Karidesli &#8211; 250ML\"}]},{\"@type\":\"WebSite\",\"@id\":\"https:\\\/\\\/anadolupet.com.tr\\\/#website\",\"url\":\"https:\\\/\\\/anadolupet.com.tr\\\/\",\"name\":\"Anadolu Pet Grup\",\"description\":\"Her Can\u0131n \u0130yi Ya\u015fam\u0131 \u0130\u00e7in Biraraday\u0131z\",\"publisher\":{\"@id\":\"https:\\\/\\\/anadolupet.com.tr\\\/#organization\"},\"potentialAction\":[{\"@type\":\"SearchAction\",\"target\":{\"@type\":\"EntryPoint\",\"urlTemplate\":\"https:\\\/\\\/anadolupet.com.tr\\\/?s={search_term_string}\"},\"query-input\":{\"@type\":\"PropertyValueSpecification\",\"valueRequired\":true,\"valueName\":\"search_term_string\"}}],\"inLanguage\":\"en-US\"},{\"@type\":\"Organization\",\"@id\":\"https:\\\/\\\/anadolupet.com.tr\\\/#organization\",\"name\":\"Anadolu Pet Grup\",\"alternateName\":\"Anadolu Pet\",\"url\":\"https:\\\/\\\/anadolupet.com.tr\\\/\",\"logo\":{\"@type\":\"ImageObject\",\"inLanguage\":\"en-US\",\"@id\":\"https:\\\/\\\/anadolupet.com.tr\\\/#\\\/schema\\\/logo\\\/image\\\/\",\"url\":\"https:\\\/\\\/anadolupet.com.tr\\\/wp-content\\\/uploads\\\/2026\\\/03\\\/1614666743370.jpg\",\"contentUrl\":\"https:\\\/\\\/anadolupet.com.tr\\\/wp-content\\\/uploads\\\/2026\\\/03\\\/1614666743370.jpg\",\"width\":800,\"height\":571,\"caption\":\"Anadolu Pet Grup\"},\"image\":{\"@id\":\"https:\\\/\\\/anadolupet.com.tr\\\/#\\\/schema\\\/logo\\\/image\\\/\"}}]}<\/script>\n<!-- \/ Yoast SEO plugin. -->","yoast_head_json":{"title":"Tetra Cichlid Shrimp Sticks Cichlid \u00c7ubuk Bal\u0131k Yemi - Karidesli - 250ML - Anadolu Pet Grup","robots":{"index":"index","follow":"follow","max-snippet":"max-snippet:-1","max-image-preview":"max-image-preview:large","max-video-preview":"max-video-preview:-1"},"canonical":"https:\/\/anadolupet.com.tr\/en\/product\/tetra-cichlid-shrimp-sticks-cichlid-cubuk-balik-yemi-karidesli-250ml\/","og_locale":"en_US","og_type":"article","og_title":"Tetra Cichlid Shrimp Sticks Cichlid \u00c7ubuk Bal\u0131k Yemi - Karidesli - 250ML - Anadolu Pet Grup","og_description":"Tetra Cichlid Shrimp Sticks t\u00fcm et\u00e7il beslenen \u00e7iklit t\u00fcr\u00fc bal\u0131klar i\u00e7in \u00fcretilmi\u015f, %55 gibi y\u00fcksek oranda kurutulmu\u015f karides i\u00e7eren kaliteli bir yemdir. Tetra Cichlid Shrimp Sticks i\u00e7erdi\u011fi yo\u011fun miktardaki proteinler sayesinde \u00f6zellikle b\u00fcy\u00fcme devresindeki bal\u0131klar i\u00e7in kullan\u0131ld\u0131\u011f\u0131nda b\u00fcy\u00fcmeyi g\u00f6zle g\u00f6r\u00fcl\u00fcr \u015fekilde h\u0131zland\u0131r\u0131r. \u00dcreme d\u00f6nemindeki bal\u0131klarda yumurta say\u0131s\u0131n\u0131 art\u0131rmaya yard\u0131mc\u0131 olabilmesi sebebi ile \u00f6zellikle tavsiye edilir. Detaylar; *Y\u00fcksek oranda dondurularak kurutulmu\u015f karides i\u00e7eri\u011fi (% 55). *Enerji sa\u011flay\u0131c\u0131 y\u00fcksek kaliteli ya\u011f asitleri ile hastal\u0131\u011fa kar\u015f\u0131 direnci artt\u0131r\u0131r. *Do\u011fal, yo\u011fun renklendirmeyi ve b\u00fcy\u00fcmeyi destekler. *T\u00fcm et\u00e7il s\u00fcs bal\u0131klar\u0131n\u0131n beslenmesi i\u00e7in ideal b\u015fr yemdir. Dozaj; G\u00fcnde birka\u00e7 kez besleyin. Miktar; 250 ml","og_url":"https:\/\/anadolupet.com.tr\/en\/product\/tetra-cichlid-shrimp-sticks-cichlid-cubuk-balik-yemi-karidesli-250ml\/","og_site_name":"Anadolu Pet Grup","article_modified_time":"2026-02-23T16:49:11+00:00","og_image":[{"width":750,"height":750,"url":"https:\/\/anadolupet.com.tr\/wp-content\/uploads\/2026\/02\/400-754232.jpg","type":"image\/jpeg"}],"twitter_card":"summary_large_image","schema":{"@context":"https:\/\/schema.org","@graph":[{"@type":"WebPage","@id":"https:\/\/anadolupet.com.tr\/urun\/tetra-cichlid-shrimp-sticks-cichlid-cubuk-balik-yemi-karidesli-250ml\/","url":"https:\/\/anadolupet.com.tr\/urun\/tetra-cichlid-shrimp-sticks-cichlid-cubuk-balik-yemi-karidesli-250ml\/","name":"Tetra Cichlid Shrimp Sticks Cichlid \u00c7ubuk Bal\u0131k Yemi - Karidesli - 250ML - Anadolu Pet Grup","isPartOf":{"@id":"https:\/\/anadolupet.com.tr\/#website"},"primaryImageOfPage":{"@id":"https:\/\/anadolupet.com.tr\/urun\/tetra-cichlid-shrimp-sticks-cichlid-cubuk-balik-yemi-karidesli-250ml\/#primaryimage"},"image":{"@id":"https:\/\/anadolupet.com.tr\/urun\/tetra-cichlid-shrimp-sticks-cichlid-cubuk-balik-yemi-karidesli-250ml\/#primaryimage"},"thumbnailUrl":"https:\/\/anadolupet.com.tr\/wp-content\/uploads\/2026\/02\/400-754232.jpg","datePublished":"2026-02-14T14:46:02+00:00","dateModified":"2026-02-23T16:49:11+00:00","breadcrumb":{"@id":"https:\/\/anadolupet.com.tr\/urun\/tetra-cichlid-shrimp-sticks-cichlid-cubuk-balik-yemi-karidesli-250ml\/#breadcrumb"},"inLanguage":"en-US","potentialAction":[{"@type":"ReadAction","target":["https:\/\/anadolupet.com.tr\/urun\/tetra-cichlid-shrimp-sticks-cichlid-cubuk-balik-yemi-karidesli-250ml\/"]}]},{"@type":"ImageObject","inLanguage":"en-US","@id":"https:\/\/anadolupet.com.tr\/urun\/tetra-cichlid-shrimp-sticks-cichlid-cubuk-balik-yemi-karidesli-250ml\/#primaryimage","url":"https:\/\/anadolupet.com.tr\/wp-content\/uploads\/2026\/02\/400-754232.jpg","contentUrl":"https:\/\/anadolupet.com.tr\/wp-content\/uploads\/2026\/02\/400-754232.jpg","width":750,"height":750},{"@type":"BreadcrumbList","@id":"https:\/\/anadolupet.com.tr\/urun\/tetra-cichlid-shrimp-sticks-cichlid-cubuk-balik-yemi-karidesli-250ml\/#breadcrumb","itemListElement":[{"@type":"ListItem","position":1,"name":"Anasayfa","item":"https:\/\/anadolupet.com.tr\/"},{"@type":"ListItem","position":2,"name":"\u00dcr\u00fcnler","item":"https:\/\/anadolupet.com.tr\/urunler\/"},{"@type":"ListItem","position":3,"name":"Tetra Cichlid Shrimp Sticks Cichlid \u00c7ubuk Bal\u0131k Yemi &#8211; Karidesli &#8211; 250ML"}]},{"@type":"WebSite","@id":"https:\/\/anadolupet.com.tr\/#website","url":"https:\/\/anadolupet.com.tr\/","name":"Anadolu Pet Group","description":"We Stand Together for the Well-Being of Every Life","publisher":{"@id":"https:\/\/anadolupet.com.tr\/#organization"},"potentialAction":[{"@type":"SearchAction","target":{"@type":"EntryPoint","urlTemplate":"https:\/\/anadolupet.com.tr\/?s={search_term_string}"},"query-input":{"@type":"PropertyValueSpecification","valueRequired":true,"valueName":"search_term_string"}}],"inLanguage":"en-US"},{"@type":"Organization","@id":"https:\/\/anadolupet.com.tr\/#organization","name":"Anadolu Pet Group","alternateName":"Anadolu Pet","url":"https:\/\/anadolupet.com.tr\/","logo":{"@type":"ImageObject","inLanguage":"en-US","@id":"https:\/\/anadolupet.com.tr\/#\/schema\/logo\/image\/","url":"https:\/\/anadolupet.com.tr\/wp-content\/uploads\/2026\/03\/1614666743370.jpg","contentUrl":"https:\/\/anadolupet.com.tr\/wp-content\/uploads\/2026\/03\/1614666743370.jpg","width":800,"height":571,"caption":"Anadolu Pet Grup"},"image":{"@id":"https:\/\/anadolupet.com.tr\/#\/schema\/logo\/image\/"}}]}},"_links":{"self":[{"href":"https:\/\/anadolupet.com.tr\/en\/wp-json\/wp\/v2\/product\/46213","targetHints":{"allow":["GET"]}}],"collection":[{"href":"https:\/\/anadolupet.com.tr\/en\/wp-json\/wp\/v2\/product"}],"about":[{"href":"https:\/\/anadolupet.com.tr\/en\/wp-json\/wp\/v2\/types\/product"}],"replies":[{"embeddable":true,"href":"https:\/\/anadolupet.com.tr\/en\/wp-json\/wp\/v2\/comments?post=46213"}],"wp:featuredmedia":[{"embeddable":true,"href":"https:\/\/anadolupet.com.tr\/en\/wp-json\/wp\/v2\/media\/47130"}],"wp:attachment":[{"href":"https:\/\/anadolupet.com.tr\/en\/wp-json\/wp\/v2\/media?parent=46213"}],"wp:term":[{"taxonomy":"product_brand","embeddable":true,"href":"https:\/\/anadolupet.com.tr\/en\/wp-json\/wp\/v2\/product_brand?post=46213"},{"taxonomy":"product_cat","embeddable":true,"href":"https:\/\/anadolupet.com.tr\/en\/wp-json\/wp\/v2\/product_cat?post=46213"},{"taxonomy":"product_tag","embeddable":true,"href":"https:\/\/anadolupet.com.tr\/en\/wp-json\/wp\/v2\/product_tag?post=46213"}],"curies":[{"name":"wp","href":"https:\/\/api.w.org\/{rel}","templated":true}]}}