{"id":46218,"date":"2026-02-14T14:46:03","date_gmt":"2026-02-14T14:46:03","guid":{"rendered":"https:\/\/anadolupet.com.tr\/?post_type=product&#038;p=46218"},"modified":"2026-02-23T16:49:11","modified_gmt":"2026-02-23T16:49:11","slug":"tetra-cichlid-xl-flakes-pul-balik-yemi-500ml","status":"publish","type":"product","link":"https:\/\/anadolupet.com.tr\/en\/urun\/tetra-cichlid-xl-flakes-pul-balik-yemi-500ml\/","title":{"rendered":"Tetra Cichlid XL Flakes Pul Bal\u0131k Yemi &#8211; 500ML"},"content":{"rendered":"","protected":false},"excerpt":{"rendered":"<p>Tetra Cichlid XL Flakes t\u00fcm \u00e7iklit ve di\u011fer s\u00fcs bal\u0131klar\u0131 i\u00e7in kolayl\u0131kla sindirilebilir y\u00fcksek kaliteli pul yemdir. \u0130\u00e7erdi\u011fi y\u00fcksek orandaki hayvansal protein ve bitkisel besinler sayesinde \u00e7iklit bal\u0131klar\u0131n\u0131n hayvansal protein ve bitkisel ihtiya\u00e7lar\u0131n\u0131 kolayl\u0131kla kar\u015f\u0131lar. Dengelenmi\u015f C Vitamini i\u00e7eri\u011fi sayesinde bal\u0131klar\u0131n\u0131z\u0131 hastal\u0131klara kar\u015f\u0131 korumaya yard\u0131mc\u0131 oldu\u011fu gibi sa\u011fl\u0131kl\u0131 bir \u015fekilde geli\u015fmelerine katk\u0131 sa\u011flar. Bal\u0131klar\u0131n\u0131z\u0131n do\u011fal renkleri ve canl\u0131l\u0131\u011f\u0131n\u0131 artt\u0131r\u0131r. Detaylar;<br \/>\n*Y\u00fcksek oranda hayvansal protein ve bitki besinleri i\u00e7erir.<br \/>\n*B\u00fcy\u00fck pullar, b\u00fcy\u00fck bal\u0131klar\u0131n a\u011f\u0131zlar\u0131n\u0131n boyutuna uygundur.<br \/>\n*Bal\u0131klar\u0131n avlanma ve beslenme al\u0131\u015fkanl\u0131klar\u0131na uygun olarak uyarlanm\u0131\u015ft\u0131r.<br \/>\n*Do\u011fal olarak yo\u011fun renklerini ve ayn\u0131 zamanda hastal\u0131\u011fa kar\u015f\u0131 direnci artt\u0131r\u0131r.<br \/>\n\u0130\u00e7eri\u011fi;<br \/>\nBal\u0131k ve bal\u0131k \u00fcr\u00fcnleri, tah\u0131llar, bitkisel protein ekstrakt\u0131, maya, ya\u011flar, deniz yosunu, vitaminler, mineraller, lesitin, l-lysin monoklorhidrat, do\u011fal renklendiriciler ve do\u011fal koruyucular.<br \/>\nDozaj;<br \/>\nBal\u0131\u011f\u0131n\u0131z\u0131n birka\u00e7 dakikada t\u00fcketebilece\u011fi miktarlarda ve g\u00fcnde en az iki veya \u00fc\u00e7 kez besleyin.<br \/>\nMiktar;<br \/>\n500 ml<\/p>","protected":false},"featured_media":47137,"comment_status":"open","ping_status":"closed","template":"","meta":{"_acf_changed":false},"product_brand":[],"product_cat":[2418],"product_tag":[],"class_list":{"0":"post-46218","1":"product","2":"type-product","3":"status-publish","4":"has-post-thumbnail","6":"product_cat-ture-ozel-yemler","8":"first","9":"instock","10":"shipping-taxable","11":"product-type-simple"},"acf":[],"yoast_head":"<!-- This site is optimized with the Yoast SEO plugin v27.4 - https:\/\/yoast.com\/product\/yoast-seo-wordpress\/ -->\n<title>Tetra Cichlid XL Flakes Pul Bal\u0131k Yemi - 500ML - Anadolu Pet Grup<\/title>\n<meta name=\"robots\" content=\"index, follow, max-snippet:-1, max-image-preview:large, max-video-preview:-1\" \/>\n<link rel=\"canonical\" href=\"https:\/\/anadolupet.com.tr\/en\/product\/tetra-cichlid-xl-flakes-pul-balik-yemi-500ml\/\" \/>\n<meta property=\"og:locale\" content=\"en_US\" \/>\n<meta property=\"og:type\" content=\"article\" \/>\n<meta property=\"og:title\" content=\"Tetra Cichlid XL Flakes Pul Bal\u0131k Yemi - 500ML - Anadolu Pet Grup\" \/>\n<meta property=\"og:description\" content=\"Tetra Cichlid XL Flakes t\u00fcm \u00e7iklit ve di\u011fer s\u00fcs bal\u0131klar\u0131 i\u00e7in kolayl\u0131kla sindirilebilir y\u00fcksek kaliteli pul yemdir. \u0130\u00e7erdi\u011fi y\u00fcksek orandaki hayvansal protein ve bitkisel besinler sayesinde \u00e7iklit bal\u0131klar\u0131n\u0131n hayvansal protein ve bitkisel ihtiya\u00e7lar\u0131n\u0131 kolayl\u0131kla kar\u015f\u0131lar. Dengelenmi\u015f C Vitamini i\u00e7eri\u011fi sayesinde bal\u0131klar\u0131n\u0131z\u0131 hastal\u0131klara kar\u015f\u0131 korumaya yard\u0131mc\u0131 oldu\u011fu gibi sa\u011fl\u0131kl\u0131 bir \u015fekilde geli\u015fmelerine katk\u0131 sa\u011flar. Bal\u0131klar\u0131n\u0131z\u0131n do\u011fal renkleri ve canl\u0131l\u0131\u011f\u0131n\u0131 artt\u0131r\u0131r. Detaylar; *Y\u00fcksek oranda hayvansal protein ve bitki besinleri i\u00e7erir. *B\u00fcy\u00fck pullar, b\u00fcy\u00fck bal\u0131klar\u0131n a\u011f\u0131zlar\u0131n\u0131n boyutuna uygundur. *Bal\u0131klar\u0131n avlanma ve beslenme al\u0131\u015fkanl\u0131klar\u0131na uygun olarak uyarlanm\u0131\u015ft\u0131r. *Do\u011fal olarak yo\u011fun renklerini ve ayn\u0131 zamanda hastal\u0131\u011fa kar\u015f\u0131 direnci artt\u0131r\u0131r. \u0130\u00e7eri\u011fi; Bal\u0131k ve bal\u0131k \u00fcr\u00fcnleri, tah\u0131llar, bitkisel protein ekstrakt\u0131, maya, ya\u011flar, deniz yosunu, vitaminler, mineraller, lesitin, l-lysin monoklorhidrat, do\u011fal renklendiriciler ve do\u011fal koruyucular. Dozaj; Bal\u0131\u011f\u0131n\u0131z\u0131n birka\u00e7 dakikada t\u00fcketebilece\u011fi miktarlarda ve g\u00fcnde en az iki veya \u00fc\u00e7 kez besleyin. Miktar; 500 ml\" \/>\n<meta property=\"og:url\" content=\"https:\/\/anadolupet.com.tr\/en\/product\/tetra-cichlid-xl-flakes-pul-balik-yemi-500ml\/\" \/>\n<meta property=\"og:site_name\" content=\"Anadolu Pet Grup\" \/>\n<meta property=\"article:modified_time\" content=\"2026-02-23T16:49:11+00:00\" \/>\n<meta property=\"og:image\" content=\"https:\/\/anadolupet.com.tr\/wp-content\/uploads\/2026\/02\/400-767119.jpg\" \/>\n\t<meta property=\"og:image:width\" content=\"750\" \/>\n\t<meta property=\"og:image:height\" content=\"750\" \/>\n\t<meta property=\"og:image:type\" content=\"image\/jpeg\" \/>\n<meta name=\"twitter:card\" content=\"summary_large_image\" \/>\n<script type=\"application\/ld+json\" class=\"yoast-schema-graph\">{\"@context\":\"https:\\\/\\\/schema.org\",\"@graph\":[{\"@type\":\"WebPage\",\"@id\":\"https:\\\/\\\/anadolupet.com.tr\\\/urun\\\/tetra-cichlid-xl-flakes-pul-balik-yemi-500ml\\\/\",\"url\":\"https:\\\/\\\/anadolupet.com.tr\\\/urun\\\/tetra-cichlid-xl-flakes-pul-balik-yemi-500ml\\\/\",\"name\":\"Tetra Cichlid XL Flakes Pul Bal\u0131k Yemi - 500ML - Anadolu Pet Grup\",\"isPartOf\":{\"@id\":\"https:\\\/\\\/anadolupet.com.tr\\\/#website\"},\"primaryImageOfPage\":{\"@id\":\"https:\\\/\\\/anadolupet.com.tr\\\/urun\\\/tetra-cichlid-xl-flakes-pul-balik-yemi-500ml\\\/#primaryimage\"},\"image\":{\"@id\":\"https:\\\/\\\/anadolupet.com.tr\\\/urun\\\/tetra-cichlid-xl-flakes-pul-balik-yemi-500ml\\\/#primaryimage\"},\"thumbnailUrl\":\"https:\\\/\\\/anadolupet.com.tr\\\/wp-content\\\/uploads\\\/2026\\\/02\\\/400-767119.jpg\",\"datePublished\":\"2026-02-14T14:46:03+00:00\",\"dateModified\":\"2026-02-23T16:49:11+00:00\",\"breadcrumb\":{\"@id\":\"https:\\\/\\\/anadolupet.com.tr\\\/urun\\\/tetra-cichlid-xl-flakes-pul-balik-yemi-500ml\\\/#breadcrumb\"},\"inLanguage\":\"en-US\",\"potentialAction\":[{\"@type\":\"ReadAction\",\"target\":[\"https:\\\/\\\/anadolupet.com.tr\\\/urun\\\/tetra-cichlid-xl-flakes-pul-balik-yemi-500ml\\\/\"]}]},{\"@type\":\"ImageObject\",\"inLanguage\":\"en-US\",\"@id\":\"https:\\\/\\\/anadolupet.com.tr\\\/urun\\\/tetra-cichlid-xl-flakes-pul-balik-yemi-500ml\\\/#primaryimage\",\"url\":\"https:\\\/\\\/anadolupet.com.tr\\\/wp-content\\\/uploads\\\/2026\\\/02\\\/400-767119.jpg\",\"contentUrl\":\"https:\\\/\\\/anadolupet.com.tr\\\/wp-content\\\/uploads\\\/2026\\\/02\\\/400-767119.jpg\",\"width\":750,\"height\":750},{\"@type\":\"BreadcrumbList\",\"@id\":\"https:\\\/\\\/anadolupet.com.tr\\\/urun\\\/tetra-cichlid-xl-flakes-pul-balik-yemi-500ml\\\/#breadcrumb\",\"itemListElement\":[{\"@type\":\"ListItem\",\"position\":1,\"name\":\"Anasayfa\",\"item\":\"https:\\\/\\\/anadolupet.com.tr\\\/\"},{\"@type\":\"ListItem\",\"position\":2,\"name\":\"\u00dcr\u00fcnler\",\"item\":\"https:\\\/\\\/anadolupet.com.tr\\\/urunler\\\/\"},{\"@type\":\"ListItem\",\"position\":3,\"name\":\"Tetra Cichlid XL Flakes Pul Bal\u0131k Yemi &#8211; 500ML\"}]},{\"@type\":\"WebSite\",\"@id\":\"https:\\\/\\\/anadolupet.com.tr\\\/#website\",\"url\":\"https:\\\/\\\/anadolupet.com.tr\\\/\",\"name\":\"Anadolu Pet Grup\",\"description\":\"Her Can\u0131n \u0130yi Ya\u015fam\u0131 \u0130\u00e7in Biraraday\u0131z\",\"publisher\":{\"@id\":\"https:\\\/\\\/anadolupet.com.tr\\\/#organization\"},\"potentialAction\":[{\"@type\":\"SearchAction\",\"target\":{\"@type\":\"EntryPoint\",\"urlTemplate\":\"https:\\\/\\\/anadolupet.com.tr\\\/?s={search_term_string}\"},\"query-input\":{\"@type\":\"PropertyValueSpecification\",\"valueRequired\":true,\"valueName\":\"search_term_string\"}}],\"inLanguage\":\"en-US\"},{\"@type\":\"Organization\",\"@id\":\"https:\\\/\\\/anadolupet.com.tr\\\/#organization\",\"name\":\"Anadolu Pet Grup\",\"alternateName\":\"Anadolu Pet\",\"url\":\"https:\\\/\\\/anadolupet.com.tr\\\/\",\"logo\":{\"@type\":\"ImageObject\",\"inLanguage\":\"en-US\",\"@id\":\"https:\\\/\\\/anadolupet.com.tr\\\/#\\\/schema\\\/logo\\\/image\\\/\",\"url\":\"https:\\\/\\\/anadolupet.com.tr\\\/wp-content\\\/uploads\\\/2026\\\/03\\\/1614666743370.jpg\",\"contentUrl\":\"https:\\\/\\\/anadolupet.com.tr\\\/wp-content\\\/uploads\\\/2026\\\/03\\\/1614666743370.jpg\",\"width\":800,\"height\":571,\"caption\":\"Anadolu Pet Grup\"},\"image\":{\"@id\":\"https:\\\/\\\/anadolupet.com.tr\\\/#\\\/schema\\\/logo\\\/image\\\/\"}}]}<\/script>\n<!-- \/ Yoast SEO plugin. -->","yoast_head_json":{"title":"Tetra Cichlid XL Flakes Pul Bal\u0131k Yemi - 500ML - Anadolu Pet Grup","robots":{"index":"index","follow":"follow","max-snippet":"max-snippet:-1","max-image-preview":"max-image-preview:large","max-video-preview":"max-video-preview:-1"},"canonical":"https:\/\/anadolupet.com.tr\/en\/product\/tetra-cichlid-xl-flakes-pul-balik-yemi-500ml\/","og_locale":"en_US","og_type":"article","og_title":"Tetra Cichlid XL Flakes Pul Bal\u0131k Yemi - 500ML - Anadolu Pet Grup","og_description":"Tetra Cichlid XL Flakes t\u00fcm \u00e7iklit ve di\u011fer s\u00fcs bal\u0131klar\u0131 i\u00e7in kolayl\u0131kla sindirilebilir y\u00fcksek kaliteli pul yemdir. \u0130\u00e7erdi\u011fi y\u00fcksek orandaki hayvansal protein ve bitkisel besinler sayesinde \u00e7iklit bal\u0131klar\u0131n\u0131n hayvansal protein ve bitkisel ihtiya\u00e7lar\u0131n\u0131 kolayl\u0131kla kar\u015f\u0131lar. Dengelenmi\u015f C Vitamini i\u00e7eri\u011fi sayesinde bal\u0131klar\u0131n\u0131z\u0131 hastal\u0131klara kar\u015f\u0131 korumaya yard\u0131mc\u0131 oldu\u011fu gibi sa\u011fl\u0131kl\u0131 bir \u015fekilde geli\u015fmelerine katk\u0131 sa\u011flar. Bal\u0131klar\u0131n\u0131z\u0131n do\u011fal renkleri ve canl\u0131l\u0131\u011f\u0131n\u0131 artt\u0131r\u0131r. Detaylar; *Y\u00fcksek oranda hayvansal protein ve bitki besinleri i\u00e7erir. *B\u00fcy\u00fck pullar, b\u00fcy\u00fck bal\u0131klar\u0131n a\u011f\u0131zlar\u0131n\u0131n boyutuna uygundur. *Bal\u0131klar\u0131n avlanma ve beslenme al\u0131\u015fkanl\u0131klar\u0131na uygun olarak uyarlanm\u0131\u015ft\u0131r. *Do\u011fal olarak yo\u011fun renklerini ve ayn\u0131 zamanda hastal\u0131\u011fa kar\u015f\u0131 direnci artt\u0131r\u0131r. \u0130\u00e7eri\u011fi; Bal\u0131k ve bal\u0131k \u00fcr\u00fcnleri, tah\u0131llar, bitkisel protein ekstrakt\u0131, maya, ya\u011flar, deniz yosunu, vitaminler, mineraller, lesitin, l-lysin monoklorhidrat, do\u011fal renklendiriciler ve do\u011fal koruyucular. Dozaj; Bal\u0131\u011f\u0131n\u0131z\u0131n birka\u00e7 dakikada t\u00fcketebilece\u011fi miktarlarda ve g\u00fcnde en az iki veya \u00fc\u00e7 kez besleyin. Miktar; 500 ml","og_url":"https:\/\/anadolupet.com.tr\/en\/product\/tetra-cichlid-xl-flakes-pul-balik-yemi-500ml\/","og_site_name":"Anadolu Pet Grup","article_modified_time":"2026-02-23T16:49:11+00:00","og_image":[{"width":750,"height":750,"url":"https:\/\/anadolupet.com.tr\/wp-content\/uploads\/2026\/02\/400-767119.jpg","type":"image\/jpeg"}],"twitter_card":"summary_large_image","schema":{"@context":"https:\/\/schema.org","@graph":[{"@type":"WebPage","@id":"https:\/\/anadolupet.com.tr\/urun\/tetra-cichlid-xl-flakes-pul-balik-yemi-500ml\/","url":"https:\/\/anadolupet.com.tr\/urun\/tetra-cichlid-xl-flakes-pul-balik-yemi-500ml\/","name":"Tetra Cichlid XL Flakes Pul Bal\u0131k Yemi - 500ML - Anadolu Pet Grup","isPartOf":{"@id":"https:\/\/anadolupet.com.tr\/#website"},"primaryImageOfPage":{"@id":"https:\/\/anadolupet.com.tr\/urun\/tetra-cichlid-xl-flakes-pul-balik-yemi-500ml\/#primaryimage"},"image":{"@id":"https:\/\/anadolupet.com.tr\/urun\/tetra-cichlid-xl-flakes-pul-balik-yemi-500ml\/#primaryimage"},"thumbnailUrl":"https:\/\/anadolupet.com.tr\/wp-content\/uploads\/2026\/02\/400-767119.jpg","datePublished":"2026-02-14T14:46:03+00:00","dateModified":"2026-02-23T16:49:11+00:00","breadcrumb":{"@id":"https:\/\/anadolupet.com.tr\/urun\/tetra-cichlid-xl-flakes-pul-balik-yemi-500ml\/#breadcrumb"},"inLanguage":"en-US","potentialAction":[{"@type":"ReadAction","target":["https:\/\/anadolupet.com.tr\/urun\/tetra-cichlid-xl-flakes-pul-balik-yemi-500ml\/"]}]},{"@type":"ImageObject","inLanguage":"en-US","@id":"https:\/\/anadolupet.com.tr\/urun\/tetra-cichlid-xl-flakes-pul-balik-yemi-500ml\/#primaryimage","url":"https:\/\/anadolupet.com.tr\/wp-content\/uploads\/2026\/02\/400-767119.jpg","contentUrl":"https:\/\/anadolupet.com.tr\/wp-content\/uploads\/2026\/02\/400-767119.jpg","width":750,"height":750},{"@type":"BreadcrumbList","@id":"https:\/\/anadolupet.com.tr\/urun\/tetra-cichlid-xl-flakes-pul-balik-yemi-500ml\/#breadcrumb","itemListElement":[{"@type":"ListItem","position":1,"name":"Anasayfa","item":"https:\/\/anadolupet.com.tr\/"},{"@type":"ListItem","position":2,"name":"\u00dcr\u00fcnler","item":"https:\/\/anadolupet.com.tr\/urunler\/"},{"@type":"ListItem","position":3,"name":"Tetra Cichlid XL Flakes Pul Bal\u0131k Yemi &#8211; 500ML"}]},{"@type":"WebSite","@id":"https:\/\/anadolupet.com.tr\/#website","url":"https:\/\/anadolupet.com.tr\/","name":"Anadolu Pet Group","description":"We Stand Together for the Well-Being of Every Life","publisher":{"@id":"https:\/\/anadolupet.com.tr\/#organization"},"potentialAction":[{"@type":"SearchAction","target":{"@type":"EntryPoint","urlTemplate":"https:\/\/anadolupet.com.tr\/?s={search_term_string}"},"query-input":{"@type":"PropertyValueSpecification","valueRequired":true,"valueName":"search_term_string"}}],"inLanguage":"en-US"},{"@type":"Organization","@id":"https:\/\/anadolupet.com.tr\/#organization","name":"Anadolu Pet Group","alternateName":"Anadolu Pet","url":"https:\/\/anadolupet.com.tr\/","logo":{"@type":"ImageObject","inLanguage":"en-US","@id":"https:\/\/anadolupet.com.tr\/#\/schema\/logo\/image\/","url":"https:\/\/anadolupet.com.tr\/wp-content\/uploads\/2026\/03\/1614666743370.jpg","contentUrl":"https:\/\/anadolupet.com.tr\/wp-content\/uploads\/2026\/03\/1614666743370.jpg","width":800,"height":571,"caption":"Anadolu Pet Grup"},"image":{"@id":"https:\/\/anadolupet.com.tr\/#\/schema\/logo\/image\/"}}]}},"_links":{"self":[{"href":"https:\/\/anadolupet.com.tr\/en\/wp-json\/wp\/v2\/product\/46218","targetHints":{"allow":["GET"]}}],"collection":[{"href":"https:\/\/anadolupet.com.tr\/en\/wp-json\/wp\/v2\/product"}],"about":[{"href":"https:\/\/anadolupet.com.tr\/en\/wp-json\/wp\/v2\/types\/product"}],"replies":[{"embeddable":true,"href":"https:\/\/anadolupet.com.tr\/en\/wp-json\/wp\/v2\/comments?post=46218"}],"wp:featuredmedia":[{"embeddable":true,"href":"https:\/\/anadolupet.com.tr\/en\/wp-json\/wp\/v2\/media\/47137"}],"wp:attachment":[{"href":"https:\/\/anadolupet.com.tr\/en\/wp-json\/wp\/v2\/media?parent=46218"}],"wp:term":[{"taxonomy":"product_brand","embeddable":true,"href":"https:\/\/anadolupet.com.tr\/en\/wp-json\/wp\/v2\/product_brand?post=46218"},{"taxonomy":"product_cat","embeddable":true,"href":"https:\/\/anadolupet.com.tr\/en\/wp-json\/wp\/v2\/product_cat?post=46218"},{"taxonomy":"product_tag","embeddable":true,"href":"https:\/\/anadolupet.com.tr\/en\/wp-json\/wp\/v2\/product_tag?post=46218"}],"curies":[{"name":"wp","href":"https:\/\/api.w.org\/{rel}","templated":true}]}}