{"id":46219,"date":"2026-02-14T14:46:03","date_gmt":"2026-02-14T14:46:03","guid":{"rendered":"https:\/\/anadolupet.com.tr\/?post_type=product&#038;p=46219"},"modified":"2026-02-23T16:49:12","modified_gmt":"2026-02-23T16:49:12","slug":"tetra-cichlid-xl-sticks-cubuk-balik-yemi-1lt","status":"publish","type":"product","link":"https:\/\/anadolupet.com.tr\/en\/urun\/tetra-cichlid-xl-sticks-cubuk-balik-yemi-1lt\/","title":{"rendered":"Tetra Cichlid XL Sticks \u00c7ubuk Bal\u0131k Yemi &#8211; 1LT"},"content":{"rendered":"","protected":false},"excerpt":{"rendered":"<p>Tetra Cichlid XL Sticks t\u00fcm \u00e7iklit ihtiya\u00e7lar\u0131n\u0131 kar\u015f\u0131layacak \u00f6zel bile\u015fenler i\u00e7eren, t\u00fcm \u00e7iklitler i\u00e7in temel g\u0131da \u00e7ubuklar\u0131d\u0131r.<br \/>\n\u00c7ubuklar su y\u00fczeyinde y\u00fczer ve \u015fekilleri ve boyutlar\u0131 nedeniyle bal\u0131\u011f\u0131n do\u011fal yeme al\u0131\u015fkanl\u0131klar\u0131na uygundur. Kolay beslenmeyi sa\u011flamak i\u00e7in \u00e7ubuklar b\u00fcy\u00fckt\u00fcr.<br \/>\nC vitamini ii\u00e7eri\u011fi sayesinde sa\u011fl\u0131kl\u0131 b\u00fcy\u00fcmeyi desteklemeye yard\u0131mc\u0131 olur ve beslenmeyle ilgili eksiklikleri ve hastal\u0131klar\u0131 \u00f6nler.<br \/>\n\u00dcr\u00fcn\u00fcn \u0130\u00e7eri\u011fi;<br \/>\nBal\u0131k ve bal\u0131k \u00fcr\u00fcnleri, bitkisel protein ekstrakt\u0131, tah\u0131llar, maya, ya\u011f, s\u00fct ve s\u00fct \u00fcr\u00fcnleri, deniz yosunu, yumu\u015fak ve sert kabuklu deniz \u00fcr\u00fcnleri, lesitin, mineraller, vitaminler, do\u011fal renklendiriciler ve koruyucular.<br \/>\nDozaj;<br \/>\nG\u00fcnde 2 &#8211; 3 kez bal\u0131klar\u0131n\u0131z\u0131n bir ka\u00e7 dakika i\u00e7erisinde t\u00fcketebilece\u011fi miktarda verilmesi tavsiye edilir.<br \/>\nMiktar;<br \/>\n1 Lt<\/p>","protected":false},"featured_media":47124,"comment_status":"open","ping_status":"closed","template":"","meta":{"_acf_changed":false},"product_brand":[],"product_cat":[2418],"product_tag":[],"class_list":{"0":"post-46219","1":"product","2":"type-product","3":"status-publish","4":"has-post-thumbnail","6":"product_cat-ture-ozel-yemler","8":"first","9":"instock","10":"shipping-taxable","11":"product-type-simple"},"acf":[],"yoast_head":"<!-- This site is optimized with the Yoast SEO plugin v27.5 - https:\/\/yoast.com\/product\/yoast-seo-wordpress\/ -->\n<title>Tetra Cichlid XL Sticks \u00c7ubuk Bal\u0131k Yemi - 1LT - Anadolu Pet Grup<\/title>\n<meta name=\"robots\" content=\"index, follow, max-snippet:-1, max-image-preview:large, max-video-preview:-1\" \/>\n<link rel=\"canonical\" href=\"https:\/\/anadolupet.com.tr\/en\/product\/tetra-cichlid-xl-sticks-cubuk-balik-yemi-1lt\/\" \/>\n<meta property=\"og:locale\" content=\"en_US\" \/>\n<meta property=\"og:type\" content=\"article\" \/>\n<meta property=\"og:title\" content=\"Tetra Cichlid XL Sticks \u00c7ubuk Bal\u0131k Yemi - 1LT - Anadolu Pet Grup\" \/>\n<meta property=\"og:description\" content=\"Tetra Cichlid XL Sticks t\u00fcm \u00e7iklit ihtiya\u00e7lar\u0131n\u0131 kar\u015f\u0131layacak \u00f6zel bile\u015fenler i\u00e7eren, t\u00fcm \u00e7iklitler i\u00e7in temel g\u0131da \u00e7ubuklar\u0131d\u0131r. \u00c7ubuklar su y\u00fczeyinde y\u00fczer ve \u015fekilleri ve boyutlar\u0131 nedeniyle bal\u0131\u011f\u0131n do\u011fal yeme al\u0131\u015fkanl\u0131klar\u0131na uygundur. Kolay beslenmeyi sa\u011flamak i\u00e7in \u00e7ubuklar b\u00fcy\u00fckt\u00fcr. C vitamini ii\u00e7eri\u011fi sayesinde sa\u011fl\u0131kl\u0131 b\u00fcy\u00fcmeyi desteklemeye yard\u0131mc\u0131 olur ve beslenmeyle ilgili eksiklikleri ve hastal\u0131klar\u0131 \u00f6nler. \u00dcr\u00fcn\u00fcn \u0130\u00e7eri\u011fi; Bal\u0131k ve bal\u0131k \u00fcr\u00fcnleri, bitkisel protein ekstrakt\u0131, tah\u0131llar, maya, ya\u011f, s\u00fct ve s\u00fct \u00fcr\u00fcnleri, deniz yosunu, yumu\u015fak ve sert kabuklu deniz \u00fcr\u00fcnleri, lesitin, mineraller, vitaminler, do\u011fal renklendiriciler ve koruyucular. Dozaj; G\u00fcnde 2 - 3 kez bal\u0131klar\u0131n\u0131z\u0131n bir ka\u00e7 dakika i\u00e7erisinde t\u00fcketebilece\u011fi miktarda verilmesi tavsiye edilir. Miktar; 1 Lt\" \/>\n<meta property=\"og:url\" content=\"https:\/\/anadolupet.com.tr\/en\/product\/tetra-cichlid-xl-sticks-cubuk-balik-yemi-1lt\/\" \/>\n<meta property=\"og:site_name\" content=\"Anadolu Pet Grup\" \/>\n<meta property=\"article:modified_time\" content=\"2026-02-23T16:49:12+00:00\" \/>\n<meta property=\"og:image\" content=\"https:\/\/anadolupet.com.tr\/wp-content\/uploads\/2026\/02\/400-747371.jpg\" \/>\n\t<meta property=\"og:image:width\" content=\"750\" \/>\n\t<meta property=\"og:image:height\" content=\"750\" \/>\n\t<meta property=\"og:image:type\" content=\"image\/jpeg\" \/>\n<meta name=\"twitter:card\" content=\"summary_large_image\" \/>\n<script type=\"application\/ld+json\" class=\"yoast-schema-graph\">{\"@context\":\"https:\\\/\\\/schema.org\",\"@graph\":[{\"@type\":\"WebPage\",\"@id\":\"https:\\\/\\\/anadolupet.com.tr\\\/urun\\\/tetra-cichlid-xl-sticks-cubuk-balik-yemi-1lt\\\/\",\"url\":\"https:\\\/\\\/anadolupet.com.tr\\\/urun\\\/tetra-cichlid-xl-sticks-cubuk-balik-yemi-1lt\\\/\",\"name\":\"Tetra Cichlid XL Sticks \u00c7ubuk Bal\u0131k Yemi - 1LT - Anadolu Pet Grup\",\"isPartOf\":{\"@id\":\"https:\\\/\\\/anadolupet.com.tr\\\/#website\"},\"primaryImageOfPage\":{\"@id\":\"https:\\\/\\\/anadolupet.com.tr\\\/urun\\\/tetra-cichlid-xl-sticks-cubuk-balik-yemi-1lt\\\/#primaryimage\"},\"image\":{\"@id\":\"https:\\\/\\\/anadolupet.com.tr\\\/urun\\\/tetra-cichlid-xl-sticks-cubuk-balik-yemi-1lt\\\/#primaryimage\"},\"thumbnailUrl\":\"https:\\\/\\\/anadolupet.com.tr\\\/wp-content\\\/uploads\\\/2026\\\/02\\\/400-747371.jpg\",\"datePublished\":\"2026-02-14T14:46:03+00:00\",\"dateModified\":\"2026-02-23T16:49:12+00:00\",\"breadcrumb\":{\"@id\":\"https:\\\/\\\/anadolupet.com.tr\\\/urun\\\/tetra-cichlid-xl-sticks-cubuk-balik-yemi-1lt\\\/#breadcrumb\"},\"inLanguage\":\"en-US\",\"potentialAction\":[{\"@type\":\"ReadAction\",\"target\":[\"https:\\\/\\\/anadolupet.com.tr\\\/urun\\\/tetra-cichlid-xl-sticks-cubuk-balik-yemi-1lt\\\/\"]}]},{\"@type\":\"ImageObject\",\"inLanguage\":\"en-US\",\"@id\":\"https:\\\/\\\/anadolupet.com.tr\\\/urun\\\/tetra-cichlid-xl-sticks-cubuk-balik-yemi-1lt\\\/#primaryimage\",\"url\":\"https:\\\/\\\/anadolupet.com.tr\\\/wp-content\\\/uploads\\\/2026\\\/02\\\/400-747371.jpg\",\"contentUrl\":\"https:\\\/\\\/anadolupet.com.tr\\\/wp-content\\\/uploads\\\/2026\\\/02\\\/400-747371.jpg\",\"width\":750,\"height\":750},{\"@type\":\"BreadcrumbList\",\"@id\":\"https:\\\/\\\/anadolupet.com.tr\\\/urun\\\/tetra-cichlid-xl-sticks-cubuk-balik-yemi-1lt\\\/#breadcrumb\",\"itemListElement\":[{\"@type\":\"ListItem\",\"position\":1,\"name\":\"Anasayfa\",\"item\":\"https:\\\/\\\/anadolupet.com.tr\\\/\"},{\"@type\":\"ListItem\",\"position\":2,\"name\":\"\u00dcr\u00fcnler\",\"item\":\"https:\\\/\\\/anadolupet.com.tr\\\/urunler\\\/\"},{\"@type\":\"ListItem\",\"position\":3,\"name\":\"Tetra Cichlid XL Sticks \u00c7ubuk Bal\u0131k Yemi &#8211; 1LT\"}]},{\"@type\":\"WebSite\",\"@id\":\"https:\\\/\\\/anadolupet.com.tr\\\/#website\",\"url\":\"https:\\\/\\\/anadolupet.com.tr\\\/\",\"name\":\"Anadolu Pet Grup\",\"description\":\"Her Can\u0131n \u0130yi Ya\u015fam\u0131 \u0130\u00e7in Biraraday\u0131z\",\"publisher\":{\"@id\":\"https:\\\/\\\/anadolupet.com.tr\\\/#organization\"},\"potentialAction\":[{\"@type\":\"SearchAction\",\"target\":{\"@type\":\"EntryPoint\",\"urlTemplate\":\"https:\\\/\\\/anadolupet.com.tr\\\/?s={search_term_string}\"},\"query-input\":{\"@type\":\"PropertyValueSpecification\",\"valueRequired\":true,\"valueName\":\"search_term_string\"}}],\"inLanguage\":\"en-US\"},{\"@type\":\"Organization\",\"@id\":\"https:\\\/\\\/anadolupet.com.tr\\\/#organization\",\"name\":\"Anadolu Pet Grup\",\"alternateName\":\"Anadolu Pet\",\"url\":\"https:\\\/\\\/anadolupet.com.tr\\\/\",\"logo\":{\"@type\":\"ImageObject\",\"inLanguage\":\"en-US\",\"@id\":\"https:\\\/\\\/anadolupet.com.tr\\\/#\\\/schema\\\/logo\\\/image\\\/\",\"url\":\"https:\\\/\\\/anadolupet.com.tr\\\/wp-content\\\/uploads\\\/2026\\\/03\\\/1614666743370.jpg\",\"contentUrl\":\"https:\\\/\\\/anadolupet.com.tr\\\/wp-content\\\/uploads\\\/2026\\\/03\\\/1614666743370.jpg\",\"width\":800,\"height\":571,\"caption\":\"Anadolu Pet Grup\"},\"image\":{\"@id\":\"https:\\\/\\\/anadolupet.com.tr\\\/#\\\/schema\\\/logo\\\/image\\\/\"}}]}<\/script>\n<!-- \/ Yoast SEO plugin. -->","yoast_head_json":{"title":"Tetra Cichlid XL Sticks \u00c7ubuk Bal\u0131k Yemi - 1LT - Anadolu Pet Grup","robots":{"index":"index","follow":"follow","max-snippet":"max-snippet:-1","max-image-preview":"max-image-preview:large","max-video-preview":"max-video-preview:-1"},"canonical":"https:\/\/anadolupet.com.tr\/en\/product\/tetra-cichlid-xl-sticks-cubuk-balik-yemi-1lt\/","og_locale":"en_US","og_type":"article","og_title":"Tetra Cichlid XL Sticks \u00c7ubuk Bal\u0131k Yemi - 1LT - Anadolu Pet Grup","og_description":"Tetra Cichlid XL Sticks t\u00fcm \u00e7iklit ihtiya\u00e7lar\u0131n\u0131 kar\u015f\u0131layacak \u00f6zel bile\u015fenler i\u00e7eren, t\u00fcm \u00e7iklitler i\u00e7in temel g\u0131da \u00e7ubuklar\u0131d\u0131r. \u00c7ubuklar su y\u00fczeyinde y\u00fczer ve \u015fekilleri ve boyutlar\u0131 nedeniyle bal\u0131\u011f\u0131n do\u011fal yeme al\u0131\u015fkanl\u0131klar\u0131na uygundur. Kolay beslenmeyi sa\u011flamak i\u00e7in \u00e7ubuklar b\u00fcy\u00fckt\u00fcr. C vitamini ii\u00e7eri\u011fi sayesinde sa\u011fl\u0131kl\u0131 b\u00fcy\u00fcmeyi desteklemeye yard\u0131mc\u0131 olur ve beslenmeyle ilgili eksiklikleri ve hastal\u0131klar\u0131 \u00f6nler. \u00dcr\u00fcn\u00fcn \u0130\u00e7eri\u011fi; Bal\u0131k ve bal\u0131k \u00fcr\u00fcnleri, bitkisel protein ekstrakt\u0131, tah\u0131llar, maya, ya\u011f, s\u00fct ve s\u00fct \u00fcr\u00fcnleri, deniz yosunu, yumu\u015fak ve sert kabuklu deniz \u00fcr\u00fcnleri, lesitin, mineraller, vitaminler, do\u011fal renklendiriciler ve koruyucular. Dozaj; G\u00fcnde 2 - 3 kez bal\u0131klar\u0131n\u0131z\u0131n bir ka\u00e7 dakika i\u00e7erisinde t\u00fcketebilece\u011fi miktarda verilmesi tavsiye edilir. Miktar; 1 Lt","og_url":"https:\/\/anadolupet.com.tr\/en\/product\/tetra-cichlid-xl-sticks-cubuk-balik-yemi-1lt\/","og_site_name":"Anadolu Pet Grup","article_modified_time":"2026-02-23T16:49:12+00:00","og_image":[{"width":750,"height":750,"url":"https:\/\/anadolupet.com.tr\/wp-content\/uploads\/2026\/02\/400-747371.jpg","type":"image\/jpeg"}],"twitter_card":"summary_large_image","schema":{"@context":"https:\/\/schema.org","@graph":[{"@type":"WebPage","@id":"https:\/\/anadolupet.com.tr\/urun\/tetra-cichlid-xl-sticks-cubuk-balik-yemi-1lt\/","url":"https:\/\/anadolupet.com.tr\/urun\/tetra-cichlid-xl-sticks-cubuk-balik-yemi-1lt\/","name":"Tetra Cichlid XL Sticks \u00c7ubuk Bal\u0131k Yemi - 1LT - Anadolu Pet Grup","isPartOf":{"@id":"https:\/\/anadolupet.com.tr\/#website"},"primaryImageOfPage":{"@id":"https:\/\/anadolupet.com.tr\/urun\/tetra-cichlid-xl-sticks-cubuk-balik-yemi-1lt\/#primaryimage"},"image":{"@id":"https:\/\/anadolupet.com.tr\/urun\/tetra-cichlid-xl-sticks-cubuk-balik-yemi-1lt\/#primaryimage"},"thumbnailUrl":"https:\/\/anadolupet.com.tr\/wp-content\/uploads\/2026\/02\/400-747371.jpg","datePublished":"2026-02-14T14:46:03+00:00","dateModified":"2026-02-23T16:49:12+00:00","breadcrumb":{"@id":"https:\/\/anadolupet.com.tr\/urun\/tetra-cichlid-xl-sticks-cubuk-balik-yemi-1lt\/#breadcrumb"},"inLanguage":"en-US","potentialAction":[{"@type":"ReadAction","target":["https:\/\/anadolupet.com.tr\/urun\/tetra-cichlid-xl-sticks-cubuk-balik-yemi-1lt\/"]}]},{"@type":"ImageObject","inLanguage":"en-US","@id":"https:\/\/anadolupet.com.tr\/urun\/tetra-cichlid-xl-sticks-cubuk-balik-yemi-1lt\/#primaryimage","url":"https:\/\/anadolupet.com.tr\/wp-content\/uploads\/2026\/02\/400-747371.jpg","contentUrl":"https:\/\/anadolupet.com.tr\/wp-content\/uploads\/2026\/02\/400-747371.jpg","width":750,"height":750},{"@type":"BreadcrumbList","@id":"https:\/\/anadolupet.com.tr\/urun\/tetra-cichlid-xl-sticks-cubuk-balik-yemi-1lt\/#breadcrumb","itemListElement":[{"@type":"ListItem","position":1,"name":"Anasayfa","item":"https:\/\/anadolupet.com.tr\/"},{"@type":"ListItem","position":2,"name":"\u00dcr\u00fcnler","item":"https:\/\/anadolupet.com.tr\/urunler\/"},{"@type":"ListItem","position":3,"name":"Tetra Cichlid XL Sticks \u00c7ubuk Bal\u0131k Yemi &#8211; 1LT"}]},{"@type":"WebSite","@id":"https:\/\/anadolupet.com.tr\/#website","url":"https:\/\/anadolupet.com.tr\/","name":"Anadolu Pet Group","description":"We Stand Together for the Well-Being of Every Life","publisher":{"@id":"https:\/\/anadolupet.com.tr\/#organization"},"potentialAction":[{"@type":"SearchAction","target":{"@type":"EntryPoint","urlTemplate":"https:\/\/anadolupet.com.tr\/?s={search_term_string}"},"query-input":{"@type":"PropertyValueSpecification","valueRequired":true,"valueName":"search_term_string"}}],"inLanguage":"en-US"},{"@type":"Organization","@id":"https:\/\/anadolupet.com.tr\/#organization","name":"Anadolu Pet Group","alternateName":"Anadolu Pet","url":"https:\/\/anadolupet.com.tr\/","logo":{"@type":"ImageObject","inLanguage":"en-US","@id":"https:\/\/anadolupet.com.tr\/#\/schema\/logo\/image\/","url":"https:\/\/anadolupet.com.tr\/wp-content\/uploads\/2026\/03\/1614666743370.jpg","contentUrl":"https:\/\/anadolupet.com.tr\/wp-content\/uploads\/2026\/03\/1614666743370.jpg","width":800,"height":571,"caption":"Anadolu Pet Grup"},"image":{"@id":"https:\/\/anadolupet.com.tr\/#\/schema\/logo\/image\/"}}]}},"_links":{"self":[{"href":"https:\/\/anadolupet.com.tr\/en\/wp-json\/wp\/v2\/product\/46219","targetHints":{"allow":["GET"]}}],"collection":[{"href":"https:\/\/anadolupet.com.tr\/en\/wp-json\/wp\/v2\/product"}],"about":[{"href":"https:\/\/anadolupet.com.tr\/en\/wp-json\/wp\/v2\/types\/product"}],"replies":[{"embeddable":true,"href":"https:\/\/anadolupet.com.tr\/en\/wp-json\/wp\/v2\/comments?post=46219"}],"wp:featuredmedia":[{"embeddable":true,"href":"https:\/\/anadolupet.com.tr\/en\/wp-json\/wp\/v2\/media\/47124"}],"wp:attachment":[{"href":"https:\/\/anadolupet.com.tr\/en\/wp-json\/wp\/v2\/media?parent=46219"}],"wp:term":[{"taxonomy":"product_brand","embeddable":true,"href":"https:\/\/anadolupet.com.tr\/en\/wp-json\/wp\/v2\/product_brand?post=46219"},{"taxonomy":"product_cat","embeddable":true,"href":"https:\/\/anadolupet.com.tr\/en\/wp-json\/wp\/v2\/product_cat?post=46219"},{"taxonomy":"product_tag","embeddable":true,"href":"https:\/\/anadolupet.com.tr\/en\/wp-json\/wp\/v2\/product_tag?post=46219"}],"curies":[{"name":"wp","href":"https:\/\/api.w.org\/{rel}","templated":true}]}}