{"id":46221,"date":"2026-02-14T14:46:03","date_gmt":"2026-02-14T14:46:03","guid":{"rendered":"https:\/\/anadolupet.com.tr\/?post_type=product&#038;p=46221"},"modified":"2026-02-23T16:49:12","modified_gmt":"2026-02-23T16:49:12","slug":"tetra-cr-seramik-halka-ex600-700-1200-filtre-malzemesi","status":"publish","type":"product","link":"https:\/\/anadolupet.com.tr\/en\/urun\/tetra-cr-seramik-halka-ex600-700-1200-filtre-malzemesi\/","title":{"rendered":"Tetra CR Seramik Halka EX600\/700\/1200 Filtre Malzemesi"},"content":{"rendered":"","protected":false},"excerpt":{"rendered":"<p>Kaba kirleri tutmak ve su ak\u0131\u015f\u0131n\u0131n filtre kab\u0131 i\u00e7inde her y\u00f6ne da\u011f\u0131lmas\u0131n\u0131 sa\u011flamak i\u00e7in kullan\u0131lan geni\u015f g\u00f6zenekli seramik borucuklar. Bir mekanik \u00f6n filtre malzemesi olarak filtre katmanlar\u0131nda en alt s\u0131rada kullan\u0131l\u0131r. Filtre temizli\u011fi s\u0131ras\u0131nda \u0131l\u0131k suyla \u00e7alkalanarak temizlendi\u011finde birka\u00e7 kere tekrar kullan\u0131labilir. Tatl\u0131 su ve tuzlu su akvaryumlar\u0131n da kullan\u0131l\u0131r.<br \/>\nDetaylar;<br \/>\n* Kaba kirleri tutan mekanik \u00f6n filtre malzemesi,<br \/>\n* Su sirk\u00fclasyonunun d\u00fczenli da\u011f\u0131lmas\u0131n\u0131 sa\u011flar,<br \/>\n* Uzun d\u00f6nemde hesapl\u0131; y\u0131kanarak tekrar tekrar kullan\u0131labilir.<\/p>","protected":false},"featured_media":47169,"comment_status":"open","ping_status":"closed","template":"","meta":{"_acf_changed":false},"product_brand":[],"product_cat":[2381],"product_tag":[],"class_list":{"0":"post-46221","1":"product","2":"type-product","3":"status-publish","4":"has-post-thumbnail","6":"product_cat-dis-filtre-malzemeleri","8":"first","9":"instock","10":"shipping-taxable","11":"product-type-simple"},"acf":[],"yoast_head":"<!-- This site is optimized with the Yoast SEO plugin v27.5 - https:\/\/yoast.com\/product\/yoast-seo-wordpress\/ -->\n<title>Tetra CR Seramik Halka EX600\/700\/1200 Filtre Malzemesi - Anadolu Pet Grup<\/title>\n<meta name=\"robots\" content=\"index, follow, max-snippet:-1, max-image-preview:large, max-video-preview:-1\" \/>\n<link rel=\"canonical\" href=\"https:\/\/anadolupet.com.tr\/en\/product\/tetra-cr-seramik-halka-ex600-700-1200-filtre-malzemesi\/\" \/>\n<meta property=\"og:locale\" content=\"en_US\" \/>\n<meta property=\"og:type\" content=\"article\" \/>\n<meta property=\"og:title\" content=\"Tetra CR Seramik Halka EX600\/700\/1200 Filtre Malzemesi - Anadolu Pet Grup\" \/>\n<meta property=\"og:description\" content=\"Kaba kirleri tutmak ve su ak\u0131\u015f\u0131n\u0131n filtre kab\u0131 i\u00e7inde her y\u00f6ne da\u011f\u0131lmas\u0131n\u0131 sa\u011flamak i\u00e7in kullan\u0131lan geni\u015f g\u00f6zenekli seramik borucuklar. Bir mekanik \u00f6n filtre malzemesi olarak filtre katmanlar\u0131nda en alt s\u0131rada kullan\u0131l\u0131r. Filtre temizli\u011fi s\u0131ras\u0131nda \u0131l\u0131k suyla \u00e7alkalanarak temizlendi\u011finde birka\u00e7 kere tekrar kullan\u0131labilir. Tatl\u0131 su ve tuzlu su akvaryumlar\u0131n da kullan\u0131l\u0131r. Detaylar; * Kaba kirleri tutan mekanik \u00f6n filtre malzemesi, * Su sirk\u00fclasyonunun d\u00fczenli da\u011f\u0131lmas\u0131n\u0131 sa\u011flar, * Uzun d\u00f6nemde hesapl\u0131; y\u0131kanarak tekrar tekrar kullan\u0131labilir.\" \/>\n<meta property=\"og:url\" content=\"https:\/\/anadolupet.com.tr\/en\/product\/tetra-cr-seramik-halka-ex600-700-1200-filtre-malzemesi\/\" \/>\n<meta property=\"og:site_name\" content=\"Anadolu Pet Grup\" \/>\n<meta property=\"article:modified_time\" content=\"2026-02-23T16:49:12+00:00\" \/>\n<meta property=\"og:image\" content=\"https:\/\/anadolupet.com.tr\/wp-content\/uploads\/2026\/02\/402-145573.jpg\" \/>\n\t<meta property=\"og:image:width\" content=\"750\" \/>\n\t<meta property=\"og:image:height\" content=\"750\" \/>\n\t<meta property=\"og:image:type\" content=\"image\/jpeg\" \/>\n<meta name=\"twitter:card\" content=\"summary_large_image\" \/>\n<script type=\"application\/ld+json\" class=\"yoast-schema-graph\">{\"@context\":\"https:\\\/\\\/schema.org\",\"@graph\":[{\"@type\":\"WebPage\",\"@id\":\"https:\\\/\\\/anadolupet.com.tr\\\/en\\\/product\\\/tetra-cr-seramik-halka-ex600-700-1200-filtre-malzemesi\\\/\",\"url\":\"https:\\\/\\\/anadolupet.com.tr\\\/en\\\/product\\\/tetra-cr-seramik-halka-ex600-700-1200-filtre-malzemesi\\\/\",\"name\":\"Tetra CR Seramik Halka EX600\\\/700\\\/1200 Filtre Malzemesi - Anadolu Pet Grup\",\"isPartOf\":{\"@id\":\"https:\\\/\\\/anadolupet.com.tr\\\/#website\"},\"primaryImageOfPage\":{\"@id\":\"https:\\\/\\\/anadolupet.com.tr\\\/en\\\/product\\\/tetra-cr-seramik-halka-ex600-700-1200-filtre-malzemesi\\\/#primaryimage\"},\"image\":{\"@id\":\"https:\\\/\\\/anadolupet.com.tr\\\/en\\\/product\\\/tetra-cr-seramik-halka-ex600-700-1200-filtre-malzemesi\\\/#primaryimage\"},\"thumbnailUrl\":\"https:\\\/\\\/anadolupet.com.tr\\\/wp-content\\\/uploads\\\/2026\\\/02\\\/402-145573.jpg\",\"datePublished\":\"2026-02-14T14:46:03+00:00\",\"dateModified\":\"2026-02-23T16:49:12+00:00\",\"breadcrumb\":{\"@id\":\"https:\\\/\\\/anadolupet.com.tr\\\/en\\\/product\\\/tetra-cr-seramik-halka-ex600-700-1200-filtre-malzemesi\\\/#breadcrumb\"},\"inLanguage\":\"en-US\",\"potentialAction\":[{\"@type\":\"ReadAction\",\"target\":[\"https:\\\/\\\/anadolupet.com.tr\\\/en\\\/product\\\/tetra-cr-seramik-halka-ex600-700-1200-filtre-malzemesi\\\/\"]}]},{\"@type\":\"ImageObject\",\"inLanguage\":\"en-US\",\"@id\":\"https:\\\/\\\/anadolupet.com.tr\\\/en\\\/product\\\/tetra-cr-seramik-halka-ex600-700-1200-filtre-malzemesi\\\/#primaryimage\",\"url\":\"https:\\\/\\\/anadolupet.com.tr\\\/wp-content\\\/uploads\\\/2026\\\/02\\\/402-145573.jpg\",\"contentUrl\":\"https:\\\/\\\/anadolupet.com.tr\\\/wp-content\\\/uploads\\\/2026\\\/02\\\/402-145573.jpg\",\"width\":750,\"height\":750},{\"@type\":\"BreadcrumbList\",\"@id\":\"https:\\\/\\\/anadolupet.com.tr\\\/en\\\/product\\\/tetra-cr-seramik-halka-ex600-700-1200-filtre-malzemesi\\\/#breadcrumb\",\"itemListElement\":[{\"@type\":\"ListItem\",\"position\":1,\"name\":\"Anasayfa\",\"item\":\"https:\\\/\\\/anadolupet.com.tr\\\/\"},{\"@type\":\"ListItem\",\"position\":2,\"name\":\"\u00dcr\u00fcnler\",\"item\":\"https:\\\/\\\/anadolupet.com.tr\\\/urunler\\\/\"},{\"@type\":\"ListItem\",\"position\":3,\"name\":\"Tetra CR Seramik Halka EX600\\\/700\\\/1200 Filtre Malzemesi\"}]},{\"@type\":\"WebSite\",\"@id\":\"https:\\\/\\\/anadolupet.com.tr\\\/#website\",\"url\":\"https:\\\/\\\/anadolupet.com.tr\\\/\",\"name\":\"Anadolu Pet Grup\",\"description\":\"Her Can\u0131n \u0130yi Ya\u015fam\u0131 \u0130\u00e7in Biraraday\u0131z\",\"publisher\":{\"@id\":\"https:\\\/\\\/anadolupet.com.tr\\\/#organization\"},\"potentialAction\":[{\"@type\":\"SearchAction\",\"target\":{\"@type\":\"EntryPoint\",\"urlTemplate\":\"https:\\\/\\\/anadolupet.com.tr\\\/?s={search_term_string}\"},\"query-input\":{\"@type\":\"PropertyValueSpecification\",\"valueRequired\":true,\"valueName\":\"search_term_string\"}}],\"inLanguage\":\"en-US\"},{\"@type\":\"Organization\",\"@id\":\"https:\\\/\\\/anadolupet.com.tr\\\/#organization\",\"name\":\"Anadolu Pet Grup\",\"alternateName\":\"Anadolu Pet\",\"url\":\"https:\\\/\\\/anadolupet.com.tr\\\/\",\"logo\":{\"@type\":\"ImageObject\",\"inLanguage\":\"en-US\",\"@id\":\"https:\\\/\\\/anadolupet.com.tr\\\/#\\\/schema\\\/logo\\\/image\\\/\",\"url\":\"https:\\\/\\\/anadolupet.com.tr\\\/wp-content\\\/uploads\\\/2026\\\/03\\\/1614666743370.jpg\",\"contentUrl\":\"https:\\\/\\\/anadolupet.com.tr\\\/wp-content\\\/uploads\\\/2026\\\/03\\\/1614666743370.jpg\",\"width\":800,\"height\":571,\"caption\":\"Anadolu Pet Grup\"},\"image\":{\"@id\":\"https:\\\/\\\/anadolupet.com.tr\\\/#\\\/schema\\\/logo\\\/image\\\/\"}}]}<\/script>\n<!-- \/ Yoast SEO plugin. -->","yoast_head_json":{"title":"Tetra CR Seramik Halka EX600\/700\/1200 Filtre Malzemesi - Anadolu Pet Grup","robots":{"index":"index","follow":"follow","max-snippet":"max-snippet:-1","max-image-preview":"max-image-preview:large","max-video-preview":"max-video-preview:-1"},"canonical":"https:\/\/anadolupet.com.tr\/en\/product\/tetra-cr-seramik-halka-ex600-700-1200-filtre-malzemesi\/","og_locale":"en_US","og_type":"article","og_title":"Tetra CR Seramik Halka EX600\/700\/1200 Filtre Malzemesi - Anadolu Pet Grup","og_description":"Kaba kirleri tutmak ve su ak\u0131\u015f\u0131n\u0131n filtre kab\u0131 i\u00e7inde her y\u00f6ne da\u011f\u0131lmas\u0131n\u0131 sa\u011flamak i\u00e7in kullan\u0131lan geni\u015f g\u00f6zenekli seramik borucuklar. Bir mekanik \u00f6n filtre malzemesi olarak filtre katmanlar\u0131nda en alt s\u0131rada kullan\u0131l\u0131r. Filtre temizli\u011fi s\u0131ras\u0131nda \u0131l\u0131k suyla \u00e7alkalanarak temizlendi\u011finde birka\u00e7 kere tekrar kullan\u0131labilir. Tatl\u0131 su ve tuzlu su akvaryumlar\u0131n da kullan\u0131l\u0131r. Detaylar; * Kaba kirleri tutan mekanik \u00f6n filtre malzemesi, * Su sirk\u00fclasyonunun d\u00fczenli da\u011f\u0131lmas\u0131n\u0131 sa\u011flar, * Uzun d\u00f6nemde hesapl\u0131; y\u0131kanarak tekrar tekrar kullan\u0131labilir.","og_url":"https:\/\/anadolupet.com.tr\/en\/product\/tetra-cr-seramik-halka-ex600-700-1200-filtre-malzemesi\/","og_site_name":"Anadolu Pet Grup","article_modified_time":"2026-02-23T16:49:12+00:00","og_image":[{"width":750,"height":750,"url":"https:\/\/anadolupet.com.tr\/wp-content\/uploads\/2026\/02\/402-145573.jpg","type":"image\/jpeg"}],"twitter_card":"summary_large_image","schema":{"@context":"https:\/\/schema.org","@graph":[{"@type":"WebPage","@id":"https:\/\/anadolupet.com.tr\/en\/product\/tetra-cr-seramik-halka-ex600-700-1200-filtre-malzemesi\/","url":"https:\/\/anadolupet.com.tr\/en\/product\/tetra-cr-seramik-halka-ex600-700-1200-filtre-malzemesi\/","name":"Tetra CR Seramik Halka EX600\/700\/1200 Filtre Malzemesi - Anadolu Pet Grup","isPartOf":{"@id":"https:\/\/anadolupet.com.tr\/#website"},"primaryImageOfPage":{"@id":"https:\/\/anadolupet.com.tr\/en\/product\/tetra-cr-seramik-halka-ex600-700-1200-filtre-malzemesi\/#primaryimage"},"image":{"@id":"https:\/\/anadolupet.com.tr\/en\/product\/tetra-cr-seramik-halka-ex600-700-1200-filtre-malzemesi\/#primaryimage"},"thumbnailUrl":"https:\/\/anadolupet.com.tr\/wp-content\/uploads\/2026\/02\/402-145573.jpg","datePublished":"2026-02-14T14:46:03+00:00","dateModified":"2026-02-23T16:49:12+00:00","breadcrumb":{"@id":"https:\/\/anadolupet.com.tr\/en\/product\/tetra-cr-seramik-halka-ex600-700-1200-filtre-malzemesi\/#breadcrumb"},"inLanguage":"en-US","potentialAction":[{"@type":"ReadAction","target":["https:\/\/anadolupet.com.tr\/en\/product\/tetra-cr-seramik-halka-ex600-700-1200-filtre-malzemesi\/"]}]},{"@type":"ImageObject","inLanguage":"en-US","@id":"https:\/\/anadolupet.com.tr\/en\/product\/tetra-cr-seramik-halka-ex600-700-1200-filtre-malzemesi\/#primaryimage","url":"https:\/\/anadolupet.com.tr\/wp-content\/uploads\/2026\/02\/402-145573.jpg","contentUrl":"https:\/\/anadolupet.com.tr\/wp-content\/uploads\/2026\/02\/402-145573.jpg","width":750,"height":750},{"@type":"BreadcrumbList","@id":"https:\/\/anadolupet.com.tr\/en\/product\/tetra-cr-seramik-halka-ex600-700-1200-filtre-malzemesi\/#breadcrumb","itemListElement":[{"@type":"ListItem","position":1,"name":"Anasayfa","item":"https:\/\/anadolupet.com.tr\/"},{"@type":"ListItem","position":2,"name":"\u00dcr\u00fcnler","item":"https:\/\/anadolupet.com.tr\/urunler\/"},{"@type":"ListItem","position":3,"name":"Tetra CR Seramik Halka EX600\/700\/1200 Filtre Malzemesi"}]},{"@type":"WebSite","@id":"https:\/\/anadolupet.com.tr\/#website","url":"https:\/\/anadolupet.com.tr\/","name":"Anadolu Pet Group","description":"We Stand Together for the Well-Being of Every Life","publisher":{"@id":"https:\/\/anadolupet.com.tr\/#organization"},"potentialAction":[{"@type":"SearchAction","target":{"@type":"EntryPoint","urlTemplate":"https:\/\/anadolupet.com.tr\/?s={search_term_string}"},"query-input":{"@type":"PropertyValueSpecification","valueRequired":true,"valueName":"search_term_string"}}],"inLanguage":"en-US"},{"@type":"Organization","@id":"https:\/\/anadolupet.com.tr\/#organization","name":"Anadolu Pet Group","alternateName":"Anadolu Pet","url":"https:\/\/anadolupet.com.tr\/","logo":{"@type":"ImageObject","inLanguage":"en-US","@id":"https:\/\/anadolupet.com.tr\/#\/schema\/logo\/image\/","url":"https:\/\/anadolupet.com.tr\/wp-content\/uploads\/2026\/03\/1614666743370.jpg","contentUrl":"https:\/\/anadolupet.com.tr\/wp-content\/uploads\/2026\/03\/1614666743370.jpg","width":800,"height":571,"caption":"Anadolu Pet Grup"},"image":{"@id":"https:\/\/anadolupet.com.tr\/#\/schema\/logo\/image\/"}}]}},"_links":{"self":[{"href":"https:\/\/anadolupet.com.tr\/en\/wp-json\/wp\/v2\/product\/46221","targetHints":{"allow":["GET"]}}],"collection":[{"href":"https:\/\/anadolupet.com.tr\/en\/wp-json\/wp\/v2\/product"}],"about":[{"href":"https:\/\/anadolupet.com.tr\/en\/wp-json\/wp\/v2\/types\/product"}],"replies":[{"embeddable":true,"href":"https:\/\/anadolupet.com.tr\/en\/wp-json\/wp\/v2\/comments?post=46221"}],"wp:featuredmedia":[{"embeddable":true,"href":"https:\/\/anadolupet.com.tr\/en\/wp-json\/wp\/v2\/media\/47169"}],"wp:attachment":[{"href":"https:\/\/anadolupet.com.tr\/en\/wp-json\/wp\/v2\/media?parent=46221"}],"wp:term":[{"taxonomy":"product_brand","embeddable":true,"href":"https:\/\/anadolupet.com.tr\/en\/wp-json\/wp\/v2\/product_brand?post=46221"},{"taxonomy":"product_cat","embeddable":true,"href":"https:\/\/anadolupet.com.tr\/en\/wp-json\/wp\/v2\/product_cat?post=46221"},{"taxonomy":"product_tag","embeddable":true,"href":"https:\/\/anadolupet.com.tr\/en\/wp-json\/wp\/v2\/product_tag?post=46221"}],"curies":[{"name":"wp","href":"https:\/\/api.w.org\/{rel}","templated":true}]}}