{"id":46224,"date":"2026-02-14T14:46:03","date_gmt":"2026-02-14T14:46:03","guid":{"rendered":"https:\/\/anadolupet.com.tr\/?post_type=product&#038;p=46224"},"modified":"2026-02-23T16:49:12","modified_gmt":"2026-02-23T16:49:12","slug":"tetra-crusta-sticks-cubuk-karides-kerevit-ve-kabuklu-canlilar-yemi-100ml","status":"publish","type":"product","link":"https:\/\/anadolupet.com.tr\/en\/urun\/tetra-crusta-sticks-cubuk-karides-kerevit-ve-kabuklu-canlilar-yemi-100ml\/","title":{"rendered":"Tetra Crusta Sticks \u00c7ubuk Karides Kerevit ve Kabuklu Canl\u0131lar Yemi &#8211; 100ML"},"content":{"rendered":"","protected":false},"excerpt":{"rendered":"<p>Tetra Crusta Sticks, karides ve kerevit t\u00fcr\u00fc canl\u0131lar i\u00e7in y\u00fcksek oranda bu\u011fday tohumu ile haz\u0131rlanm\u0131\u015f \u00e7ubuk yemdir. Tetra Sticks yemler akvaryum dibinde ya\u015fayan canl\u0131lar i\u00e7in geli\u015ftirilmi\u015ftir. Boyutu sayesinde su dibine \u00e7\u00f6ker do\u011fal beslenme i\u00e7in uygundur.<br \/>\nDetaylar;<br \/>\n*Y\u00fcksek oranda bu\u011fday tohumu i\u00e7eren h\u0131zl\u0131 batan stick yemler dengeli bir beslenme sa\u011flar.<br \/>\n*\u00dcretiminde tercih edilen sert taneler; suyu kirletmedi\u011fi gibi canl\u0131lar\u0131n do\u011fal beslenme al\u0131\u015fkanl\u0131klar\u0131n\u0131 destekler.<br \/>\n*Optimum protein ve mineral i\u00e7eri\u011fi sa\u011fl\u0131kl\u0131 bir kabuk bak\u0131m\u0131 sa\u011flar.<br \/>\n*Bitkisel i\u00e7erikler ve i\u00e7eri\u011findeki vitaminler sayesinde canl\u0131n\u0131n hastal\u0131klara kar\u015f\u0131 direnci artt\u0131r\u0131r.<br \/>\nDozaj;<br \/>\nKaridesinizin \/ kerevitinizin bir saat i\u00e7inde t\u00fcketebilece\u011fi kadar besleyin.<br \/>\nMiktar;<br \/>\n100 ml<\/p>","protected":false},"featured_media":47080,"comment_status":"open","ping_status":"closed","template":"","meta":{"_acf_changed":false},"product_brand":[],"product_cat":[2418],"product_tag":[],"class_list":{"0":"post-46224","1":"product","2":"type-product","3":"status-publish","4":"has-post-thumbnail","6":"product_cat-ture-ozel-yemler","8":"first","9":"instock","10":"shipping-taxable","11":"product-type-simple"},"acf":[],"yoast_head":"<!-- This site is optimized with the Yoast SEO plugin v27.5 - https:\/\/yoast.com\/product\/yoast-seo-wordpress\/ -->\n<title>Tetra Crusta Sticks \u00c7ubuk Karides Kerevit ve Kabuklu Canl\u0131lar Yemi - 100ML - Anadolu Pet Grup<\/title>\n<meta name=\"robots\" content=\"index, follow, max-snippet:-1, max-image-preview:large, max-video-preview:-1\" \/>\n<link rel=\"canonical\" href=\"https:\/\/anadolupet.com.tr\/en\/product\/tetra-crusta-sticks-cubuk-karides-kerevit-ve-kabuklu-canlilar-yemi-100ml\/\" \/>\n<meta property=\"og:locale\" content=\"en_US\" \/>\n<meta property=\"og:type\" content=\"article\" \/>\n<meta property=\"og:title\" content=\"Tetra Crusta Sticks \u00c7ubuk Karides Kerevit ve Kabuklu Canl\u0131lar Yemi - 100ML - Anadolu Pet Grup\" \/>\n<meta property=\"og:description\" content=\"Tetra Crusta Sticks, karides ve kerevit t\u00fcr\u00fc canl\u0131lar i\u00e7in y\u00fcksek oranda bu\u011fday tohumu ile haz\u0131rlanm\u0131\u015f \u00e7ubuk yemdir. Tetra Sticks yemler akvaryum dibinde ya\u015fayan canl\u0131lar i\u00e7in geli\u015ftirilmi\u015ftir. Boyutu sayesinde su dibine \u00e7\u00f6ker do\u011fal beslenme i\u00e7in uygundur. Detaylar; *Y\u00fcksek oranda bu\u011fday tohumu i\u00e7eren h\u0131zl\u0131 batan stick yemler dengeli bir beslenme sa\u011flar. *\u00dcretiminde tercih edilen sert taneler; suyu kirletmedi\u011fi gibi canl\u0131lar\u0131n do\u011fal beslenme al\u0131\u015fkanl\u0131klar\u0131n\u0131 destekler. *Optimum protein ve mineral i\u00e7eri\u011fi sa\u011fl\u0131kl\u0131 bir kabuk bak\u0131m\u0131 sa\u011flar. *Bitkisel i\u00e7erikler ve i\u00e7eri\u011findeki vitaminler sayesinde canl\u0131n\u0131n hastal\u0131klara kar\u015f\u0131 direnci artt\u0131r\u0131r. Dozaj; Karidesinizin \/ kerevitinizin bir saat i\u00e7inde t\u00fcketebilece\u011fi kadar besleyin. Miktar; 100 ml\" \/>\n<meta property=\"og:url\" content=\"https:\/\/anadolupet.com.tr\/en\/product\/tetra-crusta-sticks-cubuk-karides-kerevit-ve-kabuklu-canlilar-yemi-100ml\/\" \/>\n<meta property=\"og:site_name\" content=\"Anadolu Pet Grup\" \/>\n<meta property=\"article:modified_time\" content=\"2026-02-23T16:49:12+00:00\" \/>\n<meta property=\"og:image\" content=\"https:\/\/anadolupet.com.tr\/wp-content\/uploads\/2026\/02\/400-708873.jpg\" \/>\n\t<meta property=\"og:image:width\" content=\"750\" \/>\n\t<meta property=\"og:image:height\" content=\"750\" \/>\n\t<meta property=\"og:image:type\" content=\"image\/jpeg\" \/>\n<meta name=\"twitter:card\" content=\"summary_large_image\" \/>\n<script type=\"application\/ld+json\" class=\"yoast-schema-graph\">{\"@context\":\"https:\\\/\\\/schema.org\",\"@graph\":[{\"@type\":\"WebPage\",\"@id\":\"https:\\\/\\\/anadolupet.com.tr\\\/urun\\\/tetra-crusta-sticks-cubuk-karides-kerevit-ve-kabuklu-canlilar-yemi-100ml\\\/\",\"url\":\"https:\\\/\\\/anadolupet.com.tr\\\/urun\\\/tetra-crusta-sticks-cubuk-karides-kerevit-ve-kabuklu-canlilar-yemi-100ml\\\/\",\"name\":\"Tetra Crusta Sticks \u00c7ubuk Karides Kerevit ve Kabuklu Canl\u0131lar Yemi - 100ML - Anadolu Pet Grup\",\"isPartOf\":{\"@id\":\"https:\\\/\\\/anadolupet.com.tr\\\/#website\"},\"primaryImageOfPage\":{\"@id\":\"https:\\\/\\\/anadolupet.com.tr\\\/urun\\\/tetra-crusta-sticks-cubuk-karides-kerevit-ve-kabuklu-canlilar-yemi-100ml\\\/#primaryimage\"},\"image\":{\"@id\":\"https:\\\/\\\/anadolupet.com.tr\\\/urun\\\/tetra-crusta-sticks-cubuk-karides-kerevit-ve-kabuklu-canlilar-yemi-100ml\\\/#primaryimage\"},\"thumbnailUrl\":\"https:\\\/\\\/anadolupet.com.tr\\\/wp-content\\\/uploads\\\/2026\\\/02\\\/400-708873.jpg\",\"datePublished\":\"2026-02-14T14:46:03+00:00\",\"dateModified\":\"2026-02-23T16:49:12+00:00\",\"breadcrumb\":{\"@id\":\"https:\\\/\\\/anadolupet.com.tr\\\/urun\\\/tetra-crusta-sticks-cubuk-karides-kerevit-ve-kabuklu-canlilar-yemi-100ml\\\/#breadcrumb\"},\"inLanguage\":\"en-US\",\"potentialAction\":[{\"@type\":\"ReadAction\",\"target\":[\"https:\\\/\\\/anadolupet.com.tr\\\/urun\\\/tetra-crusta-sticks-cubuk-karides-kerevit-ve-kabuklu-canlilar-yemi-100ml\\\/\"]}]},{\"@type\":\"ImageObject\",\"inLanguage\":\"en-US\",\"@id\":\"https:\\\/\\\/anadolupet.com.tr\\\/urun\\\/tetra-crusta-sticks-cubuk-karides-kerevit-ve-kabuklu-canlilar-yemi-100ml\\\/#primaryimage\",\"url\":\"https:\\\/\\\/anadolupet.com.tr\\\/wp-content\\\/uploads\\\/2026\\\/02\\\/400-708873.jpg\",\"contentUrl\":\"https:\\\/\\\/anadolupet.com.tr\\\/wp-content\\\/uploads\\\/2026\\\/02\\\/400-708873.jpg\",\"width\":750,\"height\":750},{\"@type\":\"BreadcrumbList\",\"@id\":\"https:\\\/\\\/anadolupet.com.tr\\\/urun\\\/tetra-crusta-sticks-cubuk-karides-kerevit-ve-kabuklu-canlilar-yemi-100ml\\\/#breadcrumb\",\"itemListElement\":[{\"@type\":\"ListItem\",\"position\":1,\"name\":\"Anasayfa\",\"item\":\"https:\\\/\\\/anadolupet.com.tr\\\/\"},{\"@type\":\"ListItem\",\"position\":2,\"name\":\"\u00dcr\u00fcnler\",\"item\":\"https:\\\/\\\/anadolupet.com.tr\\\/urunler\\\/\"},{\"@type\":\"ListItem\",\"position\":3,\"name\":\"Tetra Crusta Sticks \u00c7ubuk Karides Kerevit ve Kabuklu Canl\u0131lar Yemi &#8211; 100ML\"}]},{\"@type\":\"WebSite\",\"@id\":\"https:\\\/\\\/anadolupet.com.tr\\\/#website\",\"url\":\"https:\\\/\\\/anadolupet.com.tr\\\/\",\"name\":\"Anadolu Pet Grup\",\"description\":\"Her Can\u0131n \u0130yi Ya\u015fam\u0131 \u0130\u00e7in Biraraday\u0131z\",\"publisher\":{\"@id\":\"https:\\\/\\\/anadolupet.com.tr\\\/#organization\"},\"potentialAction\":[{\"@type\":\"SearchAction\",\"target\":{\"@type\":\"EntryPoint\",\"urlTemplate\":\"https:\\\/\\\/anadolupet.com.tr\\\/?s={search_term_string}\"},\"query-input\":{\"@type\":\"PropertyValueSpecification\",\"valueRequired\":true,\"valueName\":\"search_term_string\"}}],\"inLanguage\":\"en-US\"},{\"@type\":\"Organization\",\"@id\":\"https:\\\/\\\/anadolupet.com.tr\\\/#organization\",\"name\":\"Anadolu Pet Grup\",\"alternateName\":\"Anadolu Pet\",\"url\":\"https:\\\/\\\/anadolupet.com.tr\\\/\",\"logo\":{\"@type\":\"ImageObject\",\"inLanguage\":\"en-US\",\"@id\":\"https:\\\/\\\/anadolupet.com.tr\\\/#\\\/schema\\\/logo\\\/image\\\/\",\"url\":\"https:\\\/\\\/anadolupet.com.tr\\\/wp-content\\\/uploads\\\/2026\\\/03\\\/1614666743370.jpg\",\"contentUrl\":\"https:\\\/\\\/anadolupet.com.tr\\\/wp-content\\\/uploads\\\/2026\\\/03\\\/1614666743370.jpg\",\"width\":800,\"height\":571,\"caption\":\"Anadolu Pet Grup\"},\"image\":{\"@id\":\"https:\\\/\\\/anadolupet.com.tr\\\/#\\\/schema\\\/logo\\\/image\\\/\"}}]}<\/script>\n<!-- \/ Yoast SEO plugin. -->","yoast_head_json":{"title":"Tetra Crusta Sticks \u00c7ubuk Karides Kerevit ve Kabuklu Canl\u0131lar Yemi - 100ML - Anadolu Pet Grup","robots":{"index":"index","follow":"follow","max-snippet":"max-snippet:-1","max-image-preview":"max-image-preview:large","max-video-preview":"max-video-preview:-1"},"canonical":"https:\/\/anadolupet.com.tr\/en\/product\/tetra-crusta-sticks-cubuk-karides-kerevit-ve-kabuklu-canlilar-yemi-100ml\/","og_locale":"en_US","og_type":"article","og_title":"Tetra Crusta Sticks \u00c7ubuk Karides Kerevit ve Kabuklu Canl\u0131lar Yemi - 100ML - Anadolu Pet Grup","og_description":"Tetra Crusta Sticks, karides ve kerevit t\u00fcr\u00fc canl\u0131lar i\u00e7in y\u00fcksek oranda bu\u011fday tohumu ile haz\u0131rlanm\u0131\u015f \u00e7ubuk yemdir. Tetra Sticks yemler akvaryum dibinde ya\u015fayan canl\u0131lar i\u00e7in geli\u015ftirilmi\u015ftir. Boyutu sayesinde su dibine \u00e7\u00f6ker do\u011fal beslenme i\u00e7in uygundur. Detaylar; *Y\u00fcksek oranda bu\u011fday tohumu i\u00e7eren h\u0131zl\u0131 batan stick yemler dengeli bir beslenme sa\u011flar. *\u00dcretiminde tercih edilen sert taneler; suyu kirletmedi\u011fi gibi canl\u0131lar\u0131n do\u011fal beslenme al\u0131\u015fkanl\u0131klar\u0131n\u0131 destekler. *Optimum protein ve mineral i\u00e7eri\u011fi sa\u011fl\u0131kl\u0131 bir kabuk bak\u0131m\u0131 sa\u011flar. *Bitkisel i\u00e7erikler ve i\u00e7eri\u011findeki vitaminler sayesinde canl\u0131n\u0131n hastal\u0131klara kar\u015f\u0131 direnci artt\u0131r\u0131r. Dozaj; Karidesinizin \/ kerevitinizin bir saat i\u00e7inde t\u00fcketebilece\u011fi kadar besleyin. Miktar; 100 ml","og_url":"https:\/\/anadolupet.com.tr\/en\/product\/tetra-crusta-sticks-cubuk-karides-kerevit-ve-kabuklu-canlilar-yemi-100ml\/","og_site_name":"Anadolu Pet Grup","article_modified_time":"2026-02-23T16:49:12+00:00","og_image":[{"width":750,"height":750,"url":"https:\/\/anadolupet.com.tr\/wp-content\/uploads\/2026\/02\/400-708873.jpg","type":"image\/jpeg"}],"twitter_card":"summary_large_image","schema":{"@context":"https:\/\/schema.org","@graph":[{"@type":"WebPage","@id":"https:\/\/anadolupet.com.tr\/urun\/tetra-crusta-sticks-cubuk-karides-kerevit-ve-kabuklu-canlilar-yemi-100ml\/","url":"https:\/\/anadolupet.com.tr\/urun\/tetra-crusta-sticks-cubuk-karides-kerevit-ve-kabuklu-canlilar-yemi-100ml\/","name":"Tetra Crusta Sticks \u00c7ubuk Karides Kerevit ve Kabuklu Canl\u0131lar Yemi - 100ML - Anadolu Pet Grup","isPartOf":{"@id":"https:\/\/anadolupet.com.tr\/#website"},"primaryImageOfPage":{"@id":"https:\/\/anadolupet.com.tr\/urun\/tetra-crusta-sticks-cubuk-karides-kerevit-ve-kabuklu-canlilar-yemi-100ml\/#primaryimage"},"image":{"@id":"https:\/\/anadolupet.com.tr\/urun\/tetra-crusta-sticks-cubuk-karides-kerevit-ve-kabuklu-canlilar-yemi-100ml\/#primaryimage"},"thumbnailUrl":"https:\/\/anadolupet.com.tr\/wp-content\/uploads\/2026\/02\/400-708873.jpg","datePublished":"2026-02-14T14:46:03+00:00","dateModified":"2026-02-23T16:49:12+00:00","breadcrumb":{"@id":"https:\/\/anadolupet.com.tr\/urun\/tetra-crusta-sticks-cubuk-karides-kerevit-ve-kabuklu-canlilar-yemi-100ml\/#breadcrumb"},"inLanguage":"en-US","potentialAction":[{"@type":"ReadAction","target":["https:\/\/anadolupet.com.tr\/urun\/tetra-crusta-sticks-cubuk-karides-kerevit-ve-kabuklu-canlilar-yemi-100ml\/"]}]},{"@type":"ImageObject","inLanguage":"en-US","@id":"https:\/\/anadolupet.com.tr\/urun\/tetra-crusta-sticks-cubuk-karides-kerevit-ve-kabuklu-canlilar-yemi-100ml\/#primaryimage","url":"https:\/\/anadolupet.com.tr\/wp-content\/uploads\/2026\/02\/400-708873.jpg","contentUrl":"https:\/\/anadolupet.com.tr\/wp-content\/uploads\/2026\/02\/400-708873.jpg","width":750,"height":750},{"@type":"BreadcrumbList","@id":"https:\/\/anadolupet.com.tr\/urun\/tetra-crusta-sticks-cubuk-karides-kerevit-ve-kabuklu-canlilar-yemi-100ml\/#breadcrumb","itemListElement":[{"@type":"ListItem","position":1,"name":"Anasayfa","item":"https:\/\/anadolupet.com.tr\/"},{"@type":"ListItem","position":2,"name":"\u00dcr\u00fcnler","item":"https:\/\/anadolupet.com.tr\/urunler\/"},{"@type":"ListItem","position":3,"name":"Tetra Crusta Sticks \u00c7ubuk Karides Kerevit ve Kabuklu Canl\u0131lar Yemi &#8211; 100ML"}]},{"@type":"WebSite","@id":"https:\/\/anadolupet.com.tr\/#website","url":"https:\/\/anadolupet.com.tr\/","name":"Anadolu Pet Group","description":"We Stand Together for the Well-Being of Every Life","publisher":{"@id":"https:\/\/anadolupet.com.tr\/#organization"},"potentialAction":[{"@type":"SearchAction","target":{"@type":"EntryPoint","urlTemplate":"https:\/\/anadolupet.com.tr\/?s={search_term_string}"},"query-input":{"@type":"PropertyValueSpecification","valueRequired":true,"valueName":"search_term_string"}}],"inLanguage":"en-US"},{"@type":"Organization","@id":"https:\/\/anadolupet.com.tr\/#organization","name":"Anadolu Pet Group","alternateName":"Anadolu Pet","url":"https:\/\/anadolupet.com.tr\/","logo":{"@type":"ImageObject","inLanguage":"en-US","@id":"https:\/\/anadolupet.com.tr\/#\/schema\/logo\/image\/","url":"https:\/\/anadolupet.com.tr\/wp-content\/uploads\/2026\/03\/1614666743370.jpg","contentUrl":"https:\/\/anadolupet.com.tr\/wp-content\/uploads\/2026\/03\/1614666743370.jpg","width":800,"height":571,"caption":"Anadolu Pet Grup"},"image":{"@id":"https:\/\/anadolupet.com.tr\/#\/schema\/logo\/image\/"}}]}},"_links":{"self":[{"href":"https:\/\/anadolupet.com.tr\/en\/wp-json\/wp\/v2\/product\/46224","targetHints":{"allow":["GET"]}}],"collection":[{"href":"https:\/\/anadolupet.com.tr\/en\/wp-json\/wp\/v2\/product"}],"about":[{"href":"https:\/\/anadolupet.com.tr\/en\/wp-json\/wp\/v2\/types\/product"}],"replies":[{"embeddable":true,"href":"https:\/\/anadolupet.com.tr\/en\/wp-json\/wp\/v2\/comments?post=46224"}],"wp:featuredmedia":[{"embeddable":true,"href":"https:\/\/anadolupet.com.tr\/en\/wp-json\/wp\/v2\/media\/47080"}],"wp:attachment":[{"href":"https:\/\/anadolupet.com.tr\/en\/wp-json\/wp\/v2\/media?parent=46224"}],"wp:term":[{"taxonomy":"product_brand","embeddable":true,"href":"https:\/\/anadolupet.com.tr\/en\/wp-json\/wp\/v2\/product_brand?post=46224"},{"taxonomy":"product_cat","embeddable":true,"href":"https:\/\/anadolupet.com.tr\/en\/wp-json\/wp\/v2\/product_cat?post=46224"},{"taxonomy":"product_tag","embeddable":true,"href":"https:\/\/anadolupet.com.tr\/en\/wp-json\/wp\/v2\/product_tag?post=46224"}],"curies":[{"name":"wp","href":"https:\/\/api.w.org\/{rel}","templated":true}]}}