{"id":46225,"date":"2026-02-14T14:46:04","date_gmt":"2026-02-14T14:46:04","guid":{"rendered":"https:\/\/anadolupet.com.tr\/?post_type=product&#038;p=46225"},"modified":"2026-02-23T16:49:12","modified_gmt":"2026-02-23T16:49:12","slug":"tetra-crypto-bitki-gubresi-tableti-10-tablet","status":"publish","type":"product","link":"https:\/\/anadolupet.com.tr\/en\/urun\/tetra-crypto-bitki-gubresi-tableti-10-tablet\/","title":{"rendered":"Tetra Crypto Bitki G\u00fcbresi Tableti &#8211; 10 Tablet"},"content":{"rendered":"","protected":false},"excerpt":{"rendered":"<p>Tetra Crypto bitki g\u00fcbresi tableti, su bitkilerine t\u00fcm \u00f6nemli besinleri do\u011frudan k\u00f6kler yoluyla sa\u011flayarak g\u00fczel ve sa\u011fl\u0131kl\u0131 su bitkilerinin b\u00fcy\u00fcmesini te\u015fvik eder.<br \/>\nDetaylar;<br \/>\n*Do\u011frudan k\u00f6klerden etkili g\u00fcbreleme.<br \/>\n*H\u0131zl\u0131 bitki b\u00fcy\u00fcmesini destekler.<br \/>\n*Uzun s\u00fcreler boyunca optimum besin kayna\u011f\u0131 ile g\u00fc\u00e7l\u00fc, sa\u011fl\u0131kl\u0131 bitkiler.<br \/>\n*Demir, manganez ve di\u011fer \u00f6nemli mineraller ve eser elementler i\u00e7erir.<br \/>\n*\u0130\u00e7erdi\u011fi besinler hemen emilebilir.<br \/>\n*Sa\u011fl\u0131kl\u0131 bitki b\u00fcy\u00fcmesi, algleri \u00f6nlemenin en iyi yoludur.<br \/>\n*Fosfat ve nitrat i\u00e7ermedi\u011fi i\u00e7in su kirlili\u011fi yaratmaz.<br \/>\nDozaj<br \/>\n40 litre akvaryum suyuna ayda bir tablet veya gerekti\u011finde kullan\u0131l\u0131r. Akvaryum topra\u011f\u0131 i\u00e7erisine k\u00f6ke yak\u0131n yerle\u015ftirilerek kullan\u0131lmas\u0131 tavsiye edilmektedir. Tatl\u0131 su akvaryum bitkileri i\u00e7indir.<br \/>\nMiktar;<br \/>\n10 tablet<\/p>","protected":false},"featured_media":47159,"comment_status":"open","ping_status":"closed","template":"","meta":{"_acf_changed":false},"product_brand":[],"product_cat":[2410],"product_tag":[],"class_list":{"0":"post-46225","1":"product","2":"type-product","3":"status-publish","4":"has-post-thumbnail","6":"product_cat-su-duzenleyiciler","8":"first","9":"instock","10":"shipping-taxable","11":"product-type-simple"},"acf":[],"yoast_head":"<!-- This site is optimized with the Yoast SEO plugin v27.4 - https:\/\/yoast.com\/product\/yoast-seo-wordpress\/ -->\n<title>Tetra Crypto Bitki G\u00fcbresi Tableti - 10 Tablet - Anadolu Pet Grup<\/title>\n<meta name=\"robots\" content=\"index, follow, max-snippet:-1, max-image-preview:large, max-video-preview:-1\" \/>\n<link rel=\"canonical\" href=\"https:\/\/anadolupet.com.tr\/en\/product\/tetra-crypto-bitki-gubresi-tableti-10-tablet\/\" \/>\n<meta property=\"og:locale\" content=\"en_US\" \/>\n<meta property=\"og:type\" content=\"article\" \/>\n<meta property=\"og:title\" content=\"Tetra Crypto Bitki G\u00fcbresi Tableti - 10 Tablet - Anadolu Pet Grup\" \/>\n<meta property=\"og:description\" content=\"Tetra Crypto bitki g\u00fcbresi tableti, su bitkilerine t\u00fcm \u00f6nemli besinleri do\u011frudan k\u00f6kler yoluyla sa\u011flayarak g\u00fczel ve sa\u011fl\u0131kl\u0131 su bitkilerinin b\u00fcy\u00fcmesini te\u015fvik eder. Detaylar; *Do\u011frudan k\u00f6klerden etkili g\u00fcbreleme. *H\u0131zl\u0131 bitki b\u00fcy\u00fcmesini destekler. *Uzun s\u00fcreler boyunca optimum besin kayna\u011f\u0131 ile g\u00fc\u00e7l\u00fc, sa\u011fl\u0131kl\u0131 bitkiler. *Demir, manganez ve di\u011fer \u00f6nemli mineraller ve eser elementler i\u00e7erir. *\u0130\u00e7erdi\u011fi besinler hemen emilebilir. *Sa\u011fl\u0131kl\u0131 bitki b\u00fcy\u00fcmesi, algleri \u00f6nlemenin en iyi yoludur. *Fosfat ve nitrat i\u00e7ermedi\u011fi i\u00e7in su kirlili\u011fi yaratmaz. Dozaj 40 litre akvaryum suyuna ayda bir tablet veya gerekti\u011finde kullan\u0131l\u0131r. Akvaryum topra\u011f\u0131 i\u00e7erisine k\u00f6ke yak\u0131n yerle\u015ftirilerek kullan\u0131lmas\u0131 tavsiye edilmektedir. Tatl\u0131 su akvaryum bitkileri i\u00e7indir. Miktar; 10 tablet\" \/>\n<meta property=\"og:url\" content=\"https:\/\/anadolupet.com.tr\/en\/product\/tetra-crypto-bitki-gubresi-tableti-10-tablet\/\" \/>\n<meta property=\"og:site_name\" content=\"Anadolu Pet Grup\" \/>\n<meta property=\"article:modified_time\" content=\"2026-02-23T16:49:12+00:00\" \/>\n<meta property=\"og:image\" content=\"https:\/\/anadolupet.com.tr\/wp-content\/uploads\/2026\/02\/401-708387.jpg\" \/>\n\t<meta property=\"og:image:width\" content=\"750\" \/>\n\t<meta property=\"og:image:height\" content=\"750\" \/>\n\t<meta property=\"og:image:type\" content=\"image\/jpeg\" \/>\n<meta name=\"twitter:card\" content=\"summary_large_image\" \/>\n<script type=\"application\/ld+json\" class=\"yoast-schema-graph\">{\"@context\":\"https:\\\/\\\/schema.org\",\"@graph\":[{\"@type\":\"WebPage\",\"@id\":\"https:\\\/\\\/anadolupet.com.tr\\\/urun\\\/tetra-crypto-bitki-gubresi-tableti-10-tablet\\\/\",\"url\":\"https:\\\/\\\/anadolupet.com.tr\\\/urun\\\/tetra-crypto-bitki-gubresi-tableti-10-tablet\\\/\",\"name\":\"Tetra Crypto Bitki G\u00fcbresi Tableti - 10 Tablet - Anadolu Pet Grup\",\"isPartOf\":{\"@id\":\"https:\\\/\\\/anadolupet.com.tr\\\/#website\"},\"primaryImageOfPage\":{\"@id\":\"https:\\\/\\\/anadolupet.com.tr\\\/urun\\\/tetra-crypto-bitki-gubresi-tableti-10-tablet\\\/#primaryimage\"},\"image\":{\"@id\":\"https:\\\/\\\/anadolupet.com.tr\\\/urun\\\/tetra-crypto-bitki-gubresi-tableti-10-tablet\\\/#primaryimage\"},\"thumbnailUrl\":\"https:\\\/\\\/anadolupet.com.tr\\\/wp-content\\\/uploads\\\/2026\\\/02\\\/401-708387.jpg\",\"datePublished\":\"2026-02-14T14:46:04+00:00\",\"dateModified\":\"2026-02-23T16:49:12+00:00\",\"breadcrumb\":{\"@id\":\"https:\\\/\\\/anadolupet.com.tr\\\/urun\\\/tetra-crypto-bitki-gubresi-tableti-10-tablet\\\/#breadcrumb\"},\"inLanguage\":\"en-US\",\"potentialAction\":[{\"@type\":\"ReadAction\",\"target\":[\"https:\\\/\\\/anadolupet.com.tr\\\/urun\\\/tetra-crypto-bitki-gubresi-tableti-10-tablet\\\/\"]}]},{\"@type\":\"ImageObject\",\"inLanguage\":\"en-US\",\"@id\":\"https:\\\/\\\/anadolupet.com.tr\\\/urun\\\/tetra-crypto-bitki-gubresi-tableti-10-tablet\\\/#primaryimage\",\"url\":\"https:\\\/\\\/anadolupet.com.tr\\\/wp-content\\\/uploads\\\/2026\\\/02\\\/401-708387.jpg\",\"contentUrl\":\"https:\\\/\\\/anadolupet.com.tr\\\/wp-content\\\/uploads\\\/2026\\\/02\\\/401-708387.jpg\",\"width\":750,\"height\":750},{\"@type\":\"BreadcrumbList\",\"@id\":\"https:\\\/\\\/anadolupet.com.tr\\\/urun\\\/tetra-crypto-bitki-gubresi-tableti-10-tablet\\\/#breadcrumb\",\"itemListElement\":[{\"@type\":\"ListItem\",\"position\":1,\"name\":\"Anasayfa\",\"item\":\"https:\\\/\\\/anadolupet.com.tr\\\/\"},{\"@type\":\"ListItem\",\"position\":2,\"name\":\"\u00dcr\u00fcnler\",\"item\":\"https:\\\/\\\/anadolupet.com.tr\\\/urunler\\\/\"},{\"@type\":\"ListItem\",\"position\":3,\"name\":\"Tetra Crypto Bitki G\u00fcbresi Tableti &#8211; 10 Tablet\"}]},{\"@type\":\"WebSite\",\"@id\":\"https:\\\/\\\/anadolupet.com.tr\\\/#website\",\"url\":\"https:\\\/\\\/anadolupet.com.tr\\\/\",\"name\":\"Anadolu Pet Grup\",\"description\":\"Her Can\u0131n \u0130yi Ya\u015fam\u0131 \u0130\u00e7in Biraraday\u0131z\",\"publisher\":{\"@id\":\"https:\\\/\\\/anadolupet.com.tr\\\/#organization\"},\"potentialAction\":[{\"@type\":\"SearchAction\",\"target\":{\"@type\":\"EntryPoint\",\"urlTemplate\":\"https:\\\/\\\/anadolupet.com.tr\\\/?s={search_term_string}\"},\"query-input\":{\"@type\":\"PropertyValueSpecification\",\"valueRequired\":true,\"valueName\":\"search_term_string\"}}],\"inLanguage\":\"en-US\"},{\"@type\":\"Organization\",\"@id\":\"https:\\\/\\\/anadolupet.com.tr\\\/#organization\",\"name\":\"Anadolu Pet Grup\",\"alternateName\":\"Anadolu Pet\",\"url\":\"https:\\\/\\\/anadolupet.com.tr\\\/\",\"logo\":{\"@type\":\"ImageObject\",\"inLanguage\":\"en-US\",\"@id\":\"https:\\\/\\\/anadolupet.com.tr\\\/#\\\/schema\\\/logo\\\/image\\\/\",\"url\":\"https:\\\/\\\/anadolupet.com.tr\\\/wp-content\\\/uploads\\\/2026\\\/03\\\/1614666743370.jpg\",\"contentUrl\":\"https:\\\/\\\/anadolupet.com.tr\\\/wp-content\\\/uploads\\\/2026\\\/03\\\/1614666743370.jpg\",\"width\":800,\"height\":571,\"caption\":\"Anadolu Pet Grup\"},\"image\":{\"@id\":\"https:\\\/\\\/anadolupet.com.tr\\\/#\\\/schema\\\/logo\\\/image\\\/\"}}]}<\/script>\n<!-- \/ Yoast SEO plugin. -->","yoast_head_json":{"title":"Tetra Crypto Bitki G\u00fcbresi Tableti - 10 Tablet - Anadolu Pet Grup","robots":{"index":"index","follow":"follow","max-snippet":"max-snippet:-1","max-image-preview":"max-image-preview:large","max-video-preview":"max-video-preview:-1"},"canonical":"https:\/\/anadolupet.com.tr\/en\/product\/tetra-crypto-bitki-gubresi-tableti-10-tablet\/","og_locale":"en_US","og_type":"article","og_title":"Tetra Crypto Bitki G\u00fcbresi Tableti - 10 Tablet - Anadolu Pet Grup","og_description":"Tetra Crypto bitki g\u00fcbresi tableti, su bitkilerine t\u00fcm \u00f6nemli besinleri do\u011frudan k\u00f6kler yoluyla sa\u011flayarak g\u00fczel ve sa\u011fl\u0131kl\u0131 su bitkilerinin b\u00fcy\u00fcmesini te\u015fvik eder. Detaylar; *Do\u011frudan k\u00f6klerden etkili g\u00fcbreleme. *H\u0131zl\u0131 bitki b\u00fcy\u00fcmesini destekler. *Uzun s\u00fcreler boyunca optimum besin kayna\u011f\u0131 ile g\u00fc\u00e7l\u00fc, sa\u011fl\u0131kl\u0131 bitkiler. *Demir, manganez ve di\u011fer \u00f6nemli mineraller ve eser elementler i\u00e7erir. *\u0130\u00e7erdi\u011fi besinler hemen emilebilir. *Sa\u011fl\u0131kl\u0131 bitki b\u00fcy\u00fcmesi, algleri \u00f6nlemenin en iyi yoludur. *Fosfat ve nitrat i\u00e7ermedi\u011fi i\u00e7in su kirlili\u011fi yaratmaz. Dozaj 40 litre akvaryum suyuna ayda bir tablet veya gerekti\u011finde kullan\u0131l\u0131r. Akvaryum topra\u011f\u0131 i\u00e7erisine k\u00f6ke yak\u0131n yerle\u015ftirilerek kullan\u0131lmas\u0131 tavsiye edilmektedir. Tatl\u0131 su akvaryum bitkileri i\u00e7indir. Miktar; 10 tablet","og_url":"https:\/\/anadolupet.com.tr\/en\/product\/tetra-crypto-bitki-gubresi-tableti-10-tablet\/","og_site_name":"Anadolu Pet Grup","article_modified_time":"2026-02-23T16:49:12+00:00","og_image":[{"width":750,"height":750,"url":"https:\/\/anadolupet.com.tr\/wp-content\/uploads\/2026\/02\/401-708387.jpg","type":"image\/jpeg"}],"twitter_card":"summary_large_image","schema":{"@context":"https:\/\/schema.org","@graph":[{"@type":"WebPage","@id":"https:\/\/anadolupet.com.tr\/urun\/tetra-crypto-bitki-gubresi-tableti-10-tablet\/","url":"https:\/\/anadolupet.com.tr\/urun\/tetra-crypto-bitki-gubresi-tableti-10-tablet\/","name":"Tetra Crypto Bitki G\u00fcbresi Tableti - 10 Tablet - Anadolu Pet Grup","isPartOf":{"@id":"https:\/\/anadolupet.com.tr\/#website"},"primaryImageOfPage":{"@id":"https:\/\/anadolupet.com.tr\/urun\/tetra-crypto-bitki-gubresi-tableti-10-tablet\/#primaryimage"},"image":{"@id":"https:\/\/anadolupet.com.tr\/urun\/tetra-crypto-bitki-gubresi-tableti-10-tablet\/#primaryimage"},"thumbnailUrl":"https:\/\/anadolupet.com.tr\/wp-content\/uploads\/2026\/02\/401-708387.jpg","datePublished":"2026-02-14T14:46:04+00:00","dateModified":"2026-02-23T16:49:12+00:00","breadcrumb":{"@id":"https:\/\/anadolupet.com.tr\/urun\/tetra-crypto-bitki-gubresi-tableti-10-tablet\/#breadcrumb"},"inLanguage":"en-US","potentialAction":[{"@type":"ReadAction","target":["https:\/\/anadolupet.com.tr\/urun\/tetra-crypto-bitki-gubresi-tableti-10-tablet\/"]}]},{"@type":"ImageObject","inLanguage":"en-US","@id":"https:\/\/anadolupet.com.tr\/urun\/tetra-crypto-bitki-gubresi-tableti-10-tablet\/#primaryimage","url":"https:\/\/anadolupet.com.tr\/wp-content\/uploads\/2026\/02\/401-708387.jpg","contentUrl":"https:\/\/anadolupet.com.tr\/wp-content\/uploads\/2026\/02\/401-708387.jpg","width":750,"height":750},{"@type":"BreadcrumbList","@id":"https:\/\/anadolupet.com.tr\/urun\/tetra-crypto-bitki-gubresi-tableti-10-tablet\/#breadcrumb","itemListElement":[{"@type":"ListItem","position":1,"name":"Anasayfa","item":"https:\/\/anadolupet.com.tr\/"},{"@type":"ListItem","position":2,"name":"\u00dcr\u00fcnler","item":"https:\/\/anadolupet.com.tr\/urunler\/"},{"@type":"ListItem","position":3,"name":"Tetra Crypto Bitki G\u00fcbresi Tableti &#8211; 10 Tablet"}]},{"@type":"WebSite","@id":"https:\/\/anadolupet.com.tr\/#website","url":"https:\/\/anadolupet.com.tr\/","name":"Anadolu Pet Group","description":"We Stand Together for the Well-Being of Every Life","publisher":{"@id":"https:\/\/anadolupet.com.tr\/#organization"},"potentialAction":[{"@type":"SearchAction","target":{"@type":"EntryPoint","urlTemplate":"https:\/\/anadolupet.com.tr\/?s={search_term_string}"},"query-input":{"@type":"PropertyValueSpecification","valueRequired":true,"valueName":"search_term_string"}}],"inLanguage":"en-US"},{"@type":"Organization","@id":"https:\/\/anadolupet.com.tr\/#organization","name":"Anadolu Pet Group","alternateName":"Anadolu Pet","url":"https:\/\/anadolupet.com.tr\/","logo":{"@type":"ImageObject","inLanguage":"en-US","@id":"https:\/\/anadolupet.com.tr\/#\/schema\/logo\/image\/","url":"https:\/\/anadolupet.com.tr\/wp-content\/uploads\/2026\/03\/1614666743370.jpg","contentUrl":"https:\/\/anadolupet.com.tr\/wp-content\/uploads\/2026\/03\/1614666743370.jpg","width":800,"height":571,"caption":"Anadolu Pet Grup"},"image":{"@id":"https:\/\/anadolupet.com.tr\/#\/schema\/logo\/image\/"}}]}},"_links":{"self":[{"href":"https:\/\/anadolupet.com.tr\/en\/wp-json\/wp\/v2\/product\/46225","targetHints":{"allow":["GET"]}}],"collection":[{"href":"https:\/\/anadolupet.com.tr\/en\/wp-json\/wp\/v2\/product"}],"about":[{"href":"https:\/\/anadolupet.com.tr\/en\/wp-json\/wp\/v2\/types\/product"}],"replies":[{"embeddable":true,"href":"https:\/\/anadolupet.com.tr\/en\/wp-json\/wp\/v2\/comments?post=46225"}],"wp:featuredmedia":[{"embeddable":true,"href":"https:\/\/anadolupet.com.tr\/en\/wp-json\/wp\/v2\/media\/47159"}],"wp:attachment":[{"href":"https:\/\/anadolupet.com.tr\/en\/wp-json\/wp\/v2\/media?parent=46225"}],"wp:term":[{"taxonomy":"product_brand","embeddable":true,"href":"https:\/\/anadolupet.com.tr\/en\/wp-json\/wp\/v2\/product_brand?post=46225"},{"taxonomy":"product_cat","embeddable":true,"href":"https:\/\/anadolupet.com.tr\/en\/wp-json\/wp\/v2\/product_cat?post=46225"},{"taxonomy":"product_tag","embeddable":true,"href":"https:\/\/anadolupet.com.tr\/en\/wp-json\/wp\/v2\/product_tag?post=46225"}],"curies":[{"name":"wp","href":"https:\/\/api.w.org\/{rel}","templated":true}]}}