{"id":46226,"date":"2026-02-14T14:46:04","date_gmt":"2026-02-14T14:46:04","guid":{"rendered":"https:\/\/anadolupet.com.tr\/?post_type=product&#038;p=46226"},"modified":"2026-02-23T16:49:12","modified_gmt":"2026-02-23T16:49:12","slug":"tetra-crystal-water-su-berraklastirici-100ml","status":"publish","type":"product","link":"https:\/\/anadolupet.com.tr\/en\/urun\/tetra-crystal-water-su-berraklastirici-100ml\/","title":{"rendered":"Tetra Crystal Water Su Berrakla\u015ft\u0131r\u0131c\u0131 &#8211; 100ML"},"content":{"rendered":"","protected":false},"excerpt":{"rendered":"<p>Tetra CrystalWater, i\u00e7eri\u011finde bulunan \u00f6zel aktif maddeler su i\u00e7ersindeki k\u00fc\u00e7\u00fck par\u00e7alar\u0131 birbirine ba\u011flar ve suyun daha kolay filtre edilmesini sa\u011flar. Crystalwater sayesinde, akvaryum suyu birka\u00e7 saat i\u00e7inde kristal berrakl\u0131\u011f\u0131nda olur.<br \/>\nDetaylar;<br \/>\n*Birka\u00e7 saat i\u00e7inde akvaryum suyundaki bulan\u0131kl\u0131\u011f\u0131 ortadan kald\u0131r\u0131r.<br \/>\n*\u00d6zenle se\u00e7ilmi\u015f mineraller her t\u00fcrl\u00fc kir partik\u00fcl\u00fcn\u00fc nazik\u00e7e ortadan kald\u0131r\u0131r.<br \/>\n*\u0130lk etkiler iki ila \u00fc\u00e7 saat sonra g\u00f6r\u00fcn\u00fcr. Alt\u0131 ila on iki saat i\u00e7inde kristal berrakl\u0131\u011f\u0131nda su elde edilir.<br \/>\n*T\u00fcm tatl\u0131 su akvaryumlar\u0131 i\u00e7in uygundur<br \/>\n*Salyangoz, karides ve di\u011fer kabuklular gibi omurgas\u0131zlar i\u00e7eren akvaryumlar i\u00e7in uygun de\u011fildir.<br \/>\nDozaj;<br \/>\n*Bulan\u0131kl\u0131\u011f\u0131 gidermek i\u00e7in 10 litre akvaryum suyuna 5 ml ekleyin. KH de\u011feri 3\u00b0dH&#8217;nin alt\u0131ndaysa 10 litreye 2,5 ml ekleyin.<br \/>\n*Uygulamalar aras\u0131nda en az 48 saat bekleyin. *Tetra AquaSafe gibi bir su haz\u0131rlay\u0131c\u0131 kulland\u0131ktan sonra Tetra CrystalWater&#8217;\u0131 kullanmadan \u00f6nce 24 saat bekleyin.<br \/>\n*Optimum sonu\u00e7lar i\u00e7in filtre d\u00fczenli olarak temizlenmelidir. *Not: \u00dcr\u00fcn etki g\u00f6sterdi\u011finde, aktif bile\u015fenler zarars\u0131z olan ve birka\u00e7 saat i\u00e7inde da\u011f\u0131lan beyaz bir bulut salar.<br \/>\nMiktar;<br \/>\n100 ml<\/p>","protected":false},"featured_media":47160,"comment_status":"open","ping_status":"closed","template":"","meta":{"_acf_changed":false},"product_brand":[],"product_cat":[2410],"product_tag":[],"class_list":{"0":"post-46226","1":"product","2":"type-product","3":"status-publish","4":"has-post-thumbnail","6":"product_cat-su-duzenleyiciler","8":"first","9":"instock","10":"shipping-taxable","11":"product-type-simple"},"acf":[],"yoast_head":"<!-- This site is optimized with the Yoast SEO plugin v27.4 - https:\/\/yoast.com\/product\/yoast-seo-wordpress\/ -->\n<title>Tetra Crystal Water Su Berrakla\u015ft\u0131r\u0131c\u0131 - 100ML - Anadolu Pet Grup<\/title>\n<meta name=\"robots\" content=\"index, follow, max-snippet:-1, max-image-preview:large, max-video-preview:-1\" \/>\n<link rel=\"canonical\" href=\"https:\/\/anadolupet.com.tr\/en\/product\/tetra-crystal-water-su-berraklastirici-100ml\/\" \/>\n<meta property=\"og:locale\" content=\"en_US\" \/>\n<meta property=\"og:type\" content=\"article\" \/>\n<meta property=\"og:title\" content=\"Tetra Crystal Water Su Berrakla\u015ft\u0131r\u0131c\u0131 - 100ML - Anadolu Pet Grup\" \/>\n<meta property=\"og:description\" content=\"Tetra CrystalWater, i\u00e7eri\u011finde bulunan \u00f6zel aktif maddeler su i\u00e7ersindeki k\u00fc\u00e7\u00fck par\u00e7alar\u0131 birbirine ba\u011flar ve suyun daha kolay filtre edilmesini sa\u011flar. Crystalwater sayesinde, akvaryum suyu birka\u00e7 saat i\u00e7inde kristal berrakl\u0131\u011f\u0131nda olur. Detaylar; *Birka\u00e7 saat i\u00e7inde akvaryum suyundaki bulan\u0131kl\u0131\u011f\u0131 ortadan kald\u0131r\u0131r. *\u00d6zenle se\u00e7ilmi\u015f mineraller her t\u00fcrl\u00fc kir partik\u00fcl\u00fcn\u00fc nazik\u00e7e ortadan kald\u0131r\u0131r. *\u0130lk etkiler iki ila \u00fc\u00e7 saat sonra g\u00f6r\u00fcn\u00fcr. Alt\u0131 ila on iki saat i\u00e7inde kristal berrakl\u0131\u011f\u0131nda su elde edilir. *T\u00fcm tatl\u0131 su akvaryumlar\u0131 i\u00e7in uygundur *Salyangoz, karides ve di\u011fer kabuklular gibi omurgas\u0131zlar i\u00e7eren akvaryumlar i\u00e7in uygun de\u011fildir. Dozaj; *Bulan\u0131kl\u0131\u011f\u0131 gidermek i\u00e7in 10 litre akvaryum suyuna 5 ml ekleyin. KH de\u011feri 3\u00b0dH&#039;nin alt\u0131ndaysa 10 litreye 2,5 ml ekleyin. *Uygulamalar aras\u0131nda en az 48 saat bekleyin. *Tetra AquaSafe gibi bir su haz\u0131rlay\u0131c\u0131 kulland\u0131ktan sonra Tetra CrystalWater&#039;\u0131 kullanmadan \u00f6nce 24 saat bekleyin. *Optimum sonu\u00e7lar i\u00e7in filtre d\u00fczenli olarak temizlenmelidir. *Not: \u00dcr\u00fcn etki g\u00f6sterdi\u011finde, aktif bile\u015fenler zarars\u0131z olan ve birka\u00e7 saat i\u00e7inde da\u011f\u0131lan beyaz bir bulut salar. Miktar; 100 ml\" \/>\n<meta property=\"og:url\" content=\"https:\/\/anadolupet.com.tr\/en\/product\/tetra-crystal-water-su-berraklastirici-100ml\/\" \/>\n<meta property=\"og:site_name\" content=\"Anadolu Pet Grup\" \/>\n<meta property=\"article:modified_time\" content=\"2026-02-23T16:49:12+00:00\" \/>\n<meta property=\"og:image\" content=\"https:\/\/anadolupet.com.tr\/wp-content\/uploads\/2026\/02\/401-708661.jpg\" \/>\n\t<meta property=\"og:image:width\" content=\"750\" \/>\n\t<meta property=\"og:image:height\" content=\"750\" \/>\n\t<meta property=\"og:image:type\" content=\"image\/jpeg\" \/>\n<meta name=\"twitter:card\" content=\"summary_large_image\" \/>\n<script type=\"application\/ld+json\" class=\"yoast-schema-graph\">{\"@context\":\"https:\\\/\\\/schema.org\",\"@graph\":[{\"@type\":\"WebPage\",\"@id\":\"https:\\\/\\\/anadolupet.com.tr\\\/en\\\/product\\\/tetra-crystal-water-su-berraklastirici-100ml\\\/\",\"url\":\"https:\\\/\\\/anadolupet.com.tr\\\/en\\\/product\\\/tetra-crystal-water-su-berraklastirici-100ml\\\/\",\"name\":\"Tetra Crystal Water Su Berrakla\u015ft\u0131r\u0131c\u0131 - 100ML - Anadolu Pet Grup\",\"isPartOf\":{\"@id\":\"https:\\\/\\\/anadolupet.com.tr\\\/#website\"},\"primaryImageOfPage\":{\"@id\":\"https:\\\/\\\/anadolupet.com.tr\\\/en\\\/product\\\/tetra-crystal-water-su-berraklastirici-100ml\\\/#primaryimage\"},\"image\":{\"@id\":\"https:\\\/\\\/anadolupet.com.tr\\\/en\\\/product\\\/tetra-crystal-water-su-berraklastirici-100ml\\\/#primaryimage\"},\"thumbnailUrl\":\"https:\\\/\\\/anadolupet.com.tr\\\/wp-content\\\/uploads\\\/2026\\\/02\\\/401-708661.jpg\",\"datePublished\":\"2026-02-14T14:46:04+00:00\",\"dateModified\":\"2026-02-23T16:49:12+00:00\",\"breadcrumb\":{\"@id\":\"https:\\\/\\\/anadolupet.com.tr\\\/en\\\/product\\\/tetra-crystal-water-su-berraklastirici-100ml\\\/#breadcrumb\"},\"inLanguage\":\"en-US\",\"potentialAction\":[{\"@type\":\"ReadAction\",\"target\":[\"https:\\\/\\\/anadolupet.com.tr\\\/en\\\/product\\\/tetra-crystal-water-su-berraklastirici-100ml\\\/\"]}]},{\"@type\":\"ImageObject\",\"inLanguage\":\"en-US\",\"@id\":\"https:\\\/\\\/anadolupet.com.tr\\\/en\\\/product\\\/tetra-crystal-water-su-berraklastirici-100ml\\\/#primaryimage\",\"url\":\"https:\\\/\\\/anadolupet.com.tr\\\/wp-content\\\/uploads\\\/2026\\\/02\\\/401-708661.jpg\",\"contentUrl\":\"https:\\\/\\\/anadolupet.com.tr\\\/wp-content\\\/uploads\\\/2026\\\/02\\\/401-708661.jpg\",\"width\":750,\"height\":750},{\"@type\":\"BreadcrumbList\",\"@id\":\"https:\\\/\\\/anadolupet.com.tr\\\/en\\\/product\\\/tetra-crystal-water-su-berraklastirici-100ml\\\/#breadcrumb\",\"itemListElement\":[{\"@type\":\"ListItem\",\"position\":1,\"name\":\"Anasayfa\",\"item\":\"https:\\\/\\\/anadolupet.com.tr\\\/\"},{\"@type\":\"ListItem\",\"position\":2,\"name\":\"\u00dcr\u00fcnler\",\"item\":\"https:\\\/\\\/anadolupet.com.tr\\\/urunler\\\/\"},{\"@type\":\"ListItem\",\"position\":3,\"name\":\"Tetra Crystal Water Su Berrakla\u015ft\u0131r\u0131c\u0131 &#8211; 100ML\"}]},{\"@type\":\"WebSite\",\"@id\":\"https:\\\/\\\/anadolupet.com.tr\\\/#website\",\"url\":\"https:\\\/\\\/anadolupet.com.tr\\\/\",\"name\":\"Anadolu Pet Grup\",\"description\":\"Her Can\u0131n \u0130yi Ya\u015fam\u0131 \u0130\u00e7in Biraraday\u0131z\",\"publisher\":{\"@id\":\"https:\\\/\\\/anadolupet.com.tr\\\/#organization\"},\"potentialAction\":[{\"@type\":\"SearchAction\",\"target\":{\"@type\":\"EntryPoint\",\"urlTemplate\":\"https:\\\/\\\/anadolupet.com.tr\\\/?s={search_term_string}\"},\"query-input\":{\"@type\":\"PropertyValueSpecification\",\"valueRequired\":true,\"valueName\":\"search_term_string\"}}],\"inLanguage\":\"en-US\"},{\"@type\":\"Organization\",\"@id\":\"https:\\\/\\\/anadolupet.com.tr\\\/#organization\",\"name\":\"Anadolu Pet Grup\",\"alternateName\":\"Anadolu Pet\",\"url\":\"https:\\\/\\\/anadolupet.com.tr\\\/\",\"logo\":{\"@type\":\"ImageObject\",\"inLanguage\":\"en-US\",\"@id\":\"https:\\\/\\\/anadolupet.com.tr\\\/#\\\/schema\\\/logo\\\/image\\\/\",\"url\":\"https:\\\/\\\/anadolupet.com.tr\\\/wp-content\\\/uploads\\\/2026\\\/03\\\/1614666743370.jpg\",\"contentUrl\":\"https:\\\/\\\/anadolupet.com.tr\\\/wp-content\\\/uploads\\\/2026\\\/03\\\/1614666743370.jpg\",\"width\":800,\"height\":571,\"caption\":\"Anadolu Pet Grup\"},\"image\":{\"@id\":\"https:\\\/\\\/anadolupet.com.tr\\\/#\\\/schema\\\/logo\\\/image\\\/\"}}]}<\/script>\n<!-- \/ Yoast SEO plugin. -->","yoast_head_json":{"title":"Tetra Crystal Water Su Berrakla\u015ft\u0131r\u0131c\u0131 - 100ML - Anadolu Pet Grup","robots":{"index":"index","follow":"follow","max-snippet":"max-snippet:-1","max-image-preview":"max-image-preview:large","max-video-preview":"max-video-preview:-1"},"canonical":"https:\/\/anadolupet.com.tr\/en\/product\/tetra-crystal-water-su-berraklastirici-100ml\/","og_locale":"en_US","og_type":"article","og_title":"Tetra Crystal Water Su Berrakla\u015ft\u0131r\u0131c\u0131 - 100ML - Anadolu Pet Grup","og_description":"Tetra CrystalWater, i\u00e7eri\u011finde bulunan \u00f6zel aktif maddeler su i\u00e7ersindeki k\u00fc\u00e7\u00fck par\u00e7alar\u0131 birbirine ba\u011flar ve suyun daha kolay filtre edilmesini sa\u011flar. Crystalwater sayesinde, akvaryum suyu birka\u00e7 saat i\u00e7inde kristal berrakl\u0131\u011f\u0131nda olur. Detaylar; *Birka\u00e7 saat i\u00e7inde akvaryum suyundaki bulan\u0131kl\u0131\u011f\u0131 ortadan kald\u0131r\u0131r. *\u00d6zenle se\u00e7ilmi\u015f mineraller her t\u00fcrl\u00fc kir partik\u00fcl\u00fcn\u00fc nazik\u00e7e ortadan kald\u0131r\u0131r. *\u0130lk etkiler iki ila \u00fc\u00e7 saat sonra g\u00f6r\u00fcn\u00fcr. Alt\u0131 ila on iki saat i\u00e7inde kristal berrakl\u0131\u011f\u0131nda su elde edilir. *T\u00fcm tatl\u0131 su akvaryumlar\u0131 i\u00e7in uygundur *Salyangoz, karides ve di\u011fer kabuklular gibi omurgas\u0131zlar i\u00e7eren akvaryumlar i\u00e7in uygun de\u011fildir. Dozaj; *Bulan\u0131kl\u0131\u011f\u0131 gidermek i\u00e7in 10 litre akvaryum suyuna 5 ml ekleyin. KH de\u011feri 3\u00b0dH'nin alt\u0131ndaysa 10 litreye 2,5 ml ekleyin. *Uygulamalar aras\u0131nda en az 48 saat bekleyin. *Tetra AquaSafe gibi bir su haz\u0131rlay\u0131c\u0131 kulland\u0131ktan sonra Tetra CrystalWater'\u0131 kullanmadan \u00f6nce 24 saat bekleyin. *Optimum sonu\u00e7lar i\u00e7in filtre d\u00fczenli olarak temizlenmelidir. *Not: \u00dcr\u00fcn etki g\u00f6sterdi\u011finde, aktif bile\u015fenler zarars\u0131z olan ve birka\u00e7 saat i\u00e7inde da\u011f\u0131lan beyaz bir bulut salar. Miktar; 100 ml","og_url":"https:\/\/anadolupet.com.tr\/en\/product\/tetra-crystal-water-su-berraklastirici-100ml\/","og_site_name":"Anadolu Pet Grup","article_modified_time":"2026-02-23T16:49:12+00:00","og_image":[{"width":750,"height":750,"url":"https:\/\/anadolupet.com.tr\/wp-content\/uploads\/2026\/02\/401-708661.jpg","type":"image\/jpeg"}],"twitter_card":"summary_large_image","schema":{"@context":"https:\/\/schema.org","@graph":[{"@type":"WebPage","@id":"https:\/\/anadolupet.com.tr\/en\/product\/tetra-crystal-water-su-berraklastirici-100ml\/","url":"https:\/\/anadolupet.com.tr\/en\/product\/tetra-crystal-water-su-berraklastirici-100ml\/","name":"Tetra Crystal Water Su Berrakla\u015ft\u0131r\u0131c\u0131 - 100ML - Anadolu Pet Grup","isPartOf":{"@id":"https:\/\/anadolupet.com.tr\/#website"},"primaryImageOfPage":{"@id":"https:\/\/anadolupet.com.tr\/en\/product\/tetra-crystal-water-su-berraklastirici-100ml\/#primaryimage"},"image":{"@id":"https:\/\/anadolupet.com.tr\/en\/product\/tetra-crystal-water-su-berraklastirici-100ml\/#primaryimage"},"thumbnailUrl":"https:\/\/anadolupet.com.tr\/wp-content\/uploads\/2026\/02\/401-708661.jpg","datePublished":"2026-02-14T14:46:04+00:00","dateModified":"2026-02-23T16:49:12+00:00","breadcrumb":{"@id":"https:\/\/anadolupet.com.tr\/en\/product\/tetra-crystal-water-su-berraklastirici-100ml\/#breadcrumb"},"inLanguage":"en-US","potentialAction":[{"@type":"ReadAction","target":["https:\/\/anadolupet.com.tr\/en\/product\/tetra-crystal-water-su-berraklastirici-100ml\/"]}]},{"@type":"ImageObject","inLanguage":"en-US","@id":"https:\/\/anadolupet.com.tr\/en\/product\/tetra-crystal-water-su-berraklastirici-100ml\/#primaryimage","url":"https:\/\/anadolupet.com.tr\/wp-content\/uploads\/2026\/02\/401-708661.jpg","contentUrl":"https:\/\/anadolupet.com.tr\/wp-content\/uploads\/2026\/02\/401-708661.jpg","width":750,"height":750},{"@type":"BreadcrumbList","@id":"https:\/\/anadolupet.com.tr\/en\/product\/tetra-crystal-water-su-berraklastirici-100ml\/#breadcrumb","itemListElement":[{"@type":"ListItem","position":1,"name":"Anasayfa","item":"https:\/\/anadolupet.com.tr\/"},{"@type":"ListItem","position":2,"name":"\u00dcr\u00fcnler","item":"https:\/\/anadolupet.com.tr\/urunler\/"},{"@type":"ListItem","position":3,"name":"Tetra Crystal Water Su Berrakla\u015ft\u0131r\u0131c\u0131 &#8211; 100ML"}]},{"@type":"WebSite","@id":"https:\/\/anadolupet.com.tr\/#website","url":"https:\/\/anadolupet.com.tr\/","name":"Anadolu Pet Group","description":"We Stand Together for the Well-Being of Every Life","publisher":{"@id":"https:\/\/anadolupet.com.tr\/#organization"},"potentialAction":[{"@type":"SearchAction","target":{"@type":"EntryPoint","urlTemplate":"https:\/\/anadolupet.com.tr\/?s={search_term_string}"},"query-input":{"@type":"PropertyValueSpecification","valueRequired":true,"valueName":"search_term_string"}}],"inLanguage":"en-US"},{"@type":"Organization","@id":"https:\/\/anadolupet.com.tr\/#organization","name":"Anadolu Pet Group","alternateName":"Anadolu Pet","url":"https:\/\/anadolupet.com.tr\/","logo":{"@type":"ImageObject","inLanguage":"en-US","@id":"https:\/\/anadolupet.com.tr\/#\/schema\/logo\/image\/","url":"https:\/\/anadolupet.com.tr\/wp-content\/uploads\/2026\/03\/1614666743370.jpg","contentUrl":"https:\/\/anadolupet.com.tr\/wp-content\/uploads\/2026\/03\/1614666743370.jpg","width":800,"height":571,"caption":"Anadolu Pet Grup"},"image":{"@id":"https:\/\/anadolupet.com.tr\/#\/schema\/logo\/image\/"}}]}},"_links":{"self":[{"href":"https:\/\/anadolupet.com.tr\/en\/wp-json\/wp\/v2\/product\/46226","targetHints":{"allow":["GET"]}}],"collection":[{"href":"https:\/\/anadolupet.com.tr\/en\/wp-json\/wp\/v2\/product"}],"about":[{"href":"https:\/\/anadolupet.com.tr\/en\/wp-json\/wp\/v2\/types\/product"}],"replies":[{"embeddable":true,"href":"https:\/\/anadolupet.com.tr\/en\/wp-json\/wp\/v2\/comments?post=46226"}],"wp:featuredmedia":[{"embeddable":true,"href":"https:\/\/anadolupet.com.tr\/en\/wp-json\/wp\/v2\/media\/47160"}],"wp:attachment":[{"href":"https:\/\/anadolupet.com.tr\/en\/wp-json\/wp\/v2\/media?parent=46226"}],"wp:term":[{"taxonomy":"product_brand","embeddable":true,"href":"https:\/\/anadolupet.com.tr\/en\/wp-json\/wp\/v2\/product_brand?post=46226"},{"taxonomy":"product_cat","embeddable":true,"href":"https:\/\/anadolupet.com.tr\/en\/wp-json\/wp\/v2\/product_cat?post=46226"},{"taxonomy":"product_tag","embeddable":true,"href":"https:\/\/anadolupet.com.tr\/en\/wp-json\/wp\/v2\/product_tag?post=46226"}],"curies":[{"name":"wp","href":"https:\/\/api.w.org\/{rel}","templated":true}]}}