{"id":46229,"date":"2026-02-14T14:46:04","date_gmt":"2026-02-14T14:46:04","guid":{"rendered":"https:\/\/anadolupet.com.tr\/?post_type=product&#038;p=46229"},"modified":"2026-02-23T16:49:12","modified_gmt":"2026-02-23T16:49:12","slug":"tetra-delicamix-250ml","status":"publish","type":"product","link":"https:\/\/anadolupet.com.tr\/en\/urun\/tetra-delicamix-250ml\/","title":{"rendered":"Tetra Delicamix 250ML"},"content":{"rendered":"","protected":false},"excerpt":{"rendered":"<p>Tetra Delica Mix, i\u00e7erdi\u011fi %29 Daphnia ( Su Piresi ), %18 Salamura Karides, %29 Krill ve %24 Gammarus ile t\u00fcm tropikal bal\u0131klar ve di\u011fer et\u00e7il beslenen bal\u0131klar i\u00e7in son derece zengin bir ek besindir.<br \/>\nDetaylar;<br \/>\n*Tetra Delica Mix, Tetra&#8217;n\u0131n birincil diyetlerine m\u00fckemmel bir tamamlay\u0131c\u0131d\u0131r ve \u00e7e\u015fitli ve t\u00fcre uygun bir diyeti destekler.<br \/>\n*Optimum besin de\u011feri ve kaliteyi sa\u011flamak i\u00e7in dikkatle dondurularak kurutulmu\u015f veya g\u00fcne\u015fte kurutulmu\u015f do\u011fal g\u0131dalar i\u00e7eririr.<br \/>\n*Gammarus: Bal\u0131\u011f\u0131n do\u011fal renklerinin geli\u015fimini destekleyen do\u011fal karotenoid kayna\u011f\u0131. Protein i\u00e7eri\u011fi: yakla\u015f\u0131k % 45<br \/>\n*Krill: Sa\u011fl\u0131kl\u0131 b\u00fcy\u00fcme i\u00e7in gerekli omega-3 ya\u011f asitleri. Protein i\u00e7eri\u011fi: yakla\u015f\u0131k % 65<br \/>\n*Daphnien: Sindirimi destekleyen, mineral bak\u0131m\u0131ndan zengin m\u00fckemmel bir kaba yem kayna\u011f\u0131d\u0131r. Protein i\u00e7eri\u011fi: yakla\u015f\u0131k % 35<br \/>\n*Salamura Karidesleri: Bal\u0131klar\u0131n do\u011fal renklerini g\u00fc\u00e7lendirmek i\u00e7in y\u00fcksek besin de\u011feri, olduk\u00e7a etkili karotenoidler. Protein i\u00e7eri\u011fi: yakla\u015f\u0131k % 45<br \/>\nDozaj;<br \/>\nBal\u0131klar\u0131n temel diyetine (\u00f6rne\u011fin TetraMin) ek olarak haftada birka\u00e7 kez besleyin.<br \/>\nMiktar;<br \/>\n250 ml<\/p>","protected":false},"featured_media":47065,"comment_status":"open","ping_status":"closed","template":"","meta":{"_acf_changed":false},"product_brand":[],"product_cat":[2404],"product_tag":[],"class_list":{"0":"post-46229","1":"product","2":"type-product","3":"status-publish","4":"has-post-thumbnail","6":"product_cat-odul-yemleri","8":"first","9":"instock","10":"shipping-taxable","11":"product-type-simple"},"acf":[],"yoast_head":"<!-- This site is optimized with the Yoast SEO plugin v27.4 - https:\/\/yoast.com\/product\/yoast-seo-wordpress\/ -->\n<title>Tetra Delicamix 250ML - Anadolu Pet Grup<\/title>\n<meta name=\"robots\" content=\"index, follow, max-snippet:-1, max-image-preview:large, max-video-preview:-1\" \/>\n<link rel=\"canonical\" href=\"https:\/\/anadolupet.com.tr\/en\/product\/tetra-delicamix-250ml\/\" \/>\n<meta property=\"og:locale\" content=\"en_US\" \/>\n<meta property=\"og:type\" content=\"article\" \/>\n<meta property=\"og:title\" content=\"Tetra Delicamix 250ML - Anadolu Pet Grup\" \/>\n<meta property=\"og:description\" content=\"Tetra Delica Mix, i\u00e7erdi\u011fi %29 Daphnia ( Su Piresi ), %18 Salamura Karides, %29 Krill ve %24 Gammarus ile t\u00fcm tropikal bal\u0131klar ve di\u011fer et\u00e7il beslenen bal\u0131klar i\u00e7in son derece zengin bir ek besindir. Detaylar; *Tetra Delica Mix, Tetra&#039;n\u0131n birincil diyetlerine m\u00fckemmel bir tamamlay\u0131c\u0131d\u0131r ve \u00e7e\u015fitli ve t\u00fcre uygun bir diyeti destekler. *Optimum besin de\u011feri ve kaliteyi sa\u011flamak i\u00e7in dikkatle dondurularak kurutulmu\u015f veya g\u00fcne\u015fte kurutulmu\u015f do\u011fal g\u0131dalar i\u00e7eririr. *Gammarus: Bal\u0131\u011f\u0131n do\u011fal renklerinin geli\u015fimini destekleyen do\u011fal karotenoid kayna\u011f\u0131. Protein i\u00e7eri\u011fi: yakla\u015f\u0131k % 45 *Krill: Sa\u011fl\u0131kl\u0131 b\u00fcy\u00fcme i\u00e7in gerekli omega-3 ya\u011f asitleri. Protein i\u00e7eri\u011fi: yakla\u015f\u0131k % 65 *Daphnien: Sindirimi destekleyen, mineral bak\u0131m\u0131ndan zengin m\u00fckemmel bir kaba yem kayna\u011f\u0131d\u0131r. Protein i\u00e7eri\u011fi: yakla\u015f\u0131k % 35 *Salamura Karidesleri: Bal\u0131klar\u0131n do\u011fal renklerini g\u00fc\u00e7lendirmek i\u00e7in y\u00fcksek besin de\u011feri, olduk\u00e7a etkili karotenoidler. Protein i\u00e7eri\u011fi: yakla\u015f\u0131k % 45 Dozaj; Bal\u0131klar\u0131n temel diyetine (\u00f6rne\u011fin TetraMin) ek olarak haftada birka\u00e7 kez besleyin. Miktar; 250 ml\" \/>\n<meta property=\"og:url\" content=\"https:\/\/anadolupet.com.tr\/en\/product\/tetra-delicamix-250ml\/\" \/>\n<meta property=\"og:site_name\" content=\"Anadolu Pet Grup\" \/>\n<meta property=\"article:modified_time\" content=\"2026-02-23T16:49:12+00:00\" \/>\n<meta property=\"og:image\" content=\"https:\/\/anadolupet.com.tr\/wp-content\/uploads\/2026\/02\/400-707611.jpg\" \/>\n\t<meta property=\"og:image:width\" content=\"750\" \/>\n\t<meta property=\"og:image:height\" content=\"750\" \/>\n\t<meta property=\"og:image:type\" content=\"image\/jpeg\" \/>\n<meta name=\"twitter:card\" content=\"summary_large_image\" \/>\n<script type=\"application\/ld+json\" class=\"yoast-schema-graph\">{\"@context\":\"https:\\\/\\\/schema.org\",\"@graph\":[{\"@type\":\"WebPage\",\"@id\":\"https:\\\/\\\/anadolupet.com.tr\\\/urun\\\/tetra-delicamix-250ml\\\/\",\"url\":\"https:\\\/\\\/anadolupet.com.tr\\\/urun\\\/tetra-delicamix-250ml\\\/\",\"name\":\"Tetra Delicamix 250ML - Anadolu Pet Grup\",\"isPartOf\":{\"@id\":\"https:\\\/\\\/anadolupet.com.tr\\\/#website\"},\"primaryImageOfPage\":{\"@id\":\"https:\\\/\\\/anadolupet.com.tr\\\/urun\\\/tetra-delicamix-250ml\\\/#primaryimage\"},\"image\":{\"@id\":\"https:\\\/\\\/anadolupet.com.tr\\\/urun\\\/tetra-delicamix-250ml\\\/#primaryimage\"},\"thumbnailUrl\":\"https:\\\/\\\/anadolupet.com.tr\\\/wp-content\\\/uploads\\\/2026\\\/02\\\/400-707611.jpg\",\"datePublished\":\"2026-02-14T14:46:04+00:00\",\"dateModified\":\"2026-02-23T16:49:12+00:00\",\"breadcrumb\":{\"@id\":\"https:\\\/\\\/anadolupet.com.tr\\\/urun\\\/tetra-delicamix-250ml\\\/#breadcrumb\"},\"inLanguage\":\"en-US\",\"potentialAction\":[{\"@type\":\"ReadAction\",\"target\":[\"https:\\\/\\\/anadolupet.com.tr\\\/urun\\\/tetra-delicamix-250ml\\\/\"]}]},{\"@type\":\"ImageObject\",\"inLanguage\":\"en-US\",\"@id\":\"https:\\\/\\\/anadolupet.com.tr\\\/urun\\\/tetra-delicamix-250ml\\\/#primaryimage\",\"url\":\"https:\\\/\\\/anadolupet.com.tr\\\/wp-content\\\/uploads\\\/2026\\\/02\\\/400-707611.jpg\",\"contentUrl\":\"https:\\\/\\\/anadolupet.com.tr\\\/wp-content\\\/uploads\\\/2026\\\/02\\\/400-707611.jpg\",\"width\":750,\"height\":750},{\"@type\":\"BreadcrumbList\",\"@id\":\"https:\\\/\\\/anadolupet.com.tr\\\/urun\\\/tetra-delicamix-250ml\\\/#breadcrumb\",\"itemListElement\":[{\"@type\":\"ListItem\",\"position\":1,\"name\":\"Anasayfa\",\"item\":\"https:\\\/\\\/anadolupet.com.tr\\\/\"},{\"@type\":\"ListItem\",\"position\":2,\"name\":\"\u00dcr\u00fcnler\",\"item\":\"https:\\\/\\\/anadolupet.com.tr\\\/urunler\\\/\"},{\"@type\":\"ListItem\",\"position\":3,\"name\":\"Tetra Delicamix 250ML\"}]},{\"@type\":\"WebSite\",\"@id\":\"https:\\\/\\\/anadolupet.com.tr\\\/#website\",\"url\":\"https:\\\/\\\/anadolupet.com.tr\\\/\",\"name\":\"Anadolu Pet Grup\",\"description\":\"Her Can\u0131n \u0130yi Ya\u015fam\u0131 \u0130\u00e7in Biraraday\u0131z\",\"publisher\":{\"@id\":\"https:\\\/\\\/anadolupet.com.tr\\\/#organization\"},\"potentialAction\":[{\"@type\":\"SearchAction\",\"target\":{\"@type\":\"EntryPoint\",\"urlTemplate\":\"https:\\\/\\\/anadolupet.com.tr\\\/?s={search_term_string}\"},\"query-input\":{\"@type\":\"PropertyValueSpecification\",\"valueRequired\":true,\"valueName\":\"search_term_string\"}}],\"inLanguage\":\"en-US\"},{\"@type\":\"Organization\",\"@id\":\"https:\\\/\\\/anadolupet.com.tr\\\/#organization\",\"name\":\"Anadolu Pet Grup\",\"alternateName\":\"Anadolu Pet\",\"url\":\"https:\\\/\\\/anadolupet.com.tr\\\/\",\"logo\":{\"@type\":\"ImageObject\",\"inLanguage\":\"en-US\",\"@id\":\"https:\\\/\\\/anadolupet.com.tr\\\/#\\\/schema\\\/logo\\\/image\\\/\",\"url\":\"https:\\\/\\\/anadolupet.com.tr\\\/wp-content\\\/uploads\\\/2026\\\/03\\\/1614666743370.jpg\",\"contentUrl\":\"https:\\\/\\\/anadolupet.com.tr\\\/wp-content\\\/uploads\\\/2026\\\/03\\\/1614666743370.jpg\",\"width\":800,\"height\":571,\"caption\":\"Anadolu Pet Grup\"},\"image\":{\"@id\":\"https:\\\/\\\/anadolupet.com.tr\\\/#\\\/schema\\\/logo\\\/image\\\/\"}}]}<\/script>\n<!-- \/ Yoast SEO plugin. -->","yoast_head_json":{"title":"Tetra Delicamix 250ML - Anadolu Pet Grup","robots":{"index":"index","follow":"follow","max-snippet":"max-snippet:-1","max-image-preview":"max-image-preview:large","max-video-preview":"max-video-preview:-1"},"canonical":"https:\/\/anadolupet.com.tr\/en\/product\/tetra-delicamix-250ml\/","og_locale":"en_US","og_type":"article","og_title":"Tetra Delicamix 250ML - Anadolu Pet Grup","og_description":"Tetra Delica Mix, i\u00e7erdi\u011fi %29 Daphnia ( Su Piresi ), %18 Salamura Karides, %29 Krill ve %24 Gammarus ile t\u00fcm tropikal bal\u0131klar ve di\u011fer et\u00e7il beslenen bal\u0131klar i\u00e7in son derece zengin bir ek besindir. Detaylar; *Tetra Delica Mix, Tetra'n\u0131n birincil diyetlerine m\u00fckemmel bir tamamlay\u0131c\u0131d\u0131r ve \u00e7e\u015fitli ve t\u00fcre uygun bir diyeti destekler. *Optimum besin de\u011feri ve kaliteyi sa\u011flamak i\u00e7in dikkatle dondurularak kurutulmu\u015f veya g\u00fcne\u015fte kurutulmu\u015f do\u011fal g\u0131dalar i\u00e7eririr. *Gammarus: Bal\u0131\u011f\u0131n do\u011fal renklerinin geli\u015fimini destekleyen do\u011fal karotenoid kayna\u011f\u0131. Protein i\u00e7eri\u011fi: yakla\u015f\u0131k % 45 *Krill: Sa\u011fl\u0131kl\u0131 b\u00fcy\u00fcme i\u00e7in gerekli omega-3 ya\u011f asitleri. Protein i\u00e7eri\u011fi: yakla\u015f\u0131k % 65 *Daphnien: Sindirimi destekleyen, mineral bak\u0131m\u0131ndan zengin m\u00fckemmel bir kaba yem kayna\u011f\u0131d\u0131r. Protein i\u00e7eri\u011fi: yakla\u015f\u0131k % 35 *Salamura Karidesleri: Bal\u0131klar\u0131n do\u011fal renklerini g\u00fc\u00e7lendirmek i\u00e7in y\u00fcksek besin de\u011feri, olduk\u00e7a etkili karotenoidler. Protein i\u00e7eri\u011fi: yakla\u015f\u0131k % 45 Dozaj; Bal\u0131klar\u0131n temel diyetine (\u00f6rne\u011fin TetraMin) ek olarak haftada birka\u00e7 kez besleyin. Miktar; 250 ml","og_url":"https:\/\/anadolupet.com.tr\/en\/product\/tetra-delicamix-250ml\/","og_site_name":"Anadolu Pet Grup","article_modified_time":"2026-02-23T16:49:12+00:00","og_image":[{"width":750,"height":750,"url":"https:\/\/anadolupet.com.tr\/wp-content\/uploads\/2026\/02\/400-707611.jpg","type":"image\/jpeg"}],"twitter_card":"summary_large_image","schema":{"@context":"https:\/\/schema.org","@graph":[{"@type":"WebPage","@id":"https:\/\/anadolupet.com.tr\/urun\/tetra-delicamix-250ml\/","url":"https:\/\/anadolupet.com.tr\/urun\/tetra-delicamix-250ml\/","name":"Tetra Delicamix 250ML - Anadolu Pet Grup","isPartOf":{"@id":"https:\/\/anadolupet.com.tr\/#website"},"primaryImageOfPage":{"@id":"https:\/\/anadolupet.com.tr\/urun\/tetra-delicamix-250ml\/#primaryimage"},"image":{"@id":"https:\/\/anadolupet.com.tr\/urun\/tetra-delicamix-250ml\/#primaryimage"},"thumbnailUrl":"https:\/\/anadolupet.com.tr\/wp-content\/uploads\/2026\/02\/400-707611.jpg","datePublished":"2026-02-14T14:46:04+00:00","dateModified":"2026-02-23T16:49:12+00:00","breadcrumb":{"@id":"https:\/\/anadolupet.com.tr\/urun\/tetra-delicamix-250ml\/#breadcrumb"},"inLanguage":"en-US","potentialAction":[{"@type":"ReadAction","target":["https:\/\/anadolupet.com.tr\/urun\/tetra-delicamix-250ml\/"]}]},{"@type":"ImageObject","inLanguage":"en-US","@id":"https:\/\/anadolupet.com.tr\/urun\/tetra-delicamix-250ml\/#primaryimage","url":"https:\/\/anadolupet.com.tr\/wp-content\/uploads\/2026\/02\/400-707611.jpg","contentUrl":"https:\/\/anadolupet.com.tr\/wp-content\/uploads\/2026\/02\/400-707611.jpg","width":750,"height":750},{"@type":"BreadcrumbList","@id":"https:\/\/anadolupet.com.tr\/urun\/tetra-delicamix-250ml\/#breadcrumb","itemListElement":[{"@type":"ListItem","position":1,"name":"Anasayfa","item":"https:\/\/anadolupet.com.tr\/"},{"@type":"ListItem","position":2,"name":"\u00dcr\u00fcnler","item":"https:\/\/anadolupet.com.tr\/urunler\/"},{"@type":"ListItem","position":3,"name":"Tetra Delicamix 250ML"}]},{"@type":"WebSite","@id":"https:\/\/anadolupet.com.tr\/#website","url":"https:\/\/anadolupet.com.tr\/","name":"Anadolu Pet Group","description":"We Stand Together for the Well-Being of Every Life","publisher":{"@id":"https:\/\/anadolupet.com.tr\/#organization"},"potentialAction":[{"@type":"SearchAction","target":{"@type":"EntryPoint","urlTemplate":"https:\/\/anadolupet.com.tr\/?s={search_term_string}"},"query-input":{"@type":"PropertyValueSpecification","valueRequired":true,"valueName":"search_term_string"}}],"inLanguage":"en-US"},{"@type":"Organization","@id":"https:\/\/anadolupet.com.tr\/#organization","name":"Anadolu Pet Group","alternateName":"Anadolu Pet","url":"https:\/\/anadolupet.com.tr\/","logo":{"@type":"ImageObject","inLanguage":"en-US","@id":"https:\/\/anadolupet.com.tr\/#\/schema\/logo\/image\/","url":"https:\/\/anadolupet.com.tr\/wp-content\/uploads\/2026\/03\/1614666743370.jpg","contentUrl":"https:\/\/anadolupet.com.tr\/wp-content\/uploads\/2026\/03\/1614666743370.jpg","width":800,"height":571,"caption":"Anadolu Pet Grup"},"image":{"@id":"https:\/\/anadolupet.com.tr\/#\/schema\/logo\/image\/"}}]}},"_links":{"self":[{"href":"https:\/\/anadolupet.com.tr\/en\/wp-json\/wp\/v2\/product\/46229","targetHints":{"allow":["GET"]}}],"collection":[{"href":"https:\/\/anadolupet.com.tr\/en\/wp-json\/wp\/v2\/product"}],"about":[{"href":"https:\/\/anadolupet.com.tr\/en\/wp-json\/wp\/v2\/types\/product"}],"replies":[{"embeddable":true,"href":"https:\/\/anadolupet.com.tr\/en\/wp-json\/wp\/v2\/comments?post=46229"}],"wp:featuredmedia":[{"embeddable":true,"href":"https:\/\/anadolupet.com.tr\/en\/wp-json\/wp\/v2\/media\/47065"}],"wp:attachment":[{"href":"https:\/\/anadolupet.com.tr\/en\/wp-json\/wp\/v2\/media?parent=46229"}],"wp:term":[{"taxonomy":"product_brand","embeddable":true,"href":"https:\/\/anadolupet.com.tr\/en\/wp-json\/wp\/v2\/product_brand?post=46229"},{"taxonomy":"product_cat","embeddable":true,"href":"https:\/\/anadolupet.com.tr\/en\/wp-json\/wp\/v2\/product_cat?post=46229"},{"taxonomy":"product_tag","embeddable":true,"href":"https:\/\/anadolupet.com.tr\/en\/wp-json\/wp\/v2\/product_tag?post=46229"}],"curies":[{"name":"wp","href":"https:\/\/api.w.org\/{rel}","templated":true}]}}