{"id":46233,"date":"2026-02-14T14:46:06","date_gmt":"2026-02-14T14:46:06","guid":{"rendered":"https:\/\/anadolupet.com.tr\/urun\/tetra-cichlid-sticks-cichlid-cubuk-balik-yemi-250ml\/"},"modified":"2026-02-23T16:49:13","modified_gmt":"2026-02-23T16:49:13","slug":"tetra-cichlid-sticks-cichlid-cubuk-balik-yemi-250ml","status":"publish","type":"product","link":"https:\/\/anadolupet.com.tr\/en\/urun\/tetra-cichlid-sticks-cichlid-cubuk-balik-yemi-250ml\/","title":{"rendered":"Tetra Cichlid Sticks Cichlid \u00c7ubuk Bal\u0131k Yemi &#8211; 250ML"},"content":{"rendered":"","protected":false},"excerpt":{"rendered":"<p>Tetra Cichlid Sticks 250 ml \/ 75 g<br \/>\nY\u00fcksek kaliteli proteinler ve besinler ile dengeli bir diyet sunar.<br \/>\nY\u00fczen \u00e7ubuk formu, b\u00fcy\u00fck \u00e7iklit bal\u0131klar\u0131n\u0131n su y\u00fczeyinde kolayca beslenmesini sa\u011flar.<br \/>\nBenzersiz tarif ve y\u00fcksek kaliteli i\u00e7erikler, renklendirici ve koruyucu katk\u0131 maddeleri olmadan g\u00fcvenli beslenme imk\u00e2n\u0131 sunar.<br \/>\n\u00d6zel protein kar\u0131\u015f\u0131m\u0131, optimum b\u00fcy\u00fcme ve g\u00fc\u00e7l\u00fc geli\u015fim i\u00e7in form\u00fcle edilmi\u015ftir.<br \/>\nKolay t\u00fcketilen ve y\u00fcksek sindirilebilir \u00e7ubuklar, suyun temiz ve berrak kalmas\u0131na yard\u0131mc\u0131 olur.<br \/>\nTetra Cichlid Sticks, b\u00fcy\u00fck \u00e7iklit bal\u0131klar\u0131n\u0131z i\u00e7in sa\u011fl\u0131kl\u0131 geli\u015fim, canl\u0131l\u0131k ve berrak su sa\u011flayan \u00fcst\u00fcn kaliteli bir yemdir.<\/p>","protected":false},"featured_media":47109,"comment_status":"open","ping_status":"closed","template":"","meta":{"_acf_changed":false},"product_brand":[],"product_cat":[2418],"product_tag":[],"class_list":{"0":"post-46233","1":"product","2":"type-product","3":"status-publish","4":"has-post-thumbnail","6":"product_cat-ture-ozel-yemler","8":"first","9":"instock","10":"shipping-taxable","11":"product-type-simple"},"acf":[],"yoast_head":"<!-- This site is optimized with the Yoast SEO plugin v27.5 - https:\/\/yoast.com\/product\/yoast-seo-wordpress\/ -->\n<title>Tetra Cichlid Sticks Cichlid \u00c7ubuk Bal\u0131k Yemi - 250ML - Anadolu Pet Grup<\/title>\n<meta name=\"robots\" content=\"index, follow, max-snippet:-1, max-image-preview:large, max-video-preview:-1\" \/>\n<link rel=\"canonical\" href=\"https:\/\/anadolupet.com.tr\/en\/product\/tetra-cichlid-sticks-cichlid-cubuk-balik-yemi-250ml\/\" \/>\n<meta property=\"og:locale\" content=\"en_US\" \/>\n<meta property=\"og:type\" content=\"article\" \/>\n<meta property=\"og:title\" content=\"Tetra Cichlid Sticks Cichlid \u00c7ubuk Bal\u0131k Yemi - 250ML - Anadolu Pet Grup\" \/>\n<meta property=\"og:description\" content=\"Tetra Cichlid Sticks 250 ml \/ 75 g Y\u00fcksek kaliteli proteinler ve besinler ile dengeli bir diyet sunar. Y\u00fczen \u00e7ubuk formu, b\u00fcy\u00fck \u00e7iklit bal\u0131klar\u0131n\u0131n su y\u00fczeyinde kolayca beslenmesini sa\u011flar. Benzersiz tarif ve y\u00fcksek kaliteli i\u00e7erikler, renklendirici ve koruyucu katk\u0131 maddeleri olmadan g\u00fcvenli beslenme imk\u00e2n\u0131 sunar. \u00d6zel protein kar\u0131\u015f\u0131m\u0131, optimum b\u00fcy\u00fcme ve g\u00fc\u00e7l\u00fc geli\u015fim i\u00e7in form\u00fcle edilmi\u015ftir. Kolay t\u00fcketilen ve y\u00fcksek sindirilebilir \u00e7ubuklar, suyun temiz ve berrak kalmas\u0131na yard\u0131mc\u0131 olur. Tetra Cichlid Sticks, b\u00fcy\u00fck \u00e7iklit bal\u0131klar\u0131n\u0131z i\u00e7in sa\u011fl\u0131kl\u0131 geli\u015fim, canl\u0131l\u0131k ve berrak su sa\u011flayan \u00fcst\u00fcn kaliteli bir yemdir.\" \/>\n<meta property=\"og:url\" content=\"https:\/\/anadolupet.com.tr\/en\/product\/tetra-cichlid-sticks-cichlid-cubuk-balik-yemi-250ml\/\" \/>\n<meta property=\"og:site_name\" content=\"Anadolu Pet Grup\" \/>\n<meta property=\"article:modified_time\" content=\"2026-02-23T16:49:13+00:00\" \/>\n<meta property=\"og:image\" content=\"https:\/\/anadolupet.com.tr\/wp-content\/uploads\/2026\/02\/400-713099.jpg\" \/>\n\t<meta property=\"og:image:width\" content=\"750\" \/>\n\t<meta property=\"og:image:height\" content=\"750\" \/>\n\t<meta property=\"og:image:type\" content=\"image\/jpeg\" \/>\n<meta name=\"twitter:card\" content=\"summary_large_image\" \/>\n<script type=\"application\/ld+json\" class=\"yoast-schema-graph\">{\"@context\":\"https:\\\/\\\/schema.org\",\"@graph\":[{\"@type\":\"WebPage\",\"@id\":\"https:\\\/\\\/anadolupet.com.tr\\\/urun\\\/tetra-cichlid-sticks-cichlid-cubuk-balik-yemi-250ml\\\/\",\"url\":\"https:\\\/\\\/anadolupet.com.tr\\\/urun\\\/tetra-cichlid-sticks-cichlid-cubuk-balik-yemi-250ml\\\/\",\"name\":\"Tetra Cichlid Sticks Cichlid \u00c7ubuk Bal\u0131k Yemi - 250ML - Anadolu Pet Grup\",\"isPartOf\":{\"@id\":\"https:\\\/\\\/anadolupet.com.tr\\\/#website\"},\"primaryImageOfPage\":{\"@id\":\"https:\\\/\\\/anadolupet.com.tr\\\/urun\\\/tetra-cichlid-sticks-cichlid-cubuk-balik-yemi-250ml\\\/#primaryimage\"},\"image\":{\"@id\":\"https:\\\/\\\/anadolupet.com.tr\\\/urun\\\/tetra-cichlid-sticks-cichlid-cubuk-balik-yemi-250ml\\\/#primaryimage\"},\"thumbnailUrl\":\"https:\\\/\\\/anadolupet.com.tr\\\/wp-content\\\/uploads\\\/2026\\\/02\\\/400-713099.jpg\",\"datePublished\":\"2026-02-14T14:46:06+00:00\",\"dateModified\":\"2026-02-23T16:49:13+00:00\",\"breadcrumb\":{\"@id\":\"https:\\\/\\\/anadolupet.com.tr\\\/urun\\\/tetra-cichlid-sticks-cichlid-cubuk-balik-yemi-250ml\\\/#breadcrumb\"},\"inLanguage\":\"en-US\",\"potentialAction\":[{\"@type\":\"ReadAction\",\"target\":[\"https:\\\/\\\/anadolupet.com.tr\\\/urun\\\/tetra-cichlid-sticks-cichlid-cubuk-balik-yemi-250ml\\\/\"]}]},{\"@type\":\"ImageObject\",\"inLanguage\":\"en-US\",\"@id\":\"https:\\\/\\\/anadolupet.com.tr\\\/urun\\\/tetra-cichlid-sticks-cichlid-cubuk-balik-yemi-250ml\\\/#primaryimage\",\"url\":\"https:\\\/\\\/anadolupet.com.tr\\\/wp-content\\\/uploads\\\/2026\\\/02\\\/400-713099.jpg\",\"contentUrl\":\"https:\\\/\\\/anadolupet.com.tr\\\/wp-content\\\/uploads\\\/2026\\\/02\\\/400-713099.jpg\",\"width\":750,\"height\":750},{\"@type\":\"BreadcrumbList\",\"@id\":\"https:\\\/\\\/anadolupet.com.tr\\\/urun\\\/tetra-cichlid-sticks-cichlid-cubuk-balik-yemi-250ml\\\/#breadcrumb\",\"itemListElement\":[{\"@type\":\"ListItem\",\"position\":1,\"name\":\"Anasayfa\",\"item\":\"https:\\\/\\\/anadolupet.com.tr\\\/\"},{\"@type\":\"ListItem\",\"position\":2,\"name\":\"\u00dcr\u00fcnler\",\"item\":\"https:\\\/\\\/anadolupet.com.tr\\\/urunler\\\/\"},{\"@type\":\"ListItem\",\"position\":3,\"name\":\"Tetra Cichlid Sticks Cichlid \u00c7ubuk Bal\u0131k Yemi &#8211; 250ML\"}]},{\"@type\":\"WebSite\",\"@id\":\"https:\\\/\\\/anadolupet.com.tr\\\/#website\",\"url\":\"https:\\\/\\\/anadolupet.com.tr\\\/\",\"name\":\"Anadolu Pet Grup\",\"description\":\"Her Can\u0131n \u0130yi Ya\u015fam\u0131 \u0130\u00e7in Biraraday\u0131z\",\"publisher\":{\"@id\":\"https:\\\/\\\/anadolupet.com.tr\\\/#organization\"},\"potentialAction\":[{\"@type\":\"SearchAction\",\"target\":{\"@type\":\"EntryPoint\",\"urlTemplate\":\"https:\\\/\\\/anadolupet.com.tr\\\/?s={search_term_string}\"},\"query-input\":{\"@type\":\"PropertyValueSpecification\",\"valueRequired\":true,\"valueName\":\"search_term_string\"}}],\"inLanguage\":\"en-US\"},{\"@type\":\"Organization\",\"@id\":\"https:\\\/\\\/anadolupet.com.tr\\\/#organization\",\"name\":\"Anadolu Pet Grup\",\"alternateName\":\"Anadolu Pet\",\"url\":\"https:\\\/\\\/anadolupet.com.tr\\\/\",\"logo\":{\"@type\":\"ImageObject\",\"inLanguage\":\"en-US\",\"@id\":\"https:\\\/\\\/anadolupet.com.tr\\\/#\\\/schema\\\/logo\\\/image\\\/\",\"url\":\"https:\\\/\\\/anadolupet.com.tr\\\/wp-content\\\/uploads\\\/2026\\\/03\\\/1614666743370.jpg\",\"contentUrl\":\"https:\\\/\\\/anadolupet.com.tr\\\/wp-content\\\/uploads\\\/2026\\\/03\\\/1614666743370.jpg\",\"width\":800,\"height\":571,\"caption\":\"Anadolu Pet Grup\"},\"image\":{\"@id\":\"https:\\\/\\\/anadolupet.com.tr\\\/#\\\/schema\\\/logo\\\/image\\\/\"}}]}<\/script>\n<!-- \/ Yoast SEO plugin. -->","yoast_head_json":{"title":"Tetra Cichlid Sticks Cichlid \u00c7ubuk Bal\u0131k Yemi - 250ML - Anadolu Pet Grup","robots":{"index":"index","follow":"follow","max-snippet":"max-snippet:-1","max-image-preview":"max-image-preview:large","max-video-preview":"max-video-preview:-1"},"canonical":"https:\/\/anadolupet.com.tr\/en\/product\/tetra-cichlid-sticks-cichlid-cubuk-balik-yemi-250ml\/","og_locale":"en_US","og_type":"article","og_title":"Tetra Cichlid Sticks Cichlid \u00c7ubuk Bal\u0131k Yemi - 250ML - Anadolu Pet Grup","og_description":"Tetra Cichlid Sticks 250 ml \/ 75 g Y\u00fcksek kaliteli proteinler ve besinler ile dengeli bir diyet sunar. Y\u00fczen \u00e7ubuk formu, b\u00fcy\u00fck \u00e7iklit bal\u0131klar\u0131n\u0131n su y\u00fczeyinde kolayca beslenmesini sa\u011flar. Benzersiz tarif ve y\u00fcksek kaliteli i\u00e7erikler, renklendirici ve koruyucu katk\u0131 maddeleri olmadan g\u00fcvenli beslenme imk\u00e2n\u0131 sunar. \u00d6zel protein kar\u0131\u015f\u0131m\u0131, optimum b\u00fcy\u00fcme ve g\u00fc\u00e7l\u00fc geli\u015fim i\u00e7in form\u00fcle edilmi\u015ftir. Kolay t\u00fcketilen ve y\u00fcksek sindirilebilir \u00e7ubuklar, suyun temiz ve berrak kalmas\u0131na yard\u0131mc\u0131 olur. Tetra Cichlid Sticks, b\u00fcy\u00fck \u00e7iklit bal\u0131klar\u0131n\u0131z i\u00e7in sa\u011fl\u0131kl\u0131 geli\u015fim, canl\u0131l\u0131k ve berrak su sa\u011flayan \u00fcst\u00fcn kaliteli bir yemdir.","og_url":"https:\/\/anadolupet.com.tr\/en\/product\/tetra-cichlid-sticks-cichlid-cubuk-balik-yemi-250ml\/","og_site_name":"Anadolu Pet Grup","article_modified_time":"2026-02-23T16:49:13+00:00","og_image":[{"width":750,"height":750,"url":"https:\/\/anadolupet.com.tr\/wp-content\/uploads\/2026\/02\/400-713099.jpg","type":"image\/jpeg"}],"twitter_card":"summary_large_image","schema":{"@context":"https:\/\/schema.org","@graph":[{"@type":"WebPage","@id":"https:\/\/anadolupet.com.tr\/urun\/tetra-cichlid-sticks-cichlid-cubuk-balik-yemi-250ml\/","url":"https:\/\/anadolupet.com.tr\/urun\/tetra-cichlid-sticks-cichlid-cubuk-balik-yemi-250ml\/","name":"Tetra Cichlid Sticks Cichlid \u00c7ubuk Bal\u0131k Yemi - 250ML - Anadolu Pet Grup","isPartOf":{"@id":"https:\/\/anadolupet.com.tr\/#website"},"primaryImageOfPage":{"@id":"https:\/\/anadolupet.com.tr\/urun\/tetra-cichlid-sticks-cichlid-cubuk-balik-yemi-250ml\/#primaryimage"},"image":{"@id":"https:\/\/anadolupet.com.tr\/urun\/tetra-cichlid-sticks-cichlid-cubuk-balik-yemi-250ml\/#primaryimage"},"thumbnailUrl":"https:\/\/anadolupet.com.tr\/wp-content\/uploads\/2026\/02\/400-713099.jpg","datePublished":"2026-02-14T14:46:06+00:00","dateModified":"2026-02-23T16:49:13+00:00","breadcrumb":{"@id":"https:\/\/anadolupet.com.tr\/urun\/tetra-cichlid-sticks-cichlid-cubuk-balik-yemi-250ml\/#breadcrumb"},"inLanguage":"en-US","potentialAction":[{"@type":"ReadAction","target":["https:\/\/anadolupet.com.tr\/urun\/tetra-cichlid-sticks-cichlid-cubuk-balik-yemi-250ml\/"]}]},{"@type":"ImageObject","inLanguage":"en-US","@id":"https:\/\/anadolupet.com.tr\/urun\/tetra-cichlid-sticks-cichlid-cubuk-balik-yemi-250ml\/#primaryimage","url":"https:\/\/anadolupet.com.tr\/wp-content\/uploads\/2026\/02\/400-713099.jpg","contentUrl":"https:\/\/anadolupet.com.tr\/wp-content\/uploads\/2026\/02\/400-713099.jpg","width":750,"height":750},{"@type":"BreadcrumbList","@id":"https:\/\/anadolupet.com.tr\/urun\/tetra-cichlid-sticks-cichlid-cubuk-balik-yemi-250ml\/#breadcrumb","itemListElement":[{"@type":"ListItem","position":1,"name":"Anasayfa","item":"https:\/\/anadolupet.com.tr\/"},{"@type":"ListItem","position":2,"name":"\u00dcr\u00fcnler","item":"https:\/\/anadolupet.com.tr\/urunler\/"},{"@type":"ListItem","position":3,"name":"Tetra Cichlid Sticks Cichlid \u00c7ubuk Bal\u0131k Yemi &#8211; 250ML"}]},{"@type":"WebSite","@id":"https:\/\/anadolupet.com.tr\/#website","url":"https:\/\/anadolupet.com.tr\/","name":"Anadolu Pet Group","description":"We Stand Together for the Well-Being of Every Life","publisher":{"@id":"https:\/\/anadolupet.com.tr\/#organization"},"potentialAction":[{"@type":"SearchAction","target":{"@type":"EntryPoint","urlTemplate":"https:\/\/anadolupet.com.tr\/?s={search_term_string}"},"query-input":{"@type":"PropertyValueSpecification","valueRequired":true,"valueName":"search_term_string"}}],"inLanguage":"en-US"},{"@type":"Organization","@id":"https:\/\/anadolupet.com.tr\/#organization","name":"Anadolu Pet Group","alternateName":"Anadolu Pet","url":"https:\/\/anadolupet.com.tr\/","logo":{"@type":"ImageObject","inLanguage":"en-US","@id":"https:\/\/anadolupet.com.tr\/#\/schema\/logo\/image\/","url":"https:\/\/anadolupet.com.tr\/wp-content\/uploads\/2026\/03\/1614666743370.jpg","contentUrl":"https:\/\/anadolupet.com.tr\/wp-content\/uploads\/2026\/03\/1614666743370.jpg","width":800,"height":571,"caption":"Anadolu Pet Grup"},"image":{"@id":"https:\/\/anadolupet.com.tr\/#\/schema\/logo\/image\/"}}]}},"_links":{"self":[{"href":"https:\/\/anadolupet.com.tr\/en\/wp-json\/wp\/v2\/product\/46233","targetHints":{"allow":["GET"]}}],"collection":[{"href":"https:\/\/anadolupet.com.tr\/en\/wp-json\/wp\/v2\/product"}],"about":[{"href":"https:\/\/anadolupet.com.tr\/en\/wp-json\/wp\/v2\/types\/product"}],"replies":[{"embeddable":true,"href":"https:\/\/anadolupet.com.tr\/en\/wp-json\/wp\/v2\/comments?post=46233"}],"wp:featuredmedia":[{"embeddable":true,"href":"https:\/\/anadolupet.com.tr\/en\/wp-json\/wp\/v2\/media\/47109"}],"wp:attachment":[{"href":"https:\/\/anadolupet.com.tr\/en\/wp-json\/wp\/v2\/media?parent=46233"}],"wp:term":[{"taxonomy":"product_brand","embeddable":true,"href":"https:\/\/anadolupet.com.tr\/en\/wp-json\/wp\/v2\/product_brand?post=46233"},{"taxonomy":"product_cat","embeddable":true,"href":"https:\/\/anadolupet.com.tr\/en\/wp-json\/wp\/v2\/product_cat?post=46233"},{"taxonomy":"product_tag","embeddable":true,"href":"https:\/\/anadolupet.com.tr\/en\/wp-json\/wp\/v2\/product_tag?post=46233"}],"curies":[{"name":"wp","href":"https:\/\/api.w.org\/{rel}","templated":true}]}}