{"id":46235,"date":"2026-02-14T14:46:08","date_gmt":"2026-02-14T14:46:08","guid":{"rendered":"https:\/\/anadolupet.com.tr\/?post_type=product&#038;p=46235"},"modified":"2026-02-23T16:49:13","modified_gmt":"2026-02-23T16:49:13","slug":"tetra-discus-granules-discus-granul-balik-yemi-1lt","status":"publish","type":"product","link":"https:\/\/anadolupet.com.tr\/en\/urun\/tetra-discus-granules-discus-granul-balik-yemi-1lt\/","title":{"rendered":"Tetra Discus Granules Discus Gran\u00fcl Bal\u0131k Yemi &#8211; 1LT"},"content":{"rendered":"","protected":false},"excerpt":{"rendered":"<p>Tetra Discus; gran\u00fcl formda \u00f6zellikle Diskus bal\u0131klar\u0131 i\u00e7in \u00fcretilmi\u015f ancak di\u011fer bal\u0131klar\u0131nda severek t\u00fcketti\u011fi bir ana yemdir. Renk, \u015fekil ve besin de\u011ferlerine bak\u0131ld\u0131\u011f\u0131nda Diskus bal\u0131klar\u0131n\u0131n beslenme ihtiya\u00e7lar\u0131na son derece uygundur. T\u00fcm gerekli besinleri, vitaminleri ve iz elementleri i\u00e7erir. \u0130\u00e7erdi\u011fi C Vitamini sayesinde besledi\u011finiz canl\u0131lar\u0131n hastal\u0131klara kar\u015f\u0131 direncini artt\u0131r\u0131r, sa\u011fl\u0131kl\u0131 geli\u015fimi destekler ve beslenme eksikli\u011fine ba\u011fl\u0131 hastal\u0131klar\u0131 \u00f6nlemeye yard\u0131mc\u0131 olur. Canl\u0131lar\u0131n do\u011fal renklere kavu\u015fmalar\u0131n\u0131 sa\u011flayarak canl\u0131l\u0131\u011f\u0131n\u0131 artt\u0131r\u0131r.<br \/>\nDetaylar;<br \/>\n*Renk, \u015fekil ve form\u00fcl a\u00e7\u0131s\u0131ndan Discus bal\u0131\u011f\u0131n\u0131n \u00f6zel beslenme gereksinimlerine en uygun \u015fekilde uyarlanm\u0131\u015ft\u0131r.<br \/>\n*T\u00fcm temel besinleri, vitaminleri ve eser elementleri i\u00e7erir.<br \/>\n*Yava\u015f yava\u015f batan yemler, Discus&#8217;un t\u00fcre uygun beslenme al\u0131\u015fkanl\u0131klar\u0131na uygundur.<br \/>\n*Dondurulmu\u015f g\u0131dalara k\u0131yasla patojenler taraf\u0131ndan hastal\u0131k bula\u015fma riski yok.<br \/>\n*Do\u011fal olarak yo\u011fun renklendirmeyi ve b\u00fcy\u00fcmeyi destekler.<br \/>\n*Stabilize edilmi\u015f C vitamini hastal\u0131\u011fa kar\u015f\u0131 direnci art\u0131r\u0131r, sa\u011fl\u0131kl\u0131 b\u00fcy\u00fcmeyi destekler.<br \/>\nDozaj;<br \/>\nBal\u0131\u011f\u0131n\u0131z\u0131n birka\u00e7 dakikada yiyebilece\u011fi miktarda ve g\u00fcnde en az iki veya \u00fc\u00e7 kez besleyin.<br \/>\nMiktar;<br \/>\n1 Lt<\/p>","protected":false},"featured_media":47126,"comment_status":"open","ping_status":"closed","template":"","meta":{"_acf_changed":false},"product_brand":[],"product_cat":[2418],"product_tag":[],"class_list":{"0":"post-46235","1":"product","2":"type-product","3":"status-publish","4":"has-post-thumbnail","6":"product_cat-ture-ozel-yemler","8":"first","9":"instock","10":"shipping-taxable","11":"product-type-simple"},"acf":[],"yoast_head":"<!-- This site is optimized with the Yoast SEO plugin v27.4 - https:\/\/yoast.com\/product\/yoast-seo-wordpress\/ -->\n<title>Tetra Discus Granules Discus Gran\u00fcl Bal\u0131k Yemi - 1LT - Anadolu Pet Grup<\/title>\n<meta name=\"robots\" content=\"index, follow, max-snippet:-1, max-image-preview:large, max-video-preview:-1\" \/>\n<link rel=\"canonical\" href=\"https:\/\/anadolupet.com.tr\/en\/product\/tetra-discus-granules-discus-granul-balik-yemi-1lt\/\" \/>\n<meta property=\"og:locale\" content=\"en_US\" \/>\n<meta property=\"og:type\" content=\"article\" \/>\n<meta property=\"og:title\" content=\"Tetra Discus Granules Discus Gran\u00fcl Bal\u0131k Yemi - 1LT - Anadolu Pet Grup\" \/>\n<meta property=\"og:description\" content=\"Tetra Discus; gran\u00fcl formda \u00f6zellikle Diskus bal\u0131klar\u0131 i\u00e7in \u00fcretilmi\u015f ancak di\u011fer bal\u0131klar\u0131nda severek t\u00fcketti\u011fi bir ana yemdir. Renk, \u015fekil ve besin de\u011ferlerine bak\u0131ld\u0131\u011f\u0131nda Diskus bal\u0131klar\u0131n\u0131n beslenme ihtiya\u00e7lar\u0131na son derece uygundur. T\u00fcm gerekli besinleri, vitaminleri ve iz elementleri i\u00e7erir. \u0130\u00e7erdi\u011fi C Vitamini sayesinde besledi\u011finiz canl\u0131lar\u0131n hastal\u0131klara kar\u015f\u0131 direncini artt\u0131r\u0131r, sa\u011fl\u0131kl\u0131 geli\u015fimi destekler ve beslenme eksikli\u011fine ba\u011fl\u0131 hastal\u0131klar\u0131 \u00f6nlemeye yard\u0131mc\u0131 olur. Canl\u0131lar\u0131n do\u011fal renklere kavu\u015fmalar\u0131n\u0131 sa\u011flayarak canl\u0131l\u0131\u011f\u0131n\u0131 artt\u0131r\u0131r. Detaylar; *Renk, \u015fekil ve form\u00fcl a\u00e7\u0131s\u0131ndan Discus bal\u0131\u011f\u0131n\u0131n \u00f6zel beslenme gereksinimlerine en uygun \u015fekilde uyarlanm\u0131\u015ft\u0131r. *T\u00fcm temel besinleri, vitaminleri ve eser elementleri i\u00e7erir. *Yava\u015f yava\u015f batan yemler, Discus&#039;un t\u00fcre uygun beslenme al\u0131\u015fkanl\u0131klar\u0131na uygundur. *Dondurulmu\u015f g\u0131dalara k\u0131yasla patojenler taraf\u0131ndan hastal\u0131k bula\u015fma riski yok. *Do\u011fal olarak yo\u011fun renklendirmeyi ve b\u00fcy\u00fcmeyi destekler. *Stabilize edilmi\u015f C vitamini hastal\u0131\u011fa kar\u015f\u0131 direnci art\u0131r\u0131r, sa\u011fl\u0131kl\u0131 b\u00fcy\u00fcmeyi destekler. Dozaj; Bal\u0131\u011f\u0131n\u0131z\u0131n birka\u00e7 dakikada yiyebilece\u011fi miktarda ve g\u00fcnde en az iki veya \u00fc\u00e7 kez besleyin. Miktar; 1 Lt\" \/>\n<meta property=\"og:url\" content=\"https:\/\/anadolupet.com.tr\/en\/product\/tetra-discus-granules-discus-granul-balik-yemi-1lt\/\" \/>\n<meta property=\"og:site_name\" content=\"Anadolu Pet Grup\" \/>\n<meta property=\"article:modified_time\" content=\"2026-02-23T16:49:13+00:00\" \/>\n<meta property=\"og:image\" content=\"https:\/\/anadolupet.com.tr\/wp-content\/uploads\/2026\/02\/400-749399.jpg\" \/>\n\t<meta property=\"og:image:width\" content=\"750\" \/>\n\t<meta property=\"og:image:height\" content=\"750\" \/>\n\t<meta property=\"og:image:type\" content=\"image\/jpeg\" \/>\n<meta name=\"twitter:card\" content=\"summary_large_image\" \/>\n<script type=\"application\/ld+json\" class=\"yoast-schema-graph\">{\"@context\":\"https:\\\/\\\/schema.org\",\"@graph\":[{\"@type\":\"WebPage\",\"@id\":\"https:\\\/\\\/anadolupet.com.tr\\\/urun\\\/tetra-discus-granules-discus-granul-balik-yemi-1lt\\\/\",\"url\":\"https:\\\/\\\/anadolupet.com.tr\\\/urun\\\/tetra-discus-granules-discus-granul-balik-yemi-1lt\\\/\",\"name\":\"Tetra Discus Granules Discus Gran\u00fcl Bal\u0131k Yemi - 1LT - Anadolu Pet Grup\",\"isPartOf\":{\"@id\":\"https:\\\/\\\/anadolupet.com.tr\\\/#website\"},\"primaryImageOfPage\":{\"@id\":\"https:\\\/\\\/anadolupet.com.tr\\\/urun\\\/tetra-discus-granules-discus-granul-balik-yemi-1lt\\\/#primaryimage\"},\"image\":{\"@id\":\"https:\\\/\\\/anadolupet.com.tr\\\/urun\\\/tetra-discus-granules-discus-granul-balik-yemi-1lt\\\/#primaryimage\"},\"thumbnailUrl\":\"https:\\\/\\\/anadolupet.com.tr\\\/wp-content\\\/uploads\\\/2026\\\/02\\\/400-749399.jpg\",\"datePublished\":\"2026-02-14T14:46:08+00:00\",\"dateModified\":\"2026-02-23T16:49:13+00:00\",\"breadcrumb\":{\"@id\":\"https:\\\/\\\/anadolupet.com.tr\\\/urun\\\/tetra-discus-granules-discus-granul-balik-yemi-1lt\\\/#breadcrumb\"},\"inLanguage\":\"en-US\",\"potentialAction\":[{\"@type\":\"ReadAction\",\"target\":[\"https:\\\/\\\/anadolupet.com.tr\\\/urun\\\/tetra-discus-granules-discus-granul-balik-yemi-1lt\\\/\"]}]},{\"@type\":\"ImageObject\",\"inLanguage\":\"en-US\",\"@id\":\"https:\\\/\\\/anadolupet.com.tr\\\/urun\\\/tetra-discus-granules-discus-granul-balik-yemi-1lt\\\/#primaryimage\",\"url\":\"https:\\\/\\\/anadolupet.com.tr\\\/wp-content\\\/uploads\\\/2026\\\/02\\\/400-749399.jpg\",\"contentUrl\":\"https:\\\/\\\/anadolupet.com.tr\\\/wp-content\\\/uploads\\\/2026\\\/02\\\/400-749399.jpg\",\"width\":750,\"height\":750},{\"@type\":\"BreadcrumbList\",\"@id\":\"https:\\\/\\\/anadolupet.com.tr\\\/urun\\\/tetra-discus-granules-discus-granul-balik-yemi-1lt\\\/#breadcrumb\",\"itemListElement\":[{\"@type\":\"ListItem\",\"position\":1,\"name\":\"Anasayfa\",\"item\":\"https:\\\/\\\/anadolupet.com.tr\\\/\"},{\"@type\":\"ListItem\",\"position\":2,\"name\":\"\u00dcr\u00fcnler\",\"item\":\"https:\\\/\\\/anadolupet.com.tr\\\/urunler\\\/\"},{\"@type\":\"ListItem\",\"position\":3,\"name\":\"Tetra Discus Granules Discus Gran\u00fcl Bal\u0131k Yemi &#8211; 1LT\"}]},{\"@type\":\"WebSite\",\"@id\":\"https:\\\/\\\/anadolupet.com.tr\\\/#website\",\"url\":\"https:\\\/\\\/anadolupet.com.tr\\\/\",\"name\":\"Anadolu Pet Grup\",\"description\":\"Her Can\u0131n \u0130yi Ya\u015fam\u0131 \u0130\u00e7in Biraraday\u0131z\",\"publisher\":{\"@id\":\"https:\\\/\\\/anadolupet.com.tr\\\/#organization\"},\"potentialAction\":[{\"@type\":\"SearchAction\",\"target\":{\"@type\":\"EntryPoint\",\"urlTemplate\":\"https:\\\/\\\/anadolupet.com.tr\\\/?s={search_term_string}\"},\"query-input\":{\"@type\":\"PropertyValueSpecification\",\"valueRequired\":true,\"valueName\":\"search_term_string\"}}],\"inLanguage\":\"en-US\"},{\"@type\":\"Organization\",\"@id\":\"https:\\\/\\\/anadolupet.com.tr\\\/#organization\",\"name\":\"Anadolu Pet Grup\",\"alternateName\":\"Anadolu Pet\",\"url\":\"https:\\\/\\\/anadolupet.com.tr\\\/\",\"logo\":{\"@type\":\"ImageObject\",\"inLanguage\":\"en-US\",\"@id\":\"https:\\\/\\\/anadolupet.com.tr\\\/#\\\/schema\\\/logo\\\/image\\\/\",\"url\":\"https:\\\/\\\/anadolupet.com.tr\\\/wp-content\\\/uploads\\\/2026\\\/03\\\/1614666743370.jpg\",\"contentUrl\":\"https:\\\/\\\/anadolupet.com.tr\\\/wp-content\\\/uploads\\\/2026\\\/03\\\/1614666743370.jpg\",\"width\":800,\"height\":571,\"caption\":\"Anadolu Pet Grup\"},\"image\":{\"@id\":\"https:\\\/\\\/anadolupet.com.tr\\\/#\\\/schema\\\/logo\\\/image\\\/\"}}]}<\/script>\n<!-- \/ Yoast SEO plugin. -->","yoast_head_json":{"title":"Tetra Discus Granules Discus Gran\u00fcl Bal\u0131k Yemi - 1LT - Anadolu Pet Grup","robots":{"index":"index","follow":"follow","max-snippet":"max-snippet:-1","max-image-preview":"max-image-preview:large","max-video-preview":"max-video-preview:-1"},"canonical":"https:\/\/anadolupet.com.tr\/en\/product\/tetra-discus-granules-discus-granul-balik-yemi-1lt\/","og_locale":"en_US","og_type":"article","og_title":"Tetra Discus Granules Discus Gran\u00fcl Bal\u0131k Yemi - 1LT - Anadolu Pet Grup","og_description":"Tetra Discus; gran\u00fcl formda \u00f6zellikle Diskus bal\u0131klar\u0131 i\u00e7in \u00fcretilmi\u015f ancak di\u011fer bal\u0131klar\u0131nda severek t\u00fcketti\u011fi bir ana yemdir. Renk, \u015fekil ve besin de\u011ferlerine bak\u0131ld\u0131\u011f\u0131nda Diskus bal\u0131klar\u0131n\u0131n beslenme ihtiya\u00e7lar\u0131na son derece uygundur. T\u00fcm gerekli besinleri, vitaminleri ve iz elementleri i\u00e7erir. \u0130\u00e7erdi\u011fi C Vitamini sayesinde besledi\u011finiz canl\u0131lar\u0131n hastal\u0131klara kar\u015f\u0131 direncini artt\u0131r\u0131r, sa\u011fl\u0131kl\u0131 geli\u015fimi destekler ve beslenme eksikli\u011fine ba\u011fl\u0131 hastal\u0131klar\u0131 \u00f6nlemeye yard\u0131mc\u0131 olur. Canl\u0131lar\u0131n do\u011fal renklere kavu\u015fmalar\u0131n\u0131 sa\u011flayarak canl\u0131l\u0131\u011f\u0131n\u0131 artt\u0131r\u0131r. Detaylar; *Renk, \u015fekil ve form\u00fcl a\u00e7\u0131s\u0131ndan Discus bal\u0131\u011f\u0131n\u0131n \u00f6zel beslenme gereksinimlerine en uygun \u015fekilde uyarlanm\u0131\u015ft\u0131r. *T\u00fcm temel besinleri, vitaminleri ve eser elementleri i\u00e7erir. *Yava\u015f yava\u015f batan yemler, Discus'un t\u00fcre uygun beslenme al\u0131\u015fkanl\u0131klar\u0131na uygundur. *Dondurulmu\u015f g\u0131dalara k\u0131yasla patojenler taraf\u0131ndan hastal\u0131k bula\u015fma riski yok. *Do\u011fal olarak yo\u011fun renklendirmeyi ve b\u00fcy\u00fcmeyi destekler. *Stabilize edilmi\u015f C vitamini hastal\u0131\u011fa kar\u015f\u0131 direnci art\u0131r\u0131r, sa\u011fl\u0131kl\u0131 b\u00fcy\u00fcmeyi destekler. Dozaj; Bal\u0131\u011f\u0131n\u0131z\u0131n birka\u00e7 dakikada yiyebilece\u011fi miktarda ve g\u00fcnde en az iki veya \u00fc\u00e7 kez besleyin. Miktar; 1 Lt","og_url":"https:\/\/anadolupet.com.tr\/en\/product\/tetra-discus-granules-discus-granul-balik-yemi-1lt\/","og_site_name":"Anadolu Pet Grup","article_modified_time":"2026-02-23T16:49:13+00:00","og_image":[{"width":750,"height":750,"url":"https:\/\/anadolupet.com.tr\/wp-content\/uploads\/2026\/02\/400-749399.jpg","type":"image\/jpeg"}],"twitter_card":"summary_large_image","schema":{"@context":"https:\/\/schema.org","@graph":[{"@type":"WebPage","@id":"https:\/\/anadolupet.com.tr\/urun\/tetra-discus-granules-discus-granul-balik-yemi-1lt\/","url":"https:\/\/anadolupet.com.tr\/urun\/tetra-discus-granules-discus-granul-balik-yemi-1lt\/","name":"Tetra Discus Granules Discus Gran\u00fcl Bal\u0131k Yemi - 1LT - Anadolu Pet Grup","isPartOf":{"@id":"https:\/\/anadolupet.com.tr\/#website"},"primaryImageOfPage":{"@id":"https:\/\/anadolupet.com.tr\/urun\/tetra-discus-granules-discus-granul-balik-yemi-1lt\/#primaryimage"},"image":{"@id":"https:\/\/anadolupet.com.tr\/urun\/tetra-discus-granules-discus-granul-balik-yemi-1lt\/#primaryimage"},"thumbnailUrl":"https:\/\/anadolupet.com.tr\/wp-content\/uploads\/2026\/02\/400-749399.jpg","datePublished":"2026-02-14T14:46:08+00:00","dateModified":"2026-02-23T16:49:13+00:00","breadcrumb":{"@id":"https:\/\/anadolupet.com.tr\/urun\/tetra-discus-granules-discus-granul-balik-yemi-1lt\/#breadcrumb"},"inLanguage":"en-US","potentialAction":[{"@type":"ReadAction","target":["https:\/\/anadolupet.com.tr\/urun\/tetra-discus-granules-discus-granul-balik-yemi-1lt\/"]}]},{"@type":"ImageObject","inLanguage":"en-US","@id":"https:\/\/anadolupet.com.tr\/urun\/tetra-discus-granules-discus-granul-balik-yemi-1lt\/#primaryimage","url":"https:\/\/anadolupet.com.tr\/wp-content\/uploads\/2026\/02\/400-749399.jpg","contentUrl":"https:\/\/anadolupet.com.tr\/wp-content\/uploads\/2026\/02\/400-749399.jpg","width":750,"height":750},{"@type":"BreadcrumbList","@id":"https:\/\/anadolupet.com.tr\/urun\/tetra-discus-granules-discus-granul-balik-yemi-1lt\/#breadcrumb","itemListElement":[{"@type":"ListItem","position":1,"name":"Anasayfa","item":"https:\/\/anadolupet.com.tr\/"},{"@type":"ListItem","position":2,"name":"\u00dcr\u00fcnler","item":"https:\/\/anadolupet.com.tr\/urunler\/"},{"@type":"ListItem","position":3,"name":"Tetra Discus Granules Discus Gran\u00fcl Bal\u0131k Yemi &#8211; 1LT"}]},{"@type":"WebSite","@id":"https:\/\/anadolupet.com.tr\/#website","url":"https:\/\/anadolupet.com.tr\/","name":"Anadolu Pet Group","description":"We Stand Together for the Well-Being of Every Life","publisher":{"@id":"https:\/\/anadolupet.com.tr\/#organization"},"potentialAction":[{"@type":"SearchAction","target":{"@type":"EntryPoint","urlTemplate":"https:\/\/anadolupet.com.tr\/?s={search_term_string}"},"query-input":{"@type":"PropertyValueSpecification","valueRequired":true,"valueName":"search_term_string"}}],"inLanguage":"en-US"},{"@type":"Organization","@id":"https:\/\/anadolupet.com.tr\/#organization","name":"Anadolu Pet Group","alternateName":"Anadolu Pet","url":"https:\/\/anadolupet.com.tr\/","logo":{"@type":"ImageObject","inLanguage":"en-US","@id":"https:\/\/anadolupet.com.tr\/#\/schema\/logo\/image\/","url":"https:\/\/anadolupet.com.tr\/wp-content\/uploads\/2026\/03\/1614666743370.jpg","contentUrl":"https:\/\/anadolupet.com.tr\/wp-content\/uploads\/2026\/03\/1614666743370.jpg","width":800,"height":571,"caption":"Anadolu Pet Grup"},"image":{"@id":"https:\/\/anadolupet.com.tr\/#\/schema\/logo\/image\/"}}]}},"_links":{"self":[{"href":"https:\/\/anadolupet.com.tr\/en\/wp-json\/wp\/v2\/product\/46235","targetHints":{"allow":["GET"]}}],"collection":[{"href":"https:\/\/anadolupet.com.tr\/en\/wp-json\/wp\/v2\/product"}],"about":[{"href":"https:\/\/anadolupet.com.tr\/en\/wp-json\/wp\/v2\/types\/product"}],"replies":[{"embeddable":true,"href":"https:\/\/anadolupet.com.tr\/en\/wp-json\/wp\/v2\/comments?post=46235"}],"wp:featuredmedia":[{"embeddable":true,"href":"https:\/\/anadolupet.com.tr\/en\/wp-json\/wp\/v2\/media\/47126"}],"wp:attachment":[{"href":"https:\/\/anadolupet.com.tr\/en\/wp-json\/wp\/v2\/media?parent=46235"}],"wp:term":[{"taxonomy":"product_brand","embeddable":true,"href":"https:\/\/anadolupet.com.tr\/en\/wp-json\/wp\/v2\/product_brand?post=46235"},{"taxonomy":"product_cat","embeddable":true,"href":"https:\/\/anadolupet.com.tr\/en\/wp-json\/wp\/v2\/product_cat?post=46235"},{"taxonomy":"product_tag","embeddable":true,"href":"https:\/\/anadolupet.com.tr\/en\/wp-json\/wp\/v2\/product_tag?post=46235"}],"curies":[{"name":"wp","href":"https:\/\/api.w.org\/{rel}","templated":true}]}}