{"id":46239,"date":"2026-02-14T14:46:09","date_gmt":"2026-02-14T14:46:09","guid":{"rendered":"https:\/\/anadolupet.com.tr\/?post_type=product&#038;p=46239"},"modified":"2026-02-23T16:49:13","modified_gmt":"2026-02-23T16:49:13","slug":"tetra-easy-crystal-filter-box-600-ic-filtre","status":"publish","type":"product","link":"https:\/\/anadolupet.com.tr\/en\/urun\/tetra-easy-crystal-filter-box-600-ic-filtre\/","title":{"rendered":"Tetra Easy Crystal Filter Box 600 \u0130\u00e7 Filtre"},"content":{"rendered":"","protected":false},"excerpt":{"rendered":"<p>Tetra EasyCrystal FilterBox 600, kristal berrakl\u0131\u011f\u0131nda sa\u011fl\u0131kl\u0131 su ve kolay bak\u0131m imkan\u0131 sunan, \u0131s\u0131tma b\u00f6lmeli, akvaryum i\u00e7 filtresidir. EasyCrystal FilterBox, akvaryum suyunun optimum filtrasyonu i\u00e7in kompakt, yerden tasarruf sa\u011flayan eksiksiz bir settir. 50-150 litrelik akvaryumlar i\u00e7in kullan\u0131labilen Tetra i\u00e7 filtrenin \u0131s\u0131t\u0131c\u0131 b\u00f6lmesi bulunmaktad\u0131r. Bu sayede akvaryum \u0131s\u0131t\u0131c\u0131s\u0131 yer kaplamaz ve g\u00f6r\u00fcnt\u00fc kirlili\u011fi ortadan kalkar. \u0130\u00e7 filtrenin \u00e7ift katmanl\u0131 filtre pedleri en k\u00fc\u00e7\u00fck par\u00e7alar\u0131n dahi g\u00fcvenle temizlenmesini sa\u011flar.<br \/>\nDetaylar;<br \/>\n*Ek bir b\u00f6lme, bir akvaryum \u0131s\u0131t\u0131c\u0131s\u0131n\u0131n EasyCrystal FilterBox i\u00e7ine entegre edilmesini sa\u011flar.<br \/>\n*EasyCrystal FilterBox, yo\u011fun mekanik, biyolojik ve kimyasal filtrasyonu ile kristal berrakl\u0131\u011f\u0131nda, sa\u011fl\u0131kl\u0131 su sa\u011flar.<br \/>\n*Mekanik filtreleme: \u00c7ift katmanl\u0131 filtre kartu\u015fu en k\u00fc\u00e7\u00fck par\u00e7ac\u0131klar\u0131 bile g\u00fcvenilir bir \u015fekilde temizler. Beyaz taraf kaba \u00f6n filtre, ye\u015fil taraf ince filtre i\u015flevi g\u00f6r\u00fcr.<br \/>\n*Biyolojik filtrasyon: Faydal\u0131 bakterilerin yerle\u015fimi i\u00e7in ekstra geni\u015f y\u00fczey alan\u0131na sahip Filtre K\u00f6p\u00fc\u011f\u00fc ve Biyo Filtre Toplar\u0131 mevcuttur.<br \/>\n*Kimyasal filtreleme: \u00d6zel aktif karbon su bulan\u0131kl\u0131\u011f\u0131n\u0131 ve ho\u015f olmayan kokular\u0131 ortadan kald\u0131r\u0131r.<br \/>\n*EasyCrystal filtrenin temizlenmesi de son derece kolayd\u0131r; filtre kartu\u015funu 4 haftada bir de\u011fi\u015ftirin. Filtre ortam\u0131n\u0131 y\u0131kaman\u0131za gerek yoktur, bu da ellerinizin kuru kalmas\u0131 anlam\u0131na gelir!<br \/>\n*50 ila 150 L aras\u0131ndaki akvaryumlar i\u00e7in uygundur<br \/>\n*T\u00dcV \/ GS taraf\u0131ndan test edildi.<br \/>\n*Filtre malzemesi olarak s\u00fcnger, bioball ve ye\u015fil kartu\u015f standart olarak bulunmaktad\u0131r.<br \/>\n*2 y\u0131ll\u0131k garanti<br \/>\n*50-150L \/ 600L\/h \/ 7.5W<br \/>\nKullanma Talimat\u0131;<br \/>\nTetra i\u00e7 filtre arka b\u00f6l\u00fcm\u00fcnde yer alan vantuzlar\u0131 ile akvaryum cam\u0131na sabitlenerek kullan\u0131l\u0131r. Filtrenin temizli\u011fi olduk\u00e7a kolayd\u0131r. Filtre kartu\u015funun 4 haftada bir yenilenmesi yeterlidir.<\/p>","protected":false},"featured_media":47204,"comment_status":"open","ping_status":"closed","template":"","meta":{"_acf_changed":false},"product_brand":[],"product_cat":[2392],"product_tag":[],"class_list":{"0":"post-46239","1":"product","2":"type-product","3":"status-publish","4":"has-post-thumbnail","6":"product_cat-ic-filtreler","8":"first","9":"instock","10":"shipping-taxable","11":"product-type-simple"},"acf":[],"yoast_head":"<!-- This site is optimized with the Yoast SEO plugin v27.5 - https:\/\/yoast.com\/product\/yoast-seo-wordpress\/ -->\n<title>Tetra Easy Crystal Filter Box 600 \u0130\u00e7 Filtre - Anadolu Pet Grup<\/title>\n<meta name=\"robots\" content=\"index, follow, max-snippet:-1, max-image-preview:large, max-video-preview:-1\" \/>\n<link rel=\"canonical\" href=\"https:\/\/anadolupet.com.tr\/en\/product\/tetra-easy-crystal-filter-box-600-ic-filtre\/\" \/>\n<meta property=\"og:locale\" content=\"en_US\" \/>\n<meta property=\"og:type\" content=\"article\" \/>\n<meta property=\"og:title\" content=\"Tetra Easy Crystal Filter Box 600 \u0130\u00e7 Filtre - Anadolu Pet Grup\" \/>\n<meta property=\"og:description\" content=\"Tetra EasyCrystal FilterBox 600, kristal berrakl\u0131\u011f\u0131nda sa\u011fl\u0131kl\u0131 su ve kolay bak\u0131m imkan\u0131 sunan, \u0131s\u0131tma b\u00f6lmeli, akvaryum i\u00e7 filtresidir. EasyCrystal FilterBox, akvaryum suyunun optimum filtrasyonu i\u00e7in kompakt, yerden tasarruf sa\u011flayan eksiksiz bir settir. 50-150 litrelik akvaryumlar i\u00e7in kullan\u0131labilen Tetra i\u00e7 filtrenin \u0131s\u0131t\u0131c\u0131 b\u00f6lmesi bulunmaktad\u0131r. Bu sayede akvaryum \u0131s\u0131t\u0131c\u0131s\u0131 yer kaplamaz ve g\u00f6r\u00fcnt\u00fc kirlili\u011fi ortadan kalkar. \u0130\u00e7 filtrenin \u00e7ift katmanl\u0131 filtre pedleri en k\u00fc\u00e7\u00fck par\u00e7alar\u0131n dahi g\u00fcvenle temizlenmesini sa\u011flar. Detaylar; *Ek bir b\u00f6lme, bir akvaryum \u0131s\u0131t\u0131c\u0131s\u0131n\u0131n EasyCrystal FilterBox i\u00e7ine entegre edilmesini sa\u011flar. *EasyCrystal FilterBox, yo\u011fun mekanik, biyolojik ve kimyasal filtrasyonu ile kristal berrakl\u0131\u011f\u0131nda, sa\u011fl\u0131kl\u0131 su sa\u011flar. *Mekanik filtreleme: \u00c7ift katmanl\u0131 filtre kartu\u015fu en k\u00fc\u00e7\u00fck par\u00e7ac\u0131klar\u0131 bile g\u00fcvenilir bir \u015fekilde temizler. Beyaz taraf kaba \u00f6n filtre, ye\u015fil taraf ince filtre i\u015flevi g\u00f6r\u00fcr. *Biyolojik filtrasyon: Faydal\u0131 bakterilerin yerle\u015fimi i\u00e7in ekstra geni\u015f y\u00fczey alan\u0131na sahip Filtre K\u00f6p\u00fc\u011f\u00fc ve Biyo Filtre Toplar\u0131 mevcuttur. *Kimyasal filtreleme: \u00d6zel aktif karbon su bulan\u0131kl\u0131\u011f\u0131n\u0131 ve ho\u015f olmayan kokular\u0131 ortadan kald\u0131r\u0131r. *EasyCrystal filtrenin temizlenmesi de son derece kolayd\u0131r; filtre kartu\u015funu 4 haftada bir de\u011fi\u015ftirin. Filtre ortam\u0131n\u0131 y\u0131kaman\u0131za gerek yoktur, bu da ellerinizin kuru kalmas\u0131 anlam\u0131na gelir! *50 ila 150 L aras\u0131ndaki akvaryumlar i\u00e7in uygundur *T\u00dcV \/ GS taraf\u0131ndan test edildi. *Filtre malzemesi olarak s\u00fcnger, bioball ve ye\u015fil kartu\u015f standart olarak bulunmaktad\u0131r. *2 y\u0131ll\u0131k garanti *50-150L \/ 600L\/h \/ 7.5W Kullanma Talimat\u0131; Tetra i\u00e7 filtre arka b\u00f6l\u00fcm\u00fcnde yer alan vantuzlar\u0131 ile akvaryum cam\u0131na sabitlenerek kullan\u0131l\u0131r. Filtrenin temizli\u011fi olduk\u00e7a kolayd\u0131r. Filtre kartu\u015funun 4 haftada bir yenilenmesi yeterlidir.\" \/>\n<meta property=\"og:url\" content=\"https:\/\/anadolupet.com.tr\/en\/product\/tetra-easy-crystal-filter-box-600-ic-filtre\/\" \/>\n<meta property=\"og:site_name\" content=\"Anadolu Pet Grup\" \/>\n<meta property=\"article:modified_time\" content=\"2026-02-23T16:49:13+00:00\" \/>\n<meta property=\"og:image\" content=\"https:\/\/anadolupet.com.tr\/wp-content\/uploads\/2026\/02\/402-705669.jpg\" \/>\n\t<meta property=\"og:image:width\" content=\"750\" \/>\n\t<meta property=\"og:image:height\" content=\"750\" \/>\n\t<meta property=\"og:image:type\" content=\"image\/jpeg\" \/>\n<meta name=\"twitter:card\" content=\"summary_large_image\" \/>\n<script type=\"application\/ld+json\" class=\"yoast-schema-graph\">{\"@context\":\"https:\\\/\\\/schema.org\",\"@graph\":[{\"@type\":\"WebPage\",\"@id\":\"https:\\\/\\\/anadolupet.com.tr\\\/urun\\\/tetra-easy-crystal-filter-box-600-ic-filtre\\\/\",\"url\":\"https:\\\/\\\/anadolupet.com.tr\\\/urun\\\/tetra-easy-crystal-filter-box-600-ic-filtre\\\/\",\"name\":\"Tetra Easy Crystal Filter Box 600 \u0130\u00e7 Filtre - Anadolu Pet Grup\",\"isPartOf\":{\"@id\":\"https:\\\/\\\/anadolupet.com.tr\\\/#website\"},\"primaryImageOfPage\":{\"@id\":\"https:\\\/\\\/anadolupet.com.tr\\\/urun\\\/tetra-easy-crystal-filter-box-600-ic-filtre\\\/#primaryimage\"},\"image\":{\"@id\":\"https:\\\/\\\/anadolupet.com.tr\\\/urun\\\/tetra-easy-crystal-filter-box-600-ic-filtre\\\/#primaryimage\"},\"thumbnailUrl\":\"https:\\\/\\\/anadolupet.com.tr\\\/wp-content\\\/uploads\\\/2026\\\/02\\\/402-705669.jpg\",\"datePublished\":\"2026-02-14T14:46:09+00:00\",\"dateModified\":\"2026-02-23T16:49:13+00:00\",\"breadcrumb\":{\"@id\":\"https:\\\/\\\/anadolupet.com.tr\\\/urun\\\/tetra-easy-crystal-filter-box-600-ic-filtre\\\/#breadcrumb\"},\"inLanguage\":\"en-US\",\"potentialAction\":[{\"@type\":\"ReadAction\",\"target\":[\"https:\\\/\\\/anadolupet.com.tr\\\/urun\\\/tetra-easy-crystal-filter-box-600-ic-filtre\\\/\"]}]},{\"@type\":\"ImageObject\",\"inLanguage\":\"en-US\",\"@id\":\"https:\\\/\\\/anadolupet.com.tr\\\/urun\\\/tetra-easy-crystal-filter-box-600-ic-filtre\\\/#primaryimage\",\"url\":\"https:\\\/\\\/anadolupet.com.tr\\\/wp-content\\\/uploads\\\/2026\\\/02\\\/402-705669.jpg\",\"contentUrl\":\"https:\\\/\\\/anadolupet.com.tr\\\/wp-content\\\/uploads\\\/2026\\\/02\\\/402-705669.jpg\",\"width\":750,\"height\":750},{\"@type\":\"BreadcrumbList\",\"@id\":\"https:\\\/\\\/anadolupet.com.tr\\\/urun\\\/tetra-easy-crystal-filter-box-600-ic-filtre\\\/#breadcrumb\",\"itemListElement\":[{\"@type\":\"ListItem\",\"position\":1,\"name\":\"Anasayfa\",\"item\":\"https:\\\/\\\/anadolupet.com.tr\\\/\"},{\"@type\":\"ListItem\",\"position\":2,\"name\":\"\u00dcr\u00fcnler\",\"item\":\"https:\\\/\\\/anadolupet.com.tr\\\/urunler\\\/\"},{\"@type\":\"ListItem\",\"position\":3,\"name\":\"Tetra Easy Crystal Filter Box 600 \u0130\u00e7 Filtre\"}]},{\"@type\":\"WebSite\",\"@id\":\"https:\\\/\\\/anadolupet.com.tr\\\/#website\",\"url\":\"https:\\\/\\\/anadolupet.com.tr\\\/\",\"name\":\"Anadolu Pet Grup\",\"description\":\"Her Can\u0131n \u0130yi Ya\u015fam\u0131 \u0130\u00e7in Biraraday\u0131z\",\"publisher\":{\"@id\":\"https:\\\/\\\/anadolupet.com.tr\\\/#organization\"},\"potentialAction\":[{\"@type\":\"SearchAction\",\"target\":{\"@type\":\"EntryPoint\",\"urlTemplate\":\"https:\\\/\\\/anadolupet.com.tr\\\/?s={search_term_string}\"},\"query-input\":{\"@type\":\"PropertyValueSpecification\",\"valueRequired\":true,\"valueName\":\"search_term_string\"}}],\"inLanguage\":\"en-US\"},{\"@type\":\"Organization\",\"@id\":\"https:\\\/\\\/anadolupet.com.tr\\\/#organization\",\"name\":\"Anadolu Pet Grup\",\"alternateName\":\"Anadolu Pet\",\"url\":\"https:\\\/\\\/anadolupet.com.tr\\\/\",\"logo\":{\"@type\":\"ImageObject\",\"inLanguage\":\"en-US\",\"@id\":\"https:\\\/\\\/anadolupet.com.tr\\\/#\\\/schema\\\/logo\\\/image\\\/\",\"url\":\"https:\\\/\\\/anadolupet.com.tr\\\/wp-content\\\/uploads\\\/2026\\\/03\\\/1614666743370.jpg\",\"contentUrl\":\"https:\\\/\\\/anadolupet.com.tr\\\/wp-content\\\/uploads\\\/2026\\\/03\\\/1614666743370.jpg\",\"width\":800,\"height\":571,\"caption\":\"Anadolu Pet Grup\"},\"image\":{\"@id\":\"https:\\\/\\\/anadolupet.com.tr\\\/#\\\/schema\\\/logo\\\/image\\\/\"}}]}<\/script>\n<!-- \/ Yoast SEO plugin. -->","yoast_head_json":{"title":"Tetra Easy Crystal Filter Box 600 \u0130\u00e7 Filtre - Anadolu Pet Grup","robots":{"index":"index","follow":"follow","max-snippet":"max-snippet:-1","max-image-preview":"max-image-preview:large","max-video-preview":"max-video-preview:-1"},"canonical":"https:\/\/anadolupet.com.tr\/en\/product\/tetra-easy-crystal-filter-box-600-ic-filtre\/","og_locale":"en_US","og_type":"article","og_title":"Tetra Easy Crystal Filter Box 600 \u0130\u00e7 Filtre - Anadolu Pet Grup","og_description":"Tetra EasyCrystal FilterBox 600, kristal berrakl\u0131\u011f\u0131nda sa\u011fl\u0131kl\u0131 su ve kolay bak\u0131m imkan\u0131 sunan, \u0131s\u0131tma b\u00f6lmeli, akvaryum i\u00e7 filtresidir. EasyCrystal FilterBox, akvaryum suyunun optimum filtrasyonu i\u00e7in kompakt, yerden tasarruf sa\u011flayan eksiksiz bir settir. 50-150 litrelik akvaryumlar i\u00e7in kullan\u0131labilen Tetra i\u00e7 filtrenin \u0131s\u0131t\u0131c\u0131 b\u00f6lmesi bulunmaktad\u0131r. Bu sayede akvaryum \u0131s\u0131t\u0131c\u0131s\u0131 yer kaplamaz ve g\u00f6r\u00fcnt\u00fc kirlili\u011fi ortadan kalkar. \u0130\u00e7 filtrenin \u00e7ift katmanl\u0131 filtre pedleri en k\u00fc\u00e7\u00fck par\u00e7alar\u0131n dahi g\u00fcvenle temizlenmesini sa\u011flar. Detaylar; *Ek bir b\u00f6lme, bir akvaryum \u0131s\u0131t\u0131c\u0131s\u0131n\u0131n EasyCrystal FilterBox i\u00e7ine entegre edilmesini sa\u011flar. *EasyCrystal FilterBox, yo\u011fun mekanik, biyolojik ve kimyasal filtrasyonu ile kristal berrakl\u0131\u011f\u0131nda, sa\u011fl\u0131kl\u0131 su sa\u011flar. *Mekanik filtreleme: \u00c7ift katmanl\u0131 filtre kartu\u015fu en k\u00fc\u00e7\u00fck par\u00e7ac\u0131klar\u0131 bile g\u00fcvenilir bir \u015fekilde temizler. Beyaz taraf kaba \u00f6n filtre, ye\u015fil taraf ince filtre i\u015flevi g\u00f6r\u00fcr. *Biyolojik filtrasyon: Faydal\u0131 bakterilerin yerle\u015fimi i\u00e7in ekstra geni\u015f y\u00fczey alan\u0131na sahip Filtre K\u00f6p\u00fc\u011f\u00fc ve Biyo Filtre Toplar\u0131 mevcuttur. *Kimyasal filtreleme: \u00d6zel aktif karbon su bulan\u0131kl\u0131\u011f\u0131n\u0131 ve ho\u015f olmayan kokular\u0131 ortadan kald\u0131r\u0131r. *EasyCrystal filtrenin temizlenmesi de son derece kolayd\u0131r; filtre kartu\u015funu 4 haftada bir de\u011fi\u015ftirin. Filtre ortam\u0131n\u0131 y\u0131kaman\u0131za gerek yoktur, bu da ellerinizin kuru kalmas\u0131 anlam\u0131na gelir! *50 ila 150 L aras\u0131ndaki akvaryumlar i\u00e7in uygundur *T\u00dcV \/ GS taraf\u0131ndan test edildi. *Filtre malzemesi olarak s\u00fcnger, bioball ve ye\u015fil kartu\u015f standart olarak bulunmaktad\u0131r. *2 y\u0131ll\u0131k garanti *50-150L \/ 600L\/h \/ 7.5W Kullanma Talimat\u0131; Tetra i\u00e7 filtre arka b\u00f6l\u00fcm\u00fcnde yer alan vantuzlar\u0131 ile akvaryum cam\u0131na sabitlenerek kullan\u0131l\u0131r. Filtrenin temizli\u011fi olduk\u00e7a kolayd\u0131r. Filtre kartu\u015funun 4 haftada bir yenilenmesi yeterlidir.","og_url":"https:\/\/anadolupet.com.tr\/en\/product\/tetra-easy-crystal-filter-box-600-ic-filtre\/","og_site_name":"Anadolu Pet Grup","article_modified_time":"2026-02-23T16:49:13+00:00","og_image":[{"width":750,"height":750,"url":"https:\/\/anadolupet.com.tr\/wp-content\/uploads\/2026\/02\/402-705669.jpg","type":"image\/jpeg"}],"twitter_card":"summary_large_image","schema":{"@context":"https:\/\/schema.org","@graph":[{"@type":"WebPage","@id":"https:\/\/anadolupet.com.tr\/urun\/tetra-easy-crystal-filter-box-600-ic-filtre\/","url":"https:\/\/anadolupet.com.tr\/urun\/tetra-easy-crystal-filter-box-600-ic-filtre\/","name":"Tetra Easy Crystal Filter Box 600 \u0130\u00e7 Filtre - Anadolu Pet Grup","isPartOf":{"@id":"https:\/\/anadolupet.com.tr\/#website"},"primaryImageOfPage":{"@id":"https:\/\/anadolupet.com.tr\/urun\/tetra-easy-crystal-filter-box-600-ic-filtre\/#primaryimage"},"image":{"@id":"https:\/\/anadolupet.com.tr\/urun\/tetra-easy-crystal-filter-box-600-ic-filtre\/#primaryimage"},"thumbnailUrl":"https:\/\/anadolupet.com.tr\/wp-content\/uploads\/2026\/02\/402-705669.jpg","datePublished":"2026-02-14T14:46:09+00:00","dateModified":"2026-02-23T16:49:13+00:00","breadcrumb":{"@id":"https:\/\/anadolupet.com.tr\/urun\/tetra-easy-crystal-filter-box-600-ic-filtre\/#breadcrumb"},"inLanguage":"en-US","potentialAction":[{"@type":"ReadAction","target":["https:\/\/anadolupet.com.tr\/urun\/tetra-easy-crystal-filter-box-600-ic-filtre\/"]}]},{"@type":"ImageObject","inLanguage":"en-US","@id":"https:\/\/anadolupet.com.tr\/urun\/tetra-easy-crystal-filter-box-600-ic-filtre\/#primaryimage","url":"https:\/\/anadolupet.com.tr\/wp-content\/uploads\/2026\/02\/402-705669.jpg","contentUrl":"https:\/\/anadolupet.com.tr\/wp-content\/uploads\/2026\/02\/402-705669.jpg","width":750,"height":750},{"@type":"BreadcrumbList","@id":"https:\/\/anadolupet.com.tr\/urun\/tetra-easy-crystal-filter-box-600-ic-filtre\/#breadcrumb","itemListElement":[{"@type":"ListItem","position":1,"name":"Anasayfa","item":"https:\/\/anadolupet.com.tr\/"},{"@type":"ListItem","position":2,"name":"\u00dcr\u00fcnler","item":"https:\/\/anadolupet.com.tr\/urunler\/"},{"@type":"ListItem","position":3,"name":"Tetra Easy Crystal Filter Box 600 \u0130\u00e7 Filtre"}]},{"@type":"WebSite","@id":"https:\/\/anadolupet.com.tr\/#website","url":"https:\/\/anadolupet.com.tr\/","name":"Anadolu Pet Group","description":"We Stand Together for the Well-Being of Every Life","publisher":{"@id":"https:\/\/anadolupet.com.tr\/#organization"},"potentialAction":[{"@type":"SearchAction","target":{"@type":"EntryPoint","urlTemplate":"https:\/\/anadolupet.com.tr\/?s={search_term_string}"},"query-input":{"@type":"PropertyValueSpecification","valueRequired":true,"valueName":"search_term_string"}}],"inLanguage":"en-US"},{"@type":"Organization","@id":"https:\/\/anadolupet.com.tr\/#organization","name":"Anadolu Pet Group","alternateName":"Anadolu Pet","url":"https:\/\/anadolupet.com.tr\/","logo":{"@type":"ImageObject","inLanguage":"en-US","@id":"https:\/\/anadolupet.com.tr\/#\/schema\/logo\/image\/","url":"https:\/\/anadolupet.com.tr\/wp-content\/uploads\/2026\/03\/1614666743370.jpg","contentUrl":"https:\/\/anadolupet.com.tr\/wp-content\/uploads\/2026\/03\/1614666743370.jpg","width":800,"height":571,"caption":"Anadolu Pet Grup"},"image":{"@id":"https:\/\/anadolupet.com.tr\/#\/schema\/logo\/image\/"}}]}},"_links":{"self":[{"href":"https:\/\/anadolupet.com.tr\/en\/wp-json\/wp\/v2\/product\/46239","targetHints":{"allow":["GET"]}}],"collection":[{"href":"https:\/\/anadolupet.com.tr\/en\/wp-json\/wp\/v2\/product"}],"about":[{"href":"https:\/\/anadolupet.com.tr\/en\/wp-json\/wp\/v2\/types\/product"}],"replies":[{"embeddable":true,"href":"https:\/\/anadolupet.com.tr\/en\/wp-json\/wp\/v2\/comments?post=46239"}],"wp:featuredmedia":[{"embeddable":true,"href":"https:\/\/anadolupet.com.tr\/en\/wp-json\/wp\/v2\/media\/47204"}],"wp:attachment":[{"href":"https:\/\/anadolupet.com.tr\/en\/wp-json\/wp\/v2\/media?parent=46239"}],"wp:term":[{"taxonomy":"product_brand","embeddable":true,"href":"https:\/\/anadolupet.com.tr\/en\/wp-json\/wp\/v2\/product_brand?post=46239"},{"taxonomy":"product_cat","embeddable":true,"href":"https:\/\/anadolupet.com.tr\/en\/wp-json\/wp\/v2\/product_cat?post=46239"},{"taxonomy":"product_tag","embeddable":true,"href":"https:\/\/anadolupet.com.tr\/en\/wp-json\/wp\/v2\/product_tag?post=46239"}],"curies":[{"name":"wp","href":"https:\/\/api.w.org\/{rel}","templated":true}]}}