{"id":46241,"date":"2026-02-14T14:46:09","date_gmt":"2026-02-14T14:46:09","guid":{"rendered":"https:\/\/anadolupet.com.tr\/?post_type=product&#038;p=46241"},"modified":"2026-02-23T16:49:14","modified_gmt":"2026-02-23T16:49:14","slug":"tetra-easy-crystal-pack-600-filtre-sungeri","status":"publish","type":"product","link":"https:\/\/anadolupet.com.tr\/en\/urun\/tetra-easy-crystal-pack-600-filtre-sungeri\/","title":{"rendered":"Tetra Easy Crystal Pack 600 Filtre S\u00fcngeri"},"content":{"rendered":"","protected":false},"excerpt":{"rendered":"<p>Tetra EasyCrystal Filter Pack 600, yenilik\u00e7i filtre kartu\u015fu sayesinde kristal berrakl\u0131\u011f\u0131nda, sa\u011fl\u0131kl\u0131 su elde edersiniz. Tetra Easy Crystal FilterBox 600 filtre kutusu ile uyumlu yedek kartu\u015ftur.<br \/>\nDetaylar;<br \/>\n*Yo\u011fun mekanik, biyolojik ve kimyasal filtrasyon ile kristal berrakl\u0131\u011f\u0131nda, sa\u011fl\u0131kl\u0131 su sa\u011flar.<br \/>\n*Mekanik filtreleme: \u00c7ift katmanl\u0131 filtre kartu\u015fu en k\u00fc\u00e7\u00fck par\u00e7ac\u0131klar\u0131 bile g\u00fcvenilir bir \u015fekilde temizler. Beyaz taraf kaba \u00f6n filtre, ye\u015fil taraf ince filtre i\u015flevi g\u00f6r\u00fcr.<br \/>\n*Biyolojik filtrasyon: Faydal\u0131 bakterilerin yerle\u015fimi i\u00e7in ekstra geni\u015f y\u00fczey alan\u0131na sahip Filtre K\u00f6p\u00fc\u011f\u00fc ve Biyo Filtre Toplar\u0131 mevcuttur.<br \/>\n*Kimyasal filtreleme: \u00d6zel aktif karbon su bulan\u0131kl\u0131\u011f\u0131n\u0131 ve ho\u015f olmayan kokular\u0131 ortadan kald\u0131r\u0131r.<\/p>","protected":false},"featured_media":47211,"comment_status":"open","ping_status":"closed","template":"","meta":{"_acf_changed":false},"product_brand":[],"product_cat":[2392],"product_tag":[],"class_list":{"0":"post-46241","1":"product","2":"type-product","3":"status-publish","4":"has-post-thumbnail","6":"product_cat-ic-filtreler","8":"first","9":"instock","10":"shipping-taxable","11":"product-type-simple"},"acf":[],"yoast_head":"<!-- This site is optimized with the Yoast SEO plugin v27.4 - https:\/\/yoast.com\/product\/yoast-seo-wordpress\/ -->\n<title>Tetra Easy Crystal Pack 600 Filtre S\u00fcngeri - Anadolu Pet Grup<\/title>\n<meta name=\"robots\" content=\"index, follow, max-snippet:-1, max-image-preview:large, max-video-preview:-1\" \/>\n<link rel=\"canonical\" href=\"https:\/\/anadolupet.com.tr\/en\/product\/tetra-easy-crystal-pack-600-filtre-sungeri\/\" \/>\n<meta property=\"og:locale\" content=\"en_US\" \/>\n<meta property=\"og:type\" content=\"article\" \/>\n<meta property=\"og:title\" content=\"Tetra Easy Crystal Pack 600 Filtre S\u00fcngeri - Anadolu Pet Grup\" \/>\n<meta property=\"og:description\" content=\"Tetra EasyCrystal Filter Pack 600, yenilik\u00e7i filtre kartu\u015fu sayesinde kristal berrakl\u0131\u011f\u0131nda, sa\u011fl\u0131kl\u0131 su elde edersiniz. Tetra Easy Crystal FilterBox 600 filtre kutusu ile uyumlu yedek kartu\u015ftur. Detaylar; *Yo\u011fun mekanik, biyolojik ve kimyasal filtrasyon ile kristal berrakl\u0131\u011f\u0131nda, sa\u011fl\u0131kl\u0131 su sa\u011flar. *Mekanik filtreleme: \u00c7ift katmanl\u0131 filtre kartu\u015fu en k\u00fc\u00e7\u00fck par\u00e7ac\u0131klar\u0131 bile g\u00fcvenilir bir \u015fekilde temizler. Beyaz taraf kaba \u00f6n filtre, ye\u015fil taraf ince filtre i\u015flevi g\u00f6r\u00fcr. *Biyolojik filtrasyon: Faydal\u0131 bakterilerin yerle\u015fimi i\u00e7in ekstra geni\u015f y\u00fczey alan\u0131na sahip Filtre K\u00f6p\u00fc\u011f\u00fc ve Biyo Filtre Toplar\u0131 mevcuttur. *Kimyasal filtreleme: \u00d6zel aktif karbon su bulan\u0131kl\u0131\u011f\u0131n\u0131 ve ho\u015f olmayan kokular\u0131 ortadan kald\u0131r\u0131r.\" \/>\n<meta property=\"og:url\" content=\"https:\/\/anadolupet.com.tr\/en\/product\/tetra-easy-crystal-pack-600-filtre-sungeri\/\" \/>\n<meta property=\"og:site_name\" content=\"Anadolu Pet Grup\" \/>\n<meta property=\"article:modified_time\" content=\"2026-02-23T16:49:14+00:00\" \/>\n<meta property=\"og:image\" content=\"https:\/\/anadolupet.com.tr\/wp-content\/uploads\/2026\/02\/402-706632.jpg\" \/>\n\t<meta property=\"og:image:width\" content=\"750\" \/>\n\t<meta property=\"og:image:height\" content=\"750\" \/>\n\t<meta property=\"og:image:type\" content=\"image\/jpeg\" \/>\n<meta name=\"twitter:card\" content=\"summary_large_image\" \/>\n<script type=\"application\/ld+json\" class=\"yoast-schema-graph\">{\"@context\":\"https:\\\/\\\/schema.org\",\"@graph\":[{\"@type\":\"WebPage\",\"@id\":\"https:\\\/\\\/anadolupet.com.tr\\\/urun\\\/tetra-easy-crystal-pack-600-filtre-sungeri\\\/\",\"url\":\"https:\\\/\\\/anadolupet.com.tr\\\/urun\\\/tetra-easy-crystal-pack-600-filtre-sungeri\\\/\",\"name\":\"Tetra Easy Crystal Pack 600 Filtre S\u00fcngeri - Anadolu Pet Grup\",\"isPartOf\":{\"@id\":\"https:\\\/\\\/anadolupet.com.tr\\\/#website\"},\"primaryImageOfPage\":{\"@id\":\"https:\\\/\\\/anadolupet.com.tr\\\/urun\\\/tetra-easy-crystal-pack-600-filtre-sungeri\\\/#primaryimage\"},\"image\":{\"@id\":\"https:\\\/\\\/anadolupet.com.tr\\\/urun\\\/tetra-easy-crystal-pack-600-filtre-sungeri\\\/#primaryimage\"},\"thumbnailUrl\":\"https:\\\/\\\/anadolupet.com.tr\\\/wp-content\\\/uploads\\\/2026\\\/02\\\/402-706632.jpg\",\"datePublished\":\"2026-02-14T14:46:09+00:00\",\"dateModified\":\"2026-02-23T16:49:14+00:00\",\"breadcrumb\":{\"@id\":\"https:\\\/\\\/anadolupet.com.tr\\\/urun\\\/tetra-easy-crystal-pack-600-filtre-sungeri\\\/#breadcrumb\"},\"inLanguage\":\"en-US\",\"potentialAction\":[{\"@type\":\"ReadAction\",\"target\":[\"https:\\\/\\\/anadolupet.com.tr\\\/urun\\\/tetra-easy-crystal-pack-600-filtre-sungeri\\\/\"]}]},{\"@type\":\"ImageObject\",\"inLanguage\":\"en-US\",\"@id\":\"https:\\\/\\\/anadolupet.com.tr\\\/urun\\\/tetra-easy-crystal-pack-600-filtre-sungeri\\\/#primaryimage\",\"url\":\"https:\\\/\\\/anadolupet.com.tr\\\/wp-content\\\/uploads\\\/2026\\\/02\\\/402-706632.jpg\",\"contentUrl\":\"https:\\\/\\\/anadolupet.com.tr\\\/wp-content\\\/uploads\\\/2026\\\/02\\\/402-706632.jpg\",\"width\":750,\"height\":750},{\"@type\":\"BreadcrumbList\",\"@id\":\"https:\\\/\\\/anadolupet.com.tr\\\/urun\\\/tetra-easy-crystal-pack-600-filtre-sungeri\\\/#breadcrumb\",\"itemListElement\":[{\"@type\":\"ListItem\",\"position\":1,\"name\":\"Anasayfa\",\"item\":\"https:\\\/\\\/anadolupet.com.tr\\\/\"},{\"@type\":\"ListItem\",\"position\":2,\"name\":\"\u00dcr\u00fcnler\",\"item\":\"https:\\\/\\\/anadolupet.com.tr\\\/urunler\\\/\"},{\"@type\":\"ListItem\",\"position\":3,\"name\":\"Tetra Easy Crystal Pack 600 Filtre S\u00fcngeri\"}]},{\"@type\":\"WebSite\",\"@id\":\"https:\\\/\\\/anadolupet.com.tr\\\/#website\",\"url\":\"https:\\\/\\\/anadolupet.com.tr\\\/\",\"name\":\"Anadolu Pet Grup\",\"description\":\"Her Can\u0131n \u0130yi Ya\u015fam\u0131 \u0130\u00e7in Biraraday\u0131z\",\"publisher\":{\"@id\":\"https:\\\/\\\/anadolupet.com.tr\\\/#organization\"},\"potentialAction\":[{\"@type\":\"SearchAction\",\"target\":{\"@type\":\"EntryPoint\",\"urlTemplate\":\"https:\\\/\\\/anadolupet.com.tr\\\/?s={search_term_string}\"},\"query-input\":{\"@type\":\"PropertyValueSpecification\",\"valueRequired\":true,\"valueName\":\"search_term_string\"}}],\"inLanguage\":\"en-US\"},{\"@type\":\"Organization\",\"@id\":\"https:\\\/\\\/anadolupet.com.tr\\\/#organization\",\"name\":\"Anadolu Pet Grup\",\"alternateName\":\"Anadolu Pet\",\"url\":\"https:\\\/\\\/anadolupet.com.tr\\\/\",\"logo\":{\"@type\":\"ImageObject\",\"inLanguage\":\"en-US\",\"@id\":\"https:\\\/\\\/anadolupet.com.tr\\\/#\\\/schema\\\/logo\\\/image\\\/\",\"url\":\"https:\\\/\\\/anadolupet.com.tr\\\/wp-content\\\/uploads\\\/2026\\\/03\\\/1614666743370.jpg\",\"contentUrl\":\"https:\\\/\\\/anadolupet.com.tr\\\/wp-content\\\/uploads\\\/2026\\\/03\\\/1614666743370.jpg\",\"width\":800,\"height\":571,\"caption\":\"Anadolu Pet Grup\"},\"image\":{\"@id\":\"https:\\\/\\\/anadolupet.com.tr\\\/#\\\/schema\\\/logo\\\/image\\\/\"}}]}<\/script>\n<!-- \/ Yoast SEO plugin. -->","yoast_head_json":{"title":"Tetra Easy Crystal Pack 600 Filtre S\u00fcngeri - Anadolu Pet Grup","robots":{"index":"index","follow":"follow","max-snippet":"max-snippet:-1","max-image-preview":"max-image-preview:large","max-video-preview":"max-video-preview:-1"},"canonical":"https:\/\/anadolupet.com.tr\/en\/product\/tetra-easy-crystal-pack-600-filtre-sungeri\/","og_locale":"en_US","og_type":"article","og_title":"Tetra Easy Crystal Pack 600 Filtre S\u00fcngeri - Anadolu Pet Grup","og_description":"Tetra EasyCrystal Filter Pack 600, yenilik\u00e7i filtre kartu\u015fu sayesinde kristal berrakl\u0131\u011f\u0131nda, sa\u011fl\u0131kl\u0131 su elde edersiniz. Tetra Easy Crystal FilterBox 600 filtre kutusu ile uyumlu yedek kartu\u015ftur. Detaylar; *Yo\u011fun mekanik, biyolojik ve kimyasal filtrasyon ile kristal berrakl\u0131\u011f\u0131nda, sa\u011fl\u0131kl\u0131 su sa\u011flar. *Mekanik filtreleme: \u00c7ift katmanl\u0131 filtre kartu\u015fu en k\u00fc\u00e7\u00fck par\u00e7ac\u0131klar\u0131 bile g\u00fcvenilir bir \u015fekilde temizler. Beyaz taraf kaba \u00f6n filtre, ye\u015fil taraf ince filtre i\u015flevi g\u00f6r\u00fcr. *Biyolojik filtrasyon: Faydal\u0131 bakterilerin yerle\u015fimi i\u00e7in ekstra geni\u015f y\u00fczey alan\u0131na sahip Filtre K\u00f6p\u00fc\u011f\u00fc ve Biyo Filtre Toplar\u0131 mevcuttur. *Kimyasal filtreleme: \u00d6zel aktif karbon su bulan\u0131kl\u0131\u011f\u0131n\u0131 ve ho\u015f olmayan kokular\u0131 ortadan kald\u0131r\u0131r.","og_url":"https:\/\/anadolupet.com.tr\/en\/product\/tetra-easy-crystal-pack-600-filtre-sungeri\/","og_site_name":"Anadolu Pet Grup","article_modified_time":"2026-02-23T16:49:14+00:00","og_image":[{"width":750,"height":750,"url":"https:\/\/anadolupet.com.tr\/wp-content\/uploads\/2026\/02\/402-706632.jpg","type":"image\/jpeg"}],"twitter_card":"summary_large_image","schema":{"@context":"https:\/\/schema.org","@graph":[{"@type":"WebPage","@id":"https:\/\/anadolupet.com.tr\/urun\/tetra-easy-crystal-pack-600-filtre-sungeri\/","url":"https:\/\/anadolupet.com.tr\/urun\/tetra-easy-crystal-pack-600-filtre-sungeri\/","name":"Tetra Easy Crystal Pack 600 Filtre S\u00fcngeri - Anadolu Pet Grup","isPartOf":{"@id":"https:\/\/anadolupet.com.tr\/#website"},"primaryImageOfPage":{"@id":"https:\/\/anadolupet.com.tr\/urun\/tetra-easy-crystal-pack-600-filtre-sungeri\/#primaryimage"},"image":{"@id":"https:\/\/anadolupet.com.tr\/urun\/tetra-easy-crystal-pack-600-filtre-sungeri\/#primaryimage"},"thumbnailUrl":"https:\/\/anadolupet.com.tr\/wp-content\/uploads\/2026\/02\/402-706632.jpg","datePublished":"2026-02-14T14:46:09+00:00","dateModified":"2026-02-23T16:49:14+00:00","breadcrumb":{"@id":"https:\/\/anadolupet.com.tr\/urun\/tetra-easy-crystal-pack-600-filtre-sungeri\/#breadcrumb"},"inLanguage":"en-US","potentialAction":[{"@type":"ReadAction","target":["https:\/\/anadolupet.com.tr\/urun\/tetra-easy-crystal-pack-600-filtre-sungeri\/"]}]},{"@type":"ImageObject","inLanguage":"en-US","@id":"https:\/\/anadolupet.com.tr\/urun\/tetra-easy-crystal-pack-600-filtre-sungeri\/#primaryimage","url":"https:\/\/anadolupet.com.tr\/wp-content\/uploads\/2026\/02\/402-706632.jpg","contentUrl":"https:\/\/anadolupet.com.tr\/wp-content\/uploads\/2026\/02\/402-706632.jpg","width":750,"height":750},{"@type":"BreadcrumbList","@id":"https:\/\/anadolupet.com.tr\/urun\/tetra-easy-crystal-pack-600-filtre-sungeri\/#breadcrumb","itemListElement":[{"@type":"ListItem","position":1,"name":"Anasayfa","item":"https:\/\/anadolupet.com.tr\/"},{"@type":"ListItem","position":2,"name":"\u00dcr\u00fcnler","item":"https:\/\/anadolupet.com.tr\/urunler\/"},{"@type":"ListItem","position":3,"name":"Tetra Easy Crystal Pack 600 Filtre S\u00fcngeri"}]},{"@type":"WebSite","@id":"https:\/\/anadolupet.com.tr\/#website","url":"https:\/\/anadolupet.com.tr\/","name":"Anadolu Pet Group","description":"We Stand Together for the Well-Being of Every Life","publisher":{"@id":"https:\/\/anadolupet.com.tr\/#organization"},"potentialAction":[{"@type":"SearchAction","target":{"@type":"EntryPoint","urlTemplate":"https:\/\/anadolupet.com.tr\/?s={search_term_string}"},"query-input":{"@type":"PropertyValueSpecification","valueRequired":true,"valueName":"search_term_string"}}],"inLanguage":"en-US"},{"@type":"Organization","@id":"https:\/\/anadolupet.com.tr\/#organization","name":"Anadolu Pet Group","alternateName":"Anadolu Pet","url":"https:\/\/anadolupet.com.tr\/","logo":{"@type":"ImageObject","inLanguage":"en-US","@id":"https:\/\/anadolupet.com.tr\/#\/schema\/logo\/image\/","url":"https:\/\/anadolupet.com.tr\/wp-content\/uploads\/2026\/03\/1614666743370.jpg","contentUrl":"https:\/\/anadolupet.com.tr\/wp-content\/uploads\/2026\/03\/1614666743370.jpg","width":800,"height":571,"caption":"Anadolu Pet Grup"},"image":{"@id":"https:\/\/anadolupet.com.tr\/#\/schema\/logo\/image\/"}}]}},"_links":{"self":[{"href":"https:\/\/anadolupet.com.tr\/en\/wp-json\/wp\/v2\/product\/46241","targetHints":{"allow":["GET"]}}],"collection":[{"href":"https:\/\/anadolupet.com.tr\/en\/wp-json\/wp\/v2\/product"}],"about":[{"href":"https:\/\/anadolupet.com.tr\/en\/wp-json\/wp\/v2\/types\/product"}],"replies":[{"embeddable":true,"href":"https:\/\/anadolupet.com.tr\/en\/wp-json\/wp\/v2\/comments?post=46241"}],"wp:featuredmedia":[{"embeddable":true,"href":"https:\/\/anadolupet.com.tr\/en\/wp-json\/wp\/v2\/media\/47211"}],"wp:attachment":[{"href":"https:\/\/anadolupet.com.tr\/en\/wp-json\/wp\/v2\/media?parent=46241"}],"wp:term":[{"taxonomy":"product_brand","embeddable":true,"href":"https:\/\/anadolupet.com.tr\/en\/wp-json\/wp\/v2\/product_brand?post=46241"},{"taxonomy":"product_cat","embeddable":true,"href":"https:\/\/anadolupet.com.tr\/en\/wp-json\/wp\/v2\/product_cat?post=46241"},{"taxonomy":"product_tag","embeddable":true,"href":"https:\/\/anadolupet.com.tr\/en\/wp-json\/wp\/v2\/product_tag?post=46241"}],"curies":[{"name":"wp","href":"https:\/\/api.w.org\/{rel}","templated":true}]}}