{"id":46243,"date":"2026-02-14T14:46:09","date_gmt":"2026-02-14T14:46:09","guid":{"rendered":"https:\/\/anadolupet.com.tr\/?post_type=product&#038;p=46243"},"modified":"2026-02-23T16:49:14","modified_gmt":"2026-02-23T16:49:14","slug":"tetra-easybalance-su-dengeleyici-250ml","status":"publish","type":"product","link":"https:\/\/anadolupet.com.tr\/en\/urun\/tetra-easybalance-su-dengeleyici-250ml\/","title":{"rendered":"Tetra EasyBalance Su Dengeleyici &#8211; 250ML"},"content":{"rendered":"","protected":false},"excerpt":{"rendered":"<p>Tetra EasyBalance, \u00f6nemli olan KH ve pH de\u011ferlerini alt\u0131 aya kadar stabilize ederek su de\u011fi\u015fim s\u00fcresini uzat\u0131r. Bal\u0131klar\u0131 canl\u0131 ve sa\u011fl\u0131kl\u0131 tutmak i\u00e7in ek vitamin ve mineraller i\u00e7erir. Tetra EasyBalance, d\u00fczenli olarak kullan\u0131ld\u0131\u011f\u0131nda akvaryum suyunun dengesini korur ve s\u0131k su de\u011fi\u015fimi ihtiyac\u0131n\u0131 azalt\u0131r.<br \/>\nDetaylar;<br \/>\n*\u00d6nemli karbonat sertli\u011fini (KH) ve pH su de\u011ferlerini dengeler.<br \/>\n*Akvaryum bak\u0131m\u0131n\u0131 basitle\u015ftirir.<br \/>\n*Su de\u011fi\u015fimleri aras\u0131ndaki s\u00fcreyi uzat\u0131r.<br \/>\n*Fosfat ve nitrat\u0131 s\u00fcrd\u00fcr\u00fclebilir \u015fekilde azalt\u0131r.<br \/>\n*Sa\u011fl\u0131kl\u0131 bal\u0131klar ve bitkiler i\u00e7in gerekli vitamin ve mineralleri i\u00e7erir.<br \/>\n*Musluk suyu t\u00fcketimini en aza indirir.<br \/>\n*T\u00fcm tatl\u0131 su akvaryumlar\u0131 i\u00e7in uygundur.<br \/>\n*Diskus bal\u0131\u011f\u0131 gibi bal\u0131klar i\u00e7eren su akvaryumlar\u0131n\u0131n bak\u0131m\u0131n\u0131 basitle\u015ftirmek i\u00e7in idealdir.<br \/>\nDozaj;<br \/>\n*Kullanmadan \u00f6nce \u00e7alkalay\u0131n\u0131z. Her hafta 10 litre akvaryum suyuna 2,5 ml ekleyin.<br \/>\n*Bir sonraki su de\u011fi\u015fimine kadar s\u00fcreyi uzatmak i\u00e7in Tetra EasyBalance&#8217;\u0131 haftal\u0131k olarak kullanmak \u00f6nemlidir.<br \/>\n*Not: A\u00e7\u0131k renkli denitrifikasyon gran\u00fcller \u00fcr\u00fcnde g\u00f6r\u00fclebilir ve tank\u0131n dibine \u00e7\u00f6ker. Yutulsa bile bal\u0131k i\u00e7in zarars\u0131zd\u0131r.<br \/>\n*Bir Tetra APS hava pompas\u0131 kullanarak yeterli miktarda oksijen sa\u011fland\u0131\u011f\u0131ndan emin olun.<br \/>\n*Tetra EasyBalance, musluk suyu haz\u0131rlay\u0131c\u0131 de\u011fildir. Tetra AquaSafe&#8217;i her yeni musluk suyu ekledi\u011finizde kullan\u0131n.<br \/>\nMiktar;<br \/>\n250 ml<\/p>","protected":false},"featured_media":47148,"comment_status":"open","ping_status":"closed","template":"","meta":{"_acf_changed":false},"product_brand":[],"product_cat":[2410],"product_tag":[],"class_list":{"0":"post-46243","1":"product","2":"type-product","3":"status-publish","4":"has-post-thumbnail","6":"product_cat-su-duzenleyiciler","8":"first","9":"instock","10":"shipping-taxable","11":"product-type-simple"},"acf":[],"yoast_head":"<!-- This site is optimized with the Yoast SEO plugin v27.4 - https:\/\/yoast.com\/product\/yoast-seo-wordpress\/ -->\n<title>Tetra EasyBalance Su Dengeleyici - 250ML - Anadolu Pet Grup<\/title>\n<meta name=\"robots\" content=\"index, follow, max-snippet:-1, max-image-preview:large, max-video-preview:-1\" \/>\n<link rel=\"canonical\" href=\"https:\/\/anadolupet.com.tr\/en\/product\/tetra-easybalance-su-dengeleyici-250ml\/\" \/>\n<meta property=\"og:locale\" content=\"en_US\" \/>\n<meta property=\"og:type\" content=\"article\" \/>\n<meta property=\"og:title\" content=\"Tetra EasyBalance Su Dengeleyici - 250ML - Anadolu Pet Grup\" \/>\n<meta property=\"og:description\" content=\"Tetra EasyBalance, \u00f6nemli olan KH ve pH de\u011ferlerini alt\u0131 aya kadar stabilize ederek su de\u011fi\u015fim s\u00fcresini uzat\u0131r. Bal\u0131klar\u0131 canl\u0131 ve sa\u011fl\u0131kl\u0131 tutmak i\u00e7in ek vitamin ve mineraller i\u00e7erir. Tetra EasyBalance, d\u00fczenli olarak kullan\u0131ld\u0131\u011f\u0131nda akvaryum suyunun dengesini korur ve s\u0131k su de\u011fi\u015fimi ihtiyac\u0131n\u0131 azalt\u0131r. Detaylar; *\u00d6nemli karbonat sertli\u011fini (KH) ve pH su de\u011ferlerini dengeler. *Akvaryum bak\u0131m\u0131n\u0131 basitle\u015ftirir. *Su de\u011fi\u015fimleri aras\u0131ndaki s\u00fcreyi uzat\u0131r. *Fosfat ve nitrat\u0131 s\u00fcrd\u00fcr\u00fclebilir \u015fekilde azalt\u0131r. *Sa\u011fl\u0131kl\u0131 bal\u0131klar ve bitkiler i\u00e7in gerekli vitamin ve mineralleri i\u00e7erir. *Musluk suyu t\u00fcketimini en aza indirir. *T\u00fcm tatl\u0131 su akvaryumlar\u0131 i\u00e7in uygundur. *Diskus bal\u0131\u011f\u0131 gibi bal\u0131klar i\u00e7eren su akvaryumlar\u0131n\u0131n bak\u0131m\u0131n\u0131 basitle\u015ftirmek i\u00e7in idealdir. Dozaj; *Kullanmadan \u00f6nce \u00e7alkalay\u0131n\u0131z. Her hafta 10 litre akvaryum suyuna 2,5 ml ekleyin. *Bir sonraki su de\u011fi\u015fimine kadar s\u00fcreyi uzatmak i\u00e7in Tetra EasyBalance&#039;\u0131 haftal\u0131k olarak kullanmak \u00f6nemlidir. *Not: A\u00e7\u0131k renkli denitrifikasyon gran\u00fcller \u00fcr\u00fcnde g\u00f6r\u00fclebilir ve tank\u0131n dibine \u00e7\u00f6ker. Yutulsa bile bal\u0131k i\u00e7in zarars\u0131zd\u0131r. *Bir Tetra APS hava pompas\u0131 kullanarak yeterli miktarda oksijen sa\u011fland\u0131\u011f\u0131ndan emin olun. *Tetra EasyBalance, musluk suyu haz\u0131rlay\u0131c\u0131 de\u011fildir. Tetra AquaSafe&#039;i her yeni musluk suyu ekledi\u011finizde kullan\u0131n. Miktar; 250 ml\" \/>\n<meta property=\"og:url\" content=\"https:\/\/anadolupet.com.tr\/en\/product\/tetra-easybalance-su-dengeleyici-250ml\/\" \/>\n<meta property=\"og:site_name\" content=\"Anadolu Pet Grup\" \/>\n<meta property=\"article:modified_time\" content=\"2026-02-23T16:49:14+00:00\" \/>\n<meta property=\"og:image\" content=\"https:\/\/anadolupet.com.tr\/wp-content\/uploads\/2026\/02\/401-701495.jpg\" \/>\n\t<meta property=\"og:image:width\" content=\"750\" \/>\n\t<meta property=\"og:image:height\" content=\"750\" \/>\n\t<meta property=\"og:image:type\" content=\"image\/jpeg\" \/>\n<meta name=\"twitter:card\" content=\"summary_large_image\" \/>\n<script type=\"application\/ld+json\" class=\"yoast-schema-graph\">{\"@context\":\"https:\\\/\\\/schema.org\",\"@graph\":[{\"@type\":\"WebPage\",\"@id\":\"https:\\\/\\\/anadolupet.com.tr\\\/urun\\\/tetra-easybalance-su-dengeleyici-250ml\\\/\",\"url\":\"https:\\\/\\\/anadolupet.com.tr\\\/urun\\\/tetra-easybalance-su-dengeleyici-250ml\\\/\",\"name\":\"Tetra EasyBalance Su Dengeleyici - 250ML - Anadolu Pet Grup\",\"isPartOf\":{\"@id\":\"https:\\\/\\\/anadolupet.com.tr\\\/#website\"},\"primaryImageOfPage\":{\"@id\":\"https:\\\/\\\/anadolupet.com.tr\\\/urun\\\/tetra-easybalance-su-dengeleyici-250ml\\\/#primaryimage\"},\"image\":{\"@id\":\"https:\\\/\\\/anadolupet.com.tr\\\/urun\\\/tetra-easybalance-su-dengeleyici-250ml\\\/#primaryimage\"},\"thumbnailUrl\":\"https:\\\/\\\/anadolupet.com.tr\\\/wp-content\\\/uploads\\\/2026\\\/02\\\/401-701495.jpg\",\"datePublished\":\"2026-02-14T14:46:09+00:00\",\"dateModified\":\"2026-02-23T16:49:14+00:00\",\"breadcrumb\":{\"@id\":\"https:\\\/\\\/anadolupet.com.tr\\\/urun\\\/tetra-easybalance-su-dengeleyici-250ml\\\/#breadcrumb\"},\"inLanguage\":\"en-US\",\"potentialAction\":[{\"@type\":\"ReadAction\",\"target\":[\"https:\\\/\\\/anadolupet.com.tr\\\/urun\\\/tetra-easybalance-su-dengeleyici-250ml\\\/\"]}]},{\"@type\":\"ImageObject\",\"inLanguage\":\"en-US\",\"@id\":\"https:\\\/\\\/anadolupet.com.tr\\\/urun\\\/tetra-easybalance-su-dengeleyici-250ml\\\/#primaryimage\",\"url\":\"https:\\\/\\\/anadolupet.com.tr\\\/wp-content\\\/uploads\\\/2026\\\/02\\\/401-701495.jpg\",\"contentUrl\":\"https:\\\/\\\/anadolupet.com.tr\\\/wp-content\\\/uploads\\\/2026\\\/02\\\/401-701495.jpg\",\"width\":750,\"height\":750},{\"@type\":\"BreadcrumbList\",\"@id\":\"https:\\\/\\\/anadolupet.com.tr\\\/urun\\\/tetra-easybalance-su-dengeleyici-250ml\\\/#breadcrumb\",\"itemListElement\":[{\"@type\":\"ListItem\",\"position\":1,\"name\":\"Anasayfa\",\"item\":\"https:\\\/\\\/anadolupet.com.tr\\\/\"},{\"@type\":\"ListItem\",\"position\":2,\"name\":\"\u00dcr\u00fcnler\",\"item\":\"https:\\\/\\\/anadolupet.com.tr\\\/urunler\\\/\"},{\"@type\":\"ListItem\",\"position\":3,\"name\":\"Tetra EasyBalance Su Dengeleyici &#8211; 250ML\"}]},{\"@type\":\"WebSite\",\"@id\":\"https:\\\/\\\/anadolupet.com.tr\\\/#website\",\"url\":\"https:\\\/\\\/anadolupet.com.tr\\\/\",\"name\":\"Anadolu Pet Grup\",\"description\":\"Her Can\u0131n \u0130yi Ya\u015fam\u0131 \u0130\u00e7in Biraraday\u0131z\",\"publisher\":{\"@id\":\"https:\\\/\\\/anadolupet.com.tr\\\/#organization\"},\"potentialAction\":[{\"@type\":\"SearchAction\",\"target\":{\"@type\":\"EntryPoint\",\"urlTemplate\":\"https:\\\/\\\/anadolupet.com.tr\\\/?s={search_term_string}\"},\"query-input\":{\"@type\":\"PropertyValueSpecification\",\"valueRequired\":true,\"valueName\":\"search_term_string\"}}],\"inLanguage\":\"en-US\"},{\"@type\":\"Organization\",\"@id\":\"https:\\\/\\\/anadolupet.com.tr\\\/#organization\",\"name\":\"Anadolu Pet Grup\",\"alternateName\":\"Anadolu Pet\",\"url\":\"https:\\\/\\\/anadolupet.com.tr\\\/\",\"logo\":{\"@type\":\"ImageObject\",\"inLanguage\":\"en-US\",\"@id\":\"https:\\\/\\\/anadolupet.com.tr\\\/#\\\/schema\\\/logo\\\/image\\\/\",\"url\":\"https:\\\/\\\/anadolupet.com.tr\\\/wp-content\\\/uploads\\\/2026\\\/03\\\/1614666743370.jpg\",\"contentUrl\":\"https:\\\/\\\/anadolupet.com.tr\\\/wp-content\\\/uploads\\\/2026\\\/03\\\/1614666743370.jpg\",\"width\":800,\"height\":571,\"caption\":\"Anadolu Pet Grup\"},\"image\":{\"@id\":\"https:\\\/\\\/anadolupet.com.tr\\\/#\\\/schema\\\/logo\\\/image\\\/\"}}]}<\/script>\n<!-- \/ Yoast SEO plugin. -->","yoast_head_json":{"title":"Tetra EasyBalance Su Dengeleyici - 250ML - Anadolu Pet Grup","robots":{"index":"index","follow":"follow","max-snippet":"max-snippet:-1","max-image-preview":"max-image-preview:large","max-video-preview":"max-video-preview:-1"},"canonical":"https:\/\/anadolupet.com.tr\/en\/product\/tetra-easybalance-su-dengeleyici-250ml\/","og_locale":"en_US","og_type":"article","og_title":"Tetra EasyBalance Su Dengeleyici - 250ML - Anadolu Pet Grup","og_description":"Tetra EasyBalance, \u00f6nemli olan KH ve pH de\u011ferlerini alt\u0131 aya kadar stabilize ederek su de\u011fi\u015fim s\u00fcresini uzat\u0131r. Bal\u0131klar\u0131 canl\u0131 ve sa\u011fl\u0131kl\u0131 tutmak i\u00e7in ek vitamin ve mineraller i\u00e7erir. Tetra EasyBalance, d\u00fczenli olarak kullan\u0131ld\u0131\u011f\u0131nda akvaryum suyunun dengesini korur ve s\u0131k su de\u011fi\u015fimi ihtiyac\u0131n\u0131 azalt\u0131r. Detaylar; *\u00d6nemli karbonat sertli\u011fini (KH) ve pH su de\u011ferlerini dengeler. *Akvaryum bak\u0131m\u0131n\u0131 basitle\u015ftirir. *Su de\u011fi\u015fimleri aras\u0131ndaki s\u00fcreyi uzat\u0131r. *Fosfat ve nitrat\u0131 s\u00fcrd\u00fcr\u00fclebilir \u015fekilde azalt\u0131r. *Sa\u011fl\u0131kl\u0131 bal\u0131klar ve bitkiler i\u00e7in gerekli vitamin ve mineralleri i\u00e7erir. *Musluk suyu t\u00fcketimini en aza indirir. *T\u00fcm tatl\u0131 su akvaryumlar\u0131 i\u00e7in uygundur. *Diskus bal\u0131\u011f\u0131 gibi bal\u0131klar i\u00e7eren su akvaryumlar\u0131n\u0131n bak\u0131m\u0131n\u0131 basitle\u015ftirmek i\u00e7in idealdir. Dozaj; *Kullanmadan \u00f6nce \u00e7alkalay\u0131n\u0131z. Her hafta 10 litre akvaryum suyuna 2,5 ml ekleyin. *Bir sonraki su de\u011fi\u015fimine kadar s\u00fcreyi uzatmak i\u00e7in Tetra EasyBalance'\u0131 haftal\u0131k olarak kullanmak \u00f6nemlidir. *Not: A\u00e7\u0131k renkli denitrifikasyon gran\u00fcller \u00fcr\u00fcnde g\u00f6r\u00fclebilir ve tank\u0131n dibine \u00e7\u00f6ker. Yutulsa bile bal\u0131k i\u00e7in zarars\u0131zd\u0131r. *Bir Tetra APS hava pompas\u0131 kullanarak yeterli miktarda oksijen sa\u011fland\u0131\u011f\u0131ndan emin olun. *Tetra EasyBalance, musluk suyu haz\u0131rlay\u0131c\u0131 de\u011fildir. Tetra AquaSafe'i her yeni musluk suyu ekledi\u011finizde kullan\u0131n. Miktar; 250 ml","og_url":"https:\/\/anadolupet.com.tr\/en\/product\/tetra-easybalance-su-dengeleyici-250ml\/","og_site_name":"Anadolu Pet Grup","article_modified_time":"2026-02-23T16:49:14+00:00","og_image":[{"width":750,"height":750,"url":"https:\/\/anadolupet.com.tr\/wp-content\/uploads\/2026\/02\/401-701495.jpg","type":"image\/jpeg"}],"twitter_card":"summary_large_image","schema":{"@context":"https:\/\/schema.org","@graph":[{"@type":"WebPage","@id":"https:\/\/anadolupet.com.tr\/urun\/tetra-easybalance-su-dengeleyici-250ml\/","url":"https:\/\/anadolupet.com.tr\/urun\/tetra-easybalance-su-dengeleyici-250ml\/","name":"Tetra EasyBalance Su Dengeleyici - 250ML - Anadolu Pet Grup","isPartOf":{"@id":"https:\/\/anadolupet.com.tr\/#website"},"primaryImageOfPage":{"@id":"https:\/\/anadolupet.com.tr\/urun\/tetra-easybalance-su-dengeleyici-250ml\/#primaryimage"},"image":{"@id":"https:\/\/anadolupet.com.tr\/urun\/tetra-easybalance-su-dengeleyici-250ml\/#primaryimage"},"thumbnailUrl":"https:\/\/anadolupet.com.tr\/wp-content\/uploads\/2026\/02\/401-701495.jpg","datePublished":"2026-02-14T14:46:09+00:00","dateModified":"2026-02-23T16:49:14+00:00","breadcrumb":{"@id":"https:\/\/anadolupet.com.tr\/urun\/tetra-easybalance-su-dengeleyici-250ml\/#breadcrumb"},"inLanguage":"en-US","potentialAction":[{"@type":"ReadAction","target":["https:\/\/anadolupet.com.tr\/urun\/tetra-easybalance-su-dengeleyici-250ml\/"]}]},{"@type":"ImageObject","inLanguage":"en-US","@id":"https:\/\/anadolupet.com.tr\/urun\/tetra-easybalance-su-dengeleyici-250ml\/#primaryimage","url":"https:\/\/anadolupet.com.tr\/wp-content\/uploads\/2026\/02\/401-701495.jpg","contentUrl":"https:\/\/anadolupet.com.tr\/wp-content\/uploads\/2026\/02\/401-701495.jpg","width":750,"height":750},{"@type":"BreadcrumbList","@id":"https:\/\/anadolupet.com.tr\/urun\/tetra-easybalance-su-dengeleyici-250ml\/#breadcrumb","itemListElement":[{"@type":"ListItem","position":1,"name":"Anasayfa","item":"https:\/\/anadolupet.com.tr\/"},{"@type":"ListItem","position":2,"name":"\u00dcr\u00fcnler","item":"https:\/\/anadolupet.com.tr\/urunler\/"},{"@type":"ListItem","position":3,"name":"Tetra EasyBalance Su Dengeleyici &#8211; 250ML"}]},{"@type":"WebSite","@id":"https:\/\/anadolupet.com.tr\/#website","url":"https:\/\/anadolupet.com.tr\/","name":"Anadolu Pet Group","description":"We Stand Together for the Well-Being of Every Life","publisher":{"@id":"https:\/\/anadolupet.com.tr\/#organization"},"potentialAction":[{"@type":"SearchAction","target":{"@type":"EntryPoint","urlTemplate":"https:\/\/anadolupet.com.tr\/?s={search_term_string}"},"query-input":{"@type":"PropertyValueSpecification","valueRequired":true,"valueName":"search_term_string"}}],"inLanguage":"en-US"},{"@type":"Organization","@id":"https:\/\/anadolupet.com.tr\/#organization","name":"Anadolu Pet Group","alternateName":"Anadolu Pet","url":"https:\/\/anadolupet.com.tr\/","logo":{"@type":"ImageObject","inLanguage":"en-US","@id":"https:\/\/anadolupet.com.tr\/#\/schema\/logo\/image\/","url":"https:\/\/anadolupet.com.tr\/wp-content\/uploads\/2026\/03\/1614666743370.jpg","contentUrl":"https:\/\/anadolupet.com.tr\/wp-content\/uploads\/2026\/03\/1614666743370.jpg","width":800,"height":571,"caption":"Anadolu Pet Grup"},"image":{"@id":"https:\/\/anadolupet.com.tr\/#\/schema\/logo\/image\/"}}]}},"_links":{"self":[{"href":"https:\/\/anadolupet.com.tr\/en\/wp-json\/wp\/v2\/product\/46243","targetHints":{"allow":["GET"]}}],"collection":[{"href":"https:\/\/anadolupet.com.tr\/en\/wp-json\/wp\/v2\/product"}],"about":[{"href":"https:\/\/anadolupet.com.tr\/en\/wp-json\/wp\/v2\/types\/product"}],"replies":[{"embeddable":true,"href":"https:\/\/anadolupet.com.tr\/en\/wp-json\/wp\/v2\/comments?post=46243"}],"wp:featuredmedia":[{"embeddable":true,"href":"https:\/\/anadolupet.com.tr\/en\/wp-json\/wp\/v2\/media\/47148"}],"wp:attachment":[{"href":"https:\/\/anadolupet.com.tr\/en\/wp-json\/wp\/v2\/media?parent=46243"}],"wp:term":[{"taxonomy":"product_brand","embeddable":true,"href":"https:\/\/anadolupet.com.tr\/en\/wp-json\/wp\/v2\/product_brand?post=46243"},{"taxonomy":"product_cat","embeddable":true,"href":"https:\/\/anadolupet.com.tr\/en\/wp-json\/wp\/v2\/product_cat?post=46243"},{"taxonomy":"product_tag","embeddable":true,"href":"https:\/\/anadolupet.com.tr\/en\/wp-json\/wp\/v2\/product_tag?post=46243"}],"curies":[{"name":"wp","href":"https:\/\/api.w.org\/{rel}","templated":true}]}}