{"id":46259,"date":"2026-02-14T14:46:10","date_gmt":"2026-02-14T14:46:10","guid":{"rendered":"https:\/\/anadolupet.com.tr\/urun\/tetra-discus-granules-granul-discus-baligi-yemi-15gr\/"},"modified":"2026-02-23T16:49:15","modified_gmt":"2026-02-23T16:49:15","slug":"tetra-discus-granules-granul-discus-baligi-yemi-15gr","status":"publish","type":"product","link":"https:\/\/anadolupet.com.tr\/en\/urun\/tetra-discus-granules-granul-discus-baligi-yemi-15gr\/","title":{"rendered":"Tetra Discus Granules Gran\u00fcl Discus Bal\u0131\u011f\u0131 Yemi &#8211; 15GR"},"content":{"rendered":"","protected":false},"excerpt":{"rendered":"<p>Tetra Discus Granules 15 g<br \/>\nDiscus bal\u0131klar\u0131n\u0131n \u00f6zel beslenme ihtiya\u00e7lar\u0131na uygun form\u00fcl: Renk, \u015fekil ve i\u00e7erik a\u00e7\u0131s\u0131ndan optimize edilmi\u015ftir.<br \/>\nT\u00fcm temel besinler, vitaminler ve iz elementler ile eksiksiz beslenme sa\u011flar.<br \/>\nYava\u015f\u00e7a batan gran\u00fcller, Discus bal\u0131klar\u0131n\u0131n do\u011fal beslenme al\u0131\u015fkanl\u0131klar\u0131na uygundur.<br \/>\nDonmu\u015f yemlere k\u0131yasla patojen kaynakl\u0131 hastal\u0131k riski yoktur, g\u00fcvenli beslenme sunar.<br \/>\nYo\u011fun renklenme, sa\u011fl\u0131kl\u0131 b\u00fcy\u00fcme ve genel canl\u0131l\u0131k i\u00e7in \u00f6zel olarak geli\u015ftirilmi\u015ftir.<br \/>\nStabilize edilmi\u015f C vitamini ba\u011f\u0131\u015f\u0131kl\u0131\u011f\u0131 g\u00fc\u00e7lendirir, hastal\u0131klara kar\u015f\u0131 direnci art\u0131r\u0131r ve beslenme kaynakl\u0131 eksiklikleri \u00f6nler.<br \/>\nTetra Discus Granules, Discus bal\u0131klar\u0131n\u0131z\u0131n sa\u011fl\u0131kl\u0131 geli\u015fimini, canl\u0131 renklerini ve genel refah\u0131n\u0131 destekleyen \u00fcst\u00fcn kaliteli bir yemdir.<\/p>","protected":false},"featured_media":47101,"comment_status":"open","ping_status":"closed","template":"","meta":{"_acf_changed":false},"product_brand":[],"product_cat":[2412],"product_tag":[],"class_list":{"0":"post-46259","1":"product","2":"type-product","3":"status-publish","4":"has-post-thumbnail","6":"product_cat-sunger-ve-elyaflar","8":"first","9":"instock","10":"shipping-taxable","11":"product-type-simple"},"acf":[],"yoast_head":"<!-- This site is optimized with the Yoast SEO plugin v27.5 - https:\/\/yoast.com\/product\/yoast-seo-wordpress\/ -->\n<title>Tetra Discus Granules Gran\u00fcl Discus Bal\u0131\u011f\u0131 Yemi - 15GR - Anadolu Pet Grup<\/title>\n<meta name=\"robots\" content=\"index, follow, max-snippet:-1, max-image-preview:large, max-video-preview:-1\" \/>\n<link rel=\"canonical\" href=\"https:\/\/anadolupet.com.tr\/en\/product\/tetra-discus-granules-granul-discus-baligi-yemi-15gr\/\" \/>\n<meta property=\"og:locale\" content=\"en_US\" \/>\n<meta property=\"og:type\" content=\"article\" \/>\n<meta property=\"og:title\" content=\"Tetra Discus Granules Gran\u00fcl Discus Bal\u0131\u011f\u0131 Yemi - 15GR - Anadolu Pet Grup\" \/>\n<meta property=\"og:description\" content=\"Tetra Discus Granules 15 g Discus bal\u0131klar\u0131n\u0131n \u00f6zel beslenme ihtiya\u00e7lar\u0131na uygun form\u00fcl: Renk, \u015fekil ve i\u00e7erik a\u00e7\u0131s\u0131ndan optimize edilmi\u015ftir. T\u00fcm temel besinler, vitaminler ve iz elementler ile eksiksiz beslenme sa\u011flar. Yava\u015f\u00e7a batan gran\u00fcller, Discus bal\u0131klar\u0131n\u0131n do\u011fal beslenme al\u0131\u015fkanl\u0131klar\u0131na uygundur. Donmu\u015f yemlere k\u0131yasla patojen kaynakl\u0131 hastal\u0131k riski yoktur, g\u00fcvenli beslenme sunar. Yo\u011fun renklenme, sa\u011fl\u0131kl\u0131 b\u00fcy\u00fcme ve genel canl\u0131l\u0131k i\u00e7in \u00f6zel olarak geli\u015ftirilmi\u015ftir. Stabilize edilmi\u015f C vitamini ba\u011f\u0131\u015f\u0131kl\u0131\u011f\u0131 g\u00fc\u00e7lendirir, hastal\u0131klara kar\u015f\u0131 direnci art\u0131r\u0131r ve beslenme kaynakl\u0131 eksiklikleri \u00f6nler. Tetra Discus Granules, Discus bal\u0131klar\u0131n\u0131z\u0131n sa\u011fl\u0131kl\u0131 geli\u015fimini, canl\u0131 renklerini ve genel refah\u0131n\u0131 destekleyen \u00fcst\u00fcn kaliteli bir yemdir.\" \/>\n<meta property=\"og:url\" content=\"https:\/\/anadolupet.com.tr\/en\/product\/tetra-discus-granules-granul-discus-baligi-yemi-15gr\/\" \/>\n<meta property=\"og:site_name\" content=\"Anadolu Pet Grup\" \/>\n<meta property=\"article:modified_time\" content=\"2026-02-23T16:49:15+00:00\" \/>\n<meta property=\"og:image\" content=\"https:\/\/anadolupet.com.tr\/wp-content\/uploads\/2026\/02\/400-710855.jpg\" \/>\n\t<meta property=\"og:image:width\" content=\"750\" \/>\n\t<meta property=\"og:image:height\" content=\"750\" \/>\n\t<meta property=\"og:image:type\" content=\"image\/jpeg\" \/>\n<meta name=\"twitter:card\" content=\"summary_large_image\" \/>\n<script type=\"application\/ld+json\" class=\"yoast-schema-graph\">{\"@context\":\"https:\\\/\\\/schema.org\",\"@graph\":[{\"@type\":\"WebPage\",\"@id\":\"https:\\\/\\\/anadolupet.com.tr\\\/en\\\/product\\\/tetra-discus-granules-granul-discus-baligi-yemi-15gr\\\/\",\"url\":\"https:\\\/\\\/anadolupet.com.tr\\\/en\\\/product\\\/tetra-discus-granules-granul-discus-baligi-yemi-15gr\\\/\",\"name\":\"Tetra Discus Granules Gran\u00fcl Discus Bal\u0131\u011f\u0131 Yemi - 15GR - Anadolu Pet Grup\",\"isPartOf\":{\"@id\":\"https:\\\/\\\/anadolupet.com.tr\\\/#website\"},\"primaryImageOfPage\":{\"@id\":\"https:\\\/\\\/anadolupet.com.tr\\\/en\\\/product\\\/tetra-discus-granules-granul-discus-baligi-yemi-15gr\\\/#primaryimage\"},\"image\":{\"@id\":\"https:\\\/\\\/anadolupet.com.tr\\\/en\\\/product\\\/tetra-discus-granules-granul-discus-baligi-yemi-15gr\\\/#primaryimage\"},\"thumbnailUrl\":\"https:\\\/\\\/anadolupet.com.tr\\\/wp-content\\\/uploads\\\/2026\\\/02\\\/400-710855.jpg\",\"datePublished\":\"2026-02-14T14:46:10+00:00\",\"dateModified\":\"2026-02-23T16:49:15+00:00\",\"breadcrumb\":{\"@id\":\"https:\\\/\\\/anadolupet.com.tr\\\/en\\\/product\\\/tetra-discus-granules-granul-discus-baligi-yemi-15gr\\\/#breadcrumb\"},\"inLanguage\":\"en-US\",\"potentialAction\":[{\"@type\":\"ReadAction\",\"target\":[\"https:\\\/\\\/anadolupet.com.tr\\\/en\\\/product\\\/tetra-discus-granules-granul-discus-baligi-yemi-15gr\\\/\"]}]},{\"@type\":\"ImageObject\",\"inLanguage\":\"en-US\",\"@id\":\"https:\\\/\\\/anadolupet.com.tr\\\/en\\\/product\\\/tetra-discus-granules-granul-discus-baligi-yemi-15gr\\\/#primaryimage\",\"url\":\"https:\\\/\\\/anadolupet.com.tr\\\/wp-content\\\/uploads\\\/2026\\\/02\\\/400-710855.jpg\",\"contentUrl\":\"https:\\\/\\\/anadolupet.com.tr\\\/wp-content\\\/uploads\\\/2026\\\/02\\\/400-710855.jpg\",\"width\":750,\"height\":750},{\"@type\":\"BreadcrumbList\",\"@id\":\"https:\\\/\\\/anadolupet.com.tr\\\/en\\\/product\\\/tetra-discus-granules-granul-discus-baligi-yemi-15gr\\\/#breadcrumb\",\"itemListElement\":[{\"@type\":\"ListItem\",\"position\":1,\"name\":\"Anasayfa\",\"item\":\"https:\\\/\\\/anadolupet.com.tr\\\/\"},{\"@type\":\"ListItem\",\"position\":2,\"name\":\"\u00dcr\u00fcnler\",\"item\":\"https:\\\/\\\/anadolupet.com.tr\\\/urunler\\\/\"},{\"@type\":\"ListItem\",\"position\":3,\"name\":\"Tetra Discus Granules Gran\u00fcl Discus Bal\u0131\u011f\u0131 Yemi &#8211; 15GR\"}]},{\"@type\":\"WebSite\",\"@id\":\"https:\\\/\\\/anadolupet.com.tr\\\/#website\",\"url\":\"https:\\\/\\\/anadolupet.com.tr\\\/\",\"name\":\"Anadolu Pet Grup\",\"description\":\"Her Can\u0131n \u0130yi Ya\u015fam\u0131 \u0130\u00e7in Biraraday\u0131z\",\"publisher\":{\"@id\":\"https:\\\/\\\/anadolupet.com.tr\\\/#organization\"},\"potentialAction\":[{\"@type\":\"SearchAction\",\"target\":{\"@type\":\"EntryPoint\",\"urlTemplate\":\"https:\\\/\\\/anadolupet.com.tr\\\/?s={search_term_string}\"},\"query-input\":{\"@type\":\"PropertyValueSpecification\",\"valueRequired\":true,\"valueName\":\"search_term_string\"}}],\"inLanguage\":\"en-US\"},{\"@type\":\"Organization\",\"@id\":\"https:\\\/\\\/anadolupet.com.tr\\\/#organization\",\"name\":\"Anadolu Pet Grup\",\"alternateName\":\"Anadolu Pet\",\"url\":\"https:\\\/\\\/anadolupet.com.tr\\\/\",\"logo\":{\"@type\":\"ImageObject\",\"inLanguage\":\"en-US\",\"@id\":\"https:\\\/\\\/anadolupet.com.tr\\\/#\\\/schema\\\/logo\\\/image\\\/\",\"url\":\"https:\\\/\\\/anadolupet.com.tr\\\/wp-content\\\/uploads\\\/2026\\\/03\\\/1614666743370.jpg\",\"contentUrl\":\"https:\\\/\\\/anadolupet.com.tr\\\/wp-content\\\/uploads\\\/2026\\\/03\\\/1614666743370.jpg\",\"width\":800,\"height\":571,\"caption\":\"Anadolu Pet Grup\"},\"image\":{\"@id\":\"https:\\\/\\\/anadolupet.com.tr\\\/#\\\/schema\\\/logo\\\/image\\\/\"}}]}<\/script>\n<!-- \/ Yoast SEO plugin. -->","yoast_head_json":{"title":"Tetra Discus Granules Gran\u00fcl Discus Bal\u0131\u011f\u0131 Yemi - 15GR - Anadolu Pet Grup","robots":{"index":"index","follow":"follow","max-snippet":"max-snippet:-1","max-image-preview":"max-image-preview:large","max-video-preview":"max-video-preview:-1"},"canonical":"https:\/\/anadolupet.com.tr\/en\/product\/tetra-discus-granules-granul-discus-baligi-yemi-15gr\/","og_locale":"en_US","og_type":"article","og_title":"Tetra Discus Granules Gran\u00fcl Discus Bal\u0131\u011f\u0131 Yemi - 15GR - Anadolu Pet Grup","og_description":"Tetra Discus Granules 15 g Discus bal\u0131klar\u0131n\u0131n \u00f6zel beslenme ihtiya\u00e7lar\u0131na uygun form\u00fcl: Renk, \u015fekil ve i\u00e7erik a\u00e7\u0131s\u0131ndan optimize edilmi\u015ftir. T\u00fcm temel besinler, vitaminler ve iz elementler ile eksiksiz beslenme sa\u011flar. Yava\u015f\u00e7a batan gran\u00fcller, Discus bal\u0131klar\u0131n\u0131n do\u011fal beslenme al\u0131\u015fkanl\u0131klar\u0131na uygundur. Donmu\u015f yemlere k\u0131yasla patojen kaynakl\u0131 hastal\u0131k riski yoktur, g\u00fcvenli beslenme sunar. Yo\u011fun renklenme, sa\u011fl\u0131kl\u0131 b\u00fcy\u00fcme ve genel canl\u0131l\u0131k i\u00e7in \u00f6zel olarak geli\u015ftirilmi\u015ftir. Stabilize edilmi\u015f C vitamini ba\u011f\u0131\u015f\u0131kl\u0131\u011f\u0131 g\u00fc\u00e7lendirir, hastal\u0131klara kar\u015f\u0131 direnci art\u0131r\u0131r ve beslenme kaynakl\u0131 eksiklikleri \u00f6nler. Tetra Discus Granules, Discus bal\u0131klar\u0131n\u0131z\u0131n sa\u011fl\u0131kl\u0131 geli\u015fimini, canl\u0131 renklerini ve genel refah\u0131n\u0131 destekleyen \u00fcst\u00fcn kaliteli bir yemdir.","og_url":"https:\/\/anadolupet.com.tr\/en\/product\/tetra-discus-granules-granul-discus-baligi-yemi-15gr\/","og_site_name":"Anadolu Pet Grup","article_modified_time":"2026-02-23T16:49:15+00:00","og_image":[{"width":750,"height":750,"url":"https:\/\/anadolupet.com.tr\/wp-content\/uploads\/2026\/02\/400-710855.jpg","type":"image\/jpeg"}],"twitter_card":"summary_large_image","schema":{"@context":"https:\/\/schema.org","@graph":[{"@type":"WebPage","@id":"https:\/\/anadolupet.com.tr\/en\/product\/tetra-discus-granules-granul-discus-baligi-yemi-15gr\/","url":"https:\/\/anadolupet.com.tr\/en\/product\/tetra-discus-granules-granul-discus-baligi-yemi-15gr\/","name":"Tetra Discus Granules Gran\u00fcl Discus Bal\u0131\u011f\u0131 Yemi - 15GR - Anadolu Pet Grup","isPartOf":{"@id":"https:\/\/anadolupet.com.tr\/#website"},"primaryImageOfPage":{"@id":"https:\/\/anadolupet.com.tr\/en\/product\/tetra-discus-granules-granul-discus-baligi-yemi-15gr\/#primaryimage"},"image":{"@id":"https:\/\/anadolupet.com.tr\/en\/product\/tetra-discus-granules-granul-discus-baligi-yemi-15gr\/#primaryimage"},"thumbnailUrl":"https:\/\/anadolupet.com.tr\/wp-content\/uploads\/2026\/02\/400-710855.jpg","datePublished":"2026-02-14T14:46:10+00:00","dateModified":"2026-02-23T16:49:15+00:00","breadcrumb":{"@id":"https:\/\/anadolupet.com.tr\/en\/product\/tetra-discus-granules-granul-discus-baligi-yemi-15gr\/#breadcrumb"},"inLanguage":"en-US","potentialAction":[{"@type":"ReadAction","target":["https:\/\/anadolupet.com.tr\/en\/product\/tetra-discus-granules-granul-discus-baligi-yemi-15gr\/"]}]},{"@type":"ImageObject","inLanguage":"en-US","@id":"https:\/\/anadolupet.com.tr\/en\/product\/tetra-discus-granules-granul-discus-baligi-yemi-15gr\/#primaryimage","url":"https:\/\/anadolupet.com.tr\/wp-content\/uploads\/2026\/02\/400-710855.jpg","contentUrl":"https:\/\/anadolupet.com.tr\/wp-content\/uploads\/2026\/02\/400-710855.jpg","width":750,"height":750},{"@type":"BreadcrumbList","@id":"https:\/\/anadolupet.com.tr\/en\/product\/tetra-discus-granules-granul-discus-baligi-yemi-15gr\/#breadcrumb","itemListElement":[{"@type":"ListItem","position":1,"name":"Anasayfa","item":"https:\/\/anadolupet.com.tr\/"},{"@type":"ListItem","position":2,"name":"\u00dcr\u00fcnler","item":"https:\/\/anadolupet.com.tr\/urunler\/"},{"@type":"ListItem","position":3,"name":"Tetra Discus Granules Gran\u00fcl Discus Bal\u0131\u011f\u0131 Yemi &#8211; 15GR"}]},{"@type":"WebSite","@id":"https:\/\/anadolupet.com.tr\/#website","url":"https:\/\/anadolupet.com.tr\/","name":"Anadolu Pet Group","description":"We Stand Together for the Well-Being of Every Life","publisher":{"@id":"https:\/\/anadolupet.com.tr\/#organization"},"potentialAction":[{"@type":"SearchAction","target":{"@type":"EntryPoint","urlTemplate":"https:\/\/anadolupet.com.tr\/?s={search_term_string}"},"query-input":{"@type":"PropertyValueSpecification","valueRequired":true,"valueName":"search_term_string"}}],"inLanguage":"en-US"},{"@type":"Organization","@id":"https:\/\/anadolupet.com.tr\/#organization","name":"Anadolu Pet Group","alternateName":"Anadolu Pet","url":"https:\/\/anadolupet.com.tr\/","logo":{"@type":"ImageObject","inLanguage":"en-US","@id":"https:\/\/anadolupet.com.tr\/#\/schema\/logo\/image\/","url":"https:\/\/anadolupet.com.tr\/wp-content\/uploads\/2026\/03\/1614666743370.jpg","contentUrl":"https:\/\/anadolupet.com.tr\/wp-content\/uploads\/2026\/03\/1614666743370.jpg","width":800,"height":571,"caption":"Anadolu Pet Grup"},"image":{"@id":"https:\/\/anadolupet.com.tr\/#\/schema\/logo\/image\/"}}]}},"_links":{"self":[{"href":"https:\/\/anadolupet.com.tr\/en\/wp-json\/wp\/v2\/product\/46259","targetHints":{"allow":["GET"]}}],"collection":[{"href":"https:\/\/anadolupet.com.tr\/en\/wp-json\/wp\/v2\/product"}],"about":[{"href":"https:\/\/anadolupet.com.tr\/en\/wp-json\/wp\/v2\/types\/product"}],"replies":[{"embeddable":true,"href":"https:\/\/anadolupet.com.tr\/en\/wp-json\/wp\/v2\/comments?post=46259"}],"wp:featuredmedia":[{"embeddable":true,"href":"https:\/\/anadolupet.com.tr\/en\/wp-json\/wp\/v2\/media\/47101"}],"wp:attachment":[{"href":"https:\/\/anadolupet.com.tr\/en\/wp-json\/wp\/v2\/media?parent=46259"}],"wp:term":[{"taxonomy":"product_brand","embeddable":true,"href":"https:\/\/anadolupet.com.tr\/en\/wp-json\/wp\/v2\/product_brand?post=46259"},{"taxonomy":"product_cat","embeddable":true,"href":"https:\/\/anadolupet.com.tr\/en\/wp-json\/wp\/v2\/product_cat?post=46259"},{"taxonomy":"product_tag","embeddable":true,"href":"https:\/\/anadolupet.com.tr\/en\/wp-json\/wp\/v2\/product_tag?post=46259"}],"curies":[{"name":"wp","href":"https:\/\/api.w.org\/{rel}","templated":true}]}}