{"id":46262,"date":"2026-02-14T14:46:13","date_gmt":"2026-02-14T14:46:13","guid":{"rendered":"https:\/\/anadolupet.com.tr\/urun\/tetra-ex1500-dis-filtre-su-basis-takimi\/"},"modified":"2026-02-23T16:49:15","modified_gmt":"2026-02-23T16:49:15","slug":"tetra-ex1500-dis-filtre-su-basis-takimi","status":"publish","type":"product","link":"https:\/\/anadolupet.com.tr\/en\/urun\/tetra-ex1500-dis-filtre-su-basis-takimi\/","title":{"rendered":"Tetra EX1500 D\u0131\u015f Filtre Su Bas\u0131\u015f Tak\u0131m\u0131"},"content":{"rendered":"","protected":false},"excerpt":{"rendered":"<p>Tetra EX 1500 d\u0131\u015f filtre modeli i\u00e7in \u00f6zel olarak \u00fcretilmi\u015f orijinal bas\u0131\u015f tak\u0131m\u0131d\u0131r. Filtrenin akvaryuma temiz suyu geri basma i\u015flevini yerine getirir ve filtrenin verimli \u00e7al\u0131\u015fmas\u0131n\u0131 destekler. Akvaryum suyunun s\u00fcrekli dola\u015f\u0131m\u0131n\u0131 sa\u011flayarak bal\u0131klar\u0131n\u0131z i\u00e7in sa\u011fl\u0131kl\u0131 bir ya\u015fam ortam\u0131 olu\u015fturur.<br \/>\nPaket i\u00e7eri\u011finde vantuzlar ile birlikte gelir, b\u00f6ylece kolay montaj ve sa\u011flam sabitleme imk\u00e2n\u0131 sunar.<\/p>","protected":false},"featured_media":47238,"comment_status":"open","ping_status":"closed","template":"","meta":{"_acf_changed":false},"product_brand":[],"product_cat":[2380],"product_tag":[],"class_list":{"0":"post-46262","1":"product","2":"type-product","3":"status-publish","4":"has-post-thumbnail","6":"product_cat-contalar","8":"first","9":"instock","10":"shipping-taxable","11":"product-type-simple"},"acf":[],"yoast_head":"<!-- This site is optimized with the Yoast SEO plugin v27.5 - https:\/\/yoast.com\/product\/yoast-seo-wordpress\/ -->\n<title>Tetra EX1500 D\u0131\u015f Filtre Su Bas\u0131\u015f Tak\u0131m\u0131 - Anadolu Pet Grup<\/title>\n<meta name=\"robots\" content=\"index, follow, max-snippet:-1, max-image-preview:large, max-video-preview:-1\" \/>\n<link rel=\"canonical\" href=\"https:\/\/anadolupet.com.tr\/en\/product\/tetra-ex1500-dis-filtre-su-basis-takimi\/\" \/>\n<meta property=\"og:locale\" content=\"en_US\" \/>\n<meta property=\"og:type\" content=\"article\" \/>\n<meta property=\"og:title\" content=\"Tetra EX1500 D\u0131\u015f Filtre Su Bas\u0131\u015f Tak\u0131m\u0131 - Anadolu Pet Grup\" \/>\n<meta property=\"og:description\" content=\"Tetra EX 1500 d\u0131\u015f filtre modeli i\u00e7in \u00f6zel olarak \u00fcretilmi\u015f orijinal bas\u0131\u015f tak\u0131m\u0131d\u0131r. Filtrenin akvaryuma temiz suyu geri basma i\u015flevini yerine getirir ve filtrenin verimli \u00e7al\u0131\u015fmas\u0131n\u0131 destekler. Akvaryum suyunun s\u00fcrekli dola\u015f\u0131m\u0131n\u0131 sa\u011flayarak bal\u0131klar\u0131n\u0131z i\u00e7in sa\u011fl\u0131kl\u0131 bir ya\u015fam ortam\u0131 olu\u015fturur. Paket i\u00e7eri\u011finde vantuzlar ile birlikte gelir, b\u00f6ylece kolay montaj ve sa\u011flam sabitleme imk\u00e2n\u0131 sunar.\" \/>\n<meta property=\"og:url\" content=\"https:\/\/anadolupet.com.tr\/en\/product\/tetra-ex1500-dis-filtre-su-basis-takimi\/\" \/>\n<meta property=\"og:site_name\" content=\"Anadolu Pet Grup\" \/>\n<meta property=\"article:modified_time\" content=\"2026-02-23T16:49:15+00:00\" \/>\n<meta property=\"og:image\" content=\"https:\/\/anadolupet.com.tr\/wp-content\/uploads\/2026\/02\/402-712128.jpg\" \/>\n\t<meta property=\"og:image:width\" content=\"750\" \/>\n\t<meta property=\"og:image:height\" content=\"750\" \/>\n\t<meta property=\"og:image:type\" content=\"image\/jpeg\" \/>\n<meta name=\"twitter:card\" content=\"summary_large_image\" \/>\n<script type=\"application\/ld+json\" class=\"yoast-schema-graph\">{\"@context\":\"https:\\\/\\\/schema.org\",\"@graph\":[{\"@type\":\"WebPage\",\"@id\":\"https:\\\/\\\/anadolupet.com.tr\\\/urun\\\/tetra-ex1500-dis-filtre-su-basis-takimi\\\/\",\"url\":\"https:\\\/\\\/anadolupet.com.tr\\\/urun\\\/tetra-ex1500-dis-filtre-su-basis-takimi\\\/\",\"name\":\"Tetra EX1500 D\u0131\u015f Filtre Su Bas\u0131\u015f Tak\u0131m\u0131 - Anadolu Pet Grup\",\"isPartOf\":{\"@id\":\"https:\\\/\\\/anadolupet.com.tr\\\/#website\"},\"primaryImageOfPage\":{\"@id\":\"https:\\\/\\\/anadolupet.com.tr\\\/urun\\\/tetra-ex1500-dis-filtre-su-basis-takimi\\\/#primaryimage\"},\"image\":{\"@id\":\"https:\\\/\\\/anadolupet.com.tr\\\/urun\\\/tetra-ex1500-dis-filtre-su-basis-takimi\\\/#primaryimage\"},\"thumbnailUrl\":\"https:\\\/\\\/anadolupet.com.tr\\\/wp-content\\\/uploads\\\/2026\\\/02\\\/402-712128.jpg\",\"datePublished\":\"2026-02-14T14:46:13+00:00\",\"dateModified\":\"2026-02-23T16:49:15+00:00\",\"breadcrumb\":{\"@id\":\"https:\\\/\\\/anadolupet.com.tr\\\/urun\\\/tetra-ex1500-dis-filtre-su-basis-takimi\\\/#breadcrumb\"},\"inLanguage\":\"en-US\",\"potentialAction\":[{\"@type\":\"ReadAction\",\"target\":[\"https:\\\/\\\/anadolupet.com.tr\\\/urun\\\/tetra-ex1500-dis-filtre-su-basis-takimi\\\/\"]}]},{\"@type\":\"ImageObject\",\"inLanguage\":\"en-US\",\"@id\":\"https:\\\/\\\/anadolupet.com.tr\\\/urun\\\/tetra-ex1500-dis-filtre-su-basis-takimi\\\/#primaryimage\",\"url\":\"https:\\\/\\\/anadolupet.com.tr\\\/wp-content\\\/uploads\\\/2026\\\/02\\\/402-712128.jpg\",\"contentUrl\":\"https:\\\/\\\/anadolupet.com.tr\\\/wp-content\\\/uploads\\\/2026\\\/02\\\/402-712128.jpg\",\"width\":750,\"height\":750},{\"@type\":\"BreadcrumbList\",\"@id\":\"https:\\\/\\\/anadolupet.com.tr\\\/urun\\\/tetra-ex1500-dis-filtre-su-basis-takimi\\\/#breadcrumb\",\"itemListElement\":[{\"@type\":\"ListItem\",\"position\":1,\"name\":\"Anasayfa\",\"item\":\"https:\\\/\\\/anadolupet.com.tr\\\/\"},{\"@type\":\"ListItem\",\"position\":2,\"name\":\"\u00dcr\u00fcnler\",\"item\":\"https:\\\/\\\/anadolupet.com.tr\\\/urunler\\\/\"},{\"@type\":\"ListItem\",\"position\":3,\"name\":\"Tetra EX1500 D\u0131\u015f Filtre Su Bas\u0131\u015f Tak\u0131m\u0131\"}]},{\"@type\":\"WebSite\",\"@id\":\"https:\\\/\\\/anadolupet.com.tr\\\/#website\",\"url\":\"https:\\\/\\\/anadolupet.com.tr\\\/\",\"name\":\"Anadolu Pet Grup\",\"description\":\"Her Can\u0131n \u0130yi Ya\u015fam\u0131 \u0130\u00e7in Biraraday\u0131z\",\"publisher\":{\"@id\":\"https:\\\/\\\/anadolupet.com.tr\\\/#organization\"},\"potentialAction\":[{\"@type\":\"SearchAction\",\"target\":{\"@type\":\"EntryPoint\",\"urlTemplate\":\"https:\\\/\\\/anadolupet.com.tr\\\/?s={search_term_string}\"},\"query-input\":{\"@type\":\"PropertyValueSpecification\",\"valueRequired\":true,\"valueName\":\"search_term_string\"}}],\"inLanguage\":\"en-US\"},{\"@type\":\"Organization\",\"@id\":\"https:\\\/\\\/anadolupet.com.tr\\\/#organization\",\"name\":\"Anadolu Pet Grup\",\"alternateName\":\"Anadolu Pet\",\"url\":\"https:\\\/\\\/anadolupet.com.tr\\\/\",\"logo\":{\"@type\":\"ImageObject\",\"inLanguage\":\"en-US\",\"@id\":\"https:\\\/\\\/anadolupet.com.tr\\\/#\\\/schema\\\/logo\\\/image\\\/\",\"url\":\"https:\\\/\\\/anadolupet.com.tr\\\/wp-content\\\/uploads\\\/2026\\\/03\\\/1614666743370.jpg\",\"contentUrl\":\"https:\\\/\\\/anadolupet.com.tr\\\/wp-content\\\/uploads\\\/2026\\\/03\\\/1614666743370.jpg\",\"width\":800,\"height\":571,\"caption\":\"Anadolu Pet Grup\"},\"image\":{\"@id\":\"https:\\\/\\\/anadolupet.com.tr\\\/#\\\/schema\\\/logo\\\/image\\\/\"}}]}<\/script>\n<!-- \/ Yoast SEO plugin. -->","yoast_head_json":{"title":"Tetra EX1500 D\u0131\u015f Filtre Su Bas\u0131\u015f Tak\u0131m\u0131 - Anadolu Pet Grup","robots":{"index":"index","follow":"follow","max-snippet":"max-snippet:-1","max-image-preview":"max-image-preview:large","max-video-preview":"max-video-preview:-1"},"canonical":"https:\/\/anadolupet.com.tr\/en\/product\/tetra-ex1500-dis-filtre-su-basis-takimi\/","og_locale":"en_US","og_type":"article","og_title":"Tetra EX1500 D\u0131\u015f Filtre Su Bas\u0131\u015f Tak\u0131m\u0131 - Anadolu Pet Grup","og_description":"Tetra EX 1500 d\u0131\u015f filtre modeli i\u00e7in \u00f6zel olarak \u00fcretilmi\u015f orijinal bas\u0131\u015f tak\u0131m\u0131d\u0131r. Filtrenin akvaryuma temiz suyu geri basma i\u015flevini yerine getirir ve filtrenin verimli \u00e7al\u0131\u015fmas\u0131n\u0131 destekler. Akvaryum suyunun s\u00fcrekli dola\u015f\u0131m\u0131n\u0131 sa\u011flayarak bal\u0131klar\u0131n\u0131z i\u00e7in sa\u011fl\u0131kl\u0131 bir ya\u015fam ortam\u0131 olu\u015fturur. Paket i\u00e7eri\u011finde vantuzlar ile birlikte gelir, b\u00f6ylece kolay montaj ve sa\u011flam sabitleme imk\u00e2n\u0131 sunar.","og_url":"https:\/\/anadolupet.com.tr\/en\/product\/tetra-ex1500-dis-filtre-su-basis-takimi\/","og_site_name":"Anadolu Pet Grup","article_modified_time":"2026-02-23T16:49:15+00:00","og_image":[{"width":750,"height":750,"url":"https:\/\/anadolupet.com.tr\/wp-content\/uploads\/2026\/02\/402-712128.jpg","type":"image\/jpeg"}],"twitter_card":"summary_large_image","schema":{"@context":"https:\/\/schema.org","@graph":[{"@type":"WebPage","@id":"https:\/\/anadolupet.com.tr\/urun\/tetra-ex1500-dis-filtre-su-basis-takimi\/","url":"https:\/\/anadolupet.com.tr\/urun\/tetra-ex1500-dis-filtre-su-basis-takimi\/","name":"Tetra EX1500 D\u0131\u015f Filtre Su Bas\u0131\u015f Tak\u0131m\u0131 - Anadolu Pet Grup","isPartOf":{"@id":"https:\/\/anadolupet.com.tr\/#website"},"primaryImageOfPage":{"@id":"https:\/\/anadolupet.com.tr\/urun\/tetra-ex1500-dis-filtre-su-basis-takimi\/#primaryimage"},"image":{"@id":"https:\/\/anadolupet.com.tr\/urun\/tetra-ex1500-dis-filtre-su-basis-takimi\/#primaryimage"},"thumbnailUrl":"https:\/\/anadolupet.com.tr\/wp-content\/uploads\/2026\/02\/402-712128.jpg","datePublished":"2026-02-14T14:46:13+00:00","dateModified":"2026-02-23T16:49:15+00:00","breadcrumb":{"@id":"https:\/\/anadolupet.com.tr\/urun\/tetra-ex1500-dis-filtre-su-basis-takimi\/#breadcrumb"},"inLanguage":"en-US","potentialAction":[{"@type":"ReadAction","target":["https:\/\/anadolupet.com.tr\/urun\/tetra-ex1500-dis-filtre-su-basis-takimi\/"]}]},{"@type":"ImageObject","inLanguage":"en-US","@id":"https:\/\/anadolupet.com.tr\/urun\/tetra-ex1500-dis-filtre-su-basis-takimi\/#primaryimage","url":"https:\/\/anadolupet.com.tr\/wp-content\/uploads\/2026\/02\/402-712128.jpg","contentUrl":"https:\/\/anadolupet.com.tr\/wp-content\/uploads\/2026\/02\/402-712128.jpg","width":750,"height":750},{"@type":"BreadcrumbList","@id":"https:\/\/anadolupet.com.tr\/urun\/tetra-ex1500-dis-filtre-su-basis-takimi\/#breadcrumb","itemListElement":[{"@type":"ListItem","position":1,"name":"Anasayfa","item":"https:\/\/anadolupet.com.tr\/"},{"@type":"ListItem","position":2,"name":"\u00dcr\u00fcnler","item":"https:\/\/anadolupet.com.tr\/urunler\/"},{"@type":"ListItem","position":3,"name":"Tetra EX1500 D\u0131\u015f Filtre Su Bas\u0131\u015f Tak\u0131m\u0131"}]},{"@type":"WebSite","@id":"https:\/\/anadolupet.com.tr\/#website","url":"https:\/\/anadolupet.com.tr\/","name":"Anadolu Pet Group","description":"We Stand Together for the Well-Being of Every Life","publisher":{"@id":"https:\/\/anadolupet.com.tr\/#organization"},"potentialAction":[{"@type":"SearchAction","target":{"@type":"EntryPoint","urlTemplate":"https:\/\/anadolupet.com.tr\/?s={search_term_string}"},"query-input":{"@type":"PropertyValueSpecification","valueRequired":true,"valueName":"search_term_string"}}],"inLanguage":"en-US"},{"@type":"Organization","@id":"https:\/\/anadolupet.com.tr\/#organization","name":"Anadolu Pet Group","alternateName":"Anadolu Pet","url":"https:\/\/anadolupet.com.tr\/","logo":{"@type":"ImageObject","inLanguage":"en-US","@id":"https:\/\/anadolupet.com.tr\/#\/schema\/logo\/image\/","url":"https:\/\/anadolupet.com.tr\/wp-content\/uploads\/2026\/03\/1614666743370.jpg","contentUrl":"https:\/\/anadolupet.com.tr\/wp-content\/uploads\/2026\/03\/1614666743370.jpg","width":800,"height":571,"caption":"Anadolu Pet Grup"},"image":{"@id":"https:\/\/anadolupet.com.tr\/#\/schema\/logo\/image\/"}}]}},"_links":{"self":[{"href":"https:\/\/anadolupet.com.tr\/en\/wp-json\/wp\/v2\/product\/46262","targetHints":{"allow":["GET"]}}],"collection":[{"href":"https:\/\/anadolupet.com.tr\/en\/wp-json\/wp\/v2\/product"}],"about":[{"href":"https:\/\/anadolupet.com.tr\/en\/wp-json\/wp\/v2\/types\/product"}],"replies":[{"embeddable":true,"href":"https:\/\/anadolupet.com.tr\/en\/wp-json\/wp\/v2\/comments?post=46262"}],"wp:featuredmedia":[{"embeddable":true,"href":"https:\/\/anadolupet.com.tr\/en\/wp-json\/wp\/v2\/media\/47238"}],"wp:attachment":[{"href":"https:\/\/anadolupet.com.tr\/en\/wp-json\/wp\/v2\/media?parent=46262"}],"wp:term":[{"taxonomy":"product_brand","embeddable":true,"href":"https:\/\/anadolupet.com.tr\/en\/wp-json\/wp\/v2\/product_brand?post=46262"},{"taxonomy":"product_cat","embeddable":true,"href":"https:\/\/anadolupet.com.tr\/en\/wp-json\/wp\/v2\/product_cat?post=46262"},{"taxonomy":"product_tag","embeddable":true,"href":"https:\/\/anadolupet.com.tr\/en\/wp-json\/wp\/v2\/product_tag?post=46262"}],"curies":[{"name":"wp","href":"https:\/\/api.w.org\/{rel}","templated":true}]}}