{"id":46274,"date":"2026-02-14T14:46:15","date_gmt":"2026-02-14T14:46:15","guid":{"rendered":"https:\/\/anadolupet.com.tr\/?post_type=product&#038;p=46274"},"modified":"2026-02-23T16:49:16","modified_gmt":"2026-02-23T16:49:16","slug":"tetra-ex700-plus-tam-takim-dis-filtre","status":"publish","type":"product","link":"https:\/\/anadolupet.com.tr\/en\/urun\/tetra-ex700-plus-tam-takim-dis-filtre\/","title":{"rendered":"Tetra EX700 Plus Tam Tak\u0131m D\u0131\u015f Filtre"},"content":{"rendered":"","protected":false},"excerpt":{"rendered":"<p>Tetra EX 700 Plus tam tak\u0131m d\u0131\u015f filtre seti, 100-200 litre hacme kadar olan akvaryumlardaki bal\u0131klar i\u00e7in m\u00fckemmel su kalitesi sa\u011flar. Filtrenin h\u0131zl\u0131 ve kolay bir \u015fekilde etkinle\u015ftirilmesini ve hemen devreye al\u0131nmas\u0131n\u0131 sa\u011flamak i\u00e7in eksiksiz bir set olarak t\u00fcm filtre malzemeleri dahildir. \u00c7oklu sepet sistemi ve farkl\u0131 filtre malzemeleri, fazla besin maddelerini par\u00e7alayarak akvaryum suyunu g\u00fcvenilir ve verimli bir \u015fekilde temizlemekle kalmaz, ayn\u0131 zamanda akvaryum suyunu kristal berrakl\u0131\u011f\u0131na getirerek akvaryum ya\u015fam\u0131na b\u00fcy\u00fcleyici bir bak\u0131\u015f sa\u011flar. Buna ek olarak, Tetra EX 700 Plus d\u0131\u015f filtre seti, %39 daha y\u00fcksek ak\u0131\u015f oran\u0131* ile son derece g\u00fc\u00e7l\u00fcd\u00fcr ve enerji verimlili\u011fini ve sessiz \u00e7al\u0131\u015fmas\u0131n\u0131 korur. 1040L\/h performansa sahiptir.<br \/>\n*\u00f6nceki model Tetra EX 600 Plus d\u0131\u015f filtre seti ile kar\u015f\u0131la\u015ft\u0131r\u0131ld\u0131\u011f\u0131nda.<br \/>\nDetaylar;<br \/>\n&#8211; H\u0131zl\u0131 ve kolay kurulum i\u00e7in t\u00fcm filtre malzemelerini i\u00e7eren komple set<br \/>\n&#8211; Bal\u0131klar i\u00e7in g\u00fcvenli ve kristal berrakl\u0131\u011f\u0131nda su \u00fcreterek akvaryum ya\u015fam\u0131na b\u00fcy\u00fcleyici bir bak\u0131\u015f sa\u011flar<br \/>\n&#8211; Son derece g\u00fc\u00e7l\u00fc, ancak enerji a\u00e7\u0131s\u0131ndan verimli ve sessiz<br \/>\n&#8211; Filtreyi ba\u015flatmak i\u00e7in bir emme yard\u0131mc\u0131s\u0131na, su ak\u0131\u015f\u0131n\u0131 do\u011fru bir \u015fekilde kontrol etmek i\u00e7in valflere ve bak\u0131m\u0131 en aza indirmek i\u00e7in bir \u00f6n filtre i\u015flevine sahiptir.<br \/>\n&#8211; 100-200 litreye kadar kapasiteye sahip akvaryumlar i\u00e7in uygundur<br \/>\n&#8211; T\u00dcV \/ GS sertifikalar\u0131na sahiptir.<br \/>\n&#8211; 100-200L \/ 1040L\/h \/ 7,5 W<\/p>","protected":false},"featured_media":47247,"comment_status":"open","ping_status":"closed","template":"","meta":{"_acf_changed":false},"product_brand":[],"product_cat":[2382],"product_tag":[],"class_list":{"0":"post-46274","1":"product","2":"type-product","3":"status-publish","4":"has-post-thumbnail","6":"product_cat-dis-filtreler","8":"first","9":"instock","10":"shipping-taxable","11":"product-type-simple"},"acf":[],"yoast_head":"<!-- This site is optimized with the Yoast SEO plugin v27.5 - https:\/\/yoast.com\/product\/yoast-seo-wordpress\/ -->\n<title>Tetra EX700 Plus Tam Tak\u0131m D\u0131\u015f Filtre - Anadolu Pet Grup<\/title>\n<meta name=\"robots\" content=\"index, follow, max-snippet:-1, max-image-preview:large, max-video-preview:-1\" \/>\n<link rel=\"canonical\" href=\"https:\/\/anadolupet.com.tr\/en\/product\/tetra-ex700-plus-tam-takim-dis-filtre\/\" \/>\n<meta property=\"og:locale\" content=\"en_US\" \/>\n<meta property=\"og:type\" content=\"article\" \/>\n<meta property=\"og:title\" content=\"Tetra EX700 Plus Tam Tak\u0131m D\u0131\u015f Filtre - Anadolu Pet Grup\" \/>\n<meta property=\"og:description\" content=\"Tetra EX 700 Plus tam tak\u0131m d\u0131\u015f filtre seti, 100-200 litre hacme kadar olan akvaryumlardaki bal\u0131klar i\u00e7in m\u00fckemmel su kalitesi sa\u011flar. Filtrenin h\u0131zl\u0131 ve kolay bir \u015fekilde etkinle\u015ftirilmesini ve hemen devreye al\u0131nmas\u0131n\u0131 sa\u011flamak i\u00e7in eksiksiz bir set olarak t\u00fcm filtre malzemeleri dahildir. \u00c7oklu sepet sistemi ve farkl\u0131 filtre malzemeleri, fazla besin maddelerini par\u00e7alayarak akvaryum suyunu g\u00fcvenilir ve verimli bir \u015fekilde temizlemekle kalmaz, ayn\u0131 zamanda akvaryum suyunu kristal berrakl\u0131\u011f\u0131na getirerek akvaryum ya\u015fam\u0131na b\u00fcy\u00fcleyici bir bak\u0131\u015f sa\u011flar. Buna ek olarak, Tetra EX 700 Plus d\u0131\u015f filtre seti, %39 daha y\u00fcksek ak\u0131\u015f oran\u0131* ile son derece g\u00fc\u00e7l\u00fcd\u00fcr ve enerji verimlili\u011fini ve sessiz \u00e7al\u0131\u015fmas\u0131n\u0131 korur. 1040L\/h performansa sahiptir. *\u00f6nceki model Tetra EX 600 Plus d\u0131\u015f filtre seti ile kar\u015f\u0131la\u015ft\u0131r\u0131ld\u0131\u011f\u0131nda. Detaylar; - H\u0131zl\u0131 ve kolay kurulum i\u00e7in t\u00fcm filtre malzemelerini i\u00e7eren komple set - Bal\u0131klar i\u00e7in g\u00fcvenli ve kristal berrakl\u0131\u011f\u0131nda su \u00fcreterek akvaryum ya\u015fam\u0131na b\u00fcy\u00fcleyici bir bak\u0131\u015f sa\u011flar - Son derece g\u00fc\u00e7l\u00fc, ancak enerji a\u00e7\u0131s\u0131ndan verimli ve sessiz - Filtreyi ba\u015flatmak i\u00e7in bir emme yard\u0131mc\u0131s\u0131na, su ak\u0131\u015f\u0131n\u0131 do\u011fru bir \u015fekilde kontrol etmek i\u00e7in valflere ve bak\u0131m\u0131 en aza indirmek i\u00e7in bir \u00f6n filtre i\u015flevine sahiptir. - 100-200 litreye kadar kapasiteye sahip akvaryumlar i\u00e7in uygundur - T\u00dcV \/ GS sertifikalar\u0131na sahiptir. - 100-200L \/ 1040L\/h \/ 7,5 W\" \/>\n<meta property=\"og:url\" content=\"https:\/\/anadolupet.com.tr\/en\/product\/tetra-ex700-plus-tam-takim-dis-filtre\/\" \/>\n<meta property=\"og:site_name\" content=\"Anadolu Pet Grup\" \/>\n<meta property=\"article:modified_time\" content=\"2026-02-23T16:49:16+00:00\" \/>\n<meta property=\"og:image\" content=\"https:\/\/anadolupet.com.tr\/wp-content\/uploads\/2026\/02\/402-712560.jpg\" \/>\n\t<meta property=\"og:image:width\" content=\"750\" \/>\n\t<meta property=\"og:image:height\" content=\"750\" \/>\n\t<meta property=\"og:image:type\" content=\"image\/jpeg\" \/>\n<meta name=\"twitter:card\" content=\"summary_large_image\" \/>\n<script type=\"application\/ld+json\" class=\"yoast-schema-graph\">{\"@context\":\"https:\\\/\\\/schema.org\",\"@graph\":[{\"@type\":\"WebPage\",\"@id\":\"https:\\\/\\\/anadolupet.com.tr\\\/en\\\/product\\\/tetra-ex700-plus-tam-takim-dis-filtre\\\/\",\"url\":\"https:\\\/\\\/anadolupet.com.tr\\\/en\\\/product\\\/tetra-ex700-plus-tam-takim-dis-filtre\\\/\",\"name\":\"Tetra EX700 Plus Tam Tak\u0131m D\u0131\u015f Filtre - Anadolu Pet Grup\",\"isPartOf\":{\"@id\":\"https:\\\/\\\/anadolupet.com.tr\\\/#website\"},\"primaryImageOfPage\":{\"@id\":\"https:\\\/\\\/anadolupet.com.tr\\\/en\\\/product\\\/tetra-ex700-plus-tam-takim-dis-filtre\\\/#primaryimage\"},\"image\":{\"@id\":\"https:\\\/\\\/anadolupet.com.tr\\\/en\\\/product\\\/tetra-ex700-plus-tam-takim-dis-filtre\\\/#primaryimage\"},\"thumbnailUrl\":\"https:\\\/\\\/anadolupet.com.tr\\\/wp-content\\\/uploads\\\/2026\\\/02\\\/402-712560.jpg\",\"datePublished\":\"2026-02-14T14:46:15+00:00\",\"dateModified\":\"2026-02-23T16:49:16+00:00\",\"breadcrumb\":{\"@id\":\"https:\\\/\\\/anadolupet.com.tr\\\/en\\\/product\\\/tetra-ex700-plus-tam-takim-dis-filtre\\\/#breadcrumb\"},\"inLanguage\":\"en-US\",\"potentialAction\":[{\"@type\":\"ReadAction\",\"target\":[\"https:\\\/\\\/anadolupet.com.tr\\\/en\\\/product\\\/tetra-ex700-plus-tam-takim-dis-filtre\\\/\"]}]},{\"@type\":\"ImageObject\",\"inLanguage\":\"en-US\",\"@id\":\"https:\\\/\\\/anadolupet.com.tr\\\/en\\\/product\\\/tetra-ex700-plus-tam-takim-dis-filtre\\\/#primaryimage\",\"url\":\"https:\\\/\\\/anadolupet.com.tr\\\/wp-content\\\/uploads\\\/2026\\\/02\\\/402-712560.jpg\",\"contentUrl\":\"https:\\\/\\\/anadolupet.com.tr\\\/wp-content\\\/uploads\\\/2026\\\/02\\\/402-712560.jpg\",\"width\":750,\"height\":750},{\"@type\":\"BreadcrumbList\",\"@id\":\"https:\\\/\\\/anadolupet.com.tr\\\/en\\\/product\\\/tetra-ex700-plus-tam-takim-dis-filtre\\\/#breadcrumb\",\"itemListElement\":[{\"@type\":\"ListItem\",\"position\":1,\"name\":\"Anasayfa\",\"item\":\"https:\\\/\\\/anadolupet.com.tr\\\/\"},{\"@type\":\"ListItem\",\"position\":2,\"name\":\"\u00dcr\u00fcnler\",\"item\":\"https:\\\/\\\/anadolupet.com.tr\\\/urunler\\\/\"},{\"@type\":\"ListItem\",\"position\":3,\"name\":\"Tetra EX700 Plus Tam Tak\u0131m D\u0131\u015f Filtre\"}]},{\"@type\":\"WebSite\",\"@id\":\"https:\\\/\\\/anadolupet.com.tr\\\/#website\",\"url\":\"https:\\\/\\\/anadolupet.com.tr\\\/\",\"name\":\"Anadolu Pet Grup\",\"description\":\"Her Can\u0131n \u0130yi Ya\u015fam\u0131 \u0130\u00e7in Biraraday\u0131z\",\"publisher\":{\"@id\":\"https:\\\/\\\/anadolupet.com.tr\\\/#organization\"},\"potentialAction\":[{\"@type\":\"SearchAction\",\"target\":{\"@type\":\"EntryPoint\",\"urlTemplate\":\"https:\\\/\\\/anadolupet.com.tr\\\/?s={search_term_string}\"},\"query-input\":{\"@type\":\"PropertyValueSpecification\",\"valueRequired\":true,\"valueName\":\"search_term_string\"}}],\"inLanguage\":\"en-US\"},{\"@type\":\"Organization\",\"@id\":\"https:\\\/\\\/anadolupet.com.tr\\\/#organization\",\"name\":\"Anadolu Pet Grup\",\"alternateName\":\"Anadolu Pet\",\"url\":\"https:\\\/\\\/anadolupet.com.tr\\\/\",\"logo\":{\"@type\":\"ImageObject\",\"inLanguage\":\"en-US\",\"@id\":\"https:\\\/\\\/anadolupet.com.tr\\\/#\\\/schema\\\/logo\\\/image\\\/\",\"url\":\"https:\\\/\\\/anadolupet.com.tr\\\/wp-content\\\/uploads\\\/2026\\\/03\\\/1614666743370.jpg\",\"contentUrl\":\"https:\\\/\\\/anadolupet.com.tr\\\/wp-content\\\/uploads\\\/2026\\\/03\\\/1614666743370.jpg\",\"width\":800,\"height\":571,\"caption\":\"Anadolu Pet Grup\"},\"image\":{\"@id\":\"https:\\\/\\\/anadolupet.com.tr\\\/#\\\/schema\\\/logo\\\/image\\\/\"}}]}<\/script>\n<!-- \/ Yoast SEO plugin. -->","yoast_head_json":{"title":"Tetra EX700 Plus Tam Tak\u0131m D\u0131\u015f Filtre - Anadolu Pet Grup","robots":{"index":"index","follow":"follow","max-snippet":"max-snippet:-1","max-image-preview":"max-image-preview:large","max-video-preview":"max-video-preview:-1"},"canonical":"https:\/\/anadolupet.com.tr\/en\/product\/tetra-ex700-plus-tam-takim-dis-filtre\/","og_locale":"en_US","og_type":"article","og_title":"Tetra EX700 Plus Tam Tak\u0131m D\u0131\u015f Filtre - Anadolu Pet Grup","og_description":"Tetra EX 700 Plus tam tak\u0131m d\u0131\u015f filtre seti, 100-200 litre hacme kadar olan akvaryumlardaki bal\u0131klar i\u00e7in m\u00fckemmel su kalitesi sa\u011flar. Filtrenin h\u0131zl\u0131 ve kolay bir \u015fekilde etkinle\u015ftirilmesini ve hemen devreye al\u0131nmas\u0131n\u0131 sa\u011flamak i\u00e7in eksiksiz bir set olarak t\u00fcm filtre malzemeleri dahildir. \u00c7oklu sepet sistemi ve farkl\u0131 filtre malzemeleri, fazla besin maddelerini par\u00e7alayarak akvaryum suyunu g\u00fcvenilir ve verimli bir \u015fekilde temizlemekle kalmaz, ayn\u0131 zamanda akvaryum suyunu kristal berrakl\u0131\u011f\u0131na getirerek akvaryum ya\u015fam\u0131na b\u00fcy\u00fcleyici bir bak\u0131\u015f sa\u011flar. Buna ek olarak, Tetra EX 700 Plus d\u0131\u015f filtre seti, %39 daha y\u00fcksek ak\u0131\u015f oran\u0131* ile son derece g\u00fc\u00e7l\u00fcd\u00fcr ve enerji verimlili\u011fini ve sessiz \u00e7al\u0131\u015fmas\u0131n\u0131 korur. 1040L\/h performansa sahiptir. *\u00f6nceki model Tetra EX 600 Plus d\u0131\u015f filtre seti ile kar\u015f\u0131la\u015ft\u0131r\u0131ld\u0131\u011f\u0131nda. Detaylar; - H\u0131zl\u0131 ve kolay kurulum i\u00e7in t\u00fcm filtre malzemelerini i\u00e7eren komple set - Bal\u0131klar i\u00e7in g\u00fcvenli ve kristal berrakl\u0131\u011f\u0131nda su \u00fcreterek akvaryum ya\u015fam\u0131na b\u00fcy\u00fcleyici bir bak\u0131\u015f sa\u011flar - Son derece g\u00fc\u00e7l\u00fc, ancak enerji a\u00e7\u0131s\u0131ndan verimli ve sessiz - Filtreyi ba\u015flatmak i\u00e7in bir emme yard\u0131mc\u0131s\u0131na, su ak\u0131\u015f\u0131n\u0131 do\u011fru bir \u015fekilde kontrol etmek i\u00e7in valflere ve bak\u0131m\u0131 en aza indirmek i\u00e7in bir \u00f6n filtre i\u015flevine sahiptir. - 100-200 litreye kadar kapasiteye sahip akvaryumlar i\u00e7in uygundur - T\u00dcV \/ GS sertifikalar\u0131na sahiptir. - 100-200L \/ 1040L\/h \/ 7,5 W","og_url":"https:\/\/anadolupet.com.tr\/en\/product\/tetra-ex700-plus-tam-takim-dis-filtre\/","og_site_name":"Anadolu Pet Grup","article_modified_time":"2026-02-23T16:49:16+00:00","og_image":[{"width":750,"height":750,"url":"https:\/\/anadolupet.com.tr\/wp-content\/uploads\/2026\/02\/402-712560.jpg","type":"image\/jpeg"}],"twitter_card":"summary_large_image","schema":{"@context":"https:\/\/schema.org","@graph":[{"@type":"WebPage","@id":"https:\/\/anadolupet.com.tr\/en\/product\/tetra-ex700-plus-tam-takim-dis-filtre\/","url":"https:\/\/anadolupet.com.tr\/en\/product\/tetra-ex700-plus-tam-takim-dis-filtre\/","name":"Tetra EX700 Plus Tam Tak\u0131m D\u0131\u015f Filtre - Anadolu Pet Grup","isPartOf":{"@id":"https:\/\/anadolupet.com.tr\/#website"},"primaryImageOfPage":{"@id":"https:\/\/anadolupet.com.tr\/en\/product\/tetra-ex700-plus-tam-takim-dis-filtre\/#primaryimage"},"image":{"@id":"https:\/\/anadolupet.com.tr\/en\/product\/tetra-ex700-plus-tam-takim-dis-filtre\/#primaryimage"},"thumbnailUrl":"https:\/\/anadolupet.com.tr\/wp-content\/uploads\/2026\/02\/402-712560.jpg","datePublished":"2026-02-14T14:46:15+00:00","dateModified":"2026-02-23T16:49:16+00:00","breadcrumb":{"@id":"https:\/\/anadolupet.com.tr\/en\/product\/tetra-ex700-plus-tam-takim-dis-filtre\/#breadcrumb"},"inLanguage":"en-US","potentialAction":[{"@type":"ReadAction","target":["https:\/\/anadolupet.com.tr\/en\/product\/tetra-ex700-plus-tam-takim-dis-filtre\/"]}]},{"@type":"ImageObject","inLanguage":"en-US","@id":"https:\/\/anadolupet.com.tr\/en\/product\/tetra-ex700-plus-tam-takim-dis-filtre\/#primaryimage","url":"https:\/\/anadolupet.com.tr\/wp-content\/uploads\/2026\/02\/402-712560.jpg","contentUrl":"https:\/\/anadolupet.com.tr\/wp-content\/uploads\/2026\/02\/402-712560.jpg","width":750,"height":750},{"@type":"BreadcrumbList","@id":"https:\/\/anadolupet.com.tr\/en\/product\/tetra-ex700-plus-tam-takim-dis-filtre\/#breadcrumb","itemListElement":[{"@type":"ListItem","position":1,"name":"Anasayfa","item":"https:\/\/anadolupet.com.tr\/"},{"@type":"ListItem","position":2,"name":"\u00dcr\u00fcnler","item":"https:\/\/anadolupet.com.tr\/urunler\/"},{"@type":"ListItem","position":3,"name":"Tetra EX700 Plus Tam Tak\u0131m D\u0131\u015f Filtre"}]},{"@type":"WebSite","@id":"https:\/\/anadolupet.com.tr\/#website","url":"https:\/\/anadolupet.com.tr\/","name":"Anadolu Pet Group","description":"We Stand Together for the Well-Being of Every Life","publisher":{"@id":"https:\/\/anadolupet.com.tr\/#organization"},"potentialAction":[{"@type":"SearchAction","target":{"@type":"EntryPoint","urlTemplate":"https:\/\/anadolupet.com.tr\/?s={search_term_string}"},"query-input":{"@type":"PropertyValueSpecification","valueRequired":true,"valueName":"search_term_string"}}],"inLanguage":"en-US"},{"@type":"Organization","@id":"https:\/\/anadolupet.com.tr\/#organization","name":"Anadolu Pet Group","alternateName":"Anadolu Pet","url":"https:\/\/anadolupet.com.tr\/","logo":{"@type":"ImageObject","inLanguage":"en-US","@id":"https:\/\/anadolupet.com.tr\/#\/schema\/logo\/image\/","url":"https:\/\/anadolupet.com.tr\/wp-content\/uploads\/2026\/03\/1614666743370.jpg","contentUrl":"https:\/\/anadolupet.com.tr\/wp-content\/uploads\/2026\/03\/1614666743370.jpg","width":800,"height":571,"caption":"Anadolu Pet Grup"},"image":{"@id":"https:\/\/anadolupet.com.tr\/#\/schema\/logo\/image\/"}}]}},"_links":{"self":[{"href":"https:\/\/anadolupet.com.tr\/en\/wp-json\/wp\/v2\/product\/46274","targetHints":{"allow":["GET"]}}],"collection":[{"href":"https:\/\/anadolupet.com.tr\/en\/wp-json\/wp\/v2\/product"}],"about":[{"href":"https:\/\/anadolupet.com.tr\/en\/wp-json\/wp\/v2\/types\/product"}],"replies":[{"embeddable":true,"href":"https:\/\/anadolupet.com.tr\/en\/wp-json\/wp\/v2\/comments?post=46274"}],"wp:featuredmedia":[{"embeddable":true,"href":"https:\/\/anadolupet.com.tr\/en\/wp-json\/wp\/v2\/media\/47247"}],"wp:attachment":[{"href":"https:\/\/anadolupet.com.tr\/en\/wp-json\/wp\/v2\/media?parent=46274"}],"wp:term":[{"taxonomy":"product_brand","embeddable":true,"href":"https:\/\/anadolupet.com.tr\/en\/wp-json\/wp\/v2\/product_brand?post=46274"},{"taxonomy":"product_cat","embeddable":true,"href":"https:\/\/anadolupet.com.tr\/en\/wp-json\/wp\/v2\/product_cat?post=46274"},{"taxonomy":"product_tag","embeddable":true,"href":"https:\/\/anadolupet.com.tr\/en\/wp-json\/wp\/v2\/product_tag?post=46274"}],"curies":[{"name":"wp","href":"https:\/\/api.w.org\/{rel}","templated":true}]}}