{"id":46279,"date":"2026-02-14T14:46:16","date_gmt":"2026-02-14T14:46:16","guid":{"rendered":"https:\/\/anadolupet.com.tr\/?post_type=product&#038;p=46279"},"modified":"2026-02-23T16:49:17","modified_gmt":"2026-02-23T16:49:17","slug":"tetra-filterjet-600-ic-filtre","status":"publish","type":"product","link":"https:\/\/anadolupet.com.tr\/en\/urun\/tetra-filterjet-600-ic-filtre\/","title":{"rendered":"Tetra FilterJet 600 \u0130\u00e7 Filtre"},"content":{"rendered":"","protected":false},"excerpt":{"rendered":"<p>Tetra FilterJet 600, mekanik ve biyolojik filtreleme i\u00e7in 170 litreye kadar olan akvaryumlara uygun olarak tasarlanm\u0131\u015f d\u00fc\u015f\u00fck g\u00fc\u00e7 t\u00fcketimiyle kullan\u0131c\u0131 dostu kompakt i\u00e7 filtredir. Akvaryuma k\u0131smi olarak hava giri\u015fi de sa\u011flayacak \u015fekilde tasarlanm\u0131\u015ft\u0131r. Tetra markas\u0131n\u0131n \u00fcretimi ince g\u00f6zenekli s\u00fcnger ile kapl\u0131 olan Tetra FilterJet, k\u00fc\u00e7\u00fck bal\u0131klar\u0131n ya\u015fad\u0131\u011f\u0131 tatl\u0131 su akvaryumlar\u0131 i\u00e7in idealdir. \u00dc\u00e7 farkl\u0131 ba\u011flant\u0131 se\u00e7ene\u011fi, filtrenin akvaryuma tak\u0131lmas\u0131n\u0131 kolayla\u015ft\u0131r\u0131r. Ayr\u0131ca y\u0131kanabilir filtre s\u00fcngeri, temizlik i\u00e7in rahatl\u0131kla \u00e7\u0131kar\u0131labilir.<br \/>\nDetaylar;<br \/>\n*G\u00fc\u00e7l\u00fc ve sessiz dahili filtre.<br \/>\n*Oksijen zenginle\u015ftirme i\u00e7in ayarlanabilir venturi valfli.<br \/>\n*Optimum su sirk\u00fclasyon kontrol\u00fc i\u00e7in ayarlanabilir \u00e7\u0131k\u0131\u015f nozulu.<br \/>\n*Akvaryuma kurulumu kolayd\u0131r.<br \/>\n*Temizlemesi kolay filtre s\u00fcngeri.<br \/>\n*Karides akvaryumlar\u0131 i\u00e7in de idealdir.<br \/>\n*T\u00dcV taraf\u0131ndan test edilmi\u015ftir.<br \/>\n*2 y\u0131l garantili<br \/>\n*120-170L \/ 550L\/h \/ 6W<\/p>","protected":false},"featured_media":47227,"comment_status":"open","ping_status":"closed","template":"","meta":{"_acf_changed":false},"product_brand":[],"product_cat":[2377],"product_tag":[],"class_list":{"0":"post-46279","1":"product","2":"type-product","3":"status-publish","4":"has-post-thumbnail","6":"product_cat-akvaryum-hava-motorlari","8":"first","9":"instock","10":"shipping-taxable","11":"product-type-simple"},"acf":[],"yoast_head":"<!-- This site is optimized with the Yoast SEO plugin v27.5 - https:\/\/yoast.com\/product\/yoast-seo-wordpress\/ -->\n<title>Tetra FilterJet 600 \u0130\u00e7 Filtre - Anadolu Pet Grup<\/title>\n<meta name=\"robots\" content=\"index, follow, max-snippet:-1, max-image-preview:large, max-video-preview:-1\" \/>\n<link rel=\"canonical\" href=\"https:\/\/anadolupet.com.tr\/en\/product\/tetra-filterjet-600-ic-filtre\/\" \/>\n<meta property=\"og:locale\" content=\"en_US\" \/>\n<meta property=\"og:type\" content=\"article\" \/>\n<meta property=\"og:title\" content=\"Tetra FilterJet 600 \u0130\u00e7 Filtre - Anadolu Pet Grup\" \/>\n<meta property=\"og:description\" content=\"Tetra FilterJet 600, mekanik ve biyolojik filtreleme i\u00e7in 170 litreye kadar olan akvaryumlara uygun olarak tasarlanm\u0131\u015f d\u00fc\u015f\u00fck g\u00fc\u00e7 t\u00fcketimiyle kullan\u0131c\u0131 dostu kompakt i\u00e7 filtredir. Akvaryuma k\u0131smi olarak hava giri\u015fi de sa\u011flayacak \u015fekilde tasarlanm\u0131\u015ft\u0131r. Tetra markas\u0131n\u0131n \u00fcretimi ince g\u00f6zenekli s\u00fcnger ile kapl\u0131 olan Tetra FilterJet, k\u00fc\u00e7\u00fck bal\u0131klar\u0131n ya\u015fad\u0131\u011f\u0131 tatl\u0131 su akvaryumlar\u0131 i\u00e7in idealdir. \u00dc\u00e7 farkl\u0131 ba\u011flant\u0131 se\u00e7ene\u011fi, filtrenin akvaryuma tak\u0131lmas\u0131n\u0131 kolayla\u015ft\u0131r\u0131r. Ayr\u0131ca y\u0131kanabilir filtre s\u00fcngeri, temizlik i\u00e7in rahatl\u0131kla \u00e7\u0131kar\u0131labilir. Detaylar; *G\u00fc\u00e7l\u00fc ve sessiz dahili filtre. *Oksijen zenginle\u015ftirme i\u00e7in ayarlanabilir venturi valfli. *Optimum su sirk\u00fclasyon kontrol\u00fc i\u00e7in ayarlanabilir \u00e7\u0131k\u0131\u015f nozulu. *Akvaryuma kurulumu kolayd\u0131r. *Temizlemesi kolay filtre s\u00fcngeri. *Karides akvaryumlar\u0131 i\u00e7in de idealdir. *T\u00dcV taraf\u0131ndan test edilmi\u015ftir. *2 y\u0131l garantili *120-170L \/ 550L\/h \/ 6W\" \/>\n<meta property=\"og:url\" content=\"https:\/\/anadolupet.com.tr\/en\/product\/tetra-filterjet-600-ic-filtre\/\" \/>\n<meta property=\"og:site_name\" content=\"Anadolu Pet Grup\" \/>\n<meta property=\"article:modified_time\" content=\"2026-02-23T16:49:17+00:00\" \/>\n<meta property=\"og:image\" content=\"https:\/\/anadolupet.com.tr\/wp-content\/uploads\/2026\/02\/402-711055.jpg\" \/>\n\t<meta property=\"og:image:width\" content=\"750\" \/>\n\t<meta property=\"og:image:height\" content=\"750\" \/>\n\t<meta property=\"og:image:type\" content=\"image\/jpeg\" \/>\n<meta name=\"twitter:card\" content=\"summary_large_image\" \/>\n<script type=\"application\/ld+json\" class=\"yoast-schema-graph\">{\"@context\":\"https:\\\/\\\/schema.org\",\"@graph\":[{\"@type\":\"WebPage\",\"@id\":\"https:\\\/\\\/anadolupet.com.tr\\\/urun\\\/tetra-filterjet-600-ic-filtre\\\/\",\"url\":\"https:\\\/\\\/anadolupet.com.tr\\\/urun\\\/tetra-filterjet-600-ic-filtre\\\/\",\"name\":\"Tetra FilterJet 600 \u0130\u00e7 Filtre - Anadolu Pet Grup\",\"isPartOf\":{\"@id\":\"https:\\\/\\\/anadolupet.com.tr\\\/#website\"},\"primaryImageOfPage\":{\"@id\":\"https:\\\/\\\/anadolupet.com.tr\\\/urun\\\/tetra-filterjet-600-ic-filtre\\\/#primaryimage\"},\"image\":{\"@id\":\"https:\\\/\\\/anadolupet.com.tr\\\/urun\\\/tetra-filterjet-600-ic-filtre\\\/#primaryimage\"},\"thumbnailUrl\":\"https:\\\/\\\/anadolupet.com.tr\\\/wp-content\\\/uploads\\\/2026\\\/02\\\/402-711055.jpg\",\"datePublished\":\"2026-02-14T14:46:16+00:00\",\"dateModified\":\"2026-02-23T16:49:17+00:00\",\"breadcrumb\":{\"@id\":\"https:\\\/\\\/anadolupet.com.tr\\\/urun\\\/tetra-filterjet-600-ic-filtre\\\/#breadcrumb\"},\"inLanguage\":\"en-US\",\"potentialAction\":[{\"@type\":\"ReadAction\",\"target\":[\"https:\\\/\\\/anadolupet.com.tr\\\/urun\\\/tetra-filterjet-600-ic-filtre\\\/\"]}]},{\"@type\":\"ImageObject\",\"inLanguage\":\"en-US\",\"@id\":\"https:\\\/\\\/anadolupet.com.tr\\\/urun\\\/tetra-filterjet-600-ic-filtre\\\/#primaryimage\",\"url\":\"https:\\\/\\\/anadolupet.com.tr\\\/wp-content\\\/uploads\\\/2026\\\/02\\\/402-711055.jpg\",\"contentUrl\":\"https:\\\/\\\/anadolupet.com.tr\\\/wp-content\\\/uploads\\\/2026\\\/02\\\/402-711055.jpg\",\"width\":750,\"height\":750},{\"@type\":\"BreadcrumbList\",\"@id\":\"https:\\\/\\\/anadolupet.com.tr\\\/urun\\\/tetra-filterjet-600-ic-filtre\\\/#breadcrumb\",\"itemListElement\":[{\"@type\":\"ListItem\",\"position\":1,\"name\":\"Anasayfa\",\"item\":\"https:\\\/\\\/anadolupet.com.tr\\\/\"},{\"@type\":\"ListItem\",\"position\":2,\"name\":\"\u00dcr\u00fcnler\",\"item\":\"https:\\\/\\\/anadolupet.com.tr\\\/urunler\\\/\"},{\"@type\":\"ListItem\",\"position\":3,\"name\":\"Tetra FilterJet 600 \u0130\u00e7 Filtre\"}]},{\"@type\":\"WebSite\",\"@id\":\"https:\\\/\\\/anadolupet.com.tr\\\/#website\",\"url\":\"https:\\\/\\\/anadolupet.com.tr\\\/\",\"name\":\"Anadolu Pet Grup\",\"description\":\"Her Can\u0131n \u0130yi Ya\u015fam\u0131 \u0130\u00e7in Biraraday\u0131z\",\"publisher\":{\"@id\":\"https:\\\/\\\/anadolupet.com.tr\\\/#organization\"},\"potentialAction\":[{\"@type\":\"SearchAction\",\"target\":{\"@type\":\"EntryPoint\",\"urlTemplate\":\"https:\\\/\\\/anadolupet.com.tr\\\/?s={search_term_string}\"},\"query-input\":{\"@type\":\"PropertyValueSpecification\",\"valueRequired\":true,\"valueName\":\"search_term_string\"}}],\"inLanguage\":\"en-US\"},{\"@type\":\"Organization\",\"@id\":\"https:\\\/\\\/anadolupet.com.tr\\\/#organization\",\"name\":\"Anadolu Pet Grup\",\"alternateName\":\"Anadolu Pet\",\"url\":\"https:\\\/\\\/anadolupet.com.tr\\\/\",\"logo\":{\"@type\":\"ImageObject\",\"inLanguage\":\"en-US\",\"@id\":\"https:\\\/\\\/anadolupet.com.tr\\\/#\\\/schema\\\/logo\\\/image\\\/\",\"url\":\"https:\\\/\\\/anadolupet.com.tr\\\/wp-content\\\/uploads\\\/2026\\\/03\\\/1614666743370.jpg\",\"contentUrl\":\"https:\\\/\\\/anadolupet.com.tr\\\/wp-content\\\/uploads\\\/2026\\\/03\\\/1614666743370.jpg\",\"width\":800,\"height\":571,\"caption\":\"Anadolu Pet Grup\"},\"image\":{\"@id\":\"https:\\\/\\\/anadolupet.com.tr\\\/#\\\/schema\\\/logo\\\/image\\\/\"}}]}<\/script>\n<!-- \/ Yoast SEO plugin. -->","yoast_head_json":{"title":"Tetra FilterJet 600 \u0130\u00e7 Filtre - Anadolu Pet Grup","robots":{"index":"index","follow":"follow","max-snippet":"max-snippet:-1","max-image-preview":"max-image-preview:large","max-video-preview":"max-video-preview:-1"},"canonical":"https:\/\/anadolupet.com.tr\/en\/product\/tetra-filterjet-600-ic-filtre\/","og_locale":"en_US","og_type":"article","og_title":"Tetra FilterJet 600 \u0130\u00e7 Filtre - Anadolu Pet Grup","og_description":"Tetra FilterJet 600, mekanik ve biyolojik filtreleme i\u00e7in 170 litreye kadar olan akvaryumlara uygun olarak tasarlanm\u0131\u015f d\u00fc\u015f\u00fck g\u00fc\u00e7 t\u00fcketimiyle kullan\u0131c\u0131 dostu kompakt i\u00e7 filtredir. Akvaryuma k\u0131smi olarak hava giri\u015fi de sa\u011flayacak \u015fekilde tasarlanm\u0131\u015ft\u0131r. Tetra markas\u0131n\u0131n \u00fcretimi ince g\u00f6zenekli s\u00fcnger ile kapl\u0131 olan Tetra FilterJet, k\u00fc\u00e7\u00fck bal\u0131klar\u0131n ya\u015fad\u0131\u011f\u0131 tatl\u0131 su akvaryumlar\u0131 i\u00e7in idealdir. \u00dc\u00e7 farkl\u0131 ba\u011flant\u0131 se\u00e7ene\u011fi, filtrenin akvaryuma tak\u0131lmas\u0131n\u0131 kolayla\u015ft\u0131r\u0131r. Ayr\u0131ca y\u0131kanabilir filtre s\u00fcngeri, temizlik i\u00e7in rahatl\u0131kla \u00e7\u0131kar\u0131labilir. Detaylar; *G\u00fc\u00e7l\u00fc ve sessiz dahili filtre. *Oksijen zenginle\u015ftirme i\u00e7in ayarlanabilir venturi valfli. *Optimum su sirk\u00fclasyon kontrol\u00fc i\u00e7in ayarlanabilir \u00e7\u0131k\u0131\u015f nozulu. *Akvaryuma kurulumu kolayd\u0131r. *Temizlemesi kolay filtre s\u00fcngeri. *Karides akvaryumlar\u0131 i\u00e7in de idealdir. *T\u00dcV taraf\u0131ndan test edilmi\u015ftir. *2 y\u0131l garantili *120-170L \/ 550L\/h \/ 6W","og_url":"https:\/\/anadolupet.com.tr\/en\/product\/tetra-filterjet-600-ic-filtre\/","og_site_name":"Anadolu Pet Grup","article_modified_time":"2026-02-23T16:49:17+00:00","og_image":[{"width":750,"height":750,"url":"https:\/\/anadolupet.com.tr\/wp-content\/uploads\/2026\/02\/402-711055.jpg","type":"image\/jpeg"}],"twitter_card":"summary_large_image","schema":{"@context":"https:\/\/schema.org","@graph":[{"@type":"WebPage","@id":"https:\/\/anadolupet.com.tr\/urun\/tetra-filterjet-600-ic-filtre\/","url":"https:\/\/anadolupet.com.tr\/urun\/tetra-filterjet-600-ic-filtre\/","name":"Tetra FilterJet 600 \u0130\u00e7 Filtre - Anadolu Pet Grup","isPartOf":{"@id":"https:\/\/anadolupet.com.tr\/#website"},"primaryImageOfPage":{"@id":"https:\/\/anadolupet.com.tr\/urun\/tetra-filterjet-600-ic-filtre\/#primaryimage"},"image":{"@id":"https:\/\/anadolupet.com.tr\/urun\/tetra-filterjet-600-ic-filtre\/#primaryimage"},"thumbnailUrl":"https:\/\/anadolupet.com.tr\/wp-content\/uploads\/2026\/02\/402-711055.jpg","datePublished":"2026-02-14T14:46:16+00:00","dateModified":"2026-02-23T16:49:17+00:00","breadcrumb":{"@id":"https:\/\/anadolupet.com.tr\/urun\/tetra-filterjet-600-ic-filtre\/#breadcrumb"},"inLanguage":"en-US","potentialAction":[{"@type":"ReadAction","target":["https:\/\/anadolupet.com.tr\/urun\/tetra-filterjet-600-ic-filtre\/"]}]},{"@type":"ImageObject","inLanguage":"en-US","@id":"https:\/\/anadolupet.com.tr\/urun\/tetra-filterjet-600-ic-filtre\/#primaryimage","url":"https:\/\/anadolupet.com.tr\/wp-content\/uploads\/2026\/02\/402-711055.jpg","contentUrl":"https:\/\/anadolupet.com.tr\/wp-content\/uploads\/2026\/02\/402-711055.jpg","width":750,"height":750},{"@type":"BreadcrumbList","@id":"https:\/\/anadolupet.com.tr\/urun\/tetra-filterjet-600-ic-filtre\/#breadcrumb","itemListElement":[{"@type":"ListItem","position":1,"name":"Anasayfa","item":"https:\/\/anadolupet.com.tr\/"},{"@type":"ListItem","position":2,"name":"\u00dcr\u00fcnler","item":"https:\/\/anadolupet.com.tr\/urunler\/"},{"@type":"ListItem","position":3,"name":"Tetra FilterJet 600 \u0130\u00e7 Filtre"}]},{"@type":"WebSite","@id":"https:\/\/anadolupet.com.tr\/#website","url":"https:\/\/anadolupet.com.tr\/","name":"Anadolu Pet Group","description":"We Stand Together for the Well-Being of Every Life","publisher":{"@id":"https:\/\/anadolupet.com.tr\/#organization"},"potentialAction":[{"@type":"SearchAction","target":{"@type":"EntryPoint","urlTemplate":"https:\/\/anadolupet.com.tr\/?s={search_term_string}"},"query-input":{"@type":"PropertyValueSpecification","valueRequired":true,"valueName":"search_term_string"}}],"inLanguage":"en-US"},{"@type":"Organization","@id":"https:\/\/anadolupet.com.tr\/#organization","name":"Anadolu Pet Group","alternateName":"Anadolu Pet","url":"https:\/\/anadolupet.com.tr\/","logo":{"@type":"ImageObject","inLanguage":"en-US","@id":"https:\/\/anadolupet.com.tr\/#\/schema\/logo\/image\/","url":"https:\/\/anadolupet.com.tr\/wp-content\/uploads\/2026\/03\/1614666743370.jpg","contentUrl":"https:\/\/anadolupet.com.tr\/wp-content\/uploads\/2026\/03\/1614666743370.jpg","width":800,"height":571,"caption":"Anadolu Pet Grup"},"image":{"@id":"https:\/\/anadolupet.com.tr\/#\/schema\/logo\/image\/"}}]}},"_links":{"self":[{"href":"https:\/\/anadolupet.com.tr\/en\/wp-json\/wp\/v2\/product\/46279","targetHints":{"allow":["GET"]}}],"collection":[{"href":"https:\/\/anadolupet.com.tr\/en\/wp-json\/wp\/v2\/product"}],"about":[{"href":"https:\/\/anadolupet.com.tr\/en\/wp-json\/wp\/v2\/types\/product"}],"replies":[{"embeddable":true,"href":"https:\/\/anadolupet.com.tr\/en\/wp-json\/wp\/v2\/comments?post=46279"}],"wp:featuredmedia":[{"embeddable":true,"href":"https:\/\/anadolupet.com.tr\/en\/wp-json\/wp\/v2\/media\/47227"}],"wp:attachment":[{"href":"https:\/\/anadolupet.com.tr\/en\/wp-json\/wp\/v2\/media?parent=46279"}],"wp:term":[{"taxonomy":"product_brand","embeddable":true,"href":"https:\/\/anadolupet.com.tr\/en\/wp-json\/wp\/v2\/product_brand?post=46279"},{"taxonomy":"product_cat","embeddable":true,"href":"https:\/\/anadolupet.com.tr\/en\/wp-json\/wp\/v2\/product_cat?post=46279"},{"taxonomy":"product_tag","embeddable":true,"href":"https:\/\/anadolupet.com.tr\/en\/wp-json\/wp\/v2\/product_tag?post=46279"}],"curies":[{"name":"wp","href":"https:\/\/api.w.org\/{rel}","templated":true}]}}