{"id":46287,"date":"2026-02-14T14:46:16","date_gmt":"2026-02-14T14:46:16","guid":{"rendered":"https:\/\/anadolupet.com.tr\/?post_type=product&#038;p=46287"},"modified":"2026-02-23T16:49:17","modified_gmt":"2026-02-23T16:49:17","slug":"tetra-fresh-delica-daphnia-tropikal-jel-balik-yemi-su-piresi-48gr","status":"publish","type":"product","link":"https:\/\/anadolupet.com.tr\/en\/urun\/tetra-fresh-delica-daphnia-tropikal-jel-balik-yemi-su-piresi-48gr\/","title":{"rendered":"Tetra Fresh Delica Daphnia Tropikal Jel Bal\u0131k Yemi &#8211; Su Piresi &#8211; 48GR"},"content":{"rendered":"","protected":false},"excerpt":{"rendered":"<p>Tetra Fresh Delica Daphnia, protein ve ya\u011flarla zenginle\u015ftirilmi\u015f jel i\u00e7erisinde, besleyici ve do\u011fal bir ek besin kayna\u011f\u0131d\u0131r. \u0130\u00e7eri\u011finde su piresi (Dafnia) mevcuttur.<br \/>\n\u00dcretiminde katk\u0131 maddesi kullan\u0131lmam\u0131\u015ft\u0131r. Yemleme esnas\u0131nda akvaryum suyunuzu kirletmez ve buland\u0131rmaz. \u00d6zel ko\u015fullarda paketlenmesi sebebi ile \u00fcr\u00fcn tamamen sterildir ve canl\u0131 yemler ile ta\u015f\u0131nabilecek bakterileri bar\u0131nd\u0131rmaz. Detaylar;<br \/>\n*Vitaminler ve besinler ile dolu bir jel yem i\u00e7inde do\u011fal su hayvanlar\u0131 mevcuttur.<br \/>\n*Sa\u011fl\u0131kl\u0131 beslenme e\u011flencesi ve bal\u0131klarla etkile\u015fim i\u00e7in idealdir.<br \/>\n*Hazz\u0131 en \u00fcst d\u00fczeye \u00e7\u0131karmak i\u00e7in taze ve do\u011fal bir tada sahiptir.<br \/>\n*Fresh Delica&#8217;n\u0131n d\u00f6rt \u00e7e\u015fidi mevcuttur: K\u0131rm\u0131z\u0131 Kan Kurtlar\u0131, Salamura Karidesleri, Krill ve Daphnia.<br \/>\n*Steril bir \u015fekilde ambalajlanm\u0131\u015ft\u0131r.<br \/>\n*Dondurulmu\u015f g\u0131dalardan iki kat daha fazla besin i\u00e7erir.<br \/>\n*So\u011futulmadan bile \u00fc\u00e7 y\u0131l saklanabilir.<br \/>\nDozaj;<br \/>\nBal\u0131klar\u0131n temel diyetine (\u00f6rne\u011fin TetraMin) ek olarak haftada birka\u00e7 kez besleyin.<br \/>\nMiktar;<br \/>\n48 gr<\/p>","protected":false},"featured_media":47146,"comment_status":"open","ping_status":"closed","template":"","meta":{"_acf_changed":false},"product_brand":[],"product_cat":[2404],"product_tag":[],"class_list":{"0":"post-46287","1":"product","2":"type-product","3":"status-publish","4":"has-post-thumbnail","6":"product_cat-odul-yemleri","8":"first","9":"instock","10":"shipping-taxable","11":"product-type-simple"},"acf":[],"yoast_head":"<!-- This site is optimized with the Yoast SEO plugin v27.4 - https:\/\/yoast.com\/product\/yoast-seo-wordpress\/ -->\n<title>Tetra Fresh Delica Daphnia Tropikal Jel Bal\u0131k Yemi - Su Piresi - 48GR - Anadolu Pet Grup<\/title>\n<meta name=\"robots\" content=\"index, follow, max-snippet:-1, max-image-preview:large, max-video-preview:-1\" \/>\n<link rel=\"canonical\" href=\"https:\/\/anadolupet.com.tr\/en\/product\/tetra-fresh-delica-daphnia-tropikal-jel-balik-yemi-su-piresi-48gr\/\" \/>\n<meta property=\"og:locale\" content=\"en_US\" \/>\n<meta property=\"og:type\" content=\"article\" \/>\n<meta property=\"og:title\" content=\"Tetra Fresh Delica Daphnia Tropikal Jel Bal\u0131k Yemi - Su Piresi - 48GR - Anadolu Pet Grup\" \/>\n<meta property=\"og:description\" content=\"Tetra Fresh Delica Daphnia, protein ve ya\u011flarla zenginle\u015ftirilmi\u015f jel i\u00e7erisinde, besleyici ve do\u011fal bir ek besin kayna\u011f\u0131d\u0131r. \u0130\u00e7eri\u011finde su piresi (Dafnia) mevcuttur. \u00dcretiminde katk\u0131 maddesi kullan\u0131lmam\u0131\u015ft\u0131r. Yemleme esnas\u0131nda akvaryum suyunuzu kirletmez ve buland\u0131rmaz. \u00d6zel ko\u015fullarda paketlenmesi sebebi ile \u00fcr\u00fcn tamamen sterildir ve canl\u0131 yemler ile ta\u015f\u0131nabilecek bakterileri bar\u0131nd\u0131rmaz. Detaylar; *Vitaminler ve besinler ile dolu bir jel yem i\u00e7inde do\u011fal su hayvanlar\u0131 mevcuttur. *Sa\u011fl\u0131kl\u0131 beslenme e\u011flencesi ve bal\u0131klarla etkile\u015fim i\u00e7in idealdir. *Hazz\u0131 en \u00fcst d\u00fczeye \u00e7\u0131karmak i\u00e7in taze ve do\u011fal bir tada sahiptir. *Fresh Delica&#039;n\u0131n d\u00f6rt \u00e7e\u015fidi mevcuttur: K\u0131rm\u0131z\u0131 Kan Kurtlar\u0131, Salamura Karidesleri, Krill ve Daphnia. *Steril bir \u015fekilde ambalajlanm\u0131\u015ft\u0131r. *Dondurulmu\u015f g\u0131dalardan iki kat daha fazla besin i\u00e7erir. *So\u011futulmadan bile \u00fc\u00e7 y\u0131l saklanabilir. Dozaj; Bal\u0131klar\u0131n temel diyetine (\u00f6rne\u011fin TetraMin) ek olarak haftada birka\u00e7 kez besleyin. Miktar; 48 gr\" \/>\n<meta property=\"og:url\" content=\"https:\/\/anadolupet.com.tr\/en\/product\/tetra-fresh-delica-daphnia-tropikal-jel-balik-yemi-su-piresi-48gr\/\" \/>\n<meta property=\"og:site_name\" content=\"Anadolu Pet Grup\" \/>\n<meta property=\"article:modified_time\" content=\"2026-02-23T16:49:17+00:00\" \/>\n<meta property=\"og:image\" content=\"https:\/\/anadolupet.com.tr\/wp-content\/uploads\/2026\/02\/400-772366.jpg\" \/>\n\t<meta property=\"og:image:width\" content=\"750\" \/>\n\t<meta property=\"og:image:height\" content=\"750\" \/>\n\t<meta property=\"og:image:type\" content=\"image\/jpeg\" \/>\n<meta name=\"twitter:card\" content=\"summary_large_image\" \/>\n<script type=\"application\/ld+json\" class=\"yoast-schema-graph\">{\"@context\":\"https:\\\/\\\/schema.org\",\"@graph\":[{\"@type\":\"WebPage\",\"@id\":\"https:\\\/\\\/anadolupet.com.tr\\\/urun\\\/tetra-fresh-delica-daphnia-tropikal-jel-balik-yemi-su-piresi-48gr\\\/\",\"url\":\"https:\\\/\\\/anadolupet.com.tr\\\/urun\\\/tetra-fresh-delica-daphnia-tropikal-jel-balik-yemi-su-piresi-48gr\\\/\",\"name\":\"Tetra Fresh Delica Daphnia Tropikal Jel Bal\u0131k Yemi - Su Piresi - 48GR - Anadolu Pet Grup\",\"isPartOf\":{\"@id\":\"https:\\\/\\\/anadolupet.com.tr\\\/#website\"},\"primaryImageOfPage\":{\"@id\":\"https:\\\/\\\/anadolupet.com.tr\\\/urun\\\/tetra-fresh-delica-daphnia-tropikal-jel-balik-yemi-su-piresi-48gr\\\/#primaryimage\"},\"image\":{\"@id\":\"https:\\\/\\\/anadolupet.com.tr\\\/urun\\\/tetra-fresh-delica-daphnia-tropikal-jel-balik-yemi-su-piresi-48gr\\\/#primaryimage\"},\"thumbnailUrl\":\"https:\\\/\\\/anadolupet.com.tr\\\/wp-content\\\/uploads\\\/2026\\\/02\\\/400-772366.jpg\",\"datePublished\":\"2026-02-14T14:46:16+00:00\",\"dateModified\":\"2026-02-23T16:49:17+00:00\",\"breadcrumb\":{\"@id\":\"https:\\\/\\\/anadolupet.com.tr\\\/urun\\\/tetra-fresh-delica-daphnia-tropikal-jel-balik-yemi-su-piresi-48gr\\\/#breadcrumb\"},\"inLanguage\":\"en-US\",\"potentialAction\":[{\"@type\":\"ReadAction\",\"target\":[\"https:\\\/\\\/anadolupet.com.tr\\\/urun\\\/tetra-fresh-delica-daphnia-tropikal-jel-balik-yemi-su-piresi-48gr\\\/\"]}]},{\"@type\":\"ImageObject\",\"inLanguage\":\"en-US\",\"@id\":\"https:\\\/\\\/anadolupet.com.tr\\\/urun\\\/tetra-fresh-delica-daphnia-tropikal-jel-balik-yemi-su-piresi-48gr\\\/#primaryimage\",\"url\":\"https:\\\/\\\/anadolupet.com.tr\\\/wp-content\\\/uploads\\\/2026\\\/02\\\/400-772366.jpg\",\"contentUrl\":\"https:\\\/\\\/anadolupet.com.tr\\\/wp-content\\\/uploads\\\/2026\\\/02\\\/400-772366.jpg\",\"width\":750,\"height\":750},{\"@type\":\"BreadcrumbList\",\"@id\":\"https:\\\/\\\/anadolupet.com.tr\\\/urun\\\/tetra-fresh-delica-daphnia-tropikal-jel-balik-yemi-su-piresi-48gr\\\/#breadcrumb\",\"itemListElement\":[{\"@type\":\"ListItem\",\"position\":1,\"name\":\"Anasayfa\",\"item\":\"https:\\\/\\\/anadolupet.com.tr\\\/\"},{\"@type\":\"ListItem\",\"position\":2,\"name\":\"\u00dcr\u00fcnler\",\"item\":\"https:\\\/\\\/anadolupet.com.tr\\\/urunler\\\/\"},{\"@type\":\"ListItem\",\"position\":3,\"name\":\"Tetra Fresh Delica Daphnia Tropikal Jel Bal\u0131k Yemi &#8211; Su Piresi &#8211; 48GR\"}]},{\"@type\":\"WebSite\",\"@id\":\"https:\\\/\\\/anadolupet.com.tr\\\/#website\",\"url\":\"https:\\\/\\\/anadolupet.com.tr\\\/\",\"name\":\"Anadolu Pet Grup\",\"description\":\"Her Can\u0131n \u0130yi Ya\u015fam\u0131 \u0130\u00e7in Biraraday\u0131z\",\"publisher\":{\"@id\":\"https:\\\/\\\/anadolupet.com.tr\\\/#organization\"},\"potentialAction\":[{\"@type\":\"SearchAction\",\"target\":{\"@type\":\"EntryPoint\",\"urlTemplate\":\"https:\\\/\\\/anadolupet.com.tr\\\/?s={search_term_string}\"},\"query-input\":{\"@type\":\"PropertyValueSpecification\",\"valueRequired\":true,\"valueName\":\"search_term_string\"}}],\"inLanguage\":\"en-US\"},{\"@type\":\"Organization\",\"@id\":\"https:\\\/\\\/anadolupet.com.tr\\\/#organization\",\"name\":\"Anadolu Pet Grup\",\"alternateName\":\"Anadolu Pet\",\"url\":\"https:\\\/\\\/anadolupet.com.tr\\\/\",\"logo\":{\"@type\":\"ImageObject\",\"inLanguage\":\"en-US\",\"@id\":\"https:\\\/\\\/anadolupet.com.tr\\\/#\\\/schema\\\/logo\\\/image\\\/\",\"url\":\"https:\\\/\\\/anadolupet.com.tr\\\/wp-content\\\/uploads\\\/2026\\\/03\\\/1614666743370.jpg\",\"contentUrl\":\"https:\\\/\\\/anadolupet.com.tr\\\/wp-content\\\/uploads\\\/2026\\\/03\\\/1614666743370.jpg\",\"width\":800,\"height\":571,\"caption\":\"Anadolu Pet Grup\"},\"image\":{\"@id\":\"https:\\\/\\\/anadolupet.com.tr\\\/#\\\/schema\\\/logo\\\/image\\\/\"}}]}<\/script>\n<!-- \/ Yoast SEO plugin. -->","yoast_head_json":{"title":"Tetra Fresh Delica Daphnia Tropikal Jel Bal\u0131k Yemi - Su Piresi - 48GR - Anadolu Pet Grup","robots":{"index":"index","follow":"follow","max-snippet":"max-snippet:-1","max-image-preview":"max-image-preview:large","max-video-preview":"max-video-preview:-1"},"canonical":"https:\/\/anadolupet.com.tr\/en\/product\/tetra-fresh-delica-daphnia-tropikal-jel-balik-yemi-su-piresi-48gr\/","og_locale":"en_US","og_type":"article","og_title":"Tetra Fresh Delica Daphnia Tropikal Jel Bal\u0131k Yemi - Su Piresi - 48GR - Anadolu Pet Grup","og_description":"Tetra Fresh Delica Daphnia, protein ve ya\u011flarla zenginle\u015ftirilmi\u015f jel i\u00e7erisinde, besleyici ve do\u011fal bir ek besin kayna\u011f\u0131d\u0131r. \u0130\u00e7eri\u011finde su piresi (Dafnia) mevcuttur. \u00dcretiminde katk\u0131 maddesi kullan\u0131lmam\u0131\u015ft\u0131r. Yemleme esnas\u0131nda akvaryum suyunuzu kirletmez ve buland\u0131rmaz. \u00d6zel ko\u015fullarda paketlenmesi sebebi ile \u00fcr\u00fcn tamamen sterildir ve canl\u0131 yemler ile ta\u015f\u0131nabilecek bakterileri bar\u0131nd\u0131rmaz. Detaylar; *Vitaminler ve besinler ile dolu bir jel yem i\u00e7inde do\u011fal su hayvanlar\u0131 mevcuttur. *Sa\u011fl\u0131kl\u0131 beslenme e\u011flencesi ve bal\u0131klarla etkile\u015fim i\u00e7in idealdir. *Hazz\u0131 en \u00fcst d\u00fczeye \u00e7\u0131karmak i\u00e7in taze ve do\u011fal bir tada sahiptir. *Fresh Delica'n\u0131n d\u00f6rt \u00e7e\u015fidi mevcuttur: K\u0131rm\u0131z\u0131 Kan Kurtlar\u0131, Salamura Karidesleri, Krill ve Daphnia. *Steril bir \u015fekilde ambalajlanm\u0131\u015ft\u0131r. *Dondurulmu\u015f g\u0131dalardan iki kat daha fazla besin i\u00e7erir. *So\u011futulmadan bile \u00fc\u00e7 y\u0131l saklanabilir. Dozaj; Bal\u0131klar\u0131n temel diyetine (\u00f6rne\u011fin TetraMin) ek olarak haftada birka\u00e7 kez besleyin. Miktar; 48 gr","og_url":"https:\/\/anadolupet.com.tr\/en\/product\/tetra-fresh-delica-daphnia-tropikal-jel-balik-yemi-su-piresi-48gr\/","og_site_name":"Anadolu Pet Grup","article_modified_time":"2026-02-23T16:49:17+00:00","og_image":[{"width":750,"height":750,"url":"https:\/\/anadolupet.com.tr\/wp-content\/uploads\/2026\/02\/400-772366.jpg","type":"image\/jpeg"}],"twitter_card":"summary_large_image","schema":{"@context":"https:\/\/schema.org","@graph":[{"@type":"WebPage","@id":"https:\/\/anadolupet.com.tr\/urun\/tetra-fresh-delica-daphnia-tropikal-jel-balik-yemi-su-piresi-48gr\/","url":"https:\/\/anadolupet.com.tr\/urun\/tetra-fresh-delica-daphnia-tropikal-jel-balik-yemi-su-piresi-48gr\/","name":"Tetra Fresh Delica Daphnia Tropikal Jel Bal\u0131k Yemi - Su Piresi - 48GR - Anadolu Pet Grup","isPartOf":{"@id":"https:\/\/anadolupet.com.tr\/#website"},"primaryImageOfPage":{"@id":"https:\/\/anadolupet.com.tr\/urun\/tetra-fresh-delica-daphnia-tropikal-jel-balik-yemi-su-piresi-48gr\/#primaryimage"},"image":{"@id":"https:\/\/anadolupet.com.tr\/urun\/tetra-fresh-delica-daphnia-tropikal-jel-balik-yemi-su-piresi-48gr\/#primaryimage"},"thumbnailUrl":"https:\/\/anadolupet.com.tr\/wp-content\/uploads\/2026\/02\/400-772366.jpg","datePublished":"2026-02-14T14:46:16+00:00","dateModified":"2026-02-23T16:49:17+00:00","breadcrumb":{"@id":"https:\/\/anadolupet.com.tr\/urun\/tetra-fresh-delica-daphnia-tropikal-jel-balik-yemi-su-piresi-48gr\/#breadcrumb"},"inLanguage":"en-US","potentialAction":[{"@type":"ReadAction","target":["https:\/\/anadolupet.com.tr\/urun\/tetra-fresh-delica-daphnia-tropikal-jel-balik-yemi-su-piresi-48gr\/"]}]},{"@type":"ImageObject","inLanguage":"en-US","@id":"https:\/\/anadolupet.com.tr\/urun\/tetra-fresh-delica-daphnia-tropikal-jel-balik-yemi-su-piresi-48gr\/#primaryimage","url":"https:\/\/anadolupet.com.tr\/wp-content\/uploads\/2026\/02\/400-772366.jpg","contentUrl":"https:\/\/anadolupet.com.tr\/wp-content\/uploads\/2026\/02\/400-772366.jpg","width":750,"height":750},{"@type":"BreadcrumbList","@id":"https:\/\/anadolupet.com.tr\/urun\/tetra-fresh-delica-daphnia-tropikal-jel-balik-yemi-su-piresi-48gr\/#breadcrumb","itemListElement":[{"@type":"ListItem","position":1,"name":"Anasayfa","item":"https:\/\/anadolupet.com.tr\/"},{"@type":"ListItem","position":2,"name":"\u00dcr\u00fcnler","item":"https:\/\/anadolupet.com.tr\/urunler\/"},{"@type":"ListItem","position":3,"name":"Tetra Fresh Delica Daphnia Tropikal Jel Bal\u0131k Yemi &#8211; Su Piresi &#8211; 48GR"}]},{"@type":"WebSite","@id":"https:\/\/anadolupet.com.tr\/#website","url":"https:\/\/anadolupet.com.tr\/","name":"Anadolu Pet Group","description":"We Stand Together for the Well-Being of Every Life","publisher":{"@id":"https:\/\/anadolupet.com.tr\/#organization"},"potentialAction":[{"@type":"SearchAction","target":{"@type":"EntryPoint","urlTemplate":"https:\/\/anadolupet.com.tr\/?s={search_term_string}"},"query-input":{"@type":"PropertyValueSpecification","valueRequired":true,"valueName":"search_term_string"}}],"inLanguage":"en-US"},{"@type":"Organization","@id":"https:\/\/anadolupet.com.tr\/#organization","name":"Anadolu Pet Group","alternateName":"Anadolu Pet","url":"https:\/\/anadolupet.com.tr\/","logo":{"@type":"ImageObject","inLanguage":"en-US","@id":"https:\/\/anadolupet.com.tr\/#\/schema\/logo\/image\/","url":"https:\/\/anadolupet.com.tr\/wp-content\/uploads\/2026\/03\/1614666743370.jpg","contentUrl":"https:\/\/anadolupet.com.tr\/wp-content\/uploads\/2026\/03\/1614666743370.jpg","width":800,"height":571,"caption":"Anadolu Pet Grup"},"image":{"@id":"https:\/\/anadolupet.com.tr\/#\/schema\/logo\/image\/"}}]}},"_links":{"self":[{"href":"https:\/\/anadolupet.com.tr\/en\/wp-json\/wp\/v2\/product\/46287","targetHints":{"allow":["GET"]}}],"collection":[{"href":"https:\/\/anadolupet.com.tr\/en\/wp-json\/wp\/v2\/product"}],"about":[{"href":"https:\/\/anadolupet.com.tr\/en\/wp-json\/wp\/v2\/types\/product"}],"replies":[{"embeddable":true,"href":"https:\/\/anadolupet.com.tr\/en\/wp-json\/wp\/v2\/comments?post=46287"}],"wp:featuredmedia":[{"embeddable":true,"href":"https:\/\/anadolupet.com.tr\/en\/wp-json\/wp\/v2\/media\/47146"}],"wp:attachment":[{"href":"https:\/\/anadolupet.com.tr\/en\/wp-json\/wp\/v2\/media?parent=46287"}],"wp:term":[{"taxonomy":"product_brand","embeddable":true,"href":"https:\/\/anadolupet.com.tr\/en\/wp-json\/wp\/v2\/product_brand?post=46287"},{"taxonomy":"product_cat","embeddable":true,"href":"https:\/\/anadolupet.com.tr\/en\/wp-json\/wp\/v2\/product_cat?post=46287"},{"taxonomy":"product_tag","embeddable":true,"href":"https:\/\/anadolupet.com.tr\/en\/wp-json\/wp\/v2\/product_tag?post=46287"}],"curies":[{"name":"wp","href":"https:\/\/api.w.org\/{rel}","templated":true}]}}