{"id":46290,"date":"2026-02-14T14:46:17","date_gmt":"2026-02-14T14:46:17","guid":{"rendered":"https:\/\/anadolupet.com.tr\/?post_type=product&#038;p=46290"},"modified":"2026-02-23T16:49:17","modified_gmt":"2026-02-23T16:49:17","slug":"tetra-gc30-gravel-cleaner-manuel-dip-supurgesi","status":"publish","type":"product","link":"https:\/\/anadolupet.com.tr\/en\/urun\/tetra-gc30-gravel-cleaner-manuel-dip-supurgesi\/","title":{"rendered":"Tetra GC30 Gravel Cleaner Manuel Dip S\u00fcp\u00fcrgesi"},"content":{"rendered":"","protected":false},"excerpt":{"rendered":"<p>Tetra GC 30 Gravel Cleaner, akvaryum i\u00e7indeki tortu ve at\u0131klar\u0131 temizlemek amac\u0131yla kullan\u0131lan, 30 cm uzunlu\u011funda s\u00fcp\u00fcrge b\u00f6l\u00fcm\u00fc ve 1,5 m uzunlu\u011funda \u015feffaf hortumu bulunan, dip temizleme s\u00fcp\u00fcrgesidir. Akvaryum taban\u0131nda biriken kirlili\u011fi; tortu ve at\u0131klar\u0131, taban\u0131 kald\u0131r\u0131p nitrat\u0131 y\u00fckseltmeden ve kolayca tahliye eder.<br \/>\nDetaylar;<br \/>\n*Suyu emmek i\u00e7in y\u00fcksek h\u0131zl\u0131 \u00e7al\u0131\u015ft\u0131rma valfi.<br \/>\n*Koruyucu \u0131zgara, bal\u0131klar\u0131n veya \u00e7ak\u0131llar\u0131n emilmesini \u00f6nler.<br \/>\n*Yenilik\u00e7i kontrol d\u00fc\u011fmesi, boruyu dola\u015ft\u0131rmadan \u00e7ak\u0131l temizleyicinin t\u00fcm hareketlerine tepki verir.<br \/>\n*\u00dc\u00e7gen emi\u015f borusu yap\u0131s\u0131, eri\u015filemeyen t\u00fcm alanlar\u0131n ve akvaryum cam\u0131na yak\u0131n b\u00f6lgelerin temizlenmesini sa\u011flar.<br \/>\n*Kolay ve g\u00fcvenli kullan\u0131m i\u00e7in dizayn edilmi\u015f tutamak.<br \/>\n*2 y\u0131l garanti.<\/p>","protected":false},"featured_media":47256,"comment_status":"open","ping_status":"closed","template":"","meta":{"_acf_changed":false},"product_brand":[],"product_cat":[2416],"product_tag":[],"class_list":{"0":"post-46290","1":"product","2":"type-product","3":"status-publish","4":"has-post-thumbnail","6":"product_cat-temizlik-ve-bakim","8":"first","9":"instock","10":"shipping-taxable","11":"product-type-simple"},"acf":[],"yoast_head":"<!-- This site is optimized with the Yoast SEO plugin v27.4 - https:\/\/yoast.com\/product\/yoast-seo-wordpress\/ -->\n<title>Tetra GC30 Gravel Cleaner Manuel Dip S\u00fcp\u00fcrgesi - Anadolu Pet Grup<\/title>\n<meta name=\"robots\" content=\"index, follow, max-snippet:-1, max-image-preview:large, max-video-preview:-1\" \/>\n<link rel=\"canonical\" href=\"https:\/\/anadolupet.com.tr\/en\/product\/tetra-gc30-gravel-cleaner-manuel-dip-supurgesi\/\" \/>\n<meta property=\"og:locale\" content=\"en_US\" \/>\n<meta property=\"og:type\" content=\"article\" \/>\n<meta property=\"og:title\" content=\"Tetra GC30 Gravel Cleaner Manuel Dip S\u00fcp\u00fcrgesi - Anadolu Pet Grup\" \/>\n<meta property=\"og:description\" content=\"Tetra GC 30 Gravel Cleaner, akvaryum i\u00e7indeki tortu ve at\u0131klar\u0131 temizlemek amac\u0131yla kullan\u0131lan, 30 cm uzunlu\u011funda s\u00fcp\u00fcrge b\u00f6l\u00fcm\u00fc ve 1,5 m uzunlu\u011funda \u015feffaf hortumu bulunan, dip temizleme s\u00fcp\u00fcrgesidir. Akvaryum taban\u0131nda biriken kirlili\u011fi; tortu ve at\u0131klar\u0131, taban\u0131 kald\u0131r\u0131p nitrat\u0131 y\u00fckseltmeden ve kolayca tahliye eder. Detaylar; *Suyu emmek i\u00e7in y\u00fcksek h\u0131zl\u0131 \u00e7al\u0131\u015ft\u0131rma valfi. *Koruyucu \u0131zgara, bal\u0131klar\u0131n veya \u00e7ak\u0131llar\u0131n emilmesini \u00f6nler. *Yenilik\u00e7i kontrol d\u00fc\u011fmesi, boruyu dola\u015ft\u0131rmadan \u00e7ak\u0131l temizleyicinin t\u00fcm hareketlerine tepki verir. *\u00dc\u00e7gen emi\u015f borusu yap\u0131s\u0131, eri\u015filemeyen t\u00fcm alanlar\u0131n ve akvaryum cam\u0131na yak\u0131n b\u00f6lgelerin temizlenmesini sa\u011flar. *Kolay ve g\u00fcvenli kullan\u0131m i\u00e7in dizayn edilmi\u015f tutamak. *2 y\u0131l garanti.\" \/>\n<meta property=\"og:url\" content=\"https:\/\/anadolupet.com.tr\/en\/product\/tetra-gc30-gravel-cleaner-manuel-dip-supurgesi\/\" \/>\n<meta property=\"og:site_name\" content=\"Anadolu Pet Grup\" \/>\n<meta property=\"article:modified_time\" content=\"2026-02-23T16:49:17+00:00\" \/>\n<meta property=\"og:image\" content=\"https:\/\/anadolupet.com.tr\/wp-content\/uploads\/2026\/02\/402-762312.jpg\" \/>\n\t<meta property=\"og:image:width\" content=\"750\" \/>\n\t<meta property=\"og:image:height\" content=\"750\" \/>\n\t<meta property=\"og:image:type\" content=\"image\/jpeg\" \/>\n<meta name=\"twitter:card\" content=\"summary_large_image\" \/>\n<script type=\"application\/ld+json\" class=\"yoast-schema-graph\">{\"@context\":\"https:\\\/\\\/schema.org\",\"@graph\":[{\"@type\":\"WebPage\",\"@id\":\"https:\\\/\\\/anadolupet.com.tr\\\/en\\\/product\\\/tetra-gc30-gravel-cleaner-manuel-dip-supurgesi\\\/\",\"url\":\"https:\\\/\\\/anadolupet.com.tr\\\/en\\\/product\\\/tetra-gc30-gravel-cleaner-manuel-dip-supurgesi\\\/\",\"name\":\"Tetra GC30 Gravel Cleaner Manuel Dip S\u00fcp\u00fcrgesi - Anadolu Pet Grup\",\"isPartOf\":{\"@id\":\"https:\\\/\\\/anadolupet.com.tr\\\/#website\"},\"primaryImageOfPage\":{\"@id\":\"https:\\\/\\\/anadolupet.com.tr\\\/en\\\/product\\\/tetra-gc30-gravel-cleaner-manuel-dip-supurgesi\\\/#primaryimage\"},\"image\":{\"@id\":\"https:\\\/\\\/anadolupet.com.tr\\\/en\\\/product\\\/tetra-gc30-gravel-cleaner-manuel-dip-supurgesi\\\/#primaryimage\"},\"thumbnailUrl\":\"https:\\\/\\\/anadolupet.com.tr\\\/wp-content\\\/uploads\\\/2026\\\/02\\\/402-762312.jpg\",\"datePublished\":\"2026-02-14T14:46:17+00:00\",\"dateModified\":\"2026-02-23T16:49:17+00:00\",\"breadcrumb\":{\"@id\":\"https:\\\/\\\/anadolupet.com.tr\\\/en\\\/product\\\/tetra-gc30-gravel-cleaner-manuel-dip-supurgesi\\\/#breadcrumb\"},\"inLanguage\":\"en-US\",\"potentialAction\":[{\"@type\":\"ReadAction\",\"target\":[\"https:\\\/\\\/anadolupet.com.tr\\\/en\\\/product\\\/tetra-gc30-gravel-cleaner-manuel-dip-supurgesi\\\/\"]}]},{\"@type\":\"ImageObject\",\"inLanguage\":\"en-US\",\"@id\":\"https:\\\/\\\/anadolupet.com.tr\\\/en\\\/product\\\/tetra-gc30-gravel-cleaner-manuel-dip-supurgesi\\\/#primaryimage\",\"url\":\"https:\\\/\\\/anadolupet.com.tr\\\/wp-content\\\/uploads\\\/2026\\\/02\\\/402-762312.jpg\",\"contentUrl\":\"https:\\\/\\\/anadolupet.com.tr\\\/wp-content\\\/uploads\\\/2026\\\/02\\\/402-762312.jpg\",\"width\":750,\"height\":750},{\"@type\":\"BreadcrumbList\",\"@id\":\"https:\\\/\\\/anadolupet.com.tr\\\/en\\\/product\\\/tetra-gc30-gravel-cleaner-manuel-dip-supurgesi\\\/#breadcrumb\",\"itemListElement\":[{\"@type\":\"ListItem\",\"position\":1,\"name\":\"Anasayfa\",\"item\":\"https:\\\/\\\/anadolupet.com.tr\\\/\"},{\"@type\":\"ListItem\",\"position\":2,\"name\":\"\u00dcr\u00fcnler\",\"item\":\"https:\\\/\\\/anadolupet.com.tr\\\/urunler\\\/\"},{\"@type\":\"ListItem\",\"position\":3,\"name\":\"Tetra GC30 Gravel Cleaner Manuel Dip S\u00fcp\u00fcrgesi\"}]},{\"@type\":\"WebSite\",\"@id\":\"https:\\\/\\\/anadolupet.com.tr\\\/#website\",\"url\":\"https:\\\/\\\/anadolupet.com.tr\\\/\",\"name\":\"Anadolu Pet Grup\",\"description\":\"Her Can\u0131n \u0130yi Ya\u015fam\u0131 \u0130\u00e7in Biraraday\u0131z\",\"publisher\":{\"@id\":\"https:\\\/\\\/anadolupet.com.tr\\\/#organization\"},\"potentialAction\":[{\"@type\":\"SearchAction\",\"target\":{\"@type\":\"EntryPoint\",\"urlTemplate\":\"https:\\\/\\\/anadolupet.com.tr\\\/?s={search_term_string}\"},\"query-input\":{\"@type\":\"PropertyValueSpecification\",\"valueRequired\":true,\"valueName\":\"search_term_string\"}}],\"inLanguage\":\"en-US\"},{\"@type\":\"Organization\",\"@id\":\"https:\\\/\\\/anadolupet.com.tr\\\/#organization\",\"name\":\"Anadolu Pet Grup\",\"alternateName\":\"Anadolu Pet\",\"url\":\"https:\\\/\\\/anadolupet.com.tr\\\/\",\"logo\":{\"@type\":\"ImageObject\",\"inLanguage\":\"en-US\",\"@id\":\"https:\\\/\\\/anadolupet.com.tr\\\/#\\\/schema\\\/logo\\\/image\\\/\",\"url\":\"https:\\\/\\\/anadolupet.com.tr\\\/wp-content\\\/uploads\\\/2026\\\/03\\\/1614666743370.jpg\",\"contentUrl\":\"https:\\\/\\\/anadolupet.com.tr\\\/wp-content\\\/uploads\\\/2026\\\/03\\\/1614666743370.jpg\",\"width\":800,\"height\":571,\"caption\":\"Anadolu Pet Grup\"},\"image\":{\"@id\":\"https:\\\/\\\/anadolupet.com.tr\\\/#\\\/schema\\\/logo\\\/image\\\/\"}}]}<\/script>\n<!-- \/ Yoast SEO plugin. -->","yoast_head_json":{"title":"Tetra GC30 Gravel Cleaner Manuel Dip S\u00fcp\u00fcrgesi - Anadolu Pet Grup","robots":{"index":"index","follow":"follow","max-snippet":"max-snippet:-1","max-image-preview":"max-image-preview:large","max-video-preview":"max-video-preview:-1"},"canonical":"https:\/\/anadolupet.com.tr\/en\/product\/tetra-gc30-gravel-cleaner-manuel-dip-supurgesi\/","og_locale":"en_US","og_type":"article","og_title":"Tetra GC30 Gravel Cleaner Manuel Dip S\u00fcp\u00fcrgesi - Anadolu Pet Grup","og_description":"Tetra GC 30 Gravel Cleaner, akvaryum i\u00e7indeki tortu ve at\u0131klar\u0131 temizlemek amac\u0131yla kullan\u0131lan, 30 cm uzunlu\u011funda s\u00fcp\u00fcrge b\u00f6l\u00fcm\u00fc ve 1,5 m uzunlu\u011funda \u015feffaf hortumu bulunan, dip temizleme s\u00fcp\u00fcrgesidir. Akvaryum taban\u0131nda biriken kirlili\u011fi; tortu ve at\u0131klar\u0131, taban\u0131 kald\u0131r\u0131p nitrat\u0131 y\u00fckseltmeden ve kolayca tahliye eder. Detaylar; *Suyu emmek i\u00e7in y\u00fcksek h\u0131zl\u0131 \u00e7al\u0131\u015ft\u0131rma valfi. *Koruyucu \u0131zgara, bal\u0131klar\u0131n veya \u00e7ak\u0131llar\u0131n emilmesini \u00f6nler. *Yenilik\u00e7i kontrol d\u00fc\u011fmesi, boruyu dola\u015ft\u0131rmadan \u00e7ak\u0131l temizleyicinin t\u00fcm hareketlerine tepki verir. *\u00dc\u00e7gen emi\u015f borusu yap\u0131s\u0131, eri\u015filemeyen t\u00fcm alanlar\u0131n ve akvaryum cam\u0131na yak\u0131n b\u00f6lgelerin temizlenmesini sa\u011flar. *Kolay ve g\u00fcvenli kullan\u0131m i\u00e7in dizayn edilmi\u015f tutamak. *2 y\u0131l garanti.","og_url":"https:\/\/anadolupet.com.tr\/en\/product\/tetra-gc30-gravel-cleaner-manuel-dip-supurgesi\/","og_site_name":"Anadolu Pet Grup","article_modified_time":"2026-02-23T16:49:17+00:00","og_image":[{"width":750,"height":750,"url":"https:\/\/anadolupet.com.tr\/wp-content\/uploads\/2026\/02\/402-762312.jpg","type":"image\/jpeg"}],"twitter_card":"summary_large_image","schema":{"@context":"https:\/\/schema.org","@graph":[{"@type":"WebPage","@id":"https:\/\/anadolupet.com.tr\/en\/product\/tetra-gc30-gravel-cleaner-manuel-dip-supurgesi\/","url":"https:\/\/anadolupet.com.tr\/en\/product\/tetra-gc30-gravel-cleaner-manuel-dip-supurgesi\/","name":"Tetra GC30 Gravel Cleaner Manuel Dip S\u00fcp\u00fcrgesi - Anadolu Pet Grup","isPartOf":{"@id":"https:\/\/anadolupet.com.tr\/#website"},"primaryImageOfPage":{"@id":"https:\/\/anadolupet.com.tr\/en\/product\/tetra-gc30-gravel-cleaner-manuel-dip-supurgesi\/#primaryimage"},"image":{"@id":"https:\/\/anadolupet.com.tr\/en\/product\/tetra-gc30-gravel-cleaner-manuel-dip-supurgesi\/#primaryimage"},"thumbnailUrl":"https:\/\/anadolupet.com.tr\/wp-content\/uploads\/2026\/02\/402-762312.jpg","datePublished":"2026-02-14T14:46:17+00:00","dateModified":"2026-02-23T16:49:17+00:00","breadcrumb":{"@id":"https:\/\/anadolupet.com.tr\/en\/product\/tetra-gc30-gravel-cleaner-manuel-dip-supurgesi\/#breadcrumb"},"inLanguage":"en-US","potentialAction":[{"@type":"ReadAction","target":["https:\/\/anadolupet.com.tr\/en\/product\/tetra-gc30-gravel-cleaner-manuel-dip-supurgesi\/"]}]},{"@type":"ImageObject","inLanguage":"en-US","@id":"https:\/\/anadolupet.com.tr\/en\/product\/tetra-gc30-gravel-cleaner-manuel-dip-supurgesi\/#primaryimage","url":"https:\/\/anadolupet.com.tr\/wp-content\/uploads\/2026\/02\/402-762312.jpg","contentUrl":"https:\/\/anadolupet.com.tr\/wp-content\/uploads\/2026\/02\/402-762312.jpg","width":750,"height":750},{"@type":"BreadcrumbList","@id":"https:\/\/anadolupet.com.tr\/en\/product\/tetra-gc30-gravel-cleaner-manuel-dip-supurgesi\/#breadcrumb","itemListElement":[{"@type":"ListItem","position":1,"name":"Anasayfa","item":"https:\/\/anadolupet.com.tr\/"},{"@type":"ListItem","position":2,"name":"\u00dcr\u00fcnler","item":"https:\/\/anadolupet.com.tr\/urunler\/"},{"@type":"ListItem","position":3,"name":"Tetra GC30 Gravel Cleaner Manuel Dip S\u00fcp\u00fcrgesi"}]},{"@type":"WebSite","@id":"https:\/\/anadolupet.com.tr\/#website","url":"https:\/\/anadolupet.com.tr\/","name":"Anadolu Pet Group","description":"We Stand Together for the Well-Being of Every Life","publisher":{"@id":"https:\/\/anadolupet.com.tr\/#organization"},"potentialAction":[{"@type":"SearchAction","target":{"@type":"EntryPoint","urlTemplate":"https:\/\/anadolupet.com.tr\/?s={search_term_string}"},"query-input":{"@type":"PropertyValueSpecification","valueRequired":true,"valueName":"search_term_string"}}],"inLanguage":"en-US"},{"@type":"Organization","@id":"https:\/\/anadolupet.com.tr\/#organization","name":"Anadolu Pet Group","alternateName":"Anadolu Pet","url":"https:\/\/anadolupet.com.tr\/","logo":{"@type":"ImageObject","inLanguage":"en-US","@id":"https:\/\/anadolupet.com.tr\/#\/schema\/logo\/image\/","url":"https:\/\/anadolupet.com.tr\/wp-content\/uploads\/2026\/03\/1614666743370.jpg","contentUrl":"https:\/\/anadolupet.com.tr\/wp-content\/uploads\/2026\/03\/1614666743370.jpg","width":800,"height":571,"caption":"Anadolu Pet Grup"},"image":{"@id":"https:\/\/anadolupet.com.tr\/#\/schema\/logo\/image\/"}}]}},"_links":{"self":[{"href":"https:\/\/anadolupet.com.tr\/en\/wp-json\/wp\/v2\/product\/46290","targetHints":{"allow":["GET"]}}],"collection":[{"href":"https:\/\/anadolupet.com.tr\/en\/wp-json\/wp\/v2\/product"}],"about":[{"href":"https:\/\/anadolupet.com.tr\/en\/wp-json\/wp\/v2\/types\/product"}],"replies":[{"embeddable":true,"href":"https:\/\/anadolupet.com.tr\/en\/wp-json\/wp\/v2\/comments?post=46290"}],"wp:featuredmedia":[{"embeddable":true,"href":"https:\/\/anadolupet.com.tr\/en\/wp-json\/wp\/v2\/media\/47256"}],"wp:attachment":[{"href":"https:\/\/anadolupet.com.tr\/en\/wp-json\/wp\/v2\/media?parent=46290"}],"wp:term":[{"taxonomy":"product_brand","embeddable":true,"href":"https:\/\/anadolupet.com.tr\/en\/wp-json\/wp\/v2\/product_brand?post=46290"},{"taxonomy":"product_cat","embeddable":true,"href":"https:\/\/anadolupet.com.tr\/en\/wp-json\/wp\/v2\/product_cat?post=46290"},{"taxonomy":"product_tag","embeddable":true,"href":"https:\/\/anadolupet.com.tr\/en\/wp-json\/wp\/v2\/product_tag?post=46290"}],"curies":[{"name":"wp","href":"https:\/\/api.w.org\/{rel}","templated":true}]}}