{"id":46298,"date":"2026-02-14T14:46:21","date_gmt":"2026-02-14T14:46:21","guid":{"rendered":"https:\/\/anadolupet.com.tr\/?post_type=product&#038;p=46298"},"modified":"2026-02-23T16:49:18","modified_gmt":"2026-02-23T16:49:18","slug":"tetra-goldfish-japon-balik-yemi-500ml","status":"publish","type":"product","link":"https:\/\/anadolupet.com.tr\/en\/urun\/tetra-goldfish-japon-balik-yemi-500ml\/","title":{"rendered":"Tetra Goldfish Japon Bal\u0131k Yemi &#8211; 500ML"},"content":{"rendered":"","protected":false},"excerpt":{"rendered":"<p>Tetra Goldfish Flakes t\u00fcm Japon bal\u0131klar\u0131 ve di\u011fer so\u011fuk su bal\u0131klar\u0131 i\u00e7in beslenme a\u00e7\u0131s\u0131ndan dengeli, birinci s\u0131n\u0131f pul yemdir.<br \/>\nDetaylar;<br \/>\n*Zengin bir diyet i\u00e7in optimum dengelenmi\u015f pul kar\u0131\u015f\u0131m\u0131.<br \/>\n*T\u00fcm \u00f6nemli besinleri ve eser elementleri i\u00e7erir.<br \/>\n*Sa\u011fl\u0131\u011f\u0131, do\u011fal rengi ve canl\u0131l\u0131\u011f\u0131 sa\u011flar.<br \/>\n*BioActive form\u00fcl\u00fc ile bal\u0131klar\u0131n\u0131z\u0131n uzun ve sa\u011fl\u0131kl\u0131 ya\u015fam\u0131n\u0131 garanti eder.<br \/>\n*Clean &#038; Clear Water form\u00fcl\u00fc ile: g\u0131da d\u00f6n\u00fc\u015f\u00fcm\u00fcn\u00fc iyile\u015ftirir ve bal\u0131k at\u0131\u011f\u0131n\u0131 azalt\u0131r. Temiz ve berrak akvaryum suyu sa\u011flar.<br \/>\n*Besleme art\u0131k daha kolay: Rahat ve do\u011fru dozaj i\u00e7in kullan\u0131\u015fl\u0131 dozaj kapa\u011f\u0131.<br \/>\nDozaj;<br \/>\nK\u00fc\u00e7\u00fck porsiyonlarda g\u00fcnde birka\u00e7 kez.<br \/>\nMiktar;<br \/>\n500 ml<\/p>","protected":false},"featured_media":47119,"comment_status":"open","ping_status":"closed","template":"","meta":{"_acf_changed":false},"product_brand":[],"product_cat":[2418],"product_tag":[],"class_list":{"0":"post-46298","1":"product","2":"type-product","3":"status-publish","4":"has-post-thumbnail","6":"product_cat-ture-ozel-yemler","8":"first","9":"instock","10":"shipping-taxable","11":"product-type-simple"},"acf":[],"yoast_head":"<!-- This site is optimized with the Yoast SEO plugin v27.4 - https:\/\/yoast.com\/product\/yoast-seo-wordpress\/ -->\n<title>Tetra Goldfish Japon Bal\u0131k Yemi - 500ML - Anadolu Pet Grup<\/title>\n<meta name=\"robots\" content=\"index, follow, max-snippet:-1, max-image-preview:large, max-video-preview:-1\" \/>\n<link rel=\"canonical\" href=\"https:\/\/anadolupet.com.tr\/en\/product\/tetra-goldfish-japon-balik-yemi-500ml\/\" \/>\n<meta property=\"og:locale\" content=\"en_US\" \/>\n<meta property=\"og:type\" content=\"article\" \/>\n<meta property=\"og:title\" content=\"Tetra Goldfish Japon Bal\u0131k Yemi - 500ML - Anadolu Pet Grup\" \/>\n<meta property=\"og:description\" content=\"Tetra Goldfish Flakes t\u00fcm Japon bal\u0131klar\u0131 ve di\u011fer so\u011fuk su bal\u0131klar\u0131 i\u00e7in beslenme a\u00e7\u0131s\u0131ndan dengeli, birinci s\u0131n\u0131f pul yemdir. Detaylar; *Zengin bir diyet i\u00e7in optimum dengelenmi\u015f pul kar\u0131\u015f\u0131m\u0131. *T\u00fcm \u00f6nemli besinleri ve eser elementleri i\u00e7erir. *Sa\u011fl\u0131\u011f\u0131, do\u011fal rengi ve canl\u0131l\u0131\u011f\u0131 sa\u011flar. *BioActive form\u00fcl\u00fc ile bal\u0131klar\u0131n\u0131z\u0131n uzun ve sa\u011fl\u0131kl\u0131 ya\u015fam\u0131n\u0131 garanti eder. *Clean &amp; Clear Water form\u00fcl\u00fc ile: g\u0131da d\u00f6n\u00fc\u015f\u00fcm\u00fcn\u00fc iyile\u015ftirir ve bal\u0131k at\u0131\u011f\u0131n\u0131 azalt\u0131r. Temiz ve berrak akvaryum suyu sa\u011flar. *Besleme art\u0131k daha kolay: Rahat ve do\u011fru dozaj i\u00e7in kullan\u0131\u015fl\u0131 dozaj kapa\u011f\u0131. Dozaj; K\u00fc\u00e7\u00fck porsiyonlarda g\u00fcnde birka\u00e7 kez. Miktar; 500 ml\" \/>\n<meta property=\"og:url\" content=\"https:\/\/anadolupet.com.tr\/en\/product\/tetra-goldfish-japon-balik-yemi-500ml\/\" \/>\n<meta property=\"og:site_name\" content=\"Anadolu Pet Grup\" \/>\n<meta property=\"article:modified_time\" content=\"2026-02-23T16:49:18+00:00\" \/>\n<meta property=\"og:image\" content=\"https:\/\/anadolupet.com.tr\/wp-content\/uploads\/2026\/02\/400-742635.jpg\" \/>\n\t<meta property=\"og:image:width\" content=\"750\" \/>\n\t<meta property=\"og:image:height\" content=\"750\" \/>\n\t<meta property=\"og:image:type\" content=\"image\/jpeg\" \/>\n<meta name=\"twitter:card\" content=\"summary_large_image\" \/>\n<script type=\"application\/ld+json\" class=\"yoast-schema-graph\">{\"@context\":\"https:\\\/\\\/schema.org\",\"@graph\":[{\"@type\":\"WebPage\",\"@id\":\"https:\\\/\\\/anadolupet.com.tr\\\/urun\\\/tetra-goldfish-japon-balik-yemi-500ml\\\/\",\"url\":\"https:\\\/\\\/anadolupet.com.tr\\\/urun\\\/tetra-goldfish-japon-balik-yemi-500ml\\\/\",\"name\":\"Tetra Goldfish Japon Bal\u0131k Yemi - 500ML - Anadolu Pet Grup\",\"isPartOf\":{\"@id\":\"https:\\\/\\\/anadolupet.com.tr\\\/#website\"},\"primaryImageOfPage\":{\"@id\":\"https:\\\/\\\/anadolupet.com.tr\\\/urun\\\/tetra-goldfish-japon-balik-yemi-500ml\\\/#primaryimage\"},\"image\":{\"@id\":\"https:\\\/\\\/anadolupet.com.tr\\\/urun\\\/tetra-goldfish-japon-balik-yemi-500ml\\\/#primaryimage\"},\"thumbnailUrl\":\"https:\\\/\\\/anadolupet.com.tr\\\/wp-content\\\/uploads\\\/2026\\\/02\\\/400-742635.jpg\",\"datePublished\":\"2026-02-14T14:46:21+00:00\",\"dateModified\":\"2026-02-23T16:49:18+00:00\",\"breadcrumb\":{\"@id\":\"https:\\\/\\\/anadolupet.com.tr\\\/urun\\\/tetra-goldfish-japon-balik-yemi-500ml\\\/#breadcrumb\"},\"inLanguage\":\"en-US\",\"potentialAction\":[{\"@type\":\"ReadAction\",\"target\":[\"https:\\\/\\\/anadolupet.com.tr\\\/urun\\\/tetra-goldfish-japon-balik-yemi-500ml\\\/\"]}]},{\"@type\":\"ImageObject\",\"inLanguage\":\"en-US\",\"@id\":\"https:\\\/\\\/anadolupet.com.tr\\\/urun\\\/tetra-goldfish-japon-balik-yemi-500ml\\\/#primaryimage\",\"url\":\"https:\\\/\\\/anadolupet.com.tr\\\/wp-content\\\/uploads\\\/2026\\\/02\\\/400-742635.jpg\",\"contentUrl\":\"https:\\\/\\\/anadolupet.com.tr\\\/wp-content\\\/uploads\\\/2026\\\/02\\\/400-742635.jpg\",\"width\":750,\"height\":750},{\"@type\":\"BreadcrumbList\",\"@id\":\"https:\\\/\\\/anadolupet.com.tr\\\/urun\\\/tetra-goldfish-japon-balik-yemi-500ml\\\/#breadcrumb\",\"itemListElement\":[{\"@type\":\"ListItem\",\"position\":1,\"name\":\"Anasayfa\",\"item\":\"https:\\\/\\\/anadolupet.com.tr\\\/\"},{\"@type\":\"ListItem\",\"position\":2,\"name\":\"\u00dcr\u00fcnler\",\"item\":\"https:\\\/\\\/anadolupet.com.tr\\\/urunler\\\/\"},{\"@type\":\"ListItem\",\"position\":3,\"name\":\"Tetra Goldfish Japon Bal\u0131k Yemi &#8211; 500ML\"}]},{\"@type\":\"WebSite\",\"@id\":\"https:\\\/\\\/anadolupet.com.tr\\\/#website\",\"url\":\"https:\\\/\\\/anadolupet.com.tr\\\/\",\"name\":\"Anadolu Pet Grup\",\"description\":\"Her Can\u0131n \u0130yi Ya\u015fam\u0131 \u0130\u00e7in Biraraday\u0131z\",\"publisher\":{\"@id\":\"https:\\\/\\\/anadolupet.com.tr\\\/#organization\"},\"potentialAction\":[{\"@type\":\"SearchAction\",\"target\":{\"@type\":\"EntryPoint\",\"urlTemplate\":\"https:\\\/\\\/anadolupet.com.tr\\\/?s={search_term_string}\"},\"query-input\":{\"@type\":\"PropertyValueSpecification\",\"valueRequired\":true,\"valueName\":\"search_term_string\"}}],\"inLanguage\":\"en-US\"},{\"@type\":\"Organization\",\"@id\":\"https:\\\/\\\/anadolupet.com.tr\\\/#organization\",\"name\":\"Anadolu Pet Grup\",\"alternateName\":\"Anadolu Pet\",\"url\":\"https:\\\/\\\/anadolupet.com.tr\\\/\",\"logo\":{\"@type\":\"ImageObject\",\"inLanguage\":\"en-US\",\"@id\":\"https:\\\/\\\/anadolupet.com.tr\\\/#\\\/schema\\\/logo\\\/image\\\/\",\"url\":\"https:\\\/\\\/anadolupet.com.tr\\\/wp-content\\\/uploads\\\/2026\\\/03\\\/1614666743370.jpg\",\"contentUrl\":\"https:\\\/\\\/anadolupet.com.tr\\\/wp-content\\\/uploads\\\/2026\\\/03\\\/1614666743370.jpg\",\"width\":800,\"height\":571,\"caption\":\"Anadolu Pet Grup\"},\"image\":{\"@id\":\"https:\\\/\\\/anadolupet.com.tr\\\/#\\\/schema\\\/logo\\\/image\\\/\"}}]}<\/script>\n<!-- \/ Yoast SEO plugin. -->","yoast_head_json":{"title":"Tetra Goldfish Japon Bal\u0131k Yemi - 500ML - Anadolu Pet Grup","robots":{"index":"index","follow":"follow","max-snippet":"max-snippet:-1","max-image-preview":"max-image-preview:large","max-video-preview":"max-video-preview:-1"},"canonical":"https:\/\/anadolupet.com.tr\/en\/product\/tetra-goldfish-japon-balik-yemi-500ml\/","og_locale":"en_US","og_type":"article","og_title":"Tetra Goldfish Japon Bal\u0131k Yemi - 500ML - Anadolu Pet Grup","og_description":"Tetra Goldfish Flakes t\u00fcm Japon bal\u0131klar\u0131 ve di\u011fer so\u011fuk su bal\u0131klar\u0131 i\u00e7in beslenme a\u00e7\u0131s\u0131ndan dengeli, birinci s\u0131n\u0131f pul yemdir. Detaylar; *Zengin bir diyet i\u00e7in optimum dengelenmi\u015f pul kar\u0131\u015f\u0131m\u0131. *T\u00fcm \u00f6nemli besinleri ve eser elementleri i\u00e7erir. *Sa\u011fl\u0131\u011f\u0131, do\u011fal rengi ve canl\u0131l\u0131\u011f\u0131 sa\u011flar. *BioActive form\u00fcl\u00fc ile bal\u0131klar\u0131n\u0131z\u0131n uzun ve sa\u011fl\u0131kl\u0131 ya\u015fam\u0131n\u0131 garanti eder. *Clean & Clear Water form\u00fcl\u00fc ile: g\u0131da d\u00f6n\u00fc\u015f\u00fcm\u00fcn\u00fc iyile\u015ftirir ve bal\u0131k at\u0131\u011f\u0131n\u0131 azalt\u0131r. Temiz ve berrak akvaryum suyu sa\u011flar. *Besleme art\u0131k daha kolay: Rahat ve do\u011fru dozaj i\u00e7in kullan\u0131\u015fl\u0131 dozaj kapa\u011f\u0131. Dozaj; K\u00fc\u00e7\u00fck porsiyonlarda g\u00fcnde birka\u00e7 kez. Miktar; 500 ml","og_url":"https:\/\/anadolupet.com.tr\/en\/product\/tetra-goldfish-japon-balik-yemi-500ml\/","og_site_name":"Anadolu Pet Grup","article_modified_time":"2026-02-23T16:49:18+00:00","og_image":[{"width":750,"height":750,"url":"https:\/\/anadolupet.com.tr\/wp-content\/uploads\/2026\/02\/400-742635.jpg","type":"image\/jpeg"}],"twitter_card":"summary_large_image","schema":{"@context":"https:\/\/schema.org","@graph":[{"@type":"WebPage","@id":"https:\/\/anadolupet.com.tr\/urun\/tetra-goldfish-japon-balik-yemi-500ml\/","url":"https:\/\/anadolupet.com.tr\/urun\/tetra-goldfish-japon-balik-yemi-500ml\/","name":"Tetra Goldfish Japon Bal\u0131k Yemi - 500ML - Anadolu Pet Grup","isPartOf":{"@id":"https:\/\/anadolupet.com.tr\/#website"},"primaryImageOfPage":{"@id":"https:\/\/anadolupet.com.tr\/urun\/tetra-goldfish-japon-balik-yemi-500ml\/#primaryimage"},"image":{"@id":"https:\/\/anadolupet.com.tr\/urun\/tetra-goldfish-japon-balik-yemi-500ml\/#primaryimage"},"thumbnailUrl":"https:\/\/anadolupet.com.tr\/wp-content\/uploads\/2026\/02\/400-742635.jpg","datePublished":"2026-02-14T14:46:21+00:00","dateModified":"2026-02-23T16:49:18+00:00","breadcrumb":{"@id":"https:\/\/anadolupet.com.tr\/urun\/tetra-goldfish-japon-balik-yemi-500ml\/#breadcrumb"},"inLanguage":"en-US","potentialAction":[{"@type":"ReadAction","target":["https:\/\/anadolupet.com.tr\/urun\/tetra-goldfish-japon-balik-yemi-500ml\/"]}]},{"@type":"ImageObject","inLanguage":"en-US","@id":"https:\/\/anadolupet.com.tr\/urun\/tetra-goldfish-japon-balik-yemi-500ml\/#primaryimage","url":"https:\/\/anadolupet.com.tr\/wp-content\/uploads\/2026\/02\/400-742635.jpg","contentUrl":"https:\/\/anadolupet.com.tr\/wp-content\/uploads\/2026\/02\/400-742635.jpg","width":750,"height":750},{"@type":"BreadcrumbList","@id":"https:\/\/anadolupet.com.tr\/urun\/tetra-goldfish-japon-balik-yemi-500ml\/#breadcrumb","itemListElement":[{"@type":"ListItem","position":1,"name":"Anasayfa","item":"https:\/\/anadolupet.com.tr\/"},{"@type":"ListItem","position":2,"name":"\u00dcr\u00fcnler","item":"https:\/\/anadolupet.com.tr\/urunler\/"},{"@type":"ListItem","position":3,"name":"Tetra Goldfish Japon Bal\u0131k Yemi &#8211; 500ML"}]},{"@type":"WebSite","@id":"https:\/\/anadolupet.com.tr\/#website","url":"https:\/\/anadolupet.com.tr\/","name":"Anadolu Pet Group","description":"We Stand Together for the Well-Being of Every Life","publisher":{"@id":"https:\/\/anadolupet.com.tr\/#organization"},"potentialAction":[{"@type":"SearchAction","target":{"@type":"EntryPoint","urlTemplate":"https:\/\/anadolupet.com.tr\/?s={search_term_string}"},"query-input":{"@type":"PropertyValueSpecification","valueRequired":true,"valueName":"search_term_string"}}],"inLanguage":"en-US"},{"@type":"Organization","@id":"https:\/\/anadolupet.com.tr\/#organization","name":"Anadolu Pet Group","alternateName":"Anadolu Pet","url":"https:\/\/anadolupet.com.tr\/","logo":{"@type":"ImageObject","inLanguage":"en-US","@id":"https:\/\/anadolupet.com.tr\/#\/schema\/logo\/image\/","url":"https:\/\/anadolupet.com.tr\/wp-content\/uploads\/2026\/03\/1614666743370.jpg","contentUrl":"https:\/\/anadolupet.com.tr\/wp-content\/uploads\/2026\/03\/1614666743370.jpg","width":800,"height":571,"caption":"Anadolu Pet Grup"},"image":{"@id":"https:\/\/anadolupet.com.tr\/#\/schema\/logo\/image\/"}}]}},"_links":{"self":[{"href":"https:\/\/anadolupet.com.tr\/en\/wp-json\/wp\/v2\/product\/46298","targetHints":{"allow":["GET"]}}],"collection":[{"href":"https:\/\/anadolupet.com.tr\/en\/wp-json\/wp\/v2\/product"}],"about":[{"href":"https:\/\/anadolupet.com.tr\/en\/wp-json\/wp\/v2\/types\/product"}],"replies":[{"embeddable":true,"href":"https:\/\/anadolupet.com.tr\/en\/wp-json\/wp\/v2\/comments?post=46298"}],"wp:featuredmedia":[{"embeddable":true,"href":"https:\/\/anadolupet.com.tr\/en\/wp-json\/wp\/v2\/media\/47119"}],"wp:attachment":[{"href":"https:\/\/anadolupet.com.tr\/en\/wp-json\/wp\/v2\/media?parent=46298"}],"wp:term":[{"taxonomy":"product_brand","embeddable":true,"href":"https:\/\/anadolupet.com.tr\/en\/wp-json\/wp\/v2\/product_brand?post=46298"},{"taxonomy":"product_cat","embeddable":true,"href":"https:\/\/anadolupet.com.tr\/en\/wp-json\/wp\/v2\/product_cat?post=46298"},{"taxonomy":"product_tag","embeddable":true,"href":"https:\/\/anadolupet.com.tr\/en\/wp-json\/wp\/v2\/product_tag?post=46298"}],"curies":[{"name":"wp","href":"https:\/\/api.w.org\/{rel}","templated":true}]}}