{"id":46300,"date":"2026-02-14T14:46:21","date_gmt":"2026-02-14T14:46:21","guid":{"rendered":"https:\/\/anadolupet.com.tr\/?post_type=product&#038;p=46300"},"modified":"2026-02-23T16:49:18","modified_gmt":"2026-02-23T16:49:18","slug":"tetra-goldfish-renklendirici-japon-cubuk-balik-yemi-250ml","status":"publish","type":"product","link":"https:\/\/anadolupet.com.tr\/en\/urun\/tetra-goldfish-renklendirici-japon-cubuk-balik-yemi-250ml\/","title":{"rendered":"Tetra Goldfish Renklendirici Japon \u00c7ubuk Bal\u0131k Yemi &#8211; 250ML"},"content":{"rendered":"","protected":false},"excerpt":{"rendered":"<p>Tetra Goldfish Colour Sticks \u00f6zellikle Japon bal\u0131klar\u0131 i\u00e7in, do\u011fal renklerini koruyan ve daha canl\u0131 renklere sahip olmalar\u0131na yard\u0131mc\u0131 olan bal\u0131k yemidir. Tetra Goldfish Colour Sticks; bal\u0131klar\u0131n\u0131z\u0131n hastal\u0131klara kar\u015f\u0131 daha diren\u00e7li ve sa\u011fl\u0131kl\u0131 olabilmeleri i\u00e7in alg ( yosun ) i\u00e7ermektedir. \u0130\u00e7eri\u011findeki bitkisel maddeler sayesinde, bal\u0131klar\u0131n\u0131z\u0131n sindirimin sorunlar\u0131 ya\u015famalar\u0131n\u0131n \u00f6n\u00fcne ge\u00e7meye yard\u0131mc\u0131 olur. \u0130\u00e7eri\u011fi; Bal\u0131k ve bal\u0131k \u00fcr\u00fcnleri, tah\u0131llar, maya, bitkisel protein \u00f6zleri, s\u0131v\u0131 ve kat\u0131 ya\u011flar, alg, \u015feker.<br \/>\nDetaylar;<br \/>\n*Y\u00fczen yemler, bal\u0131\u011f\u0131n do\u011fal rengini geli\u015ftirir.<br \/>\n*Spirulina yosununun y\u00fcksek oran\u0131, do\u011fal renklenmeyi ve hastal\u0131\u011fa kar\u015f\u0131 direnci art\u0131r\u0131r.<br \/>\n*De\u011ferli sebze i\u00e7erikleri sindirimi kolayla\u015ft\u0131r\u0131r.<br \/>\nDozaj;<br \/>\nBal\u0131\u011f\u0131n\u0131z\u0131n birka\u00e7 dakikada yiyebilece\u011fi kadar miktarda ve g\u00fcnde en az iki veya \u00fc\u00e7 kez besleyin.<br \/>\nMiktar;<br \/>\n250 ml<\/p>","protected":false},"featured_media":47131,"comment_status":"open","ping_status":"closed","template":"","meta":{"_acf_changed":false},"product_brand":[],"product_cat":[2418],"product_tag":[],"class_list":{"0":"post-46300","1":"product","2":"type-product","3":"status-publish","4":"has-post-thumbnail","6":"product_cat-ture-ozel-yemler","8":"first","9":"instock","10":"shipping-taxable","11":"product-type-simple"},"acf":[],"yoast_head":"<!-- This site is optimized with the Yoast SEO plugin v27.4 - https:\/\/yoast.com\/product\/yoast-seo-wordpress\/ -->\n<title>Tetra Goldfish Renklendirici Japon \u00c7ubuk Bal\u0131k Yemi - 250ML - Anadolu Pet Grup<\/title>\n<meta name=\"robots\" content=\"index, follow, max-snippet:-1, max-image-preview:large, max-video-preview:-1\" \/>\n<link rel=\"canonical\" href=\"https:\/\/anadolupet.com.tr\/en\/product\/tetra-goldfish-renklendirici-japon-cubuk-balik-yemi-250ml\/\" \/>\n<meta property=\"og:locale\" content=\"en_US\" \/>\n<meta property=\"og:type\" content=\"article\" \/>\n<meta property=\"og:title\" content=\"Tetra Goldfish Renklendirici Japon \u00c7ubuk Bal\u0131k Yemi - 250ML - Anadolu Pet Grup\" \/>\n<meta property=\"og:description\" content=\"Tetra Goldfish Colour Sticks \u00f6zellikle Japon bal\u0131klar\u0131 i\u00e7in, do\u011fal renklerini koruyan ve daha canl\u0131 renklere sahip olmalar\u0131na yard\u0131mc\u0131 olan bal\u0131k yemidir. Tetra Goldfish Colour Sticks; bal\u0131klar\u0131n\u0131z\u0131n hastal\u0131klara kar\u015f\u0131 daha diren\u00e7li ve sa\u011fl\u0131kl\u0131 olabilmeleri i\u00e7in alg ( yosun ) i\u00e7ermektedir. \u0130\u00e7eri\u011findeki bitkisel maddeler sayesinde, bal\u0131klar\u0131n\u0131z\u0131n sindirimin sorunlar\u0131 ya\u015famalar\u0131n\u0131n \u00f6n\u00fcne ge\u00e7meye yard\u0131mc\u0131 olur. \u0130\u00e7eri\u011fi; Bal\u0131k ve bal\u0131k \u00fcr\u00fcnleri, tah\u0131llar, maya, bitkisel protein \u00f6zleri, s\u0131v\u0131 ve kat\u0131 ya\u011flar, alg, \u015feker. Detaylar; *Y\u00fczen yemler, bal\u0131\u011f\u0131n do\u011fal rengini geli\u015ftirir. *Spirulina yosununun y\u00fcksek oran\u0131, do\u011fal renklenmeyi ve hastal\u0131\u011fa kar\u015f\u0131 direnci art\u0131r\u0131r. *De\u011ferli sebze i\u00e7erikleri sindirimi kolayla\u015ft\u0131r\u0131r. Dozaj; Bal\u0131\u011f\u0131n\u0131z\u0131n birka\u00e7 dakikada yiyebilece\u011fi kadar miktarda ve g\u00fcnde en az iki veya \u00fc\u00e7 kez besleyin. Miktar; 250 ml\" \/>\n<meta property=\"og:url\" content=\"https:\/\/anadolupet.com.tr\/en\/product\/tetra-goldfish-renklendirici-japon-cubuk-balik-yemi-250ml\/\" \/>\n<meta property=\"og:site_name\" content=\"Anadolu Pet Grup\" \/>\n<meta property=\"article:modified_time\" content=\"2026-02-23T16:49:18+00:00\" \/>\n<meta property=\"og:image\" content=\"https:\/\/anadolupet.com.tr\/wp-content\/uploads\/2026\/02\/400-760172.jpg\" \/>\n\t<meta property=\"og:image:width\" content=\"750\" \/>\n\t<meta property=\"og:image:height\" content=\"750\" \/>\n\t<meta property=\"og:image:type\" content=\"image\/jpeg\" \/>\n<meta name=\"twitter:card\" content=\"summary_large_image\" \/>\n<script type=\"application\/ld+json\" class=\"yoast-schema-graph\">{\"@context\":\"https:\\\/\\\/schema.org\",\"@graph\":[{\"@type\":\"WebPage\",\"@id\":\"https:\\\/\\\/anadolupet.com.tr\\\/urun\\\/tetra-goldfish-renklendirici-japon-cubuk-balik-yemi-250ml\\\/\",\"url\":\"https:\\\/\\\/anadolupet.com.tr\\\/urun\\\/tetra-goldfish-renklendirici-japon-cubuk-balik-yemi-250ml\\\/\",\"name\":\"Tetra Goldfish Renklendirici Japon \u00c7ubuk Bal\u0131k Yemi - 250ML - Anadolu Pet Grup\",\"isPartOf\":{\"@id\":\"https:\\\/\\\/anadolupet.com.tr\\\/#website\"},\"primaryImageOfPage\":{\"@id\":\"https:\\\/\\\/anadolupet.com.tr\\\/urun\\\/tetra-goldfish-renklendirici-japon-cubuk-balik-yemi-250ml\\\/#primaryimage\"},\"image\":{\"@id\":\"https:\\\/\\\/anadolupet.com.tr\\\/urun\\\/tetra-goldfish-renklendirici-japon-cubuk-balik-yemi-250ml\\\/#primaryimage\"},\"thumbnailUrl\":\"https:\\\/\\\/anadolupet.com.tr\\\/wp-content\\\/uploads\\\/2026\\\/02\\\/400-760172.jpg\",\"datePublished\":\"2026-02-14T14:46:21+00:00\",\"dateModified\":\"2026-02-23T16:49:18+00:00\",\"breadcrumb\":{\"@id\":\"https:\\\/\\\/anadolupet.com.tr\\\/urun\\\/tetra-goldfish-renklendirici-japon-cubuk-balik-yemi-250ml\\\/#breadcrumb\"},\"inLanguage\":\"en-US\",\"potentialAction\":[{\"@type\":\"ReadAction\",\"target\":[\"https:\\\/\\\/anadolupet.com.tr\\\/urun\\\/tetra-goldfish-renklendirici-japon-cubuk-balik-yemi-250ml\\\/\"]}]},{\"@type\":\"ImageObject\",\"inLanguage\":\"en-US\",\"@id\":\"https:\\\/\\\/anadolupet.com.tr\\\/urun\\\/tetra-goldfish-renklendirici-japon-cubuk-balik-yemi-250ml\\\/#primaryimage\",\"url\":\"https:\\\/\\\/anadolupet.com.tr\\\/wp-content\\\/uploads\\\/2026\\\/02\\\/400-760172.jpg\",\"contentUrl\":\"https:\\\/\\\/anadolupet.com.tr\\\/wp-content\\\/uploads\\\/2026\\\/02\\\/400-760172.jpg\",\"width\":750,\"height\":750},{\"@type\":\"BreadcrumbList\",\"@id\":\"https:\\\/\\\/anadolupet.com.tr\\\/urun\\\/tetra-goldfish-renklendirici-japon-cubuk-balik-yemi-250ml\\\/#breadcrumb\",\"itemListElement\":[{\"@type\":\"ListItem\",\"position\":1,\"name\":\"Anasayfa\",\"item\":\"https:\\\/\\\/anadolupet.com.tr\\\/\"},{\"@type\":\"ListItem\",\"position\":2,\"name\":\"\u00dcr\u00fcnler\",\"item\":\"https:\\\/\\\/anadolupet.com.tr\\\/urunler\\\/\"},{\"@type\":\"ListItem\",\"position\":3,\"name\":\"Tetra Goldfish Renklendirici Japon \u00c7ubuk Bal\u0131k Yemi &#8211; 250ML\"}]},{\"@type\":\"WebSite\",\"@id\":\"https:\\\/\\\/anadolupet.com.tr\\\/#website\",\"url\":\"https:\\\/\\\/anadolupet.com.tr\\\/\",\"name\":\"Anadolu Pet Grup\",\"description\":\"Her Can\u0131n \u0130yi Ya\u015fam\u0131 \u0130\u00e7in Biraraday\u0131z\",\"publisher\":{\"@id\":\"https:\\\/\\\/anadolupet.com.tr\\\/#organization\"},\"potentialAction\":[{\"@type\":\"SearchAction\",\"target\":{\"@type\":\"EntryPoint\",\"urlTemplate\":\"https:\\\/\\\/anadolupet.com.tr\\\/?s={search_term_string}\"},\"query-input\":{\"@type\":\"PropertyValueSpecification\",\"valueRequired\":true,\"valueName\":\"search_term_string\"}}],\"inLanguage\":\"en-US\"},{\"@type\":\"Organization\",\"@id\":\"https:\\\/\\\/anadolupet.com.tr\\\/#organization\",\"name\":\"Anadolu Pet Grup\",\"alternateName\":\"Anadolu Pet\",\"url\":\"https:\\\/\\\/anadolupet.com.tr\\\/\",\"logo\":{\"@type\":\"ImageObject\",\"inLanguage\":\"en-US\",\"@id\":\"https:\\\/\\\/anadolupet.com.tr\\\/#\\\/schema\\\/logo\\\/image\\\/\",\"url\":\"https:\\\/\\\/anadolupet.com.tr\\\/wp-content\\\/uploads\\\/2026\\\/03\\\/1614666743370.jpg\",\"contentUrl\":\"https:\\\/\\\/anadolupet.com.tr\\\/wp-content\\\/uploads\\\/2026\\\/03\\\/1614666743370.jpg\",\"width\":800,\"height\":571,\"caption\":\"Anadolu Pet Grup\"},\"image\":{\"@id\":\"https:\\\/\\\/anadolupet.com.tr\\\/#\\\/schema\\\/logo\\\/image\\\/\"}}]}<\/script>\n<!-- \/ Yoast SEO plugin. -->","yoast_head_json":{"title":"Tetra Goldfish Renklendirici Japon \u00c7ubuk Bal\u0131k Yemi - 250ML - Anadolu Pet Grup","robots":{"index":"index","follow":"follow","max-snippet":"max-snippet:-1","max-image-preview":"max-image-preview:large","max-video-preview":"max-video-preview:-1"},"canonical":"https:\/\/anadolupet.com.tr\/en\/product\/tetra-goldfish-renklendirici-japon-cubuk-balik-yemi-250ml\/","og_locale":"en_US","og_type":"article","og_title":"Tetra Goldfish Renklendirici Japon \u00c7ubuk Bal\u0131k Yemi - 250ML - Anadolu Pet Grup","og_description":"Tetra Goldfish Colour Sticks \u00f6zellikle Japon bal\u0131klar\u0131 i\u00e7in, do\u011fal renklerini koruyan ve daha canl\u0131 renklere sahip olmalar\u0131na yard\u0131mc\u0131 olan bal\u0131k yemidir. Tetra Goldfish Colour Sticks; bal\u0131klar\u0131n\u0131z\u0131n hastal\u0131klara kar\u015f\u0131 daha diren\u00e7li ve sa\u011fl\u0131kl\u0131 olabilmeleri i\u00e7in alg ( yosun ) i\u00e7ermektedir. \u0130\u00e7eri\u011findeki bitkisel maddeler sayesinde, bal\u0131klar\u0131n\u0131z\u0131n sindirimin sorunlar\u0131 ya\u015famalar\u0131n\u0131n \u00f6n\u00fcne ge\u00e7meye yard\u0131mc\u0131 olur. \u0130\u00e7eri\u011fi; Bal\u0131k ve bal\u0131k \u00fcr\u00fcnleri, tah\u0131llar, maya, bitkisel protein \u00f6zleri, s\u0131v\u0131 ve kat\u0131 ya\u011flar, alg, \u015feker. Detaylar; *Y\u00fczen yemler, bal\u0131\u011f\u0131n do\u011fal rengini geli\u015ftirir. *Spirulina yosununun y\u00fcksek oran\u0131, do\u011fal renklenmeyi ve hastal\u0131\u011fa kar\u015f\u0131 direnci art\u0131r\u0131r. *De\u011ferli sebze i\u00e7erikleri sindirimi kolayla\u015ft\u0131r\u0131r. Dozaj; Bal\u0131\u011f\u0131n\u0131z\u0131n birka\u00e7 dakikada yiyebilece\u011fi kadar miktarda ve g\u00fcnde en az iki veya \u00fc\u00e7 kez besleyin. Miktar; 250 ml","og_url":"https:\/\/anadolupet.com.tr\/en\/product\/tetra-goldfish-renklendirici-japon-cubuk-balik-yemi-250ml\/","og_site_name":"Anadolu Pet Grup","article_modified_time":"2026-02-23T16:49:18+00:00","og_image":[{"width":750,"height":750,"url":"https:\/\/anadolupet.com.tr\/wp-content\/uploads\/2026\/02\/400-760172.jpg","type":"image\/jpeg"}],"twitter_card":"summary_large_image","schema":{"@context":"https:\/\/schema.org","@graph":[{"@type":"WebPage","@id":"https:\/\/anadolupet.com.tr\/urun\/tetra-goldfish-renklendirici-japon-cubuk-balik-yemi-250ml\/","url":"https:\/\/anadolupet.com.tr\/urun\/tetra-goldfish-renklendirici-japon-cubuk-balik-yemi-250ml\/","name":"Tetra Goldfish Renklendirici Japon \u00c7ubuk Bal\u0131k Yemi - 250ML - Anadolu Pet Grup","isPartOf":{"@id":"https:\/\/anadolupet.com.tr\/#website"},"primaryImageOfPage":{"@id":"https:\/\/anadolupet.com.tr\/urun\/tetra-goldfish-renklendirici-japon-cubuk-balik-yemi-250ml\/#primaryimage"},"image":{"@id":"https:\/\/anadolupet.com.tr\/urun\/tetra-goldfish-renklendirici-japon-cubuk-balik-yemi-250ml\/#primaryimage"},"thumbnailUrl":"https:\/\/anadolupet.com.tr\/wp-content\/uploads\/2026\/02\/400-760172.jpg","datePublished":"2026-02-14T14:46:21+00:00","dateModified":"2026-02-23T16:49:18+00:00","breadcrumb":{"@id":"https:\/\/anadolupet.com.tr\/urun\/tetra-goldfish-renklendirici-japon-cubuk-balik-yemi-250ml\/#breadcrumb"},"inLanguage":"en-US","potentialAction":[{"@type":"ReadAction","target":["https:\/\/anadolupet.com.tr\/urun\/tetra-goldfish-renklendirici-japon-cubuk-balik-yemi-250ml\/"]}]},{"@type":"ImageObject","inLanguage":"en-US","@id":"https:\/\/anadolupet.com.tr\/urun\/tetra-goldfish-renklendirici-japon-cubuk-balik-yemi-250ml\/#primaryimage","url":"https:\/\/anadolupet.com.tr\/wp-content\/uploads\/2026\/02\/400-760172.jpg","contentUrl":"https:\/\/anadolupet.com.tr\/wp-content\/uploads\/2026\/02\/400-760172.jpg","width":750,"height":750},{"@type":"BreadcrumbList","@id":"https:\/\/anadolupet.com.tr\/urun\/tetra-goldfish-renklendirici-japon-cubuk-balik-yemi-250ml\/#breadcrumb","itemListElement":[{"@type":"ListItem","position":1,"name":"Anasayfa","item":"https:\/\/anadolupet.com.tr\/"},{"@type":"ListItem","position":2,"name":"\u00dcr\u00fcnler","item":"https:\/\/anadolupet.com.tr\/urunler\/"},{"@type":"ListItem","position":3,"name":"Tetra Goldfish Renklendirici Japon \u00c7ubuk Bal\u0131k Yemi &#8211; 250ML"}]},{"@type":"WebSite","@id":"https:\/\/anadolupet.com.tr\/#website","url":"https:\/\/anadolupet.com.tr\/","name":"Anadolu Pet Group","description":"We Stand Together for the Well-Being of Every Life","publisher":{"@id":"https:\/\/anadolupet.com.tr\/#organization"},"potentialAction":[{"@type":"SearchAction","target":{"@type":"EntryPoint","urlTemplate":"https:\/\/anadolupet.com.tr\/?s={search_term_string}"},"query-input":{"@type":"PropertyValueSpecification","valueRequired":true,"valueName":"search_term_string"}}],"inLanguage":"en-US"},{"@type":"Organization","@id":"https:\/\/anadolupet.com.tr\/#organization","name":"Anadolu Pet Group","alternateName":"Anadolu Pet","url":"https:\/\/anadolupet.com.tr\/","logo":{"@type":"ImageObject","inLanguage":"en-US","@id":"https:\/\/anadolupet.com.tr\/#\/schema\/logo\/image\/","url":"https:\/\/anadolupet.com.tr\/wp-content\/uploads\/2026\/03\/1614666743370.jpg","contentUrl":"https:\/\/anadolupet.com.tr\/wp-content\/uploads\/2026\/03\/1614666743370.jpg","width":800,"height":571,"caption":"Anadolu Pet Grup"},"image":{"@id":"https:\/\/anadolupet.com.tr\/#\/schema\/logo\/image\/"}}]}},"_links":{"self":[{"href":"https:\/\/anadolupet.com.tr\/en\/wp-json\/wp\/v2\/product\/46300","targetHints":{"allow":["GET"]}}],"collection":[{"href":"https:\/\/anadolupet.com.tr\/en\/wp-json\/wp\/v2\/product"}],"about":[{"href":"https:\/\/anadolupet.com.tr\/en\/wp-json\/wp\/v2\/types\/product"}],"replies":[{"embeddable":true,"href":"https:\/\/anadolupet.com.tr\/en\/wp-json\/wp\/v2\/comments?post=46300"}],"wp:featuredmedia":[{"embeddable":true,"href":"https:\/\/anadolupet.com.tr\/en\/wp-json\/wp\/v2\/media\/47131"}],"wp:attachment":[{"href":"https:\/\/anadolupet.com.tr\/en\/wp-json\/wp\/v2\/media?parent=46300"}],"wp:term":[{"taxonomy":"product_brand","embeddable":true,"href":"https:\/\/anadolupet.com.tr\/en\/wp-json\/wp\/v2\/product_brand?post=46300"},{"taxonomy":"product_cat","embeddable":true,"href":"https:\/\/anadolupet.com.tr\/en\/wp-json\/wp\/v2\/product_cat?post=46300"},{"taxonomy":"product_tag","embeddable":true,"href":"https:\/\/anadolupet.com.tr\/en\/wp-json\/wp\/v2\/product_tag?post=46300"}],"curies":[{"name":"wp","href":"https:\/\/api.w.org\/{rel}","templated":true}]}}