{"id":46302,"date":"2026-02-14T14:46:21","date_gmt":"2026-02-14T14:46:21","guid":{"rendered":"https:\/\/anadolupet.com.tr\/?post_type=product&#038;p=46302"},"modified":"2026-02-23T16:49:18","modified_gmt":"2026-02-23T16:49:18","slug":"tetra-goldfish-sachet-japon-baligi-yemi-12gr","status":"publish","type":"product","link":"https:\/\/anadolupet.com.tr\/en\/urun\/tetra-goldfish-sachet-japon-baligi-yemi-12gr\/","title":{"rendered":"Tetra Goldfish Sachet Japon Bal\u0131\u011f\u0131 Yemi &#8211; 12GR"},"content":{"rendered":"","protected":false},"excerpt":{"rendered":"<p>Tetra Goldfish Sachet t\u00fcm Japon ve di\u011fer so\u011fuk su baliklari i\u00e7in ideal bir balik yemidir. \u0130z elementler gibi t\u00fcm gerekli besinleri ve kas gelistirici maddeleri i\u00e7erir. Tetra Goldfish Sachet canl\u0131l\u0131\u011f\u0131, dogal renklerin gelisimini ve hastaliklara kar\u015f\u0131 direnci artt\u0131r\u0131r. Stabilize edilmi\u015f C vitamini i\u00e7erir.<br \/>\nDozaj;<br \/>\nK\u00fc\u00e7\u00fck porsiyonlarda g\u00fcnde birka\u00e7 kez.<br \/>\nMiktar;<br \/>\n12 gr<\/p>","protected":false},"featured_media":47040,"comment_status":"open","ping_status":"closed","template":"","meta":{"_acf_changed":false},"product_brand":[],"product_cat":[2418],"product_tag":[],"class_list":{"0":"post-46302","1":"product","2":"type-product","3":"status-publish","4":"has-post-thumbnail","6":"product_cat-ture-ozel-yemler","8":"first","9":"instock","10":"shipping-taxable","11":"product-type-simple"},"acf":[],"yoast_head":"<!-- This site is optimized with the Yoast SEO plugin v27.5 - https:\/\/yoast.com\/product\/yoast-seo-wordpress\/ -->\n<title>Tetra Goldfish Sachet Japon Bal\u0131\u011f\u0131 Yemi - 12GR - Anadolu Pet Grup<\/title>\n<meta name=\"robots\" content=\"index, follow, max-snippet:-1, max-image-preview:large, max-video-preview:-1\" \/>\n<link rel=\"canonical\" href=\"https:\/\/anadolupet.com.tr\/en\/product\/tetra-goldfish-sachet-japon-baligi-yemi-12gr\/\" \/>\n<meta property=\"og:locale\" content=\"en_US\" \/>\n<meta property=\"og:type\" content=\"article\" \/>\n<meta property=\"og:title\" content=\"Tetra Goldfish Sachet Japon Bal\u0131\u011f\u0131 Yemi - 12GR - Anadolu Pet Grup\" \/>\n<meta property=\"og:description\" content=\"Tetra Goldfish Sachet t\u00fcm Japon ve di\u011fer so\u011fuk su baliklari i\u00e7in ideal bir balik yemidir. \u0130z elementler gibi t\u00fcm gerekli besinleri ve kas gelistirici maddeleri i\u00e7erir. Tetra Goldfish Sachet canl\u0131l\u0131\u011f\u0131, dogal renklerin gelisimini ve hastaliklara kar\u015f\u0131 direnci artt\u0131r\u0131r. Stabilize edilmi\u015f C vitamini i\u00e7erir. Dozaj; K\u00fc\u00e7\u00fck porsiyonlarda g\u00fcnde birka\u00e7 kez. Miktar; 12 gr\" \/>\n<meta property=\"og:url\" content=\"https:\/\/anadolupet.com.tr\/en\/product\/tetra-goldfish-sachet-japon-baligi-yemi-12gr\/\" \/>\n<meta property=\"og:site_name\" content=\"Anadolu Pet Grup\" \/>\n<meta property=\"article:modified_time\" content=\"2026-02-23T16:49:18+00:00\" \/>\n<meta property=\"og:image\" content=\"https:\/\/anadolupet.com.tr\/wp-content\/uploads\/2026\/02\/400-159532.jpg\" \/>\n\t<meta property=\"og:image:width\" content=\"750\" \/>\n\t<meta property=\"og:image:height\" content=\"750\" \/>\n\t<meta property=\"og:image:type\" content=\"image\/jpeg\" \/>\n<meta name=\"twitter:card\" content=\"summary_large_image\" \/>\n<script type=\"application\/ld+json\" class=\"yoast-schema-graph\">{\"@context\":\"https:\\\/\\\/schema.org\",\"@graph\":[{\"@type\":\"WebPage\",\"@id\":\"https:\\\/\\\/anadolupet.com.tr\\\/urun\\\/tetra-goldfish-sachet-japon-baligi-yemi-12gr\\\/\",\"url\":\"https:\\\/\\\/anadolupet.com.tr\\\/urun\\\/tetra-goldfish-sachet-japon-baligi-yemi-12gr\\\/\",\"name\":\"Tetra Goldfish Sachet Japon Bal\u0131\u011f\u0131 Yemi - 12GR - Anadolu Pet Grup\",\"isPartOf\":{\"@id\":\"https:\\\/\\\/anadolupet.com.tr\\\/#website\"},\"primaryImageOfPage\":{\"@id\":\"https:\\\/\\\/anadolupet.com.tr\\\/urun\\\/tetra-goldfish-sachet-japon-baligi-yemi-12gr\\\/#primaryimage\"},\"image\":{\"@id\":\"https:\\\/\\\/anadolupet.com.tr\\\/urun\\\/tetra-goldfish-sachet-japon-baligi-yemi-12gr\\\/#primaryimage\"},\"thumbnailUrl\":\"https:\\\/\\\/anadolupet.com.tr\\\/wp-content\\\/uploads\\\/2026\\\/02\\\/400-159532.jpg\",\"datePublished\":\"2026-02-14T14:46:21+00:00\",\"dateModified\":\"2026-02-23T16:49:18+00:00\",\"breadcrumb\":{\"@id\":\"https:\\\/\\\/anadolupet.com.tr\\\/urun\\\/tetra-goldfish-sachet-japon-baligi-yemi-12gr\\\/#breadcrumb\"},\"inLanguage\":\"en-US\",\"potentialAction\":[{\"@type\":\"ReadAction\",\"target\":[\"https:\\\/\\\/anadolupet.com.tr\\\/urun\\\/tetra-goldfish-sachet-japon-baligi-yemi-12gr\\\/\"]}]},{\"@type\":\"ImageObject\",\"inLanguage\":\"en-US\",\"@id\":\"https:\\\/\\\/anadolupet.com.tr\\\/urun\\\/tetra-goldfish-sachet-japon-baligi-yemi-12gr\\\/#primaryimage\",\"url\":\"https:\\\/\\\/anadolupet.com.tr\\\/wp-content\\\/uploads\\\/2026\\\/02\\\/400-159532.jpg\",\"contentUrl\":\"https:\\\/\\\/anadolupet.com.tr\\\/wp-content\\\/uploads\\\/2026\\\/02\\\/400-159532.jpg\",\"width\":750,\"height\":750},{\"@type\":\"BreadcrumbList\",\"@id\":\"https:\\\/\\\/anadolupet.com.tr\\\/urun\\\/tetra-goldfish-sachet-japon-baligi-yemi-12gr\\\/#breadcrumb\",\"itemListElement\":[{\"@type\":\"ListItem\",\"position\":1,\"name\":\"Anasayfa\",\"item\":\"https:\\\/\\\/anadolupet.com.tr\\\/\"},{\"@type\":\"ListItem\",\"position\":2,\"name\":\"\u00dcr\u00fcnler\",\"item\":\"https:\\\/\\\/anadolupet.com.tr\\\/urunler\\\/\"},{\"@type\":\"ListItem\",\"position\":3,\"name\":\"Tetra Goldfish Sachet Japon Bal\u0131\u011f\u0131 Yemi &#8211; 12GR\"}]},{\"@type\":\"WebSite\",\"@id\":\"https:\\\/\\\/anadolupet.com.tr\\\/#website\",\"url\":\"https:\\\/\\\/anadolupet.com.tr\\\/\",\"name\":\"Anadolu Pet Grup\",\"description\":\"Her Can\u0131n \u0130yi Ya\u015fam\u0131 \u0130\u00e7in Biraraday\u0131z\",\"publisher\":{\"@id\":\"https:\\\/\\\/anadolupet.com.tr\\\/#organization\"},\"potentialAction\":[{\"@type\":\"SearchAction\",\"target\":{\"@type\":\"EntryPoint\",\"urlTemplate\":\"https:\\\/\\\/anadolupet.com.tr\\\/?s={search_term_string}\"},\"query-input\":{\"@type\":\"PropertyValueSpecification\",\"valueRequired\":true,\"valueName\":\"search_term_string\"}}],\"inLanguage\":\"en-US\"},{\"@type\":\"Organization\",\"@id\":\"https:\\\/\\\/anadolupet.com.tr\\\/#organization\",\"name\":\"Anadolu Pet Grup\",\"alternateName\":\"Anadolu Pet\",\"url\":\"https:\\\/\\\/anadolupet.com.tr\\\/\",\"logo\":{\"@type\":\"ImageObject\",\"inLanguage\":\"en-US\",\"@id\":\"https:\\\/\\\/anadolupet.com.tr\\\/#\\\/schema\\\/logo\\\/image\\\/\",\"url\":\"https:\\\/\\\/anadolupet.com.tr\\\/wp-content\\\/uploads\\\/2026\\\/03\\\/1614666743370.jpg\",\"contentUrl\":\"https:\\\/\\\/anadolupet.com.tr\\\/wp-content\\\/uploads\\\/2026\\\/03\\\/1614666743370.jpg\",\"width\":800,\"height\":571,\"caption\":\"Anadolu Pet Grup\"},\"image\":{\"@id\":\"https:\\\/\\\/anadolupet.com.tr\\\/#\\\/schema\\\/logo\\\/image\\\/\"}}]}<\/script>\n<!-- \/ Yoast SEO plugin. -->","yoast_head_json":{"title":"Tetra Goldfish Sachet Japon Bal\u0131\u011f\u0131 Yemi - 12GR - Anadolu Pet Grup","robots":{"index":"index","follow":"follow","max-snippet":"max-snippet:-1","max-image-preview":"max-image-preview:large","max-video-preview":"max-video-preview:-1"},"canonical":"https:\/\/anadolupet.com.tr\/en\/product\/tetra-goldfish-sachet-japon-baligi-yemi-12gr\/","og_locale":"en_US","og_type":"article","og_title":"Tetra Goldfish Sachet Japon Bal\u0131\u011f\u0131 Yemi - 12GR - Anadolu Pet Grup","og_description":"Tetra Goldfish Sachet t\u00fcm Japon ve di\u011fer so\u011fuk su baliklari i\u00e7in ideal bir balik yemidir. \u0130z elementler gibi t\u00fcm gerekli besinleri ve kas gelistirici maddeleri i\u00e7erir. Tetra Goldfish Sachet canl\u0131l\u0131\u011f\u0131, dogal renklerin gelisimini ve hastaliklara kar\u015f\u0131 direnci artt\u0131r\u0131r. Stabilize edilmi\u015f C vitamini i\u00e7erir. Dozaj; K\u00fc\u00e7\u00fck porsiyonlarda g\u00fcnde birka\u00e7 kez. Miktar; 12 gr","og_url":"https:\/\/anadolupet.com.tr\/en\/product\/tetra-goldfish-sachet-japon-baligi-yemi-12gr\/","og_site_name":"Anadolu Pet Grup","article_modified_time":"2026-02-23T16:49:18+00:00","og_image":[{"width":750,"height":750,"url":"https:\/\/anadolupet.com.tr\/wp-content\/uploads\/2026\/02\/400-159532.jpg","type":"image\/jpeg"}],"twitter_card":"summary_large_image","schema":{"@context":"https:\/\/schema.org","@graph":[{"@type":"WebPage","@id":"https:\/\/anadolupet.com.tr\/urun\/tetra-goldfish-sachet-japon-baligi-yemi-12gr\/","url":"https:\/\/anadolupet.com.tr\/urun\/tetra-goldfish-sachet-japon-baligi-yemi-12gr\/","name":"Tetra Goldfish Sachet Japon Bal\u0131\u011f\u0131 Yemi - 12GR - Anadolu Pet Grup","isPartOf":{"@id":"https:\/\/anadolupet.com.tr\/#website"},"primaryImageOfPage":{"@id":"https:\/\/anadolupet.com.tr\/urun\/tetra-goldfish-sachet-japon-baligi-yemi-12gr\/#primaryimage"},"image":{"@id":"https:\/\/anadolupet.com.tr\/urun\/tetra-goldfish-sachet-japon-baligi-yemi-12gr\/#primaryimage"},"thumbnailUrl":"https:\/\/anadolupet.com.tr\/wp-content\/uploads\/2026\/02\/400-159532.jpg","datePublished":"2026-02-14T14:46:21+00:00","dateModified":"2026-02-23T16:49:18+00:00","breadcrumb":{"@id":"https:\/\/anadolupet.com.tr\/urun\/tetra-goldfish-sachet-japon-baligi-yemi-12gr\/#breadcrumb"},"inLanguage":"en-US","potentialAction":[{"@type":"ReadAction","target":["https:\/\/anadolupet.com.tr\/urun\/tetra-goldfish-sachet-japon-baligi-yemi-12gr\/"]}]},{"@type":"ImageObject","inLanguage":"en-US","@id":"https:\/\/anadolupet.com.tr\/urun\/tetra-goldfish-sachet-japon-baligi-yemi-12gr\/#primaryimage","url":"https:\/\/anadolupet.com.tr\/wp-content\/uploads\/2026\/02\/400-159532.jpg","contentUrl":"https:\/\/anadolupet.com.tr\/wp-content\/uploads\/2026\/02\/400-159532.jpg","width":750,"height":750},{"@type":"BreadcrumbList","@id":"https:\/\/anadolupet.com.tr\/urun\/tetra-goldfish-sachet-japon-baligi-yemi-12gr\/#breadcrumb","itemListElement":[{"@type":"ListItem","position":1,"name":"Anasayfa","item":"https:\/\/anadolupet.com.tr\/"},{"@type":"ListItem","position":2,"name":"\u00dcr\u00fcnler","item":"https:\/\/anadolupet.com.tr\/urunler\/"},{"@type":"ListItem","position":3,"name":"Tetra Goldfish Sachet Japon Bal\u0131\u011f\u0131 Yemi &#8211; 12GR"}]},{"@type":"WebSite","@id":"https:\/\/anadolupet.com.tr\/#website","url":"https:\/\/anadolupet.com.tr\/","name":"Anadolu Pet Group","description":"We Stand Together for the Well-Being of Every Life","publisher":{"@id":"https:\/\/anadolupet.com.tr\/#organization"},"potentialAction":[{"@type":"SearchAction","target":{"@type":"EntryPoint","urlTemplate":"https:\/\/anadolupet.com.tr\/?s={search_term_string}"},"query-input":{"@type":"PropertyValueSpecification","valueRequired":true,"valueName":"search_term_string"}}],"inLanguage":"en-US"},{"@type":"Organization","@id":"https:\/\/anadolupet.com.tr\/#organization","name":"Anadolu Pet Group","alternateName":"Anadolu Pet","url":"https:\/\/anadolupet.com.tr\/","logo":{"@type":"ImageObject","inLanguage":"en-US","@id":"https:\/\/anadolupet.com.tr\/#\/schema\/logo\/image\/","url":"https:\/\/anadolupet.com.tr\/wp-content\/uploads\/2026\/03\/1614666743370.jpg","contentUrl":"https:\/\/anadolupet.com.tr\/wp-content\/uploads\/2026\/03\/1614666743370.jpg","width":800,"height":571,"caption":"Anadolu Pet Grup"},"image":{"@id":"https:\/\/anadolupet.com.tr\/#\/schema\/logo\/image\/"}}]}},"_links":{"self":[{"href":"https:\/\/anadolupet.com.tr\/en\/wp-json\/wp\/v2\/product\/46302","targetHints":{"allow":["GET"]}}],"collection":[{"href":"https:\/\/anadolupet.com.tr\/en\/wp-json\/wp\/v2\/product"}],"about":[{"href":"https:\/\/anadolupet.com.tr\/en\/wp-json\/wp\/v2\/types\/product"}],"replies":[{"embeddable":true,"href":"https:\/\/anadolupet.com.tr\/en\/wp-json\/wp\/v2\/comments?post=46302"}],"wp:featuredmedia":[{"embeddable":true,"href":"https:\/\/anadolupet.com.tr\/en\/wp-json\/wp\/v2\/media\/47040"}],"wp:attachment":[{"href":"https:\/\/anadolupet.com.tr\/en\/wp-json\/wp\/v2\/media?parent=46302"}],"wp:term":[{"taxonomy":"product_brand","embeddable":true,"href":"https:\/\/anadolupet.com.tr\/en\/wp-json\/wp\/v2\/product_brand?post=46302"},{"taxonomy":"product_cat","embeddable":true,"href":"https:\/\/anadolupet.com.tr\/en\/wp-json\/wp\/v2\/product_cat?post=46302"},{"taxonomy":"product_tag","embeddable":true,"href":"https:\/\/anadolupet.com.tr\/en\/wp-json\/wp\/v2\/product_tag?post=46302"}],"curies":[{"name":"wp","href":"https:\/\/api.w.org\/{rel}","templated":true}]}}