{"id":46305,"date":"2026-02-14T14:46:21","date_gmt":"2026-02-14T14:46:21","guid":{"rendered":"https:\/\/anadolupet.com.tr\/?post_type=product&#038;p=46305"},"modified":"2026-02-23T16:49:19","modified_gmt":"2026-02-23T16:49:19","slug":"tetra-gs45-cam-temizleme-aparati","status":"publish","type":"product","link":"https:\/\/anadolupet.com.tr\/en\/urun\/tetra-gs45-cam-temizleme-aparati\/","title":{"rendered":"Tetra GS45 Cam Temizleme Aparat\u0131"},"content":{"rendered":"","protected":false},"excerpt":{"rendered":"<p>Tetra GS 45, akvaryum camlar\u0131n\u0131z\u0131n genel temizli\u011finin yan\u0131 s\u0131ra sahip oldu\u011fu paslanmaz \u00e7elikten \u00fcretilmi\u015f \u00e7ift y\u00f6nl\u00fc jileti, inat\u00e7\u0131 ve kal\u0131nla\u015fm\u0131\u015f yosunlar\u0131n bile zahmetsizce temizlemenize yard\u0131mc\u0131 olur. Tetra GS 45 Akvaryum Cam Temizleyici, ister tatl\u0131 su ister tuzlu su akvaryumu olsun size en y\u00fcksek performans\u0131 sunar. \u00dcretiminde kullan\u0131lan cam tozu sayesinde \u00fcr\u00fcn\u00fcn sap k\u0131sm\u0131 y\u00fcksek esneklik sa\u011flarken ayn\u0131 zamanda olduk\u00e7a sa\u011flamd\u0131r ve su \u00fczerinde batmadan kalabilir.<br \/>\nDetaylar;<br \/>\n*Akvaryum cam\u0131ndaki yosunlar\u0131 ve di\u011fer kir par\u00e7ac\u0131klar\u0131n\u0131 zahmetsizce giderir.<br \/>\n*Paslanmaz b\u0131\u00e7a\u011f\u0131 de\u011fi\u015ftirilebilir ve b\u0131\u00e7aklar\u0131n de\u011fi\u015ftirilmesi olduk\u00e7a kolayd\u0131r.<br \/>\n*Y\u00fcksek diren\u00e7li cam elyaf \u00e7ubuk. (45cm uzunluk) *Korumal\u0131 yan b\u0131\u00e7ak kenar\u0131, cam\u0131n yap\u0131\u015ft\u0131r\u0131lm\u0131\u015f ba\u011flant\u0131lar\u0131n\u0131n kesilmesini \u00f6nler.<br \/>\n*Tuzlu su akvaryumlar\u0131 i\u00e7in de uygundur.<\/p>","protected":false},"featured_media":47255,"comment_status":"open","ping_status":"closed","template":"","meta":{"_acf_changed":false},"product_brand":[],"product_cat":[2416],"product_tag":[],"class_list":{"0":"post-46305","1":"product","2":"type-product","3":"status-publish","4":"has-post-thumbnail","6":"product_cat-temizlik-ve-bakim","8":"first","9":"instock","10":"shipping-taxable","11":"product-type-simple"},"acf":[],"yoast_head":"<!-- This site is optimized with the Yoast SEO plugin v27.4 - https:\/\/yoast.com\/product\/yoast-seo-wordpress\/ -->\n<title>Tetra GS45 Cam Temizleme Aparat\u0131 - Anadolu Pet Grup<\/title>\n<meta name=\"robots\" content=\"index, follow, max-snippet:-1, max-image-preview:large, max-video-preview:-1\" \/>\n<link rel=\"canonical\" href=\"https:\/\/anadolupet.com.tr\/en\/product\/tetra-gs45-cam-temizleme-aparati\/\" \/>\n<meta property=\"og:locale\" content=\"en_US\" \/>\n<meta property=\"og:type\" content=\"article\" \/>\n<meta property=\"og:title\" content=\"Tetra GS45 Cam Temizleme Aparat\u0131 - Anadolu Pet Grup\" \/>\n<meta property=\"og:description\" content=\"Tetra GS 45, akvaryum camlar\u0131n\u0131z\u0131n genel temizli\u011finin yan\u0131 s\u0131ra sahip oldu\u011fu paslanmaz \u00e7elikten \u00fcretilmi\u015f \u00e7ift y\u00f6nl\u00fc jileti, inat\u00e7\u0131 ve kal\u0131nla\u015fm\u0131\u015f yosunlar\u0131n bile zahmetsizce temizlemenize yard\u0131mc\u0131 olur. Tetra GS 45 Akvaryum Cam Temizleyici, ister tatl\u0131 su ister tuzlu su akvaryumu olsun size en y\u00fcksek performans\u0131 sunar. \u00dcretiminde kullan\u0131lan cam tozu sayesinde \u00fcr\u00fcn\u00fcn sap k\u0131sm\u0131 y\u00fcksek esneklik sa\u011flarken ayn\u0131 zamanda olduk\u00e7a sa\u011flamd\u0131r ve su \u00fczerinde batmadan kalabilir. Detaylar; *Akvaryum cam\u0131ndaki yosunlar\u0131 ve di\u011fer kir par\u00e7ac\u0131klar\u0131n\u0131 zahmetsizce giderir. *Paslanmaz b\u0131\u00e7a\u011f\u0131 de\u011fi\u015ftirilebilir ve b\u0131\u00e7aklar\u0131n de\u011fi\u015ftirilmesi olduk\u00e7a kolayd\u0131r. *Y\u00fcksek diren\u00e7li cam elyaf \u00e7ubuk. (45cm uzunluk) *Korumal\u0131 yan b\u0131\u00e7ak kenar\u0131, cam\u0131n yap\u0131\u015ft\u0131r\u0131lm\u0131\u015f ba\u011flant\u0131lar\u0131n\u0131n kesilmesini \u00f6nler. *Tuzlu su akvaryumlar\u0131 i\u00e7in de uygundur.\" \/>\n<meta property=\"og:url\" content=\"https:\/\/anadolupet.com.tr\/en\/product\/tetra-gs45-cam-temizleme-aparati\/\" \/>\n<meta property=\"og:site_name\" content=\"Anadolu Pet Grup\" \/>\n<meta property=\"article:modified_time\" content=\"2026-02-23T16:49:19+00:00\" \/>\n<meta property=\"og:image\" content=\"https:\/\/anadolupet.com.tr\/wp-content\/uploads\/2026\/02\/402-728738.jpg\" \/>\n\t<meta property=\"og:image:width\" content=\"750\" \/>\n\t<meta property=\"og:image:height\" content=\"750\" \/>\n\t<meta property=\"og:image:type\" content=\"image\/jpeg\" \/>\n<meta name=\"twitter:card\" content=\"summary_large_image\" \/>\n<script type=\"application\/ld+json\" class=\"yoast-schema-graph\">{\"@context\":\"https:\\\/\\\/schema.org\",\"@graph\":[{\"@type\":\"WebPage\",\"@id\":\"https:\\\/\\\/anadolupet.com.tr\\\/en\\\/product\\\/tetra-gs45-cam-temizleme-aparati\\\/\",\"url\":\"https:\\\/\\\/anadolupet.com.tr\\\/en\\\/product\\\/tetra-gs45-cam-temizleme-aparati\\\/\",\"name\":\"Tetra GS45 Cam Temizleme Aparat\u0131 - Anadolu Pet Grup\",\"isPartOf\":{\"@id\":\"https:\\\/\\\/anadolupet.com.tr\\\/#website\"},\"primaryImageOfPage\":{\"@id\":\"https:\\\/\\\/anadolupet.com.tr\\\/en\\\/product\\\/tetra-gs45-cam-temizleme-aparati\\\/#primaryimage\"},\"image\":{\"@id\":\"https:\\\/\\\/anadolupet.com.tr\\\/en\\\/product\\\/tetra-gs45-cam-temizleme-aparati\\\/#primaryimage\"},\"thumbnailUrl\":\"https:\\\/\\\/anadolupet.com.tr\\\/wp-content\\\/uploads\\\/2026\\\/02\\\/402-728738.jpg\",\"datePublished\":\"2026-02-14T14:46:21+00:00\",\"dateModified\":\"2026-02-23T16:49:19+00:00\",\"breadcrumb\":{\"@id\":\"https:\\\/\\\/anadolupet.com.tr\\\/en\\\/product\\\/tetra-gs45-cam-temizleme-aparati\\\/#breadcrumb\"},\"inLanguage\":\"en-US\",\"potentialAction\":[{\"@type\":\"ReadAction\",\"target\":[\"https:\\\/\\\/anadolupet.com.tr\\\/en\\\/product\\\/tetra-gs45-cam-temizleme-aparati\\\/\"]}]},{\"@type\":\"ImageObject\",\"inLanguage\":\"en-US\",\"@id\":\"https:\\\/\\\/anadolupet.com.tr\\\/en\\\/product\\\/tetra-gs45-cam-temizleme-aparati\\\/#primaryimage\",\"url\":\"https:\\\/\\\/anadolupet.com.tr\\\/wp-content\\\/uploads\\\/2026\\\/02\\\/402-728738.jpg\",\"contentUrl\":\"https:\\\/\\\/anadolupet.com.tr\\\/wp-content\\\/uploads\\\/2026\\\/02\\\/402-728738.jpg\",\"width\":750,\"height\":750},{\"@type\":\"BreadcrumbList\",\"@id\":\"https:\\\/\\\/anadolupet.com.tr\\\/en\\\/product\\\/tetra-gs45-cam-temizleme-aparati\\\/#breadcrumb\",\"itemListElement\":[{\"@type\":\"ListItem\",\"position\":1,\"name\":\"Anasayfa\",\"item\":\"https:\\\/\\\/anadolupet.com.tr\\\/\"},{\"@type\":\"ListItem\",\"position\":2,\"name\":\"\u00dcr\u00fcnler\",\"item\":\"https:\\\/\\\/anadolupet.com.tr\\\/urunler\\\/\"},{\"@type\":\"ListItem\",\"position\":3,\"name\":\"Tetra GS45 Cam Temizleme Aparat\u0131\"}]},{\"@type\":\"WebSite\",\"@id\":\"https:\\\/\\\/anadolupet.com.tr\\\/#website\",\"url\":\"https:\\\/\\\/anadolupet.com.tr\\\/\",\"name\":\"Anadolu Pet Grup\",\"description\":\"Her Can\u0131n \u0130yi Ya\u015fam\u0131 \u0130\u00e7in Biraraday\u0131z\",\"publisher\":{\"@id\":\"https:\\\/\\\/anadolupet.com.tr\\\/#organization\"},\"potentialAction\":[{\"@type\":\"SearchAction\",\"target\":{\"@type\":\"EntryPoint\",\"urlTemplate\":\"https:\\\/\\\/anadolupet.com.tr\\\/?s={search_term_string}\"},\"query-input\":{\"@type\":\"PropertyValueSpecification\",\"valueRequired\":true,\"valueName\":\"search_term_string\"}}],\"inLanguage\":\"en-US\"},{\"@type\":\"Organization\",\"@id\":\"https:\\\/\\\/anadolupet.com.tr\\\/#organization\",\"name\":\"Anadolu Pet Grup\",\"alternateName\":\"Anadolu Pet\",\"url\":\"https:\\\/\\\/anadolupet.com.tr\\\/\",\"logo\":{\"@type\":\"ImageObject\",\"inLanguage\":\"en-US\",\"@id\":\"https:\\\/\\\/anadolupet.com.tr\\\/#\\\/schema\\\/logo\\\/image\\\/\",\"url\":\"https:\\\/\\\/anadolupet.com.tr\\\/wp-content\\\/uploads\\\/2026\\\/03\\\/1614666743370.jpg\",\"contentUrl\":\"https:\\\/\\\/anadolupet.com.tr\\\/wp-content\\\/uploads\\\/2026\\\/03\\\/1614666743370.jpg\",\"width\":800,\"height\":571,\"caption\":\"Anadolu Pet Grup\"},\"image\":{\"@id\":\"https:\\\/\\\/anadolupet.com.tr\\\/#\\\/schema\\\/logo\\\/image\\\/\"}}]}<\/script>\n<!-- \/ Yoast SEO plugin. -->","yoast_head_json":{"title":"Tetra GS45 Cam Temizleme Aparat\u0131 - Anadolu Pet Grup","robots":{"index":"index","follow":"follow","max-snippet":"max-snippet:-1","max-image-preview":"max-image-preview:large","max-video-preview":"max-video-preview:-1"},"canonical":"https:\/\/anadolupet.com.tr\/en\/product\/tetra-gs45-cam-temizleme-aparati\/","og_locale":"en_US","og_type":"article","og_title":"Tetra GS45 Cam Temizleme Aparat\u0131 - Anadolu Pet Grup","og_description":"Tetra GS 45, akvaryum camlar\u0131n\u0131z\u0131n genel temizli\u011finin yan\u0131 s\u0131ra sahip oldu\u011fu paslanmaz \u00e7elikten \u00fcretilmi\u015f \u00e7ift y\u00f6nl\u00fc jileti, inat\u00e7\u0131 ve kal\u0131nla\u015fm\u0131\u015f yosunlar\u0131n bile zahmetsizce temizlemenize yard\u0131mc\u0131 olur. Tetra GS 45 Akvaryum Cam Temizleyici, ister tatl\u0131 su ister tuzlu su akvaryumu olsun size en y\u00fcksek performans\u0131 sunar. \u00dcretiminde kullan\u0131lan cam tozu sayesinde \u00fcr\u00fcn\u00fcn sap k\u0131sm\u0131 y\u00fcksek esneklik sa\u011flarken ayn\u0131 zamanda olduk\u00e7a sa\u011flamd\u0131r ve su \u00fczerinde batmadan kalabilir. Detaylar; *Akvaryum cam\u0131ndaki yosunlar\u0131 ve di\u011fer kir par\u00e7ac\u0131klar\u0131n\u0131 zahmetsizce giderir. *Paslanmaz b\u0131\u00e7a\u011f\u0131 de\u011fi\u015ftirilebilir ve b\u0131\u00e7aklar\u0131n de\u011fi\u015ftirilmesi olduk\u00e7a kolayd\u0131r. *Y\u00fcksek diren\u00e7li cam elyaf \u00e7ubuk. (45cm uzunluk) *Korumal\u0131 yan b\u0131\u00e7ak kenar\u0131, cam\u0131n yap\u0131\u015ft\u0131r\u0131lm\u0131\u015f ba\u011flant\u0131lar\u0131n\u0131n kesilmesini \u00f6nler. *Tuzlu su akvaryumlar\u0131 i\u00e7in de uygundur.","og_url":"https:\/\/anadolupet.com.tr\/en\/product\/tetra-gs45-cam-temizleme-aparati\/","og_site_name":"Anadolu Pet Grup","article_modified_time":"2026-02-23T16:49:19+00:00","og_image":[{"width":750,"height":750,"url":"https:\/\/anadolupet.com.tr\/wp-content\/uploads\/2026\/02\/402-728738.jpg","type":"image\/jpeg"}],"twitter_card":"summary_large_image","schema":{"@context":"https:\/\/schema.org","@graph":[{"@type":"WebPage","@id":"https:\/\/anadolupet.com.tr\/en\/product\/tetra-gs45-cam-temizleme-aparati\/","url":"https:\/\/anadolupet.com.tr\/en\/product\/tetra-gs45-cam-temizleme-aparati\/","name":"Tetra GS45 Cam Temizleme Aparat\u0131 - Anadolu Pet Grup","isPartOf":{"@id":"https:\/\/anadolupet.com.tr\/#website"},"primaryImageOfPage":{"@id":"https:\/\/anadolupet.com.tr\/en\/product\/tetra-gs45-cam-temizleme-aparati\/#primaryimage"},"image":{"@id":"https:\/\/anadolupet.com.tr\/en\/product\/tetra-gs45-cam-temizleme-aparati\/#primaryimage"},"thumbnailUrl":"https:\/\/anadolupet.com.tr\/wp-content\/uploads\/2026\/02\/402-728738.jpg","datePublished":"2026-02-14T14:46:21+00:00","dateModified":"2026-02-23T16:49:19+00:00","breadcrumb":{"@id":"https:\/\/anadolupet.com.tr\/en\/product\/tetra-gs45-cam-temizleme-aparati\/#breadcrumb"},"inLanguage":"en-US","potentialAction":[{"@type":"ReadAction","target":["https:\/\/anadolupet.com.tr\/en\/product\/tetra-gs45-cam-temizleme-aparati\/"]}]},{"@type":"ImageObject","inLanguage":"en-US","@id":"https:\/\/anadolupet.com.tr\/en\/product\/tetra-gs45-cam-temizleme-aparati\/#primaryimage","url":"https:\/\/anadolupet.com.tr\/wp-content\/uploads\/2026\/02\/402-728738.jpg","contentUrl":"https:\/\/anadolupet.com.tr\/wp-content\/uploads\/2026\/02\/402-728738.jpg","width":750,"height":750},{"@type":"BreadcrumbList","@id":"https:\/\/anadolupet.com.tr\/en\/product\/tetra-gs45-cam-temizleme-aparati\/#breadcrumb","itemListElement":[{"@type":"ListItem","position":1,"name":"Anasayfa","item":"https:\/\/anadolupet.com.tr\/"},{"@type":"ListItem","position":2,"name":"\u00dcr\u00fcnler","item":"https:\/\/anadolupet.com.tr\/urunler\/"},{"@type":"ListItem","position":3,"name":"Tetra GS45 Cam Temizleme Aparat\u0131"}]},{"@type":"WebSite","@id":"https:\/\/anadolupet.com.tr\/#website","url":"https:\/\/anadolupet.com.tr\/","name":"Anadolu Pet Group","description":"We Stand Together for the Well-Being of Every Life","publisher":{"@id":"https:\/\/anadolupet.com.tr\/#organization"},"potentialAction":[{"@type":"SearchAction","target":{"@type":"EntryPoint","urlTemplate":"https:\/\/anadolupet.com.tr\/?s={search_term_string}"},"query-input":{"@type":"PropertyValueSpecification","valueRequired":true,"valueName":"search_term_string"}}],"inLanguage":"en-US"},{"@type":"Organization","@id":"https:\/\/anadolupet.com.tr\/#organization","name":"Anadolu Pet Group","alternateName":"Anadolu Pet","url":"https:\/\/anadolupet.com.tr\/","logo":{"@type":"ImageObject","inLanguage":"en-US","@id":"https:\/\/anadolupet.com.tr\/#\/schema\/logo\/image\/","url":"https:\/\/anadolupet.com.tr\/wp-content\/uploads\/2026\/03\/1614666743370.jpg","contentUrl":"https:\/\/anadolupet.com.tr\/wp-content\/uploads\/2026\/03\/1614666743370.jpg","width":800,"height":571,"caption":"Anadolu Pet Grup"},"image":{"@id":"https:\/\/anadolupet.com.tr\/#\/schema\/logo\/image\/"}}]}},"_links":{"self":[{"href":"https:\/\/anadolupet.com.tr\/en\/wp-json\/wp\/v2\/product\/46305","targetHints":{"allow":["GET"]}}],"collection":[{"href":"https:\/\/anadolupet.com.tr\/en\/wp-json\/wp\/v2\/product"}],"about":[{"href":"https:\/\/anadolupet.com.tr\/en\/wp-json\/wp\/v2\/types\/product"}],"replies":[{"embeddable":true,"href":"https:\/\/anadolupet.com.tr\/en\/wp-json\/wp\/v2\/comments?post=46305"}],"wp:featuredmedia":[{"embeddable":true,"href":"https:\/\/anadolupet.com.tr\/en\/wp-json\/wp\/v2\/media\/47255"}],"wp:attachment":[{"href":"https:\/\/anadolupet.com.tr\/en\/wp-json\/wp\/v2\/media?parent=46305"}],"wp:term":[{"taxonomy":"product_brand","embeddable":true,"href":"https:\/\/anadolupet.com.tr\/en\/wp-json\/wp\/v2\/product_brand?post=46305"},{"taxonomy":"product_cat","embeddable":true,"href":"https:\/\/anadolupet.com.tr\/en\/wp-json\/wp\/v2\/product_cat?post=46305"},{"taxonomy":"product_tag","embeddable":true,"href":"https:\/\/anadolupet.com.tr\/en\/wp-json\/wp\/v2\/product_tag?post=46305"}],"curies":[{"name":"wp","href":"https:\/\/api.w.org\/{rel}","templated":true}]}}