{"id":46313,"date":"2026-02-14T14:46:22","date_gmt":"2026-02-14T14:46:22","guid":{"rendered":"https:\/\/anadolupet.com.tr\/urun\/tetra-goldfish-gold-exotic-egzotik-japon-balik-yemi-250ml-80g\/"},"modified":"2026-02-23T16:49:19","modified_gmt":"2026-02-23T16:49:19","slug":"tetra-goldfish-gold-exotic-egzotik-japon-balik-yemi-250ml-80g","status":"publish","type":"product","link":"https:\/\/anadolupet.com.tr\/en\/urun\/tetra-goldfish-gold-exotic-egzotik-japon-balik-yemi-250ml-80g\/","title":{"rendered":"Tetra Goldfish Gold Exotic Egzotik Japon Bal\u0131k Yemi &#8211; 250ML 80G"},"content":{"rendered":"","protected":false},"excerpt":{"rendered":"<p>Tetra Goldfish Gold Exotic<br \/>\nY\u00fcksek kaliteli bitkisel i\u00e7erikler ve bu\u011fday tohumu ile Japon bal\u0131klar\u0131n\u0131n do\u011fal beslenme ihtiya\u00e7lar\u0131n\u0131 kar\u015f\u0131lar.<br \/>\nKolay sindirilebilir form\u00fcl\u00fc sayesinde yemden maksimum fayda sa\u011flar ve besin d\u00f6n\u00fc\u015f\u00fcm\u00fcn\u00fc optimize eder.<br \/>\n\u0130deal ve kaliteli beslenme bal\u0131klar\u0131n\u0131z\u0131n kondisyonunu en iyi seviyede tutar.<br \/>\nUzun s\u00fcre y\u00fczen gran\u00fcller, bal\u0131klar\u0131n yem t\u00fcketimini kolayla\u015ft\u0131r\u0131r.<br \/>\nBenzersiz tarif ve y\u00fcksek kaliteli i\u00e7erikler, renklendirici ve koruyucu katk\u0131 maddeleri olmadan sa\u011fl\u0131kl\u0131 b\u00fcy\u00fcmeyi destekler.<br \/>\nKolay t\u00fcketilen ve y\u00fcksek sindirilebilir gran\u00fcller sayesinde suyun temiz ve berrak kalmas\u0131na yard\u0131mc\u0131 olur.<br \/>\nTetra Goldfish Gold Exotic, Japon bal\u0131klar\u0131n\u0131z i\u00e7in do\u011fal beslenme, sa\u011fl\u0131kl\u0131 geli\u015fim ve berrak su sa\u011flayan \u00fcst\u00fcn kaliteli bir yemdir.<\/p>","protected":false},"featured_media":47107,"comment_status":"open","ping_status":"closed","template":"","meta":{"_acf_changed":false},"product_brand":[],"product_cat":[2418],"product_tag":[],"class_list":{"0":"post-46313","1":"product","2":"type-product","3":"status-publish","4":"has-post-thumbnail","6":"product_cat-ture-ozel-yemler","8":"first","9":"instock","10":"shipping-taxable","11":"product-type-simple"},"acf":[],"yoast_head":"<!-- This site is optimized with the Yoast SEO plugin v27.5 - https:\/\/yoast.com\/product\/yoast-seo-wordpress\/ -->\n<title>Tetra Goldfish Gold Exotic Egzotik Japon Bal\u0131k Yemi - 250ML 80G - Anadolu Pet Grup<\/title>\n<meta name=\"robots\" content=\"index, follow, max-snippet:-1, max-image-preview:large, max-video-preview:-1\" \/>\n<link rel=\"canonical\" href=\"https:\/\/anadolupet.com.tr\/en\/product\/tetra-goldfish-gold-exotic-egzotik-japon-balik-yemi-250ml-80g\/\" \/>\n<meta property=\"og:locale\" content=\"en_US\" \/>\n<meta property=\"og:type\" content=\"article\" \/>\n<meta property=\"og:title\" content=\"Tetra Goldfish Gold Exotic Egzotik Japon Bal\u0131k Yemi - 250ML 80G - Anadolu Pet Grup\" \/>\n<meta property=\"og:description\" content=\"Tetra Goldfish Gold Exotic Y\u00fcksek kaliteli bitkisel i\u00e7erikler ve bu\u011fday tohumu ile Japon bal\u0131klar\u0131n\u0131n do\u011fal beslenme ihtiya\u00e7lar\u0131n\u0131 kar\u015f\u0131lar. Kolay sindirilebilir form\u00fcl\u00fc sayesinde yemden maksimum fayda sa\u011flar ve besin d\u00f6n\u00fc\u015f\u00fcm\u00fcn\u00fc optimize eder. \u0130deal ve kaliteli beslenme bal\u0131klar\u0131n\u0131z\u0131n kondisyonunu en iyi seviyede tutar. Uzun s\u00fcre y\u00fczen gran\u00fcller, bal\u0131klar\u0131n yem t\u00fcketimini kolayla\u015ft\u0131r\u0131r. Benzersiz tarif ve y\u00fcksek kaliteli i\u00e7erikler, renklendirici ve koruyucu katk\u0131 maddeleri olmadan sa\u011fl\u0131kl\u0131 b\u00fcy\u00fcmeyi destekler. Kolay t\u00fcketilen ve y\u00fcksek sindirilebilir gran\u00fcller sayesinde suyun temiz ve berrak kalmas\u0131na yard\u0131mc\u0131 olur. Tetra Goldfish Gold Exotic, Japon bal\u0131klar\u0131n\u0131z i\u00e7in do\u011fal beslenme, sa\u011fl\u0131kl\u0131 geli\u015fim ve berrak su sa\u011flayan \u00fcst\u00fcn kaliteli bir yemdir.\" \/>\n<meta property=\"og:url\" content=\"https:\/\/anadolupet.com.tr\/en\/product\/tetra-goldfish-gold-exotic-egzotik-japon-balik-yemi-250ml-80g\/\" \/>\n<meta property=\"og:site_name\" content=\"Anadolu Pet Grup\" \/>\n<meta property=\"article:modified_time\" content=\"2026-02-23T16:49:19+00:00\" \/>\n<meta property=\"og:image\" content=\"https:\/\/anadolupet.com.tr\/wp-content\/uploads\/2026\/02\/400-712353.jpg\" \/>\n\t<meta property=\"og:image:width\" content=\"750\" \/>\n\t<meta property=\"og:image:height\" content=\"750\" \/>\n\t<meta property=\"og:image:type\" content=\"image\/jpeg\" \/>\n<meta name=\"twitter:card\" content=\"summary_large_image\" \/>\n<script type=\"application\/ld+json\" class=\"yoast-schema-graph\">{\"@context\":\"https:\\\/\\\/schema.org\",\"@graph\":[{\"@type\":\"WebPage\",\"@id\":\"https:\\\/\\\/anadolupet.com.tr\\\/urun\\\/tetra-goldfish-gold-exotic-egzotik-japon-balik-yemi-250ml-80g\\\/\",\"url\":\"https:\\\/\\\/anadolupet.com.tr\\\/urun\\\/tetra-goldfish-gold-exotic-egzotik-japon-balik-yemi-250ml-80g\\\/\",\"name\":\"Tetra Goldfish Gold Exotic Egzotik Japon Bal\u0131k Yemi - 250ML 80G - Anadolu Pet Grup\",\"isPartOf\":{\"@id\":\"https:\\\/\\\/anadolupet.com.tr\\\/#website\"},\"primaryImageOfPage\":{\"@id\":\"https:\\\/\\\/anadolupet.com.tr\\\/urun\\\/tetra-goldfish-gold-exotic-egzotik-japon-balik-yemi-250ml-80g\\\/#primaryimage\"},\"image\":{\"@id\":\"https:\\\/\\\/anadolupet.com.tr\\\/urun\\\/tetra-goldfish-gold-exotic-egzotik-japon-balik-yemi-250ml-80g\\\/#primaryimage\"},\"thumbnailUrl\":\"https:\\\/\\\/anadolupet.com.tr\\\/wp-content\\\/uploads\\\/2026\\\/02\\\/400-712353.jpg\",\"datePublished\":\"2026-02-14T14:46:22+00:00\",\"dateModified\":\"2026-02-23T16:49:19+00:00\",\"breadcrumb\":{\"@id\":\"https:\\\/\\\/anadolupet.com.tr\\\/urun\\\/tetra-goldfish-gold-exotic-egzotik-japon-balik-yemi-250ml-80g\\\/#breadcrumb\"},\"inLanguage\":\"en-US\",\"potentialAction\":[{\"@type\":\"ReadAction\",\"target\":[\"https:\\\/\\\/anadolupet.com.tr\\\/urun\\\/tetra-goldfish-gold-exotic-egzotik-japon-balik-yemi-250ml-80g\\\/\"]}]},{\"@type\":\"ImageObject\",\"inLanguage\":\"en-US\",\"@id\":\"https:\\\/\\\/anadolupet.com.tr\\\/urun\\\/tetra-goldfish-gold-exotic-egzotik-japon-balik-yemi-250ml-80g\\\/#primaryimage\",\"url\":\"https:\\\/\\\/anadolupet.com.tr\\\/wp-content\\\/uploads\\\/2026\\\/02\\\/400-712353.jpg\",\"contentUrl\":\"https:\\\/\\\/anadolupet.com.tr\\\/wp-content\\\/uploads\\\/2026\\\/02\\\/400-712353.jpg\",\"width\":750,\"height\":750},{\"@type\":\"BreadcrumbList\",\"@id\":\"https:\\\/\\\/anadolupet.com.tr\\\/urun\\\/tetra-goldfish-gold-exotic-egzotik-japon-balik-yemi-250ml-80g\\\/#breadcrumb\",\"itemListElement\":[{\"@type\":\"ListItem\",\"position\":1,\"name\":\"Anasayfa\",\"item\":\"https:\\\/\\\/anadolupet.com.tr\\\/\"},{\"@type\":\"ListItem\",\"position\":2,\"name\":\"\u00dcr\u00fcnler\",\"item\":\"https:\\\/\\\/anadolupet.com.tr\\\/urunler\\\/\"},{\"@type\":\"ListItem\",\"position\":3,\"name\":\"Tetra Goldfish Gold Exotic Egzotik Japon Bal\u0131k Yemi &#8211; 250ML 80G\"}]},{\"@type\":\"WebSite\",\"@id\":\"https:\\\/\\\/anadolupet.com.tr\\\/#website\",\"url\":\"https:\\\/\\\/anadolupet.com.tr\\\/\",\"name\":\"Anadolu Pet Grup\",\"description\":\"Her Can\u0131n \u0130yi Ya\u015fam\u0131 \u0130\u00e7in Biraraday\u0131z\",\"publisher\":{\"@id\":\"https:\\\/\\\/anadolupet.com.tr\\\/#organization\"},\"potentialAction\":[{\"@type\":\"SearchAction\",\"target\":{\"@type\":\"EntryPoint\",\"urlTemplate\":\"https:\\\/\\\/anadolupet.com.tr\\\/?s={search_term_string}\"},\"query-input\":{\"@type\":\"PropertyValueSpecification\",\"valueRequired\":true,\"valueName\":\"search_term_string\"}}],\"inLanguage\":\"en-US\"},{\"@type\":\"Organization\",\"@id\":\"https:\\\/\\\/anadolupet.com.tr\\\/#organization\",\"name\":\"Anadolu Pet Grup\",\"alternateName\":\"Anadolu Pet\",\"url\":\"https:\\\/\\\/anadolupet.com.tr\\\/\",\"logo\":{\"@type\":\"ImageObject\",\"inLanguage\":\"en-US\",\"@id\":\"https:\\\/\\\/anadolupet.com.tr\\\/#\\\/schema\\\/logo\\\/image\\\/\",\"url\":\"https:\\\/\\\/anadolupet.com.tr\\\/wp-content\\\/uploads\\\/2026\\\/03\\\/1614666743370.jpg\",\"contentUrl\":\"https:\\\/\\\/anadolupet.com.tr\\\/wp-content\\\/uploads\\\/2026\\\/03\\\/1614666743370.jpg\",\"width\":800,\"height\":571,\"caption\":\"Anadolu Pet Grup\"},\"image\":{\"@id\":\"https:\\\/\\\/anadolupet.com.tr\\\/#\\\/schema\\\/logo\\\/image\\\/\"}}]}<\/script>\n<!-- \/ Yoast SEO plugin. -->","yoast_head_json":{"title":"Tetra Goldfish Gold Exotic Egzotik Japon Bal\u0131k Yemi - 250ML 80G - Anadolu Pet Grup","robots":{"index":"index","follow":"follow","max-snippet":"max-snippet:-1","max-image-preview":"max-image-preview:large","max-video-preview":"max-video-preview:-1"},"canonical":"https:\/\/anadolupet.com.tr\/en\/product\/tetra-goldfish-gold-exotic-egzotik-japon-balik-yemi-250ml-80g\/","og_locale":"en_US","og_type":"article","og_title":"Tetra Goldfish Gold Exotic Egzotik Japon Bal\u0131k Yemi - 250ML 80G - Anadolu Pet Grup","og_description":"Tetra Goldfish Gold Exotic Y\u00fcksek kaliteli bitkisel i\u00e7erikler ve bu\u011fday tohumu ile Japon bal\u0131klar\u0131n\u0131n do\u011fal beslenme ihtiya\u00e7lar\u0131n\u0131 kar\u015f\u0131lar. Kolay sindirilebilir form\u00fcl\u00fc sayesinde yemden maksimum fayda sa\u011flar ve besin d\u00f6n\u00fc\u015f\u00fcm\u00fcn\u00fc optimize eder. \u0130deal ve kaliteli beslenme bal\u0131klar\u0131n\u0131z\u0131n kondisyonunu en iyi seviyede tutar. Uzun s\u00fcre y\u00fczen gran\u00fcller, bal\u0131klar\u0131n yem t\u00fcketimini kolayla\u015ft\u0131r\u0131r. Benzersiz tarif ve y\u00fcksek kaliteli i\u00e7erikler, renklendirici ve koruyucu katk\u0131 maddeleri olmadan sa\u011fl\u0131kl\u0131 b\u00fcy\u00fcmeyi destekler. Kolay t\u00fcketilen ve y\u00fcksek sindirilebilir gran\u00fcller sayesinde suyun temiz ve berrak kalmas\u0131na yard\u0131mc\u0131 olur. Tetra Goldfish Gold Exotic, Japon bal\u0131klar\u0131n\u0131z i\u00e7in do\u011fal beslenme, sa\u011fl\u0131kl\u0131 geli\u015fim ve berrak su sa\u011flayan \u00fcst\u00fcn kaliteli bir yemdir.","og_url":"https:\/\/anadolupet.com.tr\/en\/product\/tetra-goldfish-gold-exotic-egzotik-japon-balik-yemi-250ml-80g\/","og_site_name":"Anadolu Pet Grup","article_modified_time":"2026-02-23T16:49:19+00:00","og_image":[{"width":750,"height":750,"url":"https:\/\/anadolupet.com.tr\/wp-content\/uploads\/2026\/02\/400-712353.jpg","type":"image\/jpeg"}],"twitter_card":"summary_large_image","schema":{"@context":"https:\/\/schema.org","@graph":[{"@type":"WebPage","@id":"https:\/\/anadolupet.com.tr\/urun\/tetra-goldfish-gold-exotic-egzotik-japon-balik-yemi-250ml-80g\/","url":"https:\/\/anadolupet.com.tr\/urun\/tetra-goldfish-gold-exotic-egzotik-japon-balik-yemi-250ml-80g\/","name":"Tetra Goldfish Gold Exotic Egzotik Japon Bal\u0131k Yemi - 250ML 80G - Anadolu Pet Grup","isPartOf":{"@id":"https:\/\/anadolupet.com.tr\/#website"},"primaryImageOfPage":{"@id":"https:\/\/anadolupet.com.tr\/urun\/tetra-goldfish-gold-exotic-egzotik-japon-balik-yemi-250ml-80g\/#primaryimage"},"image":{"@id":"https:\/\/anadolupet.com.tr\/urun\/tetra-goldfish-gold-exotic-egzotik-japon-balik-yemi-250ml-80g\/#primaryimage"},"thumbnailUrl":"https:\/\/anadolupet.com.tr\/wp-content\/uploads\/2026\/02\/400-712353.jpg","datePublished":"2026-02-14T14:46:22+00:00","dateModified":"2026-02-23T16:49:19+00:00","breadcrumb":{"@id":"https:\/\/anadolupet.com.tr\/urun\/tetra-goldfish-gold-exotic-egzotik-japon-balik-yemi-250ml-80g\/#breadcrumb"},"inLanguage":"en-US","potentialAction":[{"@type":"ReadAction","target":["https:\/\/anadolupet.com.tr\/urun\/tetra-goldfish-gold-exotic-egzotik-japon-balik-yemi-250ml-80g\/"]}]},{"@type":"ImageObject","inLanguage":"en-US","@id":"https:\/\/anadolupet.com.tr\/urun\/tetra-goldfish-gold-exotic-egzotik-japon-balik-yemi-250ml-80g\/#primaryimage","url":"https:\/\/anadolupet.com.tr\/wp-content\/uploads\/2026\/02\/400-712353.jpg","contentUrl":"https:\/\/anadolupet.com.tr\/wp-content\/uploads\/2026\/02\/400-712353.jpg","width":750,"height":750},{"@type":"BreadcrumbList","@id":"https:\/\/anadolupet.com.tr\/urun\/tetra-goldfish-gold-exotic-egzotik-japon-balik-yemi-250ml-80g\/#breadcrumb","itemListElement":[{"@type":"ListItem","position":1,"name":"Anasayfa","item":"https:\/\/anadolupet.com.tr\/"},{"@type":"ListItem","position":2,"name":"\u00dcr\u00fcnler","item":"https:\/\/anadolupet.com.tr\/urunler\/"},{"@type":"ListItem","position":3,"name":"Tetra Goldfish Gold Exotic Egzotik Japon Bal\u0131k Yemi &#8211; 250ML 80G"}]},{"@type":"WebSite","@id":"https:\/\/anadolupet.com.tr\/#website","url":"https:\/\/anadolupet.com.tr\/","name":"Anadolu Pet Group","description":"We Stand Together for the Well-Being of Every Life","publisher":{"@id":"https:\/\/anadolupet.com.tr\/#organization"},"potentialAction":[{"@type":"SearchAction","target":{"@type":"EntryPoint","urlTemplate":"https:\/\/anadolupet.com.tr\/?s={search_term_string}"},"query-input":{"@type":"PropertyValueSpecification","valueRequired":true,"valueName":"search_term_string"}}],"inLanguage":"en-US"},{"@type":"Organization","@id":"https:\/\/anadolupet.com.tr\/#organization","name":"Anadolu Pet Group","alternateName":"Anadolu Pet","url":"https:\/\/anadolupet.com.tr\/","logo":{"@type":"ImageObject","inLanguage":"en-US","@id":"https:\/\/anadolupet.com.tr\/#\/schema\/logo\/image\/","url":"https:\/\/anadolupet.com.tr\/wp-content\/uploads\/2026\/03\/1614666743370.jpg","contentUrl":"https:\/\/anadolupet.com.tr\/wp-content\/uploads\/2026\/03\/1614666743370.jpg","width":800,"height":571,"caption":"Anadolu Pet Grup"},"image":{"@id":"https:\/\/anadolupet.com.tr\/#\/schema\/logo\/image\/"}}]}},"_links":{"self":[{"href":"https:\/\/anadolupet.com.tr\/en\/wp-json\/wp\/v2\/product\/46313","targetHints":{"allow":["GET"]}}],"collection":[{"href":"https:\/\/anadolupet.com.tr\/en\/wp-json\/wp\/v2\/product"}],"about":[{"href":"https:\/\/anadolupet.com.tr\/en\/wp-json\/wp\/v2\/types\/product"}],"replies":[{"embeddable":true,"href":"https:\/\/anadolupet.com.tr\/en\/wp-json\/wp\/v2\/comments?post=46313"}],"wp:featuredmedia":[{"embeddable":true,"href":"https:\/\/anadolupet.com.tr\/en\/wp-json\/wp\/v2\/media\/47107"}],"wp:attachment":[{"href":"https:\/\/anadolupet.com.tr\/en\/wp-json\/wp\/v2\/media?parent=46313"}],"wp:term":[{"taxonomy":"product_brand","embeddable":true,"href":"https:\/\/anadolupet.com.tr\/en\/wp-json\/wp\/v2\/product_brand?post=46313"},{"taxonomy":"product_cat","embeddable":true,"href":"https:\/\/anadolupet.com.tr\/en\/wp-json\/wp\/v2\/product_cat?post=46313"},{"taxonomy":"product_tag","embeddable":true,"href":"https:\/\/anadolupet.com.tr\/en\/wp-json\/wp\/v2\/product_tag?post=46313"}],"curies":[{"name":"wp","href":"https:\/\/api.w.org\/{rel}","templated":true}]}}