{"id":46314,"date":"2026-02-14T14:46:22","date_gmt":"2026-02-14T14:46:22","guid":{"rendered":"https:\/\/anadolupet.com.tr\/urun\/tetra-goldfish-japon-balik-yemi-250ml-80gr\/"},"modified":"2026-02-23T16:49:19","modified_gmt":"2026-02-23T16:49:19","slug":"tetra-goldfish-japon-balik-yemi-250ml-80gr","status":"publish","type":"product","link":"https:\/\/anadolupet.com.tr\/en\/urun\/tetra-goldfish-japon-balik-yemi-250ml-80gr\/","title":{"rendered":"Tetra Goldfish Japon Bal\u0131k Yemi &#8211; 250ML 80GR"},"content":{"rendered":"","protected":false},"excerpt":{"rendered":"<p>Tetra Goldfish<br \/>\nOptimum dengeli pul kar\u0131\u015f\u0131m\u0131 ile bal\u0131klar\u0131n\u0131za \u00e7e\u015fitlilik ve tam beslenme sa\u011flar.<br \/>\nT\u00fcm temel besinler, vitaminler ve iz elementler ile eksiksiz bir beslenme sunar.<br \/>\nDo\u011fal renklenme, sa\u011fl\u0131k ve canl\u0131l\u0131k i\u00e7in \u00f6zel olarak form\u00fcle edilmi\u015ftir.<br \/>\nBioActive form\u00fcl\u00fc bal\u0131klar\u0131n ba\u011f\u0131\u015f\u0131kl\u0131\u011f\u0131n\u0131 g\u00fc\u00e7lendirir, uzun ve sa\u011fl\u0131kl\u0131 bir ya\u015fam sa\u011flar.<br \/>\nClean &#038; Clear Water form\u00fcl\u00fc yem d\u00f6n\u00fc\u015f\u00fcm\u00fcn\u00fc iyile\u015ftirir, bal\u0131klar\u0131n at\u0131klar\u0131n\u0131 azalt\u0131r ve akvaryum suyunun temiz, berrak kalmas\u0131na yard\u0131mc\u0131 olur.<br \/>\nKullan\u0131\u015fl\u0131 dozaj kapa\u011f\u0131 sayesinde besleme kolay ve pratik hale gelir.<br \/>\nTetra Goldfish, Japon bal\u0131klar\u0131n\u0131z\u0131n sa\u011fl\u0131kl\u0131 geli\u015fimini, do\u011fal renklerini ve uzun \u00f6m\u00fcrl\u00fc ya\u015fam\u0131n\u0131 destekleyen, suyun berrakl\u0131\u011f\u0131n\u0131 koruyan \u00fcst\u00fcn kaliteli bir yemdir.<\/p>","protected":false},"featured_media":47106,"comment_status":"open","ping_status":"closed","template":"","meta":{"_acf_changed":false},"product_brand":[],"product_cat":[2418],"product_tag":[],"class_list":{"0":"post-46314","1":"product","2":"type-product","3":"status-publish","4":"has-post-thumbnail","6":"product_cat-ture-ozel-yemler","8":"first","9":"instock","10":"shipping-taxable","11":"product-type-simple"},"acf":[],"yoast_head":"<!-- This site is optimized with the Yoast SEO plugin v27.5 - https:\/\/yoast.com\/product\/yoast-seo-wordpress\/ -->\n<title>Tetra Goldfish Japon Bal\u0131k Yemi - 250ML 80GR - Anadolu Pet Grup<\/title>\n<meta name=\"robots\" content=\"index, follow, max-snippet:-1, max-image-preview:large, max-video-preview:-1\" \/>\n<link rel=\"canonical\" href=\"https:\/\/anadolupet.com.tr\/en\/product\/tetra-goldfish-japon-balik-yemi-250ml-80gr\/\" \/>\n<meta property=\"og:locale\" content=\"en_US\" \/>\n<meta property=\"og:type\" content=\"article\" \/>\n<meta property=\"og:title\" content=\"Tetra Goldfish Japon Bal\u0131k Yemi - 250ML 80GR - Anadolu Pet Grup\" \/>\n<meta property=\"og:description\" content=\"Tetra Goldfish Optimum dengeli pul kar\u0131\u015f\u0131m\u0131 ile bal\u0131klar\u0131n\u0131za \u00e7e\u015fitlilik ve tam beslenme sa\u011flar. T\u00fcm temel besinler, vitaminler ve iz elementler ile eksiksiz bir beslenme sunar. Do\u011fal renklenme, sa\u011fl\u0131k ve canl\u0131l\u0131k i\u00e7in \u00f6zel olarak form\u00fcle edilmi\u015ftir. BioActive form\u00fcl\u00fc bal\u0131klar\u0131n ba\u011f\u0131\u015f\u0131kl\u0131\u011f\u0131n\u0131 g\u00fc\u00e7lendirir, uzun ve sa\u011fl\u0131kl\u0131 bir ya\u015fam sa\u011flar. Clean &amp; Clear Water form\u00fcl\u00fc yem d\u00f6n\u00fc\u015f\u00fcm\u00fcn\u00fc iyile\u015ftirir, bal\u0131klar\u0131n at\u0131klar\u0131n\u0131 azalt\u0131r ve akvaryum suyunun temiz, berrak kalmas\u0131na yard\u0131mc\u0131 olur. Kullan\u0131\u015fl\u0131 dozaj kapa\u011f\u0131 sayesinde besleme kolay ve pratik hale gelir. Tetra Goldfish, Japon bal\u0131klar\u0131n\u0131z\u0131n sa\u011fl\u0131kl\u0131 geli\u015fimini, do\u011fal renklerini ve uzun \u00f6m\u00fcrl\u00fc ya\u015fam\u0131n\u0131 destekleyen, suyun berrakl\u0131\u011f\u0131n\u0131 koruyan \u00fcst\u00fcn kaliteli bir yemdir.\" \/>\n<meta property=\"og:url\" content=\"https:\/\/anadolupet.com.tr\/en\/product\/tetra-goldfish-japon-balik-yemi-250ml-80gr\/\" \/>\n<meta property=\"og:site_name\" content=\"Anadolu Pet Grup\" \/>\n<meta property=\"article:modified_time\" content=\"2026-02-23T16:49:19+00:00\" \/>\n<meta property=\"og:image\" content=\"https:\/\/anadolupet.com.tr\/wp-content\/uploads\/2026\/02\/400-712352.jpg\" \/>\n\t<meta property=\"og:image:width\" content=\"750\" \/>\n\t<meta property=\"og:image:height\" content=\"750\" \/>\n\t<meta property=\"og:image:type\" content=\"image\/jpeg\" \/>\n<meta name=\"twitter:card\" content=\"summary_large_image\" \/>\n<script type=\"application\/ld+json\" class=\"yoast-schema-graph\">{\"@context\":\"https:\\\/\\\/schema.org\",\"@graph\":[{\"@type\":\"WebPage\",\"@id\":\"https:\\\/\\\/anadolupet.com.tr\\\/en\\\/product\\\/tetra-goldfish-japon-balik-yemi-250ml-80gr\\\/\",\"url\":\"https:\\\/\\\/anadolupet.com.tr\\\/en\\\/product\\\/tetra-goldfish-japon-balik-yemi-250ml-80gr\\\/\",\"name\":\"Tetra Goldfish Japon Bal\u0131k Yemi - 250ML 80GR - Anadolu Pet Grup\",\"isPartOf\":{\"@id\":\"https:\\\/\\\/anadolupet.com.tr\\\/#website\"},\"primaryImageOfPage\":{\"@id\":\"https:\\\/\\\/anadolupet.com.tr\\\/en\\\/product\\\/tetra-goldfish-japon-balik-yemi-250ml-80gr\\\/#primaryimage\"},\"image\":{\"@id\":\"https:\\\/\\\/anadolupet.com.tr\\\/en\\\/product\\\/tetra-goldfish-japon-balik-yemi-250ml-80gr\\\/#primaryimage\"},\"thumbnailUrl\":\"https:\\\/\\\/anadolupet.com.tr\\\/wp-content\\\/uploads\\\/2026\\\/02\\\/400-712352.jpg\",\"datePublished\":\"2026-02-14T14:46:22+00:00\",\"dateModified\":\"2026-02-23T16:49:19+00:00\",\"breadcrumb\":{\"@id\":\"https:\\\/\\\/anadolupet.com.tr\\\/en\\\/product\\\/tetra-goldfish-japon-balik-yemi-250ml-80gr\\\/#breadcrumb\"},\"inLanguage\":\"en-US\",\"potentialAction\":[{\"@type\":\"ReadAction\",\"target\":[\"https:\\\/\\\/anadolupet.com.tr\\\/en\\\/product\\\/tetra-goldfish-japon-balik-yemi-250ml-80gr\\\/\"]}]},{\"@type\":\"ImageObject\",\"inLanguage\":\"en-US\",\"@id\":\"https:\\\/\\\/anadolupet.com.tr\\\/en\\\/product\\\/tetra-goldfish-japon-balik-yemi-250ml-80gr\\\/#primaryimage\",\"url\":\"https:\\\/\\\/anadolupet.com.tr\\\/wp-content\\\/uploads\\\/2026\\\/02\\\/400-712352.jpg\",\"contentUrl\":\"https:\\\/\\\/anadolupet.com.tr\\\/wp-content\\\/uploads\\\/2026\\\/02\\\/400-712352.jpg\",\"width\":750,\"height\":750},{\"@type\":\"BreadcrumbList\",\"@id\":\"https:\\\/\\\/anadolupet.com.tr\\\/en\\\/product\\\/tetra-goldfish-japon-balik-yemi-250ml-80gr\\\/#breadcrumb\",\"itemListElement\":[{\"@type\":\"ListItem\",\"position\":1,\"name\":\"Anasayfa\",\"item\":\"https:\\\/\\\/anadolupet.com.tr\\\/\"},{\"@type\":\"ListItem\",\"position\":2,\"name\":\"\u00dcr\u00fcnler\",\"item\":\"https:\\\/\\\/anadolupet.com.tr\\\/urunler\\\/\"},{\"@type\":\"ListItem\",\"position\":3,\"name\":\"Tetra Goldfish Japon Bal\u0131k Yemi &#8211; 250ML 80GR\"}]},{\"@type\":\"WebSite\",\"@id\":\"https:\\\/\\\/anadolupet.com.tr\\\/#website\",\"url\":\"https:\\\/\\\/anadolupet.com.tr\\\/\",\"name\":\"Anadolu Pet Grup\",\"description\":\"Her Can\u0131n \u0130yi Ya\u015fam\u0131 \u0130\u00e7in Biraraday\u0131z\",\"publisher\":{\"@id\":\"https:\\\/\\\/anadolupet.com.tr\\\/#organization\"},\"potentialAction\":[{\"@type\":\"SearchAction\",\"target\":{\"@type\":\"EntryPoint\",\"urlTemplate\":\"https:\\\/\\\/anadolupet.com.tr\\\/?s={search_term_string}\"},\"query-input\":{\"@type\":\"PropertyValueSpecification\",\"valueRequired\":true,\"valueName\":\"search_term_string\"}}],\"inLanguage\":\"en-US\"},{\"@type\":\"Organization\",\"@id\":\"https:\\\/\\\/anadolupet.com.tr\\\/#organization\",\"name\":\"Anadolu Pet Grup\",\"alternateName\":\"Anadolu Pet\",\"url\":\"https:\\\/\\\/anadolupet.com.tr\\\/\",\"logo\":{\"@type\":\"ImageObject\",\"inLanguage\":\"en-US\",\"@id\":\"https:\\\/\\\/anadolupet.com.tr\\\/#\\\/schema\\\/logo\\\/image\\\/\",\"url\":\"https:\\\/\\\/anadolupet.com.tr\\\/wp-content\\\/uploads\\\/2026\\\/03\\\/1614666743370.jpg\",\"contentUrl\":\"https:\\\/\\\/anadolupet.com.tr\\\/wp-content\\\/uploads\\\/2026\\\/03\\\/1614666743370.jpg\",\"width\":800,\"height\":571,\"caption\":\"Anadolu Pet Grup\"},\"image\":{\"@id\":\"https:\\\/\\\/anadolupet.com.tr\\\/#\\\/schema\\\/logo\\\/image\\\/\"}}]}<\/script>\n<!-- \/ Yoast SEO plugin. -->","yoast_head_json":{"title":"Tetra Goldfish Japon Bal\u0131k Yemi - 250ML 80GR - Anadolu Pet Grup","robots":{"index":"index","follow":"follow","max-snippet":"max-snippet:-1","max-image-preview":"max-image-preview:large","max-video-preview":"max-video-preview:-1"},"canonical":"https:\/\/anadolupet.com.tr\/en\/product\/tetra-goldfish-japon-balik-yemi-250ml-80gr\/","og_locale":"en_US","og_type":"article","og_title":"Tetra Goldfish Japon Bal\u0131k Yemi - 250ML 80GR - Anadolu Pet Grup","og_description":"Tetra Goldfish Optimum dengeli pul kar\u0131\u015f\u0131m\u0131 ile bal\u0131klar\u0131n\u0131za \u00e7e\u015fitlilik ve tam beslenme sa\u011flar. T\u00fcm temel besinler, vitaminler ve iz elementler ile eksiksiz bir beslenme sunar. Do\u011fal renklenme, sa\u011fl\u0131k ve canl\u0131l\u0131k i\u00e7in \u00f6zel olarak form\u00fcle edilmi\u015ftir. BioActive form\u00fcl\u00fc bal\u0131klar\u0131n ba\u011f\u0131\u015f\u0131kl\u0131\u011f\u0131n\u0131 g\u00fc\u00e7lendirir, uzun ve sa\u011fl\u0131kl\u0131 bir ya\u015fam sa\u011flar. Clean & Clear Water form\u00fcl\u00fc yem d\u00f6n\u00fc\u015f\u00fcm\u00fcn\u00fc iyile\u015ftirir, bal\u0131klar\u0131n at\u0131klar\u0131n\u0131 azalt\u0131r ve akvaryum suyunun temiz, berrak kalmas\u0131na yard\u0131mc\u0131 olur. Kullan\u0131\u015fl\u0131 dozaj kapa\u011f\u0131 sayesinde besleme kolay ve pratik hale gelir. Tetra Goldfish, Japon bal\u0131klar\u0131n\u0131z\u0131n sa\u011fl\u0131kl\u0131 geli\u015fimini, do\u011fal renklerini ve uzun \u00f6m\u00fcrl\u00fc ya\u015fam\u0131n\u0131 destekleyen, suyun berrakl\u0131\u011f\u0131n\u0131 koruyan \u00fcst\u00fcn kaliteli bir yemdir.","og_url":"https:\/\/anadolupet.com.tr\/en\/product\/tetra-goldfish-japon-balik-yemi-250ml-80gr\/","og_site_name":"Anadolu Pet Grup","article_modified_time":"2026-02-23T16:49:19+00:00","og_image":[{"width":750,"height":750,"url":"https:\/\/anadolupet.com.tr\/wp-content\/uploads\/2026\/02\/400-712352.jpg","type":"image\/jpeg"}],"twitter_card":"summary_large_image","schema":{"@context":"https:\/\/schema.org","@graph":[{"@type":"WebPage","@id":"https:\/\/anadolupet.com.tr\/en\/product\/tetra-goldfish-japon-balik-yemi-250ml-80gr\/","url":"https:\/\/anadolupet.com.tr\/en\/product\/tetra-goldfish-japon-balik-yemi-250ml-80gr\/","name":"Tetra Goldfish Japon Bal\u0131k Yemi - 250ML 80GR - Anadolu Pet Grup","isPartOf":{"@id":"https:\/\/anadolupet.com.tr\/#website"},"primaryImageOfPage":{"@id":"https:\/\/anadolupet.com.tr\/en\/product\/tetra-goldfish-japon-balik-yemi-250ml-80gr\/#primaryimage"},"image":{"@id":"https:\/\/anadolupet.com.tr\/en\/product\/tetra-goldfish-japon-balik-yemi-250ml-80gr\/#primaryimage"},"thumbnailUrl":"https:\/\/anadolupet.com.tr\/wp-content\/uploads\/2026\/02\/400-712352.jpg","datePublished":"2026-02-14T14:46:22+00:00","dateModified":"2026-02-23T16:49:19+00:00","breadcrumb":{"@id":"https:\/\/anadolupet.com.tr\/en\/product\/tetra-goldfish-japon-balik-yemi-250ml-80gr\/#breadcrumb"},"inLanguage":"en-US","potentialAction":[{"@type":"ReadAction","target":["https:\/\/anadolupet.com.tr\/en\/product\/tetra-goldfish-japon-balik-yemi-250ml-80gr\/"]}]},{"@type":"ImageObject","inLanguage":"en-US","@id":"https:\/\/anadolupet.com.tr\/en\/product\/tetra-goldfish-japon-balik-yemi-250ml-80gr\/#primaryimage","url":"https:\/\/anadolupet.com.tr\/wp-content\/uploads\/2026\/02\/400-712352.jpg","contentUrl":"https:\/\/anadolupet.com.tr\/wp-content\/uploads\/2026\/02\/400-712352.jpg","width":750,"height":750},{"@type":"BreadcrumbList","@id":"https:\/\/anadolupet.com.tr\/en\/product\/tetra-goldfish-japon-balik-yemi-250ml-80gr\/#breadcrumb","itemListElement":[{"@type":"ListItem","position":1,"name":"Anasayfa","item":"https:\/\/anadolupet.com.tr\/"},{"@type":"ListItem","position":2,"name":"\u00dcr\u00fcnler","item":"https:\/\/anadolupet.com.tr\/urunler\/"},{"@type":"ListItem","position":3,"name":"Tetra Goldfish Japon Bal\u0131k Yemi &#8211; 250ML 80GR"}]},{"@type":"WebSite","@id":"https:\/\/anadolupet.com.tr\/#website","url":"https:\/\/anadolupet.com.tr\/","name":"Anadolu Pet Group","description":"We Stand Together for the Well-Being of Every Life","publisher":{"@id":"https:\/\/anadolupet.com.tr\/#organization"},"potentialAction":[{"@type":"SearchAction","target":{"@type":"EntryPoint","urlTemplate":"https:\/\/anadolupet.com.tr\/?s={search_term_string}"},"query-input":{"@type":"PropertyValueSpecification","valueRequired":true,"valueName":"search_term_string"}}],"inLanguage":"en-US"},{"@type":"Organization","@id":"https:\/\/anadolupet.com.tr\/#organization","name":"Anadolu Pet Group","alternateName":"Anadolu Pet","url":"https:\/\/anadolupet.com.tr\/","logo":{"@type":"ImageObject","inLanguage":"en-US","@id":"https:\/\/anadolupet.com.tr\/#\/schema\/logo\/image\/","url":"https:\/\/anadolupet.com.tr\/wp-content\/uploads\/2026\/03\/1614666743370.jpg","contentUrl":"https:\/\/anadolupet.com.tr\/wp-content\/uploads\/2026\/03\/1614666743370.jpg","width":800,"height":571,"caption":"Anadolu Pet Grup"},"image":{"@id":"https:\/\/anadolupet.com.tr\/#\/schema\/logo\/image\/"}}]}},"_links":{"self":[{"href":"https:\/\/anadolupet.com.tr\/en\/wp-json\/wp\/v2\/product\/46314","targetHints":{"allow":["GET"]}}],"collection":[{"href":"https:\/\/anadolupet.com.tr\/en\/wp-json\/wp\/v2\/product"}],"about":[{"href":"https:\/\/anadolupet.com.tr\/en\/wp-json\/wp\/v2\/types\/product"}],"replies":[{"embeddable":true,"href":"https:\/\/anadolupet.com.tr\/en\/wp-json\/wp\/v2\/comments?post=46314"}],"wp:featuredmedia":[{"embeddable":true,"href":"https:\/\/anadolupet.com.tr\/en\/wp-json\/wp\/v2\/media\/47106"}],"wp:attachment":[{"href":"https:\/\/anadolupet.com.tr\/en\/wp-json\/wp\/v2\/media?parent=46314"}],"wp:term":[{"taxonomy":"product_brand","embeddable":true,"href":"https:\/\/anadolupet.com.tr\/en\/wp-json\/wp\/v2\/product_brand?post=46314"},{"taxonomy":"product_cat","embeddable":true,"href":"https:\/\/anadolupet.com.tr\/en\/wp-json\/wp\/v2\/product_cat?post=46314"},{"taxonomy":"product_tag","embeddable":true,"href":"https:\/\/anadolupet.com.tr\/en\/wp-json\/wp\/v2\/product_tag?post=46314"}],"curies":[{"name":"wp","href":"https:\/\/api.w.org\/{rel}","templated":true}]}}