{"id":46315,"date":"2026-02-14T14:46:23","date_gmt":"2026-02-14T14:46:23","guid":{"rendered":"https:\/\/anadolupet.com.tr\/urun\/tetra-goldfish-yuksek-enerjili-japon-balik-yemi-100ml\/"},"modified":"2026-02-23T16:49:19","modified_gmt":"2026-02-23T16:49:19","slug":"tetra-goldfish-yuksek-enerjili-japon-balik-yemi-100ml","status":"publish","type":"product","link":"https:\/\/anadolupet.com.tr\/en\/urun\/tetra-goldfish-yuksek-enerjili-japon-balik-yemi-100ml\/","title":{"rendered":"Tetra Goldfish Y\u00fcksek Enerjili Japon Bal\u0131k Yemi &#8211; 100ML"},"content":{"rendered":"","protected":false},"excerpt":{"rendered":"<p>Tetra Goldfish Energy 250 ml<br \/>\nY\u00fczen \u00e7ubuk formu sayesinde bal\u0131klar\u0131n kolayca ula\u015fabilece\u011fi yem, canl\u0131l\u0131k ve hastal\u0131klara kar\u015f\u0131 diren\u00e7 kazand\u0131r\u0131r.<br \/>\nOptimum ya\u011f i\u00e7eri\u011fi, yo\u011funla\u015ft\u0131r\u0131lm\u0131\u015f formda enerji rezervi sa\u011flayarak bal\u0131klar\u0131n kondisyonunu destekler.<br \/>\nKolay sindirilebilir yap\u0131s\u0131 ile besinlerin maksimum d\u00fczeyde emilimini sa\u011flar ve suyun temiz kalmas\u0131na yard\u0131mc\u0131 olur.<br \/>\nTetra Goldfish Energy, Japon bal\u0131klar\u0131n\u0131z\u0131n sa\u011fl\u0131kl\u0131 geli\u015fimini, enerjisini ve ba\u011f\u0131\u015f\u0131kl\u0131\u011f\u0131n\u0131 destekleyen \u00fcst\u00fcn kaliteli bir yemdir.<\/p>","protected":false},"featured_media":47112,"comment_status":"open","ping_status":"closed","template":"","meta":{"_acf_changed":false},"product_brand":[],"product_cat":[2418],"product_tag":[],"class_list":{"0":"post-46315","1":"product","2":"type-product","3":"status-publish","4":"has-post-thumbnail","6":"product_cat-ture-ozel-yemler","8":"first","9":"instock","10":"shipping-taxable","11":"product-type-simple"},"acf":[],"yoast_head":"<!-- This site is optimized with the Yoast SEO plugin v27.4 - https:\/\/yoast.com\/product\/yoast-seo-wordpress\/ -->\n<title>Tetra Goldfish Y\u00fcksek Enerjili Japon Bal\u0131k Yemi - 100ML - Anadolu Pet Grup<\/title>\n<meta name=\"robots\" content=\"index, follow, max-snippet:-1, max-image-preview:large, max-video-preview:-1\" \/>\n<link rel=\"canonical\" href=\"https:\/\/anadolupet.com.tr\/en\/product\/tetra-goldfish-yuksek-enerjili-japon-balik-yemi-100ml\/\" \/>\n<meta property=\"og:locale\" content=\"en_US\" \/>\n<meta property=\"og:type\" content=\"article\" \/>\n<meta property=\"og:title\" content=\"Tetra Goldfish Y\u00fcksek Enerjili Japon Bal\u0131k Yemi - 100ML - Anadolu Pet Grup\" \/>\n<meta property=\"og:description\" content=\"Tetra Goldfish Energy 250 ml Y\u00fczen \u00e7ubuk formu sayesinde bal\u0131klar\u0131n kolayca ula\u015fabilece\u011fi yem, canl\u0131l\u0131k ve hastal\u0131klara kar\u015f\u0131 diren\u00e7 kazand\u0131r\u0131r. Optimum ya\u011f i\u00e7eri\u011fi, yo\u011funla\u015ft\u0131r\u0131lm\u0131\u015f formda enerji rezervi sa\u011flayarak bal\u0131klar\u0131n kondisyonunu destekler. Kolay sindirilebilir yap\u0131s\u0131 ile besinlerin maksimum d\u00fczeyde emilimini sa\u011flar ve suyun temiz kalmas\u0131na yard\u0131mc\u0131 olur. Tetra Goldfish Energy, Japon bal\u0131klar\u0131n\u0131z\u0131n sa\u011fl\u0131kl\u0131 geli\u015fimini, enerjisini ve ba\u011f\u0131\u015f\u0131kl\u0131\u011f\u0131n\u0131 destekleyen \u00fcst\u00fcn kaliteli bir yemdir.\" \/>\n<meta property=\"og:url\" content=\"https:\/\/anadolupet.com.tr\/en\/product\/tetra-goldfish-yuksek-enerjili-japon-balik-yemi-100ml\/\" \/>\n<meta property=\"og:site_name\" content=\"Anadolu Pet Grup\" \/>\n<meta property=\"article:modified_time\" content=\"2026-02-23T16:49:19+00:00\" \/>\n<meta property=\"og:image\" content=\"https:\/\/anadolupet.com.tr\/wp-content\/uploads\/2026\/02\/400-713289.jpg\" \/>\n\t<meta property=\"og:image:width\" content=\"750\" \/>\n\t<meta property=\"og:image:height\" content=\"750\" \/>\n\t<meta property=\"og:image:type\" content=\"image\/jpeg\" \/>\n<meta name=\"twitter:card\" content=\"summary_large_image\" \/>\n<script type=\"application\/ld+json\" class=\"yoast-schema-graph\">{\"@context\":\"https:\\\/\\\/schema.org\",\"@graph\":[{\"@type\":\"WebPage\",\"@id\":\"https:\\\/\\\/anadolupet.com.tr\\\/urun\\\/tetra-goldfish-yuksek-enerjili-japon-balik-yemi-100ml\\\/\",\"url\":\"https:\\\/\\\/anadolupet.com.tr\\\/urun\\\/tetra-goldfish-yuksek-enerjili-japon-balik-yemi-100ml\\\/\",\"name\":\"Tetra Goldfish Y\u00fcksek Enerjili Japon Bal\u0131k Yemi - 100ML - Anadolu Pet Grup\",\"isPartOf\":{\"@id\":\"https:\\\/\\\/anadolupet.com.tr\\\/#website\"},\"primaryImageOfPage\":{\"@id\":\"https:\\\/\\\/anadolupet.com.tr\\\/urun\\\/tetra-goldfish-yuksek-enerjili-japon-balik-yemi-100ml\\\/#primaryimage\"},\"image\":{\"@id\":\"https:\\\/\\\/anadolupet.com.tr\\\/urun\\\/tetra-goldfish-yuksek-enerjili-japon-balik-yemi-100ml\\\/#primaryimage\"},\"thumbnailUrl\":\"https:\\\/\\\/anadolupet.com.tr\\\/wp-content\\\/uploads\\\/2026\\\/02\\\/400-713289.jpg\",\"datePublished\":\"2026-02-14T14:46:23+00:00\",\"dateModified\":\"2026-02-23T16:49:19+00:00\",\"breadcrumb\":{\"@id\":\"https:\\\/\\\/anadolupet.com.tr\\\/urun\\\/tetra-goldfish-yuksek-enerjili-japon-balik-yemi-100ml\\\/#breadcrumb\"},\"inLanguage\":\"en-US\",\"potentialAction\":[{\"@type\":\"ReadAction\",\"target\":[\"https:\\\/\\\/anadolupet.com.tr\\\/urun\\\/tetra-goldfish-yuksek-enerjili-japon-balik-yemi-100ml\\\/\"]}]},{\"@type\":\"ImageObject\",\"inLanguage\":\"en-US\",\"@id\":\"https:\\\/\\\/anadolupet.com.tr\\\/urun\\\/tetra-goldfish-yuksek-enerjili-japon-balik-yemi-100ml\\\/#primaryimage\",\"url\":\"https:\\\/\\\/anadolupet.com.tr\\\/wp-content\\\/uploads\\\/2026\\\/02\\\/400-713289.jpg\",\"contentUrl\":\"https:\\\/\\\/anadolupet.com.tr\\\/wp-content\\\/uploads\\\/2026\\\/02\\\/400-713289.jpg\",\"width\":750,\"height\":750},{\"@type\":\"BreadcrumbList\",\"@id\":\"https:\\\/\\\/anadolupet.com.tr\\\/urun\\\/tetra-goldfish-yuksek-enerjili-japon-balik-yemi-100ml\\\/#breadcrumb\",\"itemListElement\":[{\"@type\":\"ListItem\",\"position\":1,\"name\":\"Anasayfa\",\"item\":\"https:\\\/\\\/anadolupet.com.tr\\\/\"},{\"@type\":\"ListItem\",\"position\":2,\"name\":\"\u00dcr\u00fcnler\",\"item\":\"https:\\\/\\\/anadolupet.com.tr\\\/urunler\\\/\"},{\"@type\":\"ListItem\",\"position\":3,\"name\":\"Tetra Goldfish Y\u00fcksek Enerjili Japon Bal\u0131k Yemi &#8211; 100ML\"}]},{\"@type\":\"WebSite\",\"@id\":\"https:\\\/\\\/anadolupet.com.tr\\\/#website\",\"url\":\"https:\\\/\\\/anadolupet.com.tr\\\/\",\"name\":\"Anadolu Pet Grup\",\"description\":\"Her Can\u0131n \u0130yi Ya\u015fam\u0131 \u0130\u00e7in Biraraday\u0131z\",\"publisher\":{\"@id\":\"https:\\\/\\\/anadolupet.com.tr\\\/#organization\"},\"potentialAction\":[{\"@type\":\"SearchAction\",\"target\":{\"@type\":\"EntryPoint\",\"urlTemplate\":\"https:\\\/\\\/anadolupet.com.tr\\\/?s={search_term_string}\"},\"query-input\":{\"@type\":\"PropertyValueSpecification\",\"valueRequired\":true,\"valueName\":\"search_term_string\"}}],\"inLanguage\":\"en-US\"},{\"@type\":\"Organization\",\"@id\":\"https:\\\/\\\/anadolupet.com.tr\\\/#organization\",\"name\":\"Anadolu Pet Grup\",\"alternateName\":\"Anadolu Pet\",\"url\":\"https:\\\/\\\/anadolupet.com.tr\\\/\",\"logo\":{\"@type\":\"ImageObject\",\"inLanguage\":\"en-US\",\"@id\":\"https:\\\/\\\/anadolupet.com.tr\\\/#\\\/schema\\\/logo\\\/image\\\/\",\"url\":\"https:\\\/\\\/anadolupet.com.tr\\\/wp-content\\\/uploads\\\/2026\\\/03\\\/1614666743370.jpg\",\"contentUrl\":\"https:\\\/\\\/anadolupet.com.tr\\\/wp-content\\\/uploads\\\/2026\\\/03\\\/1614666743370.jpg\",\"width\":800,\"height\":571,\"caption\":\"Anadolu Pet Grup\"},\"image\":{\"@id\":\"https:\\\/\\\/anadolupet.com.tr\\\/#\\\/schema\\\/logo\\\/image\\\/\"}}]}<\/script>\n<!-- \/ Yoast SEO plugin. -->","yoast_head_json":{"title":"Tetra Goldfish Y\u00fcksek Enerjili Japon Bal\u0131k Yemi - 100ML - Anadolu Pet Grup","robots":{"index":"index","follow":"follow","max-snippet":"max-snippet:-1","max-image-preview":"max-image-preview:large","max-video-preview":"max-video-preview:-1"},"canonical":"https:\/\/anadolupet.com.tr\/en\/product\/tetra-goldfish-yuksek-enerjili-japon-balik-yemi-100ml\/","og_locale":"en_US","og_type":"article","og_title":"Tetra Goldfish Y\u00fcksek Enerjili Japon Bal\u0131k Yemi - 100ML - Anadolu Pet Grup","og_description":"Tetra Goldfish Energy 250 ml Y\u00fczen \u00e7ubuk formu sayesinde bal\u0131klar\u0131n kolayca ula\u015fabilece\u011fi yem, canl\u0131l\u0131k ve hastal\u0131klara kar\u015f\u0131 diren\u00e7 kazand\u0131r\u0131r. Optimum ya\u011f i\u00e7eri\u011fi, yo\u011funla\u015ft\u0131r\u0131lm\u0131\u015f formda enerji rezervi sa\u011flayarak bal\u0131klar\u0131n kondisyonunu destekler. Kolay sindirilebilir yap\u0131s\u0131 ile besinlerin maksimum d\u00fczeyde emilimini sa\u011flar ve suyun temiz kalmas\u0131na yard\u0131mc\u0131 olur. Tetra Goldfish Energy, Japon bal\u0131klar\u0131n\u0131z\u0131n sa\u011fl\u0131kl\u0131 geli\u015fimini, enerjisini ve ba\u011f\u0131\u015f\u0131kl\u0131\u011f\u0131n\u0131 destekleyen \u00fcst\u00fcn kaliteli bir yemdir.","og_url":"https:\/\/anadolupet.com.tr\/en\/product\/tetra-goldfish-yuksek-enerjili-japon-balik-yemi-100ml\/","og_site_name":"Anadolu Pet Grup","article_modified_time":"2026-02-23T16:49:19+00:00","og_image":[{"width":750,"height":750,"url":"https:\/\/anadolupet.com.tr\/wp-content\/uploads\/2026\/02\/400-713289.jpg","type":"image\/jpeg"}],"twitter_card":"summary_large_image","schema":{"@context":"https:\/\/schema.org","@graph":[{"@type":"WebPage","@id":"https:\/\/anadolupet.com.tr\/urun\/tetra-goldfish-yuksek-enerjili-japon-balik-yemi-100ml\/","url":"https:\/\/anadolupet.com.tr\/urun\/tetra-goldfish-yuksek-enerjili-japon-balik-yemi-100ml\/","name":"Tetra Goldfish Y\u00fcksek Enerjili Japon Bal\u0131k Yemi - 100ML - Anadolu Pet Grup","isPartOf":{"@id":"https:\/\/anadolupet.com.tr\/#website"},"primaryImageOfPage":{"@id":"https:\/\/anadolupet.com.tr\/urun\/tetra-goldfish-yuksek-enerjili-japon-balik-yemi-100ml\/#primaryimage"},"image":{"@id":"https:\/\/anadolupet.com.tr\/urun\/tetra-goldfish-yuksek-enerjili-japon-balik-yemi-100ml\/#primaryimage"},"thumbnailUrl":"https:\/\/anadolupet.com.tr\/wp-content\/uploads\/2026\/02\/400-713289.jpg","datePublished":"2026-02-14T14:46:23+00:00","dateModified":"2026-02-23T16:49:19+00:00","breadcrumb":{"@id":"https:\/\/anadolupet.com.tr\/urun\/tetra-goldfish-yuksek-enerjili-japon-balik-yemi-100ml\/#breadcrumb"},"inLanguage":"en-US","potentialAction":[{"@type":"ReadAction","target":["https:\/\/anadolupet.com.tr\/urun\/tetra-goldfish-yuksek-enerjili-japon-balik-yemi-100ml\/"]}]},{"@type":"ImageObject","inLanguage":"en-US","@id":"https:\/\/anadolupet.com.tr\/urun\/tetra-goldfish-yuksek-enerjili-japon-balik-yemi-100ml\/#primaryimage","url":"https:\/\/anadolupet.com.tr\/wp-content\/uploads\/2026\/02\/400-713289.jpg","contentUrl":"https:\/\/anadolupet.com.tr\/wp-content\/uploads\/2026\/02\/400-713289.jpg","width":750,"height":750},{"@type":"BreadcrumbList","@id":"https:\/\/anadolupet.com.tr\/urun\/tetra-goldfish-yuksek-enerjili-japon-balik-yemi-100ml\/#breadcrumb","itemListElement":[{"@type":"ListItem","position":1,"name":"Anasayfa","item":"https:\/\/anadolupet.com.tr\/"},{"@type":"ListItem","position":2,"name":"\u00dcr\u00fcnler","item":"https:\/\/anadolupet.com.tr\/urunler\/"},{"@type":"ListItem","position":3,"name":"Tetra Goldfish Y\u00fcksek Enerjili Japon Bal\u0131k Yemi &#8211; 100ML"}]},{"@type":"WebSite","@id":"https:\/\/anadolupet.com.tr\/#website","url":"https:\/\/anadolupet.com.tr\/","name":"Anadolu Pet Group","description":"We Stand Together for the Well-Being of Every Life","publisher":{"@id":"https:\/\/anadolupet.com.tr\/#organization"},"potentialAction":[{"@type":"SearchAction","target":{"@type":"EntryPoint","urlTemplate":"https:\/\/anadolupet.com.tr\/?s={search_term_string}"},"query-input":{"@type":"PropertyValueSpecification","valueRequired":true,"valueName":"search_term_string"}}],"inLanguage":"en-US"},{"@type":"Organization","@id":"https:\/\/anadolupet.com.tr\/#organization","name":"Anadolu Pet Group","alternateName":"Anadolu Pet","url":"https:\/\/anadolupet.com.tr\/","logo":{"@type":"ImageObject","inLanguage":"en-US","@id":"https:\/\/anadolupet.com.tr\/#\/schema\/logo\/image\/","url":"https:\/\/anadolupet.com.tr\/wp-content\/uploads\/2026\/03\/1614666743370.jpg","contentUrl":"https:\/\/anadolupet.com.tr\/wp-content\/uploads\/2026\/03\/1614666743370.jpg","width":800,"height":571,"caption":"Anadolu Pet Grup"},"image":{"@id":"https:\/\/anadolupet.com.tr\/#\/schema\/logo\/image\/"}}]}},"_links":{"self":[{"href":"https:\/\/anadolupet.com.tr\/en\/wp-json\/wp\/v2\/product\/46315","targetHints":{"allow":["GET"]}}],"collection":[{"href":"https:\/\/anadolupet.com.tr\/en\/wp-json\/wp\/v2\/product"}],"about":[{"href":"https:\/\/anadolupet.com.tr\/en\/wp-json\/wp\/v2\/types\/product"}],"replies":[{"embeddable":true,"href":"https:\/\/anadolupet.com.tr\/en\/wp-json\/wp\/v2\/comments?post=46315"}],"wp:featuredmedia":[{"embeddable":true,"href":"https:\/\/anadolupet.com.tr\/en\/wp-json\/wp\/v2\/media\/47112"}],"wp:attachment":[{"href":"https:\/\/anadolupet.com.tr\/en\/wp-json\/wp\/v2\/media?parent=46315"}],"wp:term":[{"taxonomy":"product_brand","embeddable":true,"href":"https:\/\/anadolupet.com.tr\/en\/wp-json\/wp\/v2\/product_brand?post=46315"},{"taxonomy":"product_cat","embeddable":true,"href":"https:\/\/anadolupet.com.tr\/en\/wp-json\/wp\/v2\/product_cat?post=46315"},{"taxonomy":"product_tag","embeddable":true,"href":"https:\/\/anadolupet.com.tr\/en\/wp-json\/wp\/v2\/product_tag?post=46315"}],"curies":[{"name":"wp","href":"https:\/\/api.w.org\/{rel}","templated":true}]}}