{"id":46317,"date":"2026-02-14T14:46:23","date_gmt":"2026-02-14T14:46:23","guid":{"rendered":"https:\/\/anadolupet.com.tr\/urun\/tetra-guppy-colour-mini-flakes-lepistes-pul-balik-yemi-250ml\/"},"modified":"2026-02-23T16:49:20","modified_gmt":"2026-02-23T16:49:20","slug":"tetra-guppy-colour-mini-flakes-lepistes-pul-balik-yemi-250ml","status":"publish","type":"product","link":"https:\/\/anadolupet.com.tr\/en\/urun\/tetra-guppy-colour-mini-flakes-lepistes-pul-balik-yemi-250ml\/","title":{"rendered":"Tetra Guppy Colour Mini Flakes Lepistes Pul Bal\u0131k Yemi &#8211; 250ML"},"content":{"rendered":"","protected":false},"excerpt":{"rendered":"<p>Tetra Guppy Colour Mini Flakes<br \/>\nMini pullar formunda dengeli tam yem ile guppy ve di\u011fer canl\u0131 do\u011furan t\u00fcrler i\u00e7in ideal beslenme sa\u011flar.<br \/>\nDo\u011fal renk g\u00fc\u00e7lendiriciler sayesinde bal\u0131klar\u0131n\u0131zda yo\u011fun ve parlak renklenme elde edilir.<br \/>\nBitkisel i\u00e7erikler ve eklenmi\u015f mineraller ile yem kabul\u00fc kolayla\u015f\u0131r, sa\u011fl\u0131kl\u0131 b\u00fcy\u00fcme desteklenir.<br \/>\nBioActive form\u00fcl\u00fc ba\u011f\u0131\u015f\u0131kl\u0131k sistemini g\u00fc\u00e7lendirerek bal\u0131klar\u0131n\u0131z\u0131n genel sa\u011fl\u0131\u011f\u0131n\u0131 korur.<br \/>\nTetra Guppy Colour Mini Flakes, guppy ve di\u011fer canl\u0131 do\u011furan bal\u0131klar\u0131n\u0131z i\u00e7in hem sa\u011fl\u0131kl\u0131 geli\u015fim hem de g\u00f6z al\u0131c\u0131 renkler sunan \u00fcst\u00fcn kaliteli bir yemdir.<\/p>","protected":false},"featured_media":47102,"comment_status":"open","ping_status":"closed","template":"","meta":{"_acf_changed":false},"product_brand":[],"product_cat":[2418],"product_tag":[],"class_list":{"0":"post-46317","1":"product","2":"type-product","3":"status-publish","4":"has-post-thumbnail","6":"product_cat-ture-ozel-yemler","8":"first","9":"instock","10":"shipping-taxable","11":"product-type-simple"},"acf":[],"yoast_head":"<!-- This site is optimized with the Yoast SEO plugin v27.5 - https:\/\/yoast.com\/product\/yoast-seo-wordpress\/ -->\n<title>Tetra Guppy Colour Mini Flakes Lepistes Pul Bal\u0131k Yemi - 250ML - Anadolu Pet Grup<\/title>\n<meta name=\"robots\" content=\"index, follow, max-snippet:-1, max-image-preview:large, max-video-preview:-1\" \/>\n<link rel=\"canonical\" href=\"https:\/\/anadolupet.com.tr\/en\/product\/tetra-guppy-colour-mini-flakes-lepistes-pul-balik-yemi-250ml\/\" \/>\n<meta property=\"og:locale\" content=\"en_US\" \/>\n<meta property=\"og:type\" content=\"article\" \/>\n<meta property=\"og:title\" content=\"Tetra Guppy Colour Mini Flakes Lepistes Pul Bal\u0131k Yemi - 250ML - Anadolu Pet Grup\" \/>\n<meta property=\"og:description\" content=\"Tetra Guppy Colour Mini Flakes Mini pullar formunda dengeli tam yem ile guppy ve di\u011fer canl\u0131 do\u011furan t\u00fcrler i\u00e7in ideal beslenme sa\u011flar. Do\u011fal renk g\u00fc\u00e7lendiriciler sayesinde bal\u0131klar\u0131n\u0131zda yo\u011fun ve parlak renklenme elde edilir. Bitkisel i\u00e7erikler ve eklenmi\u015f mineraller ile yem kabul\u00fc kolayla\u015f\u0131r, sa\u011fl\u0131kl\u0131 b\u00fcy\u00fcme desteklenir. BioActive form\u00fcl\u00fc ba\u011f\u0131\u015f\u0131kl\u0131k sistemini g\u00fc\u00e7lendirerek bal\u0131klar\u0131n\u0131z\u0131n genel sa\u011fl\u0131\u011f\u0131n\u0131 korur. Tetra Guppy Colour Mini Flakes, guppy ve di\u011fer canl\u0131 do\u011furan bal\u0131klar\u0131n\u0131z i\u00e7in hem sa\u011fl\u0131kl\u0131 geli\u015fim hem de g\u00f6z al\u0131c\u0131 renkler sunan \u00fcst\u00fcn kaliteli bir yemdir.\" \/>\n<meta property=\"og:url\" content=\"https:\/\/anadolupet.com.tr\/en\/product\/tetra-guppy-colour-mini-flakes-lepistes-pul-balik-yemi-250ml\/\" \/>\n<meta property=\"og:site_name\" content=\"Anadolu Pet Grup\" \/>\n<meta property=\"article:modified_time\" content=\"2026-02-23T16:49:20+00:00\" \/>\n<meta property=\"og:image\" content=\"https:\/\/anadolupet.com.tr\/wp-content\/uploads\/2026\/02\/400-710858.jpg\" \/>\n\t<meta property=\"og:image:width\" content=\"750\" \/>\n\t<meta property=\"og:image:height\" content=\"750\" \/>\n\t<meta property=\"og:image:type\" content=\"image\/jpeg\" \/>\n<meta name=\"twitter:card\" content=\"summary_large_image\" \/>\n<script type=\"application\/ld+json\" class=\"yoast-schema-graph\">{\"@context\":\"https:\\\/\\\/schema.org\",\"@graph\":[{\"@type\":\"WebPage\",\"@id\":\"https:\\\/\\\/anadolupet.com.tr\\\/urun\\\/tetra-guppy-colour-mini-flakes-lepistes-pul-balik-yemi-250ml\\\/\",\"url\":\"https:\\\/\\\/anadolupet.com.tr\\\/urun\\\/tetra-guppy-colour-mini-flakes-lepistes-pul-balik-yemi-250ml\\\/\",\"name\":\"Tetra Guppy Colour Mini Flakes Lepistes Pul Bal\u0131k Yemi - 250ML - Anadolu Pet Grup\",\"isPartOf\":{\"@id\":\"https:\\\/\\\/anadolupet.com.tr\\\/#website\"},\"primaryImageOfPage\":{\"@id\":\"https:\\\/\\\/anadolupet.com.tr\\\/urun\\\/tetra-guppy-colour-mini-flakes-lepistes-pul-balik-yemi-250ml\\\/#primaryimage\"},\"image\":{\"@id\":\"https:\\\/\\\/anadolupet.com.tr\\\/urun\\\/tetra-guppy-colour-mini-flakes-lepistes-pul-balik-yemi-250ml\\\/#primaryimage\"},\"thumbnailUrl\":\"https:\\\/\\\/anadolupet.com.tr\\\/wp-content\\\/uploads\\\/2026\\\/02\\\/400-710858.jpg\",\"datePublished\":\"2026-02-14T14:46:23+00:00\",\"dateModified\":\"2026-02-23T16:49:20+00:00\",\"breadcrumb\":{\"@id\":\"https:\\\/\\\/anadolupet.com.tr\\\/urun\\\/tetra-guppy-colour-mini-flakes-lepistes-pul-balik-yemi-250ml\\\/#breadcrumb\"},\"inLanguage\":\"en-US\",\"potentialAction\":[{\"@type\":\"ReadAction\",\"target\":[\"https:\\\/\\\/anadolupet.com.tr\\\/urun\\\/tetra-guppy-colour-mini-flakes-lepistes-pul-balik-yemi-250ml\\\/\"]}]},{\"@type\":\"ImageObject\",\"inLanguage\":\"en-US\",\"@id\":\"https:\\\/\\\/anadolupet.com.tr\\\/urun\\\/tetra-guppy-colour-mini-flakes-lepistes-pul-balik-yemi-250ml\\\/#primaryimage\",\"url\":\"https:\\\/\\\/anadolupet.com.tr\\\/wp-content\\\/uploads\\\/2026\\\/02\\\/400-710858.jpg\",\"contentUrl\":\"https:\\\/\\\/anadolupet.com.tr\\\/wp-content\\\/uploads\\\/2026\\\/02\\\/400-710858.jpg\",\"width\":750,\"height\":750},{\"@type\":\"BreadcrumbList\",\"@id\":\"https:\\\/\\\/anadolupet.com.tr\\\/urun\\\/tetra-guppy-colour-mini-flakes-lepistes-pul-balik-yemi-250ml\\\/#breadcrumb\",\"itemListElement\":[{\"@type\":\"ListItem\",\"position\":1,\"name\":\"Anasayfa\",\"item\":\"https:\\\/\\\/anadolupet.com.tr\\\/\"},{\"@type\":\"ListItem\",\"position\":2,\"name\":\"\u00dcr\u00fcnler\",\"item\":\"https:\\\/\\\/anadolupet.com.tr\\\/urunler\\\/\"},{\"@type\":\"ListItem\",\"position\":3,\"name\":\"Tetra Guppy Colour Mini Flakes Lepistes Pul Bal\u0131k Yemi &#8211; 250ML\"}]},{\"@type\":\"WebSite\",\"@id\":\"https:\\\/\\\/anadolupet.com.tr\\\/#website\",\"url\":\"https:\\\/\\\/anadolupet.com.tr\\\/\",\"name\":\"Anadolu Pet Grup\",\"description\":\"Her Can\u0131n \u0130yi Ya\u015fam\u0131 \u0130\u00e7in Biraraday\u0131z\",\"publisher\":{\"@id\":\"https:\\\/\\\/anadolupet.com.tr\\\/#organization\"},\"potentialAction\":[{\"@type\":\"SearchAction\",\"target\":{\"@type\":\"EntryPoint\",\"urlTemplate\":\"https:\\\/\\\/anadolupet.com.tr\\\/?s={search_term_string}\"},\"query-input\":{\"@type\":\"PropertyValueSpecification\",\"valueRequired\":true,\"valueName\":\"search_term_string\"}}],\"inLanguage\":\"en-US\"},{\"@type\":\"Organization\",\"@id\":\"https:\\\/\\\/anadolupet.com.tr\\\/#organization\",\"name\":\"Anadolu Pet Grup\",\"alternateName\":\"Anadolu Pet\",\"url\":\"https:\\\/\\\/anadolupet.com.tr\\\/\",\"logo\":{\"@type\":\"ImageObject\",\"inLanguage\":\"en-US\",\"@id\":\"https:\\\/\\\/anadolupet.com.tr\\\/#\\\/schema\\\/logo\\\/image\\\/\",\"url\":\"https:\\\/\\\/anadolupet.com.tr\\\/wp-content\\\/uploads\\\/2026\\\/03\\\/1614666743370.jpg\",\"contentUrl\":\"https:\\\/\\\/anadolupet.com.tr\\\/wp-content\\\/uploads\\\/2026\\\/03\\\/1614666743370.jpg\",\"width\":800,\"height\":571,\"caption\":\"Anadolu Pet Grup\"},\"image\":{\"@id\":\"https:\\\/\\\/anadolupet.com.tr\\\/#\\\/schema\\\/logo\\\/image\\\/\"}}]}<\/script>\n<!-- \/ Yoast SEO plugin. -->","yoast_head_json":{"title":"Tetra Guppy Colour Mini Flakes Lepistes Pul Bal\u0131k Yemi - 250ML - Anadolu Pet Grup","robots":{"index":"index","follow":"follow","max-snippet":"max-snippet:-1","max-image-preview":"max-image-preview:large","max-video-preview":"max-video-preview:-1"},"canonical":"https:\/\/anadolupet.com.tr\/en\/product\/tetra-guppy-colour-mini-flakes-lepistes-pul-balik-yemi-250ml\/","og_locale":"en_US","og_type":"article","og_title":"Tetra Guppy Colour Mini Flakes Lepistes Pul Bal\u0131k Yemi - 250ML - Anadolu Pet Grup","og_description":"Tetra Guppy Colour Mini Flakes Mini pullar formunda dengeli tam yem ile guppy ve di\u011fer canl\u0131 do\u011furan t\u00fcrler i\u00e7in ideal beslenme sa\u011flar. Do\u011fal renk g\u00fc\u00e7lendiriciler sayesinde bal\u0131klar\u0131n\u0131zda yo\u011fun ve parlak renklenme elde edilir. Bitkisel i\u00e7erikler ve eklenmi\u015f mineraller ile yem kabul\u00fc kolayla\u015f\u0131r, sa\u011fl\u0131kl\u0131 b\u00fcy\u00fcme desteklenir. BioActive form\u00fcl\u00fc ba\u011f\u0131\u015f\u0131kl\u0131k sistemini g\u00fc\u00e7lendirerek bal\u0131klar\u0131n\u0131z\u0131n genel sa\u011fl\u0131\u011f\u0131n\u0131 korur. Tetra Guppy Colour Mini Flakes, guppy ve di\u011fer canl\u0131 do\u011furan bal\u0131klar\u0131n\u0131z i\u00e7in hem sa\u011fl\u0131kl\u0131 geli\u015fim hem de g\u00f6z al\u0131c\u0131 renkler sunan \u00fcst\u00fcn kaliteli bir yemdir.","og_url":"https:\/\/anadolupet.com.tr\/en\/product\/tetra-guppy-colour-mini-flakes-lepistes-pul-balik-yemi-250ml\/","og_site_name":"Anadolu Pet Grup","article_modified_time":"2026-02-23T16:49:20+00:00","og_image":[{"width":750,"height":750,"url":"https:\/\/anadolupet.com.tr\/wp-content\/uploads\/2026\/02\/400-710858.jpg","type":"image\/jpeg"}],"twitter_card":"summary_large_image","schema":{"@context":"https:\/\/schema.org","@graph":[{"@type":"WebPage","@id":"https:\/\/anadolupet.com.tr\/urun\/tetra-guppy-colour-mini-flakes-lepistes-pul-balik-yemi-250ml\/","url":"https:\/\/anadolupet.com.tr\/urun\/tetra-guppy-colour-mini-flakes-lepistes-pul-balik-yemi-250ml\/","name":"Tetra Guppy Colour Mini Flakes Lepistes Pul Bal\u0131k Yemi - 250ML - Anadolu Pet Grup","isPartOf":{"@id":"https:\/\/anadolupet.com.tr\/#website"},"primaryImageOfPage":{"@id":"https:\/\/anadolupet.com.tr\/urun\/tetra-guppy-colour-mini-flakes-lepistes-pul-balik-yemi-250ml\/#primaryimage"},"image":{"@id":"https:\/\/anadolupet.com.tr\/urun\/tetra-guppy-colour-mini-flakes-lepistes-pul-balik-yemi-250ml\/#primaryimage"},"thumbnailUrl":"https:\/\/anadolupet.com.tr\/wp-content\/uploads\/2026\/02\/400-710858.jpg","datePublished":"2026-02-14T14:46:23+00:00","dateModified":"2026-02-23T16:49:20+00:00","breadcrumb":{"@id":"https:\/\/anadolupet.com.tr\/urun\/tetra-guppy-colour-mini-flakes-lepistes-pul-balik-yemi-250ml\/#breadcrumb"},"inLanguage":"en-US","potentialAction":[{"@type":"ReadAction","target":["https:\/\/anadolupet.com.tr\/urun\/tetra-guppy-colour-mini-flakes-lepistes-pul-balik-yemi-250ml\/"]}]},{"@type":"ImageObject","inLanguage":"en-US","@id":"https:\/\/anadolupet.com.tr\/urun\/tetra-guppy-colour-mini-flakes-lepistes-pul-balik-yemi-250ml\/#primaryimage","url":"https:\/\/anadolupet.com.tr\/wp-content\/uploads\/2026\/02\/400-710858.jpg","contentUrl":"https:\/\/anadolupet.com.tr\/wp-content\/uploads\/2026\/02\/400-710858.jpg","width":750,"height":750},{"@type":"BreadcrumbList","@id":"https:\/\/anadolupet.com.tr\/urun\/tetra-guppy-colour-mini-flakes-lepistes-pul-balik-yemi-250ml\/#breadcrumb","itemListElement":[{"@type":"ListItem","position":1,"name":"Anasayfa","item":"https:\/\/anadolupet.com.tr\/"},{"@type":"ListItem","position":2,"name":"\u00dcr\u00fcnler","item":"https:\/\/anadolupet.com.tr\/urunler\/"},{"@type":"ListItem","position":3,"name":"Tetra Guppy Colour Mini Flakes Lepistes Pul Bal\u0131k Yemi &#8211; 250ML"}]},{"@type":"WebSite","@id":"https:\/\/anadolupet.com.tr\/#website","url":"https:\/\/anadolupet.com.tr\/","name":"Anadolu Pet Group","description":"We Stand Together for the Well-Being of Every Life","publisher":{"@id":"https:\/\/anadolupet.com.tr\/#organization"},"potentialAction":[{"@type":"SearchAction","target":{"@type":"EntryPoint","urlTemplate":"https:\/\/anadolupet.com.tr\/?s={search_term_string}"},"query-input":{"@type":"PropertyValueSpecification","valueRequired":true,"valueName":"search_term_string"}}],"inLanguage":"en-US"},{"@type":"Organization","@id":"https:\/\/anadolupet.com.tr\/#organization","name":"Anadolu Pet Group","alternateName":"Anadolu Pet","url":"https:\/\/anadolupet.com.tr\/","logo":{"@type":"ImageObject","inLanguage":"en-US","@id":"https:\/\/anadolupet.com.tr\/#\/schema\/logo\/image\/","url":"https:\/\/anadolupet.com.tr\/wp-content\/uploads\/2026\/03\/1614666743370.jpg","contentUrl":"https:\/\/anadolupet.com.tr\/wp-content\/uploads\/2026\/03\/1614666743370.jpg","width":800,"height":571,"caption":"Anadolu Pet Grup"},"image":{"@id":"https:\/\/anadolupet.com.tr\/#\/schema\/logo\/image\/"}}]}},"_links":{"self":[{"href":"https:\/\/anadolupet.com.tr\/en\/wp-json\/wp\/v2\/product\/46317","targetHints":{"allow":["GET"]}}],"collection":[{"href":"https:\/\/anadolupet.com.tr\/en\/wp-json\/wp\/v2\/product"}],"about":[{"href":"https:\/\/anadolupet.com.tr\/en\/wp-json\/wp\/v2\/types\/product"}],"replies":[{"embeddable":true,"href":"https:\/\/anadolupet.com.tr\/en\/wp-json\/wp\/v2\/comments?post=46317"}],"wp:featuredmedia":[{"embeddable":true,"href":"https:\/\/anadolupet.com.tr\/en\/wp-json\/wp\/v2\/media\/47102"}],"wp:attachment":[{"href":"https:\/\/anadolupet.com.tr\/en\/wp-json\/wp\/v2\/media?parent=46317"}],"wp:term":[{"taxonomy":"product_brand","embeddable":true,"href":"https:\/\/anadolupet.com.tr\/en\/wp-json\/wp\/v2\/product_brand?post=46317"},{"taxonomy":"product_cat","embeddable":true,"href":"https:\/\/anadolupet.com.tr\/en\/wp-json\/wp\/v2\/product_cat?post=46317"},{"taxonomy":"product_tag","embeddable":true,"href":"https:\/\/anadolupet.com.tr\/en\/wp-json\/wp\/v2\/product_tag?post=46317"}],"curies":[{"name":"wp","href":"https:\/\/api.w.org\/{rel}","templated":true}]}}