{"id":46322,"date":"2026-02-14T14:46:24","date_gmt":"2026-02-14T14:46:24","guid":{"rendered":"https:\/\/anadolupet.com.tr\/urun\/tetra-ht-elektronik-akvaryum-isiticisi-300w\/"},"modified":"2026-02-23T16:49:20","modified_gmt":"2026-02-23T16:49:20","slug":"tetra-ht-elektronik-akvaryum-isiticisi-300w","status":"publish","type":"product","link":"https:\/\/anadolupet.com.tr\/en\/urun\/tetra-ht-elektronik-akvaryum-isiticisi-300w\/","title":{"rendered":"Tetra HT Elektronik Akvaryum Is\u0131t\u0131c\u0131s\u0131 300W"},"content":{"rendered":"","protected":false},"excerpt":{"rendered":"<p>Tetra HT 300 Elektronik Is\u0131t\u0131c\u0131, akvaryum suyunun s\u0131cakl\u0131\u011f\u0131n\u0131 y\u00fcksek hassasiyet ve g\u00fcvenilirlik ile kontrol etmek i\u00e7in tasarlanm\u0131\u015ft\u0131r. 20\u00b0C \u2013 32\u00b0C aras\u0131 s\u0131cakl\u0131k ayar\u0131 \u00fcst k\u0131s\u0131mdan kolayca yap\u0131labilir. 3 kademeli LED g\u00f6sterge sayesinde s\u0131cakl\u0131k durumu net \u015fekilde takip edilebilir.<br \/>\nEntegre mikroi\u015flemcisi ile istikrarl\u0131 performans sunar. G\u00fcvenlik i\u00e7in otomatik kapanma \u00f6zelli\u011fi, darbelere ve \u0131s\u0131ya dayan\u0131kl\u0131 borosilikat cam t\u00fcp ve koruma sa\u011flayan plastik kapak ile donat\u0131lm\u0131\u015ft\u0131r. 1,6 m uzun g\u00fc\u00e7 kablosu sayesinde akvaryum i\u00e7inde esnek yerle\u015fim imk\u00e2n\u0131 sunar. \u0130ki adet vantuz ile g\u00fcvenli \u015fekilde sabitlenir.<br \/>\n\u00d6ne \u00c7\u0131kan \u00d6zellikler<br \/>\nHassas Elektronik Kontrol: 20\u00b0C \u2013 32\u00b0C aras\u0131 s\u0131cakl\u0131k ayar\u0131.<br \/>\nLED G\u00f6sterge: 3 kademeli LED ile s\u0131cakl\u0131k durumu takibi.<br \/>\nY\u00fcksek G\u00fcvenilirlik: Entegre mikroi\u015flemci ile istikrarl\u0131 performans.<br \/>\nG\u00fcvenlik \u00d6nlemleri: Otomatik kapanma, darbe ve \u0131s\u0131ya dayan\u0131kl\u0131 borosilikat cam, koruyucu plastik kapak.<br \/>\nKullan\u0131m Kolayl\u0131\u011f\u0131: 1,6 m uzun g\u00fc\u00e7 kablosu ile esnek yerle\u015fim.<br \/>\nSa\u011flam Sabitleme: \u0130ki vantuz ile g\u00fcvenli montaj.<\/p>","protected":false},"featured_media":47246,"comment_status":"open","ping_status":"closed","template":"","meta":{"_acf_changed":false},"product_brand":[],"product_cat":[2392],"product_tag":[],"class_list":{"0":"post-46322","1":"product","2":"type-product","3":"status-publish","4":"has-post-thumbnail","6":"product_cat-ic-filtreler","8":"first","9":"instock","10":"shipping-taxable","11":"product-type-simple"},"acf":[],"yoast_head":"<!-- This site is optimized with the Yoast SEO plugin v27.4 - https:\/\/yoast.com\/product\/yoast-seo-wordpress\/ -->\n<title>Tetra HT Elektronik Akvaryum Is\u0131t\u0131c\u0131s\u0131 300W - Anadolu Pet Grup<\/title>\n<meta name=\"robots\" content=\"index, follow, max-snippet:-1, max-image-preview:large, max-video-preview:-1\" \/>\n<link rel=\"canonical\" href=\"https:\/\/anadolupet.com.tr\/en\/product\/tetra-ht-elektronik-akvaryum-isiticisi-300w\/\" \/>\n<meta property=\"og:locale\" content=\"en_US\" \/>\n<meta property=\"og:type\" content=\"article\" \/>\n<meta property=\"og:title\" content=\"Tetra HT Elektronik Akvaryum Is\u0131t\u0131c\u0131s\u0131 300W - Anadolu Pet Grup\" \/>\n<meta property=\"og:description\" content=\"Tetra HT 300 Elektronik Is\u0131t\u0131c\u0131, akvaryum suyunun s\u0131cakl\u0131\u011f\u0131n\u0131 y\u00fcksek hassasiyet ve g\u00fcvenilirlik ile kontrol etmek i\u00e7in tasarlanm\u0131\u015ft\u0131r. 20\u00b0C \u2013 32\u00b0C aras\u0131 s\u0131cakl\u0131k ayar\u0131 \u00fcst k\u0131s\u0131mdan kolayca yap\u0131labilir. 3 kademeli LED g\u00f6sterge sayesinde s\u0131cakl\u0131k durumu net \u015fekilde takip edilebilir. Entegre mikroi\u015flemcisi ile istikrarl\u0131 performans sunar. G\u00fcvenlik i\u00e7in otomatik kapanma \u00f6zelli\u011fi, darbelere ve \u0131s\u0131ya dayan\u0131kl\u0131 borosilikat cam t\u00fcp ve koruma sa\u011flayan plastik kapak ile donat\u0131lm\u0131\u015ft\u0131r. 1,6 m uzun g\u00fc\u00e7 kablosu sayesinde akvaryum i\u00e7inde esnek yerle\u015fim imk\u00e2n\u0131 sunar. \u0130ki adet vantuz ile g\u00fcvenli \u015fekilde sabitlenir. \u00d6ne \u00c7\u0131kan \u00d6zellikler Hassas Elektronik Kontrol: 20\u00b0C \u2013 32\u00b0C aras\u0131 s\u0131cakl\u0131k ayar\u0131. LED G\u00f6sterge: 3 kademeli LED ile s\u0131cakl\u0131k durumu takibi. Y\u00fcksek G\u00fcvenilirlik: Entegre mikroi\u015flemci ile istikrarl\u0131 performans. G\u00fcvenlik \u00d6nlemleri: Otomatik kapanma, darbe ve \u0131s\u0131ya dayan\u0131kl\u0131 borosilikat cam, koruyucu plastik kapak. Kullan\u0131m Kolayl\u0131\u011f\u0131: 1,6 m uzun g\u00fc\u00e7 kablosu ile esnek yerle\u015fim. Sa\u011flam Sabitleme: \u0130ki vantuz ile g\u00fcvenli montaj.\" \/>\n<meta property=\"og:url\" content=\"https:\/\/anadolupet.com.tr\/en\/product\/tetra-ht-elektronik-akvaryum-isiticisi-300w\/\" \/>\n<meta property=\"og:site_name\" content=\"Anadolu Pet Grup\" \/>\n<meta property=\"article:modified_time\" content=\"2026-02-23T16:49:20+00:00\" \/>\n<meta property=\"og:image\" content=\"https:\/\/anadolupet.com.tr\/wp-content\/uploads\/2026\/02\/402-712405.jpg\" \/>\n\t<meta property=\"og:image:width\" content=\"750\" \/>\n\t<meta property=\"og:image:height\" content=\"750\" \/>\n\t<meta property=\"og:image:type\" content=\"image\/jpeg\" \/>\n<meta name=\"twitter:card\" content=\"summary_large_image\" \/>\n<script type=\"application\/ld+json\" class=\"yoast-schema-graph\">{\"@context\":\"https:\\\/\\\/schema.org\",\"@graph\":[{\"@type\":\"WebPage\",\"@id\":\"https:\\\/\\\/anadolupet.com.tr\\\/urun\\\/tetra-ht-elektronik-akvaryum-isiticisi-300w\\\/\",\"url\":\"https:\\\/\\\/anadolupet.com.tr\\\/urun\\\/tetra-ht-elektronik-akvaryum-isiticisi-300w\\\/\",\"name\":\"Tetra HT Elektronik Akvaryum Is\u0131t\u0131c\u0131s\u0131 300W - Anadolu Pet Grup\",\"isPartOf\":{\"@id\":\"https:\\\/\\\/anadolupet.com.tr\\\/#website\"},\"primaryImageOfPage\":{\"@id\":\"https:\\\/\\\/anadolupet.com.tr\\\/urun\\\/tetra-ht-elektronik-akvaryum-isiticisi-300w\\\/#primaryimage\"},\"image\":{\"@id\":\"https:\\\/\\\/anadolupet.com.tr\\\/urun\\\/tetra-ht-elektronik-akvaryum-isiticisi-300w\\\/#primaryimage\"},\"thumbnailUrl\":\"https:\\\/\\\/anadolupet.com.tr\\\/wp-content\\\/uploads\\\/2026\\\/02\\\/402-712405.jpg\",\"datePublished\":\"2026-02-14T14:46:24+00:00\",\"dateModified\":\"2026-02-23T16:49:20+00:00\",\"breadcrumb\":{\"@id\":\"https:\\\/\\\/anadolupet.com.tr\\\/urun\\\/tetra-ht-elektronik-akvaryum-isiticisi-300w\\\/#breadcrumb\"},\"inLanguage\":\"en-US\",\"potentialAction\":[{\"@type\":\"ReadAction\",\"target\":[\"https:\\\/\\\/anadolupet.com.tr\\\/urun\\\/tetra-ht-elektronik-akvaryum-isiticisi-300w\\\/\"]}]},{\"@type\":\"ImageObject\",\"inLanguage\":\"en-US\",\"@id\":\"https:\\\/\\\/anadolupet.com.tr\\\/urun\\\/tetra-ht-elektronik-akvaryum-isiticisi-300w\\\/#primaryimage\",\"url\":\"https:\\\/\\\/anadolupet.com.tr\\\/wp-content\\\/uploads\\\/2026\\\/02\\\/402-712405.jpg\",\"contentUrl\":\"https:\\\/\\\/anadolupet.com.tr\\\/wp-content\\\/uploads\\\/2026\\\/02\\\/402-712405.jpg\",\"width\":750,\"height\":750},{\"@type\":\"BreadcrumbList\",\"@id\":\"https:\\\/\\\/anadolupet.com.tr\\\/urun\\\/tetra-ht-elektronik-akvaryum-isiticisi-300w\\\/#breadcrumb\",\"itemListElement\":[{\"@type\":\"ListItem\",\"position\":1,\"name\":\"Anasayfa\",\"item\":\"https:\\\/\\\/anadolupet.com.tr\\\/\"},{\"@type\":\"ListItem\",\"position\":2,\"name\":\"\u00dcr\u00fcnler\",\"item\":\"https:\\\/\\\/anadolupet.com.tr\\\/urunler\\\/\"},{\"@type\":\"ListItem\",\"position\":3,\"name\":\"Tetra HT Elektronik Akvaryum Is\u0131t\u0131c\u0131s\u0131 300W\"}]},{\"@type\":\"WebSite\",\"@id\":\"https:\\\/\\\/anadolupet.com.tr\\\/#website\",\"url\":\"https:\\\/\\\/anadolupet.com.tr\\\/\",\"name\":\"Anadolu Pet Grup\",\"description\":\"Her Can\u0131n \u0130yi Ya\u015fam\u0131 \u0130\u00e7in Biraraday\u0131z\",\"publisher\":{\"@id\":\"https:\\\/\\\/anadolupet.com.tr\\\/#organization\"},\"potentialAction\":[{\"@type\":\"SearchAction\",\"target\":{\"@type\":\"EntryPoint\",\"urlTemplate\":\"https:\\\/\\\/anadolupet.com.tr\\\/?s={search_term_string}\"},\"query-input\":{\"@type\":\"PropertyValueSpecification\",\"valueRequired\":true,\"valueName\":\"search_term_string\"}}],\"inLanguage\":\"en-US\"},{\"@type\":\"Organization\",\"@id\":\"https:\\\/\\\/anadolupet.com.tr\\\/#organization\",\"name\":\"Anadolu Pet Grup\",\"alternateName\":\"Anadolu Pet\",\"url\":\"https:\\\/\\\/anadolupet.com.tr\\\/\",\"logo\":{\"@type\":\"ImageObject\",\"inLanguage\":\"en-US\",\"@id\":\"https:\\\/\\\/anadolupet.com.tr\\\/#\\\/schema\\\/logo\\\/image\\\/\",\"url\":\"https:\\\/\\\/anadolupet.com.tr\\\/wp-content\\\/uploads\\\/2026\\\/03\\\/1614666743370.jpg\",\"contentUrl\":\"https:\\\/\\\/anadolupet.com.tr\\\/wp-content\\\/uploads\\\/2026\\\/03\\\/1614666743370.jpg\",\"width\":800,\"height\":571,\"caption\":\"Anadolu Pet Grup\"},\"image\":{\"@id\":\"https:\\\/\\\/anadolupet.com.tr\\\/#\\\/schema\\\/logo\\\/image\\\/\"}}]}<\/script>\n<!-- \/ Yoast SEO plugin. -->","yoast_head_json":{"title":"Tetra HT Elektronik Akvaryum Is\u0131t\u0131c\u0131s\u0131 300W - Anadolu Pet Grup","robots":{"index":"index","follow":"follow","max-snippet":"max-snippet:-1","max-image-preview":"max-image-preview:large","max-video-preview":"max-video-preview:-1"},"canonical":"https:\/\/anadolupet.com.tr\/en\/product\/tetra-ht-elektronik-akvaryum-isiticisi-300w\/","og_locale":"en_US","og_type":"article","og_title":"Tetra HT Elektronik Akvaryum Is\u0131t\u0131c\u0131s\u0131 300W - Anadolu Pet Grup","og_description":"Tetra HT 300 Elektronik Is\u0131t\u0131c\u0131, akvaryum suyunun s\u0131cakl\u0131\u011f\u0131n\u0131 y\u00fcksek hassasiyet ve g\u00fcvenilirlik ile kontrol etmek i\u00e7in tasarlanm\u0131\u015ft\u0131r. 20\u00b0C \u2013 32\u00b0C aras\u0131 s\u0131cakl\u0131k ayar\u0131 \u00fcst k\u0131s\u0131mdan kolayca yap\u0131labilir. 3 kademeli LED g\u00f6sterge sayesinde s\u0131cakl\u0131k durumu net \u015fekilde takip edilebilir. Entegre mikroi\u015flemcisi ile istikrarl\u0131 performans sunar. G\u00fcvenlik i\u00e7in otomatik kapanma \u00f6zelli\u011fi, darbelere ve \u0131s\u0131ya dayan\u0131kl\u0131 borosilikat cam t\u00fcp ve koruma sa\u011flayan plastik kapak ile donat\u0131lm\u0131\u015ft\u0131r. 1,6 m uzun g\u00fc\u00e7 kablosu sayesinde akvaryum i\u00e7inde esnek yerle\u015fim imk\u00e2n\u0131 sunar. \u0130ki adet vantuz ile g\u00fcvenli \u015fekilde sabitlenir. \u00d6ne \u00c7\u0131kan \u00d6zellikler Hassas Elektronik Kontrol: 20\u00b0C \u2013 32\u00b0C aras\u0131 s\u0131cakl\u0131k ayar\u0131. LED G\u00f6sterge: 3 kademeli LED ile s\u0131cakl\u0131k durumu takibi. Y\u00fcksek G\u00fcvenilirlik: Entegre mikroi\u015flemci ile istikrarl\u0131 performans. G\u00fcvenlik \u00d6nlemleri: Otomatik kapanma, darbe ve \u0131s\u0131ya dayan\u0131kl\u0131 borosilikat cam, koruyucu plastik kapak. Kullan\u0131m Kolayl\u0131\u011f\u0131: 1,6 m uzun g\u00fc\u00e7 kablosu ile esnek yerle\u015fim. Sa\u011flam Sabitleme: \u0130ki vantuz ile g\u00fcvenli montaj.","og_url":"https:\/\/anadolupet.com.tr\/en\/product\/tetra-ht-elektronik-akvaryum-isiticisi-300w\/","og_site_name":"Anadolu Pet Grup","article_modified_time":"2026-02-23T16:49:20+00:00","og_image":[{"width":750,"height":750,"url":"https:\/\/anadolupet.com.tr\/wp-content\/uploads\/2026\/02\/402-712405.jpg","type":"image\/jpeg"}],"twitter_card":"summary_large_image","schema":{"@context":"https:\/\/schema.org","@graph":[{"@type":"WebPage","@id":"https:\/\/anadolupet.com.tr\/urun\/tetra-ht-elektronik-akvaryum-isiticisi-300w\/","url":"https:\/\/anadolupet.com.tr\/urun\/tetra-ht-elektronik-akvaryum-isiticisi-300w\/","name":"Tetra HT Elektronik Akvaryum Is\u0131t\u0131c\u0131s\u0131 300W - Anadolu Pet Grup","isPartOf":{"@id":"https:\/\/anadolupet.com.tr\/#website"},"primaryImageOfPage":{"@id":"https:\/\/anadolupet.com.tr\/urun\/tetra-ht-elektronik-akvaryum-isiticisi-300w\/#primaryimage"},"image":{"@id":"https:\/\/anadolupet.com.tr\/urun\/tetra-ht-elektronik-akvaryum-isiticisi-300w\/#primaryimage"},"thumbnailUrl":"https:\/\/anadolupet.com.tr\/wp-content\/uploads\/2026\/02\/402-712405.jpg","datePublished":"2026-02-14T14:46:24+00:00","dateModified":"2026-02-23T16:49:20+00:00","breadcrumb":{"@id":"https:\/\/anadolupet.com.tr\/urun\/tetra-ht-elektronik-akvaryum-isiticisi-300w\/#breadcrumb"},"inLanguage":"en-US","potentialAction":[{"@type":"ReadAction","target":["https:\/\/anadolupet.com.tr\/urun\/tetra-ht-elektronik-akvaryum-isiticisi-300w\/"]}]},{"@type":"ImageObject","inLanguage":"en-US","@id":"https:\/\/anadolupet.com.tr\/urun\/tetra-ht-elektronik-akvaryum-isiticisi-300w\/#primaryimage","url":"https:\/\/anadolupet.com.tr\/wp-content\/uploads\/2026\/02\/402-712405.jpg","contentUrl":"https:\/\/anadolupet.com.tr\/wp-content\/uploads\/2026\/02\/402-712405.jpg","width":750,"height":750},{"@type":"BreadcrumbList","@id":"https:\/\/anadolupet.com.tr\/urun\/tetra-ht-elektronik-akvaryum-isiticisi-300w\/#breadcrumb","itemListElement":[{"@type":"ListItem","position":1,"name":"Anasayfa","item":"https:\/\/anadolupet.com.tr\/"},{"@type":"ListItem","position":2,"name":"\u00dcr\u00fcnler","item":"https:\/\/anadolupet.com.tr\/urunler\/"},{"@type":"ListItem","position":3,"name":"Tetra HT Elektronik Akvaryum Is\u0131t\u0131c\u0131s\u0131 300W"}]},{"@type":"WebSite","@id":"https:\/\/anadolupet.com.tr\/#website","url":"https:\/\/anadolupet.com.tr\/","name":"Anadolu Pet Group","description":"We Stand Together for the Well-Being of Every Life","publisher":{"@id":"https:\/\/anadolupet.com.tr\/#organization"},"potentialAction":[{"@type":"SearchAction","target":{"@type":"EntryPoint","urlTemplate":"https:\/\/anadolupet.com.tr\/?s={search_term_string}"},"query-input":{"@type":"PropertyValueSpecification","valueRequired":true,"valueName":"search_term_string"}}],"inLanguage":"en-US"},{"@type":"Organization","@id":"https:\/\/anadolupet.com.tr\/#organization","name":"Anadolu Pet Group","alternateName":"Anadolu Pet","url":"https:\/\/anadolupet.com.tr\/","logo":{"@type":"ImageObject","inLanguage":"en-US","@id":"https:\/\/anadolupet.com.tr\/#\/schema\/logo\/image\/","url":"https:\/\/anadolupet.com.tr\/wp-content\/uploads\/2026\/03\/1614666743370.jpg","contentUrl":"https:\/\/anadolupet.com.tr\/wp-content\/uploads\/2026\/03\/1614666743370.jpg","width":800,"height":571,"caption":"Anadolu Pet Grup"},"image":{"@id":"https:\/\/anadolupet.com.tr\/#\/schema\/logo\/image\/"}}]}},"_links":{"self":[{"href":"https:\/\/anadolupet.com.tr\/en\/wp-json\/wp\/v2\/product\/46322","targetHints":{"allow":["GET"]}}],"collection":[{"href":"https:\/\/anadolupet.com.tr\/en\/wp-json\/wp\/v2\/product"}],"about":[{"href":"https:\/\/anadolupet.com.tr\/en\/wp-json\/wp\/v2\/types\/product"}],"replies":[{"embeddable":true,"href":"https:\/\/anadolupet.com.tr\/en\/wp-json\/wp\/v2\/comments?post=46322"}],"wp:featuredmedia":[{"embeddable":true,"href":"https:\/\/anadolupet.com.tr\/en\/wp-json\/wp\/v2\/media\/47246"}],"wp:attachment":[{"href":"https:\/\/anadolupet.com.tr\/en\/wp-json\/wp\/v2\/media?parent=46322"}],"wp:term":[{"taxonomy":"product_brand","embeddable":true,"href":"https:\/\/anadolupet.com.tr\/en\/wp-json\/wp\/v2\/product_brand?post=46322"},{"taxonomy":"product_cat","embeddable":true,"href":"https:\/\/anadolupet.com.tr\/en\/wp-json\/wp\/v2\/product_cat?post=46322"},{"taxonomy":"product_tag","embeddable":true,"href":"https:\/\/anadolupet.com.tr\/en\/wp-json\/wp\/v2\/product_tag?post=46322"}],"curies":[{"name":"wp","href":"https:\/\/api.w.org\/{rel}","templated":true}]}}