{"id":46324,"date":"2026-02-14T14:46:24","date_gmt":"2026-02-14T14:46:24","guid":{"rendered":"https:\/\/anadolupet.com.tr\/urun\/tetra-in-300-plus-pervane\/"},"modified":"2026-02-23T16:49:20","modified_gmt":"2026-02-23T16:49:20","slug":"tetra-in-300-plus-pervane","status":"publish","type":"product","link":"https:\/\/anadolupet.com.tr\/en\/urun\/tetra-in-300-plus-pervane\/","title":{"rendered":"Tetra In 300 Plus Pervane"},"content":{"rendered":"","protected":false},"excerpt":{"rendered":"<p>Tetra IN 300 Plus Pervane, Tetra\u2019n\u0131n en \u00e7ok tercih edilen akvaryum i\u00e7 filtrelerinden IN 300 Plus modeli i\u00e7in \u00f6zel olarak \u00fcretilmi\u015f orijinal yedek pervanedir. Filtrenin performans\u0131n\u0131 korumak ve uzun \u00f6m\u00fcrl\u00fc kullan\u0131m sa\u011flamak i\u00e7in tasarlanm\u0131\u015ft\u0131r.<br \/>\n\u00d6ne \u00c7\u0131kan \u00d6zellikler<br \/>\nOrijinal Yedek Par\u00e7a: Tetra IN 300 Plus i\u00e7 filtre ile tam uyumludur.<br \/>\nY\u00fcksek Performans: Filtrenin verimli \u00e7al\u0131\u015fmas\u0131n\u0131 ve g\u00fc\u00e7l\u00fc su sirk\u00fclasyonunu destekler.<br \/>\nDayan\u0131kl\u0131 Malzeme: Uzun \u00f6m\u00fcrl\u00fc kullan\u0131m i\u00e7in kaliteli materyallerden \u00fcretilmi\u015ftir.<br \/>\nKolay Montaj: Pratik \u015fekilde tak\u0131l\u0131p \u00e7\u0131kar\u0131labilir, kullan\u0131c\u0131 dostu tasar\u0131m.<br \/>\nBak\u0131m Kolayl\u0131\u011f\u0131: Filtrenin d\u00fczenli bak\u0131m\u0131nda ideal \u00e7\u00f6z\u00fcm sunar.<br \/>\nTetra IN 300 Plus Pervane, akvaryum filtrenizin performans\u0131n\u0131 korumak ve uzun s\u00fcreli kullan\u0131m sa\u011flamak i\u00e7in g\u00fcvenilir bir yedek par\u00e7ad\u0131r.<\/p>","protected":false},"featured_media":47201,"comment_status":"open","ping_status":"closed","template":"","meta":{"_acf_changed":false},"product_brand":[],"product_cat":[2392],"product_tag":[],"class_list":{"0":"post-46324","1":"product","2":"type-product","3":"status-publish","4":"has-post-thumbnail","6":"product_cat-ic-filtreler","8":"first","9":"instock","10":"shipping-taxable","11":"product-type-simple"},"acf":[],"yoast_head":"<!-- This site is optimized with the Yoast SEO plugin v27.4 - https:\/\/yoast.com\/product\/yoast-seo-wordpress\/ -->\n<title>Tetra In 300 Plus Pervane - Anadolu Pet Grup<\/title>\n<meta name=\"robots\" content=\"index, follow, max-snippet:-1, max-image-preview:large, max-video-preview:-1\" \/>\n<link rel=\"canonical\" href=\"https:\/\/anadolupet.com.tr\/en\/product\/tetra-in-300-plus-pervane\/\" \/>\n<meta property=\"og:locale\" content=\"en_US\" \/>\n<meta property=\"og:type\" content=\"article\" \/>\n<meta property=\"og:title\" content=\"Tetra In 300 Plus Pervane - Anadolu Pet Grup\" \/>\n<meta property=\"og:description\" content=\"Tetra IN 300 Plus Pervane, Tetra\u2019n\u0131n en \u00e7ok tercih edilen akvaryum i\u00e7 filtrelerinden IN 300 Plus modeli i\u00e7in \u00f6zel olarak \u00fcretilmi\u015f orijinal yedek pervanedir. Filtrenin performans\u0131n\u0131 korumak ve uzun \u00f6m\u00fcrl\u00fc kullan\u0131m sa\u011flamak i\u00e7in tasarlanm\u0131\u015ft\u0131r. \u00d6ne \u00c7\u0131kan \u00d6zellikler Orijinal Yedek Par\u00e7a: Tetra IN 300 Plus i\u00e7 filtre ile tam uyumludur. Y\u00fcksek Performans: Filtrenin verimli \u00e7al\u0131\u015fmas\u0131n\u0131 ve g\u00fc\u00e7l\u00fc su sirk\u00fclasyonunu destekler. Dayan\u0131kl\u0131 Malzeme: Uzun \u00f6m\u00fcrl\u00fc kullan\u0131m i\u00e7in kaliteli materyallerden \u00fcretilmi\u015ftir. Kolay Montaj: Pratik \u015fekilde tak\u0131l\u0131p \u00e7\u0131kar\u0131labilir, kullan\u0131c\u0131 dostu tasar\u0131m. Bak\u0131m Kolayl\u0131\u011f\u0131: Filtrenin d\u00fczenli bak\u0131m\u0131nda ideal \u00e7\u00f6z\u00fcm sunar. Tetra IN 300 Plus Pervane, akvaryum filtrenizin performans\u0131n\u0131 korumak ve uzun s\u00fcreli kullan\u0131m sa\u011flamak i\u00e7in g\u00fcvenilir bir yedek par\u00e7ad\u0131r.\" \/>\n<meta property=\"og:url\" content=\"https:\/\/anadolupet.com.tr\/en\/product\/tetra-in-300-plus-pervane\/\" \/>\n<meta property=\"og:site_name\" content=\"Anadolu Pet Grup\" \/>\n<meta property=\"article:modified_time\" content=\"2026-02-23T16:49:20+00:00\" \/>\n<meta property=\"og:image\" content=\"https:\/\/anadolupet.com.tr\/wp-content\/uploads\/2026\/02\/402-704166.jpg\" \/>\n\t<meta property=\"og:image:width\" content=\"750\" \/>\n\t<meta property=\"og:image:height\" content=\"750\" \/>\n\t<meta property=\"og:image:type\" content=\"image\/jpeg\" \/>\n<meta name=\"twitter:card\" content=\"summary_large_image\" \/>\n<script type=\"application\/ld+json\" class=\"yoast-schema-graph\">{\"@context\":\"https:\\\/\\\/schema.org\",\"@graph\":[{\"@type\":\"WebPage\",\"@id\":\"https:\\\/\\\/anadolupet.com.tr\\\/urun\\\/tetra-in-300-plus-pervane\\\/\",\"url\":\"https:\\\/\\\/anadolupet.com.tr\\\/urun\\\/tetra-in-300-plus-pervane\\\/\",\"name\":\"Tetra In 300 Plus Pervane - Anadolu Pet Grup\",\"isPartOf\":{\"@id\":\"https:\\\/\\\/anadolupet.com.tr\\\/#website\"},\"primaryImageOfPage\":{\"@id\":\"https:\\\/\\\/anadolupet.com.tr\\\/urun\\\/tetra-in-300-plus-pervane\\\/#primaryimage\"},\"image\":{\"@id\":\"https:\\\/\\\/anadolupet.com.tr\\\/urun\\\/tetra-in-300-plus-pervane\\\/#primaryimage\"},\"thumbnailUrl\":\"https:\\\/\\\/anadolupet.com.tr\\\/wp-content\\\/uploads\\\/2026\\\/02\\\/402-704166.jpg\",\"datePublished\":\"2026-02-14T14:46:24+00:00\",\"dateModified\":\"2026-02-23T16:49:20+00:00\",\"breadcrumb\":{\"@id\":\"https:\\\/\\\/anadolupet.com.tr\\\/urun\\\/tetra-in-300-plus-pervane\\\/#breadcrumb\"},\"inLanguage\":\"en-US\",\"potentialAction\":[{\"@type\":\"ReadAction\",\"target\":[\"https:\\\/\\\/anadolupet.com.tr\\\/urun\\\/tetra-in-300-plus-pervane\\\/\"]}]},{\"@type\":\"ImageObject\",\"inLanguage\":\"en-US\",\"@id\":\"https:\\\/\\\/anadolupet.com.tr\\\/urun\\\/tetra-in-300-plus-pervane\\\/#primaryimage\",\"url\":\"https:\\\/\\\/anadolupet.com.tr\\\/wp-content\\\/uploads\\\/2026\\\/02\\\/402-704166.jpg\",\"contentUrl\":\"https:\\\/\\\/anadolupet.com.tr\\\/wp-content\\\/uploads\\\/2026\\\/02\\\/402-704166.jpg\",\"width\":750,\"height\":750},{\"@type\":\"BreadcrumbList\",\"@id\":\"https:\\\/\\\/anadolupet.com.tr\\\/urun\\\/tetra-in-300-plus-pervane\\\/#breadcrumb\",\"itemListElement\":[{\"@type\":\"ListItem\",\"position\":1,\"name\":\"Anasayfa\",\"item\":\"https:\\\/\\\/anadolupet.com.tr\\\/\"},{\"@type\":\"ListItem\",\"position\":2,\"name\":\"\u00dcr\u00fcnler\",\"item\":\"https:\\\/\\\/anadolupet.com.tr\\\/urunler\\\/\"},{\"@type\":\"ListItem\",\"position\":3,\"name\":\"Tetra In 300 Plus Pervane\"}]},{\"@type\":\"WebSite\",\"@id\":\"https:\\\/\\\/anadolupet.com.tr\\\/#website\",\"url\":\"https:\\\/\\\/anadolupet.com.tr\\\/\",\"name\":\"Anadolu Pet Grup\",\"description\":\"Her Can\u0131n \u0130yi Ya\u015fam\u0131 \u0130\u00e7in Biraraday\u0131z\",\"publisher\":{\"@id\":\"https:\\\/\\\/anadolupet.com.tr\\\/#organization\"},\"potentialAction\":[{\"@type\":\"SearchAction\",\"target\":{\"@type\":\"EntryPoint\",\"urlTemplate\":\"https:\\\/\\\/anadolupet.com.tr\\\/?s={search_term_string}\"},\"query-input\":{\"@type\":\"PropertyValueSpecification\",\"valueRequired\":true,\"valueName\":\"search_term_string\"}}],\"inLanguage\":\"en-US\"},{\"@type\":\"Organization\",\"@id\":\"https:\\\/\\\/anadolupet.com.tr\\\/#organization\",\"name\":\"Anadolu Pet Grup\",\"alternateName\":\"Anadolu Pet\",\"url\":\"https:\\\/\\\/anadolupet.com.tr\\\/\",\"logo\":{\"@type\":\"ImageObject\",\"inLanguage\":\"en-US\",\"@id\":\"https:\\\/\\\/anadolupet.com.tr\\\/#\\\/schema\\\/logo\\\/image\\\/\",\"url\":\"https:\\\/\\\/anadolupet.com.tr\\\/wp-content\\\/uploads\\\/2026\\\/03\\\/1614666743370.jpg\",\"contentUrl\":\"https:\\\/\\\/anadolupet.com.tr\\\/wp-content\\\/uploads\\\/2026\\\/03\\\/1614666743370.jpg\",\"width\":800,\"height\":571,\"caption\":\"Anadolu Pet Grup\"},\"image\":{\"@id\":\"https:\\\/\\\/anadolupet.com.tr\\\/#\\\/schema\\\/logo\\\/image\\\/\"}}]}<\/script>\n<!-- \/ Yoast SEO plugin. -->","yoast_head_json":{"title":"Tetra In 300 Plus Pervane - Anadolu Pet Grup","robots":{"index":"index","follow":"follow","max-snippet":"max-snippet:-1","max-image-preview":"max-image-preview:large","max-video-preview":"max-video-preview:-1"},"canonical":"https:\/\/anadolupet.com.tr\/en\/product\/tetra-in-300-plus-pervane\/","og_locale":"en_US","og_type":"article","og_title":"Tetra In 300 Plus Pervane - Anadolu Pet Grup","og_description":"Tetra IN 300 Plus Pervane, Tetra\u2019n\u0131n en \u00e7ok tercih edilen akvaryum i\u00e7 filtrelerinden IN 300 Plus modeli i\u00e7in \u00f6zel olarak \u00fcretilmi\u015f orijinal yedek pervanedir. Filtrenin performans\u0131n\u0131 korumak ve uzun \u00f6m\u00fcrl\u00fc kullan\u0131m sa\u011flamak i\u00e7in tasarlanm\u0131\u015ft\u0131r. \u00d6ne \u00c7\u0131kan \u00d6zellikler Orijinal Yedek Par\u00e7a: Tetra IN 300 Plus i\u00e7 filtre ile tam uyumludur. Y\u00fcksek Performans: Filtrenin verimli \u00e7al\u0131\u015fmas\u0131n\u0131 ve g\u00fc\u00e7l\u00fc su sirk\u00fclasyonunu destekler. Dayan\u0131kl\u0131 Malzeme: Uzun \u00f6m\u00fcrl\u00fc kullan\u0131m i\u00e7in kaliteli materyallerden \u00fcretilmi\u015ftir. Kolay Montaj: Pratik \u015fekilde tak\u0131l\u0131p \u00e7\u0131kar\u0131labilir, kullan\u0131c\u0131 dostu tasar\u0131m. Bak\u0131m Kolayl\u0131\u011f\u0131: Filtrenin d\u00fczenli bak\u0131m\u0131nda ideal \u00e7\u00f6z\u00fcm sunar. Tetra IN 300 Plus Pervane, akvaryum filtrenizin performans\u0131n\u0131 korumak ve uzun s\u00fcreli kullan\u0131m sa\u011flamak i\u00e7in g\u00fcvenilir bir yedek par\u00e7ad\u0131r.","og_url":"https:\/\/anadolupet.com.tr\/en\/product\/tetra-in-300-plus-pervane\/","og_site_name":"Anadolu Pet Grup","article_modified_time":"2026-02-23T16:49:20+00:00","og_image":[{"width":750,"height":750,"url":"https:\/\/anadolupet.com.tr\/wp-content\/uploads\/2026\/02\/402-704166.jpg","type":"image\/jpeg"}],"twitter_card":"summary_large_image","schema":{"@context":"https:\/\/schema.org","@graph":[{"@type":"WebPage","@id":"https:\/\/anadolupet.com.tr\/urun\/tetra-in-300-plus-pervane\/","url":"https:\/\/anadolupet.com.tr\/urun\/tetra-in-300-plus-pervane\/","name":"Tetra In 300 Plus Pervane - Anadolu Pet Grup","isPartOf":{"@id":"https:\/\/anadolupet.com.tr\/#website"},"primaryImageOfPage":{"@id":"https:\/\/anadolupet.com.tr\/urun\/tetra-in-300-plus-pervane\/#primaryimage"},"image":{"@id":"https:\/\/anadolupet.com.tr\/urun\/tetra-in-300-plus-pervane\/#primaryimage"},"thumbnailUrl":"https:\/\/anadolupet.com.tr\/wp-content\/uploads\/2026\/02\/402-704166.jpg","datePublished":"2026-02-14T14:46:24+00:00","dateModified":"2026-02-23T16:49:20+00:00","breadcrumb":{"@id":"https:\/\/anadolupet.com.tr\/urun\/tetra-in-300-plus-pervane\/#breadcrumb"},"inLanguage":"en-US","potentialAction":[{"@type":"ReadAction","target":["https:\/\/anadolupet.com.tr\/urun\/tetra-in-300-plus-pervane\/"]}]},{"@type":"ImageObject","inLanguage":"en-US","@id":"https:\/\/anadolupet.com.tr\/urun\/tetra-in-300-plus-pervane\/#primaryimage","url":"https:\/\/anadolupet.com.tr\/wp-content\/uploads\/2026\/02\/402-704166.jpg","contentUrl":"https:\/\/anadolupet.com.tr\/wp-content\/uploads\/2026\/02\/402-704166.jpg","width":750,"height":750},{"@type":"BreadcrumbList","@id":"https:\/\/anadolupet.com.tr\/urun\/tetra-in-300-plus-pervane\/#breadcrumb","itemListElement":[{"@type":"ListItem","position":1,"name":"Anasayfa","item":"https:\/\/anadolupet.com.tr\/"},{"@type":"ListItem","position":2,"name":"\u00dcr\u00fcnler","item":"https:\/\/anadolupet.com.tr\/urunler\/"},{"@type":"ListItem","position":3,"name":"Tetra In 300 Plus Pervane"}]},{"@type":"WebSite","@id":"https:\/\/anadolupet.com.tr\/#website","url":"https:\/\/anadolupet.com.tr\/","name":"Anadolu Pet Group","description":"We Stand Together for the Well-Being of Every Life","publisher":{"@id":"https:\/\/anadolupet.com.tr\/#organization"},"potentialAction":[{"@type":"SearchAction","target":{"@type":"EntryPoint","urlTemplate":"https:\/\/anadolupet.com.tr\/?s={search_term_string}"},"query-input":{"@type":"PropertyValueSpecification","valueRequired":true,"valueName":"search_term_string"}}],"inLanguage":"en-US"},{"@type":"Organization","@id":"https:\/\/anadolupet.com.tr\/#organization","name":"Anadolu Pet Group","alternateName":"Anadolu Pet","url":"https:\/\/anadolupet.com.tr\/","logo":{"@type":"ImageObject","inLanguage":"en-US","@id":"https:\/\/anadolupet.com.tr\/#\/schema\/logo\/image\/","url":"https:\/\/anadolupet.com.tr\/wp-content\/uploads\/2026\/03\/1614666743370.jpg","contentUrl":"https:\/\/anadolupet.com.tr\/wp-content\/uploads\/2026\/03\/1614666743370.jpg","width":800,"height":571,"caption":"Anadolu Pet Grup"},"image":{"@id":"https:\/\/anadolupet.com.tr\/#\/schema\/logo\/image\/"}}]}},"_links":{"self":[{"href":"https:\/\/anadolupet.com.tr\/en\/wp-json\/wp\/v2\/product\/46324","targetHints":{"allow":["GET"]}}],"collection":[{"href":"https:\/\/anadolupet.com.tr\/en\/wp-json\/wp\/v2\/product"}],"about":[{"href":"https:\/\/anadolupet.com.tr\/en\/wp-json\/wp\/v2\/types\/product"}],"replies":[{"embeddable":true,"href":"https:\/\/anadolupet.com.tr\/en\/wp-json\/wp\/v2\/comments?post=46324"}],"wp:featuredmedia":[{"embeddable":true,"href":"https:\/\/anadolupet.com.tr\/en\/wp-json\/wp\/v2\/media\/47201"}],"wp:attachment":[{"href":"https:\/\/anadolupet.com.tr\/en\/wp-json\/wp\/v2\/media?parent=46324"}],"wp:term":[{"taxonomy":"product_brand","embeddable":true,"href":"https:\/\/anadolupet.com.tr\/en\/wp-json\/wp\/v2\/product_brand?post=46324"},{"taxonomy":"product_cat","embeddable":true,"href":"https:\/\/anadolupet.com.tr\/en\/wp-json\/wp\/v2\/product_cat?post=46324"},{"taxonomy":"product_tag","embeddable":true,"href":"https:\/\/anadolupet.com.tr\/en\/wp-json\/wp\/v2\/product_tag?post=46324"}],"curies":[{"name":"wp","href":"https:\/\/api.w.org\/{rel}","templated":true}]}}