{"id":46326,"date":"2026-02-14T14:46:25","date_gmt":"2026-02-14T14:46:25","guid":{"rendered":"https:\/\/anadolupet.com.tr\/?post_type=product&#038;p=46326"},"modified":"2026-02-23T16:49:20","modified_gmt":"2026-02-23T16:49:20","slug":"tetra-in-800-plus-ic-filtre","status":"publish","type":"product","link":"https:\/\/anadolupet.com.tr\/en\/urun\/tetra-in-800-plus-ic-filtre\/","title":{"rendered":"Tetra IN 800 PLUS \u0130\u00e7 Filtre"},"content":{"rendered":"","protected":false},"excerpt":{"rendered":"<p>Tetra IN plus 800 i\u00e7 filtre, fiziksel, biyolojik ve kimyasal filtrasyon sa\u011flayan g\u00fc\u00e7l\u00fc ve kullan\u0131\u015fl\u0131 bir dahili filtredir. Tetra IN plus 800 i\u00e7 filtre, bal\u0131klar\u0131n\u0131z\u0131 rahats\u0131z etmeden en ideal biyolojik ve mekanik temizli\u011fi sa\u011flar. Suyun berrakl\u0131\u011f\u0131n\u0131 korur. Bal\u0131klar i\u00e7in zararl\u0131 olabilecek s\u0131k su de\u011fi\u015fimlerinin \u00f6n\u00fcne ge\u00e7er. Bal\u0131klar\u0131n\u0131z tertemiz bir akvaryum ortam\u0131nda sa\u011fl\u0131kl\u0131 bir \u015fekilde ya\u015far. \u015e\u0131k tasar\u0131m ile ve akvaryumunuzda az yer kaplar.<br \/>\nDetaylar;<br \/>\n*T\u00fcm i\u00e7 filtrelerde iki adet filtre odas\u0131 bulunur.<br \/>\n*Temizleme i\u015flemi s\u0131ras\u0131nda filtre odas\u0131nda her zaman bir filtre k\u00f6p\u00fc\u011f\u00fc kalabilir &#8211; b\u00f6ylece faydal\u0131 bakteri kayb\u0131 en aza iner.<br \/>\n*Cihaz, temizleme i\u015flemi s\u0131ras\u0131nda akvaryumda kal\u0131r.<br \/>\n*Ak\u0131\u015f h\u0131z\u0131n\u0131n s\u00fcrekli kontrol\u00fc ile akvaryuma tam uyum sa\u011flar.<br \/>\n*\u00c7\u0131k\u0131\u015f nozulu 180 derece d\u00f6nd\u00fcr\u00fclebilir.<br \/>\n*Kontrol edilebilir Venturi sistemi ek oksijen kayna\u011f\u0131 sa\u011flar.<br \/>\n*Zarif kompakt tasar\u0131m ve d\u00fc\u015f\u00fck alan gereksinimleri.<br \/>\n*Vantusludur, tak\u0131lmas\u0131 kolayd\u0131r.<br \/>\n*Biyolojik Filtre K\u00f6p\u00fc\u011f\u00fc ve Aktif Karbon Filtre yedek par\u00e7a olarak mevcuttur.<br \/>\n*T\u00dcV \/ GS taraf\u0131ndan test edilmi\u015ftir.<br \/>\n*2 y\u0131ll\u0131k garanti<br \/>\n*400 &#8211; 800 L\/h \/ 80 &#8211; 150 L \/ 12 watt<\/p>","protected":false},"featured_media":47221,"comment_status":"open","ping_status":"closed","template":"","meta":{"_acf_changed":false},"product_brand":[],"product_cat":[2392],"product_tag":[],"class_list":{"0":"post-46326","1":"product","2":"type-product","3":"status-publish","4":"has-post-thumbnail","6":"product_cat-ic-filtreler","8":"first","9":"instock","10":"shipping-taxable","11":"product-type-simple"},"acf":[],"yoast_head":"<!-- This site is optimized with the Yoast SEO plugin v27.4 - https:\/\/yoast.com\/product\/yoast-seo-wordpress\/ -->\n<title>Tetra IN 800 PLUS \u0130\u00e7 Filtre - Anadolu Pet Grup<\/title>\n<meta name=\"robots\" content=\"index, follow, max-snippet:-1, max-image-preview:large, max-video-preview:-1\" \/>\n<link rel=\"canonical\" href=\"https:\/\/anadolupet.com.tr\/en\/product\/tetra-in-800-plus-ic-filtre\/\" \/>\n<meta property=\"og:locale\" content=\"en_US\" \/>\n<meta property=\"og:type\" content=\"article\" \/>\n<meta property=\"og:title\" content=\"Tetra IN 800 PLUS \u0130\u00e7 Filtre - Anadolu Pet Grup\" \/>\n<meta property=\"og:description\" content=\"Tetra IN plus 800 i\u00e7 filtre, fiziksel, biyolojik ve kimyasal filtrasyon sa\u011flayan g\u00fc\u00e7l\u00fc ve kullan\u0131\u015fl\u0131 bir dahili filtredir. Tetra IN plus 800 i\u00e7 filtre, bal\u0131klar\u0131n\u0131z\u0131 rahats\u0131z etmeden en ideal biyolojik ve mekanik temizli\u011fi sa\u011flar. Suyun berrakl\u0131\u011f\u0131n\u0131 korur. Bal\u0131klar i\u00e7in zararl\u0131 olabilecek s\u0131k su de\u011fi\u015fimlerinin \u00f6n\u00fcne ge\u00e7er. Bal\u0131klar\u0131n\u0131z tertemiz bir akvaryum ortam\u0131nda sa\u011fl\u0131kl\u0131 bir \u015fekilde ya\u015far. \u015e\u0131k tasar\u0131m ile ve akvaryumunuzda az yer kaplar. Detaylar; *T\u00fcm i\u00e7 filtrelerde iki adet filtre odas\u0131 bulunur. *Temizleme i\u015flemi s\u0131ras\u0131nda filtre odas\u0131nda her zaman bir filtre k\u00f6p\u00fc\u011f\u00fc kalabilir - b\u00f6ylece faydal\u0131 bakteri kayb\u0131 en aza iner. *Cihaz, temizleme i\u015flemi s\u0131ras\u0131nda akvaryumda kal\u0131r. *Ak\u0131\u015f h\u0131z\u0131n\u0131n s\u00fcrekli kontrol\u00fc ile akvaryuma tam uyum sa\u011flar. *\u00c7\u0131k\u0131\u015f nozulu 180 derece d\u00f6nd\u00fcr\u00fclebilir. *Kontrol edilebilir Venturi sistemi ek oksijen kayna\u011f\u0131 sa\u011flar. *Zarif kompakt tasar\u0131m ve d\u00fc\u015f\u00fck alan gereksinimleri. *Vantusludur, tak\u0131lmas\u0131 kolayd\u0131r. *Biyolojik Filtre K\u00f6p\u00fc\u011f\u00fc ve Aktif Karbon Filtre yedek par\u00e7a olarak mevcuttur. *T\u00dcV \/ GS taraf\u0131ndan test edilmi\u015ftir. *2 y\u0131ll\u0131k garanti *400 - 800 L\/h \/ 80 - 150 L \/ 12 watt\" \/>\n<meta property=\"og:url\" content=\"https:\/\/anadolupet.com.tr\/en\/product\/tetra-in-800-plus-ic-filtre\/\" \/>\n<meta property=\"og:site_name\" content=\"Anadolu Pet Grup\" \/>\n<meta property=\"article:modified_time\" content=\"2026-02-23T16:49:20+00:00\" \/>\n<meta property=\"og:image\" content=\"https:\/\/anadolupet.com.tr\/wp-content\/uploads\/2026\/02\/402-708427.jpg\" \/>\n\t<meta property=\"og:image:width\" content=\"750\" \/>\n\t<meta property=\"og:image:height\" content=\"750\" \/>\n\t<meta property=\"og:image:type\" content=\"image\/jpeg\" \/>\n<meta name=\"twitter:card\" content=\"summary_large_image\" \/>\n<script type=\"application\/ld+json\" class=\"yoast-schema-graph\">{\"@context\":\"https:\\\/\\\/schema.org\",\"@graph\":[{\"@type\":\"WebPage\",\"@id\":\"https:\\\/\\\/anadolupet.com.tr\\\/urun\\\/tetra-in-800-plus-ic-filtre\\\/\",\"url\":\"https:\\\/\\\/anadolupet.com.tr\\\/urun\\\/tetra-in-800-plus-ic-filtre\\\/\",\"name\":\"Tetra IN 800 PLUS \u0130\u00e7 Filtre - Anadolu Pet Grup\",\"isPartOf\":{\"@id\":\"https:\\\/\\\/anadolupet.com.tr\\\/#website\"},\"primaryImageOfPage\":{\"@id\":\"https:\\\/\\\/anadolupet.com.tr\\\/urun\\\/tetra-in-800-plus-ic-filtre\\\/#primaryimage\"},\"image\":{\"@id\":\"https:\\\/\\\/anadolupet.com.tr\\\/urun\\\/tetra-in-800-plus-ic-filtre\\\/#primaryimage\"},\"thumbnailUrl\":\"https:\\\/\\\/anadolupet.com.tr\\\/wp-content\\\/uploads\\\/2026\\\/02\\\/402-708427.jpg\",\"datePublished\":\"2026-02-14T14:46:25+00:00\",\"dateModified\":\"2026-02-23T16:49:20+00:00\",\"breadcrumb\":{\"@id\":\"https:\\\/\\\/anadolupet.com.tr\\\/urun\\\/tetra-in-800-plus-ic-filtre\\\/#breadcrumb\"},\"inLanguage\":\"en-US\",\"potentialAction\":[{\"@type\":\"ReadAction\",\"target\":[\"https:\\\/\\\/anadolupet.com.tr\\\/urun\\\/tetra-in-800-plus-ic-filtre\\\/\"]}]},{\"@type\":\"ImageObject\",\"inLanguage\":\"en-US\",\"@id\":\"https:\\\/\\\/anadolupet.com.tr\\\/urun\\\/tetra-in-800-plus-ic-filtre\\\/#primaryimage\",\"url\":\"https:\\\/\\\/anadolupet.com.tr\\\/wp-content\\\/uploads\\\/2026\\\/02\\\/402-708427.jpg\",\"contentUrl\":\"https:\\\/\\\/anadolupet.com.tr\\\/wp-content\\\/uploads\\\/2026\\\/02\\\/402-708427.jpg\",\"width\":750,\"height\":750},{\"@type\":\"BreadcrumbList\",\"@id\":\"https:\\\/\\\/anadolupet.com.tr\\\/urun\\\/tetra-in-800-plus-ic-filtre\\\/#breadcrumb\",\"itemListElement\":[{\"@type\":\"ListItem\",\"position\":1,\"name\":\"Anasayfa\",\"item\":\"https:\\\/\\\/anadolupet.com.tr\\\/\"},{\"@type\":\"ListItem\",\"position\":2,\"name\":\"\u00dcr\u00fcnler\",\"item\":\"https:\\\/\\\/anadolupet.com.tr\\\/urunler\\\/\"},{\"@type\":\"ListItem\",\"position\":3,\"name\":\"Tetra IN 800 PLUS \u0130\u00e7 Filtre\"}]},{\"@type\":\"WebSite\",\"@id\":\"https:\\\/\\\/anadolupet.com.tr\\\/#website\",\"url\":\"https:\\\/\\\/anadolupet.com.tr\\\/\",\"name\":\"Anadolu Pet Grup\",\"description\":\"Her Can\u0131n \u0130yi Ya\u015fam\u0131 \u0130\u00e7in Biraraday\u0131z\",\"publisher\":{\"@id\":\"https:\\\/\\\/anadolupet.com.tr\\\/#organization\"},\"potentialAction\":[{\"@type\":\"SearchAction\",\"target\":{\"@type\":\"EntryPoint\",\"urlTemplate\":\"https:\\\/\\\/anadolupet.com.tr\\\/?s={search_term_string}\"},\"query-input\":{\"@type\":\"PropertyValueSpecification\",\"valueRequired\":true,\"valueName\":\"search_term_string\"}}],\"inLanguage\":\"en-US\"},{\"@type\":\"Organization\",\"@id\":\"https:\\\/\\\/anadolupet.com.tr\\\/#organization\",\"name\":\"Anadolu Pet Grup\",\"alternateName\":\"Anadolu Pet\",\"url\":\"https:\\\/\\\/anadolupet.com.tr\\\/\",\"logo\":{\"@type\":\"ImageObject\",\"inLanguage\":\"en-US\",\"@id\":\"https:\\\/\\\/anadolupet.com.tr\\\/#\\\/schema\\\/logo\\\/image\\\/\",\"url\":\"https:\\\/\\\/anadolupet.com.tr\\\/wp-content\\\/uploads\\\/2026\\\/03\\\/1614666743370.jpg\",\"contentUrl\":\"https:\\\/\\\/anadolupet.com.tr\\\/wp-content\\\/uploads\\\/2026\\\/03\\\/1614666743370.jpg\",\"width\":800,\"height\":571,\"caption\":\"Anadolu Pet Grup\"},\"image\":{\"@id\":\"https:\\\/\\\/anadolupet.com.tr\\\/#\\\/schema\\\/logo\\\/image\\\/\"}}]}<\/script>\n<!-- \/ Yoast SEO plugin. -->","yoast_head_json":{"title":"Tetra IN 800 PLUS \u0130\u00e7 Filtre - Anadolu Pet Grup","robots":{"index":"index","follow":"follow","max-snippet":"max-snippet:-1","max-image-preview":"max-image-preview:large","max-video-preview":"max-video-preview:-1"},"canonical":"https:\/\/anadolupet.com.tr\/en\/product\/tetra-in-800-plus-ic-filtre\/","og_locale":"en_US","og_type":"article","og_title":"Tetra IN 800 PLUS \u0130\u00e7 Filtre - Anadolu Pet Grup","og_description":"Tetra IN plus 800 i\u00e7 filtre, fiziksel, biyolojik ve kimyasal filtrasyon sa\u011flayan g\u00fc\u00e7l\u00fc ve kullan\u0131\u015fl\u0131 bir dahili filtredir. Tetra IN plus 800 i\u00e7 filtre, bal\u0131klar\u0131n\u0131z\u0131 rahats\u0131z etmeden en ideal biyolojik ve mekanik temizli\u011fi sa\u011flar. Suyun berrakl\u0131\u011f\u0131n\u0131 korur. Bal\u0131klar i\u00e7in zararl\u0131 olabilecek s\u0131k su de\u011fi\u015fimlerinin \u00f6n\u00fcne ge\u00e7er. Bal\u0131klar\u0131n\u0131z tertemiz bir akvaryum ortam\u0131nda sa\u011fl\u0131kl\u0131 bir \u015fekilde ya\u015far. \u015e\u0131k tasar\u0131m ile ve akvaryumunuzda az yer kaplar. Detaylar; *T\u00fcm i\u00e7 filtrelerde iki adet filtre odas\u0131 bulunur. *Temizleme i\u015flemi s\u0131ras\u0131nda filtre odas\u0131nda her zaman bir filtre k\u00f6p\u00fc\u011f\u00fc kalabilir - b\u00f6ylece faydal\u0131 bakteri kayb\u0131 en aza iner. *Cihaz, temizleme i\u015flemi s\u0131ras\u0131nda akvaryumda kal\u0131r. *Ak\u0131\u015f h\u0131z\u0131n\u0131n s\u00fcrekli kontrol\u00fc ile akvaryuma tam uyum sa\u011flar. *\u00c7\u0131k\u0131\u015f nozulu 180 derece d\u00f6nd\u00fcr\u00fclebilir. *Kontrol edilebilir Venturi sistemi ek oksijen kayna\u011f\u0131 sa\u011flar. *Zarif kompakt tasar\u0131m ve d\u00fc\u015f\u00fck alan gereksinimleri. *Vantusludur, tak\u0131lmas\u0131 kolayd\u0131r. *Biyolojik Filtre K\u00f6p\u00fc\u011f\u00fc ve Aktif Karbon Filtre yedek par\u00e7a olarak mevcuttur. *T\u00dcV \/ GS taraf\u0131ndan test edilmi\u015ftir. *2 y\u0131ll\u0131k garanti *400 - 800 L\/h \/ 80 - 150 L \/ 12 watt","og_url":"https:\/\/anadolupet.com.tr\/en\/product\/tetra-in-800-plus-ic-filtre\/","og_site_name":"Anadolu Pet Grup","article_modified_time":"2026-02-23T16:49:20+00:00","og_image":[{"width":750,"height":750,"url":"https:\/\/anadolupet.com.tr\/wp-content\/uploads\/2026\/02\/402-708427.jpg","type":"image\/jpeg"}],"twitter_card":"summary_large_image","schema":{"@context":"https:\/\/schema.org","@graph":[{"@type":"WebPage","@id":"https:\/\/anadolupet.com.tr\/urun\/tetra-in-800-plus-ic-filtre\/","url":"https:\/\/anadolupet.com.tr\/urun\/tetra-in-800-plus-ic-filtre\/","name":"Tetra IN 800 PLUS \u0130\u00e7 Filtre - Anadolu Pet Grup","isPartOf":{"@id":"https:\/\/anadolupet.com.tr\/#website"},"primaryImageOfPage":{"@id":"https:\/\/anadolupet.com.tr\/urun\/tetra-in-800-plus-ic-filtre\/#primaryimage"},"image":{"@id":"https:\/\/anadolupet.com.tr\/urun\/tetra-in-800-plus-ic-filtre\/#primaryimage"},"thumbnailUrl":"https:\/\/anadolupet.com.tr\/wp-content\/uploads\/2026\/02\/402-708427.jpg","datePublished":"2026-02-14T14:46:25+00:00","dateModified":"2026-02-23T16:49:20+00:00","breadcrumb":{"@id":"https:\/\/anadolupet.com.tr\/urun\/tetra-in-800-plus-ic-filtre\/#breadcrumb"},"inLanguage":"en-US","potentialAction":[{"@type":"ReadAction","target":["https:\/\/anadolupet.com.tr\/urun\/tetra-in-800-plus-ic-filtre\/"]}]},{"@type":"ImageObject","inLanguage":"en-US","@id":"https:\/\/anadolupet.com.tr\/urun\/tetra-in-800-plus-ic-filtre\/#primaryimage","url":"https:\/\/anadolupet.com.tr\/wp-content\/uploads\/2026\/02\/402-708427.jpg","contentUrl":"https:\/\/anadolupet.com.tr\/wp-content\/uploads\/2026\/02\/402-708427.jpg","width":750,"height":750},{"@type":"BreadcrumbList","@id":"https:\/\/anadolupet.com.tr\/urun\/tetra-in-800-plus-ic-filtre\/#breadcrumb","itemListElement":[{"@type":"ListItem","position":1,"name":"Anasayfa","item":"https:\/\/anadolupet.com.tr\/"},{"@type":"ListItem","position":2,"name":"\u00dcr\u00fcnler","item":"https:\/\/anadolupet.com.tr\/urunler\/"},{"@type":"ListItem","position":3,"name":"Tetra IN 800 PLUS \u0130\u00e7 Filtre"}]},{"@type":"WebSite","@id":"https:\/\/anadolupet.com.tr\/#website","url":"https:\/\/anadolupet.com.tr\/","name":"Anadolu Pet Group","description":"We Stand Together for the Well-Being of Every Life","publisher":{"@id":"https:\/\/anadolupet.com.tr\/#organization"},"potentialAction":[{"@type":"SearchAction","target":{"@type":"EntryPoint","urlTemplate":"https:\/\/anadolupet.com.tr\/?s={search_term_string}"},"query-input":{"@type":"PropertyValueSpecification","valueRequired":true,"valueName":"search_term_string"}}],"inLanguage":"en-US"},{"@type":"Organization","@id":"https:\/\/anadolupet.com.tr\/#organization","name":"Anadolu Pet Group","alternateName":"Anadolu Pet","url":"https:\/\/anadolupet.com.tr\/","logo":{"@type":"ImageObject","inLanguage":"en-US","@id":"https:\/\/anadolupet.com.tr\/#\/schema\/logo\/image\/","url":"https:\/\/anadolupet.com.tr\/wp-content\/uploads\/2026\/03\/1614666743370.jpg","contentUrl":"https:\/\/anadolupet.com.tr\/wp-content\/uploads\/2026\/03\/1614666743370.jpg","width":800,"height":571,"caption":"Anadolu Pet Grup"},"image":{"@id":"https:\/\/anadolupet.com.tr\/#\/schema\/logo\/image\/"}}]}},"_links":{"self":[{"href":"https:\/\/anadolupet.com.tr\/en\/wp-json\/wp\/v2\/product\/46326","targetHints":{"allow":["GET"]}}],"collection":[{"href":"https:\/\/anadolupet.com.tr\/en\/wp-json\/wp\/v2\/product"}],"about":[{"href":"https:\/\/anadolupet.com.tr\/en\/wp-json\/wp\/v2\/types\/product"}],"replies":[{"embeddable":true,"href":"https:\/\/anadolupet.com.tr\/en\/wp-json\/wp\/v2\/comments?post=46326"}],"wp:featuredmedia":[{"embeddable":true,"href":"https:\/\/anadolupet.com.tr\/en\/wp-json\/wp\/v2\/media\/47221"}],"wp:attachment":[{"href":"https:\/\/anadolupet.com.tr\/en\/wp-json\/wp\/v2\/media?parent=46326"}],"wp:term":[{"taxonomy":"product_brand","embeddable":true,"href":"https:\/\/anadolupet.com.tr\/en\/wp-json\/wp\/v2\/product_brand?post=46326"},{"taxonomy":"product_cat","embeddable":true,"href":"https:\/\/anadolupet.com.tr\/en\/wp-json\/wp\/v2\/product_cat?post=46326"},{"taxonomy":"product_tag","embeddable":true,"href":"https:\/\/anadolupet.com.tr\/en\/wp-json\/wp\/v2\/product_tag?post=46326"}],"curies":[{"name":"wp","href":"https:\/\/api.w.org\/{rel}","templated":true}]}}