{"id":46327,"date":"2026-02-14T14:46:25","date_gmt":"2026-02-14T14:46:25","guid":{"rendered":"https:\/\/anadolupet.com.tr\/?post_type=product&#038;p=46327"},"modified":"2026-02-23T16:49:20","modified_gmt":"2026-02-23T16:49:20","slug":"tetra-luohan-flowerhorn-balik-yemi-1lt","status":"publish","type":"product","link":"https:\/\/anadolupet.com.tr\/en\/urun\/tetra-luohan-flowerhorn-balik-yemi-1lt\/","title":{"rendered":"Tetra Luohan Flowerhorn Bal\u0131k Yemi &#8211; 1LT"},"content":{"rendered":"","protected":false},"excerpt":{"rendered":"<p>Tetra Luohan, flowerhorn \u00e7iklitlerinin benzersiz beslenme ihtiya\u00e7lar\u0131n\u0131 kar\u015f\u0131lamak i\u00e7in bilimsel olarak form\u00fcle edilmi\u015f ideal bir yemdir. Bal\u0131\u011f\u0131n parlak g\u00f6r\u00fcn\u00fcm almas\u0131n\u0131 ve geli\u015fimini sa\u011flar. Y\u00fczer gran\u00fcl \u015feklinde taneleri ile yakla\u015f\u0131k 10 &#8211; 15 cm aras\u0131 bal\u0131klarda tavsiye edilir. \u00dcst\u00fcn sindirilebilirli\u011fi sayesinde su kirlili\u011fini azalt\u0131r. Luo Han&#8217;\u0131n yemeyi sevdi\u011fi, \u00f6zenle se\u00e7ilmi\u015f y\u00fcksek kaliteli besin maddeleri i\u00e7erir.<br \/>\n\u0130\u00e7eri\u011fi;<br \/>\nHam Protein:%42, Ham Ya\u011f:%9,5, Ham Lif:%2,5, Nem:%8<br \/>\nDozaj;<br \/>\nK\u00fc\u00e7\u00fck miktarlarda g\u00fcnde birka\u00e7 kez besleyin.<br \/>\nMiktar;<br \/>\n1 Lt<\/p>","protected":false},"featured_media":47086,"comment_status":"open","ping_status":"closed","template":"","meta":{"_acf_changed":false},"product_brand":[],"product_cat":[2418],"product_tag":[],"class_list":{"0":"post-46327","1":"product","2":"type-product","3":"status-publish","4":"has-post-thumbnail","6":"product_cat-ture-ozel-yemler","8":"first","9":"instock","10":"shipping-taxable","11":"product-type-simple"},"acf":[],"yoast_head":"<!-- This site is optimized with the Yoast SEO plugin v27.5 - https:\/\/yoast.com\/product\/yoast-seo-wordpress\/ -->\n<title>Tetra Luohan Flowerhorn Bal\u0131k Yemi - 1LT - Anadolu Pet Grup<\/title>\n<meta name=\"robots\" content=\"index, follow, max-snippet:-1, max-image-preview:large, max-video-preview:-1\" \/>\n<link rel=\"canonical\" href=\"https:\/\/anadolupet.com.tr\/en\/product\/tetra-luohan-flowerhorn-balik-yemi-1lt\/\" \/>\n<meta property=\"og:locale\" content=\"en_US\" \/>\n<meta property=\"og:type\" content=\"article\" \/>\n<meta property=\"og:title\" content=\"Tetra Luohan Flowerhorn Bal\u0131k Yemi - 1LT - Anadolu Pet Grup\" \/>\n<meta property=\"og:description\" content=\"Tetra Luohan, flowerhorn \u00e7iklitlerinin benzersiz beslenme ihtiya\u00e7lar\u0131n\u0131 kar\u015f\u0131lamak i\u00e7in bilimsel olarak form\u00fcle edilmi\u015f ideal bir yemdir. Bal\u0131\u011f\u0131n parlak g\u00f6r\u00fcn\u00fcm almas\u0131n\u0131 ve geli\u015fimini sa\u011flar. Y\u00fczer gran\u00fcl \u015feklinde taneleri ile yakla\u015f\u0131k 10 - 15 cm aras\u0131 bal\u0131klarda tavsiye edilir. \u00dcst\u00fcn sindirilebilirli\u011fi sayesinde su kirlili\u011fini azalt\u0131r. Luo Han&#039;\u0131n yemeyi sevdi\u011fi, \u00f6zenle se\u00e7ilmi\u015f y\u00fcksek kaliteli besin maddeleri i\u00e7erir. \u0130\u00e7eri\u011fi; Ham Protein:%42, Ham Ya\u011f:%9,5, Ham Lif:%2,5, Nem:%8 Dozaj; K\u00fc\u00e7\u00fck miktarlarda g\u00fcnde birka\u00e7 kez besleyin. Miktar; 1 Lt\" \/>\n<meta property=\"og:url\" content=\"https:\/\/anadolupet.com.tr\/en\/product\/tetra-luohan-flowerhorn-balik-yemi-1lt\/\" \/>\n<meta property=\"og:site_name\" content=\"Anadolu Pet Grup\" \/>\n<meta property=\"article:modified_time\" content=\"2026-02-23T16:49:20+00:00\" \/>\n<meta property=\"og:image\" content=\"https:\/\/anadolupet.com.tr\/wp-content\/uploads\/2026\/02\/400-709009.jpg\" \/>\n\t<meta property=\"og:image:width\" content=\"750\" \/>\n\t<meta property=\"og:image:height\" content=\"750\" \/>\n\t<meta property=\"og:image:type\" content=\"image\/jpeg\" \/>\n<meta name=\"twitter:card\" content=\"summary_large_image\" \/>\n<script type=\"application\/ld+json\" class=\"yoast-schema-graph\">{\"@context\":\"https:\\\/\\\/schema.org\",\"@graph\":[{\"@type\":\"WebPage\",\"@id\":\"https:\\\/\\\/anadolupet.com.tr\\\/urun\\\/tetra-luohan-flowerhorn-balik-yemi-1lt\\\/\",\"url\":\"https:\\\/\\\/anadolupet.com.tr\\\/urun\\\/tetra-luohan-flowerhorn-balik-yemi-1lt\\\/\",\"name\":\"Tetra Luohan Flowerhorn Bal\u0131k Yemi - 1LT - Anadolu Pet Grup\",\"isPartOf\":{\"@id\":\"https:\\\/\\\/anadolupet.com.tr\\\/#website\"},\"primaryImageOfPage\":{\"@id\":\"https:\\\/\\\/anadolupet.com.tr\\\/urun\\\/tetra-luohan-flowerhorn-balik-yemi-1lt\\\/#primaryimage\"},\"image\":{\"@id\":\"https:\\\/\\\/anadolupet.com.tr\\\/urun\\\/tetra-luohan-flowerhorn-balik-yemi-1lt\\\/#primaryimage\"},\"thumbnailUrl\":\"https:\\\/\\\/anadolupet.com.tr\\\/wp-content\\\/uploads\\\/2026\\\/02\\\/400-709009.jpg\",\"datePublished\":\"2026-02-14T14:46:25+00:00\",\"dateModified\":\"2026-02-23T16:49:20+00:00\",\"breadcrumb\":{\"@id\":\"https:\\\/\\\/anadolupet.com.tr\\\/urun\\\/tetra-luohan-flowerhorn-balik-yemi-1lt\\\/#breadcrumb\"},\"inLanguage\":\"en-US\",\"potentialAction\":[{\"@type\":\"ReadAction\",\"target\":[\"https:\\\/\\\/anadolupet.com.tr\\\/urun\\\/tetra-luohan-flowerhorn-balik-yemi-1lt\\\/\"]}]},{\"@type\":\"ImageObject\",\"inLanguage\":\"en-US\",\"@id\":\"https:\\\/\\\/anadolupet.com.tr\\\/urun\\\/tetra-luohan-flowerhorn-balik-yemi-1lt\\\/#primaryimage\",\"url\":\"https:\\\/\\\/anadolupet.com.tr\\\/wp-content\\\/uploads\\\/2026\\\/02\\\/400-709009.jpg\",\"contentUrl\":\"https:\\\/\\\/anadolupet.com.tr\\\/wp-content\\\/uploads\\\/2026\\\/02\\\/400-709009.jpg\",\"width\":750,\"height\":750},{\"@type\":\"BreadcrumbList\",\"@id\":\"https:\\\/\\\/anadolupet.com.tr\\\/urun\\\/tetra-luohan-flowerhorn-balik-yemi-1lt\\\/#breadcrumb\",\"itemListElement\":[{\"@type\":\"ListItem\",\"position\":1,\"name\":\"Anasayfa\",\"item\":\"https:\\\/\\\/anadolupet.com.tr\\\/\"},{\"@type\":\"ListItem\",\"position\":2,\"name\":\"\u00dcr\u00fcnler\",\"item\":\"https:\\\/\\\/anadolupet.com.tr\\\/urunler\\\/\"},{\"@type\":\"ListItem\",\"position\":3,\"name\":\"Tetra Luohan Flowerhorn Bal\u0131k Yemi &#8211; 1LT\"}]},{\"@type\":\"WebSite\",\"@id\":\"https:\\\/\\\/anadolupet.com.tr\\\/#website\",\"url\":\"https:\\\/\\\/anadolupet.com.tr\\\/\",\"name\":\"Anadolu Pet Grup\",\"description\":\"Her Can\u0131n \u0130yi Ya\u015fam\u0131 \u0130\u00e7in Biraraday\u0131z\",\"publisher\":{\"@id\":\"https:\\\/\\\/anadolupet.com.tr\\\/#organization\"},\"potentialAction\":[{\"@type\":\"SearchAction\",\"target\":{\"@type\":\"EntryPoint\",\"urlTemplate\":\"https:\\\/\\\/anadolupet.com.tr\\\/?s={search_term_string}\"},\"query-input\":{\"@type\":\"PropertyValueSpecification\",\"valueRequired\":true,\"valueName\":\"search_term_string\"}}],\"inLanguage\":\"en-US\"},{\"@type\":\"Organization\",\"@id\":\"https:\\\/\\\/anadolupet.com.tr\\\/#organization\",\"name\":\"Anadolu Pet Grup\",\"alternateName\":\"Anadolu Pet\",\"url\":\"https:\\\/\\\/anadolupet.com.tr\\\/\",\"logo\":{\"@type\":\"ImageObject\",\"inLanguage\":\"en-US\",\"@id\":\"https:\\\/\\\/anadolupet.com.tr\\\/#\\\/schema\\\/logo\\\/image\\\/\",\"url\":\"https:\\\/\\\/anadolupet.com.tr\\\/wp-content\\\/uploads\\\/2026\\\/03\\\/1614666743370.jpg\",\"contentUrl\":\"https:\\\/\\\/anadolupet.com.tr\\\/wp-content\\\/uploads\\\/2026\\\/03\\\/1614666743370.jpg\",\"width\":800,\"height\":571,\"caption\":\"Anadolu Pet Grup\"},\"image\":{\"@id\":\"https:\\\/\\\/anadolupet.com.tr\\\/#\\\/schema\\\/logo\\\/image\\\/\"}}]}<\/script>\n<!-- \/ Yoast SEO plugin. -->","yoast_head_json":{"title":"Tetra Luohan Flowerhorn Bal\u0131k Yemi - 1LT - Anadolu Pet Grup","robots":{"index":"index","follow":"follow","max-snippet":"max-snippet:-1","max-image-preview":"max-image-preview:large","max-video-preview":"max-video-preview:-1"},"canonical":"https:\/\/anadolupet.com.tr\/en\/product\/tetra-luohan-flowerhorn-balik-yemi-1lt\/","og_locale":"en_US","og_type":"article","og_title":"Tetra Luohan Flowerhorn Bal\u0131k Yemi - 1LT - Anadolu Pet Grup","og_description":"Tetra Luohan, flowerhorn \u00e7iklitlerinin benzersiz beslenme ihtiya\u00e7lar\u0131n\u0131 kar\u015f\u0131lamak i\u00e7in bilimsel olarak form\u00fcle edilmi\u015f ideal bir yemdir. Bal\u0131\u011f\u0131n parlak g\u00f6r\u00fcn\u00fcm almas\u0131n\u0131 ve geli\u015fimini sa\u011flar. Y\u00fczer gran\u00fcl \u015feklinde taneleri ile yakla\u015f\u0131k 10 - 15 cm aras\u0131 bal\u0131klarda tavsiye edilir. \u00dcst\u00fcn sindirilebilirli\u011fi sayesinde su kirlili\u011fini azalt\u0131r. Luo Han'\u0131n yemeyi sevdi\u011fi, \u00f6zenle se\u00e7ilmi\u015f y\u00fcksek kaliteli besin maddeleri i\u00e7erir. \u0130\u00e7eri\u011fi; Ham Protein:%42, Ham Ya\u011f:%9,5, Ham Lif:%2,5, Nem:%8 Dozaj; K\u00fc\u00e7\u00fck miktarlarda g\u00fcnde birka\u00e7 kez besleyin. Miktar; 1 Lt","og_url":"https:\/\/anadolupet.com.tr\/en\/product\/tetra-luohan-flowerhorn-balik-yemi-1lt\/","og_site_name":"Anadolu Pet Grup","article_modified_time":"2026-02-23T16:49:20+00:00","og_image":[{"width":750,"height":750,"url":"https:\/\/anadolupet.com.tr\/wp-content\/uploads\/2026\/02\/400-709009.jpg","type":"image\/jpeg"}],"twitter_card":"summary_large_image","schema":{"@context":"https:\/\/schema.org","@graph":[{"@type":"WebPage","@id":"https:\/\/anadolupet.com.tr\/urun\/tetra-luohan-flowerhorn-balik-yemi-1lt\/","url":"https:\/\/anadolupet.com.tr\/urun\/tetra-luohan-flowerhorn-balik-yemi-1lt\/","name":"Tetra Luohan Flowerhorn Bal\u0131k Yemi - 1LT - Anadolu Pet Grup","isPartOf":{"@id":"https:\/\/anadolupet.com.tr\/#website"},"primaryImageOfPage":{"@id":"https:\/\/anadolupet.com.tr\/urun\/tetra-luohan-flowerhorn-balik-yemi-1lt\/#primaryimage"},"image":{"@id":"https:\/\/anadolupet.com.tr\/urun\/tetra-luohan-flowerhorn-balik-yemi-1lt\/#primaryimage"},"thumbnailUrl":"https:\/\/anadolupet.com.tr\/wp-content\/uploads\/2026\/02\/400-709009.jpg","datePublished":"2026-02-14T14:46:25+00:00","dateModified":"2026-02-23T16:49:20+00:00","breadcrumb":{"@id":"https:\/\/anadolupet.com.tr\/urun\/tetra-luohan-flowerhorn-balik-yemi-1lt\/#breadcrumb"},"inLanguage":"en-US","potentialAction":[{"@type":"ReadAction","target":["https:\/\/anadolupet.com.tr\/urun\/tetra-luohan-flowerhorn-balik-yemi-1lt\/"]}]},{"@type":"ImageObject","inLanguage":"en-US","@id":"https:\/\/anadolupet.com.tr\/urun\/tetra-luohan-flowerhorn-balik-yemi-1lt\/#primaryimage","url":"https:\/\/anadolupet.com.tr\/wp-content\/uploads\/2026\/02\/400-709009.jpg","contentUrl":"https:\/\/anadolupet.com.tr\/wp-content\/uploads\/2026\/02\/400-709009.jpg","width":750,"height":750},{"@type":"BreadcrumbList","@id":"https:\/\/anadolupet.com.tr\/urun\/tetra-luohan-flowerhorn-balik-yemi-1lt\/#breadcrumb","itemListElement":[{"@type":"ListItem","position":1,"name":"Anasayfa","item":"https:\/\/anadolupet.com.tr\/"},{"@type":"ListItem","position":2,"name":"\u00dcr\u00fcnler","item":"https:\/\/anadolupet.com.tr\/urunler\/"},{"@type":"ListItem","position":3,"name":"Tetra Luohan Flowerhorn Bal\u0131k Yemi &#8211; 1LT"}]},{"@type":"WebSite","@id":"https:\/\/anadolupet.com.tr\/#website","url":"https:\/\/anadolupet.com.tr\/","name":"Anadolu Pet Group","description":"We Stand Together for the Well-Being of Every Life","publisher":{"@id":"https:\/\/anadolupet.com.tr\/#organization"},"potentialAction":[{"@type":"SearchAction","target":{"@type":"EntryPoint","urlTemplate":"https:\/\/anadolupet.com.tr\/?s={search_term_string}"},"query-input":{"@type":"PropertyValueSpecification","valueRequired":true,"valueName":"search_term_string"}}],"inLanguage":"en-US"},{"@type":"Organization","@id":"https:\/\/anadolupet.com.tr\/#organization","name":"Anadolu Pet Group","alternateName":"Anadolu Pet","url":"https:\/\/anadolupet.com.tr\/","logo":{"@type":"ImageObject","inLanguage":"en-US","@id":"https:\/\/anadolupet.com.tr\/#\/schema\/logo\/image\/","url":"https:\/\/anadolupet.com.tr\/wp-content\/uploads\/2026\/03\/1614666743370.jpg","contentUrl":"https:\/\/anadolupet.com.tr\/wp-content\/uploads\/2026\/03\/1614666743370.jpg","width":800,"height":571,"caption":"Anadolu Pet Grup"},"image":{"@id":"https:\/\/anadolupet.com.tr\/#\/schema\/logo\/image\/"}}]}},"_links":{"self":[{"href":"https:\/\/anadolupet.com.tr\/en\/wp-json\/wp\/v2\/product\/46327","targetHints":{"allow":["GET"]}}],"collection":[{"href":"https:\/\/anadolupet.com.tr\/en\/wp-json\/wp\/v2\/product"}],"about":[{"href":"https:\/\/anadolupet.com.tr\/en\/wp-json\/wp\/v2\/types\/product"}],"replies":[{"embeddable":true,"href":"https:\/\/anadolupet.com.tr\/en\/wp-json\/wp\/v2\/comments?post=46327"}],"wp:featuredmedia":[{"embeddable":true,"href":"https:\/\/anadolupet.com.tr\/en\/wp-json\/wp\/v2\/media\/47086"}],"wp:attachment":[{"href":"https:\/\/anadolupet.com.tr\/en\/wp-json\/wp\/v2\/media?parent=46327"}],"wp:term":[{"taxonomy":"product_brand","embeddable":true,"href":"https:\/\/anadolupet.com.tr\/en\/wp-json\/wp\/v2\/product_brand?post=46327"},{"taxonomy":"product_cat","embeddable":true,"href":"https:\/\/anadolupet.com.tr\/en\/wp-json\/wp\/v2\/product_cat?post=46327"},{"taxonomy":"product_tag","embeddable":true,"href":"https:\/\/anadolupet.com.tr\/en\/wp-json\/wp\/v2\/product_tag?post=46327"}],"curies":[{"name":"wp","href":"https:\/\/api.w.org\/{rel}","templated":true}]}}