{"id":46329,"date":"2026-02-14T14:46:25","date_gmt":"2026-02-14T14:46:25","guid":{"rendered":"https:\/\/anadolupet.com.tr\/?post_type=product&#038;p=46329"},"modified":"2026-02-23T16:49:21","modified_gmt":"2026-02-23T16:49:21","slug":"tetra-malawi-granules-granul-bitkisel-ciclhid-balik-yemi-250ml","status":"publish","type":"product","link":"https:\/\/anadolupet.com.tr\/en\/urun\/tetra-malawi-granules-granul-bitkisel-ciclhid-balik-yemi-250ml\/","title":{"rendered":"Tetra Malawi Granules Gran\u00fcl Bitkisel Ciclhid Bal\u0131k Yemi &#8211; 250ML"},"content":{"rendered":"","protected":false},"excerpt":{"rendered":"<p>Tetra Malawi Granules, t\u00fcm ot\u00e7ul \u00e7iklitler i\u00e7in uygun yosun kar\u0131\u015f\u0131m\u0131na sahip birinci s\u0131n\u0131f gran\u00fcl bal\u0131k yemidir.<br \/>\nTetra Malawi Granules, \u00f6zellikle Mbuna grubundaki yosun yiyiciler gibi t\u00fcm ot\u00e7ul \u00e7iklitler i\u00e7in temel bir besin olarak idealdir. \u00dcst\u00fcn kaliteli kar\u0131\u015f\u0131m, spirulina (% 20), nori (% 17) ve chlorella (% 3) olmak \u00fczere \u00fc\u00e7 alg t\u00fcr\u00fcnden olu\u015fur ve \u00f6zellikle bu bal\u0131k t\u00fcr\u00fcn\u00fcn gereksinimlerine g\u00f6re uyarlanm\u0131\u015ft\u0131r.<br \/>\nDetaylar;<br \/>\n*\u00d6zellikle t\u00fcm ot\u00e7ul \u00e7iklitler i\u00e7in idealdir.<br \/>\n*Bitkisel proteinler ve \u00f6nemli besinler a\u00e7\u0131s\u0131ndan zengindir.<br \/>\n*\u00c7iklitlerin sa\u011fl\u0131kl\u0131 sindirime ve canl\u0131l\u0131\u011fa sahip olmas\u0131na yard\u0131mc\u0131 olur.<br \/>\nDozaj;<br \/>\nK\u00fc\u00e7\u00fck porsiyonlarda g\u00fcnde birka\u00e7 kez<br \/>\nMiktar;<br \/>\n250 ml<\/p>","protected":false},"featured_media":47088,"comment_status":"open","ping_status":"closed","template":"","meta":{"_acf_changed":false},"product_brand":[],"product_cat":[2418],"product_tag":[],"class_list":{"0":"post-46329","1":"product","2":"type-product","3":"status-publish","4":"has-post-thumbnail","6":"product_cat-ture-ozel-yemler","8":"first","9":"instock","10":"shipping-taxable","11":"product-type-simple"},"acf":[],"yoast_head":"<!-- This site is optimized with the Yoast SEO plugin v27.5 - https:\/\/yoast.com\/product\/yoast-seo-wordpress\/ -->\n<title>Tetra Malawi Granules Gran\u00fcl Bitkisel Ciclhid Bal\u0131k Yemi - 250ML - Anadolu Pet Grup<\/title>\n<meta name=\"robots\" content=\"index, follow, max-snippet:-1, max-image-preview:large, max-video-preview:-1\" \/>\n<link rel=\"canonical\" href=\"https:\/\/anadolupet.com.tr\/en\/product\/tetra-malawi-granules-granul-bitkisel-ciclhid-balik-yemi-250ml\/\" \/>\n<meta property=\"og:locale\" content=\"en_US\" \/>\n<meta property=\"og:type\" content=\"article\" \/>\n<meta property=\"og:title\" content=\"Tetra Malawi Granules Gran\u00fcl Bitkisel Ciclhid Bal\u0131k Yemi - 250ML - Anadolu Pet Grup\" \/>\n<meta property=\"og:description\" content=\"Tetra Malawi Granules, t\u00fcm ot\u00e7ul \u00e7iklitler i\u00e7in uygun yosun kar\u0131\u015f\u0131m\u0131na sahip birinci s\u0131n\u0131f gran\u00fcl bal\u0131k yemidir. Tetra Malawi Granules, \u00f6zellikle Mbuna grubundaki yosun yiyiciler gibi t\u00fcm ot\u00e7ul \u00e7iklitler i\u00e7in temel bir besin olarak idealdir. \u00dcst\u00fcn kaliteli kar\u0131\u015f\u0131m, spirulina (% 20), nori (% 17) ve chlorella (% 3) olmak \u00fczere \u00fc\u00e7 alg t\u00fcr\u00fcnden olu\u015fur ve \u00f6zellikle bu bal\u0131k t\u00fcr\u00fcn\u00fcn gereksinimlerine g\u00f6re uyarlanm\u0131\u015ft\u0131r. Detaylar; *\u00d6zellikle t\u00fcm ot\u00e7ul \u00e7iklitler i\u00e7in idealdir. *Bitkisel proteinler ve \u00f6nemli besinler a\u00e7\u0131s\u0131ndan zengindir. *\u00c7iklitlerin sa\u011fl\u0131kl\u0131 sindirime ve canl\u0131l\u0131\u011fa sahip olmas\u0131na yard\u0131mc\u0131 olur. Dozaj; K\u00fc\u00e7\u00fck porsiyonlarda g\u00fcnde birka\u00e7 kez Miktar; 250 ml\" \/>\n<meta property=\"og:url\" content=\"https:\/\/anadolupet.com.tr\/en\/product\/tetra-malawi-granules-granul-bitkisel-ciclhid-balik-yemi-250ml\/\" \/>\n<meta property=\"og:site_name\" content=\"Anadolu Pet Grup\" \/>\n<meta property=\"article:modified_time\" content=\"2026-02-23T16:49:21+00:00\" \/>\n<meta property=\"og:image\" content=\"https:\/\/anadolupet.com.tr\/wp-content\/uploads\/2026\/02\/400-709220.jpg\" \/>\n\t<meta property=\"og:image:width\" content=\"750\" \/>\n\t<meta property=\"og:image:height\" content=\"750\" \/>\n\t<meta property=\"og:image:type\" content=\"image\/jpeg\" \/>\n<meta name=\"twitter:card\" content=\"summary_large_image\" \/>\n<script type=\"application\/ld+json\" class=\"yoast-schema-graph\">{\"@context\":\"https:\\\/\\\/schema.org\",\"@graph\":[{\"@type\":\"WebPage\",\"@id\":\"https:\\\/\\\/anadolupet.com.tr\\\/urun\\\/tetra-malawi-granules-granul-bitkisel-ciclhid-balik-yemi-250ml\\\/\",\"url\":\"https:\\\/\\\/anadolupet.com.tr\\\/urun\\\/tetra-malawi-granules-granul-bitkisel-ciclhid-balik-yemi-250ml\\\/\",\"name\":\"Tetra Malawi Granules Gran\u00fcl Bitkisel Ciclhid Bal\u0131k Yemi - 250ML - Anadolu Pet Grup\",\"isPartOf\":{\"@id\":\"https:\\\/\\\/anadolupet.com.tr\\\/#website\"},\"primaryImageOfPage\":{\"@id\":\"https:\\\/\\\/anadolupet.com.tr\\\/urun\\\/tetra-malawi-granules-granul-bitkisel-ciclhid-balik-yemi-250ml\\\/#primaryimage\"},\"image\":{\"@id\":\"https:\\\/\\\/anadolupet.com.tr\\\/urun\\\/tetra-malawi-granules-granul-bitkisel-ciclhid-balik-yemi-250ml\\\/#primaryimage\"},\"thumbnailUrl\":\"https:\\\/\\\/anadolupet.com.tr\\\/wp-content\\\/uploads\\\/2026\\\/02\\\/400-709220.jpg\",\"datePublished\":\"2026-02-14T14:46:25+00:00\",\"dateModified\":\"2026-02-23T16:49:21+00:00\",\"breadcrumb\":{\"@id\":\"https:\\\/\\\/anadolupet.com.tr\\\/urun\\\/tetra-malawi-granules-granul-bitkisel-ciclhid-balik-yemi-250ml\\\/#breadcrumb\"},\"inLanguage\":\"en-US\",\"potentialAction\":[{\"@type\":\"ReadAction\",\"target\":[\"https:\\\/\\\/anadolupet.com.tr\\\/urun\\\/tetra-malawi-granules-granul-bitkisel-ciclhid-balik-yemi-250ml\\\/\"]}]},{\"@type\":\"ImageObject\",\"inLanguage\":\"en-US\",\"@id\":\"https:\\\/\\\/anadolupet.com.tr\\\/urun\\\/tetra-malawi-granules-granul-bitkisel-ciclhid-balik-yemi-250ml\\\/#primaryimage\",\"url\":\"https:\\\/\\\/anadolupet.com.tr\\\/wp-content\\\/uploads\\\/2026\\\/02\\\/400-709220.jpg\",\"contentUrl\":\"https:\\\/\\\/anadolupet.com.tr\\\/wp-content\\\/uploads\\\/2026\\\/02\\\/400-709220.jpg\",\"width\":750,\"height\":750},{\"@type\":\"BreadcrumbList\",\"@id\":\"https:\\\/\\\/anadolupet.com.tr\\\/urun\\\/tetra-malawi-granules-granul-bitkisel-ciclhid-balik-yemi-250ml\\\/#breadcrumb\",\"itemListElement\":[{\"@type\":\"ListItem\",\"position\":1,\"name\":\"Anasayfa\",\"item\":\"https:\\\/\\\/anadolupet.com.tr\\\/\"},{\"@type\":\"ListItem\",\"position\":2,\"name\":\"\u00dcr\u00fcnler\",\"item\":\"https:\\\/\\\/anadolupet.com.tr\\\/urunler\\\/\"},{\"@type\":\"ListItem\",\"position\":3,\"name\":\"Tetra Malawi Granules Gran\u00fcl Bitkisel Ciclhid Bal\u0131k Yemi &#8211; 250ML\"}]},{\"@type\":\"WebSite\",\"@id\":\"https:\\\/\\\/anadolupet.com.tr\\\/#website\",\"url\":\"https:\\\/\\\/anadolupet.com.tr\\\/\",\"name\":\"Anadolu Pet Grup\",\"description\":\"Her Can\u0131n \u0130yi Ya\u015fam\u0131 \u0130\u00e7in Biraraday\u0131z\",\"publisher\":{\"@id\":\"https:\\\/\\\/anadolupet.com.tr\\\/#organization\"},\"potentialAction\":[{\"@type\":\"SearchAction\",\"target\":{\"@type\":\"EntryPoint\",\"urlTemplate\":\"https:\\\/\\\/anadolupet.com.tr\\\/?s={search_term_string}\"},\"query-input\":{\"@type\":\"PropertyValueSpecification\",\"valueRequired\":true,\"valueName\":\"search_term_string\"}}],\"inLanguage\":\"en-US\"},{\"@type\":\"Organization\",\"@id\":\"https:\\\/\\\/anadolupet.com.tr\\\/#organization\",\"name\":\"Anadolu Pet Grup\",\"alternateName\":\"Anadolu Pet\",\"url\":\"https:\\\/\\\/anadolupet.com.tr\\\/\",\"logo\":{\"@type\":\"ImageObject\",\"inLanguage\":\"en-US\",\"@id\":\"https:\\\/\\\/anadolupet.com.tr\\\/#\\\/schema\\\/logo\\\/image\\\/\",\"url\":\"https:\\\/\\\/anadolupet.com.tr\\\/wp-content\\\/uploads\\\/2026\\\/03\\\/1614666743370.jpg\",\"contentUrl\":\"https:\\\/\\\/anadolupet.com.tr\\\/wp-content\\\/uploads\\\/2026\\\/03\\\/1614666743370.jpg\",\"width\":800,\"height\":571,\"caption\":\"Anadolu Pet Grup\"},\"image\":{\"@id\":\"https:\\\/\\\/anadolupet.com.tr\\\/#\\\/schema\\\/logo\\\/image\\\/\"}}]}<\/script>\n<!-- \/ Yoast SEO plugin. -->","yoast_head_json":{"title":"Tetra Malawi Granules Gran\u00fcl Bitkisel Ciclhid Bal\u0131k Yemi - 250ML - Anadolu Pet Grup","robots":{"index":"index","follow":"follow","max-snippet":"max-snippet:-1","max-image-preview":"max-image-preview:large","max-video-preview":"max-video-preview:-1"},"canonical":"https:\/\/anadolupet.com.tr\/en\/product\/tetra-malawi-granules-granul-bitkisel-ciclhid-balik-yemi-250ml\/","og_locale":"en_US","og_type":"article","og_title":"Tetra Malawi Granules Gran\u00fcl Bitkisel Ciclhid Bal\u0131k Yemi - 250ML - Anadolu Pet Grup","og_description":"Tetra Malawi Granules, t\u00fcm ot\u00e7ul \u00e7iklitler i\u00e7in uygun yosun kar\u0131\u015f\u0131m\u0131na sahip birinci s\u0131n\u0131f gran\u00fcl bal\u0131k yemidir. Tetra Malawi Granules, \u00f6zellikle Mbuna grubundaki yosun yiyiciler gibi t\u00fcm ot\u00e7ul \u00e7iklitler i\u00e7in temel bir besin olarak idealdir. \u00dcst\u00fcn kaliteli kar\u0131\u015f\u0131m, spirulina (% 20), nori (% 17) ve chlorella (% 3) olmak \u00fczere \u00fc\u00e7 alg t\u00fcr\u00fcnden olu\u015fur ve \u00f6zellikle bu bal\u0131k t\u00fcr\u00fcn\u00fcn gereksinimlerine g\u00f6re uyarlanm\u0131\u015ft\u0131r. Detaylar; *\u00d6zellikle t\u00fcm ot\u00e7ul \u00e7iklitler i\u00e7in idealdir. *Bitkisel proteinler ve \u00f6nemli besinler a\u00e7\u0131s\u0131ndan zengindir. *\u00c7iklitlerin sa\u011fl\u0131kl\u0131 sindirime ve canl\u0131l\u0131\u011fa sahip olmas\u0131na yard\u0131mc\u0131 olur. Dozaj; K\u00fc\u00e7\u00fck porsiyonlarda g\u00fcnde birka\u00e7 kez Miktar; 250 ml","og_url":"https:\/\/anadolupet.com.tr\/en\/product\/tetra-malawi-granules-granul-bitkisel-ciclhid-balik-yemi-250ml\/","og_site_name":"Anadolu Pet Grup","article_modified_time":"2026-02-23T16:49:21+00:00","og_image":[{"width":750,"height":750,"url":"https:\/\/anadolupet.com.tr\/wp-content\/uploads\/2026\/02\/400-709220.jpg","type":"image\/jpeg"}],"twitter_card":"summary_large_image","schema":{"@context":"https:\/\/schema.org","@graph":[{"@type":"WebPage","@id":"https:\/\/anadolupet.com.tr\/urun\/tetra-malawi-granules-granul-bitkisel-ciclhid-balik-yemi-250ml\/","url":"https:\/\/anadolupet.com.tr\/urun\/tetra-malawi-granules-granul-bitkisel-ciclhid-balik-yemi-250ml\/","name":"Tetra Malawi Granules Gran\u00fcl Bitkisel Ciclhid Bal\u0131k Yemi - 250ML - Anadolu Pet Grup","isPartOf":{"@id":"https:\/\/anadolupet.com.tr\/#website"},"primaryImageOfPage":{"@id":"https:\/\/anadolupet.com.tr\/urun\/tetra-malawi-granules-granul-bitkisel-ciclhid-balik-yemi-250ml\/#primaryimage"},"image":{"@id":"https:\/\/anadolupet.com.tr\/urun\/tetra-malawi-granules-granul-bitkisel-ciclhid-balik-yemi-250ml\/#primaryimage"},"thumbnailUrl":"https:\/\/anadolupet.com.tr\/wp-content\/uploads\/2026\/02\/400-709220.jpg","datePublished":"2026-02-14T14:46:25+00:00","dateModified":"2026-02-23T16:49:21+00:00","breadcrumb":{"@id":"https:\/\/anadolupet.com.tr\/urun\/tetra-malawi-granules-granul-bitkisel-ciclhid-balik-yemi-250ml\/#breadcrumb"},"inLanguage":"en-US","potentialAction":[{"@type":"ReadAction","target":["https:\/\/anadolupet.com.tr\/urun\/tetra-malawi-granules-granul-bitkisel-ciclhid-balik-yemi-250ml\/"]}]},{"@type":"ImageObject","inLanguage":"en-US","@id":"https:\/\/anadolupet.com.tr\/urun\/tetra-malawi-granules-granul-bitkisel-ciclhid-balik-yemi-250ml\/#primaryimage","url":"https:\/\/anadolupet.com.tr\/wp-content\/uploads\/2026\/02\/400-709220.jpg","contentUrl":"https:\/\/anadolupet.com.tr\/wp-content\/uploads\/2026\/02\/400-709220.jpg","width":750,"height":750},{"@type":"BreadcrumbList","@id":"https:\/\/anadolupet.com.tr\/urun\/tetra-malawi-granules-granul-bitkisel-ciclhid-balik-yemi-250ml\/#breadcrumb","itemListElement":[{"@type":"ListItem","position":1,"name":"Anasayfa","item":"https:\/\/anadolupet.com.tr\/"},{"@type":"ListItem","position":2,"name":"\u00dcr\u00fcnler","item":"https:\/\/anadolupet.com.tr\/urunler\/"},{"@type":"ListItem","position":3,"name":"Tetra Malawi Granules Gran\u00fcl Bitkisel Ciclhid Bal\u0131k Yemi &#8211; 250ML"}]},{"@type":"WebSite","@id":"https:\/\/anadolupet.com.tr\/#website","url":"https:\/\/anadolupet.com.tr\/","name":"Anadolu Pet Group","description":"We Stand Together for the Well-Being of Every Life","publisher":{"@id":"https:\/\/anadolupet.com.tr\/#organization"},"potentialAction":[{"@type":"SearchAction","target":{"@type":"EntryPoint","urlTemplate":"https:\/\/anadolupet.com.tr\/?s={search_term_string}"},"query-input":{"@type":"PropertyValueSpecification","valueRequired":true,"valueName":"search_term_string"}}],"inLanguage":"en-US"},{"@type":"Organization","@id":"https:\/\/anadolupet.com.tr\/#organization","name":"Anadolu Pet Group","alternateName":"Anadolu Pet","url":"https:\/\/anadolupet.com.tr\/","logo":{"@type":"ImageObject","inLanguage":"en-US","@id":"https:\/\/anadolupet.com.tr\/#\/schema\/logo\/image\/","url":"https:\/\/anadolupet.com.tr\/wp-content\/uploads\/2026\/03\/1614666743370.jpg","contentUrl":"https:\/\/anadolupet.com.tr\/wp-content\/uploads\/2026\/03\/1614666743370.jpg","width":800,"height":571,"caption":"Anadolu Pet Grup"},"image":{"@id":"https:\/\/anadolupet.com.tr\/#\/schema\/logo\/image\/"}}]}},"_links":{"self":[{"href":"https:\/\/anadolupet.com.tr\/en\/wp-json\/wp\/v2\/product\/46329","targetHints":{"allow":["GET"]}}],"collection":[{"href":"https:\/\/anadolupet.com.tr\/en\/wp-json\/wp\/v2\/product"}],"about":[{"href":"https:\/\/anadolupet.com.tr\/en\/wp-json\/wp\/v2\/types\/product"}],"replies":[{"embeddable":true,"href":"https:\/\/anadolupet.com.tr\/en\/wp-json\/wp\/v2\/comments?post=46329"}],"wp:featuredmedia":[{"embeddable":true,"href":"https:\/\/anadolupet.com.tr\/en\/wp-json\/wp\/v2\/media\/47088"}],"wp:attachment":[{"href":"https:\/\/anadolupet.com.tr\/en\/wp-json\/wp\/v2\/media?parent=46329"}],"wp:term":[{"taxonomy":"product_brand","embeddable":true,"href":"https:\/\/anadolupet.com.tr\/en\/wp-json\/wp\/v2\/product_brand?post=46329"},{"taxonomy":"product_cat","embeddable":true,"href":"https:\/\/anadolupet.com.tr\/en\/wp-json\/wp\/v2\/product_cat?post=46329"},{"taxonomy":"product_tag","embeddable":true,"href":"https:\/\/anadolupet.com.tr\/en\/wp-json\/wp\/v2\/product_tag?post=46329"}],"curies":[{"name":"wp","href":"https:\/\/api.w.org\/{rel}","templated":true}]}}