{"id":46330,"date":"2026-02-14T14:46:25","date_gmt":"2026-02-14T14:46:25","guid":{"rendered":"https:\/\/anadolupet.com.tr\/?post_type=product&#038;p=46330"},"modified":"2026-02-23T16:49:21","modified_gmt":"2026-02-23T16:49:21","slug":"tetra-menu-food-mix-balik-yemi-100ml","status":"publish","type":"product","link":"https:\/\/anadolupet.com.tr\/en\/urun\/tetra-menu-food-mix-balik-yemi-100ml\/","title":{"rendered":"Tetra Menu Food M\u0131x Bal\u0131k Yemi 100ML"},"content":{"rendered":"","protected":false},"excerpt":{"rendered":"<p>TetraMin Menu Foodmix, t\u00fcm tropikal bal\u0131klar i\u00e7in \u00e7e\u015fitli ve dengeli bir diyet ad\u0131na d\u00f6rt farkl\u0131 t\u00fcrde pul i\u00e7erir. D\u00f6rt farkl\u0131 t\u00fcr pul ayr\u0131 ayr\u0131 paketlenir. Bu, men\u00fcde ne oldu\u011funa karar vermenizi sa\u011flar. Bio-Active form\u00fcl, bal\u0131klar\u0131n\u0131z\u0131n sa\u011fl\u0131\u011f\u0131n\u0131 en iyi \u015fekilde desteklemek i\u00e7in enerji bile\u015fenleri ve gerekli vitaminlerin bir kombinasyonudur. B\u00fcy\u00fcme ve geli\u015fmeyi \u00e7abukla\u015ft\u0131r\u0131r. *K\u0131rm\u0131z\u0131 pullar, daha yo\u011fun renkler i\u00e7in do\u011fal renk geli\u015ftiriciler i\u00e7erir.<br \/>\n*Sar\u0131 pullar, genel sa\u011fl\u0131\u011f\u0131 desteklemek i\u00e7in optimal bir protein ve ya\u011f dengesi i\u00e7erir.<br \/>\n*Kahverengi pullar, daha iyi bir ba\u011f\u0131\u015f\u0131kl\u0131k sistemi i\u00e7in vitamin ve mineral kombinasyonu i\u00e7erir.<br \/>\n*Ye\u015fil pullar, canl\u0131l\u0131k i\u00e7in gerekli bitkisel besinleri i\u00e7erir.<br \/>\nEnerji, geli\u015fme, canl\u0131l\u0131k ve bitkisel yem se\u00e7enekleri aras\u0131nda farkl\u0131 bir tercih sunar. Tetra Foodmix, Stabilize C vitamini i\u00e7erir. Suyu buland\u0131rmaz.<br \/>\n\u0130\u00e7eri\u011fi;<br \/>\nBal\u0131k ve bal\u0131k \u00fcr\u00fcnleri, tah\u0131llar, maya, yumu\u015fak ve sert kabuklu deniz \u00fcr\u00fcnleri, bitkisel protein ekstrakt\u0131, ya\u011f, deniz yosunu, \u015feker, lesitin, do\u011fal renklendiriciler ve koruyucular.<br \/>\nDozaj;<br \/>\nG\u00fcnde 2 &#8211; 3 kez canl\u0131lar\u0131n k\u0131sa bir s\u00fcre i\u00e7erisinde t\u00fcketebilece\u011fi k\u00fc\u00e7\u00fck porsiyonlar halinde verilmesi tavsiye edilir.<br \/>\nMiktar;<br \/>\n100 ml<\/p>","protected":false},"featured_media":47113,"comment_status":"open","ping_status":"closed","template":"","meta":{"_acf_changed":false},"product_brand":[],"product_cat":[2388],"product_tag":[],"class_list":{"0":"post-46330","1":"product","2":"type-product","3":"status-publish","4":"has-post-thumbnail","6":"product_cat-genel-yemler","8":"first","9":"instock","10":"shipping-taxable","11":"product-type-simple"},"acf":[],"yoast_head":"<!-- This site is optimized with the Yoast SEO plugin v27.4 - https:\/\/yoast.com\/product\/yoast-seo-wordpress\/ -->\n<title>Tetra Menu Food M\u0131x Bal\u0131k Yemi 100ML - Anadolu Pet Grup<\/title>\n<meta name=\"robots\" content=\"index, follow, max-snippet:-1, max-image-preview:large, max-video-preview:-1\" \/>\n<link rel=\"canonical\" href=\"https:\/\/anadolupet.com.tr\/en\/product\/tetra-menu-food-mix-balik-yemi-100ml\/\" \/>\n<meta property=\"og:locale\" content=\"en_US\" \/>\n<meta property=\"og:type\" content=\"article\" \/>\n<meta property=\"og:title\" content=\"Tetra Menu Food M\u0131x Bal\u0131k Yemi 100ML - Anadolu Pet Grup\" \/>\n<meta property=\"og:description\" content=\"TetraMin Menu Foodmix, t\u00fcm tropikal bal\u0131klar i\u00e7in \u00e7e\u015fitli ve dengeli bir diyet ad\u0131na d\u00f6rt farkl\u0131 t\u00fcrde pul i\u00e7erir. D\u00f6rt farkl\u0131 t\u00fcr pul ayr\u0131 ayr\u0131 paketlenir. Bu, men\u00fcde ne oldu\u011funa karar vermenizi sa\u011flar. Bio-Active form\u00fcl, bal\u0131klar\u0131n\u0131z\u0131n sa\u011fl\u0131\u011f\u0131n\u0131 en iyi \u015fekilde desteklemek i\u00e7in enerji bile\u015fenleri ve gerekli vitaminlerin bir kombinasyonudur. B\u00fcy\u00fcme ve geli\u015fmeyi \u00e7abukla\u015ft\u0131r\u0131r. *K\u0131rm\u0131z\u0131 pullar, daha yo\u011fun renkler i\u00e7in do\u011fal renk geli\u015ftiriciler i\u00e7erir. *Sar\u0131 pullar, genel sa\u011fl\u0131\u011f\u0131 desteklemek i\u00e7in optimal bir protein ve ya\u011f dengesi i\u00e7erir. *Kahverengi pullar, daha iyi bir ba\u011f\u0131\u015f\u0131kl\u0131k sistemi i\u00e7in vitamin ve mineral kombinasyonu i\u00e7erir. *Ye\u015fil pullar, canl\u0131l\u0131k i\u00e7in gerekli bitkisel besinleri i\u00e7erir. Enerji, geli\u015fme, canl\u0131l\u0131k ve bitkisel yem se\u00e7enekleri aras\u0131nda farkl\u0131 bir tercih sunar. Tetra Foodmix, Stabilize C vitamini i\u00e7erir. Suyu buland\u0131rmaz. \u0130\u00e7eri\u011fi; Bal\u0131k ve bal\u0131k \u00fcr\u00fcnleri, tah\u0131llar, maya, yumu\u015fak ve sert kabuklu deniz \u00fcr\u00fcnleri, bitkisel protein ekstrakt\u0131, ya\u011f, deniz yosunu, \u015feker, lesitin, do\u011fal renklendiriciler ve koruyucular. Dozaj; G\u00fcnde 2 - 3 kez canl\u0131lar\u0131n k\u0131sa bir s\u00fcre i\u00e7erisinde t\u00fcketebilece\u011fi k\u00fc\u00e7\u00fck porsiyonlar halinde verilmesi tavsiye edilir. Miktar; 100 ml\" \/>\n<meta property=\"og:url\" content=\"https:\/\/anadolupet.com.tr\/en\/product\/tetra-menu-food-mix-balik-yemi-100ml\/\" \/>\n<meta property=\"og:site_name\" content=\"Anadolu Pet Grup\" \/>\n<meta property=\"article:modified_time\" content=\"2026-02-23T16:49:21+00:00\" \/>\n<meta property=\"og:image\" content=\"https:\/\/anadolupet.com.tr\/wp-content\/uploads\/2026\/02\/400-721500.jpg\" \/>\n\t<meta property=\"og:image:width\" content=\"750\" \/>\n\t<meta property=\"og:image:height\" content=\"750\" \/>\n\t<meta property=\"og:image:type\" content=\"image\/jpeg\" \/>\n<meta name=\"twitter:card\" content=\"summary_large_image\" \/>\n<script type=\"application\/ld+json\" class=\"yoast-schema-graph\">{\"@context\":\"https:\\\/\\\/schema.org\",\"@graph\":[{\"@type\":\"WebPage\",\"@id\":\"https:\\\/\\\/anadolupet.com.tr\\\/urun\\\/tetra-menu-food-mix-balik-yemi-100ml\\\/\",\"url\":\"https:\\\/\\\/anadolupet.com.tr\\\/urun\\\/tetra-menu-food-mix-balik-yemi-100ml\\\/\",\"name\":\"Tetra Menu Food M\u0131x Bal\u0131k Yemi 100ML - Anadolu Pet Grup\",\"isPartOf\":{\"@id\":\"https:\\\/\\\/anadolupet.com.tr\\\/#website\"},\"primaryImageOfPage\":{\"@id\":\"https:\\\/\\\/anadolupet.com.tr\\\/urun\\\/tetra-menu-food-mix-balik-yemi-100ml\\\/#primaryimage\"},\"image\":{\"@id\":\"https:\\\/\\\/anadolupet.com.tr\\\/urun\\\/tetra-menu-food-mix-balik-yemi-100ml\\\/#primaryimage\"},\"thumbnailUrl\":\"https:\\\/\\\/anadolupet.com.tr\\\/wp-content\\\/uploads\\\/2026\\\/02\\\/400-721500.jpg\",\"datePublished\":\"2026-02-14T14:46:25+00:00\",\"dateModified\":\"2026-02-23T16:49:21+00:00\",\"breadcrumb\":{\"@id\":\"https:\\\/\\\/anadolupet.com.tr\\\/urun\\\/tetra-menu-food-mix-balik-yemi-100ml\\\/#breadcrumb\"},\"inLanguage\":\"en-US\",\"potentialAction\":[{\"@type\":\"ReadAction\",\"target\":[\"https:\\\/\\\/anadolupet.com.tr\\\/urun\\\/tetra-menu-food-mix-balik-yemi-100ml\\\/\"]}]},{\"@type\":\"ImageObject\",\"inLanguage\":\"en-US\",\"@id\":\"https:\\\/\\\/anadolupet.com.tr\\\/urun\\\/tetra-menu-food-mix-balik-yemi-100ml\\\/#primaryimage\",\"url\":\"https:\\\/\\\/anadolupet.com.tr\\\/wp-content\\\/uploads\\\/2026\\\/02\\\/400-721500.jpg\",\"contentUrl\":\"https:\\\/\\\/anadolupet.com.tr\\\/wp-content\\\/uploads\\\/2026\\\/02\\\/400-721500.jpg\",\"width\":750,\"height\":750},{\"@type\":\"BreadcrumbList\",\"@id\":\"https:\\\/\\\/anadolupet.com.tr\\\/urun\\\/tetra-menu-food-mix-balik-yemi-100ml\\\/#breadcrumb\",\"itemListElement\":[{\"@type\":\"ListItem\",\"position\":1,\"name\":\"Anasayfa\",\"item\":\"https:\\\/\\\/anadolupet.com.tr\\\/\"},{\"@type\":\"ListItem\",\"position\":2,\"name\":\"\u00dcr\u00fcnler\",\"item\":\"https:\\\/\\\/anadolupet.com.tr\\\/urunler\\\/\"},{\"@type\":\"ListItem\",\"position\":3,\"name\":\"Tetra Menu Food M\u0131x Bal\u0131k Yemi 100ML\"}]},{\"@type\":\"WebSite\",\"@id\":\"https:\\\/\\\/anadolupet.com.tr\\\/#website\",\"url\":\"https:\\\/\\\/anadolupet.com.tr\\\/\",\"name\":\"Anadolu Pet Grup\",\"description\":\"Her Can\u0131n \u0130yi Ya\u015fam\u0131 \u0130\u00e7in Biraraday\u0131z\",\"publisher\":{\"@id\":\"https:\\\/\\\/anadolupet.com.tr\\\/#organization\"},\"potentialAction\":[{\"@type\":\"SearchAction\",\"target\":{\"@type\":\"EntryPoint\",\"urlTemplate\":\"https:\\\/\\\/anadolupet.com.tr\\\/?s={search_term_string}\"},\"query-input\":{\"@type\":\"PropertyValueSpecification\",\"valueRequired\":true,\"valueName\":\"search_term_string\"}}],\"inLanguage\":\"en-US\"},{\"@type\":\"Organization\",\"@id\":\"https:\\\/\\\/anadolupet.com.tr\\\/#organization\",\"name\":\"Anadolu Pet Grup\",\"alternateName\":\"Anadolu Pet\",\"url\":\"https:\\\/\\\/anadolupet.com.tr\\\/\",\"logo\":{\"@type\":\"ImageObject\",\"inLanguage\":\"en-US\",\"@id\":\"https:\\\/\\\/anadolupet.com.tr\\\/#\\\/schema\\\/logo\\\/image\\\/\",\"url\":\"https:\\\/\\\/anadolupet.com.tr\\\/wp-content\\\/uploads\\\/2026\\\/03\\\/1614666743370.jpg\",\"contentUrl\":\"https:\\\/\\\/anadolupet.com.tr\\\/wp-content\\\/uploads\\\/2026\\\/03\\\/1614666743370.jpg\",\"width\":800,\"height\":571,\"caption\":\"Anadolu Pet Grup\"},\"image\":{\"@id\":\"https:\\\/\\\/anadolupet.com.tr\\\/#\\\/schema\\\/logo\\\/image\\\/\"}}]}<\/script>\n<!-- \/ Yoast SEO plugin. -->","yoast_head_json":{"title":"Tetra Menu Food M\u0131x Bal\u0131k Yemi 100ML - Anadolu Pet Grup","robots":{"index":"index","follow":"follow","max-snippet":"max-snippet:-1","max-image-preview":"max-image-preview:large","max-video-preview":"max-video-preview:-1"},"canonical":"https:\/\/anadolupet.com.tr\/en\/product\/tetra-menu-food-mix-balik-yemi-100ml\/","og_locale":"en_US","og_type":"article","og_title":"Tetra Menu Food M\u0131x Bal\u0131k Yemi 100ML - Anadolu Pet Grup","og_description":"TetraMin Menu Foodmix, t\u00fcm tropikal bal\u0131klar i\u00e7in \u00e7e\u015fitli ve dengeli bir diyet ad\u0131na d\u00f6rt farkl\u0131 t\u00fcrde pul i\u00e7erir. D\u00f6rt farkl\u0131 t\u00fcr pul ayr\u0131 ayr\u0131 paketlenir. Bu, men\u00fcde ne oldu\u011funa karar vermenizi sa\u011flar. Bio-Active form\u00fcl, bal\u0131klar\u0131n\u0131z\u0131n sa\u011fl\u0131\u011f\u0131n\u0131 en iyi \u015fekilde desteklemek i\u00e7in enerji bile\u015fenleri ve gerekli vitaminlerin bir kombinasyonudur. B\u00fcy\u00fcme ve geli\u015fmeyi \u00e7abukla\u015ft\u0131r\u0131r. *K\u0131rm\u0131z\u0131 pullar, daha yo\u011fun renkler i\u00e7in do\u011fal renk geli\u015ftiriciler i\u00e7erir. *Sar\u0131 pullar, genel sa\u011fl\u0131\u011f\u0131 desteklemek i\u00e7in optimal bir protein ve ya\u011f dengesi i\u00e7erir. *Kahverengi pullar, daha iyi bir ba\u011f\u0131\u015f\u0131kl\u0131k sistemi i\u00e7in vitamin ve mineral kombinasyonu i\u00e7erir. *Ye\u015fil pullar, canl\u0131l\u0131k i\u00e7in gerekli bitkisel besinleri i\u00e7erir. Enerji, geli\u015fme, canl\u0131l\u0131k ve bitkisel yem se\u00e7enekleri aras\u0131nda farkl\u0131 bir tercih sunar. Tetra Foodmix, Stabilize C vitamini i\u00e7erir. Suyu buland\u0131rmaz. \u0130\u00e7eri\u011fi; Bal\u0131k ve bal\u0131k \u00fcr\u00fcnleri, tah\u0131llar, maya, yumu\u015fak ve sert kabuklu deniz \u00fcr\u00fcnleri, bitkisel protein ekstrakt\u0131, ya\u011f, deniz yosunu, \u015feker, lesitin, do\u011fal renklendiriciler ve koruyucular. Dozaj; G\u00fcnde 2 - 3 kez canl\u0131lar\u0131n k\u0131sa bir s\u00fcre i\u00e7erisinde t\u00fcketebilece\u011fi k\u00fc\u00e7\u00fck porsiyonlar halinde verilmesi tavsiye edilir. Miktar; 100 ml","og_url":"https:\/\/anadolupet.com.tr\/en\/product\/tetra-menu-food-mix-balik-yemi-100ml\/","og_site_name":"Anadolu Pet Grup","article_modified_time":"2026-02-23T16:49:21+00:00","og_image":[{"width":750,"height":750,"url":"https:\/\/anadolupet.com.tr\/wp-content\/uploads\/2026\/02\/400-721500.jpg","type":"image\/jpeg"}],"twitter_card":"summary_large_image","schema":{"@context":"https:\/\/schema.org","@graph":[{"@type":"WebPage","@id":"https:\/\/anadolupet.com.tr\/urun\/tetra-menu-food-mix-balik-yemi-100ml\/","url":"https:\/\/anadolupet.com.tr\/urun\/tetra-menu-food-mix-balik-yemi-100ml\/","name":"Tetra Menu Food M\u0131x Bal\u0131k Yemi 100ML - Anadolu Pet Grup","isPartOf":{"@id":"https:\/\/anadolupet.com.tr\/#website"},"primaryImageOfPage":{"@id":"https:\/\/anadolupet.com.tr\/urun\/tetra-menu-food-mix-balik-yemi-100ml\/#primaryimage"},"image":{"@id":"https:\/\/anadolupet.com.tr\/urun\/tetra-menu-food-mix-balik-yemi-100ml\/#primaryimage"},"thumbnailUrl":"https:\/\/anadolupet.com.tr\/wp-content\/uploads\/2026\/02\/400-721500.jpg","datePublished":"2026-02-14T14:46:25+00:00","dateModified":"2026-02-23T16:49:21+00:00","breadcrumb":{"@id":"https:\/\/anadolupet.com.tr\/urun\/tetra-menu-food-mix-balik-yemi-100ml\/#breadcrumb"},"inLanguage":"en-US","potentialAction":[{"@type":"ReadAction","target":["https:\/\/anadolupet.com.tr\/urun\/tetra-menu-food-mix-balik-yemi-100ml\/"]}]},{"@type":"ImageObject","inLanguage":"en-US","@id":"https:\/\/anadolupet.com.tr\/urun\/tetra-menu-food-mix-balik-yemi-100ml\/#primaryimage","url":"https:\/\/anadolupet.com.tr\/wp-content\/uploads\/2026\/02\/400-721500.jpg","contentUrl":"https:\/\/anadolupet.com.tr\/wp-content\/uploads\/2026\/02\/400-721500.jpg","width":750,"height":750},{"@type":"BreadcrumbList","@id":"https:\/\/anadolupet.com.tr\/urun\/tetra-menu-food-mix-balik-yemi-100ml\/#breadcrumb","itemListElement":[{"@type":"ListItem","position":1,"name":"Anasayfa","item":"https:\/\/anadolupet.com.tr\/"},{"@type":"ListItem","position":2,"name":"\u00dcr\u00fcnler","item":"https:\/\/anadolupet.com.tr\/urunler\/"},{"@type":"ListItem","position":3,"name":"Tetra Menu Food M\u0131x Bal\u0131k Yemi 100ML"}]},{"@type":"WebSite","@id":"https:\/\/anadolupet.com.tr\/#website","url":"https:\/\/anadolupet.com.tr\/","name":"Anadolu Pet Group","description":"We Stand Together for the Well-Being of Every Life","publisher":{"@id":"https:\/\/anadolupet.com.tr\/#organization"},"potentialAction":[{"@type":"SearchAction","target":{"@type":"EntryPoint","urlTemplate":"https:\/\/anadolupet.com.tr\/?s={search_term_string}"},"query-input":{"@type":"PropertyValueSpecification","valueRequired":true,"valueName":"search_term_string"}}],"inLanguage":"en-US"},{"@type":"Organization","@id":"https:\/\/anadolupet.com.tr\/#organization","name":"Anadolu Pet Group","alternateName":"Anadolu Pet","url":"https:\/\/anadolupet.com.tr\/","logo":{"@type":"ImageObject","inLanguage":"en-US","@id":"https:\/\/anadolupet.com.tr\/#\/schema\/logo\/image\/","url":"https:\/\/anadolupet.com.tr\/wp-content\/uploads\/2026\/03\/1614666743370.jpg","contentUrl":"https:\/\/anadolupet.com.tr\/wp-content\/uploads\/2026\/03\/1614666743370.jpg","width":800,"height":571,"caption":"Anadolu Pet Grup"},"image":{"@id":"https:\/\/anadolupet.com.tr\/#\/schema\/logo\/image\/"}}]}},"_links":{"self":[{"href":"https:\/\/anadolupet.com.tr\/en\/wp-json\/wp\/v2\/product\/46330","targetHints":{"allow":["GET"]}}],"collection":[{"href":"https:\/\/anadolupet.com.tr\/en\/wp-json\/wp\/v2\/product"}],"about":[{"href":"https:\/\/anadolupet.com.tr\/en\/wp-json\/wp\/v2\/types\/product"}],"replies":[{"embeddable":true,"href":"https:\/\/anadolupet.com.tr\/en\/wp-json\/wp\/v2\/comments?post=46330"}],"wp:featuredmedia":[{"embeddable":true,"href":"https:\/\/anadolupet.com.tr\/en\/wp-json\/wp\/v2\/media\/47113"}],"wp:attachment":[{"href":"https:\/\/anadolupet.com.tr\/en\/wp-json\/wp\/v2\/media?parent=46330"}],"wp:term":[{"taxonomy":"product_brand","embeddable":true,"href":"https:\/\/anadolupet.com.tr\/en\/wp-json\/wp\/v2\/product_brand?post=46330"},{"taxonomy":"product_cat","embeddable":true,"href":"https:\/\/anadolupet.com.tr\/en\/wp-json\/wp\/v2\/product_cat?post=46330"},{"taxonomy":"product_tag","embeddable":true,"href":"https:\/\/anadolupet.com.tr\/en\/wp-json\/wp\/v2\/product_tag?post=46330"}],"curies":[{"name":"wp","href":"https:\/\/api.w.org\/{rel}","templated":true}]}}