{"id":46331,"date":"2026-02-14T14:46:25","date_gmt":"2026-02-14T14:46:25","guid":{"rendered":"https:\/\/anadolupet.com.tr\/?post_type=product&#038;p=46331"},"modified":"2026-02-23T16:49:21","modified_gmt":"2026-02-23T16:49:21","slug":"tetra-micro-crisps-cips-mikro-tropikal-balik-yemi-100ml","status":"publish","type":"product","link":"https:\/\/anadolupet.com.tr\/en\/urun\/tetra-micro-crisps-cips-mikro-tropikal-balik-yemi-100ml\/","title":{"rendered":"Tetra Micro Crisps Cips Mikro Tropikal Bal\u0131k Yemi &#8211; 100ML"},"content":{"rendered":"","protected":false},"excerpt":{"rendered":"<p>Tetra Micro Crisps, k\u00fc\u00e7\u00fck s\u00fcs bal\u0131klar\u0131 i\u00e7in \u00e7\u0131t\u0131r bal\u0131k yemi. Y\u00fczen ve yava\u015f yava\u015f batan 1,7 ila 2,5 mm \u00e7ap\u0131ndaki ekstra k\u00fc\u00e7\u00fck bal\u0131k yemleri.<br \/>\nTetra Micro Crisps, k\u00fc\u00e7\u00fck s\u00fcs bal\u0131klar\u0131n\u0131n \u00f6zel gereklilikleri i\u00e7in birinci s\u0131n\u0131f besinlere sahip ideal yemdir. Bitki ve hayvansal i\u00e7erikli bile\u015fenler i\u00e7eren dengeli form\u00fcl\u00fc sayesinde bal\u0131\u011f\u0131n\u0131z\u0131n sa\u011fl\u0131kl\u0131 geli\u015fimini sa\u011flar. K\u0131rm\u0131z\u0131 cipsler renk canl\u0131l\u0131\u011f\u0131n\u0131 artt\u0131rmak i\u00e7in karotenoidler i\u00e7erir. Ye\u015fil cipsler sa\u011fl\u0131k ve zindelik i\u00e7in bitki bazl\u0131 bile\u015fenler i\u00e7erir. K\u00fc\u00e7\u00fck cipsler h\u0131zla yumu\u015far, b\u00f6ylece bal\u0131klar onlar\u0131 kolayca yiyebilir. Y\u00fcksek oranda sindirilebilir olmas\u0131 sayesinde suyu temiz tutmaya yard\u0131mc\u0131 olur. Tetra Micro Crisps t\u00fcm k\u00fc\u00e7\u00fck s\u00fcs bal\u0131klar\u0131n\u0131n yan\u0131 s\u0131ra gen\u00e7, b\u00fcy\u00fcyen \u00e7iklitler ve deniz bal\u0131klar\u0131 i\u00e7in ideal bir besindir.<br \/>\nDozaj;<br \/>\nK\u00fc\u00e7\u00fck miktarlarda g\u00fcnde birka\u00e7 kez besleyin.<br \/>\nMiktar;<br \/>\n100 ml<\/p>","protected":false},"featured_media":47097,"comment_status":"open","ping_status":"closed","template":"","meta":{"_acf_changed":false},"product_brand":[],"product_cat":[2388],"product_tag":[],"class_list":{"0":"post-46331","1":"product","2":"type-product","3":"status-publish","4":"has-post-thumbnail","6":"product_cat-genel-yemler","8":"first","9":"instock","10":"shipping-taxable","11":"product-type-simple"},"acf":[],"yoast_head":"<!-- This site is optimized with the Yoast SEO plugin v27.4 - https:\/\/yoast.com\/product\/yoast-seo-wordpress\/ -->\n<title>Tetra Micro Crisps Cips Mikro Tropikal Bal\u0131k Yemi - 100ML - Anadolu Pet Grup<\/title>\n<meta name=\"robots\" content=\"index, follow, max-snippet:-1, max-image-preview:large, max-video-preview:-1\" \/>\n<link rel=\"canonical\" href=\"https:\/\/anadolupet.com.tr\/en\/product\/tetra-micro-crisps-cips-mikro-tropikal-balik-yemi-100ml\/\" \/>\n<meta property=\"og:locale\" content=\"en_US\" \/>\n<meta property=\"og:type\" content=\"article\" \/>\n<meta property=\"og:title\" content=\"Tetra Micro Crisps Cips Mikro Tropikal Bal\u0131k Yemi - 100ML - Anadolu Pet Grup\" \/>\n<meta property=\"og:description\" content=\"Tetra Micro Crisps, k\u00fc\u00e7\u00fck s\u00fcs bal\u0131klar\u0131 i\u00e7in \u00e7\u0131t\u0131r bal\u0131k yemi. Y\u00fczen ve yava\u015f yava\u015f batan 1,7 ila 2,5 mm \u00e7ap\u0131ndaki ekstra k\u00fc\u00e7\u00fck bal\u0131k yemleri. Tetra Micro Crisps, k\u00fc\u00e7\u00fck s\u00fcs bal\u0131klar\u0131n\u0131n \u00f6zel gereklilikleri i\u00e7in birinci s\u0131n\u0131f besinlere sahip ideal yemdir. Bitki ve hayvansal i\u00e7erikli bile\u015fenler i\u00e7eren dengeli form\u00fcl\u00fc sayesinde bal\u0131\u011f\u0131n\u0131z\u0131n sa\u011fl\u0131kl\u0131 geli\u015fimini sa\u011flar. K\u0131rm\u0131z\u0131 cipsler renk canl\u0131l\u0131\u011f\u0131n\u0131 artt\u0131rmak i\u00e7in karotenoidler i\u00e7erir. Ye\u015fil cipsler sa\u011fl\u0131k ve zindelik i\u00e7in bitki bazl\u0131 bile\u015fenler i\u00e7erir. K\u00fc\u00e7\u00fck cipsler h\u0131zla yumu\u015far, b\u00f6ylece bal\u0131klar onlar\u0131 kolayca yiyebilir. Y\u00fcksek oranda sindirilebilir olmas\u0131 sayesinde suyu temiz tutmaya yard\u0131mc\u0131 olur. Tetra Micro Crisps t\u00fcm k\u00fc\u00e7\u00fck s\u00fcs bal\u0131klar\u0131n\u0131n yan\u0131 s\u0131ra gen\u00e7, b\u00fcy\u00fcyen \u00e7iklitler ve deniz bal\u0131klar\u0131 i\u00e7in ideal bir besindir. Dozaj; K\u00fc\u00e7\u00fck miktarlarda g\u00fcnde birka\u00e7 kez besleyin. Miktar; 100 ml\" \/>\n<meta property=\"og:url\" content=\"https:\/\/anadolupet.com.tr\/en\/product\/tetra-micro-crisps-cips-mikro-tropikal-balik-yemi-100ml\/\" \/>\n<meta property=\"og:site_name\" content=\"Anadolu Pet Grup\" \/>\n<meta property=\"article:modified_time\" content=\"2026-02-23T16:49:21+00:00\" \/>\n<meta property=\"og:image\" content=\"https:\/\/anadolupet.com.tr\/wp-content\/uploads\/2026\/02\/400-710340.jpg\" \/>\n\t<meta property=\"og:image:width\" content=\"750\" \/>\n\t<meta property=\"og:image:height\" content=\"750\" \/>\n\t<meta property=\"og:image:type\" content=\"image\/jpeg\" \/>\n<meta name=\"twitter:card\" content=\"summary_large_image\" \/>\n<script type=\"application\/ld+json\" class=\"yoast-schema-graph\">{\"@context\":\"https:\\\/\\\/schema.org\",\"@graph\":[{\"@type\":\"WebPage\",\"@id\":\"https:\\\/\\\/anadolupet.com.tr\\\/en\\\/product\\\/tetra-micro-crisps-cips-mikro-tropikal-balik-yemi-100ml\\\/\",\"url\":\"https:\\\/\\\/anadolupet.com.tr\\\/en\\\/product\\\/tetra-micro-crisps-cips-mikro-tropikal-balik-yemi-100ml\\\/\",\"name\":\"Tetra Micro Crisps Cips Mikro Tropikal Bal\u0131k Yemi - 100ML - Anadolu Pet Grup\",\"isPartOf\":{\"@id\":\"https:\\\/\\\/anadolupet.com.tr\\\/#website\"},\"primaryImageOfPage\":{\"@id\":\"https:\\\/\\\/anadolupet.com.tr\\\/en\\\/product\\\/tetra-micro-crisps-cips-mikro-tropikal-balik-yemi-100ml\\\/#primaryimage\"},\"image\":{\"@id\":\"https:\\\/\\\/anadolupet.com.tr\\\/en\\\/product\\\/tetra-micro-crisps-cips-mikro-tropikal-balik-yemi-100ml\\\/#primaryimage\"},\"thumbnailUrl\":\"https:\\\/\\\/anadolupet.com.tr\\\/wp-content\\\/uploads\\\/2026\\\/02\\\/400-710340.jpg\",\"datePublished\":\"2026-02-14T14:46:25+00:00\",\"dateModified\":\"2026-02-23T16:49:21+00:00\",\"breadcrumb\":{\"@id\":\"https:\\\/\\\/anadolupet.com.tr\\\/en\\\/product\\\/tetra-micro-crisps-cips-mikro-tropikal-balik-yemi-100ml\\\/#breadcrumb\"},\"inLanguage\":\"en-US\",\"potentialAction\":[{\"@type\":\"ReadAction\",\"target\":[\"https:\\\/\\\/anadolupet.com.tr\\\/en\\\/product\\\/tetra-micro-crisps-cips-mikro-tropikal-balik-yemi-100ml\\\/\"]}]},{\"@type\":\"ImageObject\",\"inLanguage\":\"en-US\",\"@id\":\"https:\\\/\\\/anadolupet.com.tr\\\/en\\\/product\\\/tetra-micro-crisps-cips-mikro-tropikal-balik-yemi-100ml\\\/#primaryimage\",\"url\":\"https:\\\/\\\/anadolupet.com.tr\\\/wp-content\\\/uploads\\\/2026\\\/02\\\/400-710340.jpg\",\"contentUrl\":\"https:\\\/\\\/anadolupet.com.tr\\\/wp-content\\\/uploads\\\/2026\\\/02\\\/400-710340.jpg\",\"width\":750,\"height\":750},{\"@type\":\"BreadcrumbList\",\"@id\":\"https:\\\/\\\/anadolupet.com.tr\\\/en\\\/product\\\/tetra-micro-crisps-cips-mikro-tropikal-balik-yemi-100ml\\\/#breadcrumb\",\"itemListElement\":[{\"@type\":\"ListItem\",\"position\":1,\"name\":\"Anasayfa\",\"item\":\"https:\\\/\\\/anadolupet.com.tr\\\/\"},{\"@type\":\"ListItem\",\"position\":2,\"name\":\"\u00dcr\u00fcnler\",\"item\":\"https:\\\/\\\/anadolupet.com.tr\\\/urunler\\\/\"},{\"@type\":\"ListItem\",\"position\":3,\"name\":\"Tetra Micro Crisps Cips Mikro Tropikal Bal\u0131k Yemi &#8211; 100ML\"}]},{\"@type\":\"WebSite\",\"@id\":\"https:\\\/\\\/anadolupet.com.tr\\\/#website\",\"url\":\"https:\\\/\\\/anadolupet.com.tr\\\/\",\"name\":\"Anadolu Pet Grup\",\"description\":\"Her Can\u0131n \u0130yi Ya\u015fam\u0131 \u0130\u00e7in Biraraday\u0131z\",\"publisher\":{\"@id\":\"https:\\\/\\\/anadolupet.com.tr\\\/#organization\"},\"potentialAction\":[{\"@type\":\"SearchAction\",\"target\":{\"@type\":\"EntryPoint\",\"urlTemplate\":\"https:\\\/\\\/anadolupet.com.tr\\\/?s={search_term_string}\"},\"query-input\":{\"@type\":\"PropertyValueSpecification\",\"valueRequired\":true,\"valueName\":\"search_term_string\"}}],\"inLanguage\":\"en-US\"},{\"@type\":\"Organization\",\"@id\":\"https:\\\/\\\/anadolupet.com.tr\\\/#organization\",\"name\":\"Anadolu Pet Grup\",\"alternateName\":\"Anadolu Pet\",\"url\":\"https:\\\/\\\/anadolupet.com.tr\\\/\",\"logo\":{\"@type\":\"ImageObject\",\"inLanguage\":\"en-US\",\"@id\":\"https:\\\/\\\/anadolupet.com.tr\\\/#\\\/schema\\\/logo\\\/image\\\/\",\"url\":\"https:\\\/\\\/anadolupet.com.tr\\\/wp-content\\\/uploads\\\/2026\\\/03\\\/1614666743370.jpg\",\"contentUrl\":\"https:\\\/\\\/anadolupet.com.tr\\\/wp-content\\\/uploads\\\/2026\\\/03\\\/1614666743370.jpg\",\"width\":800,\"height\":571,\"caption\":\"Anadolu Pet Grup\"},\"image\":{\"@id\":\"https:\\\/\\\/anadolupet.com.tr\\\/#\\\/schema\\\/logo\\\/image\\\/\"}}]}<\/script>\n<!-- \/ Yoast SEO plugin. -->","yoast_head_json":{"title":"Tetra Micro Crisps Cips Mikro Tropikal Bal\u0131k Yemi - 100ML - Anadolu Pet Grup","robots":{"index":"index","follow":"follow","max-snippet":"max-snippet:-1","max-image-preview":"max-image-preview:large","max-video-preview":"max-video-preview:-1"},"canonical":"https:\/\/anadolupet.com.tr\/en\/product\/tetra-micro-crisps-cips-mikro-tropikal-balik-yemi-100ml\/","og_locale":"en_US","og_type":"article","og_title":"Tetra Micro Crisps Cips Mikro Tropikal Bal\u0131k Yemi - 100ML - Anadolu Pet Grup","og_description":"Tetra Micro Crisps, k\u00fc\u00e7\u00fck s\u00fcs bal\u0131klar\u0131 i\u00e7in \u00e7\u0131t\u0131r bal\u0131k yemi. Y\u00fczen ve yava\u015f yava\u015f batan 1,7 ila 2,5 mm \u00e7ap\u0131ndaki ekstra k\u00fc\u00e7\u00fck bal\u0131k yemleri. Tetra Micro Crisps, k\u00fc\u00e7\u00fck s\u00fcs bal\u0131klar\u0131n\u0131n \u00f6zel gereklilikleri i\u00e7in birinci s\u0131n\u0131f besinlere sahip ideal yemdir. Bitki ve hayvansal i\u00e7erikli bile\u015fenler i\u00e7eren dengeli form\u00fcl\u00fc sayesinde bal\u0131\u011f\u0131n\u0131z\u0131n sa\u011fl\u0131kl\u0131 geli\u015fimini sa\u011flar. K\u0131rm\u0131z\u0131 cipsler renk canl\u0131l\u0131\u011f\u0131n\u0131 artt\u0131rmak i\u00e7in karotenoidler i\u00e7erir. Ye\u015fil cipsler sa\u011fl\u0131k ve zindelik i\u00e7in bitki bazl\u0131 bile\u015fenler i\u00e7erir. K\u00fc\u00e7\u00fck cipsler h\u0131zla yumu\u015far, b\u00f6ylece bal\u0131klar onlar\u0131 kolayca yiyebilir. Y\u00fcksek oranda sindirilebilir olmas\u0131 sayesinde suyu temiz tutmaya yard\u0131mc\u0131 olur. Tetra Micro Crisps t\u00fcm k\u00fc\u00e7\u00fck s\u00fcs bal\u0131klar\u0131n\u0131n yan\u0131 s\u0131ra gen\u00e7, b\u00fcy\u00fcyen \u00e7iklitler ve deniz bal\u0131klar\u0131 i\u00e7in ideal bir besindir. Dozaj; K\u00fc\u00e7\u00fck miktarlarda g\u00fcnde birka\u00e7 kez besleyin. Miktar; 100 ml","og_url":"https:\/\/anadolupet.com.tr\/en\/product\/tetra-micro-crisps-cips-mikro-tropikal-balik-yemi-100ml\/","og_site_name":"Anadolu Pet Grup","article_modified_time":"2026-02-23T16:49:21+00:00","og_image":[{"width":750,"height":750,"url":"https:\/\/anadolupet.com.tr\/wp-content\/uploads\/2026\/02\/400-710340.jpg","type":"image\/jpeg"}],"twitter_card":"summary_large_image","schema":{"@context":"https:\/\/schema.org","@graph":[{"@type":"WebPage","@id":"https:\/\/anadolupet.com.tr\/en\/product\/tetra-micro-crisps-cips-mikro-tropikal-balik-yemi-100ml\/","url":"https:\/\/anadolupet.com.tr\/en\/product\/tetra-micro-crisps-cips-mikro-tropikal-balik-yemi-100ml\/","name":"Tetra Micro Crisps Cips Mikro Tropikal Bal\u0131k Yemi - 100ML - Anadolu Pet Grup","isPartOf":{"@id":"https:\/\/anadolupet.com.tr\/#website"},"primaryImageOfPage":{"@id":"https:\/\/anadolupet.com.tr\/en\/product\/tetra-micro-crisps-cips-mikro-tropikal-balik-yemi-100ml\/#primaryimage"},"image":{"@id":"https:\/\/anadolupet.com.tr\/en\/product\/tetra-micro-crisps-cips-mikro-tropikal-balik-yemi-100ml\/#primaryimage"},"thumbnailUrl":"https:\/\/anadolupet.com.tr\/wp-content\/uploads\/2026\/02\/400-710340.jpg","datePublished":"2026-02-14T14:46:25+00:00","dateModified":"2026-02-23T16:49:21+00:00","breadcrumb":{"@id":"https:\/\/anadolupet.com.tr\/en\/product\/tetra-micro-crisps-cips-mikro-tropikal-balik-yemi-100ml\/#breadcrumb"},"inLanguage":"en-US","potentialAction":[{"@type":"ReadAction","target":["https:\/\/anadolupet.com.tr\/en\/product\/tetra-micro-crisps-cips-mikro-tropikal-balik-yemi-100ml\/"]}]},{"@type":"ImageObject","inLanguage":"en-US","@id":"https:\/\/anadolupet.com.tr\/en\/product\/tetra-micro-crisps-cips-mikro-tropikal-balik-yemi-100ml\/#primaryimage","url":"https:\/\/anadolupet.com.tr\/wp-content\/uploads\/2026\/02\/400-710340.jpg","contentUrl":"https:\/\/anadolupet.com.tr\/wp-content\/uploads\/2026\/02\/400-710340.jpg","width":750,"height":750},{"@type":"BreadcrumbList","@id":"https:\/\/anadolupet.com.tr\/en\/product\/tetra-micro-crisps-cips-mikro-tropikal-balik-yemi-100ml\/#breadcrumb","itemListElement":[{"@type":"ListItem","position":1,"name":"Anasayfa","item":"https:\/\/anadolupet.com.tr\/"},{"@type":"ListItem","position":2,"name":"\u00dcr\u00fcnler","item":"https:\/\/anadolupet.com.tr\/urunler\/"},{"@type":"ListItem","position":3,"name":"Tetra Micro Crisps Cips Mikro Tropikal Bal\u0131k Yemi &#8211; 100ML"}]},{"@type":"WebSite","@id":"https:\/\/anadolupet.com.tr\/#website","url":"https:\/\/anadolupet.com.tr\/","name":"Anadolu Pet Group","description":"We Stand Together for the Well-Being of Every Life","publisher":{"@id":"https:\/\/anadolupet.com.tr\/#organization"},"potentialAction":[{"@type":"SearchAction","target":{"@type":"EntryPoint","urlTemplate":"https:\/\/anadolupet.com.tr\/?s={search_term_string}"},"query-input":{"@type":"PropertyValueSpecification","valueRequired":true,"valueName":"search_term_string"}}],"inLanguage":"en-US"},{"@type":"Organization","@id":"https:\/\/anadolupet.com.tr\/#organization","name":"Anadolu Pet Group","alternateName":"Anadolu Pet","url":"https:\/\/anadolupet.com.tr\/","logo":{"@type":"ImageObject","inLanguage":"en-US","@id":"https:\/\/anadolupet.com.tr\/#\/schema\/logo\/image\/","url":"https:\/\/anadolupet.com.tr\/wp-content\/uploads\/2026\/03\/1614666743370.jpg","contentUrl":"https:\/\/anadolupet.com.tr\/wp-content\/uploads\/2026\/03\/1614666743370.jpg","width":800,"height":571,"caption":"Anadolu Pet Grup"},"image":{"@id":"https:\/\/anadolupet.com.tr\/#\/schema\/logo\/image\/"}}]}},"_links":{"self":[{"href":"https:\/\/anadolupet.com.tr\/en\/wp-json\/wp\/v2\/product\/46331","targetHints":{"allow":["GET"]}}],"collection":[{"href":"https:\/\/anadolupet.com.tr\/en\/wp-json\/wp\/v2\/product"}],"about":[{"href":"https:\/\/anadolupet.com.tr\/en\/wp-json\/wp\/v2\/types\/product"}],"replies":[{"embeddable":true,"href":"https:\/\/anadolupet.com.tr\/en\/wp-json\/wp\/v2\/comments?post=46331"}],"wp:featuredmedia":[{"embeddable":true,"href":"https:\/\/anadolupet.com.tr\/en\/wp-json\/wp\/v2\/media\/47097"}],"wp:attachment":[{"href":"https:\/\/anadolupet.com.tr\/en\/wp-json\/wp\/v2\/media?parent=46331"}],"wp:term":[{"taxonomy":"product_brand","embeddable":true,"href":"https:\/\/anadolupet.com.tr\/en\/wp-json\/wp\/v2\/product_brand?post=46331"},{"taxonomy":"product_cat","embeddable":true,"href":"https:\/\/anadolupet.com.tr\/en\/wp-json\/wp\/v2\/product_cat?post=46331"},{"taxonomy":"product_tag","embeddable":true,"href":"https:\/\/anadolupet.com.tr\/en\/wp-json\/wp\/v2\/product_tag?post=46331"}],"curies":[{"name":"wp","href":"https:\/\/api.w.org\/{rel}","templated":true}]}}