{"id":46332,"date":"2026-02-14T14:46:26","date_gmt":"2026-02-14T14:46:26","guid":{"rendered":"https:\/\/anadolupet.com.tr\/?post_type=product&#038;p=46332"},"modified":"2026-02-23T16:49:21","modified_gmt":"2026-02-23T16:49:21","slug":"tetra-micro-granules-granul-mikro-tropikal-balik-yemi-100ml","status":"publish","type":"product","link":"https:\/\/anadolupet.com.tr\/en\/urun\/tetra-micro-granules-granul-mikro-tropikal-balik-yemi-100ml\/","title":{"rendered":"Tetra Micro Granules Gran\u00fcl Mikro Tropikal Bal\u0131k Yemi &#8211; 100ML"},"content":{"rendered":"","protected":false},"excerpt":{"rendered":"<p>Tetra Micro Granules, 0,3 ila 1 mm ekstra k\u00fc\u00e7\u00fck \u00e7apa sahip, yava\u015f batan bir yem olarak k\u00fc\u00e7\u00fck s\u00fcs bal\u0131klar\u0131 i\u00e7in idealdir.<br \/>\nK\u00fc\u00e7\u00fck Tetra Micro Granules yemler, suda h\u0131zla yumu\u015fay\u0131p yemelerini kolayla\u015ft\u0131rd\u0131klar\u0131ndan k\u00fc\u00e7\u00fck bal\u0131klar i\u00e7in idealdir. Ayr\u0131ca en kaliteli besinleri i\u00e7erirler. Bitki ve hayvan bazl\u0131 bile\u015fenlerden olu\u015fan dengeli bir form\u00fcle sahiptirler. Bu nedenle, bitki ve et yiyen bal\u0131klar\u0131n ihtiya\u00e7lar\u0131na g\u00f6re dengeli bir beslenme i\u00e7in ihtiya\u00e7 duyduklar\u0131 her \u015feyi sunarlar. K\u0131rm\u0131z\u0131 gran\u00fcller ayr\u0131ca bal\u0131klar\u0131n renk canl\u0131l\u0131\u011f\u0131n\u0131 art\u0131rmak i\u00e7in karotenoidler i\u00e7erirken, ye\u015fil gran\u00fcller sa\u011fl\u0131k ve canl\u0131l\u0131\u011f\u0131 desteklemek i\u00e7in bitki i\u00e7eriklerinden yap\u0131l\u0131r. Dahas\u0131, bu tam besin ger\u00e7ekten sindirilebilir niteliktedir ve bu da suyun berrak kalmas\u0131na yard\u0131mc\u0131 olur. Sonu\u00e7 olarak, Tetra Micro Granules yemler, t\u00fcm k\u00fc\u00e7\u00fck s\u00fcs bal\u0131klar\u0131n\u0131n yan\u0131 s\u0131ra gen\u00e7, b\u00fcy\u00fcyen \u00e7iklitler ve deniz bal\u0131klar\u0131 i\u00e7in ideal bir tam yemdir.<br \/>\nDozaj;<br \/>\nBal\u0131klar\u0131n\u0131z\u0131 g\u00fcnde birka\u00e7 kez besleyin, ancak onlara yaln\u0131zca birka\u00e7 dakika i\u00e7inde yiyebilecekleri kadar\u0131n\u0131 verin.<br \/>\nMiktar;<br \/>\n100 ml<\/p>","protected":false},"featured_media":47094,"comment_status":"open","ping_status":"closed","template":"","meta":{"_acf_changed":false},"product_brand":[],"product_cat":[2388],"product_tag":[],"class_list":{"0":"post-46332","1":"product","2":"type-product","3":"status-publish","4":"has-post-thumbnail","6":"product_cat-genel-yemler","8":"first","9":"instock","10":"shipping-taxable","11":"product-type-simple"},"acf":[],"yoast_head":"<!-- This site is optimized with the Yoast SEO plugin v27.4 - https:\/\/yoast.com\/product\/yoast-seo-wordpress\/ -->\n<title>Tetra Micro Granules Gran\u00fcl Mikro Tropikal Bal\u0131k Yemi - 100ML - Anadolu Pet Grup<\/title>\n<meta name=\"robots\" content=\"index, follow, max-snippet:-1, max-image-preview:large, max-video-preview:-1\" \/>\n<link rel=\"canonical\" href=\"https:\/\/anadolupet.com.tr\/en\/product\/tetra-micro-granules-granul-mikro-tropikal-balik-yemi-100ml\/\" \/>\n<meta property=\"og:locale\" content=\"en_US\" \/>\n<meta property=\"og:type\" content=\"article\" \/>\n<meta property=\"og:title\" content=\"Tetra Micro Granules Gran\u00fcl Mikro Tropikal Bal\u0131k Yemi - 100ML - Anadolu Pet Grup\" \/>\n<meta property=\"og:description\" content=\"Tetra Micro Granules, 0,3 ila 1 mm ekstra k\u00fc\u00e7\u00fck \u00e7apa sahip, yava\u015f batan bir yem olarak k\u00fc\u00e7\u00fck s\u00fcs bal\u0131klar\u0131 i\u00e7in idealdir. K\u00fc\u00e7\u00fck Tetra Micro Granules yemler, suda h\u0131zla yumu\u015fay\u0131p yemelerini kolayla\u015ft\u0131rd\u0131klar\u0131ndan k\u00fc\u00e7\u00fck bal\u0131klar i\u00e7in idealdir. Ayr\u0131ca en kaliteli besinleri i\u00e7erirler. Bitki ve hayvan bazl\u0131 bile\u015fenlerden olu\u015fan dengeli bir form\u00fcle sahiptirler. Bu nedenle, bitki ve et yiyen bal\u0131klar\u0131n ihtiya\u00e7lar\u0131na g\u00f6re dengeli bir beslenme i\u00e7in ihtiya\u00e7 duyduklar\u0131 her \u015feyi sunarlar. K\u0131rm\u0131z\u0131 gran\u00fcller ayr\u0131ca bal\u0131klar\u0131n renk canl\u0131l\u0131\u011f\u0131n\u0131 art\u0131rmak i\u00e7in karotenoidler i\u00e7erirken, ye\u015fil gran\u00fcller sa\u011fl\u0131k ve canl\u0131l\u0131\u011f\u0131 desteklemek i\u00e7in bitki i\u00e7eriklerinden yap\u0131l\u0131r. Dahas\u0131, bu tam besin ger\u00e7ekten sindirilebilir niteliktedir ve bu da suyun berrak kalmas\u0131na yard\u0131mc\u0131 olur. Sonu\u00e7 olarak, Tetra Micro Granules yemler, t\u00fcm k\u00fc\u00e7\u00fck s\u00fcs bal\u0131klar\u0131n\u0131n yan\u0131 s\u0131ra gen\u00e7, b\u00fcy\u00fcyen \u00e7iklitler ve deniz bal\u0131klar\u0131 i\u00e7in ideal bir tam yemdir. Dozaj; Bal\u0131klar\u0131n\u0131z\u0131 g\u00fcnde birka\u00e7 kez besleyin, ancak onlara yaln\u0131zca birka\u00e7 dakika i\u00e7inde yiyebilecekleri kadar\u0131n\u0131 verin. Miktar; 100 ml\" \/>\n<meta property=\"og:url\" content=\"https:\/\/anadolupet.com.tr\/en\/product\/tetra-micro-granules-granul-mikro-tropikal-balik-yemi-100ml\/\" \/>\n<meta property=\"og:site_name\" content=\"Anadolu Pet Grup\" \/>\n<meta property=\"article:modified_time\" content=\"2026-02-23T16:49:21+00:00\" \/>\n<meta property=\"og:image\" content=\"https:\/\/anadolupet.com.tr\/wp-content\/uploads\/2026\/02\/400-710337.jpg\" \/>\n\t<meta property=\"og:image:width\" content=\"750\" \/>\n\t<meta property=\"og:image:height\" content=\"750\" \/>\n\t<meta property=\"og:image:type\" content=\"image\/jpeg\" \/>\n<meta name=\"twitter:card\" content=\"summary_large_image\" \/>\n<script type=\"application\/ld+json\" class=\"yoast-schema-graph\">{\"@context\":\"https:\\\/\\\/schema.org\",\"@graph\":[{\"@type\":\"WebPage\",\"@id\":\"https:\\\/\\\/anadolupet.com.tr\\\/urun\\\/tetra-micro-granules-granul-mikro-tropikal-balik-yemi-100ml\\\/\",\"url\":\"https:\\\/\\\/anadolupet.com.tr\\\/urun\\\/tetra-micro-granules-granul-mikro-tropikal-balik-yemi-100ml\\\/\",\"name\":\"Tetra Micro Granules Gran\u00fcl Mikro Tropikal Bal\u0131k Yemi - 100ML - Anadolu Pet Grup\",\"isPartOf\":{\"@id\":\"https:\\\/\\\/anadolupet.com.tr\\\/#website\"},\"primaryImageOfPage\":{\"@id\":\"https:\\\/\\\/anadolupet.com.tr\\\/urun\\\/tetra-micro-granules-granul-mikro-tropikal-balik-yemi-100ml\\\/#primaryimage\"},\"image\":{\"@id\":\"https:\\\/\\\/anadolupet.com.tr\\\/urun\\\/tetra-micro-granules-granul-mikro-tropikal-balik-yemi-100ml\\\/#primaryimage\"},\"thumbnailUrl\":\"https:\\\/\\\/anadolupet.com.tr\\\/wp-content\\\/uploads\\\/2026\\\/02\\\/400-710337.jpg\",\"datePublished\":\"2026-02-14T14:46:26+00:00\",\"dateModified\":\"2026-02-23T16:49:21+00:00\",\"breadcrumb\":{\"@id\":\"https:\\\/\\\/anadolupet.com.tr\\\/urun\\\/tetra-micro-granules-granul-mikro-tropikal-balik-yemi-100ml\\\/#breadcrumb\"},\"inLanguage\":\"en-US\",\"potentialAction\":[{\"@type\":\"ReadAction\",\"target\":[\"https:\\\/\\\/anadolupet.com.tr\\\/urun\\\/tetra-micro-granules-granul-mikro-tropikal-balik-yemi-100ml\\\/\"]}]},{\"@type\":\"ImageObject\",\"inLanguage\":\"en-US\",\"@id\":\"https:\\\/\\\/anadolupet.com.tr\\\/urun\\\/tetra-micro-granules-granul-mikro-tropikal-balik-yemi-100ml\\\/#primaryimage\",\"url\":\"https:\\\/\\\/anadolupet.com.tr\\\/wp-content\\\/uploads\\\/2026\\\/02\\\/400-710337.jpg\",\"contentUrl\":\"https:\\\/\\\/anadolupet.com.tr\\\/wp-content\\\/uploads\\\/2026\\\/02\\\/400-710337.jpg\",\"width\":750,\"height\":750},{\"@type\":\"BreadcrumbList\",\"@id\":\"https:\\\/\\\/anadolupet.com.tr\\\/urun\\\/tetra-micro-granules-granul-mikro-tropikal-balik-yemi-100ml\\\/#breadcrumb\",\"itemListElement\":[{\"@type\":\"ListItem\",\"position\":1,\"name\":\"Anasayfa\",\"item\":\"https:\\\/\\\/anadolupet.com.tr\\\/\"},{\"@type\":\"ListItem\",\"position\":2,\"name\":\"\u00dcr\u00fcnler\",\"item\":\"https:\\\/\\\/anadolupet.com.tr\\\/urunler\\\/\"},{\"@type\":\"ListItem\",\"position\":3,\"name\":\"Tetra Micro Granules Gran\u00fcl Mikro Tropikal Bal\u0131k Yemi &#8211; 100ML\"}]},{\"@type\":\"WebSite\",\"@id\":\"https:\\\/\\\/anadolupet.com.tr\\\/#website\",\"url\":\"https:\\\/\\\/anadolupet.com.tr\\\/\",\"name\":\"Anadolu Pet Grup\",\"description\":\"Her Can\u0131n \u0130yi Ya\u015fam\u0131 \u0130\u00e7in Biraraday\u0131z\",\"publisher\":{\"@id\":\"https:\\\/\\\/anadolupet.com.tr\\\/#organization\"},\"potentialAction\":[{\"@type\":\"SearchAction\",\"target\":{\"@type\":\"EntryPoint\",\"urlTemplate\":\"https:\\\/\\\/anadolupet.com.tr\\\/?s={search_term_string}\"},\"query-input\":{\"@type\":\"PropertyValueSpecification\",\"valueRequired\":true,\"valueName\":\"search_term_string\"}}],\"inLanguage\":\"en-US\"},{\"@type\":\"Organization\",\"@id\":\"https:\\\/\\\/anadolupet.com.tr\\\/#organization\",\"name\":\"Anadolu Pet Grup\",\"alternateName\":\"Anadolu Pet\",\"url\":\"https:\\\/\\\/anadolupet.com.tr\\\/\",\"logo\":{\"@type\":\"ImageObject\",\"inLanguage\":\"en-US\",\"@id\":\"https:\\\/\\\/anadolupet.com.tr\\\/#\\\/schema\\\/logo\\\/image\\\/\",\"url\":\"https:\\\/\\\/anadolupet.com.tr\\\/wp-content\\\/uploads\\\/2026\\\/03\\\/1614666743370.jpg\",\"contentUrl\":\"https:\\\/\\\/anadolupet.com.tr\\\/wp-content\\\/uploads\\\/2026\\\/03\\\/1614666743370.jpg\",\"width\":800,\"height\":571,\"caption\":\"Anadolu Pet Grup\"},\"image\":{\"@id\":\"https:\\\/\\\/anadolupet.com.tr\\\/#\\\/schema\\\/logo\\\/image\\\/\"}}]}<\/script>\n<!-- \/ Yoast SEO plugin. -->","yoast_head_json":{"title":"Tetra Micro Granules Gran\u00fcl Mikro Tropikal Bal\u0131k Yemi - 100ML - Anadolu Pet Grup","robots":{"index":"index","follow":"follow","max-snippet":"max-snippet:-1","max-image-preview":"max-image-preview:large","max-video-preview":"max-video-preview:-1"},"canonical":"https:\/\/anadolupet.com.tr\/en\/product\/tetra-micro-granules-granul-mikro-tropikal-balik-yemi-100ml\/","og_locale":"en_US","og_type":"article","og_title":"Tetra Micro Granules Gran\u00fcl Mikro Tropikal Bal\u0131k Yemi - 100ML - Anadolu Pet Grup","og_description":"Tetra Micro Granules, 0,3 ila 1 mm ekstra k\u00fc\u00e7\u00fck \u00e7apa sahip, yava\u015f batan bir yem olarak k\u00fc\u00e7\u00fck s\u00fcs bal\u0131klar\u0131 i\u00e7in idealdir. K\u00fc\u00e7\u00fck Tetra Micro Granules yemler, suda h\u0131zla yumu\u015fay\u0131p yemelerini kolayla\u015ft\u0131rd\u0131klar\u0131ndan k\u00fc\u00e7\u00fck bal\u0131klar i\u00e7in idealdir. Ayr\u0131ca en kaliteli besinleri i\u00e7erirler. Bitki ve hayvan bazl\u0131 bile\u015fenlerden olu\u015fan dengeli bir form\u00fcle sahiptirler. Bu nedenle, bitki ve et yiyen bal\u0131klar\u0131n ihtiya\u00e7lar\u0131na g\u00f6re dengeli bir beslenme i\u00e7in ihtiya\u00e7 duyduklar\u0131 her \u015feyi sunarlar. K\u0131rm\u0131z\u0131 gran\u00fcller ayr\u0131ca bal\u0131klar\u0131n renk canl\u0131l\u0131\u011f\u0131n\u0131 art\u0131rmak i\u00e7in karotenoidler i\u00e7erirken, ye\u015fil gran\u00fcller sa\u011fl\u0131k ve canl\u0131l\u0131\u011f\u0131 desteklemek i\u00e7in bitki i\u00e7eriklerinden yap\u0131l\u0131r. Dahas\u0131, bu tam besin ger\u00e7ekten sindirilebilir niteliktedir ve bu da suyun berrak kalmas\u0131na yard\u0131mc\u0131 olur. Sonu\u00e7 olarak, Tetra Micro Granules yemler, t\u00fcm k\u00fc\u00e7\u00fck s\u00fcs bal\u0131klar\u0131n\u0131n yan\u0131 s\u0131ra gen\u00e7, b\u00fcy\u00fcyen \u00e7iklitler ve deniz bal\u0131klar\u0131 i\u00e7in ideal bir tam yemdir. Dozaj; Bal\u0131klar\u0131n\u0131z\u0131 g\u00fcnde birka\u00e7 kez besleyin, ancak onlara yaln\u0131zca birka\u00e7 dakika i\u00e7inde yiyebilecekleri kadar\u0131n\u0131 verin. Miktar; 100 ml","og_url":"https:\/\/anadolupet.com.tr\/en\/product\/tetra-micro-granules-granul-mikro-tropikal-balik-yemi-100ml\/","og_site_name":"Anadolu Pet Grup","article_modified_time":"2026-02-23T16:49:21+00:00","og_image":[{"width":750,"height":750,"url":"https:\/\/anadolupet.com.tr\/wp-content\/uploads\/2026\/02\/400-710337.jpg","type":"image\/jpeg"}],"twitter_card":"summary_large_image","schema":{"@context":"https:\/\/schema.org","@graph":[{"@type":"WebPage","@id":"https:\/\/anadolupet.com.tr\/urun\/tetra-micro-granules-granul-mikro-tropikal-balik-yemi-100ml\/","url":"https:\/\/anadolupet.com.tr\/urun\/tetra-micro-granules-granul-mikro-tropikal-balik-yemi-100ml\/","name":"Tetra Micro Granules Gran\u00fcl Mikro Tropikal Bal\u0131k Yemi - 100ML - Anadolu Pet Grup","isPartOf":{"@id":"https:\/\/anadolupet.com.tr\/#website"},"primaryImageOfPage":{"@id":"https:\/\/anadolupet.com.tr\/urun\/tetra-micro-granules-granul-mikro-tropikal-balik-yemi-100ml\/#primaryimage"},"image":{"@id":"https:\/\/anadolupet.com.tr\/urun\/tetra-micro-granules-granul-mikro-tropikal-balik-yemi-100ml\/#primaryimage"},"thumbnailUrl":"https:\/\/anadolupet.com.tr\/wp-content\/uploads\/2026\/02\/400-710337.jpg","datePublished":"2026-02-14T14:46:26+00:00","dateModified":"2026-02-23T16:49:21+00:00","breadcrumb":{"@id":"https:\/\/anadolupet.com.tr\/urun\/tetra-micro-granules-granul-mikro-tropikal-balik-yemi-100ml\/#breadcrumb"},"inLanguage":"en-US","potentialAction":[{"@type":"ReadAction","target":["https:\/\/anadolupet.com.tr\/urun\/tetra-micro-granules-granul-mikro-tropikal-balik-yemi-100ml\/"]}]},{"@type":"ImageObject","inLanguage":"en-US","@id":"https:\/\/anadolupet.com.tr\/urun\/tetra-micro-granules-granul-mikro-tropikal-balik-yemi-100ml\/#primaryimage","url":"https:\/\/anadolupet.com.tr\/wp-content\/uploads\/2026\/02\/400-710337.jpg","contentUrl":"https:\/\/anadolupet.com.tr\/wp-content\/uploads\/2026\/02\/400-710337.jpg","width":750,"height":750},{"@type":"BreadcrumbList","@id":"https:\/\/anadolupet.com.tr\/urun\/tetra-micro-granules-granul-mikro-tropikal-balik-yemi-100ml\/#breadcrumb","itemListElement":[{"@type":"ListItem","position":1,"name":"Anasayfa","item":"https:\/\/anadolupet.com.tr\/"},{"@type":"ListItem","position":2,"name":"\u00dcr\u00fcnler","item":"https:\/\/anadolupet.com.tr\/urunler\/"},{"@type":"ListItem","position":3,"name":"Tetra Micro Granules Gran\u00fcl Mikro Tropikal Bal\u0131k Yemi &#8211; 100ML"}]},{"@type":"WebSite","@id":"https:\/\/anadolupet.com.tr\/#website","url":"https:\/\/anadolupet.com.tr\/","name":"Anadolu Pet Group","description":"We Stand Together for the Well-Being of Every Life","publisher":{"@id":"https:\/\/anadolupet.com.tr\/#organization"},"potentialAction":[{"@type":"SearchAction","target":{"@type":"EntryPoint","urlTemplate":"https:\/\/anadolupet.com.tr\/?s={search_term_string}"},"query-input":{"@type":"PropertyValueSpecification","valueRequired":true,"valueName":"search_term_string"}}],"inLanguage":"en-US"},{"@type":"Organization","@id":"https:\/\/anadolupet.com.tr\/#organization","name":"Anadolu Pet Group","alternateName":"Anadolu Pet","url":"https:\/\/anadolupet.com.tr\/","logo":{"@type":"ImageObject","inLanguage":"en-US","@id":"https:\/\/anadolupet.com.tr\/#\/schema\/logo\/image\/","url":"https:\/\/anadolupet.com.tr\/wp-content\/uploads\/2026\/03\/1614666743370.jpg","contentUrl":"https:\/\/anadolupet.com.tr\/wp-content\/uploads\/2026\/03\/1614666743370.jpg","width":800,"height":571,"caption":"Anadolu Pet Grup"},"image":{"@id":"https:\/\/anadolupet.com.tr\/#\/schema\/logo\/image\/"}}]}},"_links":{"self":[{"href":"https:\/\/anadolupet.com.tr\/en\/wp-json\/wp\/v2\/product\/46332","targetHints":{"allow":["GET"]}}],"collection":[{"href":"https:\/\/anadolupet.com.tr\/en\/wp-json\/wp\/v2\/product"}],"about":[{"href":"https:\/\/anadolupet.com.tr\/en\/wp-json\/wp\/v2\/types\/product"}],"replies":[{"embeddable":true,"href":"https:\/\/anadolupet.com.tr\/en\/wp-json\/wp\/v2\/comments?post=46332"}],"wp:featuredmedia":[{"embeddable":true,"href":"https:\/\/anadolupet.com.tr\/en\/wp-json\/wp\/v2\/media\/47094"}],"wp:attachment":[{"href":"https:\/\/anadolupet.com.tr\/en\/wp-json\/wp\/v2\/media?parent=46332"}],"wp:term":[{"taxonomy":"product_brand","embeddable":true,"href":"https:\/\/anadolupet.com.tr\/en\/wp-json\/wp\/v2\/product_brand?post=46332"},{"taxonomy":"product_cat","embeddable":true,"href":"https:\/\/anadolupet.com.tr\/en\/wp-json\/wp\/v2\/product_cat?post=46332"},{"taxonomy":"product_tag","embeddable":true,"href":"https:\/\/anadolupet.com.tr\/en\/wp-json\/wp\/v2\/product_tag?post=46332"}],"curies":[{"name":"wp","href":"https:\/\/api.w.org\/{rel}","templated":true}]}}