{"id":46336,"date":"2026-02-14T14:46:26","date_gmt":"2026-02-14T14:46:26","guid":{"rendered":"https:\/\/anadolupet.com.tr\/?post_type=product&#038;p=46336"},"modified":"2026-02-23T16:49:21","modified_gmt":"2026-02-23T16:49:21","slug":"tetra-my-feeder-yem-makinasi","status":"publish","type":"product","link":"https:\/\/anadolupet.com.tr\/en\/urun\/tetra-my-feeder-yem-makinasi\/","title":{"rendered":"Tetra My Feeder Yem Makinas\u0131"},"content":{"rendered":"","protected":false},"excerpt":{"rendered":"<p>Tetra myFeeder otomatik besleyici, akvaryum bal\u0131klar\u0131n\u0131z\u0131n siz uzaktayken hedeflendi\u011fi \u015fekilde beslenmesini sa\u011flar. myFeeder otomatik besleyici, tam olarak do\u011fru miktarda yiyece\u011fi g\u00fcvenilir bir \u015fekilde verir. Dijital ekran, \u00fc\u00e7 besleme s\u00fcresine kadar ve bir veya iki aral\u0131k programlamak i\u00e7in kullan\u0131labilir. myFeeder\u2019\u0131n \u00f6zel olarak geli\u015ftirilmi\u015f benzersiz yiyecek b\u00f6lmesi, yiyecekleri \u0131\u015f\u0131\u011fa, havaya ve neme kar\u015f\u0131 g\u00fcvenilir bir \u015fekilde korur: ikili muhafaza sistemi, yiyecekleri g\u00fcvenli bir \u015fekilde kapat\u0131r ve d\u0131\u015f etkenlere kar\u015f\u0131 korur. myFeeder&#8217;\u0131n dijital ekran\u0131, pillerin de\u011fi\u015ftirilmesi gerekip gerekmedi\u011fini size bildirirken, daha fazla teknik ayr\u0131nt\u0131 da otomatik besleyicinin kullan\u0131m\u0131n\u0131 son derece kolayla\u015ft\u0131r\u0131r. myFeeder&#8217;\u0131 akvaryuma ba\u011flamak son derece basittir. Ayaklar\u0131n y\u00fcksekli\u011fi ayarlanabilir ve besleme s\u0131ras\u0131nda g\u00fcr\u00fclt\u00fcy\u00fc azaltmak i\u00e7in kau\u00e7uktan yap\u0131lm\u0131\u015ft\u0131r. Otomatik besleyicinin \u00f6n taraf\u0131ndaki bir pencere, ayn\u0131 zamanda ge\u00e7erli doldurma seviyesini g\u00f6rmenizi sa\u011flar. \u00c7ok say\u0131da teknik ayr\u0131nt\u0131 ve \u00fcst\u00fcn kalite ile myFeeder otomatik besleyici, bal\u0131k beslemede g\u00fcvenilir bir yard\u0131mc\u0131d\u0131r.<br \/>\nDetaylar;<br \/>\n*Otomatik ve g\u00fcvenilir bal\u0131k besleme.<br \/>\n*Benzersiz \u00e7ift muhafaza sistemi, yiyecekleri \u0131\u015f\u0131\u011fa, havaya ve neme kar\u015f\u0131 g\u00fcvenilir bir \u015fekilde korur.<br \/>\n*Basit programlama i\u00e7in dijital ekran.<br \/>\n*Yiyecek miktar\u0131 bal\u0131k t\u00fcr\u00fcne ve iste\u011fe \u00f6zel ayarlanabilir.<br \/>\n*Doldurma seviyesi g\u00f6r\u00fcnt\u00fcleme penceresi.<br \/>\n*Pil \u015farj seviyesi g\u00f6stergesi.<br \/>\n*Tek bir d\u00fc\u011fmeye basarak manuel besleme.<br \/>\n*\u0130ki y\u0131l garanti.<\/p>","protected":false},"featured_media":47225,"comment_status":"open","ping_status":"closed","template":"","meta":{"_acf_changed":false},"product_brand":[],"product_cat":[2421],"product_tag":[],"class_list":{"0":"post-46336","1":"product","2":"type-product","3":"status-publish","4":"has-post-thumbnail","6":"product_cat-yem-makineleri","8":"first","9":"instock","10":"shipping-taxable","11":"product-type-simple"},"acf":[],"yoast_head":"<!-- This site is optimized with the Yoast SEO plugin v27.4 - https:\/\/yoast.com\/product\/yoast-seo-wordpress\/ -->\n<title>Tetra My Feeder Yem Makinas\u0131 - Anadolu Pet Grup<\/title>\n<meta name=\"robots\" content=\"index, follow, max-snippet:-1, max-image-preview:large, max-video-preview:-1\" \/>\n<link rel=\"canonical\" href=\"https:\/\/anadolupet.com.tr\/en\/product\/tetra-my-feeder-yem-makinasi\/\" \/>\n<meta property=\"og:locale\" content=\"en_US\" \/>\n<meta property=\"og:type\" content=\"article\" \/>\n<meta property=\"og:title\" content=\"Tetra My Feeder Yem Makinas\u0131 - Anadolu Pet Grup\" \/>\n<meta property=\"og:description\" content=\"Tetra myFeeder otomatik besleyici, akvaryum bal\u0131klar\u0131n\u0131z\u0131n siz uzaktayken hedeflendi\u011fi \u015fekilde beslenmesini sa\u011flar. myFeeder otomatik besleyici, tam olarak do\u011fru miktarda yiyece\u011fi g\u00fcvenilir bir \u015fekilde verir. Dijital ekran, \u00fc\u00e7 besleme s\u00fcresine kadar ve bir veya iki aral\u0131k programlamak i\u00e7in kullan\u0131labilir. myFeeder\u2019\u0131n \u00f6zel olarak geli\u015ftirilmi\u015f benzersiz yiyecek b\u00f6lmesi, yiyecekleri \u0131\u015f\u0131\u011fa, havaya ve neme kar\u015f\u0131 g\u00fcvenilir bir \u015fekilde korur: ikili muhafaza sistemi, yiyecekleri g\u00fcvenli bir \u015fekilde kapat\u0131r ve d\u0131\u015f etkenlere kar\u015f\u0131 korur. myFeeder&#039;\u0131n dijital ekran\u0131, pillerin de\u011fi\u015ftirilmesi gerekip gerekmedi\u011fini size bildirirken, daha fazla teknik ayr\u0131nt\u0131 da otomatik besleyicinin kullan\u0131m\u0131n\u0131 son derece kolayla\u015ft\u0131r\u0131r. myFeeder&#039;\u0131 akvaryuma ba\u011flamak son derece basittir. Ayaklar\u0131n y\u00fcksekli\u011fi ayarlanabilir ve besleme s\u0131ras\u0131nda g\u00fcr\u00fclt\u00fcy\u00fc azaltmak i\u00e7in kau\u00e7uktan yap\u0131lm\u0131\u015ft\u0131r. Otomatik besleyicinin \u00f6n taraf\u0131ndaki bir pencere, ayn\u0131 zamanda ge\u00e7erli doldurma seviyesini g\u00f6rmenizi sa\u011flar. \u00c7ok say\u0131da teknik ayr\u0131nt\u0131 ve \u00fcst\u00fcn kalite ile myFeeder otomatik besleyici, bal\u0131k beslemede g\u00fcvenilir bir yard\u0131mc\u0131d\u0131r. Detaylar; *Otomatik ve g\u00fcvenilir bal\u0131k besleme. *Benzersiz \u00e7ift muhafaza sistemi, yiyecekleri \u0131\u015f\u0131\u011fa, havaya ve neme kar\u015f\u0131 g\u00fcvenilir bir \u015fekilde korur. *Basit programlama i\u00e7in dijital ekran. *Yiyecek miktar\u0131 bal\u0131k t\u00fcr\u00fcne ve iste\u011fe \u00f6zel ayarlanabilir. *Doldurma seviyesi g\u00f6r\u00fcnt\u00fcleme penceresi. *Pil \u015farj seviyesi g\u00f6stergesi. *Tek bir d\u00fc\u011fmeye basarak manuel besleme. *\u0130ki y\u0131l garanti.\" \/>\n<meta property=\"og:url\" content=\"https:\/\/anadolupet.com.tr\/en\/product\/tetra-my-feeder-yem-makinasi\/\" \/>\n<meta property=\"og:site_name\" content=\"Anadolu Pet Grup\" \/>\n<meta property=\"article:modified_time\" content=\"2026-02-23T16:49:21+00:00\" \/>\n<meta property=\"og:image\" content=\"https:\/\/anadolupet.com.tr\/wp-content\/uploads\/2026\/02\/402-709529.jpg\" \/>\n\t<meta property=\"og:image:width\" content=\"750\" \/>\n\t<meta property=\"og:image:height\" content=\"750\" \/>\n\t<meta property=\"og:image:type\" content=\"image\/jpeg\" \/>\n<meta name=\"twitter:card\" content=\"summary_large_image\" \/>\n<script type=\"application\/ld+json\" class=\"yoast-schema-graph\">{\"@context\":\"https:\\\/\\\/schema.org\",\"@graph\":[{\"@type\":\"WebPage\",\"@id\":\"https:\\\/\\\/anadolupet.com.tr\\\/urun\\\/tetra-my-feeder-yem-makinasi\\\/\",\"url\":\"https:\\\/\\\/anadolupet.com.tr\\\/urun\\\/tetra-my-feeder-yem-makinasi\\\/\",\"name\":\"Tetra My Feeder Yem Makinas\u0131 - Anadolu Pet Grup\",\"isPartOf\":{\"@id\":\"https:\\\/\\\/anadolupet.com.tr\\\/#website\"},\"primaryImageOfPage\":{\"@id\":\"https:\\\/\\\/anadolupet.com.tr\\\/urun\\\/tetra-my-feeder-yem-makinasi\\\/#primaryimage\"},\"image\":{\"@id\":\"https:\\\/\\\/anadolupet.com.tr\\\/urun\\\/tetra-my-feeder-yem-makinasi\\\/#primaryimage\"},\"thumbnailUrl\":\"https:\\\/\\\/anadolupet.com.tr\\\/wp-content\\\/uploads\\\/2026\\\/02\\\/402-709529.jpg\",\"datePublished\":\"2026-02-14T14:46:26+00:00\",\"dateModified\":\"2026-02-23T16:49:21+00:00\",\"breadcrumb\":{\"@id\":\"https:\\\/\\\/anadolupet.com.tr\\\/urun\\\/tetra-my-feeder-yem-makinasi\\\/#breadcrumb\"},\"inLanguage\":\"en-US\",\"potentialAction\":[{\"@type\":\"ReadAction\",\"target\":[\"https:\\\/\\\/anadolupet.com.tr\\\/urun\\\/tetra-my-feeder-yem-makinasi\\\/\"]}]},{\"@type\":\"ImageObject\",\"inLanguage\":\"en-US\",\"@id\":\"https:\\\/\\\/anadolupet.com.tr\\\/urun\\\/tetra-my-feeder-yem-makinasi\\\/#primaryimage\",\"url\":\"https:\\\/\\\/anadolupet.com.tr\\\/wp-content\\\/uploads\\\/2026\\\/02\\\/402-709529.jpg\",\"contentUrl\":\"https:\\\/\\\/anadolupet.com.tr\\\/wp-content\\\/uploads\\\/2026\\\/02\\\/402-709529.jpg\",\"width\":750,\"height\":750},{\"@type\":\"BreadcrumbList\",\"@id\":\"https:\\\/\\\/anadolupet.com.tr\\\/urun\\\/tetra-my-feeder-yem-makinasi\\\/#breadcrumb\",\"itemListElement\":[{\"@type\":\"ListItem\",\"position\":1,\"name\":\"Anasayfa\",\"item\":\"https:\\\/\\\/anadolupet.com.tr\\\/\"},{\"@type\":\"ListItem\",\"position\":2,\"name\":\"\u00dcr\u00fcnler\",\"item\":\"https:\\\/\\\/anadolupet.com.tr\\\/urunler\\\/\"},{\"@type\":\"ListItem\",\"position\":3,\"name\":\"Tetra My Feeder Yem Makinas\u0131\"}]},{\"@type\":\"WebSite\",\"@id\":\"https:\\\/\\\/anadolupet.com.tr\\\/#website\",\"url\":\"https:\\\/\\\/anadolupet.com.tr\\\/\",\"name\":\"Anadolu Pet Grup\",\"description\":\"Her Can\u0131n \u0130yi Ya\u015fam\u0131 \u0130\u00e7in Biraraday\u0131z\",\"publisher\":{\"@id\":\"https:\\\/\\\/anadolupet.com.tr\\\/#organization\"},\"potentialAction\":[{\"@type\":\"SearchAction\",\"target\":{\"@type\":\"EntryPoint\",\"urlTemplate\":\"https:\\\/\\\/anadolupet.com.tr\\\/?s={search_term_string}\"},\"query-input\":{\"@type\":\"PropertyValueSpecification\",\"valueRequired\":true,\"valueName\":\"search_term_string\"}}],\"inLanguage\":\"en-US\"},{\"@type\":\"Organization\",\"@id\":\"https:\\\/\\\/anadolupet.com.tr\\\/#organization\",\"name\":\"Anadolu Pet Grup\",\"alternateName\":\"Anadolu Pet\",\"url\":\"https:\\\/\\\/anadolupet.com.tr\\\/\",\"logo\":{\"@type\":\"ImageObject\",\"inLanguage\":\"en-US\",\"@id\":\"https:\\\/\\\/anadolupet.com.tr\\\/#\\\/schema\\\/logo\\\/image\\\/\",\"url\":\"https:\\\/\\\/anadolupet.com.tr\\\/wp-content\\\/uploads\\\/2026\\\/03\\\/1614666743370.jpg\",\"contentUrl\":\"https:\\\/\\\/anadolupet.com.tr\\\/wp-content\\\/uploads\\\/2026\\\/03\\\/1614666743370.jpg\",\"width\":800,\"height\":571,\"caption\":\"Anadolu Pet Grup\"},\"image\":{\"@id\":\"https:\\\/\\\/anadolupet.com.tr\\\/#\\\/schema\\\/logo\\\/image\\\/\"}}]}<\/script>\n<!-- \/ Yoast SEO plugin. -->","yoast_head_json":{"title":"Tetra My Feeder Yem Makinas\u0131 - Anadolu Pet Grup","robots":{"index":"index","follow":"follow","max-snippet":"max-snippet:-1","max-image-preview":"max-image-preview:large","max-video-preview":"max-video-preview:-1"},"canonical":"https:\/\/anadolupet.com.tr\/en\/product\/tetra-my-feeder-yem-makinasi\/","og_locale":"en_US","og_type":"article","og_title":"Tetra My Feeder Yem Makinas\u0131 - Anadolu Pet Grup","og_description":"Tetra myFeeder otomatik besleyici, akvaryum bal\u0131klar\u0131n\u0131z\u0131n siz uzaktayken hedeflendi\u011fi \u015fekilde beslenmesini sa\u011flar. myFeeder otomatik besleyici, tam olarak do\u011fru miktarda yiyece\u011fi g\u00fcvenilir bir \u015fekilde verir. Dijital ekran, \u00fc\u00e7 besleme s\u00fcresine kadar ve bir veya iki aral\u0131k programlamak i\u00e7in kullan\u0131labilir. myFeeder\u2019\u0131n \u00f6zel olarak geli\u015ftirilmi\u015f benzersiz yiyecek b\u00f6lmesi, yiyecekleri \u0131\u015f\u0131\u011fa, havaya ve neme kar\u015f\u0131 g\u00fcvenilir bir \u015fekilde korur: ikili muhafaza sistemi, yiyecekleri g\u00fcvenli bir \u015fekilde kapat\u0131r ve d\u0131\u015f etkenlere kar\u015f\u0131 korur. myFeeder'\u0131n dijital ekran\u0131, pillerin de\u011fi\u015ftirilmesi gerekip gerekmedi\u011fini size bildirirken, daha fazla teknik ayr\u0131nt\u0131 da otomatik besleyicinin kullan\u0131m\u0131n\u0131 son derece kolayla\u015ft\u0131r\u0131r. myFeeder'\u0131 akvaryuma ba\u011flamak son derece basittir. Ayaklar\u0131n y\u00fcksekli\u011fi ayarlanabilir ve besleme s\u0131ras\u0131nda g\u00fcr\u00fclt\u00fcy\u00fc azaltmak i\u00e7in kau\u00e7uktan yap\u0131lm\u0131\u015ft\u0131r. Otomatik besleyicinin \u00f6n taraf\u0131ndaki bir pencere, ayn\u0131 zamanda ge\u00e7erli doldurma seviyesini g\u00f6rmenizi sa\u011flar. \u00c7ok say\u0131da teknik ayr\u0131nt\u0131 ve \u00fcst\u00fcn kalite ile myFeeder otomatik besleyici, bal\u0131k beslemede g\u00fcvenilir bir yard\u0131mc\u0131d\u0131r. Detaylar; *Otomatik ve g\u00fcvenilir bal\u0131k besleme. *Benzersiz \u00e7ift muhafaza sistemi, yiyecekleri \u0131\u015f\u0131\u011fa, havaya ve neme kar\u015f\u0131 g\u00fcvenilir bir \u015fekilde korur. *Basit programlama i\u00e7in dijital ekran. *Yiyecek miktar\u0131 bal\u0131k t\u00fcr\u00fcne ve iste\u011fe \u00f6zel ayarlanabilir. *Doldurma seviyesi g\u00f6r\u00fcnt\u00fcleme penceresi. *Pil \u015farj seviyesi g\u00f6stergesi. *Tek bir d\u00fc\u011fmeye basarak manuel besleme. *\u0130ki y\u0131l garanti.","og_url":"https:\/\/anadolupet.com.tr\/en\/product\/tetra-my-feeder-yem-makinasi\/","og_site_name":"Anadolu Pet Grup","article_modified_time":"2026-02-23T16:49:21+00:00","og_image":[{"width":750,"height":750,"url":"https:\/\/anadolupet.com.tr\/wp-content\/uploads\/2026\/02\/402-709529.jpg","type":"image\/jpeg"}],"twitter_card":"summary_large_image","schema":{"@context":"https:\/\/schema.org","@graph":[{"@type":"WebPage","@id":"https:\/\/anadolupet.com.tr\/urun\/tetra-my-feeder-yem-makinasi\/","url":"https:\/\/anadolupet.com.tr\/urun\/tetra-my-feeder-yem-makinasi\/","name":"Tetra My Feeder Yem Makinas\u0131 - Anadolu Pet Grup","isPartOf":{"@id":"https:\/\/anadolupet.com.tr\/#website"},"primaryImageOfPage":{"@id":"https:\/\/anadolupet.com.tr\/urun\/tetra-my-feeder-yem-makinasi\/#primaryimage"},"image":{"@id":"https:\/\/anadolupet.com.tr\/urun\/tetra-my-feeder-yem-makinasi\/#primaryimage"},"thumbnailUrl":"https:\/\/anadolupet.com.tr\/wp-content\/uploads\/2026\/02\/402-709529.jpg","datePublished":"2026-02-14T14:46:26+00:00","dateModified":"2026-02-23T16:49:21+00:00","breadcrumb":{"@id":"https:\/\/anadolupet.com.tr\/urun\/tetra-my-feeder-yem-makinasi\/#breadcrumb"},"inLanguage":"en-US","potentialAction":[{"@type":"ReadAction","target":["https:\/\/anadolupet.com.tr\/urun\/tetra-my-feeder-yem-makinasi\/"]}]},{"@type":"ImageObject","inLanguage":"en-US","@id":"https:\/\/anadolupet.com.tr\/urun\/tetra-my-feeder-yem-makinasi\/#primaryimage","url":"https:\/\/anadolupet.com.tr\/wp-content\/uploads\/2026\/02\/402-709529.jpg","contentUrl":"https:\/\/anadolupet.com.tr\/wp-content\/uploads\/2026\/02\/402-709529.jpg","width":750,"height":750},{"@type":"BreadcrumbList","@id":"https:\/\/anadolupet.com.tr\/urun\/tetra-my-feeder-yem-makinasi\/#breadcrumb","itemListElement":[{"@type":"ListItem","position":1,"name":"Anasayfa","item":"https:\/\/anadolupet.com.tr\/"},{"@type":"ListItem","position":2,"name":"\u00dcr\u00fcnler","item":"https:\/\/anadolupet.com.tr\/urunler\/"},{"@type":"ListItem","position":3,"name":"Tetra My Feeder Yem Makinas\u0131"}]},{"@type":"WebSite","@id":"https:\/\/anadolupet.com.tr\/#website","url":"https:\/\/anadolupet.com.tr\/","name":"Anadolu Pet Group","description":"We Stand Together for the Well-Being of Every Life","publisher":{"@id":"https:\/\/anadolupet.com.tr\/#organization"},"potentialAction":[{"@type":"SearchAction","target":{"@type":"EntryPoint","urlTemplate":"https:\/\/anadolupet.com.tr\/?s={search_term_string}"},"query-input":{"@type":"PropertyValueSpecification","valueRequired":true,"valueName":"search_term_string"}}],"inLanguage":"en-US"},{"@type":"Organization","@id":"https:\/\/anadolupet.com.tr\/#organization","name":"Anadolu Pet Group","alternateName":"Anadolu Pet","url":"https:\/\/anadolupet.com.tr\/","logo":{"@type":"ImageObject","inLanguage":"en-US","@id":"https:\/\/anadolupet.com.tr\/#\/schema\/logo\/image\/","url":"https:\/\/anadolupet.com.tr\/wp-content\/uploads\/2026\/03\/1614666743370.jpg","contentUrl":"https:\/\/anadolupet.com.tr\/wp-content\/uploads\/2026\/03\/1614666743370.jpg","width":800,"height":571,"caption":"Anadolu Pet Grup"},"image":{"@id":"https:\/\/anadolupet.com.tr\/#\/schema\/logo\/image\/"}}]}},"_links":{"self":[{"href":"https:\/\/anadolupet.com.tr\/en\/wp-json\/wp\/v2\/product\/46336","targetHints":{"allow":["GET"]}}],"collection":[{"href":"https:\/\/anadolupet.com.tr\/en\/wp-json\/wp\/v2\/product"}],"about":[{"href":"https:\/\/anadolupet.com.tr\/en\/wp-json\/wp\/v2\/types\/product"}],"replies":[{"embeddable":true,"href":"https:\/\/anadolupet.com.tr\/en\/wp-json\/wp\/v2\/comments?post=46336"}],"wp:featuredmedia":[{"embeddable":true,"href":"https:\/\/anadolupet.com.tr\/en\/wp-json\/wp\/v2\/media\/47225"}],"wp:attachment":[{"href":"https:\/\/anadolupet.com.tr\/en\/wp-json\/wp\/v2\/media?parent=46336"}],"wp:term":[{"taxonomy":"product_brand","embeddable":true,"href":"https:\/\/anadolupet.com.tr\/en\/wp-json\/wp\/v2\/product_brand?post=46336"},{"taxonomy":"product_cat","embeddable":true,"href":"https:\/\/anadolupet.com.tr\/en\/wp-json\/wp\/v2\/product_cat?post=46336"},{"taxonomy":"product_tag","embeddable":true,"href":"https:\/\/anadolupet.com.tr\/en\/wp-json\/wp\/v2\/product_tag?post=46336"}],"curies":[{"name":"wp","href":"https:\/\/api.w.org\/{rel}","templated":true}]}}