{"id":46338,"date":"2026-02-14T14:46:26","date_gmt":"2026-02-14T14:46:26","guid":{"rendered":"https:\/\/anadolupet.com.tr\/?post_type=product&#038;p=46338"},"modified":"2026-02-23T16:49:21","modified_gmt":"2026-02-23T16:49:21","slug":"tetra-phyll-flakes-bitkisel-tropikal-balik-yemi-10lt","status":"publish","type":"product","link":"https:\/\/anadolupet.com.tr\/en\/urun\/tetra-phyll-flakes-bitkisel-tropikal-balik-yemi-10lt\/","title":{"rendered":"Tetra Phyll Flakes Bitkisel Tropikal Bal\u0131k Yemi &#8211; 10LT"},"content":{"rendered":"","protected":false},"excerpt":{"rendered":"<p>Tetra Phyll Flakes, bitkisel a\u011f\u0131rl\u0131kl\u0131 beslenmesi gereken t\u00fcm s\u00fcs bal\u0131klar\u0131 ba\u015fta olmak \u00fczere t\u00fcm bal\u0131klar i\u00e7in uygun pul yemdir. Y\u00fcksek besin de\u011feri sayesinde, besleyicili\u011fi y\u00fcksek, vitamin, mineral ve iz elementlerin kar\u0131\u015f\u0131m\u0131 bal\u0131klar\u0131n\u0131z\u0131n sa\u011fl\u0131kl\u0131 geli\u015fimi ve performans\u0131n\u0131 olumlu y\u00f6nde etkilemektedir. Tetra Phyll, \u00e7e\u015fitli boyuttaki pul yap\u0131s\u0131 ile her boyuttaki bal\u0131k i\u00e7in kolayl\u0131kla t\u00fcketilebilir niteliktedir. Form\u00fcl\u00fcndeki Stabilize edilmi\u015f C Vitamini, bal\u0131klar\u0131n\u0131z\u0131n ba\u011f\u0131\u015f\u0131kl\u0131\u011f\u0131n\u0131 g\u00fc\u00e7lendirerek hastal\u0131klara kar\u015f\u0131 direncini artt\u0131r\u0131r. Tetra Phyll, i\u00e7eri\u011findeki dengeli vitaminler sayesinde bal\u0131klar\u0131n\u0131z\u0131n do\u011fal renklerinin korunmas\u0131na da yard\u0131mc\u0131 olur. \u0130\u00e7eri\u011fi; Bal\u0131k ve bal\u0131k \u00fcr\u00fcnleri, tah\u0131llar, maya, bitkisel protein ekstrakt\u0131, ya\u011flar, yumu\u015fak ve kabuklu deniz \u00fcr\u00fcnleri, deniz yosunu, \u015feker, lesitin, vitaminler, do\u011fal renklendiriciler ve koruyucular.<br \/>\nDozaj;<br \/>\nK\u00fc\u00e7\u00fck miktarlarda g\u00fcnde birka\u00e7 kez besleyin.<br \/>\nMiktar;<br \/>\n10 Lt<\/p>","protected":false},"featured_media":47143,"comment_status":"open","ping_status":"closed","template":"","meta":{"_acf_changed":false},"product_brand":[],"product_cat":[2405],"product_tag":[],"class_list":{"0":"post-46338","1":"product","2":"type-product","3":"status-publish","4":"has-post-thumbnail","6":"product_cat-ozel-yemler","8":"first","9":"instock","10":"shipping-taxable","11":"product-type-simple"},"acf":[],"yoast_head":"<!-- This site is optimized with the Yoast SEO plugin v27.5 - https:\/\/yoast.com\/product\/yoast-seo-wordpress\/ -->\n<title>Tetra Phyll Flakes Bitkisel Tropikal Bal\u0131k Yemi - 10LT - Anadolu Pet Grup<\/title>\n<meta name=\"robots\" content=\"index, follow, max-snippet:-1, max-image-preview:large, max-video-preview:-1\" \/>\n<link rel=\"canonical\" href=\"https:\/\/anadolupet.com.tr\/en\/product\/tetra-phyll-flakes-bitkisel-tropikal-balik-yemi-10lt\/\" \/>\n<meta property=\"og:locale\" content=\"en_US\" \/>\n<meta property=\"og:type\" content=\"article\" \/>\n<meta property=\"og:title\" content=\"Tetra Phyll Flakes Bitkisel Tropikal Bal\u0131k Yemi - 10LT - Anadolu Pet Grup\" \/>\n<meta property=\"og:description\" content=\"Tetra Phyll Flakes, bitkisel a\u011f\u0131rl\u0131kl\u0131 beslenmesi gereken t\u00fcm s\u00fcs bal\u0131klar\u0131 ba\u015fta olmak \u00fczere t\u00fcm bal\u0131klar i\u00e7in uygun pul yemdir. Y\u00fcksek besin de\u011feri sayesinde, besleyicili\u011fi y\u00fcksek, vitamin, mineral ve iz elementlerin kar\u0131\u015f\u0131m\u0131 bal\u0131klar\u0131n\u0131z\u0131n sa\u011fl\u0131kl\u0131 geli\u015fimi ve performans\u0131n\u0131 olumlu y\u00f6nde etkilemektedir. Tetra Phyll, \u00e7e\u015fitli boyuttaki pul yap\u0131s\u0131 ile her boyuttaki bal\u0131k i\u00e7in kolayl\u0131kla t\u00fcketilebilir niteliktedir. Form\u00fcl\u00fcndeki Stabilize edilmi\u015f C Vitamini, bal\u0131klar\u0131n\u0131z\u0131n ba\u011f\u0131\u015f\u0131kl\u0131\u011f\u0131n\u0131 g\u00fc\u00e7lendirerek hastal\u0131klara kar\u015f\u0131 direncini artt\u0131r\u0131r. Tetra Phyll, i\u00e7eri\u011findeki dengeli vitaminler sayesinde bal\u0131klar\u0131n\u0131z\u0131n do\u011fal renklerinin korunmas\u0131na da yard\u0131mc\u0131 olur. \u0130\u00e7eri\u011fi; Bal\u0131k ve bal\u0131k \u00fcr\u00fcnleri, tah\u0131llar, maya, bitkisel protein ekstrakt\u0131, ya\u011flar, yumu\u015fak ve kabuklu deniz \u00fcr\u00fcnleri, deniz yosunu, \u015feker, lesitin, vitaminler, do\u011fal renklendiriciler ve koruyucular. Dozaj; K\u00fc\u00e7\u00fck miktarlarda g\u00fcnde birka\u00e7 kez besleyin. Miktar; 10 Lt\" \/>\n<meta property=\"og:url\" content=\"https:\/\/anadolupet.com.tr\/en\/product\/tetra-phyll-flakes-bitkisel-tropikal-balik-yemi-10lt\/\" \/>\n<meta property=\"og:site_name\" content=\"Anadolu Pet Grup\" \/>\n<meta property=\"article:modified_time\" content=\"2026-02-23T16:49:21+00:00\" \/>\n<meta property=\"og:image\" content=\"https:\/\/anadolupet.com.tr\/wp-content\/uploads\/2026\/02\/400-769915.jpg\" \/>\n\t<meta property=\"og:image:width\" content=\"750\" \/>\n\t<meta property=\"og:image:height\" content=\"750\" \/>\n\t<meta property=\"og:image:type\" content=\"image\/jpeg\" \/>\n<meta name=\"twitter:card\" content=\"summary_large_image\" \/>\n<script type=\"application\/ld+json\" class=\"yoast-schema-graph\">{\"@context\":\"https:\\\/\\\/schema.org\",\"@graph\":[{\"@type\":\"WebPage\",\"@id\":\"https:\\\/\\\/anadolupet.com.tr\\\/urun\\\/tetra-phyll-flakes-bitkisel-tropikal-balik-yemi-10lt\\\/\",\"url\":\"https:\\\/\\\/anadolupet.com.tr\\\/urun\\\/tetra-phyll-flakes-bitkisel-tropikal-balik-yemi-10lt\\\/\",\"name\":\"Tetra Phyll Flakes Bitkisel Tropikal Bal\u0131k Yemi - 10LT - Anadolu Pet Grup\",\"isPartOf\":{\"@id\":\"https:\\\/\\\/anadolupet.com.tr\\\/#website\"},\"primaryImageOfPage\":{\"@id\":\"https:\\\/\\\/anadolupet.com.tr\\\/urun\\\/tetra-phyll-flakes-bitkisel-tropikal-balik-yemi-10lt\\\/#primaryimage\"},\"image\":{\"@id\":\"https:\\\/\\\/anadolupet.com.tr\\\/urun\\\/tetra-phyll-flakes-bitkisel-tropikal-balik-yemi-10lt\\\/#primaryimage\"},\"thumbnailUrl\":\"https:\\\/\\\/anadolupet.com.tr\\\/wp-content\\\/uploads\\\/2026\\\/02\\\/400-769915.jpg\",\"datePublished\":\"2026-02-14T14:46:26+00:00\",\"dateModified\":\"2026-02-23T16:49:21+00:00\",\"breadcrumb\":{\"@id\":\"https:\\\/\\\/anadolupet.com.tr\\\/urun\\\/tetra-phyll-flakes-bitkisel-tropikal-balik-yemi-10lt\\\/#breadcrumb\"},\"inLanguage\":\"en-US\",\"potentialAction\":[{\"@type\":\"ReadAction\",\"target\":[\"https:\\\/\\\/anadolupet.com.tr\\\/urun\\\/tetra-phyll-flakes-bitkisel-tropikal-balik-yemi-10lt\\\/\"]}]},{\"@type\":\"ImageObject\",\"inLanguage\":\"en-US\",\"@id\":\"https:\\\/\\\/anadolupet.com.tr\\\/urun\\\/tetra-phyll-flakes-bitkisel-tropikal-balik-yemi-10lt\\\/#primaryimage\",\"url\":\"https:\\\/\\\/anadolupet.com.tr\\\/wp-content\\\/uploads\\\/2026\\\/02\\\/400-769915.jpg\",\"contentUrl\":\"https:\\\/\\\/anadolupet.com.tr\\\/wp-content\\\/uploads\\\/2026\\\/02\\\/400-769915.jpg\",\"width\":750,\"height\":750},{\"@type\":\"BreadcrumbList\",\"@id\":\"https:\\\/\\\/anadolupet.com.tr\\\/urun\\\/tetra-phyll-flakes-bitkisel-tropikal-balik-yemi-10lt\\\/#breadcrumb\",\"itemListElement\":[{\"@type\":\"ListItem\",\"position\":1,\"name\":\"Anasayfa\",\"item\":\"https:\\\/\\\/anadolupet.com.tr\\\/\"},{\"@type\":\"ListItem\",\"position\":2,\"name\":\"\u00dcr\u00fcnler\",\"item\":\"https:\\\/\\\/anadolupet.com.tr\\\/urunler\\\/\"},{\"@type\":\"ListItem\",\"position\":3,\"name\":\"Tetra Phyll Flakes Bitkisel Tropikal Bal\u0131k Yemi &#8211; 10LT\"}]},{\"@type\":\"WebSite\",\"@id\":\"https:\\\/\\\/anadolupet.com.tr\\\/#website\",\"url\":\"https:\\\/\\\/anadolupet.com.tr\\\/\",\"name\":\"Anadolu Pet Grup\",\"description\":\"Her Can\u0131n \u0130yi Ya\u015fam\u0131 \u0130\u00e7in Biraraday\u0131z\",\"publisher\":{\"@id\":\"https:\\\/\\\/anadolupet.com.tr\\\/#organization\"},\"potentialAction\":[{\"@type\":\"SearchAction\",\"target\":{\"@type\":\"EntryPoint\",\"urlTemplate\":\"https:\\\/\\\/anadolupet.com.tr\\\/?s={search_term_string}\"},\"query-input\":{\"@type\":\"PropertyValueSpecification\",\"valueRequired\":true,\"valueName\":\"search_term_string\"}}],\"inLanguage\":\"en-US\"},{\"@type\":\"Organization\",\"@id\":\"https:\\\/\\\/anadolupet.com.tr\\\/#organization\",\"name\":\"Anadolu Pet Grup\",\"alternateName\":\"Anadolu Pet\",\"url\":\"https:\\\/\\\/anadolupet.com.tr\\\/\",\"logo\":{\"@type\":\"ImageObject\",\"inLanguage\":\"en-US\",\"@id\":\"https:\\\/\\\/anadolupet.com.tr\\\/#\\\/schema\\\/logo\\\/image\\\/\",\"url\":\"https:\\\/\\\/anadolupet.com.tr\\\/wp-content\\\/uploads\\\/2026\\\/03\\\/1614666743370.jpg\",\"contentUrl\":\"https:\\\/\\\/anadolupet.com.tr\\\/wp-content\\\/uploads\\\/2026\\\/03\\\/1614666743370.jpg\",\"width\":800,\"height\":571,\"caption\":\"Anadolu Pet Grup\"},\"image\":{\"@id\":\"https:\\\/\\\/anadolupet.com.tr\\\/#\\\/schema\\\/logo\\\/image\\\/\"}}]}<\/script>\n<!-- \/ Yoast SEO plugin. -->","yoast_head_json":{"title":"Tetra Phyll Flakes Bitkisel Tropikal Bal\u0131k Yemi - 10LT - Anadolu Pet Grup","robots":{"index":"index","follow":"follow","max-snippet":"max-snippet:-1","max-image-preview":"max-image-preview:large","max-video-preview":"max-video-preview:-1"},"canonical":"https:\/\/anadolupet.com.tr\/en\/product\/tetra-phyll-flakes-bitkisel-tropikal-balik-yemi-10lt\/","og_locale":"en_US","og_type":"article","og_title":"Tetra Phyll Flakes Bitkisel Tropikal Bal\u0131k Yemi - 10LT - Anadolu Pet Grup","og_description":"Tetra Phyll Flakes, bitkisel a\u011f\u0131rl\u0131kl\u0131 beslenmesi gereken t\u00fcm s\u00fcs bal\u0131klar\u0131 ba\u015fta olmak \u00fczere t\u00fcm bal\u0131klar i\u00e7in uygun pul yemdir. Y\u00fcksek besin de\u011feri sayesinde, besleyicili\u011fi y\u00fcksek, vitamin, mineral ve iz elementlerin kar\u0131\u015f\u0131m\u0131 bal\u0131klar\u0131n\u0131z\u0131n sa\u011fl\u0131kl\u0131 geli\u015fimi ve performans\u0131n\u0131 olumlu y\u00f6nde etkilemektedir. Tetra Phyll, \u00e7e\u015fitli boyuttaki pul yap\u0131s\u0131 ile her boyuttaki bal\u0131k i\u00e7in kolayl\u0131kla t\u00fcketilebilir niteliktedir. Form\u00fcl\u00fcndeki Stabilize edilmi\u015f C Vitamini, bal\u0131klar\u0131n\u0131z\u0131n ba\u011f\u0131\u015f\u0131kl\u0131\u011f\u0131n\u0131 g\u00fc\u00e7lendirerek hastal\u0131klara kar\u015f\u0131 direncini artt\u0131r\u0131r. Tetra Phyll, i\u00e7eri\u011findeki dengeli vitaminler sayesinde bal\u0131klar\u0131n\u0131z\u0131n do\u011fal renklerinin korunmas\u0131na da yard\u0131mc\u0131 olur. \u0130\u00e7eri\u011fi; Bal\u0131k ve bal\u0131k \u00fcr\u00fcnleri, tah\u0131llar, maya, bitkisel protein ekstrakt\u0131, ya\u011flar, yumu\u015fak ve kabuklu deniz \u00fcr\u00fcnleri, deniz yosunu, \u015feker, lesitin, vitaminler, do\u011fal renklendiriciler ve koruyucular. Dozaj; K\u00fc\u00e7\u00fck miktarlarda g\u00fcnde birka\u00e7 kez besleyin. Miktar; 10 Lt","og_url":"https:\/\/anadolupet.com.tr\/en\/product\/tetra-phyll-flakes-bitkisel-tropikal-balik-yemi-10lt\/","og_site_name":"Anadolu Pet Grup","article_modified_time":"2026-02-23T16:49:21+00:00","og_image":[{"width":750,"height":750,"url":"https:\/\/anadolupet.com.tr\/wp-content\/uploads\/2026\/02\/400-769915.jpg","type":"image\/jpeg"}],"twitter_card":"summary_large_image","schema":{"@context":"https:\/\/schema.org","@graph":[{"@type":"WebPage","@id":"https:\/\/anadolupet.com.tr\/urun\/tetra-phyll-flakes-bitkisel-tropikal-balik-yemi-10lt\/","url":"https:\/\/anadolupet.com.tr\/urun\/tetra-phyll-flakes-bitkisel-tropikal-balik-yemi-10lt\/","name":"Tetra Phyll Flakes Bitkisel Tropikal Bal\u0131k Yemi - 10LT - Anadolu Pet Grup","isPartOf":{"@id":"https:\/\/anadolupet.com.tr\/#website"},"primaryImageOfPage":{"@id":"https:\/\/anadolupet.com.tr\/urun\/tetra-phyll-flakes-bitkisel-tropikal-balik-yemi-10lt\/#primaryimage"},"image":{"@id":"https:\/\/anadolupet.com.tr\/urun\/tetra-phyll-flakes-bitkisel-tropikal-balik-yemi-10lt\/#primaryimage"},"thumbnailUrl":"https:\/\/anadolupet.com.tr\/wp-content\/uploads\/2026\/02\/400-769915.jpg","datePublished":"2026-02-14T14:46:26+00:00","dateModified":"2026-02-23T16:49:21+00:00","breadcrumb":{"@id":"https:\/\/anadolupet.com.tr\/urun\/tetra-phyll-flakes-bitkisel-tropikal-balik-yemi-10lt\/#breadcrumb"},"inLanguage":"en-US","potentialAction":[{"@type":"ReadAction","target":["https:\/\/anadolupet.com.tr\/urun\/tetra-phyll-flakes-bitkisel-tropikal-balik-yemi-10lt\/"]}]},{"@type":"ImageObject","inLanguage":"en-US","@id":"https:\/\/anadolupet.com.tr\/urun\/tetra-phyll-flakes-bitkisel-tropikal-balik-yemi-10lt\/#primaryimage","url":"https:\/\/anadolupet.com.tr\/wp-content\/uploads\/2026\/02\/400-769915.jpg","contentUrl":"https:\/\/anadolupet.com.tr\/wp-content\/uploads\/2026\/02\/400-769915.jpg","width":750,"height":750},{"@type":"BreadcrumbList","@id":"https:\/\/anadolupet.com.tr\/urun\/tetra-phyll-flakes-bitkisel-tropikal-balik-yemi-10lt\/#breadcrumb","itemListElement":[{"@type":"ListItem","position":1,"name":"Anasayfa","item":"https:\/\/anadolupet.com.tr\/"},{"@type":"ListItem","position":2,"name":"\u00dcr\u00fcnler","item":"https:\/\/anadolupet.com.tr\/urunler\/"},{"@type":"ListItem","position":3,"name":"Tetra Phyll Flakes Bitkisel Tropikal Bal\u0131k Yemi &#8211; 10LT"}]},{"@type":"WebSite","@id":"https:\/\/anadolupet.com.tr\/#website","url":"https:\/\/anadolupet.com.tr\/","name":"Anadolu Pet Group","description":"We Stand Together for the Well-Being of Every Life","publisher":{"@id":"https:\/\/anadolupet.com.tr\/#organization"},"potentialAction":[{"@type":"SearchAction","target":{"@type":"EntryPoint","urlTemplate":"https:\/\/anadolupet.com.tr\/?s={search_term_string}"},"query-input":{"@type":"PropertyValueSpecification","valueRequired":true,"valueName":"search_term_string"}}],"inLanguage":"en-US"},{"@type":"Organization","@id":"https:\/\/anadolupet.com.tr\/#organization","name":"Anadolu Pet Group","alternateName":"Anadolu Pet","url":"https:\/\/anadolupet.com.tr\/","logo":{"@type":"ImageObject","inLanguage":"en-US","@id":"https:\/\/anadolupet.com.tr\/#\/schema\/logo\/image\/","url":"https:\/\/anadolupet.com.tr\/wp-content\/uploads\/2026\/03\/1614666743370.jpg","contentUrl":"https:\/\/anadolupet.com.tr\/wp-content\/uploads\/2026\/03\/1614666743370.jpg","width":800,"height":571,"caption":"Anadolu Pet Grup"},"image":{"@id":"https:\/\/anadolupet.com.tr\/#\/schema\/logo\/image\/"}}]}},"_links":{"self":[{"href":"https:\/\/anadolupet.com.tr\/en\/wp-json\/wp\/v2\/product\/46338","targetHints":{"allow":["GET"]}}],"collection":[{"href":"https:\/\/anadolupet.com.tr\/en\/wp-json\/wp\/v2\/product"}],"about":[{"href":"https:\/\/anadolupet.com.tr\/en\/wp-json\/wp\/v2\/types\/product"}],"replies":[{"embeddable":true,"href":"https:\/\/anadolupet.com.tr\/en\/wp-json\/wp\/v2\/comments?post=46338"}],"wp:featuredmedia":[{"embeddable":true,"href":"https:\/\/anadolupet.com.tr\/en\/wp-json\/wp\/v2\/media\/47143"}],"wp:attachment":[{"href":"https:\/\/anadolupet.com.tr\/en\/wp-json\/wp\/v2\/media?parent=46338"}],"wp:term":[{"taxonomy":"product_brand","embeddable":true,"href":"https:\/\/anadolupet.com.tr\/en\/wp-json\/wp\/v2\/product_brand?post=46338"},{"taxonomy":"product_cat","embeddable":true,"href":"https:\/\/anadolupet.com.tr\/en\/wp-json\/wp\/v2\/product_cat?post=46338"},{"taxonomy":"product_tag","embeddable":true,"href":"https:\/\/anadolupet.com.tr\/en\/wp-json\/wp\/v2\/product_tag?post=46338"}],"curies":[{"name":"wp","href":"https:\/\/api.w.org\/{rel}","templated":true}]}}