{"id":46341,"date":"2026-02-14T14:46:26","date_gmt":"2026-02-14T14:46:26","guid":{"rendered":"https:\/\/anadolupet.com.tr\/?post_type=product&#038;p=46341"},"modified":"2026-02-23T16:49:22","modified_gmt":"2026-02-23T16:49:22","slug":"tetra-plantamin-sivi-bitki-gubresi-100ml","status":"publish","type":"product","link":"https:\/\/anadolupet.com.tr\/en\/urun\/tetra-plantamin-sivi-bitki-gubresi-100ml\/","title":{"rendered":"Tetra Plantam\u0131n S\u0131v\u0131 Bitki G\u00fcbresi &#8211; 100ML"},"content":{"rendered":"","protected":false},"excerpt":{"rendered":"<p>Tetra PlantaMin, tatl\u0131 su akvaryumlar\u0131nda yeti\u015ftirilen bitkiler i\u00e7in demir yo\u011fun bir g\u00fcbredir. Demir, potasyum ve manganez gibi temel besinler sa\u011fl\u0131kl\u0131 bir bitki geli\u015fimini destekler. \u00d6zel Depot form\u00fcl\u00fc sayesinde Tetra PlantaMin&#8217;in i\u00e7erdi\u011fi besinler d\u00f6rt haftal\u0131k bir s\u00fcre i\u00e7inde bitkilere sal\u0131n\u0131r. Klorofil formasyonunu ilerletir ve zengin ye\u015fil yaprak olu\u015fumunu sa\u011flar.<br \/>\nDetaylar;<br \/>\n*Demir, potasyum, manganez ve di\u011fer \u00f6nemli eser elementler sa\u011fl\u0131kl\u0131 ve geli\u015fen bitki b\u00fcy\u00fcmesini destekler.<br \/>\n*30 g\u00fcn etki sa\u011flayan Depot form\u00fcl\u00fc.<br \/>\n*Yapraklar taraf\u0131ndan optimum besin emilimi sa\u011flan\u0131r.<br \/>\n*Klorofil olu\u015fumunu te\u015fvik ederek su bitkilerinin daha canl\u0131 renklere sahip olmas\u0131na destek olur.<br \/>\n*Sar\u0131 su bitkilerini g\u00fcvenilir \u015fekilde \u00f6nler.<br \/>\n*Sa\u011fl\u0131kl\u0131 bitki b\u00fcy\u00fcmesi i\u00e7in algleri \u00f6nlemenin en iyi yoludur.<br \/>\n*Fosfat ve nitrat i\u00e7ermedi\u011fi i\u00e7in suyu kirletmez.<br \/>\nDozaj;<br \/>\nKullanmadan \u00f6nce \u00e7alkalay\u0131n\u0131z. Her ay 20 Lt akvaryum suyuna 5 ml Tetra PlantaMin ekleyin.<br \/>\nMiktar;<br \/>\n100 ml<\/p>","protected":false},"featured_media":47149,"comment_status":"open","ping_status":"closed","template":"","meta":{"_acf_changed":false},"product_brand":[],"product_cat":[2410],"product_tag":[],"class_list":{"0":"post-46341","1":"product","2":"type-product","3":"status-publish","4":"has-post-thumbnail","6":"product_cat-su-duzenleyiciler","8":"first","9":"instock","10":"shipping-taxable","11":"product-type-simple"},"acf":[],"yoast_head":"<!-- This site is optimized with the Yoast SEO plugin v27.4 - https:\/\/yoast.com\/product\/yoast-seo-wordpress\/ -->\n<title>Tetra Plantam\u0131n S\u0131v\u0131 Bitki G\u00fcbresi - 100ML - Anadolu Pet Grup<\/title>\n<meta name=\"robots\" content=\"index, follow, max-snippet:-1, max-image-preview:large, max-video-preview:-1\" \/>\n<link rel=\"canonical\" href=\"https:\/\/anadolupet.com.tr\/en\/product\/tetra-plantamin-sivi-bitki-gubresi-100ml\/\" \/>\n<meta property=\"og:locale\" content=\"en_US\" \/>\n<meta property=\"og:type\" content=\"article\" \/>\n<meta property=\"og:title\" content=\"Tetra Plantam\u0131n S\u0131v\u0131 Bitki G\u00fcbresi - 100ML - Anadolu Pet Grup\" \/>\n<meta property=\"og:description\" content=\"Tetra PlantaMin, tatl\u0131 su akvaryumlar\u0131nda yeti\u015ftirilen bitkiler i\u00e7in demir yo\u011fun bir g\u00fcbredir. Demir, potasyum ve manganez gibi temel besinler sa\u011fl\u0131kl\u0131 bir bitki geli\u015fimini destekler. \u00d6zel Depot form\u00fcl\u00fc sayesinde Tetra PlantaMin&#039;in i\u00e7erdi\u011fi besinler d\u00f6rt haftal\u0131k bir s\u00fcre i\u00e7inde bitkilere sal\u0131n\u0131r. Klorofil formasyonunu ilerletir ve zengin ye\u015fil yaprak olu\u015fumunu sa\u011flar. Detaylar; *Demir, potasyum, manganez ve di\u011fer \u00f6nemli eser elementler sa\u011fl\u0131kl\u0131 ve geli\u015fen bitki b\u00fcy\u00fcmesini destekler. *30 g\u00fcn etki sa\u011flayan Depot form\u00fcl\u00fc. *Yapraklar taraf\u0131ndan optimum besin emilimi sa\u011flan\u0131r. *Klorofil olu\u015fumunu te\u015fvik ederek su bitkilerinin daha canl\u0131 renklere sahip olmas\u0131na destek olur. *Sar\u0131 su bitkilerini g\u00fcvenilir \u015fekilde \u00f6nler. *Sa\u011fl\u0131kl\u0131 bitki b\u00fcy\u00fcmesi i\u00e7in algleri \u00f6nlemenin en iyi yoludur. *Fosfat ve nitrat i\u00e7ermedi\u011fi i\u00e7in suyu kirletmez. Dozaj; Kullanmadan \u00f6nce \u00e7alkalay\u0131n\u0131z. Her ay 20 Lt akvaryum suyuna 5 ml Tetra PlantaMin ekleyin. Miktar; 100 ml\" \/>\n<meta property=\"og:url\" content=\"https:\/\/anadolupet.com.tr\/en\/product\/tetra-plantamin-sivi-bitki-gubresi-100ml\/\" \/>\n<meta property=\"og:site_name\" content=\"Anadolu Pet Grup\" \/>\n<meta property=\"article:modified_time\" content=\"2026-02-23T16:49:22+00:00\" \/>\n<meta property=\"og:image\" content=\"https:\/\/anadolupet.com.tr\/wp-content\/uploads\/2026\/02\/401-701499.jpg\" \/>\n\t<meta property=\"og:image:width\" content=\"750\" \/>\n\t<meta property=\"og:image:height\" content=\"750\" \/>\n\t<meta property=\"og:image:type\" content=\"image\/jpeg\" \/>\n<meta name=\"twitter:card\" content=\"summary_large_image\" \/>\n<script type=\"application\/ld+json\" class=\"yoast-schema-graph\">{\"@context\":\"https:\\\/\\\/schema.org\",\"@graph\":[{\"@type\":\"WebPage\",\"@id\":\"https:\\\/\\\/anadolupet.com.tr\\\/urun\\\/tetra-plantamin-sivi-bitki-gubresi-100ml\\\/\",\"url\":\"https:\\\/\\\/anadolupet.com.tr\\\/urun\\\/tetra-plantamin-sivi-bitki-gubresi-100ml\\\/\",\"name\":\"Tetra Plantam\u0131n S\u0131v\u0131 Bitki G\u00fcbresi - 100ML - Anadolu Pet Grup\",\"isPartOf\":{\"@id\":\"https:\\\/\\\/anadolupet.com.tr\\\/#website\"},\"primaryImageOfPage\":{\"@id\":\"https:\\\/\\\/anadolupet.com.tr\\\/urun\\\/tetra-plantamin-sivi-bitki-gubresi-100ml\\\/#primaryimage\"},\"image\":{\"@id\":\"https:\\\/\\\/anadolupet.com.tr\\\/urun\\\/tetra-plantamin-sivi-bitki-gubresi-100ml\\\/#primaryimage\"},\"thumbnailUrl\":\"https:\\\/\\\/anadolupet.com.tr\\\/wp-content\\\/uploads\\\/2026\\\/02\\\/401-701499.jpg\",\"datePublished\":\"2026-02-14T14:46:26+00:00\",\"dateModified\":\"2026-02-23T16:49:22+00:00\",\"breadcrumb\":{\"@id\":\"https:\\\/\\\/anadolupet.com.tr\\\/urun\\\/tetra-plantamin-sivi-bitki-gubresi-100ml\\\/#breadcrumb\"},\"inLanguage\":\"en-US\",\"potentialAction\":[{\"@type\":\"ReadAction\",\"target\":[\"https:\\\/\\\/anadolupet.com.tr\\\/urun\\\/tetra-plantamin-sivi-bitki-gubresi-100ml\\\/\"]}]},{\"@type\":\"ImageObject\",\"inLanguage\":\"en-US\",\"@id\":\"https:\\\/\\\/anadolupet.com.tr\\\/urun\\\/tetra-plantamin-sivi-bitki-gubresi-100ml\\\/#primaryimage\",\"url\":\"https:\\\/\\\/anadolupet.com.tr\\\/wp-content\\\/uploads\\\/2026\\\/02\\\/401-701499.jpg\",\"contentUrl\":\"https:\\\/\\\/anadolupet.com.tr\\\/wp-content\\\/uploads\\\/2026\\\/02\\\/401-701499.jpg\",\"width\":750,\"height\":750},{\"@type\":\"BreadcrumbList\",\"@id\":\"https:\\\/\\\/anadolupet.com.tr\\\/urun\\\/tetra-plantamin-sivi-bitki-gubresi-100ml\\\/#breadcrumb\",\"itemListElement\":[{\"@type\":\"ListItem\",\"position\":1,\"name\":\"Anasayfa\",\"item\":\"https:\\\/\\\/anadolupet.com.tr\\\/\"},{\"@type\":\"ListItem\",\"position\":2,\"name\":\"\u00dcr\u00fcnler\",\"item\":\"https:\\\/\\\/anadolupet.com.tr\\\/urunler\\\/\"},{\"@type\":\"ListItem\",\"position\":3,\"name\":\"Tetra Plantam\u0131n S\u0131v\u0131 Bitki G\u00fcbresi &#8211; 100ML\"}]},{\"@type\":\"WebSite\",\"@id\":\"https:\\\/\\\/anadolupet.com.tr\\\/#website\",\"url\":\"https:\\\/\\\/anadolupet.com.tr\\\/\",\"name\":\"Anadolu Pet Grup\",\"description\":\"Her Can\u0131n \u0130yi Ya\u015fam\u0131 \u0130\u00e7in Biraraday\u0131z\",\"publisher\":{\"@id\":\"https:\\\/\\\/anadolupet.com.tr\\\/#organization\"},\"potentialAction\":[{\"@type\":\"SearchAction\",\"target\":{\"@type\":\"EntryPoint\",\"urlTemplate\":\"https:\\\/\\\/anadolupet.com.tr\\\/?s={search_term_string}\"},\"query-input\":{\"@type\":\"PropertyValueSpecification\",\"valueRequired\":true,\"valueName\":\"search_term_string\"}}],\"inLanguage\":\"en-US\"},{\"@type\":\"Organization\",\"@id\":\"https:\\\/\\\/anadolupet.com.tr\\\/#organization\",\"name\":\"Anadolu Pet Grup\",\"alternateName\":\"Anadolu Pet\",\"url\":\"https:\\\/\\\/anadolupet.com.tr\\\/\",\"logo\":{\"@type\":\"ImageObject\",\"inLanguage\":\"en-US\",\"@id\":\"https:\\\/\\\/anadolupet.com.tr\\\/#\\\/schema\\\/logo\\\/image\\\/\",\"url\":\"https:\\\/\\\/anadolupet.com.tr\\\/wp-content\\\/uploads\\\/2026\\\/03\\\/1614666743370.jpg\",\"contentUrl\":\"https:\\\/\\\/anadolupet.com.tr\\\/wp-content\\\/uploads\\\/2026\\\/03\\\/1614666743370.jpg\",\"width\":800,\"height\":571,\"caption\":\"Anadolu Pet Grup\"},\"image\":{\"@id\":\"https:\\\/\\\/anadolupet.com.tr\\\/#\\\/schema\\\/logo\\\/image\\\/\"}}]}<\/script>\n<!-- \/ Yoast SEO plugin. -->","yoast_head_json":{"title":"Tetra Plantam\u0131n S\u0131v\u0131 Bitki G\u00fcbresi - 100ML - Anadolu Pet Grup","robots":{"index":"index","follow":"follow","max-snippet":"max-snippet:-1","max-image-preview":"max-image-preview:large","max-video-preview":"max-video-preview:-1"},"canonical":"https:\/\/anadolupet.com.tr\/en\/product\/tetra-plantamin-sivi-bitki-gubresi-100ml\/","og_locale":"en_US","og_type":"article","og_title":"Tetra Plantam\u0131n S\u0131v\u0131 Bitki G\u00fcbresi - 100ML - Anadolu Pet Grup","og_description":"Tetra PlantaMin, tatl\u0131 su akvaryumlar\u0131nda yeti\u015ftirilen bitkiler i\u00e7in demir yo\u011fun bir g\u00fcbredir. Demir, potasyum ve manganez gibi temel besinler sa\u011fl\u0131kl\u0131 bir bitki geli\u015fimini destekler. \u00d6zel Depot form\u00fcl\u00fc sayesinde Tetra PlantaMin'in i\u00e7erdi\u011fi besinler d\u00f6rt haftal\u0131k bir s\u00fcre i\u00e7inde bitkilere sal\u0131n\u0131r. Klorofil formasyonunu ilerletir ve zengin ye\u015fil yaprak olu\u015fumunu sa\u011flar. Detaylar; *Demir, potasyum, manganez ve di\u011fer \u00f6nemli eser elementler sa\u011fl\u0131kl\u0131 ve geli\u015fen bitki b\u00fcy\u00fcmesini destekler. *30 g\u00fcn etki sa\u011flayan Depot form\u00fcl\u00fc. *Yapraklar taraf\u0131ndan optimum besin emilimi sa\u011flan\u0131r. *Klorofil olu\u015fumunu te\u015fvik ederek su bitkilerinin daha canl\u0131 renklere sahip olmas\u0131na destek olur. *Sar\u0131 su bitkilerini g\u00fcvenilir \u015fekilde \u00f6nler. *Sa\u011fl\u0131kl\u0131 bitki b\u00fcy\u00fcmesi i\u00e7in algleri \u00f6nlemenin en iyi yoludur. *Fosfat ve nitrat i\u00e7ermedi\u011fi i\u00e7in suyu kirletmez. Dozaj; Kullanmadan \u00f6nce \u00e7alkalay\u0131n\u0131z. Her ay 20 Lt akvaryum suyuna 5 ml Tetra PlantaMin ekleyin. Miktar; 100 ml","og_url":"https:\/\/anadolupet.com.tr\/en\/product\/tetra-plantamin-sivi-bitki-gubresi-100ml\/","og_site_name":"Anadolu Pet Grup","article_modified_time":"2026-02-23T16:49:22+00:00","og_image":[{"width":750,"height":750,"url":"https:\/\/anadolupet.com.tr\/wp-content\/uploads\/2026\/02\/401-701499.jpg","type":"image\/jpeg"}],"twitter_card":"summary_large_image","schema":{"@context":"https:\/\/schema.org","@graph":[{"@type":"WebPage","@id":"https:\/\/anadolupet.com.tr\/urun\/tetra-plantamin-sivi-bitki-gubresi-100ml\/","url":"https:\/\/anadolupet.com.tr\/urun\/tetra-plantamin-sivi-bitki-gubresi-100ml\/","name":"Tetra Plantam\u0131n S\u0131v\u0131 Bitki G\u00fcbresi - 100ML - Anadolu Pet Grup","isPartOf":{"@id":"https:\/\/anadolupet.com.tr\/#website"},"primaryImageOfPage":{"@id":"https:\/\/anadolupet.com.tr\/urun\/tetra-plantamin-sivi-bitki-gubresi-100ml\/#primaryimage"},"image":{"@id":"https:\/\/anadolupet.com.tr\/urun\/tetra-plantamin-sivi-bitki-gubresi-100ml\/#primaryimage"},"thumbnailUrl":"https:\/\/anadolupet.com.tr\/wp-content\/uploads\/2026\/02\/401-701499.jpg","datePublished":"2026-02-14T14:46:26+00:00","dateModified":"2026-02-23T16:49:22+00:00","breadcrumb":{"@id":"https:\/\/anadolupet.com.tr\/urun\/tetra-plantamin-sivi-bitki-gubresi-100ml\/#breadcrumb"},"inLanguage":"en-US","potentialAction":[{"@type":"ReadAction","target":["https:\/\/anadolupet.com.tr\/urun\/tetra-plantamin-sivi-bitki-gubresi-100ml\/"]}]},{"@type":"ImageObject","inLanguage":"en-US","@id":"https:\/\/anadolupet.com.tr\/urun\/tetra-plantamin-sivi-bitki-gubresi-100ml\/#primaryimage","url":"https:\/\/anadolupet.com.tr\/wp-content\/uploads\/2026\/02\/401-701499.jpg","contentUrl":"https:\/\/anadolupet.com.tr\/wp-content\/uploads\/2026\/02\/401-701499.jpg","width":750,"height":750},{"@type":"BreadcrumbList","@id":"https:\/\/anadolupet.com.tr\/urun\/tetra-plantamin-sivi-bitki-gubresi-100ml\/#breadcrumb","itemListElement":[{"@type":"ListItem","position":1,"name":"Anasayfa","item":"https:\/\/anadolupet.com.tr\/"},{"@type":"ListItem","position":2,"name":"\u00dcr\u00fcnler","item":"https:\/\/anadolupet.com.tr\/urunler\/"},{"@type":"ListItem","position":3,"name":"Tetra Plantam\u0131n S\u0131v\u0131 Bitki G\u00fcbresi &#8211; 100ML"}]},{"@type":"WebSite","@id":"https:\/\/anadolupet.com.tr\/#website","url":"https:\/\/anadolupet.com.tr\/","name":"Anadolu Pet Group","description":"We Stand Together for the Well-Being of Every Life","publisher":{"@id":"https:\/\/anadolupet.com.tr\/#organization"},"potentialAction":[{"@type":"SearchAction","target":{"@type":"EntryPoint","urlTemplate":"https:\/\/anadolupet.com.tr\/?s={search_term_string}"},"query-input":{"@type":"PropertyValueSpecification","valueRequired":true,"valueName":"search_term_string"}}],"inLanguage":"en-US"},{"@type":"Organization","@id":"https:\/\/anadolupet.com.tr\/#organization","name":"Anadolu Pet Group","alternateName":"Anadolu Pet","url":"https:\/\/anadolupet.com.tr\/","logo":{"@type":"ImageObject","inLanguage":"en-US","@id":"https:\/\/anadolupet.com.tr\/#\/schema\/logo\/image\/","url":"https:\/\/anadolupet.com.tr\/wp-content\/uploads\/2026\/03\/1614666743370.jpg","contentUrl":"https:\/\/anadolupet.com.tr\/wp-content\/uploads\/2026\/03\/1614666743370.jpg","width":800,"height":571,"caption":"Anadolu Pet Grup"},"image":{"@id":"https:\/\/anadolupet.com.tr\/#\/schema\/logo\/image\/"}}]}},"_links":{"self":[{"href":"https:\/\/anadolupet.com.tr\/en\/wp-json\/wp\/v2\/product\/46341","targetHints":{"allow":["GET"]}}],"collection":[{"href":"https:\/\/anadolupet.com.tr\/en\/wp-json\/wp\/v2\/product"}],"about":[{"href":"https:\/\/anadolupet.com.tr\/en\/wp-json\/wp\/v2\/types\/product"}],"replies":[{"embeddable":true,"href":"https:\/\/anadolupet.com.tr\/en\/wp-json\/wp\/v2\/comments?post=46341"}],"wp:featuredmedia":[{"embeddable":true,"href":"https:\/\/anadolupet.com.tr\/en\/wp-json\/wp\/v2\/media\/47149"}],"wp:attachment":[{"href":"https:\/\/anadolupet.com.tr\/en\/wp-json\/wp\/v2\/media?parent=46341"}],"wp:term":[{"taxonomy":"product_brand","embeddable":true,"href":"https:\/\/anadolupet.com.tr\/en\/wp-json\/wp\/v2\/product_brand?post=46341"},{"taxonomy":"product_cat","embeddable":true,"href":"https:\/\/anadolupet.com.tr\/en\/wp-json\/wp\/v2\/product_cat?post=46341"},{"taxonomy":"product_tag","embeddable":true,"href":"https:\/\/anadolupet.com.tr\/en\/wp-json\/wp\/v2\/product_tag?post=46341"}],"curies":[{"name":"wp","href":"https:\/\/api.w.org\/{rel}","templated":true}]}}