{"id":46343,"date":"2026-02-14T14:46:26","date_gmt":"2026-02-14T14:46:26","guid":{"rendered":"https:\/\/anadolupet.com.tr\/?post_type=product&#038;p=46343"},"modified":"2026-02-23T16:49:22","modified_gmt":"2026-02-23T16:49:22","slug":"tetra-pleco-algae-wafers-bitkisel-dip-balik-yemi-3-6lt","status":"publish","type":"product","link":"https:\/\/anadolupet.com.tr\/en\/urun\/tetra-pleco-algae-wafers-bitkisel-dip-balik-yemi-3-6lt\/","title":{"rendered":"Tetra Pleco Algae Wafers Bitkisel Dip Bal\u0131k Yemi &#8211; 3.6LT"},"content":{"rendered":"","protected":false},"excerpt":{"rendered":"<p>Tetra Pleco Spirulina Algae Wafers, vatozlar ve \u00c7\u00f6p\u00e7\u00fc gibi bitkisel beslenen emici bal\u0131klar i\u00e7in uygun bir tablet yemdir.<br \/>\nZengin ve taze ot\u00e7ul i\u00e7eri\u011fe sahip Pleco Spirulina Wafers bal\u0131\u011f\u0131n\u0131z\u0131n g\u00fcnl\u00fck ihtiyac\u0131 olan besin, vitamin ve mineralleri kar\u015f\u0131layacak d\u00fczeyde tam bir yemdir.<br \/>\nDetaylar;<br \/>\n*Ye\u015fil renkteki tabletler b\u00fcy\u00fck bir oranda spirulina alglerini i\u00e7erir.<br \/>\n*Ot\u00e7ul kedi bal\u0131klar\u0131 ,vatozlar ve dipten beslenen baliklarin \u00f6zel yemlenme ihtiya\u00e7lari i\u00e7in uygundur.<br \/>\n*\u00c7abuk yumu\u015far ve bal\u0131\u011f\u0131n kolayl\u0131kla yiyebilece\u011fi k\u0131vama gelir.<br \/>\n*Stabilize edilmis vitamin C hastaliklara karsi direnci arttirir, saglikli gelisimi destekler ve beslenme eksikligine bagli hastaliklari \u00f6nler. Canliligi ve saglikli bir ya\u015fam\u0131 destekler.<br \/>\nMiktar;<br \/>\n3,6 Lt<\/p>","protected":false},"featured_media":47090,"comment_status":"open","ping_status":"closed","template":"","meta":{"_acf_changed":false},"product_brand":[],"product_cat":[2418],"product_tag":[],"class_list":{"0":"post-46343","1":"product","2":"type-product","3":"status-publish","4":"has-post-thumbnail","6":"product_cat-ture-ozel-yemler","8":"first","9":"instock","10":"shipping-taxable","11":"product-type-simple"},"acf":[],"yoast_head":"<!-- This site is optimized with the Yoast SEO plugin v27.4 - https:\/\/yoast.com\/product\/yoast-seo-wordpress\/ -->\n<title>Tetra Pleco Algae Wafers Bitkisel Dip Bal\u0131k Yemi - 3.6LT - Anadolu Pet Grup<\/title>\n<meta name=\"robots\" content=\"index, follow, max-snippet:-1, max-image-preview:large, max-video-preview:-1\" \/>\n<link rel=\"canonical\" href=\"https:\/\/anadolupet.com.tr\/en\/product\/tetra-pleco-algae-wafers-bitkisel-dip-balik-yemi-3-6lt\/\" \/>\n<meta property=\"og:locale\" content=\"en_US\" \/>\n<meta property=\"og:type\" content=\"article\" \/>\n<meta property=\"og:title\" content=\"Tetra Pleco Algae Wafers Bitkisel Dip Bal\u0131k Yemi - 3.6LT - Anadolu Pet Grup\" \/>\n<meta property=\"og:description\" content=\"Tetra Pleco Spirulina Algae Wafers, vatozlar ve \u00c7\u00f6p\u00e7\u00fc gibi bitkisel beslenen emici bal\u0131klar i\u00e7in uygun bir tablet yemdir. Zengin ve taze ot\u00e7ul i\u00e7eri\u011fe sahip Pleco Spirulina Wafers bal\u0131\u011f\u0131n\u0131z\u0131n g\u00fcnl\u00fck ihtiyac\u0131 olan besin, vitamin ve mineralleri kar\u015f\u0131layacak d\u00fczeyde tam bir yemdir. Detaylar; *Ye\u015fil renkteki tabletler b\u00fcy\u00fck bir oranda spirulina alglerini i\u00e7erir. *Ot\u00e7ul kedi bal\u0131klar\u0131 ,vatozlar ve dipten beslenen baliklarin \u00f6zel yemlenme ihtiya\u00e7lari i\u00e7in uygundur. *\u00c7abuk yumu\u015far ve bal\u0131\u011f\u0131n kolayl\u0131kla yiyebilece\u011fi k\u0131vama gelir. *Stabilize edilmis vitamin C hastaliklara karsi direnci arttirir, saglikli gelisimi destekler ve beslenme eksikligine bagli hastaliklari \u00f6nler. Canliligi ve saglikli bir ya\u015fam\u0131 destekler. Miktar; 3,6 Lt\" \/>\n<meta property=\"og:url\" content=\"https:\/\/anadolupet.com.tr\/en\/product\/tetra-pleco-algae-wafers-bitkisel-dip-balik-yemi-3-6lt\/\" \/>\n<meta property=\"og:site_name\" content=\"Anadolu Pet Grup\" \/>\n<meta property=\"article:modified_time\" content=\"2026-02-23T16:49:22+00:00\" \/>\n<meta property=\"og:image\" content=\"https:\/\/anadolupet.com.tr\/wp-content\/uploads\/2026\/02\/400-709354.jpg\" \/>\n\t<meta property=\"og:image:width\" content=\"750\" \/>\n\t<meta property=\"og:image:height\" content=\"750\" \/>\n\t<meta property=\"og:image:type\" content=\"image\/jpeg\" \/>\n<meta name=\"twitter:card\" content=\"summary_large_image\" \/>\n<script type=\"application\/ld+json\" class=\"yoast-schema-graph\">{\"@context\":\"https:\\\/\\\/schema.org\",\"@graph\":[{\"@type\":\"WebPage\",\"@id\":\"https:\\\/\\\/anadolupet.com.tr\\\/urun\\\/tetra-pleco-algae-wafers-bitkisel-dip-balik-yemi-3-6lt\\\/\",\"url\":\"https:\\\/\\\/anadolupet.com.tr\\\/urun\\\/tetra-pleco-algae-wafers-bitkisel-dip-balik-yemi-3-6lt\\\/\",\"name\":\"Tetra Pleco Algae Wafers Bitkisel Dip Bal\u0131k Yemi - 3.6LT - Anadolu Pet Grup\",\"isPartOf\":{\"@id\":\"https:\\\/\\\/anadolupet.com.tr\\\/#website\"},\"primaryImageOfPage\":{\"@id\":\"https:\\\/\\\/anadolupet.com.tr\\\/urun\\\/tetra-pleco-algae-wafers-bitkisel-dip-balik-yemi-3-6lt\\\/#primaryimage\"},\"image\":{\"@id\":\"https:\\\/\\\/anadolupet.com.tr\\\/urun\\\/tetra-pleco-algae-wafers-bitkisel-dip-balik-yemi-3-6lt\\\/#primaryimage\"},\"thumbnailUrl\":\"https:\\\/\\\/anadolupet.com.tr\\\/wp-content\\\/uploads\\\/2026\\\/02\\\/400-709354.jpg\",\"datePublished\":\"2026-02-14T14:46:26+00:00\",\"dateModified\":\"2026-02-23T16:49:22+00:00\",\"breadcrumb\":{\"@id\":\"https:\\\/\\\/anadolupet.com.tr\\\/urun\\\/tetra-pleco-algae-wafers-bitkisel-dip-balik-yemi-3-6lt\\\/#breadcrumb\"},\"inLanguage\":\"en-US\",\"potentialAction\":[{\"@type\":\"ReadAction\",\"target\":[\"https:\\\/\\\/anadolupet.com.tr\\\/urun\\\/tetra-pleco-algae-wafers-bitkisel-dip-balik-yemi-3-6lt\\\/\"]}]},{\"@type\":\"ImageObject\",\"inLanguage\":\"en-US\",\"@id\":\"https:\\\/\\\/anadolupet.com.tr\\\/urun\\\/tetra-pleco-algae-wafers-bitkisel-dip-balik-yemi-3-6lt\\\/#primaryimage\",\"url\":\"https:\\\/\\\/anadolupet.com.tr\\\/wp-content\\\/uploads\\\/2026\\\/02\\\/400-709354.jpg\",\"contentUrl\":\"https:\\\/\\\/anadolupet.com.tr\\\/wp-content\\\/uploads\\\/2026\\\/02\\\/400-709354.jpg\",\"width\":750,\"height\":750},{\"@type\":\"BreadcrumbList\",\"@id\":\"https:\\\/\\\/anadolupet.com.tr\\\/urun\\\/tetra-pleco-algae-wafers-bitkisel-dip-balik-yemi-3-6lt\\\/#breadcrumb\",\"itemListElement\":[{\"@type\":\"ListItem\",\"position\":1,\"name\":\"Anasayfa\",\"item\":\"https:\\\/\\\/anadolupet.com.tr\\\/\"},{\"@type\":\"ListItem\",\"position\":2,\"name\":\"\u00dcr\u00fcnler\",\"item\":\"https:\\\/\\\/anadolupet.com.tr\\\/urunler\\\/\"},{\"@type\":\"ListItem\",\"position\":3,\"name\":\"Tetra Pleco Algae Wafers Bitkisel Dip Bal\u0131k Yemi &#8211; 3.6LT\"}]},{\"@type\":\"WebSite\",\"@id\":\"https:\\\/\\\/anadolupet.com.tr\\\/#website\",\"url\":\"https:\\\/\\\/anadolupet.com.tr\\\/\",\"name\":\"Anadolu Pet Grup\",\"description\":\"Her Can\u0131n \u0130yi Ya\u015fam\u0131 \u0130\u00e7in Biraraday\u0131z\",\"publisher\":{\"@id\":\"https:\\\/\\\/anadolupet.com.tr\\\/#organization\"},\"potentialAction\":[{\"@type\":\"SearchAction\",\"target\":{\"@type\":\"EntryPoint\",\"urlTemplate\":\"https:\\\/\\\/anadolupet.com.tr\\\/?s={search_term_string}\"},\"query-input\":{\"@type\":\"PropertyValueSpecification\",\"valueRequired\":true,\"valueName\":\"search_term_string\"}}],\"inLanguage\":\"en-US\"},{\"@type\":\"Organization\",\"@id\":\"https:\\\/\\\/anadolupet.com.tr\\\/#organization\",\"name\":\"Anadolu Pet Grup\",\"alternateName\":\"Anadolu Pet\",\"url\":\"https:\\\/\\\/anadolupet.com.tr\\\/\",\"logo\":{\"@type\":\"ImageObject\",\"inLanguage\":\"en-US\",\"@id\":\"https:\\\/\\\/anadolupet.com.tr\\\/#\\\/schema\\\/logo\\\/image\\\/\",\"url\":\"https:\\\/\\\/anadolupet.com.tr\\\/wp-content\\\/uploads\\\/2026\\\/03\\\/1614666743370.jpg\",\"contentUrl\":\"https:\\\/\\\/anadolupet.com.tr\\\/wp-content\\\/uploads\\\/2026\\\/03\\\/1614666743370.jpg\",\"width\":800,\"height\":571,\"caption\":\"Anadolu Pet Grup\"},\"image\":{\"@id\":\"https:\\\/\\\/anadolupet.com.tr\\\/#\\\/schema\\\/logo\\\/image\\\/\"}}]}<\/script>\n<!-- \/ Yoast SEO plugin. -->","yoast_head_json":{"title":"Tetra Pleco Algae Wafers Bitkisel Dip Bal\u0131k Yemi - 3.6LT - Anadolu Pet Grup","robots":{"index":"index","follow":"follow","max-snippet":"max-snippet:-1","max-image-preview":"max-image-preview:large","max-video-preview":"max-video-preview:-1"},"canonical":"https:\/\/anadolupet.com.tr\/en\/product\/tetra-pleco-algae-wafers-bitkisel-dip-balik-yemi-3-6lt\/","og_locale":"en_US","og_type":"article","og_title":"Tetra Pleco Algae Wafers Bitkisel Dip Bal\u0131k Yemi - 3.6LT - Anadolu Pet Grup","og_description":"Tetra Pleco Spirulina Algae Wafers, vatozlar ve \u00c7\u00f6p\u00e7\u00fc gibi bitkisel beslenen emici bal\u0131klar i\u00e7in uygun bir tablet yemdir. Zengin ve taze ot\u00e7ul i\u00e7eri\u011fe sahip Pleco Spirulina Wafers bal\u0131\u011f\u0131n\u0131z\u0131n g\u00fcnl\u00fck ihtiyac\u0131 olan besin, vitamin ve mineralleri kar\u015f\u0131layacak d\u00fczeyde tam bir yemdir. Detaylar; *Ye\u015fil renkteki tabletler b\u00fcy\u00fck bir oranda spirulina alglerini i\u00e7erir. *Ot\u00e7ul kedi bal\u0131klar\u0131 ,vatozlar ve dipten beslenen baliklarin \u00f6zel yemlenme ihtiya\u00e7lari i\u00e7in uygundur. *\u00c7abuk yumu\u015far ve bal\u0131\u011f\u0131n kolayl\u0131kla yiyebilece\u011fi k\u0131vama gelir. *Stabilize edilmis vitamin C hastaliklara karsi direnci arttirir, saglikli gelisimi destekler ve beslenme eksikligine bagli hastaliklari \u00f6nler. Canliligi ve saglikli bir ya\u015fam\u0131 destekler. Miktar; 3,6 Lt","og_url":"https:\/\/anadolupet.com.tr\/en\/product\/tetra-pleco-algae-wafers-bitkisel-dip-balik-yemi-3-6lt\/","og_site_name":"Anadolu Pet Grup","article_modified_time":"2026-02-23T16:49:22+00:00","og_image":[{"width":750,"height":750,"url":"https:\/\/anadolupet.com.tr\/wp-content\/uploads\/2026\/02\/400-709354.jpg","type":"image\/jpeg"}],"twitter_card":"summary_large_image","schema":{"@context":"https:\/\/schema.org","@graph":[{"@type":"WebPage","@id":"https:\/\/anadolupet.com.tr\/urun\/tetra-pleco-algae-wafers-bitkisel-dip-balik-yemi-3-6lt\/","url":"https:\/\/anadolupet.com.tr\/urun\/tetra-pleco-algae-wafers-bitkisel-dip-balik-yemi-3-6lt\/","name":"Tetra Pleco Algae Wafers Bitkisel Dip Bal\u0131k Yemi - 3.6LT - Anadolu Pet Grup","isPartOf":{"@id":"https:\/\/anadolupet.com.tr\/#website"},"primaryImageOfPage":{"@id":"https:\/\/anadolupet.com.tr\/urun\/tetra-pleco-algae-wafers-bitkisel-dip-balik-yemi-3-6lt\/#primaryimage"},"image":{"@id":"https:\/\/anadolupet.com.tr\/urun\/tetra-pleco-algae-wafers-bitkisel-dip-balik-yemi-3-6lt\/#primaryimage"},"thumbnailUrl":"https:\/\/anadolupet.com.tr\/wp-content\/uploads\/2026\/02\/400-709354.jpg","datePublished":"2026-02-14T14:46:26+00:00","dateModified":"2026-02-23T16:49:22+00:00","breadcrumb":{"@id":"https:\/\/anadolupet.com.tr\/urun\/tetra-pleco-algae-wafers-bitkisel-dip-balik-yemi-3-6lt\/#breadcrumb"},"inLanguage":"en-US","potentialAction":[{"@type":"ReadAction","target":["https:\/\/anadolupet.com.tr\/urun\/tetra-pleco-algae-wafers-bitkisel-dip-balik-yemi-3-6lt\/"]}]},{"@type":"ImageObject","inLanguage":"en-US","@id":"https:\/\/anadolupet.com.tr\/urun\/tetra-pleco-algae-wafers-bitkisel-dip-balik-yemi-3-6lt\/#primaryimage","url":"https:\/\/anadolupet.com.tr\/wp-content\/uploads\/2026\/02\/400-709354.jpg","contentUrl":"https:\/\/anadolupet.com.tr\/wp-content\/uploads\/2026\/02\/400-709354.jpg","width":750,"height":750},{"@type":"BreadcrumbList","@id":"https:\/\/anadolupet.com.tr\/urun\/tetra-pleco-algae-wafers-bitkisel-dip-balik-yemi-3-6lt\/#breadcrumb","itemListElement":[{"@type":"ListItem","position":1,"name":"Anasayfa","item":"https:\/\/anadolupet.com.tr\/"},{"@type":"ListItem","position":2,"name":"\u00dcr\u00fcnler","item":"https:\/\/anadolupet.com.tr\/urunler\/"},{"@type":"ListItem","position":3,"name":"Tetra Pleco Algae Wafers Bitkisel Dip Bal\u0131k Yemi &#8211; 3.6LT"}]},{"@type":"WebSite","@id":"https:\/\/anadolupet.com.tr\/#website","url":"https:\/\/anadolupet.com.tr\/","name":"Anadolu Pet Group","description":"We Stand Together for the Well-Being of Every Life","publisher":{"@id":"https:\/\/anadolupet.com.tr\/#organization"},"potentialAction":[{"@type":"SearchAction","target":{"@type":"EntryPoint","urlTemplate":"https:\/\/anadolupet.com.tr\/?s={search_term_string}"},"query-input":{"@type":"PropertyValueSpecification","valueRequired":true,"valueName":"search_term_string"}}],"inLanguage":"en-US"},{"@type":"Organization","@id":"https:\/\/anadolupet.com.tr\/#organization","name":"Anadolu Pet Group","alternateName":"Anadolu Pet","url":"https:\/\/anadolupet.com.tr\/","logo":{"@type":"ImageObject","inLanguage":"en-US","@id":"https:\/\/anadolupet.com.tr\/#\/schema\/logo\/image\/","url":"https:\/\/anadolupet.com.tr\/wp-content\/uploads\/2026\/03\/1614666743370.jpg","contentUrl":"https:\/\/anadolupet.com.tr\/wp-content\/uploads\/2026\/03\/1614666743370.jpg","width":800,"height":571,"caption":"Anadolu Pet Grup"},"image":{"@id":"https:\/\/anadolupet.com.tr\/#\/schema\/logo\/image\/"}}]}},"_links":{"self":[{"href":"https:\/\/anadolupet.com.tr\/en\/wp-json\/wp\/v2\/product\/46343","targetHints":{"allow":["GET"]}}],"collection":[{"href":"https:\/\/anadolupet.com.tr\/en\/wp-json\/wp\/v2\/product"}],"about":[{"href":"https:\/\/anadolupet.com.tr\/en\/wp-json\/wp\/v2\/types\/product"}],"replies":[{"embeddable":true,"href":"https:\/\/anadolupet.com.tr\/en\/wp-json\/wp\/v2\/comments?post=46343"}],"wp:featuredmedia":[{"embeddable":true,"href":"https:\/\/anadolupet.com.tr\/en\/wp-json\/wp\/v2\/media\/47090"}],"wp:attachment":[{"href":"https:\/\/anadolupet.com.tr\/en\/wp-json\/wp\/v2\/media?parent=46343"}],"wp:term":[{"taxonomy":"product_brand","embeddable":true,"href":"https:\/\/anadolupet.com.tr\/en\/wp-json\/wp\/v2\/product_brand?post=46343"},{"taxonomy":"product_cat","embeddable":true,"href":"https:\/\/anadolupet.com.tr\/en\/wp-json\/wp\/v2\/product_cat?post=46343"},{"taxonomy":"product_tag","embeddable":true,"href":"https:\/\/anadolupet.com.tr\/en\/wp-json\/wp\/v2\/product_tag?post=46343"}],"curies":[{"name":"wp","href":"https:\/\/api.w.org\/{rel}","templated":true}]}}