{"id":46348,"date":"2026-02-14T14:46:27","date_gmt":"2026-02-14T14:46:27","guid":{"rendered":"https:\/\/anadolupet.com.tr\/?post_type=product&#038;p=46348"},"modified":"2026-02-23T16:49:22","modified_gmt":"2026-02-23T16:49:22","slug":"tetra-pond-koi-sticks-sade-cubuk-koi-balik-yemi-10lt","status":"publish","type":"product","link":"https:\/\/anadolupet.com.tr\/en\/urun\/tetra-pond-koi-sticks-sade-cubuk-koi-balik-yemi-10lt\/","title":{"rendered":"Tetra Pond Koi Sticks Sade \u00c7ubuk Koi Bal\u0131k Yemi &#8211; 10LT"},"content":{"rendered":"","protected":false},"excerpt":{"rendered":"<p>Tetra Pond Sticks, t\u00fcm havuz bal\u0131klar\u0131n\u0131n g\u00fcnl\u00fck beslenmesi i\u00e7in eksiksiz yemdir. Optimum besin bile\u015fimi \u00e7ok y\u00f6nl\u00fc ve biyolojik olarak dengeli bir beslenme sa\u011flar.<br \/>\nTetra Pond Sticks, s\u00fcs havuzlar\u0131nda ya\u015fayan koi ve japon bal\u0131klar\u0131 gibi t\u00fcm s\u00fcs bal\u0131klar\u0131 i\u00e7in \u00f6zel form\u00fcle edilmi\u015f Stick (\u00e7ubuk) \u015fekilli, su \u00fczerinde kalabilen y\u00fcksek kaliteli ana yemdir. Detaylar;<br \/>\n*Kolay besleme i\u00e7in \u00e7abuk yumu\u015far.<br \/>\n*Temel besinler, eser elementler, vitaminler ve karotenoidler i\u00e7erir.<br \/>\n*Dengeli beslenme, sa\u011fl\u0131kl\u0131 b\u00fcy\u00fcme ve g\u00fc\u00e7l\u00fc bir ba\u011f\u0131\u015f\u0131kl\u0131k sistemi i\u00e7in ideal bir yemdir.<br \/>\n*D\u00fc\u015f\u00fck su kirlili\u011fi ve daha iyi su kalitesi i\u00e7in y\u00fcksek d\u00fczeyde sindirilebilir.<br \/>\n\u0130\u00e7eri\u011fi; Bitki yan \u00fcr\u00fcnleri, tah\u0131llar, bitkisel alb\u00fcmin ekstrat\u0131, bal\u0131k ve bal\u0131k yan \u00fcr\u00fcnleri, ya\u011flar, maya, vitamin ve mineraller.<br \/>\nDozaj;<br \/>\nBal\u0131klar\u0131n\u0131z\u0131 g\u00fcnde en az iki ila \u00fc\u00e7 kez besleyin, ancak onlara yaln\u0131zca birka\u00e7 dakika i\u00e7inde yiyebilecekleri kadar yem verin.<br \/>\nMiktar;<br \/>\n10 Lt<\/p>","protected":false},"featured_media":47077,"comment_status":"open","ping_status":"closed","template":"","meta":{"_acf_changed":false},"product_brand":[],"product_cat":[2407],"product_tag":[],"class_list":{"0":"post-46348","1":"product","2":"type-product","3":"status-publish","4":"has-post-thumbnail","6":"product_cat-pondhavuz-yemleri","8":"first","9":"instock","10":"shipping-taxable","11":"product-type-simple"},"acf":[],"yoast_head":"<!-- This site is optimized with the Yoast SEO plugin v27.4 - https:\/\/yoast.com\/product\/yoast-seo-wordpress\/ -->\n<title>Tetra Pond Koi Sticks Sade \u00c7ubuk Koi Bal\u0131k Yemi - 10LT - Anadolu Pet Grup<\/title>\n<meta name=\"robots\" content=\"index, follow, max-snippet:-1, max-image-preview:large, max-video-preview:-1\" \/>\n<link rel=\"canonical\" href=\"https:\/\/anadolupet.com.tr\/en\/product\/tetra-pond-koi-sticks-sade-cubuk-koi-balik-yemi-10lt\/\" \/>\n<meta property=\"og:locale\" content=\"en_US\" \/>\n<meta property=\"og:type\" content=\"article\" \/>\n<meta property=\"og:title\" content=\"Tetra Pond Koi Sticks Sade \u00c7ubuk Koi Bal\u0131k Yemi - 10LT - Anadolu Pet Grup\" \/>\n<meta property=\"og:description\" content=\"Tetra Pond Sticks, t\u00fcm havuz bal\u0131klar\u0131n\u0131n g\u00fcnl\u00fck beslenmesi i\u00e7in eksiksiz yemdir. Optimum besin bile\u015fimi \u00e7ok y\u00f6nl\u00fc ve biyolojik olarak dengeli bir beslenme sa\u011flar. Tetra Pond Sticks, s\u00fcs havuzlar\u0131nda ya\u015fayan koi ve japon bal\u0131klar\u0131 gibi t\u00fcm s\u00fcs bal\u0131klar\u0131 i\u00e7in \u00f6zel form\u00fcle edilmi\u015f Stick (\u00e7ubuk) \u015fekilli, su \u00fczerinde kalabilen y\u00fcksek kaliteli ana yemdir. Detaylar; *Kolay besleme i\u00e7in \u00e7abuk yumu\u015far. *Temel besinler, eser elementler, vitaminler ve karotenoidler i\u00e7erir. *Dengeli beslenme, sa\u011fl\u0131kl\u0131 b\u00fcy\u00fcme ve g\u00fc\u00e7l\u00fc bir ba\u011f\u0131\u015f\u0131kl\u0131k sistemi i\u00e7in ideal bir yemdir. *D\u00fc\u015f\u00fck su kirlili\u011fi ve daha iyi su kalitesi i\u00e7in y\u00fcksek d\u00fczeyde sindirilebilir. \u0130\u00e7eri\u011fi; Bitki yan \u00fcr\u00fcnleri, tah\u0131llar, bitkisel alb\u00fcmin ekstrat\u0131, bal\u0131k ve bal\u0131k yan \u00fcr\u00fcnleri, ya\u011flar, maya, vitamin ve mineraller. Dozaj; Bal\u0131klar\u0131n\u0131z\u0131 g\u00fcnde en az iki ila \u00fc\u00e7 kez besleyin, ancak onlara yaln\u0131zca birka\u00e7 dakika i\u00e7inde yiyebilecekleri kadar yem verin. Miktar; 10 Lt\" \/>\n<meta property=\"og:url\" content=\"https:\/\/anadolupet.com.tr\/en\/product\/tetra-pond-koi-sticks-sade-cubuk-koi-balik-yemi-10lt\/\" \/>\n<meta property=\"og:site_name\" content=\"Anadolu Pet Grup\" \/>\n<meta property=\"article:modified_time\" content=\"2026-02-23T16:49:22+00:00\" \/>\n<meta property=\"og:image\" content=\"https:\/\/anadolupet.com.tr\/wp-content\/uploads\/2026\/02\/400-708856.jpg\" \/>\n\t<meta property=\"og:image:width\" content=\"750\" \/>\n\t<meta property=\"og:image:height\" content=\"750\" \/>\n\t<meta property=\"og:image:type\" content=\"image\/jpeg\" \/>\n<meta name=\"twitter:card\" content=\"summary_large_image\" \/>\n<script type=\"application\/ld+json\" class=\"yoast-schema-graph\">{\"@context\":\"https:\\\/\\\/schema.org\",\"@graph\":[{\"@type\":\"WebPage\",\"@id\":\"https:\\\/\\\/anadolupet.com.tr\\\/urun\\\/tetra-pond-koi-sticks-sade-cubuk-koi-balik-yemi-10lt\\\/\",\"url\":\"https:\\\/\\\/anadolupet.com.tr\\\/urun\\\/tetra-pond-koi-sticks-sade-cubuk-koi-balik-yemi-10lt\\\/\",\"name\":\"Tetra Pond Koi Sticks Sade \u00c7ubuk Koi Bal\u0131k Yemi - 10LT - Anadolu Pet Grup\",\"isPartOf\":{\"@id\":\"https:\\\/\\\/anadolupet.com.tr\\\/#website\"},\"primaryImageOfPage\":{\"@id\":\"https:\\\/\\\/anadolupet.com.tr\\\/urun\\\/tetra-pond-koi-sticks-sade-cubuk-koi-balik-yemi-10lt\\\/#primaryimage\"},\"image\":{\"@id\":\"https:\\\/\\\/anadolupet.com.tr\\\/urun\\\/tetra-pond-koi-sticks-sade-cubuk-koi-balik-yemi-10lt\\\/#primaryimage\"},\"thumbnailUrl\":\"https:\\\/\\\/anadolupet.com.tr\\\/wp-content\\\/uploads\\\/2026\\\/02\\\/400-708856.jpg\",\"datePublished\":\"2026-02-14T14:46:27+00:00\",\"dateModified\":\"2026-02-23T16:49:22+00:00\",\"breadcrumb\":{\"@id\":\"https:\\\/\\\/anadolupet.com.tr\\\/urun\\\/tetra-pond-koi-sticks-sade-cubuk-koi-balik-yemi-10lt\\\/#breadcrumb\"},\"inLanguage\":\"en-US\",\"potentialAction\":[{\"@type\":\"ReadAction\",\"target\":[\"https:\\\/\\\/anadolupet.com.tr\\\/urun\\\/tetra-pond-koi-sticks-sade-cubuk-koi-balik-yemi-10lt\\\/\"]}]},{\"@type\":\"ImageObject\",\"inLanguage\":\"en-US\",\"@id\":\"https:\\\/\\\/anadolupet.com.tr\\\/urun\\\/tetra-pond-koi-sticks-sade-cubuk-koi-balik-yemi-10lt\\\/#primaryimage\",\"url\":\"https:\\\/\\\/anadolupet.com.tr\\\/wp-content\\\/uploads\\\/2026\\\/02\\\/400-708856.jpg\",\"contentUrl\":\"https:\\\/\\\/anadolupet.com.tr\\\/wp-content\\\/uploads\\\/2026\\\/02\\\/400-708856.jpg\",\"width\":750,\"height\":750},{\"@type\":\"BreadcrumbList\",\"@id\":\"https:\\\/\\\/anadolupet.com.tr\\\/urun\\\/tetra-pond-koi-sticks-sade-cubuk-koi-balik-yemi-10lt\\\/#breadcrumb\",\"itemListElement\":[{\"@type\":\"ListItem\",\"position\":1,\"name\":\"Anasayfa\",\"item\":\"https:\\\/\\\/anadolupet.com.tr\\\/\"},{\"@type\":\"ListItem\",\"position\":2,\"name\":\"\u00dcr\u00fcnler\",\"item\":\"https:\\\/\\\/anadolupet.com.tr\\\/urunler\\\/\"},{\"@type\":\"ListItem\",\"position\":3,\"name\":\"Tetra Pond Koi Sticks Sade \u00c7ubuk Koi Bal\u0131k Yemi &#8211; 10LT\"}]},{\"@type\":\"WebSite\",\"@id\":\"https:\\\/\\\/anadolupet.com.tr\\\/#website\",\"url\":\"https:\\\/\\\/anadolupet.com.tr\\\/\",\"name\":\"Anadolu Pet Grup\",\"description\":\"Her Can\u0131n \u0130yi Ya\u015fam\u0131 \u0130\u00e7in Biraraday\u0131z\",\"publisher\":{\"@id\":\"https:\\\/\\\/anadolupet.com.tr\\\/#organization\"},\"potentialAction\":[{\"@type\":\"SearchAction\",\"target\":{\"@type\":\"EntryPoint\",\"urlTemplate\":\"https:\\\/\\\/anadolupet.com.tr\\\/?s={search_term_string}\"},\"query-input\":{\"@type\":\"PropertyValueSpecification\",\"valueRequired\":true,\"valueName\":\"search_term_string\"}}],\"inLanguage\":\"en-US\"},{\"@type\":\"Organization\",\"@id\":\"https:\\\/\\\/anadolupet.com.tr\\\/#organization\",\"name\":\"Anadolu Pet Grup\",\"alternateName\":\"Anadolu Pet\",\"url\":\"https:\\\/\\\/anadolupet.com.tr\\\/\",\"logo\":{\"@type\":\"ImageObject\",\"inLanguage\":\"en-US\",\"@id\":\"https:\\\/\\\/anadolupet.com.tr\\\/#\\\/schema\\\/logo\\\/image\\\/\",\"url\":\"https:\\\/\\\/anadolupet.com.tr\\\/wp-content\\\/uploads\\\/2026\\\/03\\\/1614666743370.jpg\",\"contentUrl\":\"https:\\\/\\\/anadolupet.com.tr\\\/wp-content\\\/uploads\\\/2026\\\/03\\\/1614666743370.jpg\",\"width\":800,\"height\":571,\"caption\":\"Anadolu Pet Grup\"},\"image\":{\"@id\":\"https:\\\/\\\/anadolupet.com.tr\\\/#\\\/schema\\\/logo\\\/image\\\/\"}}]}<\/script>\n<!-- \/ Yoast SEO plugin. -->","yoast_head_json":{"title":"Tetra Pond Koi Sticks Sade \u00c7ubuk Koi Bal\u0131k Yemi - 10LT - Anadolu Pet Grup","robots":{"index":"index","follow":"follow","max-snippet":"max-snippet:-1","max-image-preview":"max-image-preview:large","max-video-preview":"max-video-preview:-1"},"canonical":"https:\/\/anadolupet.com.tr\/en\/product\/tetra-pond-koi-sticks-sade-cubuk-koi-balik-yemi-10lt\/","og_locale":"en_US","og_type":"article","og_title":"Tetra Pond Koi Sticks Sade \u00c7ubuk Koi Bal\u0131k Yemi - 10LT - Anadolu Pet Grup","og_description":"Tetra Pond Sticks, t\u00fcm havuz bal\u0131klar\u0131n\u0131n g\u00fcnl\u00fck beslenmesi i\u00e7in eksiksiz yemdir. Optimum besin bile\u015fimi \u00e7ok y\u00f6nl\u00fc ve biyolojik olarak dengeli bir beslenme sa\u011flar. Tetra Pond Sticks, s\u00fcs havuzlar\u0131nda ya\u015fayan koi ve japon bal\u0131klar\u0131 gibi t\u00fcm s\u00fcs bal\u0131klar\u0131 i\u00e7in \u00f6zel form\u00fcle edilmi\u015f Stick (\u00e7ubuk) \u015fekilli, su \u00fczerinde kalabilen y\u00fcksek kaliteli ana yemdir. Detaylar; *Kolay besleme i\u00e7in \u00e7abuk yumu\u015far. *Temel besinler, eser elementler, vitaminler ve karotenoidler i\u00e7erir. *Dengeli beslenme, sa\u011fl\u0131kl\u0131 b\u00fcy\u00fcme ve g\u00fc\u00e7l\u00fc bir ba\u011f\u0131\u015f\u0131kl\u0131k sistemi i\u00e7in ideal bir yemdir. *D\u00fc\u015f\u00fck su kirlili\u011fi ve daha iyi su kalitesi i\u00e7in y\u00fcksek d\u00fczeyde sindirilebilir. \u0130\u00e7eri\u011fi; Bitki yan \u00fcr\u00fcnleri, tah\u0131llar, bitkisel alb\u00fcmin ekstrat\u0131, bal\u0131k ve bal\u0131k yan \u00fcr\u00fcnleri, ya\u011flar, maya, vitamin ve mineraller. Dozaj; Bal\u0131klar\u0131n\u0131z\u0131 g\u00fcnde en az iki ila \u00fc\u00e7 kez besleyin, ancak onlara yaln\u0131zca birka\u00e7 dakika i\u00e7inde yiyebilecekleri kadar yem verin. Miktar; 10 Lt","og_url":"https:\/\/anadolupet.com.tr\/en\/product\/tetra-pond-koi-sticks-sade-cubuk-koi-balik-yemi-10lt\/","og_site_name":"Anadolu Pet Grup","article_modified_time":"2026-02-23T16:49:22+00:00","og_image":[{"width":750,"height":750,"url":"https:\/\/anadolupet.com.tr\/wp-content\/uploads\/2026\/02\/400-708856.jpg","type":"image\/jpeg"}],"twitter_card":"summary_large_image","schema":{"@context":"https:\/\/schema.org","@graph":[{"@type":"WebPage","@id":"https:\/\/anadolupet.com.tr\/urun\/tetra-pond-koi-sticks-sade-cubuk-koi-balik-yemi-10lt\/","url":"https:\/\/anadolupet.com.tr\/urun\/tetra-pond-koi-sticks-sade-cubuk-koi-balik-yemi-10lt\/","name":"Tetra Pond Koi Sticks Sade \u00c7ubuk Koi Bal\u0131k Yemi - 10LT - Anadolu Pet Grup","isPartOf":{"@id":"https:\/\/anadolupet.com.tr\/#website"},"primaryImageOfPage":{"@id":"https:\/\/anadolupet.com.tr\/urun\/tetra-pond-koi-sticks-sade-cubuk-koi-balik-yemi-10lt\/#primaryimage"},"image":{"@id":"https:\/\/anadolupet.com.tr\/urun\/tetra-pond-koi-sticks-sade-cubuk-koi-balik-yemi-10lt\/#primaryimage"},"thumbnailUrl":"https:\/\/anadolupet.com.tr\/wp-content\/uploads\/2026\/02\/400-708856.jpg","datePublished":"2026-02-14T14:46:27+00:00","dateModified":"2026-02-23T16:49:22+00:00","breadcrumb":{"@id":"https:\/\/anadolupet.com.tr\/urun\/tetra-pond-koi-sticks-sade-cubuk-koi-balik-yemi-10lt\/#breadcrumb"},"inLanguage":"en-US","potentialAction":[{"@type":"ReadAction","target":["https:\/\/anadolupet.com.tr\/urun\/tetra-pond-koi-sticks-sade-cubuk-koi-balik-yemi-10lt\/"]}]},{"@type":"ImageObject","inLanguage":"en-US","@id":"https:\/\/anadolupet.com.tr\/urun\/tetra-pond-koi-sticks-sade-cubuk-koi-balik-yemi-10lt\/#primaryimage","url":"https:\/\/anadolupet.com.tr\/wp-content\/uploads\/2026\/02\/400-708856.jpg","contentUrl":"https:\/\/anadolupet.com.tr\/wp-content\/uploads\/2026\/02\/400-708856.jpg","width":750,"height":750},{"@type":"BreadcrumbList","@id":"https:\/\/anadolupet.com.tr\/urun\/tetra-pond-koi-sticks-sade-cubuk-koi-balik-yemi-10lt\/#breadcrumb","itemListElement":[{"@type":"ListItem","position":1,"name":"Anasayfa","item":"https:\/\/anadolupet.com.tr\/"},{"@type":"ListItem","position":2,"name":"\u00dcr\u00fcnler","item":"https:\/\/anadolupet.com.tr\/urunler\/"},{"@type":"ListItem","position":3,"name":"Tetra Pond Koi Sticks Sade \u00c7ubuk Koi Bal\u0131k Yemi &#8211; 10LT"}]},{"@type":"WebSite","@id":"https:\/\/anadolupet.com.tr\/#website","url":"https:\/\/anadolupet.com.tr\/","name":"Anadolu Pet Group","description":"We Stand Together for the Well-Being of Every Life","publisher":{"@id":"https:\/\/anadolupet.com.tr\/#organization"},"potentialAction":[{"@type":"SearchAction","target":{"@type":"EntryPoint","urlTemplate":"https:\/\/anadolupet.com.tr\/?s={search_term_string}"},"query-input":{"@type":"PropertyValueSpecification","valueRequired":true,"valueName":"search_term_string"}}],"inLanguage":"en-US"},{"@type":"Organization","@id":"https:\/\/anadolupet.com.tr\/#organization","name":"Anadolu Pet Group","alternateName":"Anadolu Pet","url":"https:\/\/anadolupet.com.tr\/","logo":{"@type":"ImageObject","inLanguage":"en-US","@id":"https:\/\/anadolupet.com.tr\/#\/schema\/logo\/image\/","url":"https:\/\/anadolupet.com.tr\/wp-content\/uploads\/2026\/03\/1614666743370.jpg","contentUrl":"https:\/\/anadolupet.com.tr\/wp-content\/uploads\/2026\/03\/1614666743370.jpg","width":800,"height":571,"caption":"Anadolu Pet Grup"},"image":{"@id":"https:\/\/anadolupet.com.tr\/#\/schema\/logo\/image\/"}}]}},"_links":{"self":[{"href":"https:\/\/anadolupet.com.tr\/en\/wp-json\/wp\/v2\/product\/46348","targetHints":{"allow":["GET"]}}],"collection":[{"href":"https:\/\/anadolupet.com.tr\/en\/wp-json\/wp\/v2\/product"}],"about":[{"href":"https:\/\/anadolupet.com.tr\/en\/wp-json\/wp\/v2\/types\/product"}],"replies":[{"embeddable":true,"href":"https:\/\/anadolupet.com.tr\/en\/wp-json\/wp\/v2\/comments?post=46348"}],"wp:featuredmedia":[{"embeddable":true,"href":"https:\/\/anadolupet.com.tr\/en\/wp-json\/wp\/v2\/media\/47077"}],"wp:attachment":[{"href":"https:\/\/anadolupet.com.tr\/en\/wp-json\/wp\/v2\/media?parent=46348"}],"wp:term":[{"taxonomy":"product_brand","embeddable":true,"href":"https:\/\/anadolupet.com.tr\/en\/wp-json\/wp\/v2\/product_brand?post=46348"},{"taxonomy":"product_cat","embeddable":true,"href":"https:\/\/anadolupet.com.tr\/en\/wp-json\/wp\/v2\/product_cat?post=46348"},{"taxonomy":"product_tag","embeddable":true,"href":"https:\/\/anadolupet.com.tr\/en\/wp-json\/wp\/v2\/product_tag?post=46348"}],"curies":[{"name":"wp","href":"https:\/\/api.w.org\/{rel}","templated":true}]}}