{"id":46349,"date":"2026-02-14T14:46:27","date_gmt":"2026-02-14T14:46:27","guid":{"rendered":"https:\/\/anadolupet.com.tr\/?post_type=product&#038;p=46349"},"modified":"2026-02-23T16:49:22","modified_gmt":"2026-02-23T16:49:22","slug":"tetra-pond-multimix-1l","status":"publish","type":"product","link":"https:\/\/anadolupet.com.tr\/en\/urun\/tetra-pond-multimix-1l\/","title":{"rendered":"Tetra Pond Multimix 1L"},"content":{"rendered":"","protected":false},"excerpt":{"rendered":"<p>Tetra Pond Multi Mix, farkl\u0131 havuz bal\u0131\u011f\u0131 t\u00fcrlerinin ihtiya\u00e7lar\u0131n\u0131 ve yeme al\u0131\u015fkanl\u0131klar\u0131n\u0131 kar\u015f\u0131layan d\u00f6rt farkl\u0131 yem t\u00fcr\u00fcnden olu\u015fan eksiksiz bir kar\u0131\u015f\u0131m\u0131d\u0131r. Bal\u0131klara enerji ve canl\u0131l\u0131k verir. G\u00fc\u00e7l\u00fc bir ba\u011f\u0131\u015f\u0131kl\u0131k sistemininin olu\u015fmas\u0131n\u0131 sa\u011flar. Tetra Pond Multi Mix, i\u00e7erdi\u011fi karotenoidler sayesinde bal\u0131klar\u0131n\u0131z\u0131n renklerinin \u00e7ok daha parlak olmas\u0131na yard\u0131m olur. Detaylar;<br \/>\n*Farkl\u0131 havuz bal\u0131\u011f\u0131 t\u00fcrleri i\u00e7in d\u00f6rt t\u00fcr yem i\u00e7eren kar\u0131\u015f\u0131m.<br \/>\n*Gen\u00e7 ve k\u00fc\u00e7\u00fck bal\u0131klar i\u00e7in y\u00fcksek kaliteli pullar.<br \/>\n*Havuz y\u00fczeyinde yemeyi seven bal\u0131klar i\u00e7in y\u00fczen \u00e7ubuklar.<br \/>\n*Dipte ya\u015fayan havuz bal\u0131klar\u0131 i\u00e7in batan gofretler.<br \/>\n*Lezzetli ikramlar i\u00e7in do\u011fal Gammarus.<br \/>\nDozaj;<br \/>\nBal\u0131klar\u0131n\u0131z\u0131 g\u00fcnde en az iki ila \u00fc\u00e7 kez besleyin, ancak onlara yaln\u0131zca birka\u00e7 dakika i\u00e7inde yiyebilecekleri kadar verin.<br \/>\nMiktar;<br \/>\n1 Lt<\/p>","protected":false},"featured_media":47125,"comment_status":"open","ping_status":"closed","template":"","meta":{"_acf_changed":false},"product_brand":[],"product_cat":[2407],"product_tag":[],"class_list":{"0":"post-46349","1":"product","2":"type-product","3":"status-publish","4":"has-post-thumbnail","6":"product_cat-pondhavuz-yemleri","8":"first","9":"instock","10":"shipping-taxable","11":"product-type-simple"},"acf":[],"yoast_head":"<!-- This site is optimized with the Yoast SEO plugin v27.4 - https:\/\/yoast.com\/product\/yoast-seo-wordpress\/ -->\n<title>Tetra Pond Multimix 1L - Anadolu Pet Grup<\/title>\n<meta name=\"robots\" content=\"index, follow, max-snippet:-1, max-image-preview:large, max-video-preview:-1\" \/>\n<link rel=\"canonical\" href=\"https:\/\/anadolupet.com.tr\/en\/product\/tetra-pond-multimix-1l\/\" \/>\n<meta property=\"og:locale\" content=\"en_US\" \/>\n<meta property=\"og:type\" content=\"article\" \/>\n<meta property=\"og:title\" content=\"Tetra Pond Multimix 1L - Anadolu Pet Grup\" \/>\n<meta property=\"og:description\" content=\"Tetra Pond Multi Mix, farkl\u0131 havuz bal\u0131\u011f\u0131 t\u00fcrlerinin ihtiya\u00e7lar\u0131n\u0131 ve yeme al\u0131\u015fkanl\u0131klar\u0131n\u0131 kar\u015f\u0131layan d\u00f6rt farkl\u0131 yem t\u00fcr\u00fcnden olu\u015fan eksiksiz bir kar\u0131\u015f\u0131m\u0131d\u0131r. Bal\u0131klara enerji ve canl\u0131l\u0131k verir. G\u00fc\u00e7l\u00fc bir ba\u011f\u0131\u015f\u0131kl\u0131k sistemininin olu\u015fmas\u0131n\u0131 sa\u011flar. Tetra Pond Multi Mix, i\u00e7erdi\u011fi karotenoidler sayesinde bal\u0131klar\u0131n\u0131z\u0131n renklerinin \u00e7ok daha parlak olmas\u0131na yard\u0131m olur. Detaylar; *Farkl\u0131 havuz bal\u0131\u011f\u0131 t\u00fcrleri i\u00e7in d\u00f6rt t\u00fcr yem i\u00e7eren kar\u0131\u015f\u0131m. *Gen\u00e7 ve k\u00fc\u00e7\u00fck bal\u0131klar i\u00e7in y\u00fcksek kaliteli pullar. *Havuz y\u00fczeyinde yemeyi seven bal\u0131klar i\u00e7in y\u00fczen \u00e7ubuklar. *Dipte ya\u015fayan havuz bal\u0131klar\u0131 i\u00e7in batan gofretler. *Lezzetli ikramlar i\u00e7in do\u011fal Gammarus. Dozaj; Bal\u0131klar\u0131n\u0131z\u0131 g\u00fcnde en az iki ila \u00fc\u00e7 kez besleyin, ancak onlara yaln\u0131zca birka\u00e7 dakika i\u00e7inde yiyebilecekleri kadar verin. Miktar; 1 Lt\" \/>\n<meta property=\"og:url\" content=\"https:\/\/anadolupet.com.tr\/en\/product\/tetra-pond-multimix-1l\/\" \/>\n<meta property=\"og:site_name\" content=\"Anadolu Pet Grup\" \/>\n<meta property=\"article:modified_time\" content=\"2026-02-23T16:49:22+00:00\" \/>\n<meta property=\"og:image\" content=\"https:\/\/anadolupet.com.tr\/wp-content\/uploads\/2026\/02\/400-748514.jpg\" \/>\n\t<meta property=\"og:image:width\" content=\"750\" \/>\n\t<meta property=\"og:image:height\" content=\"750\" \/>\n\t<meta property=\"og:image:type\" content=\"image\/jpeg\" \/>\n<meta name=\"twitter:card\" content=\"summary_large_image\" \/>\n<script type=\"application\/ld+json\" class=\"yoast-schema-graph\">{\"@context\":\"https:\\\/\\\/schema.org\",\"@graph\":[{\"@type\":\"WebPage\",\"@id\":\"https:\\\/\\\/anadolupet.com.tr\\\/urun\\\/tetra-pond-multimix-1l\\\/\",\"url\":\"https:\\\/\\\/anadolupet.com.tr\\\/urun\\\/tetra-pond-multimix-1l\\\/\",\"name\":\"Tetra Pond Multimix 1L - Anadolu Pet Grup\",\"isPartOf\":{\"@id\":\"https:\\\/\\\/anadolupet.com.tr\\\/#website\"},\"primaryImageOfPage\":{\"@id\":\"https:\\\/\\\/anadolupet.com.tr\\\/urun\\\/tetra-pond-multimix-1l\\\/#primaryimage\"},\"image\":{\"@id\":\"https:\\\/\\\/anadolupet.com.tr\\\/urun\\\/tetra-pond-multimix-1l\\\/#primaryimage\"},\"thumbnailUrl\":\"https:\\\/\\\/anadolupet.com.tr\\\/wp-content\\\/uploads\\\/2026\\\/02\\\/400-748514.jpg\",\"datePublished\":\"2026-02-14T14:46:27+00:00\",\"dateModified\":\"2026-02-23T16:49:22+00:00\",\"breadcrumb\":{\"@id\":\"https:\\\/\\\/anadolupet.com.tr\\\/urun\\\/tetra-pond-multimix-1l\\\/#breadcrumb\"},\"inLanguage\":\"en-US\",\"potentialAction\":[{\"@type\":\"ReadAction\",\"target\":[\"https:\\\/\\\/anadolupet.com.tr\\\/urun\\\/tetra-pond-multimix-1l\\\/\"]}]},{\"@type\":\"ImageObject\",\"inLanguage\":\"en-US\",\"@id\":\"https:\\\/\\\/anadolupet.com.tr\\\/urun\\\/tetra-pond-multimix-1l\\\/#primaryimage\",\"url\":\"https:\\\/\\\/anadolupet.com.tr\\\/wp-content\\\/uploads\\\/2026\\\/02\\\/400-748514.jpg\",\"contentUrl\":\"https:\\\/\\\/anadolupet.com.tr\\\/wp-content\\\/uploads\\\/2026\\\/02\\\/400-748514.jpg\",\"width\":750,\"height\":750},{\"@type\":\"BreadcrumbList\",\"@id\":\"https:\\\/\\\/anadolupet.com.tr\\\/urun\\\/tetra-pond-multimix-1l\\\/#breadcrumb\",\"itemListElement\":[{\"@type\":\"ListItem\",\"position\":1,\"name\":\"Anasayfa\",\"item\":\"https:\\\/\\\/anadolupet.com.tr\\\/\"},{\"@type\":\"ListItem\",\"position\":2,\"name\":\"\u00dcr\u00fcnler\",\"item\":\"https:\\\/\\\/anadolupet.com.tr\\\/urunler\\\/\"},{\"@type\":\"ListItem\",\"position\":3,\"name\":\"Tetra Pond Multimix 1L\"}]},{\"@type\":\"WebSite\",\"@id\":\"https:\\\/\\\/anadolupet.com.tr\\\/#website\",\"url\":\"https:\\\/\\\/anadolupet.com.tr\\\/\",\"name\":\"Anadolu Pet Grup\",\"description\":\"Her Can\u0131n \u0130yi Ya\u015fam\u0131 \u0130\u00e7in Biraraday\u0131z\",\"publisher\":{\"@id\":\"https:\\\/\\\/anadolupet.com.tr\\\/#organization\"},\"potentialAction\":[{\"@type\":\"SearchAction\",\"target\":{\"@type\":\"EntryPoint\",\"urlTemplate\":\"https:\\\/\\\/anadolupet.com.tr\\\/?s={search_term_string}\"},\"query-input\":{\"@type\":\"PropertyValueSpecification\",\"valueRequired\":true,\"valueName\":\"search_term_string\"}}],\"inLanguage\":\"en-US\"},{\"@type\":\"Organization\",\"@id\":\"https:\\\/\\\/anadolupet.com.tr\\\/#organization\",\"name\":\"Anadolu Pet Grup\",\"alternateName\":\"Anadolu Pet\",\"url\":\"https:\\\/\\\/anadolupet.com.tr\\\/\",\"logo\":{\"@type\":\"ImageObject\",\"inLanguage\":\"en-US\",\"@id\":\"https:\\\/\\\/anadolupet.com.tr\\\/#\\\/schema\\\/logo\\\/image\\\/\",\"url\":\"https:\\\/\\\/anadolupet.com.tr\\\/wp-content\\\/uploads\\\/2026\\\/03\\\/1614666743370.jpg\",\"contentUrl\":\"https:\\\/\\\/anadolupet.com.tr\\\/wp-content\\\/uploads\\\/2026\\\/03\\\/1614666743370.jpg\",\"width\":800,\"height\":571,\"caption\":\"Anadolu Pet Grup\"},\"image\":{\"@id\":\"https:\\\/\\\/anadolupet.com.tr\\\/#\\\/schema\\\/logo\\\/image\\\/\"}}]}<\/script>\n<!-- \/ Yoast SEO plugin. -->","yoast_head_json":{"title":"Tetra Pond Multimix 1L - Anadolu Pet Grup","robots":{"index":"index","follow":"follow","max-snippet":"max-snippet:-1","max-image-preview":"max-image-preview:large","max-video-preview":"max-video-preview:-1"},"canonical":"https:\/\/anadolupet.com.tr\/en\/product\/tetra-pond-multimix-1l\/","og_locale":"en_US","og_type":"article","og_title":"Tetra Pond Multimix 1L - Anadolu Pet Grup","og_description":"Tetra Pond Multi Mix, farkl\u0131 havuz bal\u0131\u011f\u0131 t\u00fcrlerinin ihtiya\u00e7lar\u0131n\u0131 ve yeme al\u0131\u015fkanl\u0131klar\u0131n\u0131 kar\u015f\u0131layan d\u00f6rt farkl\u0131 yem t\u00fcr\u00fcnden olu\u015fan eksiksiz bir kar\u0131\u015f\u0131m\u0131d\u0131r. Bal\u0131klara enerji ve canl\u0131l\u0131k verir. G\u00fc\u00e7l\u00fc bir ba\u011f\u0131\u015f\u0131kl\u0131k sistemininin olu\u015fmas\u0131n\u0131 sa\u011flar. Tetra Pond Multi Mix, i\u00e7erdi\u011fi karotenoidler sayesinde bal\u0131klar\u0131n\u0131z\u0131n renklerinin \u00e7ok daha parlak olmas\u0131na yard\u0131m olur. Detaylar; *Farkl\u0131 havuz bal\u0131\u011f\u0131 t\u00fcrleri i\u00e7in d\u00f6rt t\u00fcr yem i\u00e7eren kar\u0131\u015f\u0131m. *Gen\u00e7 ve k\u00fc\u00e7\u00fck bal\u0131klar i\u00e7in y\u00fcksek kaliteli pullar. *Havuz y\u00fczeyinde yemeyi seven bal\u0131klar i\u00e7in y\u00fczen \u00e7ubuklar. *Dipte ya\u015fayan havuz bal\u0131klar\u0131 i\u00e7in batan gofretler. *Lezzetli ikramlar i\u00e7in do\u011fal Gammarus. Dozaj; Bal\u0131klar\u0131n\u0131z\u0131 g\u00fcnde en az iki ila \u00fc\u00e7 kez besleyin, ancak onlara yaln\u0131zca birka\u00e7 dakika i\u00e7inde yiyebilecekleri kadar verin. Miktar; 1 Lt","og_url":"https:\/\/anadolupet.com.tr\/en\/product\/tetra-pond-multimix-1l\/","og_site_name":"Anadolu Pet Grup","article_modified_time":"2026-02-23T16:49:22+00:00","og_image":[{"width":750,"height":750,"url":"https:\/\/anadolupet.com.tr\/wp-content\/uploads\/2026\/02\/400-748514.jpg","type":"image\/jpeg"}],"twitter_card":"summary_large_image","schema":{"@context":"https:\/\/schema.org","@graph":[{"@type":"WebPage","@id":"https:\/\/anadolupet.com.tr\/urun\/tetra-pond-multimix-1l\/","url":"https:\/\/anadolupet.com.tr\/urun\/tetra-pond-multimix-1l\/","name":"Tetra Pond Multimix 1L - Anadolu Pet Grup","isPartOf":{"@id":"https:\/\/anadolupet.com.tr\/#website"},"primaryImageOfPage":{"@id":"https:\/\/anadolupet.com.tr\/urun\/tetra-pond-multimix-1l\/#primaryimage"},"image":{"@id":"https:\/\/anadolupet.com.tr\/urun\/tetra-pond-multimix-1l\/#primaryimage"},"thumbnailUrl":"https:\/\/anadolupet.com.tr\/wp-content\/uploads\/2026\/02\/400-748514.jpg","datePublished":"2026-02-14T14:46:27+00:00","dateModified":"2026-02-23T16:49:22+00:00","breadcrumb":{"@id":"https:\/\/anadolupet.com.tr\/urun\/tetra-pond-multimix-1l\/#breadcrumb"},"inLanguage":"en-US","potentialAction":[{"@type":"ReadAction","target":["https:\/\/anadolupet.com.tr\/urun\/tetra-pond-multimix-1l\/"]}]},{"@type":"ImageObject","inLanguage":"en-US","@id":"https:\/\/anadolupet.com.tr\/urun\/tetra-pond-multimix-1l\/#primaryimage","url":"https:\/\/anadolupet.com.tr\/wp-content\/uploads\/2026\/02\/400-748514.jpg","contentUrl":"https:\/\/anadolupet.com.tr\/wp-content\/uploads\/2026\/02\/400-748514.jpg","width":750,"height":750},{"@type":"BreadcrumbList","@id":"https:\/\/anadolupet.com.tr\/urun\/tetra-pond-multimix-1l\/#breadcrumb","itemListElement":[{"@type":"ListItem","position":1,"name":"Anasayfa","item":"https:\/\/anadolupet.com.tr\/"},{"@type":"ListItem","position":2,"name":"\u00dcr\u00fcnler","item":"https:\/\/anadolupet.com.tr\/urunler\/"},{"@type":"ListItem","position":3,"name":"Tetra Pond Multimix 1L"}]},{"@type":"WebSite","@id":"https:\/\/anadolupet.com.tr\/#website","url":"https:\/\/anadolupet.com.tr\/","name":"Anadolu Pet Group","description":"We Stand Together for the Well-Being of Every Life","publisher":{"@id":"https:\/\/anadolupet.com.tr\/#organization"},"potentialAction":[{"@type":"SearchAction","target":{"@type":"EntryPoint","urlTemplate":"https:\/\/anadolupet.com.tr\/?s={search_term_string}"},"query-input":{"@type":"PropertyValueSpecification","valueRequired":true,"valueName":"search_term_string"}}],"inLanguage":"en-US"},{"@type":"Organization","@id":"https:\/\/anadolupet.com.tr\/#organization","name":"Anadolu Pet Group","alternateName":"Anadolu Pet","url":"https:\/\/anadolupet.com.tr\/","logo":{"@type":"ImageObject","inLanguage":"en-US","@id":"https:\/\/anadolupet.com.tr\/#\/schema\/logo\/image\/","url":"https:\/\/anadolupet.com.tr\/wp-content\/uploads\/2026\/03\/1614666743370.jpg","contentUrl":"https:\/\/anadolupet.com.tr\/wp-content\/uploads\/2026\/03\/1614666743370.jpg","width":800,"height":571,"caption":"Anadolu Pet Grup"},"image":{"@id":"https:\/\/anadolupet.com.tr\/#\/schema\/logo\/image\/"}}]}},"_links":{"self":[{"href":"https:\/\/anadolupet.com.tr\/en\/wp-json\/wp\/v2\/product\/46349","targetHints":{"allow":["GET"]}}],"collection":[{"href":"https:\/\/anadolupet.com.tr\/en\/wp-json\/wp\/v2\/product"}],"about":[{"href":"https:\/\/anadolupet.com.tr\/en\/wp-json\/wp\/v2\/types\/product"}],"replies":[{"embeddable":true,"href":"https:\/\/anadolupet.com.tr\/en\/wp-json\/wp\/v2\/comments?post=46349"}],"wp:featuredmedia":[{"embeddable":true,"href":"https:\/\/anadolupet.com.tr\/en\/wp-json\/wp\/v2\/media\/47125"}],"wp:attachment":[{"href":"https:\/\/anadolupet.com.tr\/en\/wp-json\/wp\/v2\/media?parent=46349"}],"wp:term":[{"taxonomy":"product_brand","embeddable":true,"href":"https:\/\/anadolupet.com.tr\/en\/wp-json\/wp\/v2\/product_brand?post=46349"},{"taxonomy":"product_cat","embeddable":true,"href":"https:\/\/anadolupet.com.tr\/en\/wp-json\/wp\/v2\/product_cat?post=46349"},{"taxonomy":"product_tag","embeddable":true,"href":"https:\/\/anadolupet.com.tr\/en\/wp-json\/wp\/v2\/product_tag?post=46349"}],"curies":[{"name":"wp","href":"https:\/\/api.w.org\/{rel}","templated":true}]}}