{"id":46353,"date":"2026-02-14T14:46:29","date_gmt":"2026-02-14T14:46:29","guid":{"rendered":"https:\/\/anadolupet.com.tr\/urun\/tetra-phyll-flakes-bitkisel-tropikal-balik-yemi-250ml\/"},"modified":"2026-02-23T16:49:23","modified_gmt":"2026-02-23T16:49:23","slug":"tetra-phyll-flakes-bitkisel-tropikal-balik-yemi-250ml","status":"publish","type":"product","link":"https:\/\/anadolupet.com.tr\/en\/urun\/tetra-phyll-flakes-bitkisel-tropikal-balik-yemi-250ml\/","title":{"rendered":"Tetra Phyll Flakes Bitkisel Tropikal Bal\u0131k Yemi &#8211; 250ML"},"content":{"rendered":"","protected":false},"excerpt":{"rendered":"<p>Tetra Phyll Flakes 250 ml \/ 52 g<br \/>\nY\u00fcksek oranda bitkisel i\u00e7erik ile t\u00fcm s\u00fcs bal\u0131klar\u0131n\u0131n direncini ve canl\u0131l\u0131\u011f\u0131n\u0131 destekler.<br \/>\nOt\u00e7ul bal\u0131klar\u0131n ihtiya\u00e7 duydu\u011fu lifler sayesinde sindirimi kolayla\u015ft\u0131r\u0131r ve sa\u011fl\u0131kl\u0131 beslenme sa\u011flar.<br \/>\nBioActive form\u00fcl\u00fc ve \u00f6zel protein kar\u0131\u015f\u0131m\u0131, g\u00fc\u00e7l\u00fc, sa\u011fl\u0131kl\u0131 ve enerjik bal\u0131klar i\u00e7in geli\u015ftirilmi\u015ftir.<br \/>\nDo\u011fal prebiyotikler ile v\u00fccut fonksiyonlar\u0131n\u0131 destekler, besinlerin daha iyi de\u011ferlendirilmesini sa\u011flar.<br \/>\nBenzersiz tarif ve y\u00fcksek kaliteli i\u00e7erikler, renklendirici ve koruyucu katk\u0131 maddeleri olmadan optimum b\u00fcy\u00fcmeyi destekler.<br \/>\nKolay t\u00fcketilen ve y\u00fcksek sindirilebilir pullar, suyun temiz ve berrak kalmas\u0131na yard\u0131mc\u0131 olur.<br \/>\nTetra Phyll Flakes, s\u00fcs bal\u0131klar\u0131n\u0131z\u0131n ba\u011f\u0131\u015f\u0131kl\u0131\u011f\u0131n\u0131, sindirim sa\u011fl\u0131\u011f\u0131n\u0131 ve canl\u0131l\u0131\u011f\u0131n\u0131 destekleyen; ayn\u0131 zamanda akvaryum suyunun berrakl\u0131\u011f\u0131n\u0131 koruyan \u00fcst\u00fcn kaliteli bir yemdir.<\/p>","protected":false},"featured_media":47111,"comment_status":"open","ping_status":"closed","template":"","meta":{"_acf_changed":false},"product_brand":[],"product_cat":[2405],"product_tag":[],"class_list":{"0":"post-46353","1":"product","2":"type-product","3":"status-publish","4":"has-post-thumbnail","6":"product_cat-ozel-yemler","8":"first","9":"instock","10":"shipping-taxable","11":"product-type-simple"},"acf":[],"yoast_head":"<!-- This site is optimized with the Yoast SEO plugin v27.5 - https:\/\/yoast.com\/product\/yoast-seo-wordpress\/ -->\n<title>Tetra Phyll Flakes Bitkisel Tropikal Bal\u0131k Yemi - 250ML - Anadolu Pet Grup<\/title>\n<meta name=\"robots\" content=\"index, follow, max-snippet:-1, max-image-preview:large, max-video-preview:-1\" \/>\n<link rel=\"canonical\" href=\"https:\/\/anadolupet.com.tr\/en\/product\/tetra-phyll-flakes-bitkisel-tropikal-balik-yemi-250ml\/\" \/>\n<meta property=\"og:locale\" content=\"en_US\" \/>\n<meta property=\"og:type\" content=\"article\" \/>\n<meta property=\"og:title\" content=\"Tetra Phyll Flakes Bitkisel Tropikal Bal\u0131k Yemi - 250ML - Anadolu Pet Grup\" \/>\n<meta property=\"og:description\" content=\"Tetra Phyll Flakes 250 ml \/ 52 g Y\u00fcksek oranda bitkisel i\u00e7erik ile t\u00fcm s\u00fcs bal\u0131klar\u0131n\u0131n direncini ve canl\u0131l\u0131\u011f\u0131n\u0131 destekler. Ot\u00e7ul bal\u0131klar\u0131n ihtiya\u00e7 duydu\u011fu lifler sayesinde sindirimi kolayla\u015ft\u0131r\u0131r ve sa\u011fl\u0131kl\u0131 beslenme sa\u011flar. BioActive form\u00fcl\u00fc ve \u00f6zel protein kar\u0131\u015f\u0131m\u0131, g\u00fc\u00e7l\u00fc, sa\u011fl\u0131kl\u0131 ve enerjik bal\u0131klar i\u00e7in geli\u015ftirilmi\u015ftir. Do\u011fal prebiyotikler ile v\u00fccut fonksiyonlar\u0131n\u0131 destekler, besinlerin daha iyi de\u011ferlendirilmesini sa\u011flar. Benzersiz tarif ve y\u00fcksek kaliteli i\u00e7erikler, renklendirici ve koruyucu katk\u0131 maddeleri olmadan optimum b\u00fcy\u00fcmeyi destekler. Kolay t\u00fcketilen ve y\u00fcksek sindirilebilir pullar, suyun temiz ve berrak kalmas\u0131na yard\u0131mc\u0131 olur. Tetra Phyll Flakes, s\u00fcs bal\u0131klar\u0131n\u0131z\u0131n ba\u011f\u0131\u015f\u0131kl\u0131\u011f\u0131n\u0131, sindirim sa\u011fl\u0131\u011f\u0131n\u0131 ve canl\u0131l\u0131\u011f\u0131n\u0131 destekleyen; ayn\u0131 zamanda akvaryum suyunun berrakl\u0131\u011f\u0131n\u0131 koruyan \u00fcst\u00fcn kaliteli bir yemdir.\" \/>\n<meta property=\"og:url\" content=\"https:\/\/anadolupet.com.tr\/en\/product\/tetra-phyll-flakes-bitkisel-tropikal-balik-yemi-250ml\/\" \/>\n<meta property=\"og:site_name\" content=\"Anadolu Pet Grup\" \/>\n<meta property=\"article:modified_time\" content=\"2026-02-23T16:49:23+00:00\" \/>\n<meta property=\"og:image\" content=\"https:\/\/anadolupet.com.tr\/wp-content\/uploads\/2026\/02\/400-713256.jpg\" \/>\n\t<meta property=\"og:image:width\" content=\"750\" \/>\n\t<meta property=\"og:image:height\" content=\"750\" \/>\n\t<meta property=\"og:image:type\" content=\"image\/jpeg\" \/>\n<meta name=\"twitter:card\" content=\"summary_large_image\" \/>\n<script type=\"application\/ld+json\" class=\"yoast-schema-graph\">{\"@context\":\"https:\\\/\\\/schema.org\",\"@graph\":[{\"@type\":\"WebPage\",\"@id\":\"https:\\\/\\\/anadolupet.com.tr\\\/urun\\\/tetra-phyll-flakes-bitkisel-tropikal-balik-yemi-250ml\\\/\",\"url\":\"https:\\\/\\\/anadolupet.com.tr\\\/urun\\\/tetra-phyll-flakes-bitkisel-tropikal-balik-yemi-250ml\\\/\",\"name\":\"Tetra Phyll Flakes Bitkisel Tropikal Bal\u0131k Yemi - 250ML - Anadolu Pet Grup\",\"isPartOf\":{\"@id\":\"https:\\\/\\\/anadolupet.com.tr\\\/#website\"},\"primaryImageOfPage\":{\"@id\":\"https:\\\/\\\/anadolupet.com.tr\\\/urun\\\/tetra-phyll-flakes-bitkisel-tropikal-balik-yemi-250ml\\\/#primaryimage\"},\"image\":{\"@id\":\"https:\\\/\\\/anadolupet.com.tr\\\/urun\\\/tetra-phyll-flakes-bitkisel-tropikal-balik-yemi-250ml\\\/#primaryimage\"},\"thumbnailUrl\":\"https:\\\/\\\/anadolupet.com.tr\\\/wp-content\\\/uploads\\\/2026\\\/02\\\/400-713256.jpg\",\"datePublished\":\"2026-02-14T14:46:29+00:00\",\"dateModified\":\"2026-02-23T16:49:23+00:00\",\"breadcrumb\":{\"@id\":\"https:\\\/\\\/anadolupet.com.tr\\\/urun\\\/tetra-phyll-flakes-bitkisel-tropikal-balik-yemi-250ml\\\/#breadcrumb\"},\"inLanguage\":\"en-US\",\"potentialAction\":[{\"@type\":\"ReadAction\",\"target\":[\"https:\\\/\\\/anadolupet.com.tr\\\/urun\\\/tetra-phyll-flakes-bitkisel-tropikal-balik-yemi-250ml\\\/\"]}]},{\"@type\":\"ImageObject\",\"inLanguage\":\"en-US\",\"@id\":\"https:\\\/\\\/anadolupet.com.tr\\\/urun\\\/tetra-phyll-flakes-bitkisel-tropikal-balik-yemi-250ml\\\/#primaryimage\",\"url\":\"https:\\\/\\\/anadolupet.com.tr\\\/wp-content\\\/uploads\\\/2026\\\/02\\\/400-713256.jpg\",\"contentUrl\":\"https:\\\/\\\/anadolupet.com.tr\\\/wp-content\\\/uploads\\\/2026\\\/02\\\/400-713256.jpg\",\"width\":750,\"height\":750},{\"@type\":\"BreadcrumbList\",\"@id\":\"https:\\\/\\\/anadolupet.com.tr\\\/urun\\\/tetra-phyll-flakes-bitkisel-tropikal-balik-yemi-250ml\\\/#breadcrumb\",\"itemListElement\":[{\"@type\":\"ListItem\",\"position\":1,\"name\":\"Anasayfa\",\"item\":\"https:\\\/\\\/anadolupet.com.tr\\\/\"},{\"@type\":\"ListItem\",\"position\":2,\"name\":\"\u00dcr\u00fcnler\",\"item\":\"https:\\\/\\\/anadolupet.com.tr\\\/urunler\\\/\"},{\"@type\":\"ListItem\",\"position\":3,\"name\":\"Tetra Phyll Flakes Bitkisel Tropikal Bal\u0131k Yemi &#8211; 250ML\"}]},{\"@type\":\"WebSite\",\"@id\":\"https:\\\/\\\/anadolupet.com.tr\\\/#website\",\"url\":\"https:\\\/\\\/anadolupet.com.tr\\\/\",\"name\":\"Anadolu Pet Grup\",\"description\":\"Her Can\u0131n \u0130yi Ya\u015fam\u0131 \u0130\u00e7in Biraraday\u0131z\",\"publisher\":{\"@id\":\"https:\\\/\\\/anadolupet.com.tr\\\/#organization\"},\"potentialAction\":[{\"@type\":\"SearchAction\",\"target\":{\"@type\":\"EntryPoint\",\"urlTemplate\":\"https:\\\/\\\/anadolupet.com.tr\\\/?s={search_term_string}\"},\"query-input\":{\"@type\":\"PropertyValueSpecification\",\"valueRequired\":true,\"valueName\":\"search_term_string\"}}],\"inLanguage\":\"en-US\"},{\"@type\":\"Organization\",\"@id\":\"https:\\\/\\\/anadolupet.com.tr\\\/#organization\",\"name\":\"Anadolu Pet Grup\",\"alternateName\":\"Anadolu Pet\",\"url\":\"https:\\\/\\\/anadolupet.com.tr\\\/\",\"logo\":{\"@type\":\"ImageObject\",\"inLanguage\":\"en-US\",\"@id\":\"https:\\\/\\\/anadolupet.com.tr\\\/#\\\/schema\\\/logo\\\/image\\\/\",\"url\":\"https:\\\/\\\/anadolupet.com.tr\\\/wp-content\\\/uploads\\\/2026\\\/03\\\/1614666743370.jpg\",\"contentUrl\":\"https:\\\/\\\/anadolupet.com.tr\\\/wp-content\\\/uploads\\\/2026\\\/03\\\/1614666743370.jpg\",\"width\":800,\"height\":571,\"caption\":\"Anadolu Pet Grup\"},\"image\":{\"@id\":\"https:\\\/\\\/anadolupet.com.tr\\\/#\\\/schema\\\/logo\\\/image\\\/\"}}]}<\/script>\n<!-- \/ Yoast SEO plugin. -->","yoast_head_json":{"title":"Tetra Phyll Flakes Bitkisel Tropikal Bal\u0131k Yemi - 250ML - Anadolu Pet Grup","robots":{"index":"index","follow":"follow","max-snippet":"max-snippet:-1","max-image-preview":"max-image-preview:large","max-video-preview":"max-video-preview:-1"},"canonical":"https:\/\/anadolupet.com.tr\/en\/product\/tetra-phyll-flakes-bitkisel-tropikal-balik-yemi-250ml\/","og_locale":"en_US","og_type":"article","og_title":"Tetra Phyll Flakes Bitkisel Tropikal Bal\u0131k Yemi - 250ML - Anadolu Pet Grup","og_description":"Tetra Phyll Flakes 250 ml \/ 52 g Y\u00fcksek oranda bitkisel i\u00e7erik ile t\u00fcm s\u00fcs bal\u0131klar\u0131n\u0131n direncini ve canl\u0131l\u0131\u011f\u0131n\u0131 destekler. Ot\u00e7ul bal\u0131klar\u0131n ihtiya\u00e7 duydu\u011fu lifler sayesinde sindirimi kolayla\u015ft\u0131r\u0131r ve sa\u011fl\u0131kl\u0131 beslenme sa\u011flar. BioActive form\u00fcl\u00fc ve \u00f6zel protein kar\u0131\u015f\u0131m\u0131, g\u00fc\u00e7l\u00fc, sa\u011fl\u0131kl\u0131 ve enerjik bal\u0131klar i\u00e7in geli\u015ftirilmi\u015ftir. Do\u011fal prebiyotikler ile v\u00fccut fonksiyonlar\u0131n\u0131 destekler, besinlerin daha iyi de\u011ferlendirilmesini sa\u011flar. Benzersiz tarif ve y\u00fcksek kaliteli i\u00e7erikler, renklendirici ve koruyucu katk\u0131 maddeleri olmadan optimum b\u00fcy\u00fcmeyi destekler. Kolay t\u00fcketilen ve y\u00fcksek sindirilebilir pullar, suyun temiz ve berrak kalmas\u0131na yard\u0131mc\u0131 olur. Tetra Phyll Flakes, s\u00fcs bal\u0131klar\u0131n\u0131z\u0131n ba\u011f\u0131\u015f\u0131kl\u0131\u011f\u0131n\u0131, sindirim sa\u011fl\u0131\u011f\u0131n\u0131 ve canl\u0131l\u0131\u011f\u0131n\u0131 destekleyen; ayn\u0131 zamanda akvaryum suyunun berrakl\u0131\u011f\u0131n\u0131 koruyan \u00fcst\u00fcn kaliteli bir yemdir.","og_url":"https:\/\/anadolupet.com.tr\/en\/product\/tetra-phyll-flakes-bitkisel-tropikal-balik-yemi-250ml\/","og_site_name":"Anadolu Pet Grup","article_modified_time":"2026-02-23T16:49:23+00:00","og_image":[{"width":750,"height":750,"url":"https:\/\/anadolupet.com.tr\/wp-content\/uploads\/2026\/02\/400-713256.jpg","type":"image\/jpeg"}],"twitter_card":"summary_large_image","schema":{"@context":"https:\/\/schema.org","@graph":[{"@type":"WebPage","@id":"https:\/\/anadolupet.com.tr\/urun\/tetra-phyll-flakes-bitkisel-tropikal-balik-yemi-250ml\/","url":"https:\/\/anadolupet.com.tr\/urun\/tetra-phyll-flakes-bitkisel-tropikal-balik-yemi-250ml\/","name":"Tetra Phyll Flakes Bitkisel Tropikal Bal\u0131k Yemi - 250ML - Anadolu Pet Grup","isPartOf":{"@id":"https:\/\/anadolupet.com.tr\/#website"},"primaryImageOfPage":{"@id":"https:\/\/anadolupet.com.tr\/urun\/tetra-phyll-flakes-bitkisel-tropikal-balik-yemi-250ml\/#primaryimage"},"image":{"@id":"https:\/\/anadolupet.com.tr\/urun\/tetra-phyll-flakes-bitkisel-tropikal-balik-yemi-250ml\/#primaryimage"},"thumbnailUrl":"https:\/\/anadolupet.com.tr\/wp-content\/uploads\/2026\/02\/400-713256.jpg","datePublished":"2026-02-14T14:46:29+00:00","dateModified":"2026-02-23T16:49:23+00:00","breadcrumb":{"@id":"https:\/\/anadolupet.com.tr\/urun\/tetra-phyll-flakes-bitkisel-tropikal-balik-yemi-250ml\/#breadcrumb"},"inLanguage":"en-US","potentialAction":[{"@type":"ReadAction","target":["https:\/\/anadolupet.com.tr\/urun\/tetra-phyll-flakes-bitkisel-tropikal-balik-yemi-250ml\/"]}]},{"@type":"ImageObject","inLanguage":"en-US","@id":"https:\/\/anadolupet.com.tr\/urun\/tetra-phyll-flakes-bitkisel-tropikal-balik-yemi-250ml\/#primaryimage","url":"https:\/\/anadolupet.com.tr\/wp-content\/uploads\/2026\/02\/400-713256.jpg","contentUrl":"https:\/\/anadolupet.com.tr\/wp-content\/uploads\/2026\/02\/400-713256.jpg","width":750,"height":750},{"@type":"BreadcrumbList","@id":"https:\/\/anadolupet.com.tr\/urun\/tetra-phyll-flakes-bitkisel-tropikal-balik-yemi-250ml\/#breadcrumb","itemListElement":[{"@type":"ListItem","position":1,"name":"Anasayfa","item":"https:\/\/anadolupet.com.tr\/"},{"@type":"ListItem","position":2,"name":"\u00dcr\u00fcnler","item":"https:\/\/anadolupet.com.tr\/urunler\/"},{"@type":"ListItem","position":3,"name":"Tetra Phyll Flakes Bitkisel Tropikal Bal\u0131k Yemi &#8211; 250ML"}]},{"@type":"WebSite","@id":"https:\/\/anadolupet.com.tr\/#website","url":"https:\/\/anadolupet.com.tr\/","name":"Anadolu Pet Group","description":"We Stand Together for the Well-Being of Every Life","publisher":{"@id":"https:\/\/anadolupet.com.tr\/#organization"},"potentialAction":[{"@type":"SearchAction","target":{"@type":"EntryPoint","urlTemplate":"https:\/\/anadolupet.com.tr\/?s={search_term_string}"},"query-input":{"@type":"PropertyValueSpecification","valueRequired":true,"valueName":"search_term_string"}}],"inLanguage":"en-US"},{"@type":"Organization","@id":"https:\/\/anadolupet.com.tr\/#organization","name":"Anadolu Pet Group","alternateName":"Anadolu Pet","url":"https:\/\/anadolupet.com.tr\/","logo":{"@type":"ImageObject","inLanguage":"en-US","@id":"https:\/\/anadolupet.com.tr\/#\/schema\/logo\/image\/","url":"https:\/\/anadolupet.com.tr\/wp-content\/uploads\/2026\/03\/1614666743370.jpg","contentUrl":"https:\/\/anadolupet.com.tr\/wp-content\/uploads\/2026\/03\/1614666743370.jpg","width":800,"height":571,"caption":"Anadolu Pet Grup"},"image":{"@id":"https:\/\/anadolupet.com.tr\/#\/schema\/logo\/image\/"}}]}},"_links":{"self":[{"href":"https:\/\/anadolupet.com.tr\/en\/wp-json\/wp\/v2\/product\/46353","targetHints":{"allow":["GET"]}}],"collection":[{"href":"https:\/\/anadolupet.com.tr\/en\/wp-json\/wp\/v2\/product"}],"about":[{"href":"https:\/\/anadolupet.com.tr\/en\/wp-json\/wp\/v2\/types\/product"}],"replies":[{"embeddable":true,"href":"https:\/\/anadolupet.com.tr\/en\/wp-json\/wp\/v2\/comments?post=46353"}],"wp:featuredmedia":[{"embeddable":true,"href":"https:\/\/anadolupet.com.tr\/en\/wp-json\/wp\/v2\/media\/47111"}],"wp:attachment":[{"href":"https:\/\/anadolupet.com.tr\/en\/wp-json\/wp\/v2\/media?parent=46353"}],"wp:term":[{"taxonomy":"product_brand","embeddable":true,"href":"https:\/\/anadolupet.com.tr\/en\/wp-json\/wp\/v2\/product_brand?post=46353"},{"taxonomy":"product_cat","embeddable":true,"href":"https:\/\/anadolupet.com.tr\/en\/wp-json\/wp\/v2\/product_cat?post=46353"},{"taxonomy":"product_tag","embeddable":true,"href":"https:\/\/anadolupet.com.tr\/en\/wp-json\/wp\/v2\/product_tag?post=46353"}],"curies":[{"name":"wp","href":"https:\/\/api.w.org\/{rel}","templated":true}]}}