{"id":46354,"date":"2026-02-14T14:46:29","date_gmt":"2026-02-14T14:46:29","guid":{"rendered":"https:\/\/anadolupet.com.tr\/urun\/tetra-pleco-spiriluna-wafers-bitkisel-dip-balik-yemi-15gr\/"},"modified":"2026-02-23T16:49:23","modified_gmt":"2026-02-23T16:49:23","slug":"tetra-pleco-spiriluna-wafers-bitkisel-dip-balik-yemi-15gr","status":"publish","type":"product","link":"https:\/\/anadolupet.com.tr\/en\/urun\/tetra-pleco-spiriluna-wafers-bitkisel-dip-balik-yemi-15gr\/","title":{"rendered":"Tetra Pleco Spiriluna Wafers Bitkisel Dip Bal\u0131k Yemi &#8211; 15GR"},"content":{"rendered":"","protected":false},"excerpt":{"rendered":"<p>Tetra Pleco Spirulina Wafers 15 g<br \/>\nOt\u00e7ul dipten beslenen bal\u0131klar i\u00e7in t\u00fcr\u00fcne uygun ve dengeli beslenme sa\u011flar.<br \/>\nAlg proteini i\u00e7eri\u011fi ile yosunla beslenen bal\u0131klar\u0131n \u00f6zel besin ihtiya\u00e7lar\u0131n\u0131 kar\u015f\u0131lar.<br \/>\nZengin lif i\u00e7eri\u011fi sayesinde sindirimi destekler ve bal\u0131klar\u0131n genel sa\u011fl\u0131\u011f\u0131n\u0131 g\u00fc\u00e7lendirir.<br \/>\nKat\u0131 yap\u0131s\u0131 sayesinde suyu buland\u0131rmaz, temiz ve berrak bir akvaryum ortam\u0131 sunar.<br \/>\nTetra Pleco Spirulina Wafers, dipten beslenen ot\u00e7ul bal\u0131klar i\u00e7in sa\u011fl\u0131kl\u0131 geli\u015fim, g\u00fc\u00e7l\u00fc sindirim ve berrak su sa\u011flayan ideal yemdir.<\/p>","protected":false},"featured_media":47100,"comment_status":"open","ping_status":"closed","template":"","meta":{"_acf_changed":false},"product_brand":[],"product_cat":[2418],"product_tag":[],"class_list":{"0":"post-46354","1":"product","2":"type-product","3":"status-publish","4":"has-post-thumbnail","6":"product_cat-ture-ozel-yemler","8":"first","9":"instock","10":"shipping-taxable","11":"product-type-simple"},"acf":[],"yoast_head":"<!-- This site is optimized with the Yoast SEO plugin v27.5 - https:\/\/yoast.com\/product\/yoast-seo-wordpress\/ -->\n<title>Tetra Pleco Spiriluna Wafers Bitkisel Dip Bal\u0131k Yemi - 15GR - Anadolu Pet Grup<\/title>\n<meta name=\"robots\" content=\"index, follow, max-snippet:-1, max-image-preview:large, max-video-preview:-1\" \/>\n<link rel=\"canonical\" href=\"https:\/\/anadolupet.com.tr\/en\/product\/tetra-pleco-spiriluna-wafers-bitkisel-dip-balik-yemi-15gr\/\" \/>\n<meta property=\"og:locale\" content=\"en_US\" \/>\n<meta property=\"og:type\" content=\"article\" \/>\n<meta property=\"og:title\" content=\"Tetra Pleco Spiriluna Wafers Bitkisel Dip Bal\u0131k Yemi - 15GR - Anadolu Pet Grup\" \/>\n<meta property=\"og:description\" content=\"Tetra Pleco Spirulina Wafers 15 g Ot\u00e7ul dipten beslenen bal\u0131klar i\u00e7in t\u00fcr\u00fcne uygun ve dengeli beslenme sa\u011flar. Alg proteini i\u00e7eri\u011fi ile yosunla beslenen bal\u0131klar\u0131n \u00f6zel besin ihtiya\u00e7lar\u0131n\u0131 kar\u015f\u0131lar. Zengin lif i\u00e7eri\u011fi sayesinde sindirimi destekler ve bal\u0131klar\u0131n genel sa\u011fl\u0131\u011f\u0131n\u0131 g\u00fc\u00e7lendirir. Kat\u0131 yap\u0131s\u0131 sayesinde suyu buland\u0131rmaz, temiz ve berrak bir akvaryum ortam\u0131 sunar. Tetra Pleco Spirulina Wafers, dipten beslenen ot\u00e7ul bal\u0131klar i\u00e7in sa\u011fl\u0131kl\u0131 geli\u015fim, g\u00fc\u00e7l\u00fc sindirim ve berrak su sa\u011flayan ideal yemdir.\" \/>\n<meta property=\"og:url\" content=\"https:\/\/anadolupet.com.tr\/en\/product\/tetra-pleco-spiriluna-wafers-bitkisel-dip-balik-yemi-15gr\/\" \/>\n<meta property=\"og:site_name\" content=\"Anadolu Pet Grup\" \/>\n<meta property=\"article:modified_time\" content=\"2026-02-23T16:49:23+00:00\" \/>\n<meta property=\"og:image\" content=\"https:\/\/anadolupet.com.tr\/wp-content\/uploads\/2026\/02\/400-710639.jpg\" \/>\n\t<meta property=\"og:image:width\" content=\"750\" \/>\n\t<meta property=\"og:image:height\" content=\"750\" \/>\n\t<meta property=\"og:image:type\" content=\"image\/jpeg\" \/>\n<meta name=\"twitter:card\" content=\"summary_large_image\" \/>\n<script type=\"application\/ld+json\" class=\"yoast-schema-graph\">{\"@context\":\"https:\\\/\\\/schema.org\",\"@graph\":[{\"@type\":\"WebPage\",\"@id\":\"https:\\\/\\\/anadolupet.com.tr\\\/urun\\\/tetra-pleco-spiriluna-wafers-bitkisel-dip-balik-yemi-15gr\\\/\",\"url\":\"https:\\\/\\\/anadolupet.com.tr\\\/urun\\\/tetra-pleco-spiriluna-wafers-bitkisel-dip-balik-yemi-15gr\\\/\",\"name\":\"Tetra Pleco Spiriluna Wafers Bitkisel Dip Bal\u0131k Yemi - 15GR - Anadolu Pet Grup\",\"isPartOf\":{\"@id\":\"https:\\\/\\\/anadolupet.com.tr\\\/#website\"},\"primaryImageOfPage\":{\"@id\":\"https:\\\/\\\/anadolupet.com.tr\\\/urun\\\/tetra-pleco-spiriluna-wafers-bitkisel-dip-balik-yemi-15gr\\\/#primaryimage\"},\"image\":{\"@id\":\"https:\\\/\\\/anadolupet.com.tr\\\/urun\\\/tetra-pleco-spiriluna-wafers-bitkisel-dip-balik-yemi-15gr\\\/#primaryimage\"},\"thumbnailUrl\":\"https:\\\/\\\/anadolupet.com.tr\\\/wp-content\\\/uploads\\\/2026\\\/02\\\/400-710639.jpg\",\"datePublished\":\"2026-02-14T14:46:29+00:00\",\"dateModified\":\"2026-02-23T16:49:23+00:00\",\"breadcrumb\":{\"@id\":\"https:\\\/\\\/anadolupet.com.tr\\\/urun\\\/tetra-pleco-spiriluna-wafers-bitkisel-dip-balik-yemi-15gr\\\/#breadcrumb\"},\"inLanguage\":\"en-US\",\"potentialAction\":[{\"@type\":\"ReadAction\",\"target\":[\"https:\\\/\\\/anadolupet.com.tr\\\/urun\\\/tetra-pleco-spiriluna-wafers-bitkisel-dip-balik-yemi-15gr\\\/\"]}]},{\"@type\":\"ImageObject\",\"inLanguage\":\"en-US\",\"@id\":\"https:\\\/\\\/anadolupet.com.tr\\\/urun\\\/tetra-pleco-spiriluna-wafers-bitkisel-dip-balik-yemi-15gr\\\/#primaryimage\",\"url\":\"https:\\\/\\\/anadolupet.com.tr\\\/wp-content\\\/uploads\\\/2026\\\/02\\\/400-710639.jpg\",\"contentUrl\":\"https:\\\/\\\/anadolupet.com.tr\\\/wp-content\\\/uploads\\\/2026\\\/02\\\/400-710639.jpg\",\"width\":750,\"height\":750},{\"@type\":\"BreadcrumbList\",\"@id\":\"https:\\\/\\\/anadolupet.com.tr\\\/urun\\\/tetra-pleco-spiriluna-wafers-bitkisel-dip-balik-yemi-15gr\\\/#breadcrumb\",\"itemListElement\":[{\"@type\":\"ListItem\",\"position\":1,\"name\":\"Anasayfa\",\"item\":\"https:\\\/\\\/anadolupet.com.tr\\\/\"},{\"@type\":\"ListItem\",\"position\":2,\"name\":\"\u00dcr\u00fcnler\",\"item\":\"https:\\\/\\\/anadolupet.com.tr\\\/urunler\\\/\"},{\"@type\":\"ListItem\",\"position\":3,\"name\":\"Tetra Pleco Spiriluna Wafers Bitkisel Dip Bal\u0131k Yemi &#8211; 15GR\"}]},{\"@type\":\"WebSite\",\"@id\":\"https:\\\/\\\/anadolupet.com.tr\\\/#website\",\"url\":\"https:\\\/\\\/anadolupet.com.tr\\\/\",\"name\":\"Anadolu Pet Grup\",\"description\":\"Her Can\u0131n \u0130yi Ya\u015fam\u0131 \u0130\u00e7in Biraraday\u0131z\",\"publisher\":{\"@id\":\"https:\\\/\\\/anadolupet.com.tr\\\/#organization\"},\"potentialAction\":[{\"@type\":\"SearchAction\",\"target\":{\"@type\":\"EntryPoint\",\"urlTemplate\":\"https:\\\/\\\/anadolupet.com.tr\\\/?s={search_term_string}\"},\"query-input\":{\"@type\":\"PropertyValueSpecification\",\"valueRequired\":true,\"valueName\":\"search_term_string\"}}],\"inLanguage\":\"en-US\"},{\"@type\":\"Organization\",\"@id\":\"https:\\\/\\\/anadolupet.com.tr\\\/#organization\",\"name\":\"Anadolu Pet Grup\",\"alternateName\":\"Anadolu Pet\",\"url\":\"https:\\\/\\\/anadolupet.com.tr\\\/\",\"logo\":{\"@type\":\"ImageObject\",\"inLanguage\":\"en-US\",\"@id\":\"https:\\\/\\\/anadolupet.com.tr\\\/#\\\/schema\\\/logo\\\/image\\\/\",\"url\":\"https:\\\/\\\/anadolupet.com.tr\\\/wp-content\\\/uploads\\\/2026\\\/03\\\/1614666743370.jpg\",\"contentUrl\":\"https:\\\/\\\/anadolupet.com.tr\\\/wp-content\\\/uploads\\\/2026\\\/03\\\/1614666743370.jpg\",\"width\":800,\"height\":571,\"caption\":\"Anadolu Pet Grup\"},\"image\":{\"@id\":\"https:\\\/\\\/anadolupet.com.tr\\\/#\\\/schema\\\/logo\\\/image\\\/\"}}]}<\/script>\n<!-- \/ Yoast SEO plugin. -->","yoast_head_json":{"title":"Tetra Pleco Spiriluna Wafers Bitkisel Dip Bal\u0131k Yemi - 15GR - Anadolu Pet Grup","robots":{"index":"index","follow":"follow","max-snippet":"max-snippet:-1","max-image-preview":"max-image-preview:large","max-video-preview":"max-video-preview:-1"},"canonical":"https:\/\/anadolupet.com.tr\/en\/product\/tetra-pleco-spiriluna-wafers-bitkisel-dip-balik-yemi-15gr\/","og_locale":"en_US","og_type":"article","og_title":"Tetra Pleco Spiriluna Wafers Bitkisel Dip Bal\u0131k Yemi - 15GR - Anadolu Pet Grup","og_description":"Tetra Pleco Spirulina Wafers 15 g Ot\u00e7ul dipten beslenen bal\u0131klar i\u00e7in t\u00fcr\u00fcne uygun ve dengeli beslenme sa\u011flar. Alg proteini i\u00e7eri\u011fi ile yosunla beslenen bal\u0131klar\u0131n \u00f6zel besin ihtiya\u00e7lar\u0131n\u0131 kar\u015f\u0131lar. Zengin lif i\u00e7eri\u011fi sayesinde sindirimi destekler ve bal\u0131klar\u0131n genel sa\u011fl\u0131\u011f\u0131n\u0131 g\u00fc\u00e7lendirir. Kat\u0131 yap\u0131s\u0131 sayesinde suyu buland\u0131rmaz, temiz ve berrak bir akvaryum ortam\u0131 sunar. Tetra Pleco Spirulina Wafers, dipten beslenen ot\u00e7ul bal\u0131klar i\u00e7in sa\u011fl\u0131kl\u0131 geli\u015fim, g\u00fc\u00e7l\u00fc sindirim ve berrak su sa\u011flayan ideal yemdir.","og_url":"https:\/\/anadolupet.com.tr\/en\/product\/tetra-pleco-spiriluna-wafers-bitkisel-dip-balik-yemi-15gr\/","og_site_name":"Anadolu Pet Grup","article_modified_time":"2026-02-23T16:49:23+00:00","og_image":[{"width":750,"height":750,"url":"https:\/\/anadolupet.com.tr\/wp-content\/uploads\/2026\/02\/400-710639.jpg","type":"image\/jpeg"}],"twitter_card":"summary_large_image","schema":{"@context":"https:\/\/schema.org","@graph":[{"@type":"WebPage","@id":"https:\/\/anadolupet.com.tr\/urun\/tetra-pleco-spiriluna-wafers-bitkisel-dip-balik-yemi-15gr\/","url":"https:\/\/anadolupet.com.tr\/urun\/tetra-pleco-spiriluna-wafers-bitkisel-dip-balik-yemi-15gr\/","name":"Tetra Pleco Spiriluna Wafers Bitkisel Dip Bal\u0131k Yemi - 15GR - Anadolu Pet Grup","isPartOf":{"@id":"https:\/\/anadolupet.com.tr\/#website"},"primaryImageOfPage":{"@id":"https:\/\/anadolupet.com.tr\/urun\/tetra-pleco-spiriluna-wafers-bitkisel-dip-balik-yemi-15gr\/#primaryimage"},"image":{"@id":"https:\/\/anadolupet.com.tr\/urun\/tetra-pleco-spiriluna-wafers-bitkisel-dip-balik-yemi-15gr\/#primaryimage"},"thumbnailUrl":"https:\/\/anadolupet.com.tr\/wp-content\/uploads\/2026\/02\/400-710639.jpg","datePublished":"2026-02-14T14:46:29+00:00","dateModified":"2026-02-23T16:49:23+00:00","breadcrumb":{"@id":"https:\/\/anadolupet.com.tr\/urun\/tetra-pleco-spiriluna-wafers-bitkisel-dip-balik-yemi-15gr\/#breadcrumb"},"inLanguage":"en-US","potentialAction":[{"@type":"ReadAction","target":["https:\/\/anadolupet.com.tr\/urun\/tetra-pleco-spiriluna-wafers-bitkisel-dip-balik-yemi-15gr\/"]}]},{"@type":"ImageObject","inLanguage":"en-US","@id":"https:\/\/anadolupet.com.tr\/urun\/tetra-pleco-spiriluna-wafers-bitkisel-dip-balik-yemi-15gr\/#primaryimage","url":"https:\/\/anadolupet.com.tr\/wp-content\/uploads\/2026\/02\/400-710639.jpg","contentUrl":"https:\/\/anadolupet.com.tr\/wp-content\/uploads\/2026\/02\/400-710639.jpg","width":750,"height":750},{"@type":"BreadcrumbList","@id":"https:\/\/anadolupet.com.tr\/urun\/tetra-pleco-spiriluna-wafers-bitkisel-dip-balik-yemi-15gr\/#breadcrumb","itemListElement":[{"@type":"ListItem","position":1,"name":"Anasayfa","item":"https:\/\/anadolupet.com.tr\/"},{"@type":"ListItem","position":2,"name":"\u00dcr\u00fcnler","item":"https:\/\/anadolupet.com.tr\/urunler\/"},{"@type":"ListItem","position":3,"name":"Tetra Pleco Spiriluna Wafers Bitkisel Dip Bal\u0131k Yemi &#8211; 15GR"}]},{"@type":"WebSite","@id":"https:\/\/anadolupet.com.tr\/#website","url":"https:\/\/anadolupet.com.tr\/","name":"Anadolu Pet Group","description":"We Stand Together for the Well-Being of Every Life","publisher":{"@id":"https:\/\/anadolupet.com.tr\/#organization"},"potentialAction":[{"@type":"SearchAction","target":{"@type":"EntryPoint","urlTemplate":"https:\/\/anadolupet.com.tr\/?s={search_term_string}"},"query-input":{"@type":"PropertyValueSpecification","valueRequired":true,"valueName":"search_term_string"}}],"inLanguage":"en-US"},{"@type":"Organization","@id":"https:\/\/anadolupet.com.tr\/#organization","name":"Anadolu Pet Group","alternateName":"Anadolu Pet","url":"https:\/\/anadolupet.com.tr\/","logo":{"@type":"ImageObject","inLanguage":"en-US","@id":"https:\/\/anadolupet.com.tr\/#\/schema\/logo\/image\/","url":"https:\/\/anadolupet.com.tr\/wp-content\/uploads\/2026\/03\/1614666743370.jpg","contentUrl":"https:\/\/anadolupet.com.tr\/wp-content\/uploads\/2026\/03\/1614666743370.jpg","width":800,"height":571,"caption":"Anadolu Pet Grup"},"image":{"@id":"https:\/\/anadolupet.com.tr\/#\/schema\/logo\/image\/"}}]}},"_links":{"self":[{"href":"https:\/\/anadolupet.com.tr\/en\/wp-json\/wp\/v2\/product\/46354","targetHints":{"allow":["GET"]}}],"collection":[{"href":"https:\/\/anadolupet.com.tr\/en\/wp-json\/wp\/v2\/product"}],"about":[{"href":"https:\/\/anadolupet.com.tr\/en\/wp-json\/wp\/v2\/types\/product"}],"replies":[{"embeddable":true,"href":"https:\/\/anadolupet.com.tr\/en\/wp-json\/wp\/v2\/comments?post=46354"}],"wp:featuredmedia":[{"embeddable":true,"href":"https:\/\/anadolupet.com.tr\/en\/wp-json\/wp\/v2\/media\/47100"}],"wp:attachment":[{"href":"https:\/\/anadolupet.com.tr\/en\/wp-json\/wp\/v2\/media?parent=46354"}],"wp:term":[{"taxonomy":"product_brand","embeddable":true,"href":"https:\/\/anadolupet.com.tr\/en\/wp-json\/wp\/v2\/product_brand?post=46354"},{"taxonomy":"product_cat","embeddable":true,"href":"https:\/\/anadolupet.com.tr\/en\/wp-json\/wp\/v2\/product_cat?post=46354"},{"taxonomy":"product_tag","embeddable":true,"href":"https:\/\/anadolupet.com.tr\/en\/wp-json\/wp\/v2\/product_tag?post=46354"}],"curies":[{"name":"wp","href":"https:\/\/api.w.org\/{rel}","templated":true}]}}